{"id":223803,"date":"2026-05-15T16:33:02","date_gmt":"2026-05-15T14:33:02","guid":{"rendered":"https:\/\/tupique.com\/product\/casque-fr-tec-samus-noir-rouge-gris\/"},"modified":"2026-05-15T16:33:02","modified_gmt":"2026-05-15T14:33:02","slug":"casque-fr-tec-samus-noir-rouge-gris","status":"publish","type":"product","link":"https:\/\/tupique.com\/en\/product\/casque-fr-tec-samus-noir-rouge-gris\/","title":{"rendered":"Casque FR-TEC Samus Noir Rouge Gris"},"content":{"rendered":"<p>Si vous \u00eates passionn\u00e9 d&#8217;<b>informatique et d&#8217;\u00e9lectronique<\/b>, si vous \u00eates \u00e0 la pointe de la technologie et qu&#8217;aucun d\u00e9tail ne vous \u00e9chappe, achetez <b>Casque FR-TEC Samus Noir Rouge Gris<\/b> au meilleur prix.<\/p>\n<ul>\n<li>Caract\u00e9ristiques: Sans fil<\/li>\n<li>Connexions:\n<ul>\n<li>Jack 3.5 mm<\/li>\n<li>Avec fil<\/li>\n<\/ul>\n<\/li>\n<li>Type:\n<ul>\n<li>\u00c9couteur<\/li>\n<li>Casque audio<\/li>\n<li>Avec fil<\/li>\n<li>C\u00e2ble<\/li>\n<li>Casque<\/li>\n<\/ul>\n<\/li>\n<li>Couleur:\n<ul>\n<li>Noir<\/li>\n<li>Rouge<\/li>\n<li>Gris<\/li>\n<\/ul>\n<\/li>\n<li>Recommended use:\n<ul>\n<li>Jeu<\/li>\n<li>Jeux<\/li>\n<\/ul>\n<\/li>\n<li>Langue: Anglais<\/li>\n<li>Recommended age:\n<ul>\n<li>+ 3 ans<\/li>\n<li>Adultes<\/li>\n<\/ul>\n<\/li>\n<li>Bloc d\u2019Alimentation: Avec fil<\/li>\n<li>Composition: Cuir<\/li>\n<li>Ann\u00e9e: 2021<\/li>\n<\/ul>","protected":false},"excerpt":{"rendered":"<p>Si vous \u00eates passionn\u00e9 d&#8217;informatique et d&#8217;\u00e9lectronique, si vous \u00eates \u00e0 la pointe de la technologie et qu&#8217;aucun d\u00e9tail ne vous \u00e9chappe, achetez Casque FR-TEC Samus Noir Rouge Gris au meilleur prix. Caract\u00e9ristiques: Sans fil Connexions: Jack 3.5 mm Avec fil Type: \u00c9couteur Casque audio Avec fil C\u00e2ble Casque Couleur: Noir Rouge Gris Utilisation recommand\u00e9e: [&hellip;]<\/p>\n","protected":false},"featured_media":223802,"comment_status":"open","ping_status":"closed","template":"","meta":[],"product_brand":[2676],"product_cat":[65,581,3272],"product_tag":[213,566,106],"woo-feed-brand":[],"class_list":{"0":"post-223803","1":"product","2":"type-product","3":"status-publish","4":"has-post-thumbnail","6":"product_brand-brandp_5925","7":"product_cat-informatique-electronique","8":"product_cat-informatique-peripheriques-et-consommables","9":"product_cat-micros-et-ecouteurs","10":"product_tag-tag_933","11":"product_tag-tag_547","12":"product_tag-tag_1295","14":"first","15":"instock","16":"taxable","17":"shipping-taxable","18":"purchasable","19":"product-type-simple"},"yoast_head":"<!-- This site is optimized with the Yoast SEO plugin v27.6 - https:\/\/yoast.com\/product\/yoast-seo-wordpress\/ -->\n<title>Casque FR-TEC Samus Noir Rouge Gris | | Tupique<\/title>\n<meta name=\"description\" content=\"Envie d&#039;acheter Casque FR-TEC Samus Noir Rouge Gris\u00a0? Achetez Casque FR-TEC Samus Noir Rouge Gris maintenant avec Tupique en 3 versements sans int\u00e9r\u00eat.\" \/>\n<meta name=\"robots\" content=\"index, follow, max-snippet:-1, max-image-preview:large, max-video-preview:-1\" \/>\n<link rel=\"canonical\" href=\"https:\/\/tupique.com\/en\/product\/casque-fr-tec-samus-noir-rouge-gris\/\" \/>\n<meta property=\"og:locale\" content=\"en_GB\" \/>\n<meta property=\"og:type\" content=\"article\" \/>\n<meta property=\"og:title\" content=\"Casque FR-TEC Samus Noir Rouge Gris | | Tupique\" \/>\n<meta property=\"og:description\" content=\"Envie d&#039;acheter Casque FR-TEC Samus Noir Rouge Gris\u00a0? Achetez Casque FR-TEC Samus Noir Rouge Gris maintenant avec Tupique en 3 versements sans int\u00e9r\u00eat.\" \/>\n<meta property=\"og:url\" content=\"https:\/\/tupique.com\/en\/product\/casque-fr-tec-samus-noir-rouge-gris\/\" \/>\n<meta property=\"og:site_name\" content=\"Tupique\" \/>\n<meta name=\"twitter:card\" content=\"summary_large_image\" \/>\n<script type=\"application\/ld+json\" class=\"yoast-schema-graph\">{\"@context\":\"https:\\\/\\\/schema.org\",\"@graph\":[{\"@type\":\"WebPage\",\"@id\":\"https:\\\/\\\/tupique.com\\\/product\\\/casque-fr-tec-samus-noir-rouge-gris\\\/\",\"url\":\"https:\\\/\\\/tupique.com\\\/product\\\/casque-fr-tec-samus-noir-rouge-gris\\\/\",\"name\":\"Casque FR-TEC Samus Noir Rouge Gris | | Tupique\",\"isPartOf\":{\"@id\":\"https:\\\/\\\/tupique.com\\\/#website\"},\"primaryImageOfPage\":{\"@id\":\"https:\\\/\\\/tupique.com\\\/product\\\/casque-fr-tec-samus-noir-rouge-gris\\\/#primaryimage\"},\"image\":{\"@id\":\"https:\\\/\\\/tupique.com\\\/product\\\/casque-fr-tec-samus-noir-rouge-gris\\\/#primaryimage\"},\"thumbnailUrl\":\"https:\\\/\\\/tupique.com\\\/wp-content\\\/uploads\\\/2026\\\/05\\\/654770313.jpg\",\"datePublished\":\"2026-05-15T14:33:02+00:00\",\"description\":\"Envie d'acheter Casque FR-TEC Samus Noir Rouge Gris\u00a0? Achetez Casque FR-TEC Samus Noir Rouge Gris maintenant avec Tupique en 3 versements sans int\u00e9r\u00eat.\",\"breadcrumb\":{\"@id\":\"https:\\\/\\\/tupique.com\\\/product\\\/casque-fr-tec-samus-noir-rouge-gris\\\/#breadcrumb\"},\"inLanguage\":\"en-GB\",\"potentialAction\":[{\"@type\":\"ReadAction\",\"target\":[\"https:\\\/\\\/tupique.com\\\/product\\\/casque-fr-tec-samus-noir-rouge-gris\\\/\"]}]},{\"@type\":\"ImageObject\",\"inLanguage\":\"en-GB\",\"@id\":\"https:\\\/\\\/tupique.com\\\/product\\\/casque-fr-tec-samus-noir-rouge-gris\\\/#primaryimage\",\"url\":\"https:\\\/\\\/tupique.com\\\/wp-content\\\/uploads\\\/2026\\\/05\\\/654770313.jpg\",\"contentUrl\":\"https:\\\/\\\/tupique.com\\\/wp-content\\\/uploads\\\/2026\\\/05\\\/654770313.jpg\",\"width\":1200,\"height\":1200,\"caption\":\"S55162101_0\"},{\"@type\":\"BreadcrumbList\",\"@id\":\"https:\\\/\\\/tupique.com\\\/product\\\/casque-fr-tec-samus-noir-rouge-gris\\\/#breadcrumb\",\"itemListElement\":[{\"@type\":\"ListItem\",\"position\":1,\"name\":\"commencer\",\"item\":\"https:\\\/\\\/tupique.com\\\/\"},{\"@type\":\"ListItem\",\"position\":2,\"name\":\"Loja\",\"item\":\"https:\\\/\\\/tupique.com\\\/pt\\\/loja\\\/\"},{\"@type\":\"ListItem\",\"position\":3,\"name\":\"Casque FR-TEC Samus Noir Rouge Gris\"}]},{\"@type\":\"WebSite\",\"@id\":\"https:\\\/\\\/tupique.com\\\/#website\",\"url\":\"https:\\\/\\\/tupique.com\\\/\",\"name\":\"Tupique\",\"description\":\"\",\"publisher\":{\"@id\":\"https:\\\/\\\/tupique.com\\\/#organization\"},\"potentialAction\":[{\"@type\":\"SearchAction\",\"target\":{\"@type\":\"EntryPoint\",\"urlTemplate\":\"https:\\\/\\\/tupique.com\\\/?s={search_term_string}\"},\"query-input\":{\"@type\":\"PropertyValueSpecification\",\"valueRequired\":true,\"valueName\":\"search_term_string\"}}],\"inLanguage\":\"en-GB\"},{\"@type\":\"Organization\",\"@id\":\"https:\\\/\\\/tupique.com\\\/#organization\",\"name\":\"Tupique\",\"url\":\"https:\\\/\\\/tupique.com\\\/\",\"logo\":{\"@type\":\"ImageObject\",\"inLanguage\":\"en-GB\",\"@id\":\"https:\\\/\\\/tupique.com\\\/#\\\/schema\\\/logo\\\/image\\\/\",\"url\":\"https:\\\/\\\/tupique.com\\\/wp-content\\\/uploads\\\/2026\\\/03\\\/logo-tupique-1.webp\",\"contentUrl\":\"https:\\\/\\\/tupique.com\\\/wp-content\\\/uploads\\\/2026\\\/03\\\/logo-tupique-1.webp\",\"width\":500,\"height\":67,\"caption\":\"Tupique\"},\"image\":{\"@id\":\"https:\\\/\\\/tupique.com\\\/#\\\/schema\\\/logo\\\/image\\\/\"}}]}<\/script>\n<!-- \/ Yoast SEO plugin. -->","yoast_head_json":{"title":"Casque FR-TEC Samus Noir Rouge Gris | | Tupique","description":"Envie d'acheter Casque FR-TEC Samus Noir Rouge Gris\u00a0? Achetez Casque FR-TEC Samus Noir Rouge Gris maintenant avec Tupique en 3 versements sans int\u00e9r\u00eat.","robots":{"index":"index","follow":"follow","max-snippet":"max-snippet:-1","max-image-preview":"max-image-preview:large","max-video-preview":"max-video-preview:-1"},"canonical":"https:\/\/tupique.com\/en\/product\/casque-fr-tec-samus-noir-rouge-gris\/","og_locale":"en_GB","og_type":"article","og_title":"Casque FR-TEC Samus Noir Rouge Gris | | Tupique","og_description":"Envie d'acheter Casque FR-TEC Samus Noir Rouge Gris\u00a0? Achetez Casque FR-TEC Samus Noir Rouge Gris maintenant avec Tupique en 3 versements sans int\u00e9r\u00eat.","og_url":"https:\/\/tupique.com\/en\/product\/casque-fr-tec-samus-noir-rouge-gris\/","og_site_name":"Tupique","twitter_card":"summary_large_image","schema":{"@context":"https:\/\/schema.org","@graph":[{"@type":"WebPage","@id":"https:\/\/tupique.com\/product\/casque-fr-tec-samus-noir-rouge-gris\/","url":"https:\/\/tupique.com\/product\/casque-fr-tec-samus-noir-rouge-gris\/","name":"Casque FR-TEC Samus Noir Rouge Gris | | Tupique","isPartOf":{"@id":"https:\/\/tupique.com\/#website"},"primaryImageOfPage":{"@id":"https:\/\/tupique.com\/product\/casque-fr-tec-samus-noir-rouge-gris\/#primaryimage"},"image":{"@id":"https:\/\/tupique.com\/product\/casque-fr-tec-samus-noir-rouge-gris\/#primaryimage"},"thumbnailUrl":"https:\/\/tupique.com\/wp-content\/uploads\/2026\/05\/654770313.jpg","datePublished":"2026-05-15T14:33:02+00:00","description":"Envie d'acheter Casque FR-TEC Samus Noir Rouge Gris\u00a0? Achetez Casque FR-TEC Samus Noir Rouge Gris maintenant avec Tupique en 3 versements sans int\u00e9r\u00eat.","breadcrumb":{"@id":"https:\/\/tupique.com\/product\/casque-fr-tec-samus-noir-rouge-gris\/#breadcrumb"},"inLanguage":"en-GB","potentialAction":[{"@type":"ReadAction","target":["https:\/\/tupique.com\/product\/casque-fr-tec-samus-noir-rouge-gris\/"]}]},{"@type":"ImageObject","inLanguage":"en-GB","@id":"https:\/\/tupique.com\/product\/casque-fr-tec-samus-noir-rouge-gris\/#primaryimage","url":"https:\/\/tupique.com\/wp-content\/uploads\/2026\/05\/654770313.jpg","contentUrl":"https:\/\/tupique.com\/wp-content\/uploads\/2026\/05\/654770313.jpg","width":1200,"height":1200,"caption":"S55162101_0"},{"@type":"BreadcrumbList","@id":"https:\/\/tupique.com\/product\/casque-fr-tec-samus-noir-rouge-gris\/#breadcrumb","itemListElement":[{"@type":"ListItem","position":1,"name":"commencer","item":"https:\/\/tupique.com\/"},{"@type":"ListItem","position":2,"name":"Loja","item":"https:\/\/tupique.com\/pt\/loja\/"},{"@type":"ListItem","position":3,"name":"Casque FR-TEC Samus Noir Rouge Gris"}]},{"@type":"WebSite","@id":"https:\/\/tupique.com\/#website","url":"https:\/\/tupique.com\/","name":"Tupique","description":"","publisher":{"@id":"https:\/\/tupique.com\/#organization"},"potentialAction":[{"@type":"SearchAction","target":{"@type":"EntryPoint","urlTemplate":"https:\/\/tupique.com\/?s={search_term_string}"},"query-input":{"@type":"PropertyValueSpecification","valueRequired":true,"valueName":"search_term_string"}}],"inLanguage":"en-GB"},{"@type":"Organization","@id":"https:\/\/tupique.com\/#organization","name":"Tupique","url":"https:\/\/tupique.com\/","logo":{"@type":"ImageObject","inLanguage":"en-GB","@id":"https:\/\/tupique.com\/#\/schema\/logo\/image\/","url":"https:\/\/tupique.com\/wp-content\/uploads\/2026\/03\/logo-tupique-1.webp","contentUrl":"https:\/\/tupique.com\/wp-content\/uploads\/2026\/03\/logo-tupique-1.webp","width":500,"height":67,"caption":"Tupique"},"image":{"@id":"https:\/\/tupique.com\/#\/schema\/logo\/image\/"}}]}},"_links":{"self":[{"href":"https:\/\/tupique.com\/en\/wp-json\/wp\/v2\/product\/223803","targetHints":{"allow":["GET"]}}],"collection":[{"href":"https:\/\/tupique.com\/en\/wp-json\/wp\/v2\/product"}],"about":[{"href":"https:\/\/tupique.com\/en\/wp-json\/wp\/v2\/types\/product"}],"replies":[{"embeddable":true,"href":"https:\/\/tupique.com\/en\/wp-json\/wp\/v2\/comments?post=223803"}],"wp:featuredmedia":[{"embeddable":true,"href":"https:\/\/tupique.com\/en\/wp-json\/wp\/v2\/media\/223802"}],"wp:attachment":[{"href":"https:\/\/tupique.com\/en\/wp-json\/wp\/v2\/media?parent=223803"}],"wp:term":[{"taxonomy":"product_brand","embeddable":true,"href":"https:\/\/tupique.com\/en\/wp-json\/wp\/v2\/product_brand?post=223803"},{"taxonomy":"product_cat","embeddable":true,"href":"https:\/\/tupique.com\/en\/wp-json\/wp\/v2\/product_cat?post=223803"},{"taxonomy":"product_tag","embeddable":true,"href":"https:\/\/tupique.com\/en\/wp-json\/wp\/v2\/product_tag?post=223803"},{"taxonomy":"woo-feed-brand","embeddable":true,"href":"https:\/\/tupique.com\/en\/wp-json\/wp\/v2\/woo-feed-brand?post=223803"}],"curies":[{"name":"wp","href":"https:\/\/api.w.org\/{rel}","templated":true}]}}