{"id":223819,"date":"2026-05-15T16:34:48","date_gmt":"2026-05-15T14:34:48","guid":{"rendered":"https:\/\/tupique.com\/product\/housse-pour-ordinateur-portable-xiaomi-mi-casual-daypack-noir\/"},"modified":"2026-05-15T16:34:48","modified_gmt":"2026-05-15T14:34:48","slug":"housse-pour-ordinateur-portable-xiaomi-mi-casual-daypack-noir","status":"publish","type":"product","link":"https:\/\/tupique.com\/en\/product\/housse-pour-ordinateur-portable-xiaomi-mi-casual-daypack-noir\/","title":{"rendered":"Housse pour ordinateur portable Xiaomi Mi Casual Daypack Noir"},"content":{"rendered":"<p>Si vous \u00eates passionn\u00e9 d&#8217;<b>informatique et d&#8217;\u00e9lectronique<\/b>, si vous \u00eates \u00e0 la pointe de la technologie et qu&#8217;aucun d\u00e9tail ne vous \u00e9chappe, achetez <b>Housse pour ordinateur portable Xiaomi Mi Casual Daypack Noir<\/b> au meilleur prix.<\/p>\n<ul>\n<li>Type:\n<ul>\n<li>Sac \u00e0 dos<\/li>\n<li>Housse pour ordinateur portable<\/li>\n<\/ul>\n<\/li>\n<li>Capacit\u00e9: 10 L<\/li>\n<li>Type de fermeture: Fermeture \u00e9clair<\/li>\n<li>Taille: 10&#8243;<\/li>\n<li>Couleur: Noir<\/li>\n<li>Genre: Unisexe<\/li>\n<li>Composition: Polyester<\/li>\n<li>Mati\u00e8re: Polyester<\/li>\n<li>Features:\n<ul>\n<li>Poign\u00e9e<\/li>\n<li>Compartiment pour tablette<\/li>\n<\/ul>\n<\/li>\n<li>Longueur: 13 cm<\/li>\n<li>Inclut: Anse de transport<\/li>\n<\/ul>","protected":false},"excerpt":{"rendered":"<p><span class=\"unit-info\">2.0990 &euro; \/ 1 l<\/span><\/p>","protected":false},"featured_media":223818,"comment_status":"open","ping_status":"closed","template":"","meta":[],"product_brand":[525],"product_cat":[65,958,3273],"product_tag":[213,106],"woo-feed-brand":[],"class_list":{"0":"post-223819","1":"product","2":"type-product","3":"status-publish","4":"has-post-thumbnail","6":"product_brand-brandp_1269","7":"product_cat-informatique-electronique","8":"product_cat-informatique-ordinateurs","9":"product_cat-mallettes-et-sacs","10":"product_tag-tag_933","11":"product_tag-tag_1295","13":"first","14":"instock","15":"taxable","16":"shipping-taxable","17":"purchasable","18":"product-type-simple"},"yoast_head":"<!-- This site is optimized with the Yoast SEO plugin v27.6 - https:\/\/yoast.com\/product\/yoast-seo-wordpress\/ -->\n<title>Housse pour ordinateur portable Xiaomi Mi Casual Daypack Noir | | Tupique<\/title>\n<meta name=\"description\" content=\"Envie d&#039;acheter Housse pour ordinateur portable Xiaomi Mi Casual Daypack Noir\u00a0? Achetez Housse pour ordinateur portable Xiaomi Mi Casual Daypack Noir maintenant avec Tupique en 3 versements sans int\u00e9r\u00eat.\" \/>\n<meta name=\"robots\" content=\"index, follow, max-snippet:-1, max-image-preview:large, max-video-preview:-1\" \/>\n<link rel=\"canonical\" href=\"https:\/\/tupique.com\/en\/product\/housse-pour-ordinateur-portable-xiaomi-mi-casual-daypack-noir\/\" \/>\n<meta property=\"og:locale\" content=\"en_GB\" \/>\n<meta property=\"og:type\" content=\"article\" \/>\n<meta property=\"og:title\" content=\"Housse pour ordinateur portable Xiaomi Mi Casual Daypack Noir | | Tupique\" \/>\n<meta property=\"og:description\" content=\"Envie d&#039;acheter Housse pour ordinateur portable Xiaomi Mi Casual Daypack Noir\u00a0? Achetez Housse pour ordinateur portable Xiaomi Mi Casual Daypack Noir maintenant avec Tupique en 3 versements sans int\u00e9r\u00eat.\" \/>\n<meta property=\"og:url\" content=\"https:\/\/tupique.com\/en\/product\/housse-pour-ordinateur-portable-xiaomi-mi-casual-daypack-noir\/\" \/>\n<meta property=\"og:site_name\" content=\"Tupique\" \/>\n<meta name=\"twitter:card\" content=\"summary_large_image\" \/>\n<script type=\"application\/ld+json\" class=\"yoast-schema-graph\">{\"@context\":\"https:\\\/\\\/schema.org\",\"@graph\":[{\"@type\":\"WebPage\",\"@id\":\"https:\\\/\\\/tupique.com\\\/product\\\/housse-pour-ordinateur-portable-xiaomi-mi-casual-daypack-noir\\\/\",\"url\":\"https:\\\/\\\/tupique.com\\\/product\\\/housse-pour-ordinateur-portable-xiaomi-mi-casual-daypack-noir\\\/\",\"name\":\"Housse pour ordinateur portable Xiaomi Mi Casual Daypack Noir | | Tupique\",\"isPartOf\":{\"@id\":\"https:\\\/\\\/tupique.com\\\/#website\"},\"primaryImageOfPage\":{\"@id\":\"https:\\\/\\\/tupique.com\\\/product\\\/housse-pour-ordinateur-portable-xiaomi-mi-casual-daypack-noir\\\/#primaryimage\"},\"image\":{\"@id\":\"https:\\\/\\\/tupique.com\\\/product\\\/housse-pour-ordinateur-portable-xiaomi-mi-casual-daypack-noir\\\/#primaryimage\"},\"thumbnailUrl\":\"https:\\\/\\\/tupique.com\\\/wp-content\\\/uploads\\\/2026\\\/05\\\/411653451.jpg\",\"datePublished\":\"2026-05-15T14:34:48+00:00\",\"description\":\"Envie d'acheter Housse pour ordinateur portable Xiaomi Mi Casual Daypack Noir\u00a0? Achetez Housse pour ordinateur portable Xiaomi Mi Casual Daypack Noir maintenant avec Tupique en 3 versements sans int\u00e9r\u00eat.\",\"breadcrumb\":{\"@id\":\"https:\\\/\\\/tupique.com\\\/product\\\/housse-pour-ordinateur-portable-xiaomi-mi-casual-daypack-noir\\\/#breadcrumb\"},\"inLanguage\":\"en-GB\",\"potentialAction\":[{\"@type\":\"ReadAction\",\"target\":[\"https:\\\/\\\/tupique.com\\\/product\\\/housse-pour-ordinateur-portable-xiaomi-mi-casual-daypack-noir\\\/\"]}]},{\"@type\":\"ImageObject\",\"inLanguage\":\"en-GB\",\"@id\":\"https:\\\/\\\/tupique.com\\\/product\\\/housse-pour-ordinateur-portable-xiaomi-mi-casual-daypack-noir\\\/#primaryimage\",\"url\":\"https:\\\/\\\/tupique.com\\\/wp-content\\\/uploads\\\/2026\\\/05\\\/411653451.jpg\",\"contentUrl\":\"https:\\\/\\\/tupique.com\\\/wp-content\\\/uploads\\\/2026\\\/05\\\/411653451.jpg\",\"width\":1200,\"height\":1200,\"caption\":\"S8101003_0\"},{\"@type\":\"BreadcrumbList\",\"@id\":\"https:\\\/\\\/tupique.com\\\/product\\\/housse-pour-ordinateur-portable-xiaomi-mi-casual-daypack-noir\\\/#breadcrumb\",\"itemListElement\":[{\"@type\":\"ListItem\",\"position\":1,\"name\":\"commencer\",\"item\":\"https:\\\/\\\/tupique.com\\\/\"},{\"@type\":\"ListItem\",\"position\":2,\"name\":\"Loja\",\"item\":\"https:\\\/\\\/tupique.com\\\/pt\\\/loja\\\/\"},{\"@type\":\"ListItem\",\"position\":3,\"name\":\"Housse pour ordinateur portable Xiaomi Mi Casual Daypack Noir\"}]},{\"@type\":\"WebSite\",\"@id\":\"https:\\\/\\\/tupique.com\\\/#website\",\"url\":\"https:\\\/\\\/tupique.com\\\/\",\"name\":\"Tupique\",\"description\":\"\",\"publisher\":{\"@id\":\"https:\\\/\\\/tupique.com\\\/#organization\"},\"potentialAction\":[{\"@type\":\"SearchAction\",\"target\":{\"@type\":\"EntryPoint\",\"urlTemplate\":\"https:\\\/\\\/tupique.com\\\/?s={search_term_string}\"},\"query-input\":{\"@type\":\"PropertyValueSpecification\",\"valueRequired\":true,\"valueName\":\"search_term_string\"}}],\"inLanguage\":\"en-GB\"},{\"@type\":\"Organization\",\"@id\":\"https:\\\/\\\/tupique.com\\\/#organization\",\"name\":\"Tupique\",\"url\":\"https:\\\/\\\/tupique.com\\\/\",\"logo\":{\"@type\":\"ImageObject\",\"inLanguage\":\"en-GB\",\"@id\":\"https:\\\/\\\/tupique.com\\\/#\\\/schema\\\/logo\\\/image\\\/\",\"url\":\"https:\\\/\\\/tupique.com\\\/wp-content\\\/uploads\\\/2026\\\/03\\\/logo-tupique-1.webp\",\"contentUrl\":\"https:\\\/\\\/tupique.com\\\/wp-content\\\/uploads\\\/2026\\\/03\\\/logo-tupique-1.webp\",\"width\":500,\"height\":67,\"caption\":\"Tupique\"},\"image\":{\"@id\":\"https:\\\/\\\/tupique.com\\\/#\\\/schema\\\/logo\\\/image\\\/\"}}]}<\/script>\n<!-- \/ Yoast SEO plugin. -->","yoast_head_json":{"title":"Housse pour ordinateur portable Xiaomi Mi Casual Daypack Noir | | Tupique","description":"Envie d'acheter Housse pour ordinateur portable Xiaomi Mi Casual Daypack Noir\u00a0? Achetez Housse pour ordinateur portable Xiaomi Mi Casual Daypack Noir maintenant avec Tupique en 3 versements sans int\u00e9r\u00eat.","robots":{"index":"index","follow":"follow","max-snippet":"max-snippet:-1","max-image-preview":"max-image-preview:large","max-video-preview":"max-video-preview:-1"},"canonical":"https:\/\/tupique.com\/en\/product\/housse-pour-ordinateur-portable-xiaomi-mi-casual-daypack-noir\/","og_locale":"en_GB","og_type":"article","og_title":"Housse pour ordinateur portable Xiaomi Mi Casual Daypack Noir | | Tupique","og_description":"Envie d'acheter Housse pour ordinateur portable Xiaomi Mi Casual Daypack Noir\u00a0? Achetez Housse pour ordinateur portable Xiaomi Mi Casual Daypack Noir maintenant avec Tupique en 3 versements sans int\u00e9r\u00eat.","og_url":"https:\/\/tupique.com\/en\/product\/housse-pour-ordinateur-portable-xiaomi-mi-casual-daypack-noir\/","og_site_name":"Tupique","twitter_card":"summary_large_image","schema":{"@context":"https:\/\/schema.org","@graph":[{"@type":"WebPage","@id":"https:\/\/tupique.com\/product\/housse-pour-ordinateur-portable-xiaomi-mi-casual-daypack-noir\/","url":"https:\/\/tupique.com\/product\/housse-pour-ordinateur-portable-xiaomi-mi-casual-daypack-noir\/","name":"Housse pour ordinateur portable Xiaomi Mi Casual Daypack Noir | | Tupique","isPartOf":{"@id":"https:\/\/tupique.com\/#website"},"primaryImageOfPage":{"@id":"https:\/\/tupique.com\/product\/housse-pour-ordinateur-portable-xiaomi-mi-casual-daypack-noir\/#primaryimage"},"image":{"@id":"https:\/\/tupique.com\/product\/housse-pour-ordinateur-portable-xiaomi-mi-casual-daypack-noir\/#primaryimage"},"thumbnailUrl":"https:\/\/tupique.com\/wp-content\/uploads\/2026\/05\/411653451.jpg","datePublished":"2026-05-15T14:34:48+00:00","description":"Envie d'acheter Housse pour ordinateur portable Xiaomi Mi Casual Daypack Noir\u00a0? Achetez Housse pour ordinateur portable Xiaomi Mi Casual Daypack Noir maintenant avec Tupique en 3 versements sans int\u00e9r\u00eat.","breadcrumb":{"@id":"https:\/\/tupique.com\/product\/housse-pour-ordinateur-portable-xiaomi-mi-casual-daypack-noir\/#breadcrumb"},"inLanguage":"en-GB","potentialAction":[{"@type":"ReadAction","target":["https:\/\/tupique.com\/product\/housse-pour-ordinateur-portable-xiaomi-mi-casual-daypack-noir\/"]}]},{"@type":"ImageObject","inLanguage":"en-GB","@id":"https:\/\/tupique.com\/product\/housse-pour-ordinateur-portable-xiaomi-mi-casual-daypack-noir\/#primaryimage","url":"https:\/\/tupique.com\/wp-content\/uploads\/2026\/05\/411653451.jpg","contentUrl":"https:\/\/tupique.com\/wp-content\/uploads\/2026\/05\/411653451.jpg","width":1200,"height":1200,"caption":"S8101003_0"},{"@type":"BreadcrumbList","@id":"https:\/\/tupique.com\/product\/housse-pour-ordinateur-portable-xiaomi-mi-casual-daypack-noir\/#breadcrumb","itemListElement":[{"@type":"ListItem","position":1,"name":"commencer","item":"https:\/\/tupique.com\/"},{"@type":"ListItem","position":2,"name":"Loja","item":"https:\/\/tupique.com\/pt\/loja\/"},{"@type":"ListItem","position":3,"name":"Housse pour ordinateur portable Xiaomi Mi Casual Daypack Noir"}]},{"@type":"WebSite","@id":"https:\/\/tupique.com\/#website","url":"https:\/\/tupique.com\/","name":"Tupique","description":"","publisher":{"@id":"https:\/\/tupique.com\/#organization"},"potentialAction":[{"@type":"SearchAction","target":{"@type":"EntryPoint","urlTemplate":"https:\/\/tupique.com\/?s={search_term_string}"},"query-input":{"@type":"PropertyValueSpecification","valueRequired":true,"valueName":"search_term_string"}}],"inLanguage":"en-GB"},{"@type":"Organization","@id":"https:\/\/tupique.com\/#organization","name":"Tupique","url":"https:\/\/tupique.com\/","logo":{"@type":"ImageObject","inLanguage":"en-GB","@id":"https:\/\/tupique.com\/#\/schema\/logo\/image\/","url":"https:\/\/tupique.com\/wp-content\/uploads\/2026\/03\/logo-tupique-1.webp","contentUrl":"https:\/\/tupique.com\/wp-content\/uploads\/2026\/03\/logo-tupique-1.webp","width":500,"height":67,"caption":"Tupique"},"image":{"@id":"https:\/\/tupique.com\/#\/schema\/logo\/image\/"}}]}},"_links":{"self":[{"href":"https:\/\/tupique.com\/en\/wp-json\/wp\/v2\/product\/223819","targetHints":{"allow":["GET"]}}],"collection":[{"href":"https:\/\/tupique.com\/en\/wp-json\/wp\/v2\/product"}],"about":[{"href":"https:\/\/tupique.com\/en\/wp-json\/wp\/v2\/types\/product"}],"replies":[{"embeddable":true,"href":"https:\/\/tupique.com\/en\/wp-json\/wp\/v2\/comments?post=223819"}],"wp:featuredmedia":[{"embeddable":true,"href":"https:\/\/tupique.com\/en\/wp-json\/wp\/v2\/media\/223818"}],"wp:attachment":[{"href":"https:\/\/tupique.com\/en\/wp-json\/wp\/v2\/media?parent=223819"}],"wp:term":[{"taxonomy":"product_brand","embeddable":true,"href":"https:\/\/tupique.com\/en\/wp-json\/wp\/v2\/product_brand?post=223819"},{"taxonomy":"product_cat","embeddable":true,"href":"https:\/\/tupique.com\/en\/wp-json\/wp\/v2\/product_cat?post=223819"},{"taxonomy":"product_tag","embeddable":true,"href":"https:\/\/tupique.com\/en\/wp-json\/wp\/v2\/product_tag?post=223819"},{"taxonomy":"woo-feed-brand","embeddable":true,"href":"https:\/\/tupique.com\/en\/wp-json\/wp\/v2\/woo-feed-brand?post=223819"}],"curies":[{"name":"wp","href":"https:\/\/api.w.org\/{rel}","templated":true}]}}