{"id":223910,"date":"2026-05-15T16:51:54","date_gmt":"2026-05-15T14:51:54","guid":{"rendered":"https:\/\/tupique.com\/product\/montre-intelligente-casio-g-squad-step-tracker-bluetooth-special-price-bleu-noir\/"},"modified":"2026-05-15T16:51:54","modified_gmt":"2026-05-15T14:51:54","slug":"montre-intelligente-casio-g-squad-step-tracker-bluetooth-special-price-bleu-noir","status":"publish","type":"product","link":"https:\/\/tupique.com\/en\/product\/montre-intelligente-casio-g-squad-step-tracker-bluetooth-special-price-bleu-noir\/","title":{"rendered":"Montre intelligente Casio G-SQUAD STEP TRACKER BLUETOOTH\u00ae  ***SPECIAL PRICE*** Bleu Noir"},"content":{"rendered":"<p>Si vous \u00eates passionn\u00e9 d&#8217;<b>informatique et d&#8217;\u00e9lectronique<\/b>, si vous \u00eates \u00e0 la pointe de la technologie et qu&#8217;aucun d\u00e9tail ne vous \u00e9chappe, achetez <b>Montre intelligente Casio G-SQUAD STEP TRACKER BLUETOOTH\u00ae  ***SPECIAL PRICE*** Bleu Noir<\/b> au meilleur prix.<\/p>\n<p>The <b>montre Casio GBD-200-2ER<\/b> est un accessoire pour homme alliant robustesse, fonctionnalit\u00e9 et style sportif. \u00c9quip\u00e9e d\u2019un <b>mouvement \u00e0 quartz<\/b>, elle garantit une pr\u00e9cision fiable et un entretien r\u00e9duit. Son <b>bo\u00eetier en r\u00e9sine bleue<\/b> de 46 mm de diam\u00e8tre, associ\u00e9 \u00e0 un <b>bracelet en r\u00e9sine bleue<\/b>, offre l\u00e9g\u00e8ret\u00e9 et durabilit\u00e9, id\u00e9al pour un usage quotidien actif. Le cadran <b>noir<\/b> cr\u00e9e un contraste \u00e9l\u00e9gant facilitant la lecture de l\u2019heure. De plus, un verre min\u00e9ral prot\u00e8ge efficacement le cadran contre rayures et chocs. Parmi ses atouts, elle dispose d\u2019une \u00e9tanch\u00e9it\u00e9 certifi\u00e9e <b>20 ATM<\/b>, adapt\u00e9e aux activit\u00e9s aquatiques professionnelles comme la plong\u00e9e sans \u00e9quipement respiratoire, offrant une grande libert\u00e9 en milieu humide ou sous forte pluie. Ce mod\u00e8le int\u00e8gre une technologie avanc\u00e9e avec le <b>Bluetooth int\u00e9gr\u00e9<\/b>, permettant la synchronisation avec un smartphone pour contr\u00f4ler et enregistrer des fonctions sp\u00e9cifiques, ainsi qu\u2019un <b>step tracker<\/b> pour suivre les pas et l\u2019activit\u00e9 physique quotidienne. Sa fermeture \u00e0 boucle assure un maintien s\u00fbr et confortable lors d\u2019activit\u00e9s sportives ou en usage casual. Son design robuste avec protection G-Shock garantit une r\u00e9sistance aux chocs et vibrations, faisant du GBD-200-2ER une montre fiable et technologique, adapt\u00e9e aux exigences du sport et au rythme urbain. En r\u00e9sum\u00e9, cette montre Casio combine performances techniques, durabilit\u00e9 et un design attractif pour l\u2019homme moderne.<\/p>\n<ul>\n<li>Couleur:\n<ul>\n<li>Bleu<\/li>\n<li>Noir<\/li>\n<\/ul>\n<\/li>\n<li>Produit \u00e0 brancher: Oui<\/li>\n<li>Type de prise: Prise EU<\/li>\n<li>Type de montre: Montre intelligente<\/li>\n<li>Bloc d\u2019Alimentation: r\u00e9seau \u00e9lectrique<\/li>\n<li>Type: Montre intelligente<\/li>\n<li>Type de mouvement: Quartz<\/li>\n<li>Verre: Min\u00e9ral<\/li>\n<li>Imperm\u00e9abilit\u00e9: 20 atm<\/li>\n<li>Inclut: Inclut un \u00e9tui ou une housse de la marque<\/li>\n<li>Mat\u00e9riau du bracelet: R\u00e9sine<\/li>\n<li>Genre: Homme<\/li>\n<li>Fonctions:\n<ul>\n<li>Multifonction<\/li>\n<li>M\u00e9t\u00e9o<\/li>\n<li>Jour et date<\/li>\n<\/ul>\n<\/li>\n<li>Mati\u00e8re:\n<ul>\n<li>R\u00e9sine<\/li>\n<li>Plastique<\/li>\n<\/ul>\n<\/li>\n<li>Diam\u00e8tre du bo\u00eetier de la montre:\n<ul>\n<li>\u00d8 46 mm<\/li>\n<li>\u00d8 40 mm<\/li>\n<\/ul>\n<\/li>\n<li>Materiau du bo\u00eetier: R\u00e9sine<\/li>\n<li>Couleur du bracelet: Bleu<\/li>\n<li>Forme: Rectangulaire<\/li>\n<li>Technologie: Num\u00e9rique<\/li>\n<li>Type de fermeture: Boucle<\/li>\n<li>Type de batterie: LR44<\/li>\n<li>\u00c2ge recommand\u00e9: Adultes<\/li>\n<\/ul>","protected":false},"excerpt":{"rendered":"<p>Si vous \u00eates passionn\u00e9 d&#8217;informatique et d&#8217;\u00e9lectronique, si vous \u00eates \u00e0 la pointe de la technologie et qu&#8217;aucun d\u00e9tail ne vous \u00e9chappe, achetez Montre intelligente Casio G-SQUAD STEP TRACKER BLUETOOTH\u00ae ***SPECIAL PRICE*** Bleu Noir au meilleur prix. La montre Casio GBD-200-2ER est un accessoire pour homme alliant robustesse, fonctionnalit\u00e9 et style sportif. \u00c9quip\u00e9e d\u2019un mouvement [&hellip;]<\/p>\n","protected":false},"featured_media":223909,"comment_status":"open","ping_status":"closed","template":"","meta":[],"product_brand":[806],"product_cat":[575,65,748],"product_tag":[103,566,106],"woo-feed-brand":[],"class_list":{"0":"post-223910","1":"product","2":"type-product","3":"status-publish","4":"has-post-thumbnail","6":"product_brand-brandp_816","7":"product_cat-electronique-telephonie-et-tablettes","8":"product_cat-informatique-electronique","9":"product_cat-smartwatches","10":"product_tag-tag_1261","11":"product_tag-tag_547","12":"product_tag-tag_1295","14":"first","15":"instock","16":"taxable","17":"shipping-taxable","18":"purchasable","19":"product-type-simple"},"yoast_head":"<!-- This site is optimized with the Yoast SEO plugin v27.6 - https:\/\/yoast.com\/product\/yoast-seo-wordpress\/ -->\n<title>Montre intelligente Casio G-SQUAD STEP TRACKER BLUETOOTH\u00ae ***SPECIAL PRICE*** Bleu Noir | | Tupique<\/title>\n<meta name=\"description\" content=\"Envie d&#039;acheter Montre intelligente Casio G-SQUAD STEP TRACKER BLUETOOTH\u00ae ***SPECIAL PRICE*** Bleu Noir\u00a0? Achetez Montre intelligente Casio G-SQUAD STEP TRACKER BLUETOOTH\u00ae ***SPECIAL PRICE*** Bleu Noir maintenant avec Tupique en 3 versements sans int\u00e9r\u00eat.\" \/>\n<meta name=\"robots\" content=\"index, follow, max-snippet:-1, max-image-preview:large, max-video-preview:-1\" \/>\n<link rel=\"canonical\" href=\"https:\/\/tupique.com\/en\/product\/montre-intelligente-casio-g-squad-step-tracker-bluetooth-special-price-bleu-noir\/\" \/>\n<meta property=\"og:locale\" content=\"en_GB\" \/>\n<meta property=\"og:type\" content=\"article\" \/>\n<meta property=\"og:title\" content=\"Montre intelligente Casio G-SQUAD STEP TRACKER BLUETOOTH\u00ae ***SPECIAL PRICE*** Bleu Noir | | Tupique\" \/>\n<meta property=\"og:description\" content=\"Envie d&#039;acheter Montre intelligente Casio G-SQUAD STEP TRACKER BLUETOOTH\u00ae ***SPECIAL PRICE*** Bleu Noir\u00a0? Achetez Montre intelligente Casio G-SQUAD STEP TRACKER BLUETOOTH\u00ae ***SPECIAL PRICE*** Bleu Noir maintenant avec Tupique en 3 versements sans int\u00e9r\u00eat.\" \/>\n<meta property=\"og:url\" content=\"https:\/\/tupique.com\/en\/product\/montre-intelligente-casio-g-squad-step-tracker-bluetooth-special-price-bleu-noir\/\" \/>\n<meta property=\"og:site_name\" content=\"Tupique\" \/>\n<meta name=\"twitter:card\" content=\"summary_large_image\" \/>\n<meta name=\"twitter:label1\" content=\"Est. reading time\" \/>\n\t<meta name=\"twitter:data1\" content=\"2 minutes\" \/>\n<script type=\"application\/ld+json\" class=\"yoast-schema-graph\">{\"@context\":\"https:\\\/\\\/schema.org\",\"@graph\":[{\"@type\":\"WebPage\",\"@id\":\"https:\\\/\\\/tupique.com\\\/product\\\/montre-intelligente-casio-g-squad-step-tracker-bluetooth-special-price-bleu-noir\\\/\",\"url\":\"https:\\\/\\\/tupique.com\\\/product\\\/montre-intelligente-casio-g-squad-step-tracker-bluetooth-special-price-bleu-noir\\\/\",\"name\":\"Montre intelligente Casio G-SQUAD STEP TRACKER BLUETOOTH\u00ae ***SPECIAL PRICE*** Bleu Noir | | Tupique\",\"isPartOf\":{\"@id\":\"https:\\\/\\\/tupique.com\\\/#website\"},\"primaryImageOfPage\":{\"@id\":\"https:\\\/\\\/tupique.com\\\/product\\\/montre-intelligente-casio-g-squad-step-tracker-bluetooth-special-price-bleu-noir\\\/#primaryimage\"},\"image\":{\"@id\":\"https:\\\/\\\/tupique.com\\\/product\\\/montre-intelligente-casio-g-squad-step-tracker-bluetooth-special-price-bleu-noir\\\/#primaryimage\"},\"thumbnailUrl\":\"https:\\\/\\\/tupique.com\\\/wp-content\\\/uploads\\\/2026\\\/05\\\/4549526306327_S7227286_P01.jpg\",\"datePublished\":\"2026-05-15T14:51:54+00:00\",\"description\":\"Envie d'acheter Montre intelligente Casio G-SQUAD STEP TRACKER BLUETOOTH\u00ae ***SPECIAL PRICE*** Bleu Noir\u00a0? Achetez Montre intelligente Casio G-SQUAD STEP TRACKER BLUETOOTH\u00ae ***SPECIAL PRICE*** Bleu Noir maintenant avec Tupique en 3 versements sans int\u00e9r\u00eat.\",\"breadcrumb\":{\"@id\":\"https:\\\/\\\/tupique.com\\\/product\\\/montre-intelligente-casio-g-squad-step-tracker-bluetooth-special-price-bleu-noir\\\/#breadcrumb\"},\"inLanguage\":\"en-GB\",\"potentialAction\":[{\"@type\":\"ReadAction\",\"target\":[\"https:\\\/\\\/tupique.com\\\/product\\\/montre-intelligente-casio-g-squad-step-tracker-bluetooth-special-price-bleu-noir\\\/\"]}]},{\"@type\":\"ImageObject\",\"inLanguage\":\"en-GB\",\"@id\":\"https:\\\/\\\/tupique.com\\\/product\\\/montre-intelligente-casio-g-squad-step-tracker-bluetooth-special-price-bleu-noir\\\/#primaryimage\",\"url\":\"https:\\\/\\\/tupique.com\\\/wp-content\\\/uploads\\\/2026\\\/05\\\/4549526306327_S7227286_P01.jpg\",\"contentUrl\":\"https:\\\/\\\/tupique.com\\\/wp-content\\\/uploads\\\/2026\\\/05\\\/4549526306327_S7227286_P01.jpg\",\"width\":1200,\"height\":1200,\"caption\":\"S7227286_0\"},{\"@type\":\"BreadcrumbList\",\"@id\":\"https:\\\/\\\/tupique.com\\\/product\\\/montre-intelligente-casio-g-squad-step-tracker-bluetooth-special-price-bleu-noir\\\/#breadcrumb\",\"itemListElement\":[{\"@type\":\"ListItem\",\"position\":1,\"name\":\"commencer\",\"item\":\"https:\\\/\\\/tupique.com\\\/\"},{\"@type\":\"ListItem\",\"position\":2,\"name\":\"Loja\",\"item\":\"https:\\\/\\\/tupique.com\\\/pt\\\/loja\\\/\"},{\"@type\":\"ListItem\",\"position\":3,\"name\":\"Montre intelligente Casio G-SQUAD STEP TRACKER BLUETOOTH\u00ae ***SPECIAL PRICE*** Bleu Noir\"}]},{\"@type\":\"WebSite\",\"@id\":\"https:\\\/\\\/tupique.com\\\/#website\",\"url\":\"https:\\\/\\\/tupique.com\\\/\",\"name\":\"Tupique\",\"description\":\"\",\"publisher\":{\"@id\":\"https:\\\/\\\/tupique.com\\\/#organization\"},\"potentialAction\":[{\"@type\":\"SearchAction\",\"target\":{\"@type\":\"EntryPoint\",\"urlTemplate\":\"https:\\\/\\\/tupique.com\\\/?s={search_term_string}\"},\"query-input\":{\"@type\":\"PropertyValueSpecification\",\"valueRequired\":true,\"valueName\":\"search_term_string\"}}],\"inLanguage\":\"en-GB\"},{\"@type\":\"Organization\",\"@id\":\"https:\\\/\\\/tupique.com\\\/#organization\",\"name\":\"Tupique\",\"url\":\"https:\\\/\\\/tupique.com\\\/\",\"logo\":{\"@type\":\"ImageObject\",\"inLanguage\":\"en-GB\",\"@id\":\"https:\\\/\\\/tupique.com\\\/#\\\/schema\\\/logo\\\/image\\\/\",\"url\":\"https:\\\/\\\/tupique.com\\\/wp-content\\\/uploads\\\/2026\\\/03\\\/logo-tupique-1.webp\",\"contentUrl\":\"https:\\\/\\\/tupique.com\\\/wp-content\\\/uploads\\\/2026\\\/03\\\/logo-tupique-1.webp\",\"width\":500,\"height\":67,\"caption\":\"Tupique\"},\"image\":{\"@id\":\"https:\\\/\\\/tupique.com\\\/#\\\/schema\\\/logo\\\/image\\\/\"}}]}<\/script>\n<!-- \/ Yoast SEO plugin. -->","yoast_head_json":{"title":"Montre intelligente Casio G-SQUAD STEP TRACKER BLUETOOTH\u00ae ***SPECIAL PRICE*** Bleu Noir | | Tupique","description":"Envie d'acheter Montre intelligente Casio G-SQUAD STEP TRACKER BLUETOOTH\u00ae ***SPECIAL PRICE*** Bleu Noir\u00a0? Achetez Montre intelligente Casio G-SQUAD STEP TRACKER BLUETOOTH\u00ae ***SPECIAL PRICE*** Bleu Noir maintenant avec Tupique en 3 versements sans int\u00e9r\u00eat.","robots":{"index":"index","follow":"follow","max-snippet":"max-snippet:-1","max-image-preview":"max-image-preview:large","max-video-preview":"max-video-preview:-1"},"canonical":"https:\/\/tupique.com\/en\/product\/montre-intelligente-casio-g-squad-step-tracker-bluetooth-special-price-bleu-noir\/","og_locale":"en_GB","og_type":"article","og_title":"Montre intelligente Casio G-SQUAD STEP TRACKER BLUETOOTH\u00ae ***SPECIAL PRICE*** Bleu Noir | | Tupique","og_description":"Envie d'acheter Montre intelligente Casio G-SQUAD STEP TRACKER BLUETOOTH\u00ae ***SPECIAL PRICE*** Bleu Noir\u00a0? Achetez Montre intelligente Casio G-SQUAD STEP TRACKER BLUETOOTH\u00ae ***SPECIAL PRICE*** Bleu Noir maintenant avec Tupique en 3 versements sans int\u00e9r\u00eat.","og_url":"https:\/\/tupique.com\/en\/product\/montre-intelligente-casio-g-squad-step-tracker-bluetooth-special-price-bleu-noir\/","og_site_name":"Tupique","twitter_card":"summary_large_image","twitter_misc":{"Est. reading time":"2 minutes"},"schema":{"@context":"https:\/\/schema.org","@graph":[{"@type":"WebPage","@id":"https:\/\/tupique.com\/product\/montre-intelligente-casio-g-squad-step-tracker-bluetooth-special-price-bleu-noir\/","url":"https:\/\/tupique.com\/product\/montre-intelligente-casio-g-squad-step-tracker-bluetooth-special-price-bleu-noir\/","name":"Montre intelligente Casio G-SQUAD STEP TRACKER BLUETOOTH\u00ae ***SPECIAL PRICE*** Bleu Noir | | Tupique","isPartOf":{"@id":"https:\/\/tupique.com\/#website"},"primaryImageOfPage":{"@id":"https:\/\/tupique.com\/product\/montre-intelligente-casio-g-squad-step-tracker-bluetooth-special-price-bleu-noir\/#primaryimage"},"image":{"@id":"https:\/\/tupique.com\/product\/montre-intelligente-casio-g-squad-step-tracker-bluetooth-special-price-bleu-noir\/#primaryimage"},"thumbnailUrl":"https:\/\/tupique.com\/wp-content\/uploads\/2026\/05\/4549526306327_S7227286_P01.jpg","datePublished":"2026-05-15T14:51:54+00:00","description":"Envie d'acheter Montre intelligente Casio G-SQUAD STEP TRACKER BLUETOOTH\u00ae ***SPECIAL PRICE*** Bleu Noir\u00a0? Achetez Montre intelligente Casio G-SQUAD STEP TRACKER BLUETOOTH\u00ae ***SPECIAL PRICE*** Bleu Noir maintenant avec Tupique en 3 versements sans int\u00e9r\u00eat.","breadcrumb":{"@id":"https:\/\/tupique.com\/product\/montre-intelligente-casio-g-squad-step-tracker-bluetooth-special-price-bleu-noir\/#breadcrumb"},"inLanguage":"en-GB","potentialAction":[{"@type":"ReadAction","target":["https:\/\/tupique.com\/product\/montre-intelligente-casio-g-squad-step-tracker-bluetooth-special-price-bleu-noir\/"]}]},{"@type":"ImageObject","inLanguage":"en-GB","@id":"https:\/\/tupique.com\/product\/montre-intelligente-casio-g-squad-step-tracker-bluetooth-special-price-bleu-noir\/#primaryimage","url":"https:\/\/tupique.com\/wp-content\/uploads\/2026\/05\/4549526306327_S7227286_P01.jpg","contentUrl":"https:\/\/tupique.com\/wp-content\/uploads\/2026\/05\/4549526306327_S7227286_P01.jpg","width":1200,"height":1200,"caption":"S7227286_0"},{"@type":"BreadcrumbList","@id":"https:\/\/tupique.com\/product\/montre-intelligente-casio-g-squad-step-tracker-bluetooth-special-price-bleu-noir\/#breadcrumb","itemListElement":[{"@type":"ListItem","position":1,"name":"commencer","item":"https:\/\/tupique.com\/"},{"@type":"ListItem","position":2,"name":"Loja","item":"https:\/\/tupique.com\/pt\/loja\/"},{"@type":"ListItem","position":3,"name":"Montre intelligente Casio G-SQUAD STEP TRACKER BLUETOOTH\u00ae ***SPECIAL PRICE*** Bleu Noir"}]},{"@type":"WebSite","@id":"https:\/\/tupique.com\/#website","url":"https:\/\/tupique.com\/","name":"Tupique","description":"","publisher":{"@id":"https:\/\/tupique.com\/#organization"},"potentialAction":[{"@type":"SearchAction","target":{"@type":"EntryPoint","urlTemplate":"https:\/\/tupique.com\/?s={search_term_string}"},"query-input":{"@type":"PropertyValueSpecification","valueRequired":true,"valueName":"search_term_string"}}],"inLanguage":"en-GB"},{"@type":"Organization","@id":"https:\/\/tupique.com\/#organization","name":"Tupique","url":"https:\/\/tupique.com\/","logo":{"@type":"ImageObject","inLanguage":"en-GB","@id":"https:\/\/tupique.com\/#\/schema\/logo\/image\/","url":"https:\/\/tupique.com\/wp-content\/uploads\/2026\/03\/logo-tupique-1.webp","contentUrl":"https:\/\/tupique.com\/wp-content\/uploads\/2026\/03\/logo-tupique-1.webp","width":500,"height":67,"caption":"Tupique"},"image":{"@id":"https:\/\/tupique.com\/#\/schema\/logo\/image\/"}}]}},"_links":{"self":[{"href":"https:\/\/tupique.com\/en\/wp-json\/wp\/v2\/product\/223910","targetHints":{"allow":["GET"]}}],"collection":[{"href":"https:\/\/tupique.com\/en\/wp-json\/wp\/v2\/product"}],"about":[{"href":"https:\/\/tupique.com\/en\/wp-json\/wp\/v2\/types\/product"}],"replies":[{"embeddable":true,"href":"https:\/\/tupique.com\/en\/wp-json\/wp\/v2\/comments?post=223910"}],"wp:featuredmedia":[{"embeddable":true,"href":"https:\/\/tupique.com\/en\/wp-json\/wp\/v2\/media\/223909"}],"wp:attachment":[{"href":"https:\/\/tupique.com\/en\/wp-json\/wp\/v2\/media?parent=223910"}],"wp:term":[{"taxonomy":"product_brand","embeddable":true,"href":"https:\/\/tupique.com\/en\/wp-json\/wp\/v2\/product_brand?post=223910"},{"taxonomy":"product_cat","embeddable":true,"href":"https:\/\/tupique.com\/en\/wp-json\/wp\/v2\/product_cat?post=223910"},{"taxonomy":"product_tag","embeddable":true,"href":"https:\/\/tupique.com\/en\/wp-json\/wp\/v2\/product_tag?post=223910"},{"taxonomy":"woo-feed-brand","embeddable":true,"href":"https:\/\/tupique.com\/en\/wp-json\/wp\/v2\/woo-feed-brand?post=223910"}],"curies":[{"name":"wp","href":"https:\/\/api.w.org\/{rel}","templated":true}]}}