{"id":223931,"date":"2026-05-15T16:54:04","date_gmt":"2026-05-15T14:54:04","guid":{"rendered":"https:\/\/tupique.com\/product\/toner-recycle-inkoem-m-tn247m-magenta\/"},"modified":"2026-05-15T16:54:04","modified_gmt":"2026-05-15T14:54:04","slug":"toner-recycle-inkoem-m-tn247m-magenta","status":"publish","type":"product","link":"https:\/\/tupique.com\/en\/product\/toner-recycle-inkoem-m-tn247m-magenta\/","title":{"rendered":"Toner recycl\u00e9 Inkoem M-TN247M Magenta"},"content":{"rendered":"<p>Retournez au bureau sans rien oublier ! Achetez <b>Toner recycl\u00e9 Inkoem M-TN247M Magenta<\/b> et faites envie \u00e0 vos coll\u00e8gues!<\/p>\n<ul>\n<li>Performance: 2300 pp.<\/li>\n<li>Compatible:\n<ul>\n<li>Brother DCP-L3510CDW<\/li>\n<li>Brother DCP-L3550CDW<\/li>\n<li>Brother HL-L3210CW<\/li>\n<li>Brother HL-L3230CDW<\/li>\n<li>Brother HL-L3270CDW<\/li>\n<li>Brother MFC-L3710CW<\/li>\n<li>Brother MFC-L3730CDN<\/li>\n<li>Brother MFC-L3750CDW<\/li>\n<li>Brother MFC-L3770CDW<\/li>\n<li>Brother<\/li>\n<\/ul>\n<\/li>\n<li>Type:\n<ul>\n<li>Compatible<\/li>\n<li>Toner<\/li>\n<\/ul>\n<\/li>\n<li>Couleur: Magenta<\/li>\n<\/ul>","protected":false},"excerpt":{"rendered":"<p>Retournez au bureau sans rien oublier ! Achetez Toner recycl\u00e9 Inkoem M-TN247M Magenta et faites envie \u00e0 vos coll\u00e8gues! Performance: 2300 pp. Compatible: Brother DCP-L3510CDW Brother DCP-L3550CDW Brother HL-L3210CW Brother HL-L3230CDW Brother HL-L3270CDW Brother MFC-L3710CW Brother MFC-L3730CDN Brother MFC-L3750CDW Brother MFC-L3770CDW Brother Type: Compatible Toner Couleur: Magenta<\/p>","protected":false},"featured_media":223930,"comment_status":"open","ping_status":"closed","template":"","meta":[],"product_brand":[3278],"product_cat":[3270,65,581],"product_tag":[213,106],"woo-feed-brand":[],"class_list":{"0":"post-223931","1":"product","2":"type-product","3":"status-publish","4":"has-post-thumbnail","6":"product_brand-brandp_2288","7":"product_cat-cartouches-d-encre-recyclees","8":"product_cat-informatique-electronique","9":"product_cat-informatique-peripheriques-et-consommables","10":"product_tag-tag_933","11":"product_tag-tag_1295","13":"first","14":"instock","15":"taxable","16":"shipping-taxable","17":"purchasable","18":"product-type-simple"},"yoast_head":"<!-- This site is optimized with the Yoast SEO plugin v27.6 - https:\/\/yoast.com\/product\/yoast-seo-wordpress\/ -->\n<title>Toner recycl\u00e9 Inkoem M-TN247M Magenta | | Tupique<\/title>\n<meta name=\"description\" content=\"Envie d&#039;acheter Toner recycl\u00e9 Inkoem M-TN247M Magenta\u00a0? Achetez Toner recycl\u00e9 Inkoem M-TN247M Magenta maintenant avec Tupique en 3 versements sans int\u00e9r\u00eat.\" \/>\n<meta name=\"robots\" content=\"index, follow, max-snippet:-1, max-image-preview:large, max-video-preview:-1\" \/>\n<link rel=\"canonical\" href=\"https:\/\/tupique.com\/en\/product\/toner-recycle-inkoem-m-tn247m-magenta\/\" \/>\n<meta property=\"og:locale\" content=\"en_GB\" \/>\n<meta property=\"og:type\" content=\"article\" \/>\n<meta property=\"og:title\" content=\"Toner recycl\u00e9 Inkoem M-TN247M Magenta | | Tupique\" \/>\n<meta property=\"og:description\" content=\"Envie d&#039;acheter Toner recycl\u00e9 Inkoem M-TN247M Magenta\u00a0? Achetez Toner recycl\u00e9 Inkoem M-TN247M Magenta maintenant avec Tupique en 3 versements sans int\u00e9r\u00eat.\" \/>\n<meta property=\"og:url\" content=\"https:\/\/tupique.com\/en\/product\/toner-recycle-inkoem-m-tn247m-magenta\/\" \/>\n<meta property=\"og:site_name\" content=\"Tupique\" \/>\n<meta name=\"twitter:card\" content=\"summary_large_image\" \/>\n<script type=\"application\/ld+json\" class=\"yoast-schema-graph\">{\"@context\":\"https:\\\/\\\/schema.org\",\"@graph\":[{\"@type\":\"WebPage\",\"@id\":\"https:\\\/\\\/tupique.com\\\/product\\\/toner-recycle-inkoem-m-tn247m-magenta\\\/\",\"url\":\"https:\\\/\\\/tupique.com\\\/product\\\/toner-recycle-inkoem-m-tn247m-magenta\\\/\",\"name\":\"Toner recycl\u00e9 Inkoem M-TN247M Magenta | | Tupique\",\"isPartOf\":{\"@id\":\"https:\\\/\\\/tupique.com\\\/#website\"},\"primaryImageOfPage\":{\"@id\":\"https:\\\/\\\/tupique.com\\\/product\\\/toner-recycle-inkoem-m-tn247m-magenta\\\/#primaryimage\"},\"image\":{\"@id\":\"https:\\\/\\\/tupique.com\\\/product\\\/toner-recycle-inkoem-m-tn247m-magenta\\\/#primaryimage\"},\"thumbnailUrl\":\"https:\\\/\\\/tupique.com\\\/wp-content\\\/uploads\\\/2026\\\/05\\\/6986500079828_R01.jpg\",\"datePublished\":\"2026-05-15T14:54:04+00:00\",\"description\":\"Envie d'acheter Toner recycl\u00e9 Inkoem M-TN247M Magenta\u00a0? Achetez Toner recycl\u00e9 Inkoem M-TN247M Magenta maintenant avec Tupique en 3 versements sans int\u00e9r\u00eat.\",\"breadcrumb\":{\"@id\":\"https:\\\/\\\/tupique.com\\\/product\\\/toner-recycle-inkoem-m-tn247m-magenta\\\/#breadcrumb\"},\"inLanguage\":\"en-GB\",\"potentialAction\":[{\"@type\":\"ReadAction\",\"target\":[\"https:\\\/\\\/tupique.com\\\/product\\\/toner-recycle-inkoem-m-tn247m-magenta\\\/\"]}]},{\"@type\":\"ImageObject\",\"inLanguage\":\"en-GB\",\"@id\":\"https:\\\/\\\/tupique.com\\\/product\\\/toner-recycle-inkoem-m-tn247m-magenta\\\/#primaryimage\",\"url\":\"https:\\\/\\\/tupique.com\\\/wp-content\\\/uploads\\\/2026\\\/05\\\/6986500079828_R01.jpg\",\"contentUrl\":\"https:\\\/\\\/tupique.com\\\/wp-content\\\/uploads\\\/2026\\\/05\\\/6986500079828_R01.jpg\",\"width\":1200,\"height\":1200,\"caption\":\"S7818573_0\"},{\"@type\":\"BreadcrumbList\",\"@id\":\"https:\\\/\\\/tupique.com\\\/product\\\/toner-recycle-inkoem-m-tn247m-magenta\\\/#breadcrumb\",\"itemListElement\":[{\"@type\":\"ListItem\",\"position\":1,\"name\":\"commencer\",\"item\":\"https:\\\/\\\/tupique.com\\\/\"},{\"@type\":\"ListItem\",\"position\":2,\"name\":\"Loja\",\"item\":\"https:\\\/\\\/tupique.com\\\/pt\\\/loja\\\/\"},{\"@type\":\"ListItem\",\"position\":3,\"name\":\"Toner recycl\u00e9 Inkoem M-TN247M Magenta\"}]},{\"@type\":\"WebSite\",\"@id\":\"https:\\\/\\\/tupique.com\\\/#website\",\"url\":\"https:\\\/\\\/tupique.com\\\/\",\"name\":\"Tupique\",\"description\":\"\",\"publisher\":{\"@id\":\"https:\\\/\\\/tupique.com\\\/#organization\"},\"potentialAction\":[{\"@type\":\"SearchAction\",\"target\":{\"@type\":\"EntryPoint\",\"urlTemplate\":\"https:\\\/\\\/tupique.com\\\/?s={search_term_string}\"},\"query-input\":{\"@type\":\"PropertyValueSpecification\",\"valueRequired\":true,\"valueName\":\"search_term_string\"}}],\"inLanguage\":\"en-GB\"},{\"@type\":\"Organization\",\"@id\":\"https:\\\/\\\/tupique.com\\\/#organization\",\"name\":\"Tupique\",\"url\":\"https:\\\/\\\/tupique.com\\\/\",\"logo\":{\"@type\":\"ImageObject\",\"inLanguage\":\"en-GB\",\"@id\":\"https:\\\/\\\/tupique.com\\\/#\\\/schema\\\/logo\\\/image\\\/\",\"url\":\"https:\\\/\\\/tupique.com\\\/wp-content\\\/uploads\\\/2026\\\/03\\\/logo-tupique-1.webp\",\"contentUrl\":\"https:\\\/\\\/tupique.com\\\/wp-content\\\/uploads\\\/2026\\\/03\\\/logo-tupique-1.webp\",\"width\":500,\"height\":67,\"caption\":\"Tupique\"},\"image\":{\"@id\":\"https:\\\/\\\/tupique.com\\\/#\\\/schema\\\/logo\\\/image\\\/\"}}]}<\/script>\n<!-- \/ Yoast SEO plugin. -->","yoast_head_json":{"title":"Toner recycl\u00e9 Inkoem M-TN247M Magenta | | Tupique","description":"Envie d'acheter Toner recycl\u00e9 Inkoem M-TN247M Magenta\u00a0? Achetez Toner recycl\u00e9 Inkoem M-TN247M Magenta maintenant avec Tupique en 3 versements sans int\u00e9r\u00eat.","robots":{"index":"index","follow":"follow","max-snippet":"max-snippet:-1","max-image-preview":"max-image-preview:large","max-video-preview":"max-video-preview:-1"},"canonical":"https:\/\/tupique.com\/en\/product\/toner-recycle-inkoem-m-tn247m-magenta\/","og_locale":"en_GB","og_type":"article","og_title":"Toner recycl\u00e9 Inkoem M-TN247M Magenta | | Tupique","og_description":"Envie d'acheter Toner recycl\u00e9 Inkoem M-TN247M Magenta\u00a0? Achetez Toner recycl\u00e9 Inkoem M-TN247M Magenta maintenant avec Tupique en 3 versements sans int\u00e9r\u00eat.","og_url":"https:\/\/tupique.com\/en\/product\/toner-recycle-inkoem-m-tn247m-magenta\/","og_site_name":"Tupique","twitter_card":"summary_large_image","schema":{"@context":"https:\/\/schema.org","@graph":[{"@type":"WebPage","@id":"https:\/\/tupique.com\/product\/toner-recycle-inkoem-m-tn247m-magenta\/","url":"https:\/\/tupique.com\/product\/toner-recycle-inkoem-m-tn247m-magenta\/","name":"Toner recycl\u00e9 Inkoem M-TN247M Magenta | | Tupique","isPartOf":{"@id":"https:\/\/tupique.com\/#website"},"primaryImageOfPage":{"@id":"https:\/\/tupique.com\/product\/toner-recycle-inkoem-m-tn247m-magenta\/#primaryimage"},"image":{"@id":"https:\/\/tupique.com\/product\/toner-recycle-inkoem-m-tn247m-magenta\/#primaryimage"},"thumbnailUrl":"https:\/\/tupique.com\/wp-content\/uploads\/2026\/05\/6986500079828_R01.jpg","datePublished":"2026-05-15T14:54:04+00:00","description":"Envie d'acheter Toner recycl\u00e9 Inkoem M-TN247M Magenta\u00a0? Achetez Toner recycl\u00e9 Inkoem M-TN247M Magenta maintenant avec Tupique en 3 versements sans int\u00e9r\u00eat.","breadcrumb":{"@id":"https:\/\/tupique.com\/product\/toner-recycle-inkoem-m-tn247m-magenta\/#breadcrumb"},"inLanguage":"en-GB","potentialAction":[{"@type":"ReadAction","target":["https:\/\/tupique.com\/product\/toner-recycle-inkoem-m-tn247m-magenta\/"]}]},{"@type":"ImageObject","inLanguage":"en-GB","@id":"https:\/\/tupique.com\/product\/toner-recycle-inkoem-m-tn247m-magenta\/#primaryimage","url":"https:\/\/tupique.com\/wp-content\/uploads\/2026\/05\/6986500079828_R01.jpg","contentUrl":"https:\/\/tupique.com\/wp-content\/uploads\/2026\/05\/6986500079828_R01.jpg","width":1200,"height":1200,"caption":"S7818573_0"},{"@type":"BreadcrumbList","@id":"https:\/\/tupique.com\/product\/toner-recycle-inkoem-m-tn247m-magenta\/#breadcrumb","itemListElement":[{"@type":"ListItem","position":1,"name":"commencer","item":"https:\/\/tupique.com\/"},{"@type":"ListItem","position":2,"name":"Loja","item":"https:\/\/tupique.com\/pt\/loja\/"},{"@type":"ListItem","position":3,"name":"Toner recycl\u00e9 Inkoem M-TN247M Magenta"}]},{"@type":"WebSite","@id":"https:\/\/tupique.com\/#website","url":"https:\/\/tupique.com\/","name":"Tupique","description":"","publisher":{"@id":"https:\/\/tupique.com\/#organization"},"potentialAction":[{"@type":"SearchAction","target":{"@type":"EntryPoint","urlTemplate":"https:\/\/tupique.com\/?s={search_term_string}"},"query-input":{"@type":"PropertyValueSpecification","valueRequired":true,"valueName":"search_term_string"}}],"inLanguage":"en-GB"},{"@type":"Organization","@id":"https:\/\/tupique.com\/#organization","name":"Tupique","url":"https:\/\/tupique.com\/","logo":{"@type":"ImageObject","inLanguage":"en-GB","@id":"https:\/\/tupique.com\/#\/schema\/logo\/image\/","url":"https:\/\/tupique.com\/wp-content\/uploads\/2026\/03\/logo-tupique-1.webp","contentUrl":"https:\/\/tupique.com\/wp-content\/uploads\/2026\/03\/logo-tupique-1.webp","width":500,"height":67,"caption":"Tupique"},"image":{"@id":"https:\/\/tupique.com\/#\/schema\/logo\/image\/"}}]}},"_links":{"self":[{"href":"https:\/\/tupique.com\/en\/wp-json\/wp\/v2\/product\/223931","targetHints":{"allow":["GET"]}}],"collection":[{"href":"https:\/\/tupique.com\/en\/wp-json\/wp\/v2\/product"}],"about":[{"href":"https:\/\/tupique.com\/en\/wp-json\/wp\/v2\/types\/product"}],"replies":[{"embeddable":true,"href":"https:\/\/tupique.com\/en\/wp-json\/wp\/v2\/comments?post=223931"}],"wp:featuredmedia":[{"embeddable":true,"href":"https:\/\/tupique.com\/en\/wp-json\/wp\/v2\/media\/223930"}],"wp:attachment":[{"href":"https:\/\/tupique.com\/en\/wp-json\/wp\/v2\/media?parent=223931"}],"wp:term":[{"taxonomy":"product_brand","embeddable":true,"href":"https:\/\/tupique.com\/en\/wp-json\/wp\/v2\/product_brand?post=223931"},{"taxonomy":"product_cat","embeddable":true,"href":"https:\/\/tupique.com\/en\/wp-json\/wp\/v2\/product_cat?post=223931"},{"taxonomy":"product_tag","embeddable":true,"href":"https:\/\/tupique.com\/en\/wp-json\/wp\/v2\/product_tag?post=223931"},{"taxonomy":"woo-feed-brand","embeddable":true,"href":"https:\/\/tupique.com\/en\/wp-json\/wp\/v2\/woo-feed-brand?post=223931"}],"curies":[{"name":"wp","href":"https:\/\/api.w.org\/{rel}","templated":true}]}}