{"id":223985,"date":"2026-05-15T16:57:25","date_gmt":"2026-05-15T14:57:25","guid":{"rendered":"https:\/\/tupique.com\/product\/bloc-dalimentation-forgeon-bolt-750-w-80-plus-gold\/"},"modified":"2026-05-15T16:57:25","modified_gmt":"2026-05-15T14:57:25","slug":"bloc-dalimentation-forgeon-bolt-750-w-80-plus-gold","status":"publish","type":"product","link":"https:\/\/tupique.com\/en\/product\/bloc-dalimentation-forgeon-bolt-750-w-80-plus-gold\/","title":{"rendered":"Bloc d\u2019Alimentation Forgeon Bolt 750 W 80 Plus Gold"},"content":{"rendered":"<p>Si vous \u00eates passionn\u00e9 d&#8217;<b>informatique et d&#8217;\u00e9lectronique<\/b>, si vous \u00eates \u00e0 la pointe de la technologie et qu&#8217;aucun d\u00e9tail ne vous \u00e9chappe, achetez <b>Bloc d\u2019Alimentation Forgeon Bolt 750 W 80 Plus Gold<\/b> au meilleur prix.<\/p>\n<ul>\n<li>Type:\n<ul>\n<li>Bloc d\u2019Alimentation<\/li>\n<li>Modulaire<\/li>\n<\/ul>\n<\/li>\n<li>Produit \u00e0 brancher: Oui<\/li>\n<li>Type de prise: Prise EU<\/li>\n<li>Connexions:\n<ul>\n<li>SATA<\/li>\n<li>PCIE 6+2 PIN<\/li>\n<li>CPU 4+4 PIN<\/li>\n<li>ATX 20\/4 Pin<\/li>\n<li>FDD 4 Pin<\/li>\n<\/ul>\n<\/li>\n<li>puissance: 750 W<\/li>\n<li>Certificat: 80 Plus Gold<\/li>\n<\/ul>","protected":false},"excerpt":{"rendered":"<p>Si vous \u00eates passionn\u00e9 d&#8217;informatique et d&#8217;\u00e9lectronique, si vous \u00eates \u00e0 la pointe de la technologie et qu&#8217;aucun d\u00e9tail ne vous \u00e9chappe, achetez Bloc d\u2019Alimentation Forgeon Bolt 750 W 80 Plus Gold au meilleur prix. Type: Bloc d\u2019Alimentation Modulaire Produit \u00e0 brancher: Oui Type de prise: Prise EU Connexions: SATA PCIE 6+2 PIN CPU 4+4 [&hellip;]<\/p>\n","protected":false},"featured_media":223984,"comment_status":"open","ping_status":"closed","template":"","meta":[],"product_brand":[3355],"product_cat":[65,584,3344],"product_tag":[210,106],"woo-feed-brand":[],"class_list":{"0":"post-223985","1":"product","2":"type-product","3":"status-publish","4":"has-post-thumbnail","6":"product_brand-brandp_7573","7":"product_cat-informatique-electronique","8":"product_cat-informatique-reseaux-et-composants","9":"product_cat-sources-d-alimentation","10":"product_tag-tag_25","11":"product_tag-tag_1295","13":"first","14":"instock","15":"taxable","16":"shipping-taxable","17":"purchasable","18":"product-type-simple"},"yoast_head":"<!-- This site is optimized with the Yoast SEO plugin v27.6 - https:\/\/yoast.com\/product\/yoast-seo-wordpress\/ -->\n<title>Bloc d\u2019Alimentation Forgeon Bolt 750 W 80 Plus Gold | | Tupique<\/title>\n<meta name=\"description\" content=\"Envie d&#039;acheter Bloc d\u2019Alimentation Forgeon Bolt 750 W 80 Plus Gold\u00a0? Achetez Bloc d\u2019Alimentation Forgeon Bolt 750 W 80 Plus Gold maintenant avec Tupique en 3 versements sans int\u00e9r\u00eat.\" \/>\n<meta name=\"robots\" content=\"index, follow, max-snippet:-1, max-image-preview:large, max-video-preview:-1\" \/>\n<link rel=\"canonical\" href=\"https:\/\/tupique.com\/en\/product\/bloc-dalimentation-forgeon-bolt-750-w-80-plus-gold\/\" \/>\n<meta property=\"og:locale\" content=\"en_GB\" \/>\n<meta property=\"og:type\" content=\"article\" \/>\n<meta property=\"og:title\" content=\"Bloc d\u2019Alimentation Forgeon Bolt 750 W 80 Plus Gold | | Tupique\" \/>\n<meta property=\"og:description\" content=\"Envie d&#039;acheter Bloc d\u2019Alimentation Forgeon Bolt 750 W 80 Plus Gold\u00a0? Achetez Bloc d\u2019Alimentation Forgeon Bolt 750 W 80 Plus Gold maintenant avec Tupique en 3 versements sans int\u00e9r\u00eat.\" \/>\n<meta property=\"og:url\" content=\"https:\/\/tupique.com\/en\/product\/bloc-dalimentation-forgeon-bolt-750-w-80-plus-gold\/\" \/>\n<meta property=\"og:site_name\" content=\"Tupique\" \/>\n<meta name=\"twitter:card\" content=\"summary_large_image\" \/>\n<script type=\"application\/ld+json\" class=\"yoast-schema-graph\">{\"@context\":\"https:\\\/\\\/schema.org\",\"@graph\":[{\"@type\":\"WebPage\",\"@id\":\"https:\\\/\\\/tupique.com\\\/product\\\/bloc-dalimentation-forgeon-bolt-750-w-80-plus-gold\\\/\",\"url\":\"https:\\\/\\\/tupique.com\\\/product\\\/bloc-dalimentation-forgeon-bolt-750-w-80-plus-gold\\\/\",\"name\":\"Bloc d\u2019Alimentation Forgeon Bolt 750 W 80 Plus Gold | | Tupique\",\"isPartOf\":{\"@id\":\"https:\\\/\\\/tupique.com\\\/#website\"},\"primaryImageOfPage\":{\"@id\":\"https:\\\/\\\/tupique.com\\\/product\\\/bloc-dalimentation-forgeon-bolt-750-w-80-plus-gold\\\/#primaryimage\"},\"image\":{\"@id\":\"https:\\\/\\\/tupique.com\\\/product\\\/bloc-dalimentation-forgeon-bolt-750-w-80-plus-gold\\\/#primaryimage\"},\"thumbnailUrl\":\"https:\\\/\\\/tupique.com\\\/wp-content\\\/uploads\\\/2026\\\/05\\\/S7808071_8435674720084_P21.jpg\",\"datePublished\":\"2026-05-15T14:57:25+00:00\",\"description\":\"Envie d'acheter Bloc d\u2019Alimentation Forgeon Bolt 750 W 80 Plus Gold\u00a0? Achetez Bloc d\u2019Alimentation Forgeon Bolt 750 W 80 Plus Gold maintenant avec Tupique en 3 versements sans int\u00e9r\u00eat.\",\"breadcrumb\":{\"@id\":\"https:\\\/\\\/tupique.com\\\/product\\\/bloc-dalimentation-forgeon-bolt-750-w-80-plus-gold\\\/#breadcrumb\"},\"inLanguage\":\"en-GB\",\"potentialAction\":[{\"@type\":\"ReadAction\",\"target\":[\"https:\\\/\\\/tupique.com\\\/product\\\/bloc-dalimentation-forgeon-bolt-750-w-80-plus-gold\\\/\"]}]},{\"@type\":\"ImageObject\",\"inLanguage\":\"en-GB\",\"@id\":\"https:\\\/\\\/tupique.com\\\/product\\\/bloc-dalimentation-forgeon-bolt-750-w-80-plus-gold\\\/#primaryimage\",\"url\":\"https:\\\/\\\/tupique.com\\\/wp-content\\\/uploads\\\/2026\\\/05\\\/S7808071_8435674720084_P21.jpg\",\"contentUrl\":\"https:\\\/\\\/tupique.com\\\/wp-content\\\/uploads\\\/2026\\\/05\\\/S7808071_8435674720084_P21.jpg\",\"width\":1200,\"height\":1200,\"caption\":\"S7808071_0\"},{\"@type\":\"BreadcrumbList\",\"@id\":\"https:\\\/\\\/tupique.com\\\/product\\\/bloc-dalimentation-forgeon-bolt-750-w-80-plus-gold\\\/#breadcrumb\",\"itemListElement\":[{\"@type\":\"ListItem\",\"position\":1,\"name\":\"commencer\",\"item\":\"https:\\\/\\\/tupique.com\\\/\"},{\"@type\":\"ListItem\",\"position\":2,\"name\":\"Loja\",\"item\":\"https:\\\/\\\/tupique.com\\\/pt\\\/loja\\\/\"},{\"@type\":\"ListItem\",\"position\":3,\"name\":\"Bloc d\u2019Alimentation Forgeon Bolt 750 W 80 Plus Gold\"}]},{\"@type\":\"WebSite\",\"@id\":\"https:\\\/\\\/tupique.com\\\/#website\",\"url\":\"https:\\\/\\\/tupique.com\\\/\",\"name\":\"Tupique\",\"description\":\"\",\"publisher\":{\"@id\":\"https:\\\/\\\/tupique.com\\\/#organization\"},\"potentialAction\":[{\"@type\":\"SearchAction\",\"target\":{\"@type\":\"EntryPoint\",\"urlTemplate\":\"https:\\\/\\\/tupique.com\\\/?s={search_term_string}\"},\"query-input\":{\"@type\":\"PropertyValueSpecification\",\"valueRequired\":true,\"valueName\":\"search_term_string\"}}],\"inLanguage\":\"en-GB\"},{\"@type\":\"Organization\",\"@id\":\"https:\\\/\\\/tupique.com\\\/#organization\",\"name\":\"Tupique\",\"url\":\"https:\\\/\\\/tupique.com\\\/\",\"logo\":{\"@type\":\"ImageObject\",\"inLanguage\":\"en-GB\",\"@id\":\"https:\\\/\\\/tupique.com\\\/#\\\/schema\\\/logo\\\/image\\\/\",\"url\":\"https:\\\/\\\/tupique.com\\\/wp-content\\\/uploads\\\/2026\\\/03\\\/logo-tupique-1.webp\",\"contentUrl\":\"https:\\\/\\\/tupique.com\\\/wp-content\\\/uploads\\\/2026\\\/03\\\/logo-tupique-1.webp\",\"width\":500,\"height\":67,\"caption\":\"Tupique\"},\"image\":{\"@id\":\"https:\\\/\\\/tupique.com\\\/#\\\/schema\\\/logo\\\/image\\\/\"}}]}<\/script>\n<!-- \/ Yoast SEO plugin. -->","yoast_head_json":{"title":"Bloc d\u2019Alimentation Forgeon Bolt 750 W 80 Plus Gold | | Tupique","description":"Envie d'acheter Bloc d\u2019Alimentation Forgeon Bolt 750 W 80 Plus Gold\u00a0? Achetez Bloc d\u2019Alimentation Forgeon Bolt 750 W 80 Plus Gold maintenant avec Tupique en 3 versements sans int\u00e9r\u00eat.","robots":{"index":"index","follow":"follow","max-snippet":"max-snippet:-1","max-image-preview":"max-image-preview:large","max-video-preview":"max-video-preview:-1"},"canonical":"https:\/\/tupique.com\/en\/product\/bloc-dalimentation-forgeon-bolt-750-w-80-plus-gold\/","og_locale":"en_GB","og_type":"article","og_title":"Bloc d\u2019Alimentation Forgeon Bolt 750 W 80 Plus Gold | | Tupique","og_description":"Envie d'acheter Bloc d\u2019Alimentation Forgeon Bolt 750 W 80 Plus Gold\u00a0? Achetez Bloc d\u2019Alimentation Forgeon Bolt 750 W 80 Plus Gold maintenant avec Tupique en 3 versements sans int\u00e9r\u00eat.","og_url":"https:\/\/tupique.com\/en\/product\/bloc-dalimentation-forgeon-bolt-750-w-80-plus-gold\/","og_site_name":"Tupique","twitter_card":"summary_large_image","schema":{"@context":"https:\/\/schema.org","@graph":[{"@type":"WebPage","@id":"https:\/\/tupique.com\/product\/bloc-dalimentation-forgeon-bolt-750-w-80-plus-gold\/","url":"https:\/\/tupique.com\/product\/bloc-dalimentation-forgeon-bolt-750-w-80-plus-gold\/","name":"Bloc d\u2019Alimentation Forgeon Bolt 750 W 80 Plus Gold | | Tupique","isPartOf":{"@id":"https:\/\/tupique.com\/#website"},"primaryImageOfPage":{"@id":"https:\/\/tupique.com\/product\/bloc-dalimentation-forgeon-bolt-750-w-80-plus-gold\/#primaryimage"},"image":{"@id":"https:\/\/tupique.com\/product\/bloc-dalimentation-forgeon-bolt-750-w-80-plus-gold\/#primaryimage"},"thumbnailUrl":"https:\/\/tupique.com\/wp-content\/uploads\/2026\/05\/S7808071_8435674720084_P21.jpg","datePublished":"2026-05-15T14:57:25+00:00","description":"Envie d'acheter Bloc d\u2019Alimentation Forgeon Bolt 750 W 80 Plus Gold\u00a0? Achetez Bloc d\u2019Alimentation Forgeon Bolt 750 W 80 Plus Gold maintenant avec Tupique en 3 versements sans int\u00e9r\u00eat.","breadcrumb":{"@id":"https:\/\/tupique.com\/product\/bloc-dalimentation-forgeon-bolt-750-w-80-plus-gold\/#breadcrumb"},"inLanguage":"en-GB","potentialAction":[{"@type":"ReadAction","target":["https:\/\/tupique.com\/product\/bloc-dalimentation-forgeon-bolt-750-w-80-plus-gold\/"]}]},{"@type":"ImageObject","inLanguage":"en-GB","@id":"https:\/\/tupique.com\/product\/bloc-dalimentation-forgeon-bolt-750-w-80-plus-gold\/#primaryimage","url":"https:\/\/tupique.com\/wp-content\/uploads\/2026\/05\/S7808071_8435674720084_P21.jpg","contentUrl":"https:\/\/tupique.com\/wp-content\/uploads\/2026\/05\/S7808071_8435674720084_P21.jpg","width":1200,"height":1200,"caption":"S7808071_0"},{"@type":"BreadcrumbList","@id":"https:\/\/tupique.com\/product\/bloc-dalimentation-forgeon-bolt-750-w-80-plus-gold\/#breadcrumb","itemListElement":[{"@type":"ListItem","position":1,"name":"commencer","item":"https:\/\/tupique.com\/"},{"@type":"ListItem","position":2,"name":"Loja","item":"https:\/\/tupique.com\/pt\/loja\/"},{"@type":"ListItem","position":3,"name":"Bloc d\u2019Alimentation Forgeon Bolt 750 W 80 Plus Gold"}]},{"@type":"WebSite","@id":"https:\/\/tupique.com\/#website","url":"https:\/\/tupique.com\/","name":"Tupique","description":"","publisher":{"@id":"https:\/\/tupique.com\/#organization"},"potentialAction":[{"@type":"SearchAction","target":{"@type":"EntryPoint","urlTemplate":"https:\/\/tupique.com\/?s={search_term_string}"},"query-input":{"@type":"PropertyValueSpecification","valueRequired":true,"valueName":"search_term_string"}}],"inLanguage":"en-GB"},{"@type":"Organization","@id":"https:\/\/tupique.com\/#organization","name":"Tupique","url":"https:\/\/tupique.com\/","logo":{"@type":"ImageObject","inLanguage":"en-GB","@id":"https:\/\/tupique.com\/#\/schema\/logo\/image\/","url":"https:\/\/tupique.com\/wp-content\/uploads\/2026\/03\/logo-tupique-1.webp","contentUrl":"https:\/\/tupique.com\/wp-content\/uploads\/2026\/03\/logo-tupique-1.webp","width":500,"height":67,"caption":"Tupique"},"image":{"@id":"https:\/\/tupique.com\/#\/schema\/logo\/image\/"}}]}},"_links":{"self":[{"href":"https:\/\/tupique.com\/en\/wp-json\/wp\/v2\/product\/223985","targetHints":{"allow":["GET"]}}],"collection":[{"href":"https:\/\/tupique.com\/en\/wp-json\/wp\/v2\/product"}],"about":[{"href":"https:\/\/tupique.com\/en\/wp-json\/wp\/v2\/types\/product"}],"replies":[{"embeddable":true,"href":"https:\/\/tupique.com\/en\/wp-json\/wp\/v2\/comments?post=223985"}],"wp:featuredmedia":[{"embeddable":true,"href":"https:\/\/tupique.com\/en\/wp-json\/wp\/v2\/media\/223984"}],"wp:attachment":[{"href":"https:\/\/tupique.com\/en\/wp-json\/wp\/v2\/media?parent=223985"}],"wp:term":[{"taxonomy":"product_brand","embeddable":true,"href":"https:\/\/tupique.com\/en\/wp-json\/wp\/v2\/product_brand?post=223985"},{"taxonomy":"product_cat","embeddable":true,"href":"https:\/\/tupique.com\/en\/wp-json\/wp\/v2\/product_cat?post=223985"},{"taxonomy":"product_tag","embeddable":true,"href":"https:\/\/tupique.com\/en\/wp-json\/wp\/v2\/product_tag?post=223985"},{"taxonomy":"woo-feed-brand","embeddable":true,"href":"https:\/\/tupique.com\/en\/wp-json\/wp\/v2\/woo-feed-brand?post=223985"}],"curies":[{"name":"wp","href":"https:\/\/api.w.org\/{rel}","templated":true}]}}