{"id":224075,"date":"2026-05-15T17:15:30","date_gmt":"2026-05-15T15:15:30","guid":{"rendered":"https:\/\/tupique.com\/product\/montre-homme-sector-sector-fit\/"},"modified":"2026-05-15T17:15:30","modified_gmt":"2026-05-15T15:15:30","slug":"montre-homme-sector-sector-fit","status":"publish","type":"product","link":"https:\/\/tupique.com\/en\/product\/montre-homme-sector-sector-fit\/","title":{"rendered":"Montre Homme Sector SECTOR FIT"},"content":{"rendered":"<p>Si vous aimez suivre les derni\u00e8res tendances en mati\u00e8re de mode et accessoires, achetez <b>Montre Homme Sector SECTOR FIT<\/b> au meilleur prix.<\/p>\n<ul>\n<li>Genre: Homme<\/li>\n<li>Liens suppl\u00e9mentaires: Non<\/li>\n<li>Type de montre:\n<ul>\n<li>Montre-bracelet<\/li>\n<li>Bracelet d&#8217;activit\u00e9s<\/li>\n<\/ul>\n<\/li>\n<li>Non inclut: Bracelet \u00e0 montre<\/li>\n<li>Fonctions: Multifonction<\/li>\n<li>Inclut: Le coffret de la marque est inclus<\/li>\n<li>Fonctionne \u00e0 piles: AA x 1, incluses<\/li>\n<li>Type de mouvement: Quartz<\/li>\n<\/ul>","protected":false},"excerpt":{"rendered":"<p>Si vous aimez suivre les derni\u00e8res tendances en mati\u00e8re de mode et accessoires, achetez Montre Homme Sector SECTOR FIT au meilleur prix. Genre: Homme Liens suppl\u00e9mentaires: Non Type de montre: Montre-bracelet Bracelet d&#8217;activit\u00e9s Non inclut: Bracelet \u00e0 montre Fonctions: Multifonction Inclut: Le coffret de la marque est inclus Fonctionne \u00e0 piles: AA x 1, incluses [&hellip;]<\/p>\n","protected":false},"featured_media":224073,"comment_status":"open","ping_status":"closed","template":"","meta":[],"product_brand":[989],"product_cat":[3333,575,65],"product_tag":[163,165],"woo-feed-brand":[],"class_list":{"0":"post-224075","1":"product","2":"type-product","3":"status-publish","4":"has-post-thumbnail","6":"product_brand-brandp_878","7":"product_cat-bracelets-d-activite","8":"product_cat-electronique-telephonie-et-tablettes","9":"product_cat-informatique-electronique","10":"product_tag-tag_17","11":"product_tag-tag_69","13":"first","14":"instock","15":"taxable","16":"shipping-taxable","17":"purchasable","18":"product-type-simple"},"yoast_head":"<!-- This site is optimized with the Yoast SEO plugin v27.6 - https:\/\/yoast.com\/product\/yoast-seo-wordpress\/ -->\n<title>Montre Homme Sector SECTOR FIT | | Tupique<\/title>\n<meta name=\"description\" content=\"Envie d&#039;acheter Montre Homme Sector SECTOR FIT\u00a0? Achetez Montre Homme Sector SECTOR FIT maintenant avec Tupique en 3 versements sans int\u00e9r\u00eat.\" \/>\n<meta name=\"robots\" content=\"index, follow, max-snippet:-1, max-image-preview:large, max-video-preview:-1\" \/>\n<link rel=\"canonical\" href=\"https:\/\/tupique.com\/en\/product\/montre-homme-sector-sector-fit\/\" \/>\n<meta property=\"og:locale\" content=\"en_GB\" \/>\n<meta property=\"og:type\" content=\"article\" \/>\n<meta property=\"og:title\" content=\"Montre Homme Sector SECTOR FIT | | Tupique\" \/>\n<meta property=\"og:description\" content=\"Envie d&#039;acheter Montre Homme Sector SECTOR FIT\u00a0? Achetez Montre Homme Sector SECTOR FIT maintenant avec Tupique en 3 versements sans int\u00e9r\u00eat.\" \/>\n<meta property=\"og:url\" content=\"https:\/\/tupique.com\/en\/product\/montre-homme-sector-sector-fit\/\" \/>\n<meta property=\"og:site_name\" content=\"Tupique\" \/>\n<meta name=\"twitter:card\" content=\"summary_large_image\" \/>\n<script type=\"application\/ld+json\" class=\"yoast-schema-graph\">{\"@context\":\"https:\\\/\\\/schema.org\",\"@graph\":[{\"@type\":\"WebPage\",\"@id\":\"https:\\\/\\\/tupique.com\\\/product\\\/montre-homme-sector-sector-fit\\\/\",\"url\":\"https:\\\/\\\/tupique.com\\\/product\\\/montre-homme-sector-sector-fit\\\/\",\"name\":\"Montre Homme Sector SECTOR FIT | | Tupique\",\"isPartOf\":{\"@id\":\"https:\\\/\\\/tupique.com\\\/#website\"},\"primaryImageOfPage\":{\"@id\":\"https:\\\/\\\/tupique.com\\\/product\\\/montre-homme-sector-sector-fit\\\/#primaryimage\"},\"image\":{\"@id\":\"https:\\\/\\\/tupique.com\\\/product\\\/montre-homme-sector-sector-fit\\\/#primaryimage\"},\"thumbnailUrl\":\"https:\\\/\\\/tupique.com\\\/wp-content\\\/uploads\\\/2026\\\/05\\\/8033288743644_S7203126_P00.jpg\",\"datePublished\":\"2026-05-15T15:15:30+00:00\",\"description\":\"Envie d'acheter Montre Homme Sector SECTOR FIT\u00a0? Achetez Montre Homme Sector SECTOR FIT maintenant avec Tupique en 3 versements sans int\u00e9r\u00eat.\",\"breadcrumb\":{\"@id\":\"https:\\\/\\\/tupique.com\\\/product\\\/montre-homme-sector-sector-fit\\\/#breadcrumb\"},\"inLanguage\":\"en-GB\",\"potentialAction\":[{\"@type\":\"ReadAction\",\"target\":[\"https:\\\/\\\/tupique.com\\\/product\\\/montre-homme-sector-sector-fit\\\/\"]}]},{\"@type\":\"ImageObject\",\"inLanguage\":\"en-GB\",\"@id\":\"https:\\\/\\\/tupique.com\\\/product\\\/montre-homme-sector-sector-fit\\\/#primaryimage\",\"url\":\"https:\\\/\\\/tupique.com\\\/wp-content\\\/uploads\\\/2026\\\/05\\\/8033288743644_S7203126_P00.jpg\",\"contentUrl\":\"https:\\\/\\\/tupique.com\\\/wp-content\\\/uploads\\\/2026\\\/05\\\/8033288743644_S7203126_P00.jpg\",\"width\":1000,\"height\":1000,\"caption\":\"S7203126_0\"},{\"@type\":\"BreadcrumbList\",\"@id\":\"https:\\\/\\\/tupique.com\\\/product\\\/montre-homme-sector-sector-fit\\\/#breadcrumb\",\"itemListElement\":[{\"@type\":\"ListItem\",\"position\":1,\"name\":\"commencer\",\"item\":\"https:\\\/\\\/tupique.com\\\/\"},{\"@type\":\"ListItem\",\"position\":2,\"name\":\"Loja\",\"item\":\"https:\\\/\\\/tupique.com\\\/pt\\\/loja\\\/\"},{\"@type\":\"ListItem\",\"position\":3,\"name\":\"Montre Homme Sector SECTOR FIT\"}]},{\"@type\":\"WebSite\",\"@id\":\"https:\\\/\\\/tupique.com\\\/#website\",\"url\":\"https:\\\/\\\/tupique.com\\\/\",\"name\":\"Tupique\",\"description\":\"\",\"publisher\":{\"@id\":\"https:\\\/\\\/tupique.com\\\/#organization\"},\"potentialAction\":[{\"@type\":\"SearchAction\",\"target\":{\"@type\":\"EntryPoint\",\"urlTemplate\":\"https:\\\/\\\/tupique.com\\\/?s={search_term_string}\"},\"query-input\":{\"@type\":\"PropertyValueSpecification\",\"valueRequired\":true,\"valueName\":\"search_term_string\"}}],\"inLanguage\":\"en-GB\"},{\"@type\":\"Organization\",\"@id\":\"https:\\\/\\\/tupique.com\\\/#organization\",\"name\":\"Tupique\",\"url\":\"https:\\\/\\\/tupique.com\\\/\",\"logo\":{\"@type\":\"ImageObject\",\"inLanguage\":\"en-GB\",\"@id\":\"https:\\\/\\\/tupique.com\\\/#\\\/schema\\\/logo\\\/image\\\/\",\"url\":\"https:\\\/\\\/tupique.com\\\/wp-content\\\/uploads\\\/2026\\\/03\\\/logo-tupique-1.webp\",\"contentUrl\":\"https:\\\/\\\/tupique.com\\\/wp-content\\\/uploads\\\/2026\\\/03\\\/logo-tupique-1.webp\",\"width\":500,\"height\":67,\"caption\":\"Tupique\"},\"image\":{\"@id\":\"https:\\\/\\\/tupique.com\\\/#\\\/schema\\\/logo\\\/image\\\/\"}}]}<\/script>\n<!-- \/ Yoast SEO plugin. -->","yoast_head_json":{"title":"Montre Homme Sector SECTOR FIT | | Tupique","description":"Envie d'acheter Montre Homme Sector SECTOR FIT\u00a0? Achetez Montre Homme Sector SECTOR FIT maintenant avec Tupique en 3 versements sans int\u00e9r\u00eat.","robots":{"index":"index","follow":"follow","max-snippet":"max-snippet:-1","max-image-preview":"max-image-preview:large","max-video-preview":"max-video-preview:-1"},"canonical":"https:\/\/tupique.com\/en\/product\/montre-homme-sector-sector-fit\/","og_locale":"en_GB","og_type":"article","og_title":"Montre Homme Sector SECTOR FIT | | Tupique","og_description":"Envie d'acheter Montre Homme Sector SECTOR FIT\u00a0? Achetez Montre Homme Sector SECTOR FIT maintenant avec Tupique en 3 versements sans int\u00e9r\u00eat.","og_url":"https:\/\/tupique.com\/en\/product\/montre-homme-sector-sector-fit\/","og_site_name":"Tupique","twitter_card":"summary_large_image","schema":{"@context":"https:\/\/schema.org","@graph":[{"@type":"WebPage","@id":"https:\/\/tupique.com\/product\/montre-homme-sector-sector-fit\/","url":"https:\/\/tupique.com\/product\/montre-homme-sector-sector-fit\/","name":"Montre Homme Sector SECTOR FIT | | Tupique","isPartOf":{"@id":"https:\/\/tupique.com\/#website"},"primaryImageOfPage":{"@id":"https:\/\/tupique.com\/product\/montre-homme-sector-sector-fit\/#primaryimage"},"image":{"@id":"https:\/\/tupique.com\/product\/montre-homme-sector-sector-fit\/#primaryimage"},"thumbnailUrl":"https:\/\/tupique.com\/wp-content\/uploads\/2026\/05\/8033288743644_S7203126_P00.jpg","datePublished":"2026-05-15T15:15:30+00:00","description":"Envie d'acheter Montre Homme Sector SECTOR FIT\u00a0? Achetez Montre Homme Sector SECTOR FIT maintenant avec Tupique en 3 versements sans int\u00e9r\u00eat.","breadcrumb":{"@id":"https:\/\/tupique.com\/product\/montre-homme-sector-sector-fit\/#breadcrumb"},"inLanguage":"en-GB","potentialAction":[{"@type":"ReadAction","target":["https:\/\/tupique.com\/product\/montre-homme-sector-sector-fit\/"]}]},{"@type":"ImageObject","inLanguage":"en-GB","@id":"https:\/\/tupique.com\/product\/montre-homme-sector-sector-fit\/#primaryimage","url":"https:\/\/tupique.com\/wp-content\/uploads\/2026\/05\/8033288743644_S7203126_P00.jpg","contentUrl":"https:\/\/tupique.com\/wp-content\/uploads\/2026\/05\/8033288743644_S7203126_P00.jpg","width":1000,"height":1000,"caption":"S7203126_0"},{"@type":"BreadcrumbList","@id":"https:\/\/tupique.com\/product\/montre-homme-sector-sector-fit\/#breadcrumb","itemListElement":[{"@type":"ListItem","position":1,"name":"commencer","item":"https:\/\/tupique.com\/"},{"@type":"ListItem","position":2,"name":"Loja","item":"https:\/\/tupique.com\/pt\/loja\/"},{"@type":"ListItem","position":3,"name":"Montre Homme Sector SECTOR FIT"}]},{"@type":"WebSite","@id":"https:\/\/tupique.com\/#website","url":"https:\/\/tupique.com\/","name":"Tupique","description":"","publisher":{"@id":"https:\/\/tupique.com\/#organization"},"potentialAction":[{"@type":"SearchAction","target":{"@type":"EntryPoint","urlTemplate":"https:\/\/tupique.com\/?s={search_term_string}"},"query-input":{"@type":"PropertyValueSpecification","valueRequired":true,"valueName":"search_term_string"}}],"inLanguage":"en-GB"},{"@type":"Organization","@id":"https:\/\/tupique.com\/#organization","name":"Tupique","url":"https:\/\/tupique.com\/","logo":{"@type":"ImageObject","inLanguage":"en-GB","@id":"https:\/\/tupique.com\/#\/schema\/logo\/image\/","url":"https:\/\/tupique.com\/wp-content\/uploads\/2026\/03\/logo-tupique-1.webp","contentUrl":"https:\/\/tupique.com\/wp-content\/uploads\/2026\/03\/logo-tupique-1.webp","width":500,"height":67,"caption":"Tupique"},"image":{"@id":"https:\/\/tupique.com\/#\/schema\/logo\/image\/"}}]}},"_links":{"self":[{"href":"https:\/\/tupique.com\/en\/wp-json\/wp\/v2\/product\/224075","targetHints":{"allow":["GET"]}}],"collection":[{"href":"https:\/\/tupique.com\/en\/wp-json\/wp\/v2\/product"}],"about":[{"href":"https:\/\/tupique.com\/en\/wp-json\/wp\/v2\/types\/product"}],"replies":[{"embeddable":true,"href":"https:\/\/tupique.com\/en\/wp-json\/wp\/v2\/comments?post=224075"}],"wp:featuredmedia":[{"embeddable":true,"href":"https:\/\/tupique.com\/en\/wp-json\/wp\/v2\/media\/224073"}],"wp:attachment":[{"href":"https:\/\/tupique.com\/en\/wp-json\/wp\/v2\/media?parent=224075"}],"wp:term":[{"taxonomy":"product_brand","embeddable":true,"href":"https:\/\/tupique.com\/en\/wp-json\/wp\/v2\/product_brand?post=224075"},{"taxonomy":"product_cat","embeddable":true,"href":"https:\/\/tupique.com\/en\/wp-json\/wp\/v2\/product_cat?post=224075"},{"taxonomy":"product_tag","embeddable":true,"href":"https:\/\/tupique.com\/en\/wp-json\/wp\/v2\/product_tag?post=224075"},{"taxonomy":"woo-feed-brand","embeddable":true,"href":"https:\/\/tupique.com\/en\/wp-json\/wp\/v2\/woo-feed-brand?post=224075"}],"curies":[{"name":"wp","href":"https:\/\/api.w.org\/{rel}","templated":true}]}}