{"id":224131,"date":"2026-05-15T17:30:36","date_gmt":"2026-05-15T15:30:36","guid":{"rendered":"https:\/\/tupique.com\/product\/casque-sans-fil-pliable-folbeat-innovagoods\/"},"modified":"2026-05-15T17:30:36","modified_gmt":"2026-05-15T15:30:36","slug":"casque-sans-fil-pliable-folbeat-innovagoods","status":"publish","type":"product","link":"https:\/\/tupique.com\/en\/product\/casque-sans-fil-pliable-folbeat-innovagoods\/","title":{"rendered":"Casque Sans Fil Pliable Folbeat InnovaGoods"},"content":{"rendered":"<div class=\"col-md-6\">Si vous aimez l&#8217;univers des gadgets, <b>InnovaGoods<\/b> vous propose les meilleures et les plus originales nouveaut\u00e9s en mati\u00e8re de maison, voitures, voyages, enfants, technologie, divertissements, etc. ! D\u00e9couvrez une vaste gamme de produits de qualit\u00e9 qui se d\u00e9marquent de par leur fonctionnalit\u00e9, leur efficacit\u00e9 et leur design innovant, comme <b>Casque Sans Fil Pliable Folbeat InnovaGoods <\/b> !<\/p>\n<p>Ce <b>casque pliable sans fil&nbsp;<\/b>est id\u00e9al pour \u00e9couter de la musique et r\u00e9pondre aux appels. Son design rembourr\u00e9 le rend tr\u00e8s confortable et isole du bruit. Dot\u00e9 du BT 5.3, d&#8217;un microphone et d&#8217;une connexion auxiliaire. Rechargeable. C\u00e2ble USB-C inclus.<\/p>\n<p>Un <b>casque Bluetooth<\/b> qui peut \u00eatre pli\u00e9 pour prendre moins de place lors du transport ou du rangement. Il peut \u00e9galement \u00eatre raccourci ou allong\u00e9 pour mieux s&#8217;adapter \u00e0 chaque utilisateur.<\/p>\n<ul>\n<li><b>Casque Bluetooth :&nbsp;<\/b>notre casque sans fil de qualit\u00e9 pr\u00e9sente un design noir moderne et \u00e9l\u00e9gant. Il est ergonomique et tr\u00e8s confortable gr\u00e2ce \u00e0 ses \u00e9couteurs rembourr\u00e9s. Il dispose d&#8217;une connexion BT 5.3 et est tr\u00e8s facile \u00e0 utiliser. Les boutons de contr\u00f4le sont int\u00e9gr\u00e9s dans l&#8217;un des \u00e9couteurs. Manuel d&#8217;instructions inclus.<\/li>\n<li><b>Conception pliable et r\u00e9glable :<\/b> ce casque peut \u00eatre facilement pli\u00e9 pour prendre moins de place lorsqu&#8217;il est rang\u00e9 ou transport\u00e9 n&#8217;importe o\u00f9. En outre, le bandeau est r\u00e9glable en longueur, ce qui permet de l&#8217;allonger ou de le raccourcir pour mieux l&#8217;adapter \u00e0 chaque utilisateur.&nbsp;<\/li>\n<li><b>Rembourr\u00e9, r\u00e9duction des bruits :<\/b> notre casque pliable s&#8217;adapte parfaitement aux oreilles gr\u00e2ce \u00e0 son design rembourr\u00e9 qui offre un grand confort. En outre, il isole des bruits ext\u00e9rieurs, ce qui permet de profiter d\u2019une plus grande concentration et qualit\u00e9 de son.&nbsp;<\/li>\n<li><b>AUX-in, microphone mains libres :<\/b> ce casque Bluetooth vous permet de r\u00e9pondre aux appels, car il est dot\u00e9 d&#8217;un microphone int\u00e9gr\u00e9 (mains libres). Il dispose \u00e9galement d&#8217;une entr\u00e9e auxiliaire pour se connecter \u00e0 d&#8217;autres appareils via un c\u00e2ble jack 3,5 mm (non fourni).<\/li>\n<li><b>Rechargeable, portable :<\/b> ce casque Bluetooth pliable est rechargeable (batterie Li-Ion 200 mAh), offrant une plus grande libert\u00e9 de mouvement. Le temps de charge est d&#8217;environ 120 minutes, l&#8217;autonomie varie d&#8217;environ 2 \u00e0 8 heures, selon l&#8217;utilisation et le niveau de volume. C\u00e2ble USB-C inclus.<\/li>\n<\/ul>\n<ul>\n<li>Mat\u00e9riel: ABS<\/li>\n<li>Couleur: Noir<\/li>\n<li>Type: Casque audio<\/li>\n<li>Design moderne: Ergonomique<\/li>\n<li>Rembourr\u00e9: Confort et commodit\u00e9<\/li>\n<li>Caract\u00e9ristiques: R\u00e9duction du bruit<\/li>\n<li>Pliable: Gain de place<\/li>\n<li>Longueur ajustable: 19-21 cm<\/li>\n<li>Microphone int\u00e9gr\u00e9: Fonctions mains libres<\/li>\n<li>Bluetooth: 5.3 (2.402 &#8211; 2.480 GHz &#8211; 20 mW)<\/li>\n<li>Port\u00e9e approx.: jusqu&#8217;\u00e0 10 m<\/li>\n<li>Rechargeable: Charge USB<\/li>\n<li>Inclut: C\u00e2ble USB-C<\/li>\n<li>Type de batterie: Li-Ion<\/li>\n<li>Capacit\u00e9 de la batterie: 200 mAh \/ 0,74 W<\/li>\n<li>Temps de charge approx.: 120 minutes<\/li>\n<li>Autonomie approx.: 120-480 minutes<\/li>\n<li>Connexions: Entr\u00e9e auxiliaire<\/li>\n<li>Compatible: Compatible iOS et Android<\/li>\n<li>Imp\u00e9dance enceintes: 16 \u03a9<\/li>\n<li>THD: 1-3 %<\/li>\n<li>SPL: 100 \u00b1 3 dB<\/li>\n<li>DC In: 5 V \/ 500mA \/ 0,5 W<\/li>\n<li>Dimensions approx.: 17,5 x 19-21 x 8 cm<\/li>\n<\/ul>\n<p>Packaging et manuel en 24 langues: anglais, fran\u00e7ais, espagnol, allemand, italien, portugais, n\u00e9erlandais, polonais, hongrois, roumain, danois, su\u00e9dois, finnois, lituanien, norv\u00e9gien, slov\u00e8ne, grec, tch\u00e8que, bulgare, croate, slovaque, estonien, russe, letton.<\/p><\/div>\n<div class=\"col-md-6\">\n<div class=\"embed-responsive embed-responsive-16by9\"><\/div>\n<\/div>","protected":false},"excerpt":{"rendered":"<p>Si vous aimez l&#8217;univers des gadgets, InnovaGoods vous propose les meilleures et les plus originales nouveaut\u00e9s en mati\u00e8re de maison, voitures, voyages, enfants, technologie, divertissements, etc. ! D\u00e9couvrez une vaste gamme de produits de qualit\u00e9 qui se d\u00e9marquent de par leur fonctionnalit\u00e9, leur efficacit\u00e9 et leur design innovant, comme Casque Sans Fil Pliable Folbeat InnovaGoods [&hellip;]<\/p>\n","protected":false},"featured_media":224117,"comment_status":"open","ping_status":"closed","template":"","meta":[],"product_brand":[256],"product_cat":[3276,3360,3362,3361,755,575,65,581,3272],"product_tag":[213,566,106],"woo-feed-brand":[],"class_list":{"0":"post-224131","1":"product","2":"type-product","3":"status-publish","4":"has-post-thumbnail","6":"product_brand-brandp_1281","7":"product_cat-casque-bluetooth","8":"product_cat-casque-bluetooth-avec-microphone","9":"product_cat-casque-diademe","10":"product_cat-casque-sans-fil","11":"product_cat-electronique-son","12":"product_cat-electronique-telephonie-et-tablettes","13":"product_cat-informatique-electronique","14":"product_cat-informatique-peripheriques-et-consommables","15":"product_cat-micros-et-ecouteurs","16":"product_tag-tag_933","17":"product_tag-tag_547","18":"product_tag-tag_1295","20":"first","21":"instock","22":"taxable","23":"shipping-taxable","24":"purchasable","25":"product-type-simple"},"yoast_head":"<!-- This site is optimized with the Yoast SEO plugin v27.6 - https:\/\/yoast.com\/product\/yoast-seo-wordpress\/ -->\n<title>Casque Sans Fil Pliable Folbeat InnovaGoods | | Tupique<\/title>\n<meta name=\"description\" content=\"Envie d&#039;acheter Casque Sans Fil Pliable Folbeat InnovaGoods\u00a0? Achetez Casque Sans Fil Pliable Folbeat InnovaGoods maintenant avec Tupique en 3 versements sans int\u00e9r\u00eat.\" \/>\n<meta name=\"robots\" content=\"index, follow, max-snippet:-1, max-image-preview:large, max-video-preview:-1\" \/>\n<link rel=\"canonical\" href=\"https:\/\/tupique.com\/en\/product\/casque-sans-fil-pliable-folbeat-innovagoods\/\" \/>\n<meta property=\"og:locale\" content=\"en_GB\" \/>\n<meta property=\"og:type\" content=\"article\" \/>\n<meta property=\"og:title\" content=\"Casque Sans Fil Pliable Folbeat InnovaGoods | | Tupique\" \/>\n<meta property=\"og:description\" content=\"Envie d&#039;acheter Casque Sans Fil Pliable Folbeat InnovaGoods\u00a0? Achetez Casque Sans Fil Pliable Folbeat InnovaGoods maintenant avec Tupique en 3 versements sans int\u00e9r\u00eat.\" \/>\n<meta property=\"og:url\" content=\"https:\/\/tupique.com\/en\/product\/casque-sans-fil-pliable-folbeat-innovagoods\/\" \/>\n<meta property=\"og:site_name\" content=\"Tupique\" \/>\n<meta name=\"twitter:card\" content=\"summary_large_image\" \/>\n<meta name=\"twitter:label1\" content=\"Est. reading time\" \/>\n\t<meta name=\"twitter:data1\" content=\"2 minutes\" \/>\n<script type=\"application\/ld+json\" class=\"yoast-schema-graph\">{\"@context\":\"https:\\\/\\\/schema.org\",\"@graph\":[{\"@type\":\"WebPage\",\"@id\":\"https:\\\/\\\/tupique.com\\\/product\\\/casque-sans-fil-pliable-folbeat-innovagoods\\\/\",\"url\":\"https:\\\/\\\/tupique.com\\\/product\\\/casque-sans-fil-pliable-folbeat-innovagoods\\\/\",\"name\":\"Casque Sans Fil Pliable Folbeat InnovaGoods | | Tupique\",\"isPartOf\":{\"@id\":\"https:\\\/\\\/tupique.com\\\/#website\"},\"primaryImageOfPage\":{\"@id\":\"https:\\\/\\\/tupique.com\\\/product\\\/casque-sans-fil-pliable-folbeat-innovagoods\\\/#primaryimage\"},\"image\":{\"@id\":\"https:\\\/\\\/tupique.com\\\/product\\\/casque-sans-fil-pliable-folbeat-innovagoods\\\/#primaryimage\"},\"thumbnailUrl\":\"https:\\\/\\\/tupique.com\\\/wp-content\\\/uploads\\\/2026\\\/05\\\/8435527826826_V0103831_000_MKT2.jpg\",\"datePublished\":\"2026-05-15T15:30:36+00:00\",\"description\":\"Envie d'acheter Casque Sans Fil Pliable Folbeat InnovaGoods\u00a0? Achetez Casque Sans Fil Pliable Folbeat InnovaGoods maintenant avec Tupique en 3 versements sans int\u00e9r\u00eat.\",\"breadcrumb\":{\"@id\":\"https:\\\/\\\/tupique.com\\\/product\\\/casque-sans-fil-pliable-folbeat-innovagoods\\\/#breadcrumb\"},\"inLanguage\":\"en-GB\",\"potentialAction\":[{\"@type\":\"ReadAction\",\"target\":[\"https:\\\/\\\/tupique.com\\\/product\\\/casque-sans-fil-pliable-folbeat-innovagoods\\\/\"]}]},{\"@type\":\"ImageObject\",\"inLanguage\":\"en-GB\",\"@id\":\"https:\\\/\\\/tupique.com\\\/product\\\/casque-sans-fil-pliable-folbeat-innovagoods\\\/#primaryimage\",\"url\":\"https:\\\/\\\/tupique.com\\\/wp-content\\\/uploads\\\/2026\\\/05\\\/8435527826826_V0103831_000_MKT2.jpg\",\"contentUrl\":\"https:\\\/\\\/tupique.com\\\/wp-content\\\/uploads\\\/2026\\\/05\\\/8435527826826_V0103831_000_MKT2.jpg\",\"width\":1200,\"height\":1200,\"caption\":\"V0103831_0\"},{\"@type\":\"BreadcrumbList\",\"@id\":\"https:\\\/\\\/tupique.com\\\/product\\\/casque-sans-fil-pliable-folbeat-innovagoods\\\/#breadcrumb\",\"itemListElement\":[{\"@type\":\"ListItem\",\"position\":1,\"name\":\"commencer\",\"item\":\"https:\\\/\\\/tupique.com\\\/\"},{\"@type\":\"ListItem\",\"position\":2,\"name\":\"Loja\",\"item\":\"https:\\\/\\\/tupique.com\\\/pt\\\/loja\\\/\"},{\"@type\":\"ListItem\",\"position\":3,\"name\":\"Casque Sans Fil Pliable Folbeat InnovaGoods\"}]},{\"@type\":\"WebSite\",\"@id\":\"https:\\\/\\\/tupique.com\\\/#website\",\"url\":\"https:\\\/\\\/tupique.com\\\/\",\"name\":\"Tupique\",\"description\":\"\",\"publisher\":{\"@id\":\"https:\\\/\\\/tupique.com\\\/#organization\"},\"potentialAction\":[{\"@type\":\"SearchAction\",\"target\":{\"@type\":\"EntryPoint\",\"urlTemplate\":\"https:\\\/\\\/tupique.com\\\/?s={search_term_string}\"},\"query-input\":{\"@type\":\"PropertyValueSpecification\",\"valueRequired\":true,\"valueName\":\"search_term_string\"}}],\"inLanguage\":\"en-GB\"},{\"@type\":\"Organization\",\"@id\":\"https:\\\/\\\/tupique.com\\\/#organization\",\"name\":\"Tupique\",\"url\":\"https:\\\/\\\/tupique.com\\\/\",\"logo\":{\"@type\":\"ImageObject\",\"inLanguage\":\"en-GB\",\"@id\":\"https:\\\/\\\/tupique.com\\\/#\\\/schema\\\/logo\\\/image\\\/\",\"url\":\"https:\\\/\\\/tupique.com\\\/wp-content\\\/uploads\\\/2026\\\/03\\\/logo-tupique-1.webp\",\"contentUrl\":\"https:\\\/\\\/tupique.com\\\/wp-content\\\/uploads\\\/2026\\\/03\\\/logo-tupique-1.webp\",\"width\":500,\"height\":67,\"caption\":\"Tupique\"},\"image\":{\"@id\":\"https:\\\/\\\/tupique.com\\\/#\\\/schema\\\/logo\\\/image\\\/\"}}]}<\/script>\n<!-- \/ Yoast SEO plugin. -->","yoast_head_json":{"title":"Casque Sans Fil Pliable Folbeat InnovaGoods | | Tupique","description":"Envie d'acheter Casque Sans Fil Pliable Folbeat InnovaGoods\u00a0? Achetez Casque Sans Fil Pliable Folbeat InnovaGoods maintenant avec Tupique en 3 versements sans int\u00e9r\u00eat.","robots":{"index":"index","follow":"follow","max-snippet":"max-snippet:-1","max-image-preview":"max-image-preview:large","max-video-preview":"max-video-preview:-1"},"canonical":"https:\/\/tupique.com\/en\/product\/casque-sans-fil-pliable-folbeat-innovagoods\/","og_locale":"en_GB","og_type":"article","og_title":"Casque Sans Fil Pliable Folbeat InnovaGoods | | Tupique","og_description":"Envie d'acheter Casque Sans Fil Pliable Folbeat InnovaGoods\u00a0? Achetez Casque Sans Fil Pliable Folbeat InnovaGoods maintenant avec Tupique en 3 versements sans int\u00e9r\u00eat.","og_url":"https:\/\/tupique.com\/en\/product\/casque-sans-fil-pliable-folbeat-innovagoods\/","og_site_name":"Tupique","twitter_card":"summary_large_image","twitter_misc":{"Est. reading time":"2 minutes"},"schema":{"@context":"https:\/\/schema.org","@graph":[{"@type":"WebPage","@id":"https:\/\/tupique.com\/product\/casque-sans-fil-pliable-folbeat-innovagoods\/","url":"https:\/\/tupique.com\/product\/casque-sans-fil-pliable-folbeat-innovagoods\/","name":"Casque Sans Fil Pliable Folbeat InnovaGoods | | Tupique","isPartOf":{"@id":"https:\/\/tupique.com\/#website"},"primaryImageOfPage":{"@id":"https:\/\/tupique.com\/product\/casque-sans-fil-pliable-folbeat-innovagoods\/#primaryimage"},"image":{"@id":"https:\/\/tupique.com\/product\/casque-sans-fil-pliable-folbeat-innovagoods\/#primaryimage"},"thumbnailUrl":"https:\/\/tupique.com\/wp-content\/uploads\/2026\/05\/8435527826826_V0103831_000_MKT2.jpg","datePublished":"2026-05-15T15:30:36+00:00","description":"Envie d'acheter Casque Sans Fil Pliable Folbeat InnovaGoods\u00a0? Achetez Casque Sans Fil Pliable Folbeat InnovaGoods maintenant avec Tupique en 3 versements sans int\u00e9r\u00eat.","breadcrumb":{"@id":"https:\/\/tupique.com\/product\/casque-sans-fil-pliable-folbeat-innovagoods\/#breadcrumb"},"inLanguage":"en-GB","potentialAction":[{"@type":"ReadAction","target":["https:\/\/tupique.com\/product\/casque-sans-fil-pliable-folbeat-innovagoods\/"]}]},{"@type":"ImageObject","inLanguage":"en-GB","@id":"https:\/\/tupique.com\/product\/casque-sans-fil-pliable-folbeat-innovagoods\/#primaryimage","url":"https:\/\/tupique.com\/wp-content\/uploads\/2026\/05\/8435527826826_V0103831_000_MKT2.jpg","contentUrl":"https:\/\/tupique.com\/wp-content\/uploads\/2026\/05\/8435527826826_V0103831_000_MKT2.jpg","width":1200,"height":1200,"caption":"V0103831_0"},{"@type":"BreadcrumbList","@id":"https:\/\/tupique.com\/product\/casque-sans-fil-pliable-folbeat-innovagoods\/#breadcrumb","itemListElement":[{"@type":"ListItem","position":1,"name":"commencer","item":"https:\/\/tupique.com\/"},{"@type":"ListItem","position":2,"name":"Loja","item":"https:\/\/tupique.com\/pt\/loja\/"},{"@type":"ListItem","position":3,"name":"Casque Sans Fil Pliable Folbeat InnovaGoods"}]},{"@type":"WebSite","@id":"https:\/\/tupique.com\/#website","url":"https:\/\/tupique.com\/","name":"Tupique","description":"","publisher":{"@id":"https:\/\/tupique.com\/#organization"},"potentialAction":[{"@type":"SearchAction","target":{"@type":"EntryPoint","urlTemplate":"https:\/\/tupique.com\/?s={search_term_string}"},"query-input":{"@type":"PropertyValueSpecification","valueRequired":true,"valueName":"search_term_string"}}],"inLanguage":"en-GB"},{"@type":"Organization","@id":"https:\/\/tupique.com\/#organization","name":"Tupique","url":"https:\/\/tupique.com\/","logo":{"@type":"ImageObject","inLanguage":"en-GB","@id":"https:\/\/tupique.com\/#\/schema\/logo\/image\/","url":"https:\/\/tupique.com\/wp-content\/uploads\/2026\/03\/logo-tupique-1.webp","contentUrl":"https:\/\/tupique.com\/wp-content\/uploads\/2026\/03\/logo-tupique-1.webp","width":500,"height":67,"caption":"Tupique"},"image":{"@id":"https:\/\/tupique.com\/#\/schema\/logo\/image\/"}}]}},"_links":{"self":[{"href":"https:\/\/tupique.com\/en\/wp-json\/wp\/v2\/product\/224131","targetHints":{"allow":["GET"]}}],"collection":[{"href":"https:\/\/tupique.com\/en\/wp-json\/wp\/v2\/product"}],"about":[{"href":"https:\/\/tupique.com\/en\/wp-json\/wp\/v2\/types\/product"}],"replies":[{"embeddable":true,"href":"https:\/\/tupique.com\/en\/wp-json\/wp\/v2\/comments?post=224131"}],"wp:featuredmedia":[{"embeddable":true,"href":"https:\/\/tupique.com\/en\/wp-json\/wp\/v2\/media\/224117"}],"wp:attachment":[{"href":"https:\/\/tupique.com\/en\/wp-json\/wp\/v2\/media?parent=224131"}],"wp:term":[{"taxonomy":"product_brand","embeddable":true,"href":"https:\/\/tupique.com\/en\/wp-json\/wp\/v2\/product_brand?post=224131"},{"taxonomy":"product_cat","embeddable":true,"href":"https:\/\/tupique.com\/en\/wp-json\/wp\/v2\/product_cat?post=224131"},{"taxonomy":"product_tag","embeddable":true,"href":"https:\/\/tupique.com\/en\/wp-json\/wp\/v2\/product_tag?post=224131"},{"taxonomy":"woo-feed-brand","embeddable":true,"href":"https:\/\/tupique.com\/en\/wp-json\/wp\/v2\/woo-feed-brand?post=224131"}],"curies":[{"name":"wp","href":"https:\/\/api.w.org\/{rel}","templated":true}]}}