{"id":224197,"date":"2026-05-15T17:33:38","date_gmt":"2026-05-15T15:33:38","guid":{"rendered":"https:\/\/tupique.com\/product\/chargeur-mural-natec-ribera-nuc-2058-noir-18-w\/"},"modified":"2026-05-15T17:33:38","modified_gmt":"2026-05-15T15:33:38","slug":"chargeur-mural-natec-ribera-nuc-2058-noir-18-w","status":"publish","type":"product","link":"https:\/\/tupique.com\/en\/product\/chargeur-mural-natec-ribera-nuc-2058-noir-18-w\/","title":{"rendered":"Chargeur mural Natec RIBERA NUC-2058 Noir 18 W"},"content":{"rendered":"<p>Si vous \u00eates passionn\u00e9 d&#8217;<b>informatique et d&#8217;\u00e9lectronique<\/b>, si vous \u00eates \u00e0 la pointe de la technologie et qu&#8217;aucun d\u00e9tail ne vous \u00e9chappe, achetez <b>Chargeur mural Natec RIBERA NUC-2058 Noir 18 W<\/b> au meilleur prix.<\/p>\n<p>The <b>chargeur mural Natec RIBERA NUC-2058<\/b> est un appareil con\u00e7u pour offrir une solution fiable et efficace pour recharger les appareils \u00e9lectroniques. Ce chargeur d\u2019int\u00e9rieur, de couleur <b>noir<\/b> et de taille compacte (83 mm de largeur, 43 mm de profondeur et 27 mm de hauteur), permet de connecter un seul appareil \u00e0 la fois via un port USB de type A compatible avec la sp\u00e9cification <b>USB 3.2 Gen 1<\/b>. Il se distingue par sa puissance maximale de <b>18 W<\/b> qui, associ\u00e9e \u00e0 la technologie de charge rapide <b>Quick Charge 3.0<\/b>, acc\u00e9l\u00e8re le processus de recharge en s\u2019adaptant \u00e0 diff\u00e9rentes tensions de sortie allant de <b>5 V \u00e0 12 V<\/b> et un courant de sortie maximal variant entre <b>3 A \u00e0 5 V, 2 A \u00e0 9 V et 1,5 A \u00e0 12 V<\/b>. Cette flexibilit\u00e9 le rend compatible avec une large gamme d\u2019appareils universels, assurant une charge optimale et s\u00e9curis\u00e9e. Son alimentation se fait en courant alternatif avec une plage de tension d\u2019entr\u00e9e standard entre <b>100 et 240 V<\/b> et une fr\u00e9quence de <b>50\/60 Hz<\/b>, garantissant son utilisation dans diff\u00e9rents pays et syst\u00e8mes \u00e9lectriques. De plus, la fonction plug and play facilite son usage imm\u00e9diat sans configuration suppl\u00e9mentaire, et son poids l\u00e9ger de <b>53 grammes<\/b> favorise la portabilit\u00e9. Le design universel du Natec RIBERA NUC-2058 en fait un chargeur efficace et polyvalent, adapt\u00e9 aux utilisateurs recherchant une solution rapide et s\u00fbre pour leurs appareils \u00e9lectroniques \u00e0 la maison ou au bureau.<\/p>\n<ul>\n<li>Couleur: Noir<\/li>\n<li>Poids approx.: 53 g<\/li>\n<li>Largeur: 4,3 cm<\/li>\n<li>Bloc d\u2019Alimentation:\n<ul>\n<li>Courant alternatif<\/li>\n<li>r\u00e9seau \u00e9lectrique<\/li>\n<\/ul>\n<\/li>\n<li>Tension d&#8217;entr\u00e9e AC: 100 &#8211; 240 V<\/li>\n<li>Produit \u00e0 brancher: Oui<\/li>\n<li>Type de prise: Prise EU<\/li>\n<li>Type:\n<ul>\n<li>Chargeur<\/li>\n<li>Universel<\/li>\n<\/ul>\n<\/li>\n<li>Technologie: Quick Charge 3.0<\/li>\n<li>Features:\n<ul>\n<li>Universel<\/li>\n<li>Plug &amp; Play<\/li>\n<li>Chargement rapide et fiable<\/li>\n<\/ul>\n<\/li>\n<li>puissance: 18 W<\/li>\n<li>Tension:\n<ul>\n<li>12 V<\/li>\n<li>5 V<\/li>\n<\/ul>\n<\/li>\n<li>Entr\u00e9e AC: 100-240 V<\/li>\n<li>Fr\u00e9quence: 50 &#8211; 60 Hz<\/li>\n<li>Amp\u00e9rage: 3 A<\/li>\n<\/ul>","protected":false},"excerpt":{"rendered":"<p>Si vous \u00eates passionn\u00e9 d&#8217;informatique et d&#8217;\u00e9lectronique, si vous \u00eates \u00e0 la pointe de la technologie et qu&#8217;aucun d\u00e9tail ne vous \u00e9chappe, achetez Chargeur mural Natec RIBERA NUC-2058 Noir 18 W au meilleur prix. Le chargeur mural Natec RIBERA NUC-2058 est un appareil con\u00e7u pour offrir une solution fiable et efficace pour recharger les appareils [&hellip;]<\/p>\n","protected":false},"featured_media":224195,"comment_status":"open","ping_status":"closed","template":"","meta":[],"product_brand":[3367],"product_cat":[961,575,65],"product_tag":[210,566],"woo-feed-brand":[],"class_list":{"0":"post-224197","1":"product","2":"type-product","3":"status-publish","4":"has-post-thumbnail","6":"product_brand-brandp_4560","7":"product_cat-chargeurs-et-cables-usb","8":"product_cat-electronique-telephonie-et-tablettes","9":"product_cat-informatique-electronique","10":"product_tag-tag_25","11":"product_tag-tag_547","13":"first","14":"instock","15":"taxable","16":"shipping-taxable","17":"purchasable","18":"product-type-simple"},"yoast_head":"<!-- This site is optimized with the Yoast SEO plugin v27.6 - https:\/\/yoast.com\/product\/yoast-seo-wordpress\/ -->\n<title>Chargeur mural Natec RIBERA NUC-2058 Noir 18 W | | Tupique<\/title>\n<meta name=\"description\" content=\"Envie d&#039;acheter Chargeur mural Natec RIBERA NUC-2058 Noir 18 W\u00a0? Achetez Chargeur mural Natec RIBERA NUC-2058 Noir 18 W maintenant avec Tupique en 3 versements sans int\u00e9r\u00eat.\" \/>\n<meta name=\"robots\" content=\"index, follow, max-snippet:-1, max-image-preview:large, max-video-preview:-1\" \/>\n<link rel=\"canonical\" href=\"https:\/\/tupique.com\/en\/product\/chargeur-mural-natec-ribera-nuc-2058-noir-18-w\/\" \/>\n<meta property=\"og:locale\" content=\"en_GB\" \/>\n<meta property=\"og:type\" content=\"article\" \/>\n<meta property=\"og:title\" content=\"Chargeur mural Natec RIBERA NUC-2058 Noir 18 W | | Tupique\" \/>\n<meta property=\"og:description\" content=\"Envie d&#039;acheter Chargeur mural Natec RIBERA NUC-2058 Noir 18 W\u00a0? Achetez Chargeur mural Natec RIBERA NUC-2058 Noir 18 W maintenant avec Tupique en 3 versements sans int\u00e9r\u00eat.\" \/>\n<meta property=\"og:url\" content=\"https:\/\/tupique.com\/en\/product\/chargeur-mural-natec-ribera-nuc-2058-noir-18-w\/\" \/>\n<meta property=\"og:site_name\" content=\"Tupique\" \/>\n<meta name=\"twitter:card\" content=\"summary_large_image\" \/>\n<meta name=\"twitter:label1\" content=\"Est. reading time\" \/>\n\t<meta name=\"twitter:data1\" content=\"2 minutes\" \/>\n<script type=\"application\/ld+json\" class=\"yoast-schema-graph\">{\"@context\":\"https:\\\/\\\/schema.org\",\"@graph\":[{\"@type\":\"WebPage\",\"@id\":\"https:\\\/\\\/tupique.com\\\/product\\\/chargeur-mural-natec-ribera-nuc-2058-noir-18-w\\\/\",\"url\":\"https:\\\/\\\/tupique.com\\\/product\\\/chargeur-mural-natec-ribera-nuc-2058-noir-18-w\\\/\",\"name\":\"Chargeur mural Natec RIBERA NUC-2058 Noir 18 W | | Tupique\",\"isPartOf\":{\"@id\":\"https:\\\/\\\/tupique.com\\\/#website\"},\"primaryImageOfPage\":{\"@id\":\"https:\\\/\\\/tupique.com\\\/product\\\/chargeur-mural-natec-ribera-nuc-2058-noir-18-w\\\/#primaryimage\"},\"image\":{\"@id\":\"https:\\\/\\\/tupique.com\\\/product\\\/chargeur-mural-natec-ribera-nuc-2058-noir-18-w\\\/#primaryimage\"},\"thumbnailUrl\":\"https:\\\/\\\/tupique.com\\\/wp-content\\\/uploads\\\/2026\\\/05\\\/5901969443073_I20.jpg\",\"datePublished\":\"2026-05-15T15:33:38+00:00\",\"description\":\"Envie d'acheter Chargeur mural Natec RIBERA NUC-2058 Noir 18 W\u00a0? Achetez Chargeur mural Natec RIBERA NUC-2058 Noir 18 W maintenant avec Tupique en 3 versements sans int\u00e9r\u00eat.\",\"breadcrumb\":{\"@id\":\"https:\\\/\\\/tupique.com\\\/product\\\/chargeur-mural-natec-ribera-nuc-2058-noir-18-w\\\/#breadcrumb\"},\"inLanguage\":\"en-GB\",\"potentialAction\":[{\"@type\":\"ReadAction\",\"target\":[\"https:\\\/\\\/tupique.com\\\/product\\\/chargeur-mural-natec-ribera-nuc-2058-noir-18-w\\\/\"]}]},{\"@type\":\"ImageObject\",\"inLanguage\":\"en-GB\",\"@id\":\"https:\\\/\\\/tupique.com\\\/product\\\/chargeur-mural-natec-ribera-nuc-2058-noir-18-w\\\/#primaryimage\",\"url\":\"https:\\\/\\\/tupique.com\\\/wp-content\\\/uploads\\\/2026\\\/05\\\/5901969443073_I20.jpg\",\"contentUrl\":\"https:\\\/\\\/tupique.com\\\/wp-content\\\/uploads\\\/2026\\\/05\\\/5901969443073_I20.jpg\",\"width\":1200,\"height\":1200,\"caption\":\"S5625836_0\"},{\"@type\":\"BreadcrumbList\",\"@id\":\"https:\\\/\\\/tupique.com\\\/product\\\/chargeur-mural-natec-ribera-nuc-2058-noir-18-w\\\/#breadcrumb\",\"itemListElement\":[{\"@type\":\"ListItem\",\"position\":1,\"name\":\"commencer\",\"item\":\"https:\\\/\\\/tupique.com\\\/\"},{\"@type\":\"ListItem\",\"position\":2,\"name\":\"Loja\",\"item\":\"https:\\\/\\\/tupique.com\\\/pt\\\/loja\\\/\"},{\"@type\":\"ListItem\",\"position\":3,\"name\":\"Chargeur mural Natec RIBERA NUC-2058 Noir 18 W\"}]},{\"@type\":\"WebSite\",\"@id\":\"https:\\\/\\\/tupique.com\\\/#website\",\"url\":\"https:\\\/\\\/tupique.com\\\/\",\"name\":\"Tupique\",\"description\":\"\",\"publisher\":{\"@id\":\"https:\\\/\\\/tupique.com\\\/#organization\"},\"potentialAction\":[{\"@type\":\"SearchAction\",\"target\":{\"@type\":\"EntryPoint\",\"urlTemplate\":\"https:\\\/\\\/tupique.com\\\/?s={search_term_string}\"},\"query-input\":{\"@type\":\"PropertyValueSpecification\",\"valueRequired\":true,\"valueName\":\"search_term_string\"}}],\"inLanguage\":\"en-GB\"},{\"@type\":\"Organization\",\"@id\":\"https:\\\/\\\/tupique.com\\\/#organization\",\"name\":\"Tupique\",\"url\":\"https:\\\/\\\/tupique.com\\\/\",\"logo\":{\"@type\":\"ImageObject\",\"inLanguage\":\"en-GB\",\"@id\":\"https:\\\/\\\/tupique.com\\\/#\\\/schema\\\/logo\\\/image\\\/\",\"url\":\"https:\\\/\\\/tupique.com\\\/wp-content\\\/uploads\\\/2026\\\/03\\\/logo-tupique-1.webp\",\"contentUrl\":\"https:\\\/\\\/tupique.com\\\/wp-content\\\/uploads\\\/2026\\\/03\\\/logo-tupique-1.webp\",\"width\":500,\"height\":67,\"caption\":\"Tupique\"},\"image\":{\"@id\":\"https:\\\/\\\/tupique.com\\\/#\\\/schema\\\/logo\\\/image\\\/\"}}]}<\/script>\n<!-- \/ Yoast SEO plugin. -->","yoast_head_json":{"title":"Chargeur mural Natec RIBERA NUC-2058 Noir 18 W | | Tupique","description":"Envie d'acheter Chargeur mural Natec RIBERA NUC-2058 Noir 18 W\u00a0? Achetez Chargeur mural Natec RIBERA NUC-2058 Noir 18 W maintenant avec Tupique en 3 versements sans int\u00e9r\u00eat.","robots":{"index":"index","follow":"follow","max-snippet":"max-snippet:-1","max-image-preview":"max-image-preview:large","max-video-preview":"max-video-preview:-1"},"canonical":"https:\/\/tupique.com\/en\/product\/chargeur-mural-natec-ribera-nuc-2058-noir-18-w\/","og_locale":"en_GB","og_type":"article","og_title":"Chargeur mural Natec RIBERA NUC-2058 Noir 18 W | | Tupique","og_description":"Envie d'acheter Chargeur mural Natec RIBERA NUC-2058 Noir 18 W\u00a0? Achetez Chargeur mural Natec RIBERA NUC-2058 Noir 18 W maintenant avec Tupique en 3 versements sans int\u00e9r\u00eat.","og_url":"https:\/\/tupique.com\/en\/product\/chargeur-mural-natec-ribera-nuc-2058-noir-18-w\/","og_site_name":"Tupique","twitter_card":"summary_large_image","twitter_misc":{"Est. reading time":"2 minutes"},"schema":{"@context":"https:\/\/schema.org","@graph":[{"@type":"WebPage","@id":"https:\/\/tupique.com\/product\/chargeur-mural-natec-ribera-nuc-2058-noir-18-w\/","url":"https:\/\/tupique.com\/product\/chargeur-mural-natec-ribera-nuc-2058-noir-18-w\/","name":"Chargeur mural Natec RIBERA NUC-2058 Noir 18 W | | Tupique","isPartOf":{"@id":"https:\/\/tupique.com\/#website"},"primaryImageOfPage":{"@id":"https:\/\/tupique.com\/product\/chargeur-mural-natec-ribera-nuc-2058-noir-18-w\/#primaryimage"},"image":{"@id":"https:\/\/tupique.com\/product\/chargeur-mural-natec-ribera-nuc-2058-noir-18-w\/#primaryimage"},"thumbnailUrl":"https:\/\/tupique.com\/wp-content\/uploads\/2026\/05\/5901969443073_I20.jpg","datePublished":"2026-05-15T15:33:38+00:00","description":"Envie d'acheter Chargeur mural Natec RIBERA NUC-2058 Noir 18 W\u00a0? Achetez Chargeur mural Natec RIBERA NUC-2058 Noir 18 W maintenant avec Tupique en 3 versements sans int\u00e9r\u00eat.","breadcrumb":{"@id":"https:\/\/tupique.com\/product\/chargeur-mural-natec-ribera-nuc-2058-noir-18-w\/#breadcrumb"},"inLanguage":"en-GB","potentialAction":[{"@type":"ReadAction","target":["https:\/\/tupique.com\/product\/chargeur-mural-natec-ribera-nuc-2058-noir-18-w\/"]}]},{"@type":"ImageObject","inLanguage":"en-GB","@id":"https:\/\/tupique.com\/product\/chargeur-mural-natec-ribera-nuc-2058-noir-18-w\/#primaryimage","url":"https:\/\/tupique.com\/wp-content\/uploads\/2026\/05\/5901969443073_I20.jpg","contentUrl":"https:\/\/tupique.com\/wp-content\/uploads\/2026\/05\/5901969443073_I20.jpg","width":1200,"height":1200,"caption":"S5625836_0"},{"@type":"BreadcrumbList","@id":"https:\/\/tupique.com\/product\/chargeur-mural-natec-ribera-nuc-2058-noir-18-w\/#breadcrumb","itemListElement":[{"@type":"ListItem","position":1,"name":"commencer","item":"https:\/\/tupique.com\/"},{"@type":"ListItem","position":2,"name":"Loja","item":"https:\/\/tupique.com\/pt\/loja\/"},{"@type":"ListItem","position":3,"name":"Chargeur mural Natec RIBERA NUC-2058 Noir 18 W"}]},{"@type":"WebSite","@id":"https:\/\/tupique.com\/#website","url":"https:\/\/tupique.com\/","name":"Tupique","description":"","publisher":{"@id":"https:\/\/tupique.com\/#organization"},"potentialAction":[{"@type":"SearchAction","target":{"@type":"EntryPoint","urlTemplate":"https:\/\/tupique.com\/?s={search_term_string}"},"query-input":{"@type":"PropertyValueSpecification","valueRequired":true,"valueName":"search_term_string"}}],"inLanguage":"en-GB"},{"@type":"Organization","@id":"https:\/\/tupique.com\/#organization","name":"Tupique","url":"https:\/\/tupique.com\/","logo":{"@type":"ImageObject","inLanguage":"en-GB","@id":"https:\/\/tupique.com\/#\/schema\/logo\/image\/","url":"https:\/\/tupique.com\/wp-content\/uploads\/2026\/03\/logo-tupique-1.webp","contentUrl":"https:\/\/tupique.com\/wp-content\/uploads\/2026\/03\/logo-tupique-1.webp","width":500,"height":67,"caption":"Tupique"},"image":{"@id":"https:\/\/tupique.com\/#\/schema\/logo\/image\/"}}]}},"_links":{"self":[{"href":"https:\/\/tupique.com\/en\/wp-json\/wp\/v2\/product\/224197","targetHints":{"allow":["GET"]}}],"collection":[{"href":"https:\/\/tupique.com\/en\/wp-json\/wp\/v2\/product"}],"about":[{"href":"https:\/\/tupique.com\/en\/wp-json\/wp\/v2\/types\/product"}],"replies":[{"embeddable":true,"href":"https:\/\/tupique.com\/en\/wp-json\/wp\/v2\/comments?post=224197"}],"wp:featuredmedia":[{"embeddable":true,"href":"https:\/\/tupique.com\/en\/wp-json\/wp\/v2\/media\/224195"}],"wp:attachment":[{"href":"https:\/\/tupique.com\/en\/wp-json\/wp\/v2\/media?parent=224197"}],"wp:term":[{"taxonomy":"product_brand","embeddable":true,"href":"https:\/\/tupique.com\/en\/wp-json\/wp\/v2\/product_brand?post=224197"},{"taxonomy":"product_cat","embeddable":true,"href":"https:\/\/tupique.com\/en\/wp-json\/wp\/v2\/product_cat?post=224197"},{"taxonomy":"product_tag","embeddable":true,"href":"https:\/\/tupique.com\/en\/wp-json\/wp\/v2\/product_tag?post=224197"},{"taxonomy":"woo-feed-brand","embeddable":true,"href":"https:\/\/tupique.com\/en\/wp-json\/wp\/v2\/woo-feed-brand?post=224197"}],"curies":[{"name":"wp","href":"https:\/\/api.w.org\/{rel}","templated":true}]}}