{"id":224209,"date":"2026-05-15T17:34:10","date_gmt":"2026-05-15T15:34:10","guid":{"rendered":"https:\/\/tupique.com\/product\/chargeur-mural-vention-fakw0-eu-30-w-usb-c-jaune\/"},"modified":"2026-05-15T17:34:10","modified_gmt":"2026-05-15T15:34:10","slug":"chargeur-mural-vention-fakw0-eu-30-w-usb-c-jaune","status":"publish","type":"product","link":"https:\/\/tupique.com\/en\/product\/chargeur-mural-vention-fakw0-eu-30-w-usb-c-jaune\/","title":{"rendered":"Chargeur mural Vention FAKW0-EU 30 W USB-C Jaune"},"content":{"rendered":"<p>Si vous \u00eates passionn\u00e9 d&#8217;<b>informatique et d&#8217;\u00e9lectronique<\/b>, si vous \u00eates \u00e0 la pointe de la technologie et qu&#8217;aucun d\u00e9tail ne vous \u00e9chappe, achetez <b>Chargeur mural Vention FAKW0-EU 30 W USB-C Jaune<\/b> au meilleur prix.<\/p>\n<ul>\n<li>puissance: 30 W<\/li>\n<li>Connexions: USB-C<\/li>\n<li>Produit \u00e0 brancher: Oui<\/li>\n<li>Type de prise:\n<ul>\n<li>Prise EU<\/li>\n<li>Type C<\/li>\n<\/ul>\n<\/li>\n<li>Type: Chargeur<\/li>\n<li>Couleur: Jaune<\/li>\n<li>Features:\n<ul>\n<li>Universel<\/li>\n<li>Chargement rapide et fiable<\/li>\n<\/ul>\n<\/li>\n<li>Mati\u00e8re: Polycarbonate<\/li>\n<li>Tension:\n<ul>\n<li>5 V<\/li>\n<li>20 V<\/li>\n<li>100 &#8211; 240 V<\/li>\n<\/ul>\n<\/li>\n<li>Compatible: Smartphone<\/li>\n<li>Fr\u00e9quence: 50 &#8211; 60 Hz<\/li>\n<\/ul>","protected":false},"excerpt":{"rendered":"<p>Si vous \u00eates passionn\u00e9 d&#8217;informatique et d&#8217;\u00e9lectronique, si vous \u00eates \u00e0 la pointe de la technologie et qu&#8217;aucun d\u00e9tail ne vous \u00e9chappe, achetez Chargeur mural Vention FAKW0-EU 30 W USB-C Jaune au meilleur prix. puissance: 30 W Connexions: USB-C Produit \u00e0 brancher: Oui Type de prise: Prise EU Type C Type: Chargeur Couleur: Jaune Caract\u00e9ristiques: [&hellip;]<\/p>\n","protected":false},"featured_media":224202,"comment_status":"open","ping_status":"closed","template":"","meta":[],"product_brand":[2973],"product_cat":[961,575,65],"product_tag":[210,566],"woo-feed-brand":[],"class_list":{"0":"post-224209","1":"product","2":"type-product","3":"status-publish","4":"has-post-thumbnail","6":"product_brand-brandp_8465","7":"product_cat-chargeurs-et-cables-usb","8":"product_cat-electronique-telephonie-et-tablettes","9":"product_cat-informatique-electronique","10":"product_tag-tag_25","11":"product_tag-tag_547","13":"first","14":"instock","15":"taxable","16":"shipping-taxable","17":"purchasable","18":"product-type-simple"},"yoast_head":"<!-- This site is optimized with the Yoast SEO plugin v27.6 - https:\/\/yoast.com\/product\/yoast-seo-wordpress\/ -->\n<title>Chargeur mural Vention FAKW0-EU 30 W USB-C Jaune | | Tupique<\/title>\n<meta name=\"description\" content=\"Envie d&#039;acheter Chargeur mural Vention FAKW0-EU 30 W USB-C Jaune\u00a0? Achetez Chargeur mural Vention FAKW0-EU 30 W USB-C Jaune maintenant avec Tupique en 3 versements sans int\u00e9r\u00eat.\" \/>\n<meta name=\"robots\" content=\"index, follow, max-snippet:-1, max-image-preview:large, max-video-preview:-1\" \/>\n<link rel=\"canonical\" href=\"https:\/\/tupique.com\/en\/product\/chargeur-mural-vention-fakw0-eu-30-w-usb-c-jaune\/\" \/>\n<meta property=\"og:locale\" content=\"en_GB\" \/>\n<meta property=\"og:type\" content=\"article\" \/>\n<meta property=\"og:title\" content=\"Chargeur mural Vention FAKW0-EU 30 W USB-C Jaune | | Tupique\" \/>\n<meta property=\"og:description\" content=\"Envie d&#039;acheter Chargeur mural Vention FAKW0-EU 30 W USB-C Jaune\u00a0? Achetez Chargeur mural Vention FAKW0-EU 30 W USB-C Jaune maintenant avec Tupique en 3 versements sans int\u00e9r\u00eat.\" \/>\n<meta property=\"og:url\" content=\"https:\/\/tupique.com\/en\/product\/chargeur-mural-vention-fakw0-eu-30-w-usb-c-jaune\/\" \/>\n<meta property=\"og:site_name\" content=\"Tupique\" \/>\n<meta name=\"twitter:card\" content=\"summary_large_image\" \/>\n<script type=\"application\/ld+json\" class=\"yoast-schema-graph\">{\"@context\":\"https:\\\/\\\/schema.org\",\"@graph\":[{\"@type\":\"WebPage\",\"@id\":\"https:\\\/\\\/tupique.com\\\/product\\\/chargeur-mural-vention-fakw0-eu-30-w-usb-c-jaune\\\/\",\"url\":\"https:\\\/\\\/tupique.com\\\/product\\\/chargeur-mural-vention-fakw0-eu-30-w-usb-c-jaune\\\/\",\"name\":\"Chargeur mural Vention FAKW0-EU 30 W USB-C Jaune | | Tupique\",\"isPartOf\":{\"@id\":\"https:\\\/\\\/tupique.com\\\/#website\"},\"primaryImageOfPage\":{\"@id\":\"https:\\\/\\\/tupique.com\\\/product\\\/chargeur-mural-vention-fakw0-eu-30-w-usb-c-jaune\\\/#primaryimage\"},\"image\":{\"@id\":\"https:\\\/\\\/tupique.com\\\/product\\\/chargeur-mural-vention-fakw0-eu-30-w-usb-c-jaune\\\/#primaryimage\"},\"thumbnailUrl\":\"https:\\\/\\\/tupique.com\\\/wp-content\\\/uploads\\\/2026\\\/05\\\/6922794769311_S7830419_P00.jpg\",\"datePublished\":\"2026-05-15T15:34:10+00:00\",\"description\":\"Envie d'acheter Chargeur mural Vention FAKW0-EU 30 W USB-C Jaune\u00a0? Achetez Chargeur mural Vention FAKW0-EU 30 W USB-C Jaune maintenant avec Tupique en 3 versements sans int\u00e9r\u00eat.\",\"breadcrumb\":{\"@id\":\"https:\\\/\\\/tupique.com\\\/product\\\/chargeur-mural-vention-fakw0-eu-30-w-usb-c-jaune\\\/#breadcrumb\"},\"inLanguage\":\"en-GB\",\"potentialAction\":[{\"@type\":\"ReadAction\",\"target\":[\"https:\\\/\\\/tupique.com\\\/product\\\/chargeur-mural-vention-fakw0-eu-30-w-usb-c-jaune\\\/\"]}]},{\"@type\":\"ImageObject\",\"inLanguage\":\"en-GB\",\"@id\":\"https:\\\/\\\/tupique.com\\\/product\\\/chargeur-mural-vention-fakw0-eu-30-w-usb-c-jaune\\\/#primaryimage\",\"url\":\"https:\\\/\\\/tupique.com\\\/wp-content\\\/uploads\\\/2026\\\/05\\\/6922794769311_S7830419_P00.jpg\",\"contentUrl\":\"https:\\\/\\\/tupique.com\\\/wp-content\\\/uploads\\\/2026\\\/05\\\/6922794769311_S7830419_P00.jpg\",\"width\":1200,\"height\":1200,\"caption\":\"S7830419_0\"},{\"@type\":\"BreadcrumbList\",\"@id\":\"https:\\\/\\\/tupique.com\\\/product\\\/chargeur-mural-vention-fakw0-eu-30-w-usb-c-jaune\\\/#breadcrumb\",\"itemListElement\":[{\"@type\":\"ListItem\",\"position\":1,\"name\":\"commencer\",\"item\":\"https:\\\/\\\/tupique.com\\\/\"},{\"@type\":\"ListItem\",\"position\":2,\"name\":\"Loja\",\"item\":\"https:\\\/\\\/tupique.com\\\/pt\\\/loja\\\/\"},{\"@type\":\"ListItem\",\"position\":3,\"name\":\"Chargeur mural Vention FAKW0-EU 30 W USB-C Jaune\"}]},{\"@type\":\"WebSite\",\"@id\":\"https:\\\/\\\/tupique.com\\\/#website\",\"url\":\"https:\\\/\\\/tupique.com\\\/\",\"name\":\"Tupique\",\"description\":\"\",\"publisher\":{\"@id\":\"https:\\\/\\\/tupique.com\\\/#organization\"},\"potentialAction\":[{\"@type\":\"SearchAction\",\"target\":{\"@type\":\"EntryPoint\",\"urlTemplate\":\"https:\\\/\\\/tupique.com\\\/?s={search_term_string}\"},\"query-input\":{\"@type\":\"PropertyValueSpecification\",\"valueRequired\":true,\"valueName\":\"search_term_string\"}}],\"inLanguage\":\"en-GB\"},{\"@type\":\"Organization\",\"@id\":\"https:\\\/\\\/tupique.com\\\/#organization\",\"name\":\"Tupique\",\"url\":\"https:\\\/\\\/tupique.com\\\/\",\"logo\":{\"@type\":\"ImageObject\",\"inLanguage\":\"en-GB\",\"@id\":\"https:\\\/\\\/tupique.com\\\/#\\\/schema\\\/logo\\\/image\\\/\",\"url\":\"https:\\\/\\\/tupique.com\\\/wp-content\\\/uploads\\\/2026\\\/03\\\/logo-tupique-1.webp\",\"contentUrl\":\"https:\\\/\\\/tupique.com\\\/wp-content\\\/uploads\\\/2026\\\/03\\\/logo-tupique-1.webp\",\"width\":500,\"height\":67,\"caption\":\"Tupique\"},\"image\":{\"@id\":\"https:\\\/\\\/tupique.com\\\/#\\\/schema\\\/logo\\\/image\\\/\"}}]}<\/script>\n<!-- \/ Yoast SEO plugin. -->","yoast_head_json":{"title":"Chargeur mural Vention FAKW0-EU 30 W USB-C Jaune | | Tupique","description":"Envie d'acheter Chargeur mural Vention FAKW0-EU 30 W USB-C Jaune\u00a0? Achetez Chargeur mural Vention FAKW0-EU 30 W USB-C Jaune maintenant avec Tupique en 3 versements sans int\u00e9r\u00eat.","robots":{"index":"index","follow":"follow","max-snippet":"max-snippet:-1","max-image-preview":"max-image-preview:large","max-video-preview":"max-video-preview:-1"},"canonical":"https:\/\/tupique.com\/en\/product\/chargeur-mural-vention-fakw0-eu-30-w-usb-c-jaune\/","og_locale":"en_GB","og_type":"article","og_title":"Chargeur mural Vention FAKW0-EU 30 W USB-C Jaune | | Tupique","og_description":"Envie d'acheter Chargeur mural Vention FAKW0-EU 30 W USB-C Jaune\u00a0? Achetez Chargeur mural Vention FAKW0-EU 30 W USB-C Jaune maintenant avec Tupique en 3 versements sans int\u00e9r\u00eat.","og_url":"https:\/\/tupique.com\/en\/product\/chargeur-mural-vention-fakw0-eu-30-w-usb-c-jaune\/","og_site_name":"Tupique","twitter_card":"summary_large_image","schema":{"@context":"https:\/\/schema.org","@graph":[{"@type":"WebPage","@id":"https:\/\/tupique.com\/product\/chargeur-mural-vention-fakw0-eu-30-w-usb-c-jaune\/","url":"https:\/\/tupique.com\/product\/chargeur-mural-vention-fakw0-eu-30-w-usb-c-jaune\/","name":"Chargeur mural Vention FAKW0-EU 30 W USB-C Jaune | | Tupique","isPartOf":{"@id":"https:\/\/tupique.com\/#website"},"primaryImageOfPage":{"@id":"https:\/\/tupique.com\/product\/chargeur-mural-vention-fakw0-eu-30-w-usb-c-jaune\/#primaryimage"},"image":{"@id":"https:\/\/tupique.com\/product\/chargeur-mural-vention-fakw0-eu-30-w-usb-c-jaune\/#primaryimage"},"thumbnailUrl":"https:\/\/tupique.com\/wp-content\/uploads\/2026\/05\/6922794769311_S7830419_P00.jpg","datePublished":"2026-05-15T15:34:10+00:00","description":"Envie d'acheter Chargeur mural Vention FAKW0-EU 30 W USB-C Jaune\u00a0? Achetez Chargeur mural Vention FAKW0-EU 30 W USB-C Jaune maintenant avec Tupique en 3 versements sans int\u00e9r\u00eat.","breadcrumb":{"@id":"https:\/\/tupique.com\/product\/chargeur-mural-vention-fakw0-eu-30-w-usb-c-jaune\/#breadcrumb"},"inLanguage":"en-GB","potentialAction":[{"@type":"ReadAction","target":["https:\/\/tupique.com\/product\/chargeur-mural-vention-fakw0-eu-30-w-usb-c-jaune\/"]}]},{"@type":"ImageObject","inLanguage":"en-GB","@id":"https:\/\/tupique.com\/product\/chargeur-mural-vention-fakw0-eu-30-w-usb-c-jaune\/#primaryimage","url":"https:\/\/tupique.com\/wp-content\/uploads\/2026\/05\/6922794769311_S7830419_P00.jpg","contentUrl":"https:\/\/tupique.com\/wp-content\/uploads\/2026\/05\/6922794769311_S7830419_P00.jpg","width":1200,"height":1200,"caption":"S7830419_0"},{"@type":"BreadcrumbList","@id":"https:\/\/tupique.com\/product\/chargeur-mural-vention-fakw0-eu-30-w-usb-c-jaune\/#breadcrumb","itemListElement":[{"@type":"ListItem","position":1,"name":"commencer","item":"https:\/\/tupique.com\/"},{"@type":"ListItem","position":2,"name":"Loja","item":"https:\/\/tupique.com\/pt\/loja\/"},{"@type":"ListItem","position":3,"name":"Chargeur mural Vention FAKW0-EU 30 W USB-C Jaune"}]},{"@type":"WebSite","@id":"https:\/\/tupique.com\/#website","url":"https:\/\/tupique.com\/","name":"Tupique","description":"","publisher":{"@id":"https:\/\/tupique.com\/#organization"},"potentialAction":[{"@type":"SearchAction","target":{"@type":"EntryPoint","urlTemplate":"https:\/\/tupique.com\/?s={search_term_string}"},"query-input":{"@type":"PropertyValueSpecification","valueRequired":true,"valueName":"search_term_string"}}],"inLanguage":"en-GB"},{"@type":"Organization","@id":"https:\/\/tupique.com\/#organization","name":"Tupique","url":"https:\/\/tupique.com\/","logo":{"@type":"ImageObject","inLanguage":"en-GB","@id":"https:\/\/tupique.com\/#\/schema\/logo\/image\/","url":"https:\/\/tupique.com\/wp-content\/uploads\/2026\/03\/logo-tupique-1.webp","contentUrl":"https:\/\/tupique.com\/wp-content\/uploads\/2026\/03\/logo-tupique-1.webp","width":500,"height":67,"caption":"Tupique"},"image":{"@id":"https:\/\/tupique.com\/#\/schema\/logo\/image\/"}}]}},"_links":{"self":[{"href":"https:\/\/tupique.com\/en\/wp-json\/wp\/v2\/product\/224209","targetHints":{"allow":["GET"]}}],"collection":[{"href":"https:\/\/tupique.com\/en\/wp-json\/wp\/v2\/product"}],"about":[{"href":"https:\/\/tupique.com\/en\/wp-json\/wp\/v2\/types\/product"}],"replies":[{"embeddable":true,"href":"https:\/\/tupique.com\/en\/wp-json\/wp\/v2\/comments?post=224209"}],"wp:featuredmedia":[{"embeddable":true,"href":"https:\/\/tupique.com\/en\/wp-json\/wp\/v2\/media\/224202"}],"wp:attachment":[{"href":"https:\/\/tupique.com\/en\/wp-json\/wp\/v2\/media?parent=224209"}],"wp:term":[{"taxonomy":"product_brand","embeddable":true,"href":"https:\/\/tupique.com\/en\/wp-json\/wp\/v2\/product_brand?post=224209"},{"taxonomy":"product_cat","embeddable":true,"href":"https:\/\/tupique.com\/en\/wp-json\/wp\/v2\/product_cat?post=224209"},{"taxonomy":"product_tag","embeddable":true,"href":"https:\/\/tupique.com\/en\/wp-json\/wp\/v2\/product_tag?post=224209"},{"taxonomy":"woo-feed-brand","embeddable":true,"href":"https:\/\/tupique.com\/en\/wp-json\/wp\/v2\/woo-feed-brand?post=224209"}],"curies":[{"name":"wp","href":"https:\/\/api.w.org\/{rel}","templated":true}]}}