{"id":224256,"date":"2026-05-15T17:49:06","date_gmt":"2026-05-15T15:49:06","guid":{"rendered":"https:\/\/tupique.com\/product\/sacoche-pour-portable-munich-caviar-noir-31-x-40-x-16-cm\/"},"modified":"2026-05-15T17:49:06","modified_gmt":"2026-05-15T15:49:06","slug":"sacoche-pour-portable-munich-caviar-noir-31-x-40-x-16-cm","status":"publish","type":"product","link":"https:\/\/tupique.com\/en\/product\/sacoche-pour-portable-munich-caviar-noir-31-x-40-x-16-cm\/","title":{"rendered":"Sacoche pour Portable Munich Caviar Noir 31 x 40 x 16 cm"},"content":{"rendered":"<p>Si vous \u00eates passionn\u00e9 d&#8217;<b>informatique et d&#8217;\u00e9lectronique<\/b>, si vous \u00eates \u00e0 la pointe de la technologie et qu&#8217;aucun d\u00e9tail ne vous \u00e9chappe, achetez <b>Sacoche pour Portable Munich Caviar Noir 31 x 40 x 16 cm<\/b> au meilleur prix.<\/p>\n<p>The <b>sac \u00e0 dos pour ordinateur portable Caviar<\/b> de la marque Munich est un accessoire con\u00e7u pour offrir fonctionnalit\u00e9 et confort dans le transport des appareils \u00e9lectroniques. Fabriqu\u00e9 avec des <b>mat\u00e9riaux r\u00e9sistants<\/b> tels que le <b>PVC<\/b> and the <b>polyester 600d<\/b>, ce sac pr\u00e9sente une finition en <b>couleur noire<\/b>, id\u00e9ale pour un style sobre et professionnel. Sa structure int\u00e8gre un <b>rembourrage ergonomique<\/b> qui assure protection et confort \u00e0 l\u2019utilisateur pendant son usage, sp\u00e9cialement con\u00e7u pour prot\u00e9ger les ordinateurs portables jusqu\u2019\u00e0 <b>14,1 pouces<\/b>. Parmi ses caract\u00e9ristiques, on trouve une pratique <b>poche avant zipp\u00e9e<\/b> facilitant l\u2019acc\u00e8s aux accessoires ou documents, tandis que sa <b>poign\u00e9e sup\u00e9rieure<\/b> apporte de la polyvalence pour un transport \u00e0 la main. Ce sac est adapt\u00e9 aux utilisateurs d\u00e8s <b>3 ans<\/b>, ce qui t\u00e9moigne d\u2019une conception s\u00fbre et appropri\u00e9e \u00e0 diff\u00e9rents \u00e2ges, bien que principalement destin\u00e9 \u00e0 un public jeune ou adulte. Ses dimensions approximatives de <b>31 x 40 x 16 cm<\/b> garantissent une taille compacte qui n\u2019entrave pas l\u2019espace utile pour organiser et prot\u00e9ger efficacement l\u2019ordinateur portable et ses accessoires. En r\u00e9sum\u00e9, le sac Munich Caviar allie durabilit\u00e9, praticit\u00e9 et design simple pour ceux qui recherchent un produit fiable au quotidien, \u00e9quilibrant protection et confort dans un format fonctionnel.<\/p>\n<ul>\n<li>Type: Sacoche pour Portable<\/li>\n<li>Compartiments:\n<ul>\n<li>Compartiment principal<\/li>\n<li>Poche int\u00e9rieure<\/li>\n<li>Compartiment pour ordinateur portable (jusqu&#8217;\u00e0 14,1&#8243;)<\/li>\n<li>Poche avant avec fermeture \u00e9clair<\/li>\n<\/ul>\n<\/li>\n<li>Couleur: Noir<\/li>\n<li>Mati\u00e8re: PVC<\/li>\n<li>Features:\n<ul>\n<li>Rembourrage ergonomique<\/li>\n<li>Poign\u00e9e sup\u00e9rieure<\/li>\n<\/ul>\n<\/li>\n<li>Genre: Jeunes<\/li>\n<li>Composition: Polyester 600D<\/li>\n<li>Type de fermeture: Fermeture \u00e9clair<\/li>\n<li>Inclut: Poche lat\u00e9rale pour la bouteille<\/li>\n<li>Dimensions approx.: 31 x 40 x 16 cm<\/li>\n<\/ul>","protected":false},"excerpt":{"rendered":"<p>Si vous \u00eates passionn\u00e9 d&#8217;informatique et d&#8217;\u00e9lectronique, si vous \u00eates \u00e0 la pointe de la technologie et qu&#8217;aucun d\u00e9tail ne vous \u00e9chappe, achetez Sacoche pour Portable Munich Caviar Noir 31 x 40 x 16 cm au meilleur prix. Le sac \u00e0 dos pour ordinateur portable Caviar de la marque Munich est un accessoire con\u00e7u pour [&hellip;]<\/p>\n","protected":false},"featured_media":224252,"comment_status":"open","ping_status":"closed","template":"","meta":[],"product_brand":[3328],"product_cat":[65,958,3273],"product_tag":[213,106],"woo-feed-brand":[],"class_list":{"0":"post-224256","1":"product","2":"type-product","3":"status-publish","4":"has-post-thumbnail","6":"product_brand-brandp_2534","7":"product_cat-informatique-electronique","8":"product_cat-informatique-ordinateurs","9":"product_cat-mallettes-et-sacs","10":"product_tag-tag_933","11":"product_tag-tag_1295","13":"first","14":"instock","15":"taxable","16":"shipping-taxable","17":"purchasable","18":"product-type-simple"},"yoast_head":"<!-- This site is optimized with the Yoast SEO plugin v27.6 - https:\/\/yoast.com\/product\/yoast-seo-wordpress\/ -->\n<title>Sacoche pour Portable Munich Caviar Noir 31 x 40 x 16 cm | | Tupique<\/title>\n<meta name=\"description\" content=\"Envie d&#039;acheter Sacoche pour Portable Munich Caviar Noir 31 x 40 x 16 cm\u00a0? Achetez Sacoche pour Portable Munich Caviar Noir 31 x 40 x 16 cm maintenant avec Tupique en 3 versements sans int\u00e9r\u00eat.\" \/>\n<meta name=\"robots\" content=\"index, follow, max-snippet:-1, max-image-preview:large, max-video-preview:-1\" \/>\n<link rel=\"canonical\" href=\"https:\/\/tupique.com\/en\/product\/sacoche-pour-portable-munich-caviar-noir-31-x-40-x-16-cm\/\" \/>\n<meta property=\"og:locale\" content=\"en_GB\" \/>\n<meta property=\"og:type\" content=\"article\" \/>\n<meta property=\"og:title\" content=\"Sacoche pour Portable Munich Caviar Noir 31 x 40 x 16 cm | | Tupique\" \/>\n<meta property=\"og:description\" content=\"Envie d&#039;acheter Sacoche pour Portable Munich Caviar Noir 31 x 40 x 16 cm\u00a0? Achetez Sacoche pour Portable Munich Caviar Noir 31 x 40 x 16 cm maintenant avec Tupique en 3 versements sans int\u00e9r\u00eat.\" \/>\n<meta property=\"og:url\" content=\"https:\/\/tupique.com\/en\/product\/sacoche-pour-portable-munich-caviar-noir-31-x-40-x-16-cm\/\" \/>\n<meta property=\"og:site_name\" content=\"Tupique\" \/>\n<meta name=\"twitter:card\" content=\"summary_large_image\" \/>\n<meta name=\"twitter:label1\" content=\"Est. reading time\" \/>\n\t<meta name=\"twitter:data1\" content=\"1 minute\" \/>\n<script type=\"application\/ld+json\" class=\"yoast-schema-graph\">{\"@context\":\"https:\\\/\\\/schema.org\",\"@graph\":[{\"@type\":\"WebPage\",\"@id\":\"https:\\\/\\\/tupique.com\\\/product\\\/sacoche-pour-portable-munich-caviar-noir-31-x-40-x-16-cm\\\/\",\"url\":\"https:\\\/\\\/tupique.com\\\/product\\\/sacoche-pour-portable-munich-caviar-noir-31-x-40-x-16-cm\\\/\",\"name\":\"Sacoche pour Portable Munich Caviar Noir 31 x 40 x 16 cm | | Tupique\",\"isPartOf\":{\"@id\":\"https:\\\/\\\/tupique.com\\\/#website\"},\"primaryImageOfPage\":{\"@id\":\"https:\\\/\\\/tupique.com\\\/product\\\/sacoche-pour-portable-munich-caviar-noir-31-x-40-x-16-cm\\\/#primaryimage\"},\"image\":{\"@id\":\"https:\\\/\\\/tupique.com\\\/product\\\/sacoche-pour-portable-munich-caviar-noir-31-x-40-x-16-cm\\\/#primaryimage\"},\"thumbnailUrl\":\"https:\\\/\\\/tupique.com\\\/wp-content\\\/uploads\\\/2026\\\/05\\\/8412688504671_S4310286_P00.jpg\",\"datePublished\":\"2026-05-15T15:49:06+00:00\",\"description\":\"Envie d'acheter Sacoche pour Portable Munich Caviar Noir 31 x 40 x 16 cm\u00a0? Achetez Sacoche pour Portable Munich Caviar Noir 31 x 40 x 16 cm maintenant avec Tupique en 3 versements sans int\u00e9r\u00eat.\",\"breadcrumb\":{\"@id\":\"https:\\\/\\\/tupique.com\\\/product\\\/sacoche-pour-portable-munich-caviar-noir-31-x-40-x-16-cm\\\/#breadcrumb\"},\"inLanguage\":\"en-GB\",\"potentialAction\":[{\"@type\":\"ReadAction\",\"target\":[\"https:\\\/\\\/tupique.com\\\/product\\\/sacoche-pour-portable-munich-caviar-noir-31-x-40-x-16-cm\\\/\"]}]},{\"@type\":\"ImageObject\",\"inLanguage\":\"en-GB\",\"@id\":\"https:\\\/\\\/tupique.com\\\/product\\\/sacoche-pour-portable-munich-caviar-noir-31-x-40-x-16-cm\\\/#primaryimage\",\"url\":\"https:\\\/\\\/tupique.com\\\/wp-content\\\/uploads\\\/2026\\\/05\\\/8412688504671_S4310286_P00.jpg\",\"contentUrl\":\"https:\\\/\\\/tupique.com\\\/wp-content\\\/uploads\\\/2026\\\/05\\\/8412688504671_S4310286_P00.jpg\",\"width\":1200,\"height\":1200,\"caption\":\"S4310286_0\"},{\"@type\":\"BreadcrumbList\",\"@id\":\"https:\\\/\\\/tupique.com\\\/product\\\/sacoche-pour-portable-munich-caviar-noir-31-x-40-x-16-cm\\\/#breadcrumb\",\"itemListElement\":[{\"@type\":\"ListItem\",\"position\":1,\"name\":\"commencer\",\"item\":\"https:\\\/\\\/tupique.com\\\/\"},{\"@type\":\"ListItem\",\"position\":2,\"name\":\"Loja\",\"item\":\"https:\\\/\\\/tupique.com\\\/pt\\\/loja\\\/\"},{\"@type\":\"ListItem\",\"position\":3,\"name\":\"Sacoche pour Portable Munich Caviar Noir 31 x 40 x 16 cm\"}]},{\"@type\":\"WebSite\",\"@id\":\"https:\\\/\\\/tupique.com\\\/#website\",\"url\":\"https:\\\/\\\/tupique.com\\\/\",\"name\":\"Tupique\",\"description\":\"\",\"publisher\":{\"@id\":\"https:\\\/\\\/tupique.com\\\/#organization\"},\"potentialAction\":[{\"@type\":\"SearchAction\",\"target\":{\"@type\":\"EntryPoint\",\"urlTemplate\":\"https:\\\/\\\/tupique.com\\\/?s={search_term_string}\"},\"query-input\":{\"@type\":\"PropertyValueSpecification\",\"valueRequired\":true,\"valueName\":\"search_term_string\"}}],\"inLanguage\":\"en-GB\"},{\"@type\":\"Organization\",\"@id\":\"https:\\\/\\\/tupique.com\\\/#organization\",\"name\":\"Tupique\",\"url\":\"https:\\\/\\\/tupique.com\\\/\",\"logo\":{\"@type\":\"ImageObject\",\"inLanguage\":\"en-GB\",\"@id\":\"https:\\\/\\\/tupique.com\\\/#\\\/schema\\\/logo\\\/image\\\/\",\"url\":\"https:\\\/\\\/tupique.com\\\/wp-content\\\/uploads\\\/2026\\\/03\\\/logo-tupique-1.webp\",\"contentUrl\":\"https:\\\/\\\/tupique.com\\\/wp-content\\\/uploads\\\/2026\\\/03\\\/logo-tupique-1.webp\",\"width\":500,\"height\":67,\"caption\":\"Tupique\"},\"image\":{\"@id\":\"https:\\\/\\\/tupique.com\\\/#\\\/schema\\\/logo\\\/image\\\/\"}}]}<\/script>\n<!-- \/ Yoast SEO plugin. -->","yoast_head_json":{"title":"Sacoche pour Portable Munich Caviar Noir 31 x 40 x 16 cm | | Tupique","description":"Envie d'acheter Sacoche pour Portable Munich Caviar Noir 31 x 40 x 16 cm\u00a0? Achetez Sacoche pour Portable Munich Caviar Noir 31 x 40 x 16 cm maintenant avec Tupique en 3 versements sans int\u00e9r\u00eat.","robots":{"index":"index","follow":"follow","max-snippet":"max-snippet:-1","max-image-preview":"max-image-preview:large","max-video-preview":"max-video-preview:-1"},"canonical":"https:\/\/tupique.com\/en\/product\/sacoche-pour-portable-munich-caviar-noir-31-x-40-x-16-cm\/","og_locale":"en_GB","og_type":"article","og_title":"Sacoche pour Portable Munich Caviar Noir 31 x 40 x 16 cm | | Tupique","og_description":"Envie d'acheter Sacoche pour Portable Munich Caviar Noir 31 x 40 x 16 cm\u00a0? Achetez Sacoche pour Portable Munich Caviar Noir 31 x 40 x 16 cm maintenant avec Tupique en 3 versements sans int\u00e9r\u00eat.","og_url":"https:\/\/tupique.com\/en\/product\/sacoche-pour-portable-munich-caviar-noir-31-x-40-x-16-cm\/","og_site_name":"Tupique","twitter_card":"summary_large_image","twitter_misc":{"Est. reading time":"1 minute"},"schema":{"@context":"https:\/\/schema.org","@graph":[{"@type":"WebPage","@id":"https:\/\/tupique.com\/product\/sacoche-pour-portable-munich-caviar-noir-31-x-40-x-16-cm\/","url":"https:\/\/tupique.com\/product\/sacoche-pour-portable-munich-caviar-noir-31-x-40-x-16-cm\/","name":"Sacoche pour Portable Munich Caviar Noir 31 x 40 x 16 cm | | Tupique","isPartOf":{"@id":"https:\/\/tupique.com\/#website"},"primaryImageOfPage":{"@id":"https:\/\/tupique.com\/product\/sacoche-pour-portable-munich-caviar-noir-31-x-40-x-16-cm\/#primaryimage"},"image":{"@id":"https:\/\/tupique.com\/product\/sacoche-pour-portable-munich-caviar-noir-31-x-40-x-16-cm\/#primaryimage"},"thumbnailUrl":"https:\/\/tupique.com\/wp-content\/uploads\/2026\/05\/8412688504671_S4310286_P00.jpg","datePublished":"2026-05-15T15:49:06+00:00","description":"Envie d'acheter Sacoche pour Portable Munich Caviar Noir 31 x 40 x 16 cm\u00a0? Achetez Sacoche pour Portable Munich Caviar Noir 31 x 40 x 16 cm maintenant avec Tupique en 3 versements sans int\u00e9r\u00eat.","breadcrumb":{"@id":"https:\/\/tupique.com\/product\/sacoche-pour-portable-munich-caviar-noir-31-x-40-x-16-cm\/#breadcrumb"},"inLanguage":"en-GB","potentialAction":[{"@type":"ReadAction","target":["https:\/\/tupique.com\/product\/sacoche-pour-portable-munich-caviar-noir-31-x-40-x-16-cm\/"]}]},{"@type":"ImageObject","inLanguage":"en-GB","@id":"https:\/\/tupique.com\/product\/sacoche-pour-portable-munich-caviar-noir-31-x-40-x-16-cm\/#primaryimage","url":"https:\/\/tupique.com\/wp-content\/uploads\/2026\/05\/8412688504671_S4310286_P00.jpg","contentUrl":"https:\/\/tupique.com\/wp-content\/uploads\/2026\/05\/8412688504671_S4310286_P00.jpg","width":1200,"height":1200,"caption":"S4310286_0"},{"@type":"BreadcrumbList","@id":"https:\/\/tupique.com\/product\/sacoche-pour-portable-munich-caviar-noir-31-x-40-x-16-cm\/#breadcrumb","itemListElement":[{"@type":"ListItem","position":1,"name":"commencer","item":"https:\/\/tupique.com\/"},{"@type":"ListItem","position":2,"name":"Loja","item":"https:\/\/tupique.com\/pt\/loja\/"},{"@type":"ListItem","position":3,"name":"Sacoche pour Portable Munich Caviar Noir 31 x 40 x 16 cm"}]},{"@type":"WebSite","@id":"https:\/\/tupique.com\/#website","url":"https:\/\/tupique.com\/","name":"Tupique","description":"","publisher":{"@id":"https:\/\/tupique.com\/#organization"},"potentialAction":[{"@type":"SearchAction","target":{"@type":"EntryPoint","urlTemplate":"https:\/\/tupique.com\/?s={search_term_string}"},"query-input":{"@type":"PropertyValueSpecification","valueRequired":true,"valueName":"search_term_string"}}],"inLanguage":"en-GB"},{"@type":"Organization","@id":"https:\/\/tupique.com\/#organization","name":"Tupique","url":"https:\/\/tupique.com\/","logo":{"@type":"ImageObject","inLanguage":"en-GB","@id":"https:\/\/tupique.com\/#\/schema\/logo\/image\/","url":"https:\/\/tupique.com\/wp-content\/uploads\/2026\/03\/logo-tupique-1.webp","contentUrl":"https:\/\/tupique.com\/wp-content\/uploads\/2026\/03\/logo-tupique-1.webp","width":500,"height":67,"caption":"Tupique"},"image":{"@id":"https:\/\/tupique.com\/#\/schema\/logo\/image\/"}}]}},"_links":{"self":[{"href":"https:\/\/tupique.com\/en\/wp-json\/wp\/v2\/product\/224256","targetHints":{"allow":["GET"]}}],"collection":[{"href":"https:\/\/tupique.com\/en\/wp-json\/wp\/v2\/product"}],"about":[{"href":"https:\/\/tupique.com\/en\/wp-json\/wp\/v2\/types\/product"}],"replies":[{"embeddable":true,"href":"https:\/\/tupique.com\/en\/wp-json\/wp\/v2\/comments?post=224256"}],"wp:featuredmedia":[{"embeddable":true,"href":"https:\/\/tupique.com\/en\/wp-json\/wp\/v2\/media\/224252"}],"wp:attachment":[{"href":"https:\/\/tupique.com\/en\/wp-json\/wp\/v2\/media?parent=224256"}],"wp:term":[{"taxonomy":"product_brand","embeddable":true,"href":"https:\/\/tupique.com\/en\/wp-json\/wp\/v2\/product_brand?post=224256"},{"taxonomy":"product_cat","embeddable":true,"href":"https:\/\/tupique.com\/en\/wp-json\/wp\/v2\/product_cat?post=224256"},{"taxonomy":"product_tag","embeddable":true,"href":"https:\/\/tupique.com\/en\/wp-json\/wp\/v2\/product_tag?post=224256"},{"taxonomy":"woo-feed-brand","embeddable":true,"href":"https:\/\/tupique.com\/en\/wp-json\/wp\/v2\/woo-feed-brand?post=224256"}],"curies":[{"name":"wp","href":"https:\/\/api.w.org\/{rel}","templated":true}]}}