{"id":224281,"date":"2026-05-15T17:51:53","date_gmt":"2026-05-15T15:51:53","guid":{"rendered":"https:\/\/tupique.com\/product\/guide-de-cablage-pour-armoire-rack-wp-wpn-acm-101-b-noir\/"},"modified":"2026-05-15T18:03:05","modified_gmt":"2026-05-15T16:03:05","slug":"guide-de-cablage-pour-armoire-rack-wp-wpn-acm-101-b-noir","status":"publish","type":"product","link":"https:\/\/tupique.com\/en\/product\/guide-de-cablage-pour-armoire-rack-wp-wpn-acm-101-b-noir\/","title":{"rendered":"Guide de C\u00e2blage pour Armoire Rack WP WPN-ACM-101-B Noir"},"content":{"rendered":"<p>Si vous \u00eates passionn\u00e9 d&#8217;<b>informatique et d&#8217;\u00e9lectronique<\/b>, si vous \u00eates \u00e0 la pointe de la technologie et qu&#8217;aucun d\u00e9tail ne vous \u00e9chappe, achetez <b>Guide de C\u00e2blage pour Armoire Rack WP WPN-ACM-101-B Noir<\/b> au meilleur prix.<\/p>\n<ul>\n<li>Type: Accessoire<\/li>\n<li>Connexion: RJ45<\/li>\n<li>Utilisation recommand\u00e9e: Armoire<\/li>\n<li>Couleur: Noir<\/li>\n<li>Taille: 19&#8243;<\/li>\n<li>Poids: 0,5 kg<\/li>\n<li>Montage en rack: 1U<\/li>\n<\/ul>","protected":false},"excerpt":{"rendered":"<p>Si vous \u00eates passionn\u00e9 d&#8217;informatique et d&#8217;\u00e9lectronique, si vous \u00eates \u00e0 la pointe de la technologie et qu&#8217;aucun d\u00e9tail ne vous \u00e9chappe, achetez Guide de C\u00e2blage pour Armoire Rack WP WPN-ACM-101-B Noir au meilleur prix. Type: Accessoire Connexion: RJ45 Utilisation recommand\u00e9e: Armoire Couleur: Noir Taille: 19&#8243; Poids: 0,5 kg Montage en rack: 1U<\/p>","protected":false},"featured_media":224280,"comment_status":"open","ping_status":"closed","template":"","meta":[],"product_brand":[3345],"product_cat":[605,65,584],"product_tag":[210],"woo-feed-brand":[],"class_list":{"0":"post-224281","1":"product","2":"type-product","3":"status-publish","4":"has-post-thumbnail","6":"product_brand-brandp_627","7":"product_cat-armoires-rack","8":"product_cat-informatique-electronique","9":"product_cat-informatique-reseaux-et-composants","10":"product_tag-tag_25","12":"first","13":"instock","14":"taxable","15":"shipping-taxable","16":"purchasable","17":"product-type-simple"},"yoast_head":"<!-- This site is optimized with the Yoast SEO plugin v27.6 - https:\/\/yoast.com\/product\/yoast-seo-wordpress\/ -->\n<title>Guide de C\u00e2blage pour Armoire Rack WP WPN-ACM-101-B Noir | | Tupique<\/title>\n<meta name=\"description\" content=\"Envie d&#039;acheter Guide de C\u00e2blage pour Armoire Rack WP WPN-ACM-101-B Noir\u00a0? Achetez Guide de C\u00e2blage pour Armoire Rack WP WPN-ACM-101-B Noir maintenant avec Tupique en 3 versements sans int\u00e9r\u00eat.\" \/>\n<meta name=\"robots\" content=\"index, follow, max-snippet:-1, max-image-preview:large, max-video-preview:-1\" \/>\n<link rel=\"canonical\" href=\"https:\/\/tupique.com\/en\/product\/guide-de-cablage-pour-armoire-rack-wp-wpn-acm-101-b-noir\/\" \/>\n<meta property=\"og:locale\" content=\"en_GB\" \/>\n<meta property=\"og:type\" content=\"article\" \/>\n<meta property=\"og:title\" content=\"Guide de C\u00e2blage pour Armoire Rack WP WPN-ACM-101-B Noir | | Tupique\" \/>\n<meta property=\"og:description\" content=\"Envie d&#039;acheter Guide de C\u00e2blage pour Armoire Rack WP WPN-ACM-101-B Noir\u00a0? Achetez Guide de C\u00e2blage pour Armoire Rack WP WPN-ACM-101-B Noir maintenant avec Tupique en 3 versements sans int\u00e9r\u00eat.\" \/>\n<meta property=\"og:url\" content=\"https:\/\/tupique.com\/en\/product\/guide-de-cablage-pour-armoire-rack-wp-wpn-acm-101-b-noir\/\" \/>\n<meta property=\"og:site_name\" content=\"Tupique\" \/>\n<meta property=\"article:modified_time\" content=\"2026-05-15T16:03:05+00:00\" \/>\n<meta property=\"og:image\" content=\"https:\/\/tupique.com\/wp-content\/uploads\/2026\/05\/EAN25250914033660.jpg\" \/>\n\t<meta property=\"og:image:width\" content=\"1200\" \/>\n\t<meta property=\"og:image:height\" content=\"1200\" \/>\n\t<meta property=\"og:image:type\" content=\"image\/jpeg\" \/>\n<meta name=\"twitter:card\" content=\"summary_large_image\" \/>\n<script type=\"application\/ld+json\" class=\"yoast-schema-graph\">{\"@context\":\"https:\\\/\\\/schema.org\",\"@graph\":[{\"@type\":\"WebPage\",\"@id\":\"https:\\\/\\\/tupique.com\\\/product\\\/guide-de-cablage-pour-armoire-rack-wp-wpn-acm-101-b-noir\\\/\",\"url\":\"https:\\\/\\\/tupique.com\\\/product\\\/guide-de-cablage-pour-armoire-rack-wp-wpn-acm-101-b-noir\\\/\",\"name\":\"Guide de C\u00e2blage pour Armoire Rack WP WPN-ACM-101-B Noir | | Tupique\",\"isPartOf\":{\"@id\":\"https:\\\/\\\/tupique.com\\\/#website\"},\"primaryImageOfPage\":{\"@id\":\"https:\\\/\\\/tupique.com\\\/product\\\/guide-de-cablage-pour-armoire-rack-wp-wpn-acm-101-b-noir\\\/#primaryimage\"},\"image\":{\"@id\":\"https:\\\/\\\/tupique.com\\\/product\\\/guide-de-cablage-pour-armoire-rack-wp-wpn-acm-101-b-noir\\\/#primaryimage\"},\"thumbnailUrl\":\"https:\\\/\\\/tupique.com\\\/wp-content\\\/uploads\\\/2026\\\/05\\\/EAN25250914033660.jpg\",\"datePublished\":\"2026-05-15T15:51:53+00:00\",\"dateModified\":\"2026-05-15T16:03:05+00:00\",\"description\":\"Envie d'acheter Guide de C\u00e2blage pour Armoire Rack WP WPN-ACM-101-B Noir\u00a0? Achetez Guide de C\u00e2blage pour Armoire Rack WP WPN-ACM-101-B Noir maintenant avec Tupique en 3 versements sans int\u00e9r\u00eat.\",\"breadcrumb\":{\"@id\":\"https:\\\/\\\/tupique.com\\\/product\\\/guide-de-cablage-pour-armoire-rack-wp-wpn-acm-101-b-noir\\\/#breadcrumb\"},\"inLanguage\":\"en-GB\",\"potentialAction\":[{\"@type\":\"ReadAction\",\"target\":[\"https:\\\/\\\/tupique.com\\\/product\\\/guide-de-cablage-pour-armoire-rack-wp-wpn-acm-101-b-noir\\\/\"]}]},{\"@type\":\"ImageObject\",\"inLanguage\":\"en-GB\",\"@id\":\"https:\\\/\\\/tupique.com\\\/product\\\/guide-de-cablage-pour-armoire-rack-wp-wpn-acm-101-b-noir\\\/#primaryimage\",\"url\":\"https:\\\/\\\/tupique.com\\\/wp-content\\\/uploads\\\/2026\\\/05\\\/EAN25250914033660.jpg\",\"contentUrl\":\"https:\\\/\\\/tupique.com\\\/wp-content\\\/uploads\\\/2026\\\/05\\\/EAN25250914033660.jpg\",\"width\":1200,\"height\":1200,\"caption\":\"S0239738_0\"},{\"@type\":\"BreadcrumbList\",\"@id\":\"https:\\\/\\\/tupique.com\\\/product\\\/guide-de-cablage-pour-armoire-rack-wp-wpn-acm-101-b-noir\\\/#breadcrumb\",\"itemListElement\":[{\"@type\":\"ListItem\",\"position\":1,\"name\":\"commencer\",\"item\":\"https:\\\/\\\/tupique.com\\\/\"},{\"@type\":\"ListItem\",\"position\":2,\"name\":\"Loja\",\"item\":\"https:\\\/\\\/tupique.com\\\/pt\\\/loja\\\/\"},{\"@type\":\"ListItem\",\"position\":3,\"name\":\"Guide de C\u00e2blage pour Armoire Rack WP WPN-ACM-101-B Noir\"}]},{\"@type\":\"WebSite\",\"@id\":\"https:\\\/\\\/tupique.com\\\/#website\",\"url\":\"https:\\\/\\\/tupique.com\\\/\",\"name\":\"Tupique\",\"description\":\"\",\"publisher\":{\"@id\":\"https:\\\/\\\/tupique.com\\\/#organization\"},\"potentialAction\":[{\"@type\":\"SearchAction\",\"target\":{\"@type\":\"EntryPoint\",\"urlTemplate\":\"https:\\\/\\\/tupique.com\\\/?s={search_term_string}\"},\"query-input\":{\"@type\":\"PropertyValueSpecification\",\"valueRequired\":true,\"valueName\":\"search_term_string\"}}],\"inLanguage\":\"en-GB\"},{\"@type\":\"Organization\",\"@id\":\"https:\\\/\\\/tupique.com\\\/#organization\",\"name\":\"Tupique\",\"url\":\"https:\\\/\\\/tupique.com\\\/\",\"logo\":{\"@type\":\"ImageObject\",\"inLanguage\":\"en-GB\",\"@id\":\"https:\\\/\\\/tupique.com\\\/#\\\/schema\\\/logo\\\/image\\\/\",\"url\":\"https:\\\/\\\/tupique.com\\\/wp-content\\\/uploads\\\/2026\\\/03\\\/logo-tupique-1.webp\",\"contentUrl\":\"https:\\\/\\\/tupique.com\\\/wp-content\\\/uploads\\\/2026\\\/03\\\/logo-tupique-1.webp\",\"width\":500,\"height\":67,\"caption\":\"Tupique\"},\"image\":{\"@id\":\"https:\\\/\\\/tupique.com\\\/#\\\/schema\\\/logo\\\/image\\\/\"}}]}<\/script>\n<!-- \/ Yoast SEO plugin. -->","yoast_head_json":{"title":"Guide de C\u00e2blage pour Armoire Rack WP WPN-ACM-101-B Noir | | Tupique","description":"Envie d'acheter Guide de C\u00e2blage pour Armoire Rack WP WPN-ACM-101-B Noir\u00a0? Achetez Guide de C\u00e2blage pour Armoire Rack WP WPN-ACM-101-B Noir maintenant avec Tupique en 3 versements sans int\u00e9r\u00eat.","robots":{"index":"index","follow":"follow","max-snippet":"max-snippet:-1","max-image-preview":"max-image-preview:large","max-video-preview":"max-video-preview:-1"},"canonical":"https:\/\/tupique.com\/en\/product\/guide-de-cablage-pour-armoire-rack-wp-wpn-acm-101-b-noir\/","og_locale":"en_GB","og_type":"article","og_title":"Guide de C\u00e2blage pour Armoire Rack WP WPN-ACM-101-B Noir | | Tupique","og_description":"Envie d'acheter Guide de C\u00e2blage pour Armoire Rack WP WPN-ACM-101-B Noir\u00a0? Achetez Guide de C\u00e2blage pour Armoire Rack WP WPN-ACM-101-B Noir maintenant avec Tupique en 3 versements sans int\u00e9r\u00eat.","og_url":"https:\/\/tupique.com\/en\/product\/guide-de-cablage-pour-armoire-rack-wp-wpn-acm-101-b-noir\/","og_site_name":"Tupique","article_modified_time":"2026-05-15T16:03:05+00:00","og_image":[{"width":1200,"height":1200,"url":"https:\/\/tupique.com\/wp-content\/uploads\/2026\/05\/EAN25250914033660.jpg","type":"image\/jpeg"}],"twitter_card":"summary_large_image","schema":{"@context":"https:\/\/schema.org","@graph":[{"@type":"WebPage","@id":"https:\/\/tupique.com\/product\/guide-de-cablage-pour-armoire-rack-wp-wpn-acm-101-b-noir\/","url":"https:\/\/tupique.com\/product\/guide-de-cablage-pour-armoire-rack-wp-wpn-acm-101-b-noir\/","name":"Guide de C\u00e2blage pour Armoire Rack WP WPN-ACM-101-B Noir | | Tupique","isPartOf":{"@id":"https:\/\/tupique.com\/#website"},"primaryImageOfPage":{"@id":"https:\/\/tupique.com\/product\/guide-de-cablage-pour-armoire-rack-wp-wpn-acm-101-b-noir\/#primaryimage"},"image":{"@id":"https:\/\/tupique.com\/product\/guide-de-cablage-pour-armoire-rack-wp-wpn-acm-101-b-noir\/#primaryimage"},"thumbnailUrl":"https:\/\/tupique.com\/wp-content\/uploads\/2026\/05\/EAN25250914033660.jpg","datePublished":"2026-05-15T15:51:53+00:00","dateModified":"2026-05-15T16:03:05+00:00","description":"Envie d'acheter Guide de C\u00e2blage pour Armoire Rack WP WPN-ACM-101-B Noir\u00a0? Achetez Guide de C\u00e2blage pour Armoire Rack WP WPN-ACM-101-B Noir maintenant avec Tupique en 3 versements sans int\u00e9r\u00eat.","breadcrumb":{"@id":"https:\/\/tupique.com\/product\/guide-de-cablage-pour-armoire-rack-wp-wpn-acm-101-b-noir\/#breadcrumb"},"inLanguage":"en-GB","potentialAction":[{"@type":"ReadAction","target":["https:\/\/tupique.com\/product\/guide-de-cablage-pour-armoire-rack-wp-wpn-acm-101-b-noir\/"]}]},{"@type":"ImageObject","inLanguage":"en-GB","@id":"https:\/\/tupique.com\/product\/guide-de-cablage-pour-armoire-rack-wp-wpn-acm-101-b-noir\/#primaryimage","url":"https:\/\/tupique.com\/wp-content\/uploads\/2026\/05\/EAN25250914033660.jpg","contentUrl":"https:\/\/tupique.com\/wp-content\/uploads\/2026\/05\/EAN25250914033660.jpg","width":1200,"height":1200,"caption":"S0239738_0"},{"@type":"BreadcrumbList","@id":"https:\/\/tupique.com\/product\/guide-de-cablage-pour-armoire-rack-wp-wpn-acm-101-b-noir\/#breadcrumb","itemListElement":[{"@type":"ListItem","position":1,"name":"commencer","item":"https:\/\/tupique.com\/"},{"@type":"ListItem","position":2,"name":"Loja","item":"https:\/\/tupique.com\/pt\/loja\/"},{"@type":"ListItem","position":3,"name":"Guide de C\u00e2blage pour Armoire Rack WP WPN-ACM-101-B Noir"}]},{"@type":"WebSite","@id":"https:\/\/tupique.com\/#website","url":"https:\/\/tupique.com\/","name":"Tupique","description":"","publisher":{"@id":"https:\/\/tupique.com\/#organization"},"potentialAction":[{"@type":"SearchAction","target":{"@type":"EntryPoint","urlTemplate":"https:\/\/tupique.com\/?s={search_term_string}"},"query-input":{"@type":"PropertyValueSpecification","valueRequired":true,"valueName":"search_term_string"}}],"inLanguage":"en-GB"},{"@type":"Organization","@id":"https:\/\/tupique.com\/#organization","name":"Tupique","url":"https:\/\/tupique.com\/","logo":{"@type":"ImageObject","inLanguage":"en-GB","@id":"https:\/\/tupique.com\/#\/schema\/logo\/image\/","url":"https:\/\/tupique.com\/wp-content\/uploads\/2026\/03\/logo-tupique-1.webp","contentUrl":"https:\/\/tupique.com\/wp-content\/uploads\/2026\/03\/logo-tupique-1.webp","width":500,"height":67,"caption":"Tupique"},"image":{"@id":"https:\/\/tupique.com\/#\/schema\/logo\/image\/"}}]}},"_links":{"self":[{"href":"https:\/\/tupique.com\/en\/wp-json\/wp\/v2\/product\/224281","targetHints":{"allow":["GET"]}}],"collection":[{"href":"https:\/\/tupique.com\/en\/wp-json\/wp\/v2\/product"}],"about":[{"href":"https:\/\/tupique.com\/en\/wp-json\/wp\/v2\/types\/product"}],"replies":[{"embeddable":true,"href":"https:\/\/tupique.com\/en\/wp-json\/wp\/v2\/comments?post=224281"}],"wp:featuredmedia":[{"embeddable":true,"href":"https:\/\/tupique.com\/en\/wp-json\/wp\/v2\/media\/224280"}],"wp:attachment":[{"href":"https:\/\/tupique.com\/en\/wp-json\/wp\/v2\/media?parent=224281"}],"wp:term":[{"taxonomy":"product_brand","embeddable":true,"href":"https:\/\/tupique.com\/en\/wp-json\/wp\/v2\/product_brand?post=224281"},{"taxonomy":"product_cat","embeddable":true,"href":"https:\/\/tupique.com\/en\/wp-json\/wp\/v2\/product_cat?post=224281"},{"taxonomy":"product_tag","embeddable":true,"href":"https:\/\/tupique.com\/en\/wp-json\/wp\/v2\/product_tag?post=224281"},{"taxonomy":"woo-feed-brand","embeddable":true,"href":"https:\/\/tupique.com\/en\/wp-json\/wp\/v2\/woo-feed-brand?post=224281"}],"curies":[{"name":"wp","href":"https:\/\/api.w.org\/{rel}","templated":true}]}}