{"id":224521,"date":"2026-05-15T18:41:32","date_gmt":"2026-05-15T16:41:32","guid":{"rendered":"https:\/\/tupique.com\/product\/hub-usb-conceptronic-hubbies13g-gris-1-unite\/"},"modified":"2026-05-15T18:41:32","modified_gmt":"2026-05-15T16:41:32","slug":"hub-usb-conceptronic-hubbies13g-gris-1-unite","status":"publish","type":"product","link":"https:\/\/tupique.com\/en\/product\/hub-usb-conceptronic-hubbies13g-gris-1-unite\/","title":{"rendered":"Hub USB Conceptronic HUBBIES13G Gris (1 Unit\u00e9)"},"content":{"rendered":"<p>Si vous \u00eates passionn\u00e9 d&#8217;<b>informatique et d&#8217;\u00e9lectronique<\/b>, si vous \u00eates \u00e0 la pointe de la technologie et qu&#8217;aucun d\u00e9tail ne vous \u00e9chappe, achetez <b>Hub USB Conceptronic HUBBIES13G Gris (1 Unit\u00e9)<\/b> au meilleur prix.<\/p>\n<ul>\n<li>Type:\n<ul>\n<li>Hub USB<\/li>\n<li>Avec fil<\/li>\n<\/ul>\n<\/li>\n<li>Connexions:\n<ul>\n<li>USB-C<\/li>\n<li>USB 3.2<\/li>\n<li>USB<\/li>\n<li>USB A 3.2 Gen 2 (3.1 Gen 2) x 2<\/li>\n<li>USB-C 3.2 Gen 2 (3.1 Gen 2)<\/li>\n<\/ul>\n<\/li>\n<li>Ports: 4<\/li>\n<li>Pays \/ r\u00e9gion de fabrication: Chine<\/li>\n<li>Couleur: Gris<\/li>\n<li>Mati\u00e8re: Aluminium<\/li>\n<li>Features:\n<ul>\n<li>Guide d&#8217;installation inclus<\/li>\n<li>Plug and play<\/li>\n<\/ul>\n<\/li>\n<li>Compatible: Linux<\/li>\n<li>Longueur du c\u00e2ble: 25 cm<\/li>\n<\/ul>","protected":false},"excerpt":{"rendered":"<p>Si vous \u00eates passionn\u00e9 d&#8217;informatique et d&#8217;\u00e9lectronique, si vous \u00eates \u00e0 la pointe de la technologie et qu&#8217;aucun d\u00e9tail ne vous \u00e9chappe, achetez Hub USB Conceptronic HUBBIES13G Gris (1 Unit\u00e9) au meilleur prix. Type: Hub USB Avec fil Connexions: USB-C USB 3.2 USB USB A 3.2 Gen 2 (3.1 Gen 2) x 2 USB-C 3.2 [&hellip;]<\/p>\n","protected":false},"featured_media":224516,"comment_status":"open","ping_status":"closed","template":"","meta":[],"product_brand":[3335],"product_cat":[3296,65,584],"product_tag":[106],"woo-feed-brand":[],"class_list":{"0":"post-224521","1":"product","2":"type-product","3":"status-publish","4":"has-post-thumbnail","6":"product_brand-brandp_2132","7":"product_cat-hub-usb","8":"product_cat-informatique-electronique","9":"product_cat-informatique-reseaux-et-composants","10":"product_tag-tag_1295","12":"first","13":"instock","14":"taxable","15":"shipping-taxable","16":"purchasable","17":"product-type-simple"},"yoast_head":"<!-- This site is optimized with the Yoast SEO plugin v27.6 - https:\/\/yoast.com\/product\/yoast-seo-wordpress\/ -->\n<title>Hub USB Conceptronic HUBBIES13G Gris (1 Unit\u00e9) | | Tupique<\/title>\n<meta name=\"description\" content=\"Envie d&#039;acheter Hub USB Conceptronic HUBBIES13G Gris (1 Unit\u00e9)\u00a0? Achetez Hub USB Conceptronic HUBBIES13G Gris (1 Unit\u00e9) maintenant avec Tupique en 3 versements sans int\u00e9r\u00eat.\" \/>\n<meta name=\"robots\" content=\"index, follow, max-snippet:-1, max-image-preview:large, max-video-preview:-1\" \/>\n<link rel=\"canonical\" href=\"https:\/\/tupique.com\/en\/product\/hub-usb-conceptronic-hubbies13g-gris-1-unite\/\" \/>\n<meta property=\"og:locale\" content=\"en_GB\" \/>\n<meta property=\"og:type\" content=\"article\" \/>\n<meta property=\"og:title\" content=\"Hub USB Conceptronic HUBBIES13G Gris (1 Unit\u00e9) | | Tupique\" \/>\n<meta property=\"og:description\" content=\"Envie d&#039;acheter Hub USB Conceptronic HUBBIES13G Gris (1 Unit\u00e9)\u00a0? Achetez Hub USB Conceptronic HUBBIES13G Gris (1 Unit\u00e9) maintenant avec Tupique en 3 versements sans int\u00e9r\u00eat.\" \/>\n<meta property=\"og:url\" content=\"https:\/\/tupique.com\/en\/product\/hub-usb-conceptronic-hubbies13g-gris-1-unite\/\" \/>\n<meta property=\"og:site_name\" content=\"Tupique\" \/>\n<meta name=\"twitter:card\" content=\"summary_large_image\" \/>\n<script type=\"application\/ld+json\" class=\"yoast-schema-graph\">{\"@context\":\"https:\\\/\\\/schema.org\",\"@graph\":[{\"@type\":\"WebPage\",\"@id\":\"https:\\\/\\\/tupique.com\\\/product\\\/hub-usb-conceptronic-hubbies13g-gris-1-unite\\\/\",\"url\":\"https:\\\/\\\/tupique.com\\\/product\\\/hub-usb-conceptronic-hubbies13g-gris-1-unite\\\/\",\"name\":\"Hub USB Conceptronic HUBBIES13G Gris (1 Unit\u00e9) | | Tupique\",\"isPartOf\":{\"@id\":\"https:\\\/\\\/tupique.com\\\/#website\"},\"primaryImageOfPage\":{\"@id\":\"https:\\\/\\\/tupique.com\\\/product\\\/hub-usb-conceptronic-hubbies13g-gris-1-unite\\\/#primaryimage\"},\"image\":{\"@id\":\"https:\\\/\\\/tupique.com\\\/product\\\/hub-usb-conceptronic-hubbies13g-gris-1-unite\\\/#primaryimage\"},\"thumbnailUrl\":\"https:\\\/\\\/tupique.com\\\/wp-content\\\/uploads\\\/2026\\\/05\\\/4015867229156_M0505197_P00.jpg\",\"datePublished\":\"2026-05-15T16:41:32+00:00\",\"description\":\"Envie d'acheter Hub USB Conceptronic HUBBIES13G Gris (1 Unit\u00e9)\u00a0? Achetez Hub USB Conceptronic HUBBIES13G Gris (1 Unit\u00e9) maintenant avec Tupique en 3 versements sans int\u00e9r\u00eat.\",\"breadcrumb\":{\"@id\":\"https:\\\/\\\/tupique.com\\\/product\\\/hub-usb-conceptronic-hubbies13g-gris-1-unite\\\/#breadcrumb\"},\"inLanguage\":\"en-GB\",\"potentialAction\":[{\"@type\":\"ReadAction\",\"target\":[\"https:\\\/\\\/tupique.com\\\/product\\\/hub-usb-conceptronic-hubbies13g-gris-1-unite\\\/\"]}]},{\"@type\":\"ImageObject\",\"inLanguage\":\"en-GB\",\"@id\":\"https:\\\/\\\/tupique.com\\\/product\\\/hub-usb-conceptronic-hubbies13g-gris-1-unite\\\/#primaryimage\",\"url\":\"https:\\\/\\\/tupique.com\\\/wp-content\\\/uploads\\\/2026\\\/05\\\/4015867229156_M0505197_P00.jpg\",\"contentUrl\":\"https:\\\/\\\/tupique.com\\\/wp-content\\\/uploads\\\/2026\\\/05\\\/4015867229156_M0505197_P00.jpg\",\"width\":1200,\"height\":1200,\"caption\":\"M0505197_0\"},{\"@type\":\"BreadcrumbList\",\"@id\":\"https:\\\/\\\/tupique.com\\\/product\\\/hub-usb-conceptronic-hubbies13g-gris-1-unite\\\/#breadcrumb\",\"itemListElement\":[{\"@type\":\"ListItem\",\"position\":1,\"name\":\"commencer\",\"item\":\"https:\\\/\\\/tupique.com\\\/\"},{\"@type\":\"ListItem\",\"position\":2,\"name\":\"Loja\",\"item\":\"https:\\\/\\\/tupique.com\\\/pt\\\/loja\\\/\"},{\"@type\":\"ListItem\",\"position\":3,\"name\":\"Hub USB Conceptronic HUBBIES13G Gris (1 Unit\u00e9)\"}]},{\"@type\":\"WebSite\",\"@id\":\"https:\\\/\\\/tupique.com\\\/#website\",\"url\":\"https:\\\/\\\/tupique.com\\\/\",\"name\":\"Tupique\",\"description\":\"\",\"publisher\":{\"@id\":\"https:\\\/\\\/tupique.com\\\/#organization\"},\"potentialAction\":[{\"@type\":\"SearchAction\",\"target\":{\"@type\":\"EntryPoint\",\"urlTemplate\":\"https:\\\/\\\/tupique.com\\\/?s={search_term_string}\"},\"query-input\":{\"@type\":\"PropertyValueSpecification\",\"valueRequired\":true,\"valueName\":\"search_term_string\"}}],\"inLanguage\":\"en-GB\"},{\"@type\":\"Organization\",\"@id\":\"https:\\\/\\\/tupique.com\\\/#organization\",\"name\":\"Tupique\",\"url\":\"https:\\\/\\\/tupique.com\\\/\",\"logo\":{\"@type\":\"ImageObject\",\"inLanguage\":\"en-GB\",\"@id\":\"https:\\\/\\\/tupique.com\\\/#\\\/schema\\\/logo\\\/image\\\/\",\"url\":\"https:\\\/\\\/tupique.com\\\/wp-content\\\/uploads\\\/2026\\\/03\\\/logo-tupique-1.webp\",\"contentUrl\":\"https:\\\/\\\/tupique.com\\\/wp-content\\\/uploads\\\/2026\\\/03\\\/logo-tupique-1.webp\",\"width\":500,\"height\":67,\"caption\":\"Tupique\"},\"image\":{\"@id\":\"https:\\\/\\\/tupique.com\\\/#\\\/schema\\\/logo\\\/image\\\/\"}}]}<\/script>\n<!-- \/ Yoast SEO plugin. -->","yoast_head_json":{"title":"Hub USB Conceptronic HUBBIES13G Gris (1 Unit\u00e9) | | Tupique","description":"Envie d'acheter Hub USB Conceptronic HUBBIES13G Gris (1 Unit\u00e9)\u00a0? Achetez Hub USB Conceptronic HUBBIES13G Gris (1 Unit\u00e9) maintenant avec Tupique en 3 versements sans int\u00e9r\u00eat.","robots":{"index":"index","follow":"follow","max-snippet":"max-snippet:-1","max-image-preview":"max-image-preview:large","max-video-preview":"max-video-preview:-1"},"canonical":"https:\/\/tupique.com\/en\/product\/hub-usb-conceptronic-hubbies13g-gris-1-unite\/","og_locale":"en_GB","og_type":"article","og_title":"Hub USB Conceptronic HUBBIES13G Gris (1 Unit\u00e9) | | Tupique","og_description":"Envie d'acheter Hub USB Conceptronic HUBBIES13G Gris (1 Unit\u00e9)\u00a0? Achetez Hub USB Conceptronic HUBBIES13G Gris (1 Unit\u00e9) maintenant avec Tupique en 3 versements sans int\u00e9r\u00eat.","og_url":"https:\/\/tupique.com\/en\/product\/hub-usb-conceptronic-hubbies13g-gris-1-unite\/","og_site_name":"Tupique","twitter_card":"summary_large_image","schema":{"@context":"https:\/\/schema.org","@graph":[{"@type":"WebPage","@id":"https:\/\/tupique.com\/product\/hub-usb-conceptronic-hubbies13g-gris-1-unite\/","url":"https:\/\/tupique.com\/product\/hub-usb-conceptronic-hubbies13g-gris-1-unite\/","name":"Hub USB Conceptronic HUBBIES13G Gris (1 Unit\u00e9) | | Tupique","isPartOf":{"@id":"https:\/\/tupique.com\/#website"},"primaryImageOfPage":{"@id":"https:\/\/tupique.com\/product\/hub-usb-conceptronic-hubbies13g-gris-1-unite\/#primaryimage"},"image":{"@id":"https:\/\/tupique.com\/product\/hub-usb-conceptronic-hubbies13g-gris-1-unite\/#primaryimage"},"thumbnailUrl":"https:\/\/tupique.com\/wp-content\/uploads\/2026\/05\/4015867229156_M0505197_P00.jpg","datePublished":"2026-05-15T16:41:32+00:00","description":"Envie d'acheter Hub USB Conceptronic HUBBIES13G Gris (1 Unit\u00e9)\u00a0? Achetez Hub USB Conceptronic HUBBIES13G Gris (1 Unit\u00e9) maintenant avec Tupique en 3 versements sans int\u00e9r\u00eat.","breadcrumb":{"@id":"https:\/\/tupique.com\/product\/hub-usb-conceptronic-hubbies13g-gris-1-unite\/#breadcrumb"},"inLanguage":"en-GB","potentialAction":[{"@type":"ReadAction","target":["https:\/\/tupique.com\/product\/hub-usb-conceptronic-hubbies13g-gris-1-unite\/"]}]},{"@type":"ImageObject","inLanguage":"en-GB","@id":"https:\/\/tupique.com\/product\/hub-usb-conceptronic-hubbies13g-gris-1-unite\/#primaryimage","url":"https:\/\/tupique.com\/wp-content\/uploads\/2026\/05\/4015867229156_M0505197_P00.jpg","contentUrl":"https:\/\/tupique.com\/wp-content\/uploads\/2026\/05\/4015867229156_M0505197_P00.jpg","width":1200,"height":1200,"caption":"M0505197_0"},{"@type":"BreadcrumbList","@id":"https:\/\/tupique.com\/product\/hub-usb-conceptronic-hubbies13g-gris-1-unite\/#breadcrumb","itemListElement":[{"@type":"ListItem","position":1,"name":"commencer","item":"https:\/\/tupique.com\/"},{"@type":"ListItem","position":2,"name":"Loja","item":"https:\/\/tupique.com\/pt\/loja\/"},{"@type":"ListItem","position":3,"name":"Hub USB Conceptronic HUBBIES13G Gris (1 Unit\u00e9)"}]},{"@type":"WebSite","@id":"https:\/\/tupique.com\/#website","url":"https:\/\/tupique.com\/","name":"Tupique","description":"","publisher":{"@id":"https:\/\/tupique.com\/#organization"},"potentialAction":[{"@type":"SearchAction","target":{"@type":"EntryPoint","urlTemplate":"https:\/\/tupique.com\/?s={search_term_string}"},"query-input":{"@type":"PropertyValueSpecification","valueRequired":true,"valueName":"search_term_string"}}],"inLanguage":"en-GB"},{"@type":"Organization","@id":"https:\/\/tupique.com\/#organization","name":"Tupique","url":"https:\/\/tupique.com\/","logo":{"@type":"ImageObject","inLanguage":"en-GB","@id":"https:\/\/tupique.com\/#\/schema\/logo\/image\/","url":"https:\/\/tupique.com\/wp-content\/uploads\/2026\/03\/logo-tupique-1.webp","contentUrl":"https:\/\/tupique.com\/wp-content\/uploads\/2026\/03\/logo-tupique-1.webp","width":500,"height":67,"caption":"Tupique"},"image":{"@id":"https:\/\/tupique.com\/#\/schema\/logo\/image\/"}}]}},"_links":{"self":[{"href":"https:\/\/tupique.com\/en\/wp-json\/wp\/v2\/product\/224521","targetHints":{"allow":["GET"]}}],"collection":[{"href":"https:\/\/tupique.com\/en\/wp-json\/wp\/v2\/product"}],"about":[{"href":"https:\/\/tupique.com\/en\/wp-json\/wp\/v2\/types\/product"}],"replies":[{"embeddable":true,"href":"https:\/\/tupique.com\/en\/wp-json\/wp\/v2\/comments?post=224521"}],"wp:featuredmedia":[{"embeddable":true,"href":"https:\/\/tupique.com\/en\/wp-json\/wp\/v2\/media\/224516"}],"wp:attachment":[{"href":"https:\/\/tupique.com\/en\/wp-json\/wp\/v2\/media?parent=224521"}],"wp:term":[{"taxonomy":"product_brand","embeddable":true,"href":"https:\/\/tupique.com\/en\/wp-json\/wp\/v2\/product_brand?post=224521"},{"taxonomy":"product_cat","embeddable":true,"href":"https:\/\/tupique.com\/en\/wp-json\/wp\/v2\/product_cat?post=224521"},{"taxonomy":"product_tag","embeddable":true,"href":"https:\/\/tupique.com\/en\/wp-json\/wp\/v2\/product_tag?post=224521"},{"taxonomy":"woo-feed-brand","embeddable":true,"href":"https:\/\/tupique.com\/en\/wp-json\/wp\/v2\/woo-feed-brand?post=224521"}],"curies":[{"name":"wp","href":"https:\/\/api.w.org\/{rel}","templated":true}]}}