{"id":224602,"date":"2026-05-15T19:04:21","date_gmt":"2026-05-15T17:04:21","guid":{"rendered":"https:\/\/tupique.com\/product\/support-de-charge-rapide-sans-fil-pour-voiture-chakar-innovagoods\/"},"modified":"2026-05-15T19:04:21","modified_gmt":"2026-05-15T17:04:21","slug":"support-de-charge-rapide-sans-fil-pour-voiture-chakar-innovagoods","status":"publish","type":"product","link":"https:\/\/tupique.com\/en\/product\/support-de-charge-rapide-sans-fil-pour-voiture-chakar-innovagoods\/","title":{"rendered":"Support de Charge Rapide Sans Fil pour Voiture Chakar InnovaGoods"},"content":{"rendered":"<div class=\"col-md-6\">Si vous aimez l&#8217;univers des gadgets, <b>InnovaGoods<\/b> vous propose les meilleures et les plus originales nouveaut\u00e9s en mati\u00e8re de maison, voitures, voyages, enfants, technologie, divertissements, etc. ! D\u00e9couvrez une vaste gamme de produits de qualit\u00e9 qui se d\u00e9marquent de par leur fonctionnalit\u00e9, leur efficacit\u00e9 et leur design innovant, comme <b>Support de Charge Rapide Sans Fil pour Voiture Chakar InnovaGoods <\/b> !<\/p>\n<p>Un <b>support pour t\u00e9l\u00e9phone portable avec chargeur sans fil pour voiture<\/b>, id\u00e9al pour les voyages. Orientation r\u00e9glable. C\u00e2ble USB-C inclus. Puissance d&#8217;induction : 15W.<\/p>\n<p>Ce <b>support de charge rapide gravitationnel pour t\u00e9l\u00e9phone portable&nbsp;<\/b>s&#8217;ajuste automatiquement \u00e0 la taille de votre t\u00e9l\u00e9phone portable et se place facilement et en toute s\u00e9curit\u00e9 sur la grille de ventilation de votre voiture. Ses fixations en caoutchouc EVA assurent protection et stabilit\u00e9. Convient aux appareils d&#8217;une taille comprise entre 6,5 et 8,5 cm.<\/p>\n<ul>\n<li><b>Design multifonction original&nbsp;<\/b>: notre support de charge rapide sans fil pour voiture est id\u00e9al pour voyager avec votre t\u00e9l\u00e9phone portable \u00e0 port\u00e9e de vue et disponible de fa\u00e7on pratique et sure. Ce chargeur et support pour t\u00e9l\u00e9phone portable est parfait pour suivre sur la route, les itin\u00e9raires indiqu\u00e9s sur votre t\u00e9l\u00e9phone, tout en le maintenant charg\u00e9.<\/li>\n<li><b>Charge rapide sans fil&nbsp;<\/b>: ce support de t\u00e9l\u00e9phone portable pour voiture est dot\u00e9 d\u2019une puissance d&#8217;induction de 15 W max. Il comprend un c\u00e2ble USB-C pour le connecter au support et \u00e0 l&#8217;USB de la voiture. Il dispose d\u2019une protection contre la surcharge. Plage de fr\u00e9quence d&#8217;induction : 110-205 KHz. DC In : 5 V \u2013 9 V \/ 2 A \/ 20 W.<\/li>\n<li><b>Multi-position, orientation r\u00e9glable&nbsp;<\/b>: Notre chargeur de voiture sans fil dispose d&#8217;une t\u00eate pivotante pour ajuster son orientation et le placer dans la position de visualisation la plus confortable. Les fixation en caoutchouc EVA assurent la protection et la stabilit\u00e9 de votre t\u00e9l\u00e9phone portable, \u00e9vitant les frottements et les bruits de vibration g\u00eanants.<\/li>\n<li><b>Adaptation automatique au smartphone&nbsp;<\/b>: ce chargeur de voiture \u00e0 induction s&#8217;adapte \u00e0 la taille du t\u00e9l\u00e9phone ins\u00e9r\u00e9 dans le support, son propre poids exer\u00e7ant une pression pour permettre aux bras lat\u00e9raux de s\u2019ajuster automatiquement au t\u00e9l\u00e9phone. Il convient aux appareils d&#8217;une largeur comprise entre 6,5 et 8,5 cm (entre 4 et 6 pouces).<\/li>\n<li><b>Facile \u00e0 installer, fixation maximale&nbsp;<\/b>: ce chargeur rapide sans fil pour voiture est tr\u00e8s facile \u00e0 placer\/retirer sur la grille de ventilation de la voiture \u00e0 l&#8217;aide d&#8217;une pince avec embout de s\u00e9curit\u00e9 pour une fixation ferme et s\u00fbre.<\/li>\n<\/ul>\n<ul>\n<li>Mat\u00e9riel:\n<ul>\n<li>PVC<\/li>\n<li>ABS<\/li>\n<li>Fer<\/li>\n<li>Caoutchouc<\/li>\n<li>EVA<\/li>\n<\/ul>\n<\/li>\n<li>Couleur: Noir<\/li>\n<li>Type: Chargeur de voiture<\/li>\n<li>Chargement sans fil:\n<ul>\n<li>15 W max.<\/li>\n<li>Chargement rapide<\/li>\n<\/ul>\n<\/li>\n<li>Multifonction: Support de T\u00e9l\u00e9phone pour Voiture<\/li>\n<li>Autoajustable \u00e0 la taille du smartphone: Convient aux appareils de 6,5 \u00e0 8,5 cm (entre 4&#8243; et 6&#8243;)<\/li>\n<li>Caract\u00e9ristiques: Int\u00e9rieur des attaches en caoutchouc pour \u00e9viter les frottements et les bruits dans les vibrations<\/li>\n<li>Fixation \u00e0 la grille d&#8217;a\u00e9ration de la voiture: Installation et retrait faciles<\/li>\n<li>Fixation ferme: Pince \u00e0 ressorts avec extr\u00e9mit\u00e9 de s\u00e9curit\u00e9 pour une fixation parfaite sur la grille de ventilation<\/li>\n<li>Orientation r\u00e9glable: Rotation \u00e0 360\u00b0<\/li>\n<li>Inclut: C\u00e2ble USB-C<\/li>\n<li>Fr\u00e9quence: 110-205 KHz<\/li>\n<li>DC In: 5-9 V \/ 2000 mA \/ 20 W<\/li>\n<li>Dimensions approx.: 9 x 10,5 x 10 cm<\/li>\n<li>Compatible iOS et Android: Compatible avec Android et IOS sur des appareils adapt\u00e9s \u00e0 des chargements par induction<\/li>\n<\/ul>\n<p>Packaging et manuel en 24 langues: anglais, fran\u00e7ais, espagnol, allemand, italien, portugais, n\u00e9erlandais, polonais, hongrois, roumain, danois, su\u00e9dois, finnois, lituanien, norv\u00e9gien, slov\u00e8ne, grec, tch\u00e8que, bulgare, croate, slovaque, estonien, russe, letton.<\/p><\/div>\n<div class=\"col-md-6\">\n<div class=\"embed-responsive embed-responsive-16by9\"><\/div>\n<\/div>","protected":false},"excerpt":{"rendered":"<p>Si vous aimez l&#8217;univers des gadgets, InnovaGoods vous propose les meilleures et les plus originales nouveaut\u00e9s en mati\u00e8re de maison, voitures, voyages, enfants, technologie, divertissements, etc. ! D\u00e9couvrez une vaste gamme de produits de qualit\u00e9 qui se d\u00e9marquent de par leur fonctionnalit\u00e9, leur efficacit\u00e9 et leur design innovant, comme Support de Charge Rapide Sans Fil [&hellip;]<\/p>\n","protected":false},"featured_media":224594,"comment_status":"open","ping_status":"closed","template":"","meta":[],"product_brand":[256],"product_cat":[961,3253,3252,575,65,3359],"product_tag":[566,164],"woo-feed-brand":[],"class_list":{"0":"post-224602","1":"product","2":"type-product","3":"status-publish","4":"has-post-thumbnail","6":"product_brand-brandp_1281","7":"product_cat-chargeurs-et-cables-usb","8":"product_cat-chargeurs-usb-pour-voiture","9":"product_cat-electronique-gps-et-automobile","10":"product_cat-electronique-telephonie-et-tablettes","11":"product_cat-informatique-electronique","12":"product_cat-supports-pour-portables-et-tablettes","13":"product_tag-tag_547","14":"product_tag-tag_152","16":"first","17":"instock","18":"taxable","19":"shipping-taxable","20":"purchasable","21":"product-type-simple"},"yoast_head":"<!-- This site is optimized with the Yoast SEO plugin v27.6 - https:\/\/yoast.com\/product\/yoast-seo-wordpress\/ -->\n<title>Support de Charge Rapide Sans Fil pour Voiture Chakar InnovaGoods | | Tupique<\/title>\n<meta name=\"description\" content=\"Envie d&#039;acheter Support de Charge Rapide Sans Fil pour Voiture Chakar InnovaGoods\u00a0? Achetez Support de Charge Rapide Sans Fil pour Voiture Chakar InnovaGoods maintenant avec Tupique en 3 versements sans int\u00e9r\u00eat.\" \/>\n<meta name=\"robots\" content=\"index, follow, max-snippet:-1, max-image-preview:large, max-video-preview:-1\" \/>\n<link rel=\"canonical\" href=\"https:\/\/tupique.com\/en\/product\/support-de-charge-rapide-sans-fil-pour-voiture-chakar-innovagoods\/\" \/>\n<meta property=\"og:locale\" content=\"en_GB\" \/>\n<meta property=\"og:type\" content=\"article\" \/>\n<meta property=\"og:title\" content=\"Support de Charge Rapide Sans Fil pour Voiture Chakar InnovaGoods | | Tupique\" \/>\n<meta property=\"og:description\" content=\"Envie d&#039;acheter Support de Charge Rapide Sans Fil pour Voiture Chakar InnovaGoods\u00a0? Achetez Support de Charge Rapide Sans Fil pour Voiture Chakar InnovaGoods maintenant avec Tupique en 3 versements sans int\u00e9r\u00eat.\" \/>\n<meta property=\"og:url\" content=\"https:\/\/tupique.com\/en\/product\/support-de-charge-rapide-sans-fil-pour-voiture-chakar-innovagoods\/\" \/>\n<meta property=\"og:site_name\" content=\"Tupique\" \/>\n<meta name=\"twitter:card\" content=\"summary_large_image\" \/>\n<meta name=\"twitter:label1\" content=\"Est. reading time\" \/>\n\t<meta name=\"twitter:data1\" content=\"3 minutes\" \/>\n<script type=\"application\/ld+json\" class=\"yoast-schema-graph\">{\"@context\":\"https:\\\/\\\/schema.org\",\"@graph\":[{\"@type\":\"WebPage\",\"@id\":\"https:\\\/\\\/tupique.com\\\/product\\\/support-de-charge-rapide-sans-fil-pour-voiture-chakar-innovagoods\\\/\",\"url\":\"https:\\\/\\\/tupique.com\\\/product\\\/support-de-charge-rapide-sans-fil-pour-voiture-chakar-innovagoods\\\/\",\"name\":\"Support de Charge Rapide Sans Fil pour Voiture Chakar InnovaGoods | | Tupique\",\"isPartOf\":{\"@id\":\"https:\\\/\\\/tupique.com\\\/#website\"},\"primaryImageOfPage\":{\"@id\":\"https:\\\/\\\/tupique.com\\\/product\\\/support-de-charge-rapide-sans-fil-pour-voiture-chakar-innovagoods\\\/#primaryimage\"},\"image\":{\"@id\":\"https:\\\/\\\/tupique.com\\\/product\\\/support-de-charge-rapide-sans-fil-pour-voiture-chakar-innovagoods\\\/#primaryimage\"},\"thumbnailUrl\":\"https:\\\/\\\/tupique.com\\\/wp-content\\\/uploads\\\/2026\\\/05\\\/v0103933_000_mkt1.jpg\",\"datePublished\":\"2026-05-15T17:04:21+00:00\",\"description\":\"Envie d'acheter Support de Charge Rapide Sans Fil pour Voiture Chakar InnovaGoods\u00a0? Achetez Support de Charge Rapide Sans Fil pour Voiture Chakar InnovaGoods maintenant avec Tupique en 3 versements sans int\u00e9r\u00eat.\",\"breadcrumb\":{\"@id\":\"https:\\\/\\\/tupique.com\\\/product\\\/support-de-charge-rapide-sans-fil-pour-voiture-chakar-innovagoods\\\/#breadcrumb\"},\"inLanguage\":\"en-GB\",\"potentialAction\":[{\"@type\":\"ReadAction\",\"target\":[\"https:\\\/\\\/tupique.com\\\/product\\\/support-de-charge-rapide-sans-fil-pour-voiture-chakar-innovagoods\\\/\"]}]},{\"@type\":\"ImageObject\",\"inLanguage\":\"en-GB\",\"@id\":\"https:\\\/\\\/tupique.com\\\/product\\\/support-de-charge-rapide-sans-fil-pour-voiture-chakar-innovagoods\\\/#primaryimage\",\"url\":\"https:\\\/\\\/tupique.com\\\/wp-content\\\/uploads\\\/2026\\\/05\\\/v0103933_000_mkt1.jpg\",\"contentUrl\":\"https:\\\/\\\/tupique.com\\\/wp-content\\\/uploads\\\/2026\\\/05\\\/v0103933_000_mkt1.jpg\",\"width\":1200,\"height\":1200,\"caption\":\"V0103933_0\"},{\"@type\":\"BreadcrumbList\",\"@id\":\"https:\\\/\\\/tupique.com\\\/product\\\/support-de-charge-rapide-sans-fil-pour-voiture-chakar-innovagoods\\\/#breadcrumb\",\"itemListElement\":[{\"@type\":\"ListItem\",\"position\":1,\"name\":\"commencer\",\"item\":\"https:\\\/\\\/tupique.com\\\/\"},{\"@type\":\"ListItem\",\"position\":2,\"name\":\"Loja\",\"item\":\"https:\\\/\\\/tupique.com\\\/pt\\\/loja\\\/\"},{\"@type\":\"ListItem\",\"position\":3,\"name\":\"Support de Charge Rapide Sans Fil pour Voiture Chakar InnovaGoods\"}]},{\"@type\":\"WebSite\",\"@id\":\"https:\\\/\\\/tupique.com\\\/#website\",\"url\":\"https:\\\/\\\/tupique.com\\\/\",\"name\":\"Tupique\",\"description\":\"\",\"publisher\":{\"@id\":\"https:\\\/\\\/tupique.com\\\/#organization\"},\"potentialAction\":[{\"@type\":\"SearchAction\",\"target\":{\"@type\":\"EntryPoint\",\"urlTemplate\":\"https:\\\/\\\/tupique.com\\\/?s={search_term_string}\"},\"query-input\":{\"@type\":\"PropertyValueSpecification\",\"valueRequired\":true,\"valueName\":\"search_term_string\"}}],\"inLanguage\":\"en-GB\"},{\"@type\":\"Organization\",\"@id\":\"https:\\\/\\\/tupique.com\\\/#organization\",\"name\":\"Tupique\",\"url\":\"https:\\\/\\\/tupique.com\\\/\",\"logo\":{\"@type\":\"ImageObject\",\"inLanguage\":\"en-GB\",\"@id\":\"https:\\\/\\\/tupique.com\\\/#\\\/schema\\\/logo\\\/image\\\/\",\"url\":\"https:\\\/\\\/tupique.com\\\/wp-content\\\/uploads\\\/2026\\\/03\\\/logo-tupique-1.webp\",\"contentUrl\":\"https:\\\/\\\/tupique.com\\\/wp-content\\\/uploads\\\/2026\\\/03\\\/logo-tupique-1.webp\",\"width\":500,\"height\":67,\"caption\":\"Tupique\"},\"image\":{\"@id\":\"https:\\\/\\\/tupique.com\\\/#\\\/schema\\\/logo\\\/image\\\/\"}}]}<\/script>\n<!-- \/ Yoast SEO plugin. -->","yoast_head_json":{"title":"Support de Charge Rapide Sans Fil pour Voiture Chakar InnovaGoods | | Tupique","description":"Envie d'acheter Support de Charge Rapide Sans Fil pour Voiture Chakar InnovaGoods\u00a0? Achetez Support de Charge Rapide Sans Fil pour Voiture Chakar InnovaGoods maintenant avec Tupique en 3 versements sans int\u00e9r\u00eat.","robots":{"index":"index","follow":"follow","max-snippet":"max-snippet:-1","max-image-preview":"max-image-preview:large","max-video-preview":"max-video-preview:-1"},"canonical":"https:\/\/tupique.com\/en\/product\/support-de-charge-rapide-sans-fil-pour-voiture-chakar-innovagoods\/","og_locale":"en_GB","og_type":"article","og_title":"Support de Charge Rapide Sans Fil pour Voiture Chakar InnovaGoods | | Tupique","og_description":"Envie d'acheter Support de Charge Rapide Sans Fil pour Voiture Chakar InnovaGoods\u00a0? Achetez Support de Charge Rapide Sans Fil pour Voiture Chakar InnovaGoods maintenant avec Tupique en 3 versements sans int\u00e9r\u00eat.","og_url":"https:\/\/tupique.com\/en\/product\/support-de-charge-rapide-sans-fil-pour-voiture-chakar-innovagoods\/","og_site_name":"Tupique","twitter_card":"summary_large_image","twitter_misc":{"Est. reading time":"3 minutes"},"schema":{"@context":"https:\/\/schema.org","@graph":[{"@type":"WebPage","@id":"https:\/\/tupique.com\/product\/support-de-charge-rapide-sans-fil-pour-voiture-chakar-innovagoods\/","url":"https:\/\/tupique.com\/product\/support-de-charge-rapide-sans-fil-pour-voiture-chakar-innovagoods\/","name":"Support de Charge Rapide Sans Fil pour Voiture Chakar InnovaGoods | | Tupique","isPartOf":{"@id":"https:\/\/tupique.com\/#website"},"primaryImageOfPage":{"@id":"https:\/\/tupique.com\/product\/support-de-charge-rapide-sans-fil-pour-voiture-chakar-innovagoods\/#primaryimage"},"image":{"@id":"https:\/\/tupique.com\/product\/support-de-charge-rapide-sans-fil-pour-voiture-chakar-innovagoods\/#primaryimage"},"thumbnailUrl":"https:\/\/tupique.com\/wp-content\/uploads\/2026\/05\/v0103933_000_mkt1.jpg","datePublished":"2026-05-15T17:04:21+00:00","description":"Envie d'acheter Support de Charge Rapide Sans Fil pour Voiture Chakar InnovaGoods\u00a0? Achetez Support de Charge Rapide Sans Fil pour Voiture Chakar InnovaGoods maintenant avec Tupique en 3 versements sans int\u00e9r\u00eat.","breadcrumb":{"@id":"https:\/\/tupique.com\/product\/support-de-charge-rapide-sans-fil-pour-voiture-chakar-innovagoods\/#breadcrumb"},"inLanguage":"en-GB","potentialAction":[{"@type":"ReadAction","target":["https:\/\/tupique.com\/product\/support-de-charge-rapide-sans-fil-pour-voiture-chakar-innovagoods\/"]}]},{"@type":"ImageObject","inLanguage":"en-GB","@id":"https:\/\/tupique.com\/product\/support-de-charge-rapide-sans-fil-pour-voiture-chakar-innovagoods\/#primaryimage","url":"https:\/\/tupique.com\/wp-content\/uploads\/2026\/05\/v0103933_000_mkt1.jpg","contentUrl":"https:\/\/tupique.com\/wp-content\/uploads\/2026\/05\/v0103933_000_mkt1.jpg","width":1200,"height":1200,"caption":"V0103933_0"},{"@type":"BreadcrumbList","@id":"https:\/\/tupique.com\/product\/support-de-charge-rapide-sans-fil-pour-voiture-chakar-innovagoods\/#breadcrumb","itemListElement":[{"@type":"ListItem","position":1,"name":"commencer","item":"https:\/\/tupique.com\/"},{"@type":"ListItem","position":2,"name":"Loja","item":"https:\/\/tupique.com\/pt\/loja\/"},{"@type":"ListItem","position":3,"name":"Support de Charge Rapide Sans Fil pour Voiture Chakar InnovaGoods"}]},{"@type":"WebSite","@id":"https:\/\/tupique.com\/#website","url":"https:\/\/tupique.com\/","name":"Tupique","description":"","publisher":{"@id":"https:\/\/tupique.com\/#organization"},"potentialAction":[{"@type":"SearchAction","target":{"@type":"EntryPoint","urlTemplate":"https:\/\/tupique.com\/?s={search_term_string}"},"query-input":{"@type":"PropertyValueSpecification","valueRequired":true,"valueName":"search_term_string"}}],"inLanguage":"en-GB"},{"@type":"Organization","@id":"https:\/\/tupique.com\/#organization","name":"Tupique","url":"https:\/\/tupique.com\/","logo":{"@type":"ImageObject","inLanguage":"en-GB","@id":"https:\/\/tupique.com\/#\/schema\/logo\/image\/","url":"https:\/\/tupique.com\/wp-content\/uploads\/2026\/03\/logo-tupique-1.webp","contentUrl":"https:\/\/tupique.com\/wp-content\/uploads\/2026\/03\/logo-tupique-1.webp","width":500,"height":67,"caption":"Tupique"},"image":{"@id":"https:\/\/tupique.com\/#\/schema\/logo\/image\/"}}]}},"_links":{"self":[{"href":"https:\/\/tupique.com\/en\/wp-json\/wp\/v2\/product\/224602","targetHints":{"allow":["GET"]}}],"collection":[{"href":"https:\/\/tupique.com\/en\/wp-json\/wp\/v2\/product"}],"about":[{"href":"https:\/\/tupique.com\/en\/wp-json\/wp\/v2\/types\/product"}],"replies":[{"embeddable":true,"href":"https:\/\/tupique.com\/en\/wp-json\/wp\/v2\/comments?post=224602"}],"wp:featuredmedia":[{"embeddable":true,"href":"https:\/\/tupique.com\/en\/wp-json\/wp\/v2\/media\/224594"}],"wp:attachment":[{"href":"https:\/\/tupique.com\/en\/wp-json\/wp\/v2\/media?parent=224602"}],"wp:term":[{"taxonomy":"product_brand","embeddable":true,"href":"https:\/\/tupique.com\/en\/wp-json\/wp\/v2\/product_brand?post=224602"},{"taxonomy":"product_cat","embeddable":true,"href":"https:\/\/tupique.com\/en\/wp-json\/wp\/v2\/product_cat?post=224602"},{"taxonomy":"product_tag","embeddable":true,"href":"https:\/\/tupique.com\/en\/wp-json\/wp\/v2\/product_tag?post=224602"},{"taxonomy":"woo-feed-brand","embeddable":true,"href":"https:\/\/tupique.com\/en\/wp-json\/wp\/v2\/woo-feed-brand?post=224602"}],"curies":[{"name":"wp","href":"https:\/\/api.w.org\/{rel}","templated":true}]}}