{"id":225049,"date":"2026-05-15T20:10:34","date_gmt":"2026-05-15T18:10:34","guid":{"rendered":"https:\/\/tupique.com\/product\/cartouche-dencre-compatible-epson-t7605-bleu\/"},"modified":"2026-05-15T22:32:33","modified_gmt":"2026-05-15T20:32:33","slug":"cartouche-dencre-compatible-epson-t7605-bleu","status":"publish","type":"product","link":"https:\/\/tupique.com\/en\/product\/cartouche-dencre-compatible-epson-t7605-bleu\/","title":{"rendered":"Cartouche d&#8217;Encre Compatible Epson T7605 Bleu"},"content":{"rendered":"<p>Si vous \u00eates passionn\u00e9 d&#8217;<b>informatique et d&#8217;\u00e9lectronique<\/b>, si vous \u00eates \u00e0 la pointe de la technologie et qu&#8217;aucun d\u00e9tail ne vous \u00e9chappe, achetez <b>Cartouche d&#8217;Encre Compatible Epson T7605 Bleu<\/b> au meilleur prix.<\/p>\n<ul>\n<li>Type:\n<ul>\n<li>Recharge d&#8217;encre<\/li>\n<li>Cartouche d&#8217;Encre Compatible<\/li>\n<\/ul>\n<\/li>\n<li>Couleur: Bleu<\/li>\n<li>Technologie:\n<ul>\n<li>Injection d&#8217;encre<\/li>\n<li>Encre<\/li>\n<\/ul>\n<\/li>\n<\/ul>","protected":false},"excerpt":{"rendered":"<p>Si vous \u00eates passionn\u00e9 d&#8217;informatique et d&#8217;\u00e9lectronique, si vous \u00eates \u00e0 la pointe de la technologie et qu&#8217;aucun d\u00e9tail ne vous \u00e9chappe, achetez Cartouche d&#8217;Encre Compatible Epson T7605 Bleu au meilleur prix. Type: Recharge d&#8217;encre Cartouche d&#8217;Encre Compatible Couleur: Bleu Technologie: Injection d&#8217;encre Encre<\/p>","protected":false},"featured_media":225048,"comment_status":"open","ping_status":"closed","template":"","meta":[],"product_brand":[632],"product_cat":[3291,65,581],"product_tag":[213,106],"woo-feed-brand":[],"class_list":{"0":"post-225049","1":"product","2":"type-product","3":"status-publish","4":"has-post-thumbnail","6":"product_brand-brandp_547","7":"product_cat-cartouches-d-encre-originale","8":"product_cat-informatique-electronique","9":"product_cat-informatique-peripheriques-et-consommables","10":"product_tag-tag_933","11":"product_tag-tag_1295","13":"first","14":"instock","15":"taxable","16":"shipping-taxable","17":"purchasable","18":"product-type-simple"},"yoast_head":"<!-- This site is optimized with the Yoast SEO plugin v27.6 - https:\/\/yoast.com\/product\/yoast-seo-wordpress\/ -->\n<title>Cartouche d&#039;Encre Compatible Epson T7605 Bleu | | Tupique<\/title>\n<meta name=\"description\" content=\"Envie d&#039;acheter Cartouche d&#039;Encre Compatible Epson T7605 Bleu\u00a0? Achetez Cartouche d&#039;Encre Compatible Epson T7605 Bleu maintenant avec Tupique en 3 versements sans int\u00e9r\u00eat.\" \/>\n<meta name=\"robots\" content=\"index, follow, max-snippet:-1, max-image-preview:large, max-video-preview:-1\" \/>\n<link rel=\"canonical\" href=\"https:\/\/tupique.com\/en\/product\/cartouche-dencre-compatible-epson-t7605-bleu\/\" \/>\n<meta property=\"og:locale\" content=\"en_GB\" \/>\n<meta property=\"og:type\" content=\"article\" \/>\n<meta property=\"og:title\" content=\"Cartouche d&#039;Encre Compatible Epson T7605 Bleu | | Tupique\" \/>\n<meta property=\"og:description\" content=\"Envie d&#039;acheter Cartouche d&#039;Encre Compatible Epson T7605 Bleu\u00a0? Achetez Cartouche d&#039;Encre Compatible Epson T7605 Bleu maintenant avec Tupique en 3 versements sans int\u00e9r\u00eat.\" \/>\n<meta property=\"og:url\" content=\"https:\/\/tupique.com\/en\/product\/cartouche-dencre-compatible-epson-t7605-bleu\/\" \/>\n<meta property=\"og:site_name\" content=\"Tupique\" \/>\n<meta property=\"article:modified_time\" content=\"2026-05-15T20:32:33+00:00\" \/>\n<meta property=\"og:image\" content=\"https:\/\/tupique.com\/wp-content\/uploads\/2026\/05\/V3401429_69860000033470.jpg\" \/>\n\t<meta property=\"og:image:width\" content=\"1200\" \/>\n\t<meta property=\"og:image:height\" content=\"1200\" \/>\n\t<meta property=\"og:image:type\" content=\"image\/jpeg\" \/>\n<meta name=\"twitter:card\" content=\"summary_large_image\" \/>\n<script type=\"application\/ld+json\" class=\"yoast-schema-graph\">{\"@context\":\"https:\\\/\\\/schema.org\",\"@graph\":[{\"@type\":\"WebPage\",\"@id\":\"https:\\\/\\\/tupique.com\\\/product\\\/cartouche-dencre-compatible-epson-t7605-bleu\\\/\",\"url\":\"https:\\\/\\\/tupique.com\\\/product\\\/cartouche-dencre-compatible-epson-t7605-bleu\\\/\",\"name\":\"Cartouche d'Encre Compatible Epson T7605 Bleu | | Tupique\",\"isPartOf\":{\"@id\":\"https:\\\/\\\/tupique.com\\\/#website\"},\"primaryImageOfPage\":{\"@id\":\"https:\\\/\\\/tupique.com\\\/product\\\/cartouche-dencre-compatible-epson-t7605-bleu\\\/#primaryimage\"},\"image\":{\"@id\":\"https:\\\/\\\/tupique.com\\\/product\\\/cartouche-dencre-compatible-epson-t7605-bleu\\\/#primaryimage\"},\"thumbnailUrl\":\"https:\\\/\\\/tupique.com\\\/wp-content\\\/uploads\\\/2026\\\/05\\\/V3401429_69860000033470.jpg\",\"datePublished\":\"2026-05-15T18:10:34+00:00\",\"dateModified\":\"2026-05-15T20:32:33+00:00\",\"description\":\"Envie d'acheter Cartouche d'Encre Compatible Epson T7605 Bleu\u00a0? Achetez Cartouche d'Encre Compatible Epson T7605 Bleu maintenant avec Tupique en 3 versements sans int\u00e9r\u00eat.\",\"breadcrumb\":{\"@id\":\"https:\\\/\\\/tupique.com\\\/product\\\/cartouche-dencre-compatible-epson-t7605-bleu\\\/#breadcrumb\"},\"inLanguage\":\"en-GB\",\"potentialAction\":[{\"@type\":\"ReadAction\",\"target\":[\"https:\\\/\\\/tupique.com\\\/product\\\/cartouche-dencre-compatible-epson-t7605-bleu\\\/\"]}]},{\"@type\":\"ImageObject\",\"inLanguage\":\"en-GB\",\"@id\":\"https:\\\/\\\/tupique.com\\\/product\\\/cartouche-dencre-compatible-epson-t7605-bleu\\\/#primaryimage\",\"url\":\"https:\\\/\\\/tupique.com\\\/wp-content\\\/uploads\\\/2026\\\/05\\\/V3401429_69860000033470.jpg\",\"contentUrl\":\"https:\\\/\\\/tupique.com\\\/wp-content\\\/uploads\\\/2026\\\/05\\\/V3401429_69860000033470.jpg\",\"width\":1200,\"height\":1200,\"caption\":\"V3401429_0\"},{\"@type\":\"BreadcrumbList\",\"@id\":\"https:\\\/\\\/tupique.com\\\/product\\\/cartouche-dencre-compatible-epson-t7605-bleu\\\/#breadcrumb\",\"itemListElement\":[{\"@type\":\"ListItem\",\"position\":1,\"name\":\"commencer\",\"item\":\"https:\\\/\\\/tupique.com\\\/\"},{\"@type\":\"ListItem\",\"position\":2,\"name\":\"Loja\",\"item\":\"https:\\\/\\\/tupique.com\\\/pt\\\/loja\\\/\"},{\"@type\":\"ListItem\",\"position\":3,\"name\":\"Cartouche d&#8217;Encre Compatible Epson T7605 Bleu\"}]},{\"@type\":\"WebSite\",\"@id\":\"https:\\\/\\\/tupique.com\\\/#website\",\"url\":\"https:\\\/\\\/tupique.com\\\/\",\"name\":\"Tupique\",\"description\":\"\",\"publisher\":{\"@id\":\"https:\\\/\\\/tupique.com\\\/#organization\"},\"potentialAction\":[{\"@type\":\"SearchAction\",\"target\":{\"@type\":\"EntryPoint\",\"urlTemplate\":\"https:\\\/\\\/tupique.com\\\/?s={search_term_string}\"},\"query-input\":{\"@type\":\"PropertyValueSpecification\",\"valueRequired\":true,\"valueName\":\"search_term_string\"}}],\"inLanguage\":\"en-GB\"},{\"@type\":\"Organization\",\"@id\":\"https:\\\/\\\/tupique.com\\\/#organization\",\"name\":\"Tupique\",\"url\":\"https:\\\/\\\/tupique.com\\\/\",\"logo\":{\"@type\":\"ImageObject\",\"inLanguage\":\"en-GB\",\"@id\":\"https:\\\/\\\/tupique.com\\\/#\\\/schema\\\/logo\\\/image\\\/\",\"url\":\"https:\\\/\\\/tupique.com\\\/wp-content\\\/uploads\\\/2026\\\/03\\\/logo-tupique-1.webp\",\"contentUrl\":\"https:\\\/\\\/tupique.com\\\/wp-content\\\/uploads\\\/2026\\\/03\\\/logo-tupique-1.webp\",\"width\":500,\"height\":67,\"caption\":\"Tupique\"},\"image\":{\"@id\":\"https:\\\/\\\/tupique.com\\\/#\\\/schema\\\/logo\\\/image\\\/\"}}]}<\/script>\n<!-- \/ Yoast SEO plugin. -->","yoast_head_json":{"title":"Cartouche d'Encre Compatible Epson T7605 Bleu | | Tupique","description":"Envie d'acheter Cartouche d'Encre Compatible Epson T7605 Bleu\u00a0? Achetez Cartouche d'Encre Compatible Epson T7605 Bleu maintenant avec Tupique en 3 versements sans int\u00e9r\u00eat.","robots":{"index":"index","follow":"follow","max-snippet":"max-snippet:-1","max-image-preview":"max-image-preview:large","max-video-preview":"max-video-preview:-1"},"canonical":"https:\/\/tupique.com\/en\/product\/cartouche-dencre-compatible-epson-t7605-bleu\/","og_locale":"en_GB","og_type":"article","og_title":"Cartouche d'Encre Compatible Epson T7605 Bleu | | Tupique","og_description":"Envie d'acheter Cartouche d'Encre Compatible Epson T7605 Bleu\u00a0? Achetez Cartouche d'Encre Compatible Epson T7605 Bleu maintenant avec Tupique en 3 versements sans int\u00e9r\u00eat.","og_url":"https:\/\/tupique.com\/en\/product\/cartouche-dencre-compatible-epson-t7605-bleu\/","og_site_name":"Tupique","article_modified_time":"2026-05-15T20:32:33+00:00","og_image":[{"width":1200,"height":1200,"url":"https:\/\/tupique.com\/wp-content\/uploads\/2026\/05\/V3401429_69860000033470.jpg","type":"image\/jpeg"}],"twitter_card":"summary_large_image","schema":{"@context":"https:\/\/schema.org","@graph":[{"@type":"WebPage","@id":"https:\/\/tupique.com\/product\/cartouche-dencre-compatible-epson-t7605-bleu\/","url":"https:\/\/tupique.com\/product\/cartouche-dencre-compatible-epson-t7605-bleu\/","name":"Cartouche d'Encre Compatible Epson T7605 Bleu | | Tupique","isPartOf":{"@id":"https:\/\/tupique.com\/#website"},"primaryImageOfPage":{"@id":"https:\/\/tupique.com\/product\/cartouche-dencre-compatible-epson-t7605-bleu\/#primaryimage"},"image":{"@id":"https:\/\/tupique.com\/product\/cartouche-dencre-compatible-epson-t7605-bleu\/#primaryimage"},"thumbnailUrl":"https:\/\/tupique.com\/wp-content\/uploads\/2026\/05\/V3401429_69860000033470.jpg","datePublished":"2026-05-15T18:10:34+00:00","dateModified":"2026-05-15T20:32:33+00:00","description":"Envie d'acheter Cartouche d'Encre Compatible Epson T7605 Bleu\u00a0? Achetez Cartouche d'Encre Compatible Epson T7605 Bleu maintenant avec Tupique en 3 versements sans int\u00e9r\u00eat.","breadcrumb":{"@id":"https:\/\/tupique.com\/product\/cartouche-dencre-compatible-epson-t7605-bleu\/#breadcrumb"},"inLanguage":"en-GB","potentialAction":[{"@type":"ReadAction","target":["https:\/\/tupique.com\/product\/cartouche-dencre-compatible-epson-t7605-bleu\/"]}]},{"@type":"ImageObject","inLanguage":"en-GB","@id":"https:\/\/tupique.com\/product\/cartouche-dencre-compatible-epson-t7605-bleu\/#primaryimage","url":"https:\/\/tupique.com\/wp-content\/uploads\/2026\/05\/V3401429_69860000033470.jpg","contentUrl":"https:\/\/tupique.com\/wp-content\/uploads\/2026\/05\/V3401429_69860000033470.jpg","width":1200,"height":1200,"caption":"V3401429_0"},{"@type":"BreadcrumbList","@id":"https:\/\/tupique.com\/product\/cartouche-dencre-compatible-epson-t7605-bleu\/#breadcrumb","itemListElement":[{"@type":"ListItem","position":1,"name":"commencer","item":"https:\/\/tupique.com\/"},{"@type":"ListItem","position":2,"name":"Loja","item":"https:\/\/tupique.com\/pt\/loja\/"},{"@type":"ListItem","position":3,"name":"Cartouche d&#8217;Encre Compatible Epson T7605 Bleu"}]},{"@type":"WebSite","@id":"https:\/\/tupique.com\/#website","url":"https:\/\/tupique.com\/","name":"Tupique","description":"","publisher":{"@id":"https:\/\/tupique.com\/#organization"},"potentialAction":[{"@type":"SearchAction","target":{"@type":"EntryPoint","urlTemplate":"https:\/\/tupique.com\/?s={search_term_string}"},"query-input":{"@type":"PropertyValueSpecification","valueRequired":true,"valueName":"search_term_string"}}],"inLanguage":"en-GB"},{"@type":"Organization","@id":"https:\/\/tupique.com\/#organization","name":"Tupique","url":"https:\/\/tupique.com\/","logo":{"@type":"ImageObject","inLanguage":"en-GB","@id":"https:\/\/tupique.com\/#\/schema\/logo\/image\/","url":"https:\/\/tupique.com\/wp-content\/uploads\/2026\/03\/logo-tupique-1.webp","contentUrl":"https:\/\/tupique.com\/wp-content\/uploads\/2026\/03\/logo-tupique-1.webp","width":500,"height":67,"caption":"Tupique"},"image":{"@id":"https:\/\/tupique.com\/#\/schema\/logo\/image\/"}}]}},"_links":{"self":[{"href":"https:\/\/tupique.com\/en\/wp-json\/wp\/v2\/product\/225049","targetHints":{"allow":["GET"]}}],"collection":[{"href":"https:\/\/tupique.com\/en\/wp-json\/wp\/v2\/product"}],"about":[{"href":"https:\/\/tupique.com\/en\/wp-json\/wp\/v2\/types\/product"}],"replies":[{"embeddable":true,"href":"https:\/\/tupique.com\/en\/wp-json\/wp\/v2\/comments?post=225049"}],"wp:featuredmedia":[{"embeddable":true,"href":"https:\/\/tupique.com\/en\/wp-json\/wp\/v2\/media\/225048"}],"wp:attachment":[{"href":"https:\/\/tupique.com\/en\/wp-json\/wp\/v2\/media?parent=225049"}],"wp:term":[{"taxonomy":"product_brand","embeddable":true,"href":"https:\/\/tupique.com\/en\/wp-json\/wp\/v2\/product_brand?post=225049"},{"taxonomy":"product_cat","embeddable":true,"href":"https:\/\/tupique.com\/en\/wp-json\/wp\/v2\/product_cat?post=225049"},{"taxonomy":"product_tag","embeddable":true,"href":"https:\/\/tupique.com\/en\/wp-json\/wp\/v2\/product_tag?post=225049"},{"taxonomy":"woo-feed-brand","embeddable":true,"href":"https:\/\/tupique.com\/en\/wp-json\/wp\/v2\/woo-feed-brand?post=225049"}],"curies":[{"name":"wp","href":"https:\/\/api.w.org\/{rel}","templated":true}]}}