{"id":225361,"date":"2026-05-15T20:49:47","date_gmt":"2026-05-15T18:49:47","guid":{"rendered":"https:\/\/tupique.com\/product\/ecouteurs-in-ear-bluetooth-sudio-a1-true-wireless-orange\/"},"modified":"2026-05-15T22:32:32","modified_gmt":"2026-05-15T20:32:32","slug":"ecouteurs-in-ear-bluetooth-sudio-a1-true-wireless-orange","status":"publish","type":"product","link":"https:\/\/tupique.com\/en\/product\/ecouteurs-in-ear-bluetooth-sudio-a1-true-wireless-orange\/","title":{"rendered":"\u00c9couteurs in Ear Bluetooth Sudio A1 True Wireless Orange"},"content":{"rendered":"<p>Si vous \u00eates passionn\u00e9 d&#8217;<b>informatique et d&#8217;\u00e9lectronique<\/b>, si vous \u00eates \u00e0 la pointe de la technologie et qu&#8217;aucun d\u00e9tail ne vous \u00e9chappe, achetez <b>\u00c9couteurs in Ear Bluetooth Sudio A1 True Wireless Orange<\/b> au meilleur prix.<\/p>\n<ul>\n<li>Features:\n<ul>\n<li>Sans fil<\/li>\n<li>R\u00e9sistant \u00e0 l&#8217;eau<\/li>\n<li>\u00c9tui<\/li>\n<li>R\u00e9duction du bruit<\/li>\n<li>Microphone int\u00e9gr\u00e9<\/li>\n<li>32 Ohm<\/li>\n<li>Batterie int\u00e9gr\u00e9e<\/li>\n<\/ul>\n<\/li>\n<li>Type:\n<ul>\n<li>Casque<\/li>\n<li>Casques avec Microphone<\/li>\n<li>\u00c9couteurs in Ear<\/li>\n<\/ul>\n<\/li>\n<li>Couleur: Orange<\/li>\n<li>Mati\u00e8re: Plastique<\/li>\n<li>Connexions:\n<ul>\n<li>USB<\/li>\n<li>USB-C<\/li>\n<\/ul>\n<\/li>\n<li>Connectivit\u00e9:\n<ul>\n<li>Bluetooth<\/li>\n<li>Sans fil<\/li>\n<li>Bluetooth 5.3<\/li>\n<\/ul>\n<\/li>\n<li>Type de casque: Internet intra-auriculaires<\/li>\n<li>Genre: Unisexe<\/li>\n<li>Port\u00e9e: 10 m<\/li>\n<li>Technologie: True Wireless Stereo (TWS)<\/li>\n<li>Volume sonore: 118 dB<\/li>\n<li>Type de commande:\n<ul>\n<li>Tactile<\/li>\n<li>Dynamique<\/li>\n<\/ul>\n<\/li>\n<li>Batterie: Oui<\/li>\n<li>\u00c2ge recommand\u00e9: Adultes<\/li>\n<li>Casque: Binaural<\/li>\n<li>Utilisation recommand\u00e9e: Appels et musique<\/li>\n<li>Classification IP: IPX4<\/li>\n<li>Rechargeable: Charge USB<\/li>\n<\/ul>","protected":false},"excerpt":{"rendered":"<p>Si vous \u00eates passionn\u00e9 d&#8217;informatique et d&#8217;\u00e9lectronique, si vous \u00eates \u00e0 la pointe de la technologie et qu&#8217;aucun d\u00e9tail ne vous \u00e9chappe, achetez \u00c9couteurs in Ear Bluetooth Sudio A1 True Wireless Orange au meilleur prix. Caract\u00e9ristiques: Sans fil R\u00e9sistant \u00e0 l&#8217;eau \u00c9tui R\u00e9duction du bruit Microphone int\u00e9gr\u00e9 32 Ohm Batterie int\u00e9gr\u00e9e Type: Casque Casques avec [&hellip;]<\/p>\n","protected":false},"featured_media":225343,"comment_status":"open","ping_status":"closed","template":"","meta":[],"product_brand":[3438],"product_cat":[65,581,3272],"product_tag":[213,566,106],"woo-feed-brand":[],"class_list":{"0":"post-225361","1":"product","2":"type-product","3":"status-publish","4":"has-post-thumbnail","6":"product_brand-brandp_9899","7":"product_cat-informatique-electronique","8":"product_cat-informatique-peripheriques-et-consommables","9":"product_cat-micros-et-ecouteurs","10":"product_tag-tag_933","11":"product_tag-tag_547","12":"product_tag-tag_1295","14":"first","15":"instock","16":"taxable","17":"shipping-taxable","18":"purchasable","19":"product-type-simple"},"yoast_head":"<!-- This site is optimized with the Yoast SEO plugin v27.6 - https:\/\/yoast.com\/product\/yoast-seo-wordpress\/ -->\n<title>\u00c9couteurs in Ear Bluetooth Sudio A1 True Wireless Orange | | Tupique<\/title>\n<meta name=\"description\" content=\"Envie d&#039;acheter \u00c9couteurs in Ear Bluetooth Sudio A1 True Wireless Orange\u00a0? Achetez \u00c9couteurs in Ear Bluetooth Sudio A1 True Wireless Orange maintenant avec Tupique en 3 versements sans int\u00e9r\u00eat.\" \/>\n<meta name=\"robots\" content=\"index, follow, max-snippet:-1, max-image-preview:large, max-video-preview:-1\" \/>\n<link rel=\"canonical\" href=\"https:\/\/tupique.com\/en\/product\/ecouteurs-in-ear-bluetooth-sudio-a1-true-wireless-orange\/\" \/>\n<meta property=\"og:locale\" content=\"en_GB\" \/>\n<meta property=\"og:type\" content=\"article\" \/>\n<meta property=\"og:title\" content=\"\u00c9couteurs in Ear Bluetooth Sudio A1 True Wireless Orange | | Tupique\" \/>\n<meta property=\"og:description\" content=\"Envie d&#039;acheter \u00c9couteurs in Ear Bluetooth Sudio A1 True Wireless Orange\u00a0? Achetez \u00c9couteurs in Ear Bluetooth Sudio A1 True Wireless Orange maintenant avec Tupique en 3 versements sans int\u00e9r\u00eat.\" \/>\n<meta property=\"og:url\" content=\"https:\/\/tupique.com\/en\/product\/ecouteurs-in-ear-bluetooth-sudio-a1-true-wireless-orange\/\" \/>\n<meta property=\"og:site_name\" content=\"Tupique\" \/>\n<meta property=\"article:modified_time\" content=\"2026-05-15T20:32:32+00:00\" \/>\n<meta property=\"og:image\" content=\"https:\/\/tupique.com\/wp-content\/uploads\/2026\/05\/7350071385753_S8108195_P00.jpg\" \/>\n\t<meta property=\"og:image:width\" content=\"1200\" \/>\n\t<meta property=\"og:image:height\" content=\"1200\" \/>\n\t<meta property=\"og:image:type\" content=\"image\/jpeg\" \/>\n<meta name=\"twitter:card\" content=\"summary_large_image\" \/>\n<script type=\"application\/ld+json\" class=\"yoast-schema-graph\">{\"@context\":\"https:\\\/\\\/schema.org\",\"@graph\":[{\"@type\":\"WebPage\",\"@id\":\"https:\\\/\\\/tupique.com\\\/product\\\/ecouteurs-in-ear-bluetooth-sudio-a1-true-wireless-orange\\\/\",\"url\":\"https:\\\/\\\/tupique.com\\\/product\\\/ecouteurs-in-ear-bluetooth-sudio-a1-true-wireless-orange\\\/\",\"name\":\"\u00c9couteurs in Ear Bluetooth Sudio A1 True Wireless Orange | | Tupique\",\"isPartOf\":{\"@id\":\"https:\\\/\\\/tupique.com\\\/#website\"},\"primaryImageOfPage\":{\"@id\":\"https:\\\/\\\/tupique.com\\\/product\\\/ecouteurs-in-ear-bluetooth-sudio-a1-true-wireless-orange\\\/#primaryimage\"},\"image\":{\"@id\":\"https:\\\/\\\/tupique.com\\\/product\\\/ecouteurs-in-ear-bluetooth-sudio-a1-true-wireless-orange\\\/#primaryimage\"},\"thumbnailUrl\":\"https:\\\/\\\/tupique.com\\\/wp-content\\\/uploads\\\/2026\\\/05\\\/7350071385753_S8108195_P00.jpg\",\"datePublished\":\"2026-05-15T18:49:47+00:00\",\"dateModified\":\"2026-05-15T20:32:32+00:00\",\"description\":\"Envie d'acheter \u00c9couteurs in Ear Bluetooth Sudio A1 True Wireless Orange\u00a0? Achetez \u00c9couteurs in Ear Bluetooth Sudio A1 True Wireless Orange maintenant avec Tupique en 3 versements sans int\u00e9r\u00eat.\",\"breadcrumb\":{\"@id\":\"https:\\\/\\\/tupique.com\\\/product\\\/ecouteurs-in-ear-bluetooth-sudio-a1-true-wireless-orange\\\/#breadcrumb\"},\"inLanguage\":\"en-GB\",\"potentialAction\":[{\"@type\":\"ReadAction\",\"target\":[\"https:\\\/\\\/tupique.com\\\/product\\\/ecouteurs-in-ear-bluetooth-sudio-a1-true-wireless-orange\\\/\"]}]},{\"@type\":\"ImageObject\",\"inLanguage\":\"en-GB\",\"@id\":\"https:\\\/\\\/tupique.com\\\/product\\\/ecouteurs-in-ear-bluetooth-sudio-a1-true-wireless-orange\\\/#primaryimage\",\"url\":\"https:\\\/\\\/tupique.com\\\/wp-content\\\/uploads\\\/2026\\\/05\\\/7350071385753_S8108195_P00.jpg\",\"contentUrl\":\"https:\\\/\\\/tupique.com\\\/wp-content\\\/uploads\\\/2026\\\/05\\\/7350071385753_S8108195_P00.jpg\",\"width\":1200,\"height\":1200,\"caption\":\"S0800436_0\"},{\"@type\":\"BreadcrumbList\",\"@id\":\"https:\\\/\\\/tupique.com\\\/product\\\/ecouteurs-in-ear-bluetooth-sudio-a1-true-wireless-orange\\\/#breadcrumb\",\"itemListElement\":[{\"@type\":\"ListItem\",\"position\":1,\"name\":\"commencer\",\"item\":\"https:\\\/\\\/tupique.com\\\/\"},{\"@type\":\"ListItem\",\"position\":2,\"name\":\"Loja\",\"item\":\"https:\\\/\\\/tupique.com\\\/pt\\\/loja\\\/\"},{\"@type\":\"ListItem\",\"position\":3,\"name\":\"\u00c9couteurs in Ear Bluetooth Sudio A1 True Wireless Orange\"}]},{\"@type\":\"WebSite\",\"@id\":\"https:\\\/\\\/tupique.com\\\/#website\",\"url\":\"https:\\\/\\\/tupique.com\\\/\",\"name\":\"Tupique\",\"description\":\"\",\"publisher\":{\"@id\":\"https:\\\/\\\/tupique.com\\\/#organization\"},\"potentialAction\":[{\"@type\":\"SearchAction\",\"target\":{\"@type\":\"EntryPoint\",\"urlTemplate\":\"https:\\\/\\\/tupique.com\\\/?s={search_term_string}\"},\"query-input\":{\"@type\":\"PropertyValueSpecification\",\"valueRequired\":true,\"valueName\":\"search_term_string\"}}],\"inLanguage\":\"en-GB\"},{\"@type\":\"Organization\",\"@id\":\"https:\\\/\\\/tupique.com\\\/#organization\",\"name\":\"Tupique\",\"url\":\"https:\\\/\\\/tupique.com\\\/\",\"logo\":{\"@type\":\"ImageObject\",\"inLanguage\":\"en-GB\",\"@id\":\"https:\\\/\\\/tupique.com\\\/#\\\/schema\\\/logo\\\/image\\\/\",\"url\":\"https:\\\/\\\/tupique.com\\\/wp-content\\\/uploads\\\/2026\\\/03\\\/logo-tupique-1.webp\",\"contentUrl\":\"https:\\\/\\\/tupique.com\\\/wp-content\\\/uploads\\\/2026\\\/03\\\/logo-tupique-1.webp\",\"width\":500,\"height\":67,\"caption\":\"Tupique\"},\"image\":{\"@id\":\"https:\\\/\\\/tupique.com\\\/#\\\/schema\\\/logo\\\/image\\\/\"}}]}<\/script>\n<!-- \/ Yoast SEO plugin. -->","yoast_head_json":{"title":"\u00c9couteurs in Ear Bluetooth Sudio A1 True Wireless Orange | | Tupique","description":"Envie d'acheter \u00c9couteurs in Ear Bluetooth Sudio A1 True Wireless Orange\u00a0? Achetez \u00c9couteurs in Ear Bluetooth Sudio A1 True Wireless Orange maintenant avec Tupique en 3 versements sans int\u00e9r\u00eat.","robots":{"index":"index","follow":"follow","max-snippet":"max-snippet:-1","max-image-preview":"max-image-preview:large","max-video-preview":"max-video-preview:-1"},"canonical":"https:\/\/tupique.com\/en\/product\/ecouteurs-in-ear-bluetooth-sudio-a1-true-wireless-orange\/","og_locale":"en_GB","og_type":"article","og_title":"\u00c9couteurs in Ear Bluetooth Sudio A1 True Wireless Orange | | Tupique","og_description":"Envie d'acheter \u00c9couteurs in Ear Bluetooth Sudio A1 True Wireless Orange\u00a0? Achetez \u00c9couteurs in Ear Bluetooth Sudio A1 True Wireless Orange maintenant avec Tupique en 3 versements sans int\u00e9r\u00eat.","og_url":"https:\/\/tupique.com\/en\/product\/ecouteurs-in-ear-bluetooth-sudio-a1-true-wireless-orange\/","og_site_name":"Tupique","article_modified_time":"2026-05-15T20:32:32+00:00","og_image":[{"width":1200,"height":1200,"url":"https:\/\/tupique.com\/wp-content\/uploads\/2026\/05\/7350071385753_S8108195_P00.jpg","type":"image\/jpeg"}],"twitter_card":"summary_large_image","schema":{"@context":"https:\/\/schema.org","@graph":[{"@type":"WebPage","@id":"https:\/\/tupique.com\/product\/ecouteurs-in-ear-bluetooth-sudio-a1-true-wireless-orange\/","url":"https:\/\/tupique.com\/product\/ecouteurs-in-ear-bluetooth-sudio-a1-true-wireless-orange\/","name":"\u00c9couteurs in Ear Bluetooth Sudio A1 True Wireless Orange | | Tupique","isPartOf":{"@id":"https:\/\/tupique.com\/#website"},"primaryImageOfPage":{"@id":"https:\/\/tupique.com\/product\/ecouteurs-in-ear-bluetooth-sudio-a1-true-wireless-orange\/#primaryimage"},"image":{"@id":"https:\/\/tupique.com\/product\/ecouteurs-in-ear-bluetooth-sudio-a1-true-wireless-orange\/#primaryimage"},"thumbnailUrl":"https:\/\/tupique.com\/wp-content\/uploads\/2026\/05\/7350071385753_S8108195_P00.jpg","datePublished":"2026-05-15T18:49:47+00:00","dateModified":"2026-05-15T20:32:32+00:00","description":"Envie d'acheter \u00c9couteurs in Ear Bluetooth Sudio A1 True Wireless Orange\u00a0? Achetez \u00c9couteurs in Ear Bluetooth Sudio A1 True Wireless Orange maintenant avec Tupique en 3 versements sans int\u00e9r\u00eat.","breadcrumb":{"@id":"https:\/\/tupique.com\/product\/ecouteurs-in-ear-bluetooth-sudio-a1-true-wireless-orange\/#breadcrumb"},"inLanguage":"en-GB","potentialAction":[{"@type":"ReadAction","target":["https:\/\/tupique.com\/product\/ecouteurs-in-ear-bluetooth-sudio-a1-true-wireless-orange\/"]}]},{"@type":"ImageObject","inLanguage":"en-GB","@id":"https:\/\/tupique.com\/product\/ecouteurs-in-ear-bluetooth-sudio-a1-true-wireless-orange\/#primaryimage","url":"https:\/\/tupique.com\/wp-content\/uploads\/2026\/05\/7350071385753_S8108195_P00.jpg","contentUrl":"https:\/\/tupique.com\/wp-content\/uploads\/2026\/05\/7350071385753_S8108195_P00.jpg","width":1200,"height":1200,"caption":"S0800436_0"},{"@type":"BreadcrumbList","@id":"https:\/\/tupique.com\/product\/ecouteurs-in-ear-bluetooth-sudio-a1-true-wireless-orange\/#breadcrumb","itemListElement":[{"@type":"ListItem","position":1,"name":"commencer","item":"https:\/\/tupique.com\/"},{"@type":"ListItem","position":2,"name":"Loja","item":"https:\/\/tupique.com\/pt\/loja\/"},{"@type":"ListItem","position":3,"name":"\u00c9couteurs in Ear Bluetooth Sudio A1 True Wireless Orange"}]},{"@type":"WebSite","@id":"https:\/\/tupique.com\/#website","url":"https:\/\/tupique.com\/","name":"Tupique","description":"","publisher":{"@id":"https:\/\/tupique.com\/#organization"},"potentialAction":[{"@type":"SearchAction","target":{"@type":"EntryPoint","urlTemplate":"https:\/\/tupique.com\/?s={search_term_string}"},"query-input":{"@type":"PropertyValueSpecification","valueRequired":true,"valueName":"search_term_string"}}],"inLanguage":"en-GB"},{"@type":"Organization","@id":"https:\/\/tupique.com\/#organization","name":"Tupique","url":"https:\/\/tupique.com\/","logo":{"@type":"ImageObject","inLanguage":"en-GB","@id":"https:\/\/tupique.com\/#\/schema\/logo\/image\/","url":"https:\/\/tupique.com\/wp-content\/uploads\/2026\/03\/logo-tupique-1.webp","contentUrl":"https:\/\/tupique.com\/wp-content\/uploads\/2026\/03\/logo-tupique-1.webp","width":500,"height":67,"caption":"Tupique"},"image":{"@id":"https:\/\/tupique.com\/#\/schema\/logo\/image\/"}}]}},"_links":{"self":[{"href":"https:\/\/tupique.com\/en\/wp-json\/wp\/v2\/product\/225361","targetHints":{"allow":["GET"]}}],"collection":[{"href":"https:\/\/tupique.com\/en\/wp-json\/wp\/v2\/product"}],"about":[{"href":"https:\/\/tupique.com\/en\/wp-json\/wp\/v2\/types\/product"}],"replies":[{"embeddable":true,"href":"https:\/\/tupique.com\/en\/wp-json\/wp\/v2\/comments?post=225361"}],"wp:featuredmedia":[{"embeddable":true,"href":"https:\/\/tupique.com\/en\/wp-json\/wp\/v2\/media\/225343"}],"wp:attachment":[{"href":"https:\/\/tupique.com\/en\/wp-json\/wp\/v2\/media?parent=225361"}],"wp:term":[{"taxonomy":"product_brand","embeddable":true,"href":"https:\/\/tupique.com\/en\/wp-json\/wp\/v2\/product_brand?post=225361"},{"taxonomy":"product_cat","embeddable":true,"href":"https:\/\/tupique.com\/en\/wp-json\/wp\/v2\/product_cat?post=225361"},{"taxonomy":"product_tag","embeddable":true,"href":"https:\/\/tupique.com\/en\/wp-json\/wp\/v2\/product_tag?post=225361"},{"taxonomy":"woo-feed-brand","embeddable":true,"href":"https:\/\/tupique.com\/en\/wp-json\/wp\/v2\/woo-feed-brand?post=225361"}],"curies":[{"name":"wp","href":"https:\/\/api.w.org\/{rel}","templated":true}]}}