{"id":35323,"date":"2026-03-30T07:44:41","date_gmt":"2026-03-30T05:44:41","guid":{"rendered":"https:\/\/bigbuy.tupique.com\/produto\/replacement-head-zebra-p1058930-012-refurbished-a\/"},"modified":"2026-05-09T02:12:09","modified_gmt":"2026-05-09T00:12:09","slug":"replacement-head-zebra-p1058930-012-refurbished-a","status":"publish","type":"product","link":"https:\/\/tupique.com\/en\/product\/replacement-head-zebra-p1058930-012-refurbished-a\/","title":{"rendered":"T\u00eate de rechange Zebra P1058930-012 (Reconditionn\u00e9 A)"},"content":{"rendered":"<p>Si vous \u00eates passionn\u00e9 d&#8217;<b>informatique et d&#8217;\u00e9lectronique<\/b>, si vous \u00eates \u00e0 la pointe de la technologie et qu&#8217;aucun d\u00e9tail ne vous \u00e9chappe, achetez <b>T\u00eate de rechange Zebra P1058930-012 (Reconditionn\u00e9 A)<\/b> au meilleur prix.<\/p>\n<p>La <b>t\u00eate d\u2019impression de rechange Zebra P1058930-012<\/b> est un composant essentiel con\u00e7u pour garantir des performances optimales en impression thermique professionnelle, sp\u00e9cialement compatible avec l\u2019imprimante industrielle Zebra ZT420. Cette t\u00eate utilise la technologie de <b>transfert thermique<\/b>, alliant pr\u00e9cision et durabilit\u00e9 pour l\u2019impression d\u2019\u00e9tiquettes et de codes-barres, id\u00e9ale pour les environnements industriels ou logistiques o\u00f9 fiabilit\u00e9 et qualit\u00e9 sont indispensables. Con\u00e7ue pour fonctionner avec du <b>ruban thermique<\/b>, son design assure une excellente transmission de la chaleur pour des impressions nettes et r\u00e9sistantes \u00e0 l\u2019usure. De plus, elle est pr\u00e9vue pour des imprimantes multifonctions, ce qui en fait une solution polyvalente capable de s\u2019adapter \u00e0 divers besoins d\u2019impression sur un seul appareil. Elle inclut une <b>prise EU<\/b>, garantissant sa compatibilit\u00e9 avec les normes \u00e9lectriques europ\u00e9ennes et facilitant son installation sans adaptateurs suppl\u00e9mentaires. La qualit\u00e9 et la pr\u00e9cision de cette t\u00eate de rechange permettent de prolonger la dur\u00e9e de vie de l\u2019\u00e9quipement et d\u2019assurer une constance dans l\u2019impression au fil du temps, \u00e9vitant ainsi les interruptions dans les processus de production et d\u2019\u00e9tiquetage. En r\u00e9sum\u00e9, la Zebra P1058930-012 repr\u00e9sente une pi\u00e8ce de rechange fiable et efficace, optimis\u00e9e pour les syst\u00e8mes d\u2019impression thermique industriels n\u00e9cessitant un composant durable et performant.<\/p>\n<ul>\n<li>Type:\n<ul>\n<li>T\u00eate de rechange<\/li>\n<li>Imprimante Multifonction<\/li>\n<li>Bande thermique<\/li>\n<\/ul>\n<\/li>\n<li>Type de prise: Prise EU<\/li>\n<li>Produit \u00e0 brancher: Oui<\/li>\n<li>Technologie: Thermique<\/li>\n<li>Bloc d\u2019Alimentation: r\u00e9seau \u00e9lectrique<\/li>\n<li>Couleur: Noir<\/li>\n<li>Connexions: USB<\/li>\n<li>Impression couleur: Non<\/li>\n<\/ul>\n<p>RECONDITIONN\u00c9S: Il s\u00b4agit de produits renvoy\u00e9s pendant la p\u00e9riode de d\u00e9sistement ou d\u00b4exposition qui ont pu \u00eatre utilis\u00e9s pour effectuer des tests ; certains se vendent avec l\u00b4emballage en mauvaise \u00e9tat ou avec l\u00b4emballage original visiblement ouvert. Tous les produits ont subi une r\u00e9vision, ils contiennent la garantie officielle de la marque et fonctionnent parfaitement. Classification selon leur \u00e9tat: <\/p>\n<ul>\n<li>A+\/ Impeccable : produits en \u00e9tat impeccable dont l\u00b4emballage original peut se trouver ouvert ou a \u00e9t\u00e9 remplac\u00e9 par un autre en parfaites conditions.<\/li>\n<li>A\/ Comme neuf : produits en parfait \u00e9tat comme neuf dont l\u00b4emballage original peut se trouver ouvert ou l\u00e9g\u00e8rement d\u00e9t\u00e9rior\u00e9, ou a \u00e9t\u00e9 remplac\u00e9 par un autre.<\/li>\n<li>B\/ Tr\u00e8s bien : produits en tr\u00e8s bon \u00e9tat, avec de possibles d\u00e9fauts esth\u00e9tiques l\u00e9gers, qui fonctionnent parfaitement et dont l\u00b4emballage original peut se trouver ouvert ou l\u00e9g\u00e8rement d\u00e9t\u00e9rior\u00e9.<\/li>\n<li>C\/ Bon \u00e9tat : produits en bon \u00e9tat, avec de possibles d\u00e9fauts esth\u00e9tiques, qui fonctionnent parfaitement et dont l\u00b4emballage original peut se trouver ouvert ou l\u00e9g\u00e8rement d\u00e9t\u00e9rior\u00e9.<\/li>\n<li>D\/ Correct : produits en correct \u00e9tat, avec de possibles d\u00e9fauts esth\u00e9tiques ou manque d\u00b4un accessoires quelconques, qui fonctionnent parfaitement et dont l\u00b4emballage original peut se trouver ouvert ou l\u00e9g\u00e8rement d\u00e9t\u00e9rior\u00e9.<\/li>\n<\/ul>","protected":false},"excerpt":{"rendered":"<p>Si vous \u00eates passionn\u00e9 d&#8217;informatique et d&#8217;\u00e9lectronique, si vous \u00eates \u00e0 la pointe de la technologie et qu&#8217;aucun d\u00e9tail ne vous \u00e9chappe, achetez T\u00eate de rechange Zebra P1058930-012 (Reconditionn\u00e9 A) au meilleur prix. La t\u00eate d\u2019impression de rechange Zebra P1058930-012 est un composant essentiel con\u00e7u pour garantir des performances optimales en impression thermique professionnelle, sp\u00e9cialement [&hellip;]<\/p>\n","protected":false},"featured_media":35321,"comment_status":"open","ping_status":"closed","template":"","meta":[],"product_brand":[812],"product_cat":[592,65,581,173,174],"product_tag":[213,166,106],"class_list":{"0":"post-35323","1":"product","2":"type-product","3":"status-publish","4":"has-post-thumbnail","6":"product_brand-brandp_590","7":"product_cat-imprimantes","8":"product_cat-informatique-electronique","9":"product_cat-informatique-peripheriques-et-consommables","10":"product_cat-promos-reconditionnes","11":"product_cat-reconditionnes-openbox","12":"product_tag-tag_933","13":"product_tag-tag_1297","14":"product_tag-tag_1295","16":"first","17":"instock","18":"taxable","19":"shipping-taxable","20":"purchasable","21":"product-type-simple"},"yoast_head":"<!-- This site is optimized with the Yoast SEO plugin v27.5 - https:\/\/yoast.com\/product\/yoast-seo-wordpress\/ -->\n<title>T\u00eate de rechange Zebra P1058930-012 (Reconditionn\u00e9 A) - Tupique<\/title>\n<meta name=\"robots\" content=\"index, follow, max-snippet:-1, max-image-preview:large, max-video-preview:-1\" \/>\n<link rel=\"canonical\" href=\"https:\/\/tupique.com\/en\/product\/replacement-head-zebra-p1058930-012-refurbished-a\/\" \/>\n<meta property=\"og:locale\" content=\"en_GB\" \/>\n<meta property=\"og:type\" content=\"article\" \/>\n<meta property=\"og:title\" content=\"T\u00eate de rechange Zebra P1058930-012 (Reconditionn\u00e9 A) - Tupique\" \/>\n<meta property=\"og:description\" content=\"Si vous \u00eates passionn\u00e9 d&#8217;informatique et d&#8217;\u00e9lectronique, si vous \u00eates \u00e0 la pointe de la technologie et qu&#8217;aucun d\u00e9tail ne vous \u00e9chappe, achetez T\u00eate de rechange Zebra P1058930-012 (Reconditionn\u00e9 A) au meilleur prix. La t\u00eate d\u2019impression de rechange Zebra P1058930-012 est un composant essentiel con\u00e7u pour garantir des performances optimales en impression thermique professionnelle, sp\u00e9cialement [&hellip;]\" \/>\n<meta property=\"og:url\" content=\"https:\/\/tupique.com\/en\/product\/replacement-head-zebra-p1058930-012-refurbished-a\/\" \/>\n<meta property=\"og:site_name\" content=\"Tupique\" \/>\n<meta property=\"article:modified_time\" content=\"2026-05-09T00:12:09+00:00\" \/>\n<meta property=\"og:image\" content=\"https:\/\/tupique.com\/wp-content\/uploads\/2026\/03\/155746410-1.jpg\" \/>\n\t<meta property=\"og:image:width\" content=\"1200\" \/>\n\t<meta property=\"og:image:height\" content=\"1200\" \/>\n\t<meta property=\"og:image:type\" content=\"image\/jpeg\" \/>\n<meta name=\"twitter:card\" content=\"summary_large_image\" \/>\n<meta name=\"twitter:label1\" content=\"Est. reading time\" \/>\n\t<meta name=\"twitter:data1\" content=\"3 minutes\" \/>\n<script type=\"application\/ld+json\" class=\"yoast-schema-graph\">{\"@context\":\"https:\\\/\\\/schema.org\",\"@graph\":[{\"@type\":\"WebPage\",\"@id\":\"https:\\\/\\\/tupique.com\\\/product\\\/replacement-head-zebra-p1058930-012-refurbished-a\\\/\",\"url\":\"https:\\\/\\\/tupique.com\\\/product\\\/replacement-head-zebra-p1058930-012-refurbished-a\\\/\",\"name\":\"T\u00eate de rechange Zebra P1058930-012 (Reconditionn\u00e9 A) - Tupique\",\"isPartOf\":{\"@id\":\"https:\\\/\\\/tupique.com\\\/#website\"},\"primaryImageOfPage\":{\"@id\":\"https:\\\/\\\/tupique.com\\\/product\\\/replacement-head-zebra-p1058930-012-refurbished-a\\\/#primaryimage\"},\"image\":{\"@id\":\"https:\\\/\\\/tupique.com\\\/product\\\/replacement-head-zebra-p1058930-012-refurbished-a\\\/#primaryimage\"},\"thumbnailUrl\":\"https:\\\/\\\/tupique.com\\\/wp-content\\\/uploads\\\/2026\\\/03\\\/155746410-1.jpg\",\"datePublished\":\"2026-03-30T05:44:41+00:00\",\"dateModified\":\"2026-05-09T00:12:09+00:00\",\"breadcrumb\":{\"@id\":\"https:\\\/\\\/tupique.com\\\/product\\\/replacement-head-zebra-p1058930-012-refurbished-a\\\/#breadcrumb\"},\"inLanguage\":\"en-GB\",\"potentialAction\":[{\"@type\":\"ReadAction\",\"target\":[\"https:\\\/\\\/tupique.com\\\/product\\\/replacement-head-zebra-p1058930-012-refurbished-a\\\/\"]}]},{\"@type\":\"ImageObject\",\"inLanguage\":\"en-GB\",\"@id\":\"https:\\\/\\\/tupique.com\\\/product\\\/replacement-head-zebra-p1058930-012-refurbished-a\\\/#primaryimage\",\"url\":\"https:\\\/\\\/tupique.com\\\/wp-content\\\/uploads\\\/2026\\\/03\\\/155746410-1.jpg\",\"contentUrl\":\"https:\\\/\\\/tupique.com\\\/wp-content\\\/uploads\\\/2026\\\/03\\\/155746410-1.jpg\",\"width\":1200,\"height\":1200,\"caption\":\"V0709482_0\"},{\"@type\":\"BreadcrumbList\",\"@id\":\"https:\\\/\\\/tupique.com\\\/product\\\/replacement-head-zebra-p1058930-012-refurbished-a\\\/#breadcrumb\",\"itemListElement\":[{\"@type\":\"ListItem\",\"position\":1,\"name\":\"commencer\",\"item\":\"https:\\\/\\\/tupique.com\\\/\"},{\"@type\":\"ListItem\",\"position\":2,\"name\":\"Loja\",\"item\":\"https:\\\/\\\/tupique.com\\\/loja\\\/\"},{\"@type\":\"ListItem\",\"position\":3,\"name\":\"T\u00eate de rechange Zebra P1058930-012 (Reconditionn\u00e9 A)\"}]},{\"@type\":\"WebSite\",\"@id\":\"https:\\\/\\\/tupique.com\\\/#website\",\"url\":\"https:\\\/\\\/tupique.com\\\/\",\"name\":\"Tupique\",\"description\":\"\",\"publisher\":{\"@id\":\"https:\\\/\\\/tupique.com\\\/#organization\"},\"potentialAction\":[{\"@type\":\"SearchAction\",\"target\":{\"@type\":\"EntryPoint\",\"urlTemplate\":\"https:\\\/\\\/tupique.com\\\/?s={search_term_string}\"},\"query-input\":{\"@type\":\"PropertyValueSpecification\",\"valueRequired\":true,\"valueName\":\"search_term_string\"}}],\"inLanguage\":\"en-GB\"},{\"@type\":\"Organization\",\"@id\":\"https:\\\/\\\/tupique.com\\\/#organization\",\"name\":\"Tupique\",\"url\":\"https:\\\/\\\/tupique.com\\\/\",\"logo\":{\"@type\":\"ImageObject\",\"inLanguage\":\"en-GB\",\"@id\":\"https:\\\/\\\/tupique.com\\\/#\\\/schema\\\/logo\\\/image\\\/\",\"url\":\"https:\\\/\\\/tupique.com\\\/wp-content\\\/uploads\\\/2026\\\/03\\\/logo-tupique-1.webp\",\"contentUrl\":\"https:\\\/\\\/tupique.com\\\/wp-content\\\/uploads\\\/2026\\\/03\\\/logo-tupique-1.webp\",\"width\":500,\"height\":67,\"caption\":\"Tupique\"},\"image\":{\"@id\":\"https:\\\/\\\/tupique.com\\\/#\\\/schema\\\/logo\\\/image\\\/\"}}]}<\/script>\n<!-- \/ Yoast SEO plugin. -->","yoast_head_json":{"title":"T\u00eate de rechange Zebra P1058930-012 (Reconditionn\u00e9 A) - Tupique","robots":{"index":"index","follow":"follow","max-snippet":"max-snippet:-1","max-image-preview":"max-image-preview:large","max-video-preview":"max-video-preview:-1"},"canonical":"https:\/\/tupique.com\/en\/product\/replacement-head-zebra-p1058930-012-refurbished-a\/","og_locale":"en_GB","og_type":"article","og_title":"T\u00eate de rechange Zebra P1058930-012 (Reconditionn\u00e9 A) - Tupique","og_description":"Si vous \u00eates passionn\u00e9 d&#8217;informatique et d&#8217;\u00e9lectronique, si vous \u00eates \u00e0 la pointe de la technologie et qu&#8217;aucun d\u00e9tail ne vous \u00e9chappe, achetez T\u00eate de rechange Zebra P1058930-012 (Reconditionn\u00e9 A) au meilleur prix. La t\u00eate d\u2019impression de rechange Zebra P1058930-012 est un composant essentiel con\u00e7u pour garantir des performances optimales en impression thermique professionnelle, sp\u00e9cialement [&hellip;]","og_url":"https:\/\/tupique.com\/en\/product\/replacement-head-zebra-p1058930-012-refurbished-a\/","og_site_name":"Tupique","article_modified_time":"2026-05-09T00:12:09+00:00","og_image":[{"width":1200,"height":1200,"url":"https:\/\/tupique.com\/wp-content\/uploads\/2026\/03\/155746410-1.jpg","type":"image\/jpeg"}],"twitter_card":"summary_large_image","twitter_misc":{"Est. reading time":"3 minutes"},"schema":{"@context":"https:\/\/schema.org","@graph":[{"@type":"WebPage","@id":"https:\/\/tupique.com\/product\/replacement-head-zebra-p1058930-012-refurbished-a\/","url":"https:\/\/tupique.com\/product\/replacement-head-zebra-p1058930-012-refurbished-a\/","name":"T\u00eate de rechange Zebra P1058930-012 (Reconditionn\u00e9 A) - Tupique","isPartOf":{"@id":"https:\/\/tupique.com\/#website"},"primaryImageOfPage":{"@id":"https:\/\/tupique.com\/product\/replacement-head-zebra-p1058930-012-refurbished-a\/#primaryimage"},"image":{"@id":"https:\/\/tupique.com\/product\/replacement-head-zebra-p1058930-012-refurbished-a\/#primaryimage"},"thumbnailUrl":"https:\/\/tupique.com\/wp-content\/uploads\/2026\/03\/155746410-1.jpg","datePublished":"2026-03-30T05:44:41+00:00","dateModified":"2026-05-09T00:12:09+00:00","breadcrumb":{"@id":"https:\/\/tupique.com\/product\/replacement-head-zebra-p1058930-012-refurbished-a\/#breadcrumb"},"inLanguage":"en-GB","potentialAction":[{"@type":"ReadAction","target":["https:\/\/tupique.com\/product\/replacement-head-zebra-p1058930-012-refurbished-a\/"]}]},{"@type":"ImageObject","inLanguage":"en-GB","@id":"https:\/\/tupique.com\/product\/replacement-head-zebra-p1058930-012-refurbished-a\/#primaryimage","url":"https:\/\/tupique.com\/wp-content\/uploads\/2026\/03\/155746410-1.jpg","contentUrl":"https:\/\/tupique.com\/wp-content\/uploads\/2026\/03\/155746410-1.jpg","width":1200,"height":1200,"caption":"V0709482_0"},{"@type":"BreadcrumbList","@id":"https:\/\/tupique.com\/product\/replacement-head-zebra-p1058930-012-refurbished-a\/#breadcrumb","itemListElement":[{"@type":"ListItem","position":1,"name":"commencer","item":"https:\/\/tupique.com\/"},{"@type":"ListItem","position":2,"name":"Loja","item":"https:\/\/tupique.com\/loja\/"},{"@type":"ListItem","position":3,"name":"T\u00eate de rechange Zebra P1058930-012 (Reconditionn\u00e9 A)"}]},{"@type":"WebSite","@id":"https:\/\/tupique.com\/#website","url":"https:\/\/tupique.com\/","name":"Tupique","description":"","publisher":{"@id":"https:\/\/tupique.com\/#organization"},"potentialAction":[{"@type":"SearchAction","target":{"@type":"EntryPoint","urlTemplate":"https:\/\/tupique.com\/?s={search_term_string}"},"query-input":{"@type":"PropertyValueSpecification","valueRequired":true,"valueName":"search_term_string"}}],"inLanguage":"en-GB"},{"@type":"Organization","@id":"https:\/\/tupique.com\/#organization","name":"Tupique","url":"https:\/\/tupique.com\/","logo":{"@type":"ImageObject","inLanguage":"en-GB","@id":"https:\/\/tupique.com\/#\/schema\/logo\/image\/","url":"https:\/\/tupique.com\/wp-content\/uploads\/2026\/03\/logo-tupique-1.webp","contentUrl":"https:\/\/tupique.com\/wp-content\/uploads\/2026\/03\/logo-tupique-1.webp","width":500,"height":67,"caption":"Tupique"},"image":{"@id":"https:\/\/tupique.com\/#\/schema\/logo\/image\/"}}]}},"_links":{"self":[{"href":"https:\/\/tupique.com\/en\/wp-json\/wp\/v2\/product\/35323","targetHints":{"allow":["GET"]}}],"collection":[{"href":"https:\/\/tupique.com\/en\/wp-json\/wp\/v2\/product"}],"about":[{"href":"https:\/\/tupique.com\/en\/wp-json\/wp\/v2\/types\/product"}],"replies":[{"embeddable":true,"href":"https:\/\/tupique.com\/en\/wp-json\/wp\/v2\/comments?post=35323"}],"wp:featuredmedia":[{"embeddable":true,"href":"https:\/\/tupique.com\/en\/wp-json\/wp\/v2\/media\/35321"}],"wp:attachment":[{"href":"https:\/\/tupique.com\/en\/wp-json\/wp\/v2\/media?parent=35323"}],"wp:term":[{"taxonomy":"product_brand","embeddable":true,"href":"https:\/\/tupique.com\/en\/wp-json\/wp\/v2\/product_brand?post=35323"},{"taxonomy":"product_cat","embeddable":true,"href":"https:\/\/tupique.com\/en\/wp-json\/wp\/v2\/product_cat?post=35323"},{"taxonomy":"product_tag","embeddable":true,"href":"https:\/\/tupique.com\/en\/wp-json\/wp\/v2\/product_tag?post=35323"}],"curies":[{"name":"wp","href":"https:\/\/api.w.org\/{rel}","templated":true}]}}