{"id":4371013,"date":"2026-03-23T19:40:29","date_gmt":"2026-03-23T18:40:29","guid":{"rendered":"https:\/\/tupique.com\/produit\/switch-cisco-c9200l-24p-4x-e\/"},"modified":"2026-04-08T07:02:57","modified_gmt":"2026-04-08T06:02:57","slug":"switch-cisco-c9200l-24p-4x-e","status":"publish","type":"product","link":"https:\/\/tupique.com\/en\/product\/switch-cisco-c9200l-24p-4x-e\/","title":{"rendered":"Switch CISCO C9200L-24P-4X-E"},"content":{"rendered":"<p>If you're looking for the latest trends on the market, we've got you covered. <b>Switch CISCO C9200L-24P-4X-E<\/b> !<\/p>\n<p>Le <b>Cisco Catalyst 9200L C9200L-24P-4X-E<\/b> est un <b>switch manageable de couche 3<\/b> con\u00e7u pour les environnements professionnels n\u00e9cessitant une haute efficacit\u00e9 et fiabilit\u00e9 sur les r\u00e9seaux locaux. Son ch\u00e2ssis pr\u00e9sente une finition <b>grey<\/b> et dispose d\u2019une configuration de <b>24 ports RJ45 Ethernet 10G<\/b> (compatibles 100\/1000\/10000 Mbps), assurant une connectivit\u00e9 rapide et polyvalente. Il int\u00e8gre \u00e9galement le support <b>PoE (Power over Ethernet)<\/b> sur un de ses ports, permettant d\u2019alimenter directement des appareils compatibles via le c\u00e2ble r\u00e9seau, optimisant ainsi l\u2019installation et la gestion de p\u00e9riph\u00e9riques comme les t\u00e9l\u00e9phones IP ou cam\u00e9ras de s\u00e9curit\u00e9. L\u2019\u00e9quipement fonctionne en <b>full duplex bidirectionnel<\/b> pour garantir un flux de donn\u00e9es efficace et r\u00e9duire les collisions r\u00e9seau. Sa <b>capacit\u00e9 de commutation de 128 Gbit\/s<\/b> et sa table d\u2019adresses MAC pouvant contenir <b>16 000 entr\u00e9es<\/b> permettent de g\u00e9rer des r\u00e9seaux complexes avec un trafic important sans perte de performance ni stabilit\u00e9. Il respecte des normes cl\u00e9s telles que IEEE 802.1D, 802.1Q, 802.1p, 802.1s, 802.1w, 802.1x et IEEE 802.3, assurant compatibilit\u00e9 et s\u00e9curit\u00e9 avanc\u00e9e des protocoles r\u00e9seau et VLAN. Il est aliment\u00e9 par un connecteur secteur <b>AC-in<\/b>, facilitant son int\u00e9gration dans les infrastructures standards. Ce switch fait partie d\u2019une gamme alliant robustesse et fonctionnalit\u00e9 pour les infrastructures IT des moyennes et grandes entreprises n\u00e9cessitant un contr\u00f4le pr\u00e9cis du trafic et une gestion centralis\u00e9e du r\u00e9seau. En r\u00e9sum\u00e9, le Cisco Catalyst 9200L C9200L-24P-4X-E est un \u00e9quipement fiable, pr\u00eat \u00e0 supporter des connexions Ethernet \u00e0 haute vitesse et puissance, id\u00e9al pour optimiser les r\u00e9seaux d\u2019entreprise.<\/p>\n<ul>\n<li>Connections:\n<ul>\n<li>Ethernet LAN<\/li>\n<li>RJ45<\/li>\n<li>RJ45 x 24<\/li>\n<li>PoE x 1<\/li>\n<li>PoE<\/li>\n<li>Ethernet<\/li>\n<\/ul>\n<\/li>\n<li>Plug-in product: Yes<\/li>\n<li>Type: Switch<\/li>\n<li>Socket type: EU socket<\/li>\n<li>Bloc d\u2019Alimentation:\n<ul>\n<li>r\u00e9seau \u00e9lectrique<\/li>\n<li>Incluses<\/li>\n<\/ul>\n<\/li>\n<li>Colour: Grey<\/li>\n<li>Voltage:\n<ul>\n<li>100-240 V<\/li>\n<li>100 - 240 V<\/li>\n<\/ul>\n<\/li>\n<li>Frequency:\n<ul>\n<li>50-60 Hz<\/li>\n<li>50 &#8211; 60 Hz<\/li>\n<\/ul>\n<\/li>\n<li>M\u00e9moire Flash: 4000 MB<\/li>\n<li>Mati\u00e8re: M\u00e9tal<\/li>\n<li>Support: Multisupport<\/li>\n<li>puissance: 600 W<\/li>\n<li>Ports: 24<\/li>\n<li>Compatible:\n<ul>\n<li>Ordinateurs<\/li>\n<li>128-bit AES<\/li>\n<\/ul>\n<\/li>\n<li>Approximate temperature: -40\u00ba \/ 70\u00ba C<\/li>\n<li>M\u00e9moire RAM: 2 GB<\/li>\n<\/ul>","protected":false},"excerpt":{"rendered":"<p>Si vous \u00eates \u00e0 la recherche de nouvelles tendances sur le march\u00e9, nous vous pr\u00e9sentons Switch CISCO C9200L-24P-4X-E ! Le<\/p>","protected":false},"featured_media":4383848,"comment_status":"open","ping_status":"open","template":"","meta":{"_joinchat":[]},"product_brand":[157901],"product_cat":[157516,157520,157585],"product_tag":[157515],"class_list":{"0":"post-4371013","1":"product","2":"type-product","3":"status-publish","4":"has-post-thumbnail","6":"product_brand-brandp_1036","7":"product_cat-informatique-electronique","8":"product_cat-informatique-reseaux-et-composants","9":"product_cat-switch","10":"product_tag-tag_1295","12":"first","13":"instock","14":"taxable","15":"shipping-taxable","16":"purchasable","17":"product-type-simple"},"yoast_head":"<!-- This site is optimized with the Yoast SEO plugin v27.2 - https:\/\/yoast.com\/product\/yoast-seo-wordpress\/ -->\n<title>Switch CISCO C9200L-24P-4X-E - Tupique<\/title>\n<meta name=\"description\" content=\"Vous cherchez Switch CISCO C9200L-24P-4X-E ? Achetez des produits chez Tupique. Profitez de la livraison gratuite pour obtenir Switch CISCO C9200L-24P-4X-E d\u00e8s maintenant.\" \/>\n<meta name=\"robots\" content=\"index, follow, max-snippet:-1, max-image-preview:large, max-video-preview:-1\" \/>\n<link rel=\"canonical\" href=\"https:\/\/tupique.com\/en\/product\/switch-cisco-c9200l-24p-4x-e\/\" \/>\n<meta property=\"og:locale\" content=\"en_GB\" \/>\n<meta property=\"og:type\" content=\"article\" \/>\n<meta property=\"og:title\" content=\"Switch CISCO C9200L-24P-4X-E - Tupique\" \/>\n<meta property=\"og:description\" content=\"Vous cherchez Switch CISCO C9200L-24P-4X-E ? Achetez des produits chez Tupique. Profitez de la livraison gratuite pour obtenir Switch CISCO C9200L-24P-4X-E d\u00e8s maintenant.\" \/>\n<meta property=\"og:url\" content=\"https:\/\/tupique.com\/en\/product\/switch-cisco-c9200l-24p-4x-e\/\" \/>\n<meta property=\"og:site_name\" content=\"Tupique\" \/>\n<meta property=\"article:modified_time\" content=\"2026-04-08T06:02:57+00:00\" \/>\n<meta name=\"twitter:card\" content=\"summary_large_image\" \/>\n<meta name=\"twitter:label1\" content=\"Estimated reading time\" \/>\n\t<meta name=\"twitter:data1\" content=\"2 minutes\" \/>\n<script type=\"application\/ld+json\" class=\"yoast-schema-graph\">{\"@context\":\"https:\/\/schema.org\",\"@graph\":[{\"@type\":\"WebPage\",\"@id\":\"https:\/\/tupique.com\/produit\/switch-cisco-c9200l-24p-4x-e\/\",\"url\":\"https:\/\/tupique.com\/produit\/switch-cisco-c9200l-24p-4x-e\/\",\"name\":\"Switch CISCO C9200L-24P-4X-E - Tupique\",\"isPartOf\":{\"@id\":\"https:\/\/tupique.com\/#website\"},\"primaryImageOfPage\":{\"@id\":\"https:\/\/tupique.com\/produit\/switch-cisco-c9200l-24p-4x-e\/#primaryimage\"},\"image\":{\"@id\":\"https:\/\/tupique.com\/produit\/switch-cisco-c9200l-24p-4x-e\/#primaryimage\"},\"thumbnailUrl\":\"https:\/\/tupique.com\/wp-content\/uploads\/2026\/04\/0889728170178_S55307651_P00.jpg\",\"datePublished\":\"2026-03-23T18:40:29+00:00\",\"dateModified\":\"2026-04-08T06:02:57+00:00\",\"description\":\"Vous cherchez Switch CISCO C9200L-24P-4X-E ? Achetez des produits chez Tupique. Profitez de la livraison gratuite pour obtenir Switch CISCO C9200L-24P-4X-E d\u00e8s maintenant.\",\"breadcrumb\":{\"@id\":\"https:\/\/tupique.com\/produit\/switch-cisco-c9200l-24p-4x-e\/#breadcrumb\"},\"inLanguage\":\"en-GB\",\"potentialAction\":[{\"@type\":\"ReadAction\",\"target\":[\"https:\/\/tupique.com\/produit\/switch-cisco-c9200l-24p-4x-e\/\"]}]},{\"@type\":\"ImageObject\",\"inLanguage\":\"en-GB\",\"@id\":\"https:\/\/tupique.com\/produit\/switch-cisco-c9200l-24p-4x-e\/#primaryimage\",\"url\":\"https:\/\/tupique.com\/wp-content\/uploads\/2026\/04\/0889728170178_S55307651_P00.jpg\",\"contentUrl\":\"https:\/\/tupique.com\/wp-content\/uploads\/2026\/04\/0889728170178_S55307651_P00.jpg\",\"width\":1200,\"height\":1200,\"caption\":\"S55307651_0\"},{\"@type\":\"BreadcrumbList\",\"@id\":\"https:\/\/tupique.com\/produit\/switch-cisco-c9200l-24p-4x-e\/#breadcrumb\",\"itemListElement\":[{\"@type\":\"ListItem\",\"position\":1,\"name\":\"In\u00edcio\",\"item\":\"https:\/\/tupique.com\/\"},{\"@type\":\"ListItem\",\"position\":2,\"name\":\"Boutique\",\"item\":\"https:\/\/tupique.com\/en\/boutique\/\"},{\"@type\":\"ListItem\",\"position\":3,\"name\":\"Switch CISCO C9200L-24P-4X-E\"}]},{\"@type\":\"WebSite\",\"@id\":\"https:\/\/tupique.com\/#website\",\"url\":\"https:\/\/tupique.com\/\",\"name\":\"Tupique\",\"description\":\"Marketplace\",\"publisher\":{\"@id\":\"https:\/\/tupique.com\/#organization\"},\"potentialAction\":[{\"@type\":\"SearchAction\",\"target\":{\"@type\":\"EntryPoint\",\"urlTemplate\":\"https:\/\/tupique.com\/?s={search_term_string}\"},\"query-input\":{\"@type\":\"PropertyValueSpecification\",\"valueRequired\":true,\"valueName\":\"search_term_string\"}}],\"inLanguage\":\"en-GB\"},{\"@type\":\"Organization\",\"@id\":\"https:\/\/tupique.com\/#organization\",\"name\":\"Tupique\",\"url\":\"https:\/\/tupique.com\/\",\"logo\":{\"@type\":\"ImageObject\",\"inLanguage\":\"en-GB\",\"@id\":\"https:\/\/tupique.com\/#\/schema\/logo\/image\/\",\"url\":\"https:\/\/tupique.com\/wp-content\/uploads\/2024\/09\/logo.png\",\"contentUrl\":\"https:\/\/tupique.com\/wp-content\/uploads\/2024\/09\/logo.png\",\"width\":1118,\"height\":310,\"caption\":\"Tupique\"},\"image\":{\"@id\":\"https:\/\/tupique.com\/#\/schema\/logo\/image\/\"}}]}<\/script>\n<!-- \/ Yoast SEO plugin. -->","yoast_head_json":{"title":"Switch CISCO C9200L-24P-4X-E - Tupique","description":"Vous cherchez Switch CISCO C9200L-24P-4X-E ? Achetez des produits chez Tupique. Profitez de la livraison gratuite pour obtenir Switch CISCO C9200L-24P-4X-E d\u00e8s maintenant.","robots":{"index":"index","follow":"follow","max-snippet":"max-snippet:-1","max-image-preview":"max-image-preview:large","max-video-preview":"max-video-preview:-1"},"canonical":"https:\/\/tupique.com\/en\/product\/switch-cisco-c9200l-24p-4x-e\/","og_locale":"en_GB","og_type":"article","og_title":"Switch CISCO C9200L-24P-4X-E - Tupique","og_description":"Vous cherchez Switch CISCO C9200L-24P-4X-E ? Achetez des produits chez Tupique. Profitez de la livraison gratuite pour obtenir Switch CISCO C9200L-24P-4X-E d\u00e8s maintenant.","og_url":"https:\/\/tupique.com\/en\/product\/switch-cisco-c9200l-24p-4x-e\/","og_site_name":"Tupique","article_modified_time":"2026-04-08T06:02:57+00:00","twitter_card":"summary_large_image","twitter_misc":{"Estimated reading time":"2 minutes"},"schema":{"@context":"https:\/\/schema.org","@graph":[{"@type":"WebPage","@id":"https:\/\/tupique.com\/produit\/switch-cisco-c9200l-24p-4x-e\/","url":"https:\/\/tupique.com\/produit\/switch-cisco-c9200l-24p-4x-e\/","name":"Switch CISCO C9200L-24P-4X-E - Tupique","isPartOf":{"@id":"https:\/\/tupique.com\/#website"},"primaryImageOfPage":{"@id":"https:\/\/tupique.com\/produit\/switch-cisco-c9200l-24p-4x-e\/#primaryimage"},"image":{"@id":"https:\/\/tupique.com\/produit\/switch-cisco-c9200l-24p-4x-e\/#primaryimage"},"thumbnailUrl":"https:\/\/tupique.com\/wp-content\/uploads\/2026\/04\/0889728170178_S55307651_P00.jpg","datePublished":"2026-03-23T18:40:29+00:00","dateModified":"2026-04-08T06:02:57+00:00","description":"Vous cherchez Switch CISCO C9200L-24P-4X-E ? Achetez des produits chez Tupique. Profitez de la livraison gratuite pour obtenir Switch CISCO C9200L-24P-4X-E d\u00e8s maintenant.","breadcrumb":{"@id":"https:\/\/tupique.com\/produit\/switch-cisco-c9200l-24p-4x-e\/#breadcrumb"},"inLanguage":"en-GB","potentialAction":[{"@type":"ReadAction","target":["https:\/\/tupique.com\/produit\/switch-cisco-c9200l-24p-4x-e\/"]}]},{"@type":"ImageObject","inLanguage":"en-GB","@id":"https:\/\/tupique.com\/produit\/switch-cisco-c9200l-24p-4x-e\/#primaryimage","url":"https:\/\/tupique.com\/wp-content\/uploads\/2026\/04\/0889728170178_S55307651_P00.jpg","contentUrl":"https:\/\/tupique.com\/wp-content\/uploads\/2026\/04\/0889728170178_S55307651_P00.jpg","width":1200,"height":1200,"caption":"S55307651_0"},{"@type":"BreadcrumbList","@id":"https:\/\/tupique.com\/produit\/switch-cisco-c9200l-24p-4x-e\/#breadcrumb","itemListElement":[{"@type":"ListItem","position":1,"name":"In\u00edcio","item":"https:\/\/tupique.com\/"},{"@type":"ListItem","position":2,"name":"Boutique","item":"https:\/\/tupique.com\/en\/boutique\/"},{"@type":"ListItem","position":3,"name":"Switch CISCO C9200L-24P-4X-E"}]},{"@type":"WebSite","@id":"https:\/\/tupique.com\/#website","url":"https:\/\/tupique.com\/","name":"Tupique","description":"Marketplace","publisher":{"@id":"https:\/\/tupique.com\/#organization"},"potentialAction":[{"@type":"SearchAction","target":{"@type":"EntryPoint","urlTemplate":"https:\/\/tupique.com\/?s={search_term_string}"},"query-input":{"@type":"PropertyValueSpecification","valueRequired":true,"valueName":"search_term_string"}}],"inLanguage":"en-GB"},{"@type":"Organization","@id":"https:\/\/tupique.com\/#organization","name":"Tupique","url":"https:\/\/tupique.com\/","logo":{"@type":"ImageObject","inLanguage":"en-GB","@id":"https:\/\/tupique.com\/#\/schema\/logo\/image\/","url":"https:\/\/tupique.com\/wp-content\/uploads\/2024\/09\/logo.png","contentUrl":"https:\/\/tupique.com\/wp-content\/uploads\/2024\/09\/logo.png","width":1118,"height":310,"caption":"Tupique"},"image":{"@id":"https:\/\/tupique.com\/#\/schema\/logo\/image\/"}}]}},"jetpack_sharing_enabled":true,"_links":{"self":[{"href":"https:\/\/tupique.com\/en\/wp-json\/wp\/v2\/product\/4371013","targetHints":{"allow":["GET"]}}],"collection":[{"href":"https:\/\/tupique.com\/en\/wp-json\/wp\/v2\/product"}],"about":[{"href":"https:\/\/tupique.com\/en\/wp-json\/wp\/v2\/types\/product"}],"replies":[{"embeddable":true,"href":"https:\/\/tupique.com\/en\/wp-json\/wp\/v2\/comments?post=4371013"}],"wp:featuredmedia":[{"embeddable":true,"href":"https:\/\/tupique.com\/en\/wp-json\/wp\/v2\/media\/4383848"}],"wp:attachment":[{"href":"https:\/\/tupique.com\/en\/wp-json\/wp\/v2\/media?parent=4371013"}],"wp:term":[{"taxonomy":"product_brand","embeddable":true,"href":"https:\/\/tupique.com\/en\/wp-json\/wp\/v2\/product_brand?post=4371013"},{"taxonomy":"product_cat","embeddable":true,"href":"https:\/\/tupique.com\/en\/wp-json\/wp\/v2\/product_cat?post=4371013"},{"taxonomy":"product_tag","embeddable":true,"href":"https:\/\/tupique.com\/en\/wp-json\/wp\/v2\/product_tag?post=4371013"}],"curies":[{"name":"wp","href":"https:\/\/api.w.org\/{rel}","templated":true}]}}