{"id":4371056,"date":"2026-03-23T19:43:48","date_gmt":"2026-03-23T18:43:48","guid":{"rendered":"https:\/\/tupique.com\/produit\/smartphone-apple-myx73ql-a-69-1-tb-titane\/"},"modified":"2026-04-05T05:59:44","modified_gmt":"2026-04-05T04:59:44","slug":"smartphone-apple-myx73ql-a-69-1-tb-titane","status":"publish","type":"product","link":"https:\/\/tupique.com\/en\/product\/smartphone-apple-myx73ql-a-69-1-tb-titane\/","title":{"rendered":"Smartphone Apple MYX73QL\/A 6,9&#8243; 1 TB Titane"},"content":{"rendered":"<p>If you are passionate about\u2019<b>computer science and electronics<\/b>, If you're at the cutting edge of technology and don't want to miss a thing, buy <b>Smartphone Apple MYX73QL\/A 6,9&#8243; 1 TB Titane<\/b> at the best price.<\/p>\n<ul>\n<li>Connections:\n<ul>\n<li>Dual SIM<\/li>\n<li>USB-C<\/li>\n<li>USB<\/li>\n<li>USB 3.2<\/li>\n<\/ul>\n<\/li>\n<li>Diagonale de l&#8217;\u00e9cran (cm): 17,5 cm<\/li>\n<li>Plug-in product: Yes<\/li>\n<li>Type: Smartphone<\/li>\n<li>Socket type: EU socket<\/li>\n<li>Bloc d\u2019Alimentation:\n<ul>\n<li>r\u00e9seau \u00e9lectrique<\/li>\n<li>USB<\/li>\n<\/ul>\n<\/li>\n<li>Ecran: 6,9&#8243;<\/li>\n<li>Syst\u00e8me d&#8217;exploitation: iOS<\/li>\n<li>puissance: 30 W<\/li>\n<li>Connectivity:\n<ul>\n<li>NFC<\/li>\n<li>Bluetooth<\/li>\n<li>Wi-Fi<\/li>\n<li>BeiDou<\/li>\n<li>5G<\/li>\n<li>Positionnement de Wi-Fi<\/li>\n<li>Bluetooth 5.3<\/li>\n<li>WI-FI 7<\/li>\n<\/ul>\n<\/li>\n<li>Camera:\n<ul>\n<li>12 mpx<\/li>\n<li>48 MP<\/li>\n<li>Frontal<\/li>\n<li>Triple<\/li>\n<\/ul>\n<\/li>\n<li>Indice de r\u00e9parabilit\u00e9: 8.3<\/li>\n<li>Processeur: Hexa Core<\/li>\n<li>RAM memory: 8 GB RAM<\/li>\n<li>M\u00e9moire interne: 1 TB<\/li>\n<li>Couleur: Titane<\/li>\n<li>Features:\n<ul>\n<li>GPS<\/li>\n<li>Barometer<\/li>\n<li>Ambient light sensor<\/li>\n<li>Appel vid\u00e9o<\/li>\n<li>HDR<\/li>\n<li>Autofocus<\/li>\n<li>Activation vocale<\/li>\n<li>Chargement rapide et fiable<\/li>\n<li>Chargeur sans fil<\/li>\n<li>Syst\u00e8me de reconnaissance faciale<\/li>\n<li>Capteur de proximit\u00e9<\/li>\n<li>Ceramic Shield<\/li>\n<li>Screen with rounded corners<\/li>\n<li>\u00c9cran plat<\/li>\n<\/ul>\n<\/li>\n<li>Classification \u00e9nerg\u00e9tique: B<\/li>\n<li>Capteurs:\n<ul>\n<li>Accelerometer<\/li>\n<li>Gyroscope<\/li>\n<\/ul>\n<\/li>\n<li>Classification IP: IP68<\/li>\n<li>Includes:\n<ul>\n<li>Loudspeaker<\/li>\n<li>USB Type-C &#8211; USB Type-C<\/li>\n<\/ul>\n<\/li>\n<li>Functions:\n<ul>\n<li>ECO<\/li>\n<li>Geolocation<\/li>\n<li>Vibration<\/li>\n<\/ul>\n<\/li>\n<li>Technology:\n<ul>\n<li>Mime<\/li>\n<li>Glonass<\/li>\n<li>OLED<\/li>\n<\/ul>\n<\/li>\n<li>Glow: 1000 cd\/m\u00b2.<\/li>\n<li>Not included: AC adapter<\/li>\n<li>Fr\u00e9quence: 120 Hz<\/li>\n<li>Angle: 120\u00ba<\/li>\n<li>Flash: Non<\/li>\n<li>Battery type: Litio Ion<\/li>\n<li>Cores:\n<ul>\n<li>6 Noyaux<\/li>\n<li>16 Cores<\/li>\n<\/ul>\n<\/li>\n<li>Resolution (px):\n<ul>\n<li>3840 x 2160 px<\/li>\n<li>2160 px<\/li>\n<\/ul>\n<\/li>\n<li>Dispositif intelligent: Apple Intelligence<\/li>\n<\/ul>","protected":false},"excerpt":{"rendered":"<p>Si vous \u00eates passionn\u00e9 d&#8217;informatique et d&#8217;\u00e9lectronique, si vous \u00eates \u00e0 la pointe de la technologie et qu&#8217;aucun d\u00e9tail ne<\/p>","protected":false},"featured_media":4379045,"comment_status":"open","ping_status":"open","template":"","meta":{"_joinchat":[]},"product_brand":[157892],"product_cat":[157523,157516,157524],"product_tag":[157514,157576,157522,157515],"class_list":{"0":"post-4371056","1":"product","2":"type-product","3":"status-publish","4":"has-post-thumbnail","6":"product_brand-brandp_533","7":"product_cat-electronique-telephonie-et-tablettes","8":"product_cat-informatique-electronique","9":"product_cat-telephones-portables","10":"product_tag-tag_933","11":"product_tag-tag_1279","12":"product_tag-tag_547","13":"product_tag-tag_1295","15":"first","16":"outofstock","17":"taxable","18":"shipping-taxable","19":"purchasable","20":"product-type-simple"},"yoast_head":"<!-- This site is optimized with the Yoast SEO plugin v27.2 - https:\/\/yoast.com\/product\/yoast-seo-wordpress\/ -->\n<title>Smartphone Apple MYX73QL\/A 6,9&quot; 1 TB Titane - Tupique<\/title>\n<meta name=\"description\" content=\"Vous cherchez Smartphone Apple MYX73QL\/A 6,9&quot; 1 TB Titane ? Achetez des produits chez Tupique. Profitez de la livraison gratuite pour obtenir Smartphone Apple MYX73QL\/A 6,9&quot; 1 TB Titane d\u00e8s maintenant.\" \/>\n<meta name=\"robots\" content=\"index, follow, max-snippet:-1, max-image-preview:large, max-video-preview:-1\" \/>\n<link rel=\"canonical\" href=\"https:\/\/tupique.com\/en\/product\/smartphone-apple-myx73ql-a-69-1-tb-titane\/\" \/>\n<meta property=\"og:locale\" content=\"en_GB\" \/>\n<meta property=\"og:type\" content=\"article\" \/>\n<meta property=\"og:title\" content=\"Smartphone Apple MYX73QL\/A 6,9&quot; 1 TB Titane - Tupique\" \/>\n<meta property=\"og:description\" content=\"Vous cherchez Smartphone Apple MYX73QL\/A 6,9&quot; 1 TB Titane ? Achetez des produits chez Tupique. Profitez de la livraison gratuite pour obtenir Smartphone Apple MYX73QL\/A 6,9&quot; 1 TB Titane d\u00e8s maintenant.\" \/>\n<meta property=\"og:url\" content=\"https:\/\/tupique.com\/en\/product\/smartphone-apple-myx73ql-a-69-1-tb-titane\/\" \/>\n<meta property=\"og:site_name\" content=\"Tupique\" \/>\n<meta property=\"article:modified_time\" content=\"2026-04-05T04:59:44+00:00\" \/>\n<meta name=\"twitter:card\" content=\"summary_large_image\" \/>\n<meta name=\"twitter:label1\" content=\"Estimated reading time\" \/>\n\t<meta name=\"twitter:data1\" content=\"1 minute\" \/>\n<script type=\"application\/ld+json\" class=\"yoast-schema-graph\">{\"@context\":\"https:\/\/schema.org\",\"@graph\":[{\"@type\":\"WebPage\",\"@id\":\"https:\/\/tupique.com\/produit\/smartphone-apple-myx73ql-a-69-1-tb-titane\/\",\"url\":\"https:\/\/tupique.com\/produit\/smartphone-apple-myx73ql-a-69-1-tb-titane\/\",\"name\":\"Smartphone Apple MYX73QL\/A 6,9\\\" 1 TB Titane - Tupique\",\"isPartOf\":{\"@id\":\"https:\/\/tupique.com\/#website\"},\"primaryImageOfPage\":{\"@id\":\"https:\/\/tupique.com\/produit\/smartphone-apple-myx73ql-a-69-1-tb-titane\/#primaryimage\"},\"image\":{\"@id\":\"https:\/\/tupique.com\/produit\/smartphone-apple-myx73ql-a-69-1-tb-titane\/#primaryimage\"},\"thumbnailUrl\":\"https:\/\/tupique.com\/wp-content\/uploads\/2026\/04\/0195949807831_M0801973_P00.jpg\",\"datePublished\":\"2026-03-23T18:43:48+00:00\",\"dateModified\":\"2026-04-05T04:59:44+00:00\",\"description\":\"Vous cherchez Smartphone Apple MYX73QL\/A 6,9\\\" 1 TB Titane ? Achetez des produits chez Tupique. Profitez de la livraison gratuite pour obtenir Smartphone Apple MYX73QL\/A 6,9\\\" 1 TB Titane d\u00e8s maintenant.\",\"breadcrumb\":{\"@id\":\"https:\/\/tupique.com\/produit\/smartphone-apple-myx73ql-a-69-1-tb-titane\/#breadcrumb\"},\"inLanguage\":\"en-GB\",\"potentialAction\":[{\"@type\":\"ReadAction\",\"target\":[\"https:\/\/tupique.com\/produit\/smartphone-apple-myx73ql-a-69-1-tb-titane\/\"]}]},{\"@type\":\"ImageObject\",\"inLanguage\":\"en-GB\",\"@id\":\"https:\/\/tupique.com\/produit\/smartphone-apple-myx73ql-a-69-1-tb-titane\/#primaryimage\",\"url\":\"https:\/\/tupique.com\/wp-content\/uploads\/2026\/04\/0195949807831_M0801973_P00.jpg\",\"contentUrl\":\"https:\/\/tupique.com\/wp-content\/uploads\/2026\/04\/0195949807831_M0801973_P00.jpg\",\"width\":1200,\"height\":1200,\"caption\":\"M0801973_0\"},{\"@type\":\"BreadcrumbList\",\"@id\":\"https:\/\/tupique.com\/produit\/smartphone-apple-myx73ql-a-69-1-tb-titane\/#breadcrumb\",\"itemListElement\":[{\"@type\":\"ListItem\",\"position\":1,\"name\":\"In\u00edcio\",\"item\":\"https:\/\/tupique.com\/\"},{\"@type\":\"ListItem\",\"position\":2,\"name\":\"Boutique\",\"item\":\"https:\/\/tupique.com\/en\/boutique\/\"},{\"@type\":\"ListItem\",\"position\":3,\"name\":\"Smartphone Apple MYX73QL\/A 6,9&#8243; 1 TB Titane\"}]},{\"@type\":\"WebSite\",\"@id\":\"https:\/\/tupique.com\/#website\",\"url\":\"https:\/\/tupique.com\/\",\"name\":\"Tupique\",\"description\":\"Marketplace\",\"publisher\":{\"@id\":\"https:\/\/tupique.com\/#organization\"},\"potentialAction\":[{\"@type\":\"SearchAction\",\"target\":{\"@type\":\"EntryPoint\",\"urlTemplate\":\"https:\/\/tupique.com\/?s={search_term_string}\"},\"query-input\":{\"@type\":\"PropertyValueSpecification\",\"valueRequired\":true,\"valueName\":\"search_term_string\"}}],\"inLanguage\":\"en-GB\"},{\"@type\":\"Organization\",\"@id\":\"https:\/\/tupique.com\/#organization\",\"name\":\"Tupique\",\"url\":\"https:\/\/tupique.com\/\",\"logo\":{\"@type\":\"ImageObject\",\"inLanguage\":\"en-GB\",\"@id\":\"https:\/\/tupique.com\/#\/schema\/logo\/image\/\",\"url\":\"https:\/\/tupique.com\/wp-content\/uploads\/2024\/09\/logo.png\",\"contentUrl\":\"https:\/\/tupique.com\/wp-content\/uploads\/2024\/09\/logo.png\",\"width\":1118,\"height\":310,\"caption\":\"Tupique\"},\"image\":{\"@id\":\"https:\/\/tupique.com\/#\/schema\/logo\/image\/\"}}]}<\/script>\n<!-- \/ Yoast SEO plugin. -->","yoast_head_json":{"title":"Smartphone Apple MYX73QL\/A 6,9\" 1 TB Titane - Tupique","description":"Vous cherchez Smartphone Apple MYX73QL\/A 6,9\" 1 TB Titane ? Achetez des produits chez Tupique. Profitez de la livraison gratuite pour obtenir Smartphone Apple MYX73QL\/A 6,9\" 1 TB Titane d\u00e8s maintenant.","robots":{"index":"index","follow":"follow","max-snippet":"max-snippet:-1","max-image-preview":"max-image-preview:large","max-video-preview":"max-video-preview:-1"},"canonical":"https:\/\/tupique.com\/en\/product\/smartphone-apple-myx73ql-a-69-1-tb-titane\/","og_locale":"en_GB","og_type":"article","og_title":"Smartphone Apple MYX73QL\/A 6,9\" 1 TB Titane - Tupique","og_description":"Vous cherchez Smartphone Apple MYX73QL\/A 6,9\" 1 TB Titane ? Achetez des produits chez Tupique. Profitez de la livraison gratuite pour obtenir Smartphone Apple MYX73QL\/A 6,9\" 1 TB Titane d\u00e8s maintenant.","og_url":"https:\/\/tupique.com\/en\/product\/smartphone-apple-myx73ql-a-69-1-tb-titane\/","og_site_name":"Tupique","article_modified_time":"2026-04-05T04:59:44+00:00","twitter_card":"summary_large_image","twitter_misc":{"Estimated reading time":"1 minute"},"schema":{"@context":"https:\/\/schema.org","@graph":[{"@type":"WebPage","@id":"https:\/\/tupique.com\/produit\/smartphone-apple-myx73ql-a-69-1-tb-titane\/","url":"https:\/\/tupique.com\/produit\/smartphone-apple-myx73ql-a-69-1-tb-titane\/","name":"Smartphone Apple MYX73QL\/A 6,9\" 1 TB Titane - Tupique","isPartOf":{"@id":"https:\/\/tupique.com\/#website"},"primaryImageOfPage":{"@id":"https:\/\/tupique.com\/produit\/smartphone-apple-myx73ql-a-69-1-tb-titane\/#primaryimage"},"image":{"@id":"https:\/\/tupique.com\/produit\/smartphone-apple-myx73ql-a-69-1-tb-titane\/#primaryimage"},"thumbnailUrl":"https:\/\/tupique.com\/wp-content\/uploads\/2026\/04\/0195949807831_M0801973_P00.jpg","datePublished":"2026-03-23T18:43:48+00:00","dateModified":"2026-04-05T04:59:44+00:00","description":"Vous cherchez Smartphone Apple MYX73QL\/A 6,9\" 1 TB Titane ? Achetez des produits chez Tupique. Profitez de la livraison gratuite pour obtenir Smartphone Apple MYX73QL\/A 6,9\" 1 TB Titane d\u00e8s maintenant.","breadcrumb":{"@id":"https:\/\/tupique.com\/produit\/smartphone-apple-myx73ql-a-69-1-tb-titane\/#breadcrumb"},"inLanguage":"en-GB","potentialAction":[{"@type":"ReadAction","target":["https:\/\/tupique.com\/produit\/smartphone-apple-myx73ql-a-69-1-tb-titane\/"]}]},{"@type":"ImageObject","inLanguage":"en-GB","@id":"https:\/\/tupique.com\/produit\/smartphone-apple-myx73ql-a-69-1-tb-titane\/#primaryimage","url":"https:\/\/tupique.com\/wp-content\/uploads\/2026\/04\/0195949807831_M0801973_P00.jpg","contentUrl":"https:\/\/tupique.com\/wp-content\/uploads\/2026\/04\/0195949807831_M0801973_P00.jpg","width":1200,"height":1200,"caption":"M0801973_0"},{"@type":"BreadcrumbList","@id":"https:\/\/tupique.com\/produit\/smartphone-apple-myx73ql-a-69-1-tb-titane\/#breadcrumb","itemListElement":[{"@type":"ListItem","position":1,"name":"In\u00edcio","item":"https:\/\/tupique.com\/"},{"@type":"ListItem","position":2,"name":"Boutique","item":"https:\/\/tupique.com\/en\/boutique\/"},{"@type":"ListItem","position":3,"name":"Smartphone Apple MYX73QL\/A 6,9&#8243; 1 TB Titane"}]},{"@type":"WebSite","@id":"https:\/\/tupique.com\/#website","url":"https:\/\/tupique.com\/","name":"Tupique","description":"Marketplace","publisher":{"@id":"https:\/\/tupique.com\/#organization"},"potentialAction":[{"@type":"SearchAction","target":{"@type":"EntryPoint","urlTemplate":"https:\/\/tupique.com\/?s={search_term_string}"},"query-input":{"@type":"PropertyValueSpecification","valueRequired":true,"valueName":"search_term_string"}}],"inLanguage":"en-GB"},{"@type":"Organization","@id":"https:\/\/tupique.com\/#organization","name":"Tupique","url":"https:\/\/tupique.com\/","logo":{"@type":"ImageObject","inLanguage":"en-GB","@id":"https:\/\/tupique.com\/#\/schema\/logo\/image\/","url":"https:\/\/tupique.com\/wp-content\/uploads\/2024\/09\/logo.png","contentUrl":"https:\/\/tupique.com\/wp-content\/uploads\/2024\/09\/logo.png","width":1118,"height":310,"caption":"Tupique"},"image":{"@id":"https:\/\/tupique.com\/#\/schema\/logo\/image\/"}}]}},"jetpack_sharing_enabled":true,"_links":{"self":[{"href":"https:\/\/tupique.com\/en\/wp-json\/wp\/v2\/product\/4371056","targetHints":{"allow":["GET"]}}],"collection":[{"href":"https:\/\/tupique.com\/en\/wp-json\/wp\/v2\/product"}],"about":[{"href":"https:\/\/tupique.com\/en\/wp-json\/wp\/v2\/types\/product"}],"replies":[{"embeddable":true,"href":"https:\/\/tupique.com\/en\/wp-json\/wp\/v2\/comments?post=4371056"}],"wp:featuredmedia":[{"embeddable":true,"href":"https:\/\/tupique.com\/en\/wp-json\/wp\/v2\/media\/4379045"}],"wp:attachment":[{"href":"https:\/\/tupique.com\/en\/wp-json\/wp\/v2\/media?parent=4371056"}],"wp:term":[{"taxonomy":"product_brand","embeddable":true,"href":"https:\/\/tupique.com\/en\/wp-json\/wp\/v2\/product_brand?post=4371056"},{"taxonomy":"product_cat","embeddable":true,"href":"https:\/\/tupique.com\/en\/wp-json\/wp\/v2\/product_cat?post=4371056"},{"taxonomy":"product_tag","embeddable":true,"href":"https:\/\/tupique.com\/en\/wp-json\/wp\/v2\/product_tag?post=4371056"}],"curies":[{"name":"wp","href":"https:\/\/api.w.org\/{rel}","templated":true}]}}