{"id":4373601,"date":"2026-03-26T15:55:46","date_gmt":"2026-03-26T14:55:46","guid":{"rendered":"https:\/\/tupique.com\/produit\/tablette-samsung-galaxy-tab-s10-fe-x626b-131-13-octa-core-12-gb-ram-256-gb-gris\/"},"modified":"2026-03-30T19:55:28","modified_gmt":"2026-03-30T18:55:28","slug":"tablette-samsung-galaxy-tab-s10-fe-x626b-131-13-octa-core-12-gb-ram-256-gb-gris","status":"publish","type":"product","link":"https:\/\/tupique.com\/en\/product\/tablette-samsung-galaxy-tab-s10-fe-x626b-131-13-octa-core-12-gb-ram-256-gb-gris\/","title":{"rendered":"Tablette Samsung Galaxy Tab S10 FE+ X626B 13,1&#8243; 13&#8243; Octa Core 12 GB RAM 256 GB Gris"},"content":{"rendered":"<p>If you are passionate about\u2019<b>computer science and electronics<\/b>, If you're at the cutting edge of technology and don't want to miss a thing, buy <b>Tablette Samsung Galaxy Tab S10 FE+ X626B 13,1&#8243; 13&#8243; Octa Core 12 GB RAM 256 GB Gris<\/b> at the best price.<\/p>\n<p>La <b>tablette Samsung Galaxy Tab S10 FE+ 5G mod\u00e8le SM-X626BZAPEUB<\/b> est un appareil puissant con\u00e7u pour les utilisateurs recherchant un \u00e9quilibre entre performance et connectivit\u00e9 avanc\u00e9e dans un format \u00e9l\u00e9gant et fonctionnel. Elle dispose d\u2019une g\u00e9n\u00e9reuse <b>m\u00e9moire RAM de 12 Go<\/b> permettant de g\u00e9rer plusieurs applications et t\u00e2ches simultan\u00e9ment avec fluidit\u00e9, ainsi qu\u2019une large <b>capacit\u00e9 de stockage interne de 256 Go<\/b> pour sauvegarder tous types de documents, m\u00e9dias et applications sans souci. Sa finition en <b>grey<\/b> offre un design sobre et moderne, id\u00e9al pour un usage professionnel et personnel. Parmi ses options de connectivit\u00e9, on note la compatibilit\u00e9 avec la <b>5G<\/b>, ainsi que des technologies essentielles comme le <b>Bluetooth<\/b>, le <b>Wi-Fi<\/b> and the <b>GPS<\/b>, garantissant des connexions rapides, polyvalentes et une localisation pr\u00e9cise pour tous les besoins. \u00c9quip\u00e9e d\u2019une <b>cam\u00e9ra frontale \u00e0 autofocus<\/b>, ce mod\u00e8le facilite les appels vid\u00e9o et les prises de vue de haute qualit\u00e9, s\u2019adaptant \u00e0 diff\u00e9rentes conditions d\u2019\u00e9clairage pour des images nettes. La pr\u00e9sence d\u2019un port <b>USB-C<\/b> permet une charge rapide et un transfert de donn\u00e9es efficace, tandis que le lecteur de cartes offre la possibilit\u00e9 d\u2019\u00e9tendre le stockage ou d\u2019acc\u00e9der facilement \u00e0 des informations externes. Cette tablette repr\u00e9sente une solution \u00e9quilibr\u00e9e pour ceux qui recherchent mobilit\u00e9, puissance de traitement et connectivit\u00e9 dans un appareil fiable, soutenu par la garantie de la marque reconnue Samsung.<\/p>\n<ul>\n<li>Type: Tablette<\/li>\n<li>Socket type: EU socket<\/li>\n<li>Plug-in product: Yes<\/li>\n<li>GPS: Oui<\/li>\n<li>Gyroscope: Oui<\/li>\n<li>Glonass: Oui<\/li>\n<li>Acc\u00e9l\u00e9rom\u00e8tre: Oui<\/li>\n<li>Technology:\n<ul>\n<li>TFT<\/li>\n<li>IPS LCD<\/li>\n<\/ul>\n<\/li>\n<li>Capacit\u00e9 de la batterie: 10090 mAh<\/li>\n<li>Processeur: Octa Core<\/li>\n<li>Diagonale de l&#8217;\u00e9cran (cm):\n<ul>\n<li>33 cm<\/li>\n<li>33,3 cm<\/li>\n<\/ul>\n<\/li>\n<li>Bloc d\u2019Alimentation:\n<ul>\n<li>r\u00e9seau \u00e9lectrique<\/li>\n<li>USB<\/li>\n<\/ul>\n<\/li>\n<li>Connections:\n<ul>\n<li>USB-C<\/li>\n<li>USB-C 2.0<\/li>\n<\/ul>\n<\/li>\n<li>Camera:\n<ul>\n<li>12 mpx<\/li>\n<li>13 mpx<\/li>\n<li>13 MP<\/li>\n<li>Rear<\/li>\n<\/ul>\n<\/li>\n<li>Operating system: Android<\/li>\n<li>Ecran:\n<ul>\n<li>13,1&#8243;<\/li>\n<li>13&#8243;<\/li>\n<\/ul>\n<\/li>\n<li>M\u00e9moire RAM: 12 GB RAM<\/li>\n<li>Internal memory: 256 GB<\/li>\n<li>Colour: Grey<\/li>\n<li>Features:\n<ul>\n<li>Front camera<\/li>\n<li>Autofocus<\/li>\n<li>Lecteur de Cartes<\/li>\n<li>Fingerprint reader<\/li>\n<li>Mobile network connection<\/li>\n<li>Electronic compass<\/li>\n<\/ul>\n<\/li>\n<li>Aspect ratio: 16:9<\/li>\n<li>Connectivity:\n<ul>\n<li>Bluetooth<\/li>\n<li>Wi-Fi<\/li>\n<li>GPS<\/li>\n<li>Galileo<\/li>\n<li>5G<\/li>\n<li>6 GHz Wi-Fi<\/li>\n<li>Bluetooth 5.3<\/li>\n<\/ul>\n<\/li>\n<li>Classification IP: IP68<\/li>\n<li>Fonctions: Acc\u00e9l\u00e9rom\u00e8tre<\/li>\n<li>Autonomie de reproduction approx.: 20 heures<\/li>\n<li>Not included: AC adapter<\/li>\n<li>Taille maximale de la carte m\u00e9moire: 2 TB<\/li>\n<li>Cartes M\u00e9moire Compatibles: MicroSD (TransFlash)<\/li>\n<li>R\u00e9solution:\n<ul>\n<li>2880 x 1800 px<\/li>\n<li>WQXGA+<\/li>\n<\/ul>\n<\/li>\n<li>Batterie au lithium rechargeable: 10090 mAh<\/li>\n<li>Inclut: Crayon tactile<\/li>\n<li>Noyaux: 8 Noyaux<\/li>\n<li>Resolution (px):\n<ul>\n<li>1080 px<\/li>\n<li>3840 x 2160 px<\/li>\n<\/ul>\n<\/li>\n<\/ul>","protected":false},"excerpt":{"rendered":"<p>Si vous \u00eates passionn\u00e9 d&#8217;informatique et d&#8217;\u00e9lectronique, si vous \u00eates \u00e0 la pointe de la technologie et qu&#8217;aucun d\u00e9tail ne<\/p>","protected":false},"featured_media":4373591,"comment_status":"open","ping_status":"closed","template":"","meta":{"_joinchat":[]},"product_brand":[],"product_cat":[157523,157516,157560],"product_tag":[157522,157515],"class_list":{"0":"post-4373601","1":"product","2":"type-product","3":"status-publish","4":"has-post-thumbnail","6":"product_cat-electronique-telephonie-et-tablettes","7":"product_cat-informatique-electronique","8":"product_cat-tablettes","9":"product_tag-tag_547","10":"product_tag-tag_1295","12":"first","13":"instock","14":"taxable","15":"shipping-taxable","16":"purchasable","17":"product-type-simple"},"yoast_head":"<!-- This site is optimized with the Yoast SEO plugin v27.2 - https:\/\/yoast.com\/product\/yoast-seo-wordpress\/ -->\n<title>Tablette Samsung Galaxy Tab S10 FE+ X626B 13,1&quot; 13&quot; Octa Core 12 GB RAM 256 GB Gris - Tupique<\/title>\n<meta name=\"description\" content=\"Vous cherchez Tablette Samsung Galaxy Tab S10 FE+ X626B 13,1&quot; 13&quot; Octa Core 12 GB RAM 256 GB Gris ? Achetez des produits chez Tupique. Profitez de la livraison gratuite pour obtenir Tablette Samsung Galaxy Tab S10 FE+ X626B 13,1&quot; 13&quot; Octa Core 12 GB RAM 256 GB Gris d\u00e8s maintenant.\" \/>\n<meta name=\"robots\" content=\"index, follow, max-snippet:-1, max-image-preview:large, max-video-preview:-1\" \/>\n<link rel=\"canonical\" href=\"https:\/\/tupique.com\/en\/product\/tablette-samsung-galaxy-tab-s10-fe-x626b-131-13-octa-core-12-gb-ram-256-gb-gris\/\" \/>\n<meta property=\"og:locale\" content=\"en_GB\" \/>\n<meta property=\"og:type\" content=\"article\" \/>\n<meta property=\"og:title\" content=\"Tablette Samsung Galaxy Tab S10 FE+ X626B 13,1&quot; 13&quot; Octa Core 12 GB RAM 256 GB Gris - Tupique\" \/>\n<meta property=\"og:description\" content=\"Vous cherchez Tablette Samsung Galaxy Tab S10 FE+ X626B 13,1&quot; 13&quot; Octa Core 12 GB RAM 256 GB Gris ? Achetez des produits chez Tupique. Profitez de la livraison gratuite pour obtenir Tablette Samsung Galaxy Tab S10 FE+ X626B 13,1&quot; 13&quot; Octa Core 12 GB RAM 256 GB Gris d\u00e8s maintenant.\" \/>\n<meta property=\"og:url\" content=\"https:\/\/tupique.com\/en\/product\/tablette-samsung-galaxy-tab-s10-fe-x626b-131-13-octa-core-12-gb-ram-256-gb-gris\/\" \/>\n<meta property=\"og:site_name\" content=\"Tupique\" \/>\n<meta property=\"article:modified_time\" content=\"2026-03-30T18:55:28+00:00\" \/>\n<meta property=\"og:image\" content=\"https:\/\/tupique.com\/wp-content\/uploads\/2026\/03\/8806097193654_S9917753_P01.jpg\" \/>\n\t<meta property=\"og:image:width\" content=\"1200\" \/>\n\t<meta property=\"og:image:height\" content=\"1200\" \/>\n\t<meta property=\"og:image:type\" content=\"image\/jpeg\" \/>\n<meta name=\"twitter:card\" content=\"summary_large_image\" \/>\n<meta name=\"twitter:label1\" content=\"Estimated reading time\" \/>\n\t<meta name=\"twitter:data1\" content=\"2 minutes\" \/>\n<script type=\"application\/ld+json\" class=\"yoast-schema-graph\">{\"@context\":\"https:\/\/schema.org\",\"@graph\":[{\"@type\":\"WebPage\",\"@id\":\"https:\/\/tupique.com\/produit\/tablette-samsung-galaxy-tab-s10-fe-x626b-131-13-octa-core-12-gb-ram-256-gb-gris\/\",\"url\":\"https:\/\/tupique.com\/produit\/tablette-samsung-galaxy-tab-s10-fe-x626b-131-13-octa-core-12-gb-ram-256-gb-gris\/\",\"name\":\"Tablette Samsung Galaxy Tab S10 FE+ X626B 13,1\\\" 13\\\" Octa Core 12 GB RAM 256 GB Gris - Tupique\",\"isPartOf\":{\"@id\":\"https:\/\/tupique.com\/#website\"},\"primaryImageOfPage\":{\"@id\":\"https:\/\/tupique.com\/produit\/tablette-samsung-galaxy-tab-s10-fe-x626b-131-13-octa-core-12-gb-ram-256-gb-gris\/#primaryimage\"},\"image\":{\"@id\":\"https:\/\/tupique.com\/produit\/tablette-samsung-galaxy-tab-s10-fe-x626b-131-13-octa-core-12-gb-ram-256-gb-gris\/#primaryimage\"},\"thumbnailUrl\":\"https:\/\/tupique.com\/wp-content\/uploads\/2026\/03\/8806097193654_S9917753_P01.jpg\",\"datePublished\":\"2026-03-26T14:55:46+00:00\",\"dateModified\":\"2026-03-30T18:55:28+00:00\",\"description\":\"Vous cherchez Tablette Samsung Galaxy Tab S10 FE+ X626B 13,1\\\" 13\\\" Octa Core 12 GB RAM 256 GB Gris ? Achetez des produits chez Tupique. Profitez de la livraison gratuite pour obtenir Tablette Samsung Galaxy Tab S10 FE+ X626B 13,1\\\" 13\\\" Octa Core 12 GB RAM 256 GB Gris d\u00e8s maintenant.\",\"breadcrumb\":{\"@id\":\"https:\/\/tupique.com\/produit\/tablette-samsung-galaxy-tab-s10-fe-x626b-131-13-octa-core-12-gb-ram-256-gb-gris\/#breadcrumb\"},\"inLanguage\":\"en-GB\",\"potentialAction\":[{\"@type\":\"ReadAction\",\"target\":[\"https:\/\/tupique.com\/produit\/tablette-samsung-galaxy-tab-s10-fe-x626b-131-13-octa-core-12-gb-ram-256-gb-gris\/\"]}]},{\"@type\":\"ImageObject\",\"inLanguage\":\"en-GB\",\"@id\":\"https:\/\/tupique.com\/produit\/tablette-samsung-galaxy-tab-s10-fe-x626b-131-13-octa-core-12-gb-ram-256-gb-gris\/#primaryimage\",\"url\":\"https:\/\/tupique.com\/wp-content\/uploads\/2026\/03\/8806097193654_S9917753_P01.jpg\",\"contentUrl\":\"https:\/\/tupique.com\/wp-content\/uploads\/2026\/03\/8806097193654_S9917753_P01.jpg\",\"width\":1200,\"height\":1200,\"caption\":\"M0806048_0\"},{\"@type\":\"BreadcrumbList\",\"@id\":\"https:\/\/tupique.com\/produit\/tablette-samsung-galaxy-tab-s10-fe-x626b-131-13-octa-core-12-gb-ram-256-gb-gris\/#breadcrumb\",\"itemListElement\":[{\"@type\":\"ListItem\",\"position\":1,\"name\":\"In\u00edcio\",\"item\":\"https:\/\/tupique.com\/\"},{\"@type\":\"ListItem\",\"position\":2,\"name\":\"Boutique\",\"item\":\"https:\/\/tupique.com\/en\/boutique\/\"},{\"@type\":\"ListItem\",\"position\":3,\"name\":\"Tablette Samsung Galaxy Tab S10 FE+ X626B 13,1&#8243; 13&#8243; Octa Core 12 GB RAM 256 GB Gris\"}]},{\"@type\":\"WebSite\",\"@id\":\"https:\/\/tupique.com\/#website\",\"url\":\"https:\/\/tupique.com\/\",\"name\":\"Tupique\",\"description\":\"Marketplace\",\"publisher\":{\"@id\":\"https:\/\/tupique.com\/#organization\"},\"potentialAction\":[{\"@type\":\"SearchAction\",\"target\":{\"@type\":\"EntryPoint\",\"urlTemplate\":\"https:\/\/tupique.com\/?s={search_term_string}\"},\"query-input\":{\"@type\":\"PropertyValueSpecification\",\"valueRequired\":true,\"valueName\":\"search_term_string\"}}],\"inLanguage\":\"en-GB\"},{\"@type\":\"Organization\",\"@id\":\"https:\/\/tupique.com\/#organization\",\"name\":\"Tupique\",\"url\":\"https:\/\/tupique.com\/\",\"logo\":{\"@type\":\"ImageObject\",\"inLanguage\":\"en-GB\",\"@id\":\"https:\/\/tupique.com\/#\/schema\/logo\/image\/\",\"url\":\"https:\/\/tupique.com\/wp-content\/uploads\/2024\/09\/logo.png\",\"contentUrl\":\"https:\/\/tupique.com\/wp-content\/uploads\/2024\/09\/logo.png\",\"width\":1118,\"height\":310,\"caption\":\"Tupique\"},\"image\":{\"@id\":\"https:\/\/tupique.com\/#\/schema\/logo\/image\/\"}}]}<\/script>\n<!-- \/ Yoast SEO plugin. -->","yoast_head_json":{"title":"Tablette Samsung Galaxy Tab S10 FE+ X626B 13,1\" 13\" Octa Core 12 GB RAM 256 GB Gris - Tupique","description":"Vous cherchez Tablette Samsung Galaxy Tab S10 FE+ X626B 13,1\" 13\" Octa Core 12 GB RAM 256 GB Gris ? Achetez des produits chez Tupique. Profitez de la livraison gratuite pour obtenir Tablette Samsung Galaxy Tab S10 FE+ X626B 13,1\" 13\" Octa Core 12 GB RAM 256 GB Gris d\u00e8s maintenant.","robots":{"index":"index","follow":"follow","max-snippet":"max-snippet:-1","max-image-preview":"max-image-preview:large","max-video-preview":"max-video-preview:-1"},"canonical":"https:\/\/tupique.com\/en\/product\/tablette-samsung-galaxy-tab-s10-fe-x626b-131-13-octa-core-12-gb-ram-256-gb-gris\/","og_locale":"en_GB","og_type":"article","og_title":"Tablette Samsung Galaxy Tab S10 FE+ X626B 13,1\" 13\" Octa Core 12 GB RAM 256 GB Gris - Tupique","og_description":"Vous cherchez Tablette Samsung Galaxy Tab S10 FE+ X626B 13,1\" 13\" Octa Core 12 GB RAM 256 GB Gris ? Achetez des produits chez Tupique. Profitez de la livraison gratuite pour obtenir Tablette Samsung Galaxy Tab S10 FE+ X626B 13,1\" 13\" Octa Core 12 GB RAM 256 GB Gris d\u00e8s maintenant.","og_url":"https:\/\/tupique.com\/en\/product\/tablette-samsung-galaxy-tab-s10-fe-x626b-131-13-octa-core-12-gb-ram-256-gb-gris\/","og_site_name":"Tupique","article_modified_time":"2026-03-30T18:55:28+00:00","og_image":[{"width":1200,"height":1200,"url":"https:\/\/tupique.com\/wp-content\/uploads\/2026\/03\/8806097193654_S9917753_P01.jpg","type":"image\/jpeg"}],"twitter_card":"summary_large_image","twitter_misc":{"Estimated reading time":"2 minutes"},"schema":{"@context":"https:\/\/schema.org","@graph":[{"@type":"WebPage","@id":"https:\/\/tupique.com\/produit\/tablette-samsung-galaxy-tab-s10-fe-x626b-131-13-octa-core-12-gb-ram-256-gb-gris\/","url":"https:\/\/tupique.com\/produit\/tablette-samsung-galaxy-tab-s10-fe-x626b-131-13-octa-core-12-gb-ram-256-gb-gris\/","name":"Tablette Samsung Galaxy Tab S10 FE+ X626B 13,1\" 13\" Octa Core 12 GB RAM 256 GB Gris - Tupique","isPartOf":{"@id":"https:\/\/tupique.com\/#website"},"primaryImageOfPage":{"@id":"https:\/\/tupique.com\/produit\/tablette-samsung-galaxy-tab-s10-fe-x626b-131-13-octa-core-12-gb-ram-256-gb-gris\/#primaryimage"},"image":{"@id":"https:\/\/tupique.com\/produit\/tablette-samsung-galaxy-tab-s10-fe-x626b-131-13-octa-core-12-gb-ram-256-gb-gris\/#primaryimage"},"thumbnailUrl":"https:\/\/tupique.com\/wp-content\/uploads\/2026\/03\/8806097193654_S9917753_P01.jpg","datePublished":"2026-03-26T14:55:46+00:00","dateModified":"2026-03-30T18:55:28+00:00","description":"Vous cherchez Tablette Samsung Galaxy Tab S10 FE+ X626B 13,1\" 13\" Octa Core 12 GB RAM 256 GB Gris ? Achetez des produits chez Tupique. Profitez de la livraison gratuite pour obtenir Tablette Samsung Galaxy Tab S10 FE+ X626B 13,1\" 13\" Octa Core 12 GB RAM 256 GB Gris d\u00e8s maintenant.","breadcrumb":{"@id":"https:\/\/tupique.com\/produit\/tablette-samsung-galaxy-tab-s10-fe-x626b-131-13-octa-core-12-gb-ram-256-gb-gris\/#breadcrumb"},"inLanguage":"en-GB","potentialAction":[{"@type":"ReadAction","target":["https:\/\/tupique.com\/produit\/tablette-samsung-galaxy-tab-s10-fe-x626b-131-13-octa-core-12-gb-ram-256-gb-gris\/"]}]},{"@type":"ImageObject","inLanguage":"en-GB","@id":"https:\/\/tupique.com\/produit\/tablette-samsung-galaxy-tab-s10-fe-x626b-131-13-octa-core-12-gb-ram-256-gb-gris\/#primaryimage","url":"https:\/\/tupique.com\/wp-content\/uploads\/2026\/03\/8806097193654_S9917753_P01.jpg","contentUrl":"https:\/\/tupique.com\/wp-content\/uploads\/2026\/03\/8806097193654_S9917753_P01.jpg","width":1200,"height":1200,"caption":"M0806048_0"},{"@type":"BreadcrumbList","@id":"https:\/\/tupique.com\/produit\/tablette-samsung-galaxy-tab-s10-fe-x626b-131-13-octa-core-12-gb-ram-256-gb-gris\/#breadcrumb","itemListElement":[{"@type":"ListItem","position":1,"name":"In\u00edcio","item":"https:\/\/tupique.com\/"},{"@type":"ListItem","position":2,"name":"Boutique","item":"https:\/\/tupique.com\/en\/boutique\/"},{"@type":"ListItem","position":3,"name":"Tablette Samsung Galaxy Tab S10 FE+ X626B 13,1&#8243; 13&#8243; Octa Core 12 GB RAM 256 GB Gris"}]},{"@type":"WebSite","@id":"https:\/\/tupique.com\/#website","url":"https:\/\/tupique.com\/","name":"Tupique","description":"Marketplace","publisher":{"@id":"https:\/\/tupique.com\/#organization"},"potentialAction":[{"@type":"SearchAction","target":{"@type":"EntryPoint","urlTemplate":"https:\/\/tupique.com\/?s={search_term_string}"},"query-input":{"@type":"PropertyValueSpecification","valueRequired":true,"valueName":"search_term_string"}}],"inLanguage":"en-GB"},{"@type":"Organization","@id":"https:\/\/tupique.com\/#organization","name":"Tupique","url":"https:\/\/tupique.com\/","logo":{"@type":"ImageObject","inLanguage":"en-GB","@id":"https:\/\/tupique.com\/#\/schema\/logo\/image\/","url":"https:\/\/tupique.com\/wp-content\/uploads\/2024\/09\/logo.png","contentUrl":"https:\/\/tupique.com\/wp-content\/uploads\/2024\/09\/logo.png","width":1118,"height":310,"caption":"Tupique"},"image":{"@id":"https:\/\/tupique.com\/#\/schema\/logo\/image\/"}}]}},"jetpack_sharing_enabled":true,"_links":{"self":[{"href":"https:\/\/tupique.com\/en\/wp-json\/wp\/v2\/product\/4373601","targetHints":{"allow":["GET"]}}],"collection":[{"href":"https:\/\/tupique.com\/en\/wp-json\/wp\/v2\/product"}],"about":[{"href":"https:\/\/tupique.com\/en\/wp-json\/wp\/v2\/types\/product"}],"replies":[{"embeddable":true,"href":"https:\/\/tupique.com\/en\/wp-json\/wp\/v2\/comments?post=4373601"}],"wp:featuredmedia":[{"embeddable":true,"href":"https:\/\/tupique.com\/en\/wp-json\/wp\/v2\/media\/4373591"}],"wp:attachment":[{"href":"https:\/\/tupique.com\/en\/wp-json\/wp\/v2\/media?parent=4373601"}],"wp:term":[{"taxonomy":"product_brand","embeddable":true,"href":"https:\/\/tupique.com\/en\/wp-json\/wp\/v2\/product_brand?post=4373601"},{"taxonomy":"product_cat","embeddable":true,"href":"https:\/\/tupique.com\/en\/wp-json\/wp\/v2\/product_cat?post=4373601"},{"taxonomy":"product_tag","embeddable":true,"href":"https:\/\/tupique.com\/en\/wp-json\/wp\/v2\/product_tag?post=4373601"}],"curies":[{"name":"wp","href":"https:\/\/api.w.org\/{rel}","templated":true}]}}