{"id":4374110,"date":"2026-03-30T19:56:36","date_gmt":"2026-03-30T18:56:36","guid":{"rendered":"https:\/\/tupique.com\/produit\/imprimante-laser-brother-hll5210dwre1\/"},"modified":"2026-03-30T19:56:36","modified_gmt":"2026-03-30T18:56:36","slug":"imprimante-laser-brother-hll5210dwre1","status":"publish","type":"product","link":"https:\/\/tupique.com\/en\/product\/imprimante-laser-brother-hll5210dwre1\/","title":{"rendered":"Imprimante laser Brother HLL5210DWRE1"},"content":{"rendered":"<p>If you are passionate about\u2019<b>computer science and electronics<\/b>, If you're at the cutting edge of technology and don't want to miss a thing, buy <b>Imprimante laser Brother HLL5210DWRE1<\/b> at the best price.<\/p>\n<p>La <b>imprimante laser monochrome Brother HLL5210DWRE1<\/b> est un appareil con\u00e7u pour les utilisateurs recherchant une solution efficace et de qualit\u00e9 pour l\u2019impression en noir et blanc, adapt\u00e9e aussi bien aux environnements domestiques que professionnels. Cette imprimante se distingue par son <b>design compact en blanc et noir<\/b>, qui s\u2019int\u00e8gre facilement dans tout espace de travail. Elle offre une <b>connectivit\u00e9 Wi-Fi et Wi-Fi 4 (802.11n)<\/b>, permettant une impression sans fil depuis plusieurs appareils, facilitant un bureau plus organis\u00e9 et sans c\u00e2bles. De plus, elle dispose d\u2019un <b>integrated screen<\/b> offrant un acc\u00e8s pratique aux fonctions principales et un contr\u00f4le simple des op\u00e9rations et r\u00e9glages d\u2019impression. Pour les utilisateurs pr\u00e9f\u00e9rant une connexion directe, la HLL5210DWRE1 propose \u00e9galement une <b>interface USB<\/b>, permettant la connexion directe \u00e0 un PC ou ordinateur portable. La technologie laser monochrome garantit une impression rapide et nette de documents en noir, avec une qualit\u00e9 professionnelle id\u00e9ale pour textes, rapports ou factures. La combinaison de ses caract\u00e9ristiques techniques, sa connectivit\u00e9 avanc\u00e9e et sa facilit\u00e9 d\u2019utilisation font de cette imprimante Brother un outil fiable, efficace et polyvalent pour l\u2019impression quotidienne. En r\u00e9sum\u00e9, la Brother HLL5210DWRE1 est une imprimante pratique et fonctionnelle r\u00e9pondant aux besoins d\u2019impression basiques avec des options modernes de connexion et de contr\u00f4le.<\/p>\n<ul>\n<li>Taille: A4<\/li>\n<li>Connectivity:\n<ul>\n<li>Wi-Fi<\/li>\n<li>Ethernet LAN<\/li>\n<li>Wi-Fi 4 (802.11n)<\/li>\n<\/ul>\n<\/li>\n<li>Carte R\u00e9seau: Oui<\/li>\n<li>Type:\n<ul>\n<li>Imprimante<\/li>\n<li>Imprimante laser<\/li>\n<\/ul>\n<\/li>\n<li>Plug-in product: Yes<\/li>\n<li>Socket type: EU socket<\/li>\n<li>Bloc d\u2019Alimentation: r\u00e9seau \u00e9lectrique<\/li>\n<li>Colour:\n<ul>\n<li>White<\/li>\n<li>Black<\/li>\n<\/ul>\n<\/li>\n<li>Features:\n<ul>\n<li>Integrated screen<\/li>\n<li>Double-sided printing<\/li>\n<\/ul>\n<\/li>\n<li>Connections:\n<ul>\n<li>Ethernet LAN<\/li>\n<li>USB<\/li>\n<\/ul>\n<\/li>\n<li>R\u00e9solution d&#8217;image maximale: 1200 x 1200 dpi<\/li>\n<li>Ecran: 1,8&#8221;<\/li>\n<li>Technologie: Laser<\/li>\n<li>Colour printing: No<\/li>\n<li>Capacity: 250 shutters<\/li>\n<li>Papier: A4<\/li>\n<li>AC input frequency: 50-60 Hz<\/li>\n<li>vitesse: 10\/100\/1000 Mbps<\/li>\n<li>Voltage: 220-240 V<\/li>\n<li>Accuracy (relative humidity): 20 % - 80 %<\/li>\n<li>Utilisation recommand\u00e9e: Maison<\/li>\n<\/ul>","protected":false},"excerpt":{"rendered":"<p>Si vous \u00eates passionn\u00e9 d&#8217;informatique et d&#8217;\u00e9lectronique, si vous \u00eates \u00e0 la pointe de la technologie et qu&#8217;aucun d\u00e9tail ne<\/p>","protected":false},"featured_media":4374109,"comment_status":"open","ping_status":"closed","template":"","meta":{"_joinchat":[]},"product_brand":[],"product_cat":[157812,157516,157517],"product_tag":[157514,157515],"class_list":{"0":"post-4374110","1":"product","2":"type-product","3":"status-publish","4":"has-post-thumbnail","6":"product_cat-imprimantes","7":"product_cat-informatique-electronique","8":"product_cat-informatique-peripheriques-et-consommables","9":"product_tag-tag_933","10":"product_tag-tag_1295","12":"first","13":"instock","14":"taxable","15":"shipping-taxable","16":"purchasable","17":"product-type-simple"},"yoast_head":"<!-- This site is optimized with the Yoast SEO plugin v27.2 - https:\/\/yoast.com\/product\/yoast-seo-wordpress\/ -->\n<title>Imprimante laser Brother HLL5210DWRE1 - Tupique<\/title>\n<meta name=\"description\" content=\"Vous cherchez Imprimante laser Brother HLL5210DWRE1 ? Achetez des produits chez Tupique. Profitez de la livraison gratuite pour obtenir Imprimante laser Brother HLL5210DWRE1 d\u00e8s maintenant.\" \/>\n<meta name=\"robots\" content=\"index, follow, max-snippet:-1, max-image-preview:large, max-video-preview:-1\" \/>\n<link rel=\"canonical\" href=\"https:\/\/tupique.com\/en\/product\/imprimante-laser-brother-hll5210dwre1\/\" \/>\n<meta property=\"og:locale\" content=\"en_GB\" \/>\n<meta property=\"og:type\" content=\"article\" \/>\n<meta property=\"og:title\" content=\"Imprimante laser Brother HLL5210DWRE1 - Tupique\" \/>\n<meta property=\"og:description\" content=\"Vous cherchez Imprimante laser Brother HLL5210DWRE1 ? Achetez des produits chez Tupique. Profitez de la livraison gratuite pour obtenir Imprimante laser Brother HLL5210DWRE1 d\u00e8s maintenant.\" \/>\n<meta property=\"og:url\" content=\"https:\/\/tupique.com\/en\/product\/imprimante-laser-brother-hll5210dwre1\/\" \/>\n<meta property=\"og:site_name\" content=\"Tupique\" \/>\n<meta name=\"twitter:card\" content=\"summary_large_image\" \/>\n<meta name=\"twitter:label1\" content=\"Estimated reading time\" \/>\n\t<meta name=\"twitter:data1\" content=\"2 minutes\" \/>\n<script type=\"application\/ld+json\" class=\"yoast-schema-graph\">{\"@context\":\"https:\/\/schema.org\",\"@graph\":[{\"@type\":\"WebPage\",\"@id\":\"https:\/\/tupique.com\/produit\/imprimante-laser-brother-hll5210dwre1\/\",\"url\":\"https:\/\/tupique.com\/produit\/imprimante-laser-brother-hll5210dwre1\/\",\"name\":\"Imprimante laser Brother HLL5210DWRE1 - Tupique\",\"isPartOf\":{\"@id\":\"https:\/\/tupique.com\/#website\"},\"primaryImageOfPage\":{\"@id\":\"https:\/\/tupique.com\/produit\/imprimante-laser-brother-hll5210dwre1\/#primaryimage\"},\"image\":{\"@id\":\"https:\/\/tupique.com\/produit\/imprimante-laser-brother-hll5210dwre1\/#primaryimage\"},\"thumbnailUrl\":\"https:\/\/tupique.com\/wp-content\/uploads\/2026\/03\/809794400.jpg\",\"datePublished\":\"2026-03-30T18:56:36+00:00\",\"description\":\"Vous cherchez Imprimante laser Brother HLL5210DWRE1 ? Achetez des produits chez Tupique. Profitez de la livraison gratuite pour obtenir Imprimante laser Brother HLL5210DWRE1 d\u00e8s maintenant.\",\"breadcrumb\":{\"@id\":\"https:\/\/tupique.com\/produit\/imprimante-laser-brother-hll5210dwre1\/#breadcrumb\"},\"inLanguage\":\"en-GB\",\"potentialAction\":[{\"@type\":\"ReadAction\",\"target\":[\"https:\/\/tupique.com\/produit\/imprimante-laser-brother-hll5210dwre1\/\"]}]},{\"@type\":\"ImageObject\",\"inLanguage\":\"en-GB\",\"@id\":\"https:\/\/tupique.com\/produit\/imprimante-laser-brother-hll5210dwre1\/#primaryimage\",\"url\":\"https:\/\/tupique.com\/wp-content\/uploads\/2026\/03\/809794400.jpg\",\"contentUrl\":\"https:\/\/tupique.com\/wp-content\/uploads\/2026\/03\/809794400.jpg\",\"width\":1200,\"height\":1200,\"caption\":\"S55252818_0\"},{\"@type\":\"BreadcrumbList\",\"@id\":\"https:\/\/tupique.com\/produit\/imprimante-laser-brother-hll5210dwre1\/#breadcrumb\",\"itemListElement\":[{\"@type\":\"ListItem\",\"position\":1,\"name\":\"In\u00edcio\",\"item\":\"https:\/\/tupique.com\/\"},{\"@type\":\"ListItem\",\"position\":2,\"name\":\"Boutique\",\"item\":\"https:\/\/tupique.com\/en\/boutique\/\"},{\"@type\":\"ListItem\",\"position\":3,\"name\":\"Imprimante laser Brother HLL5210DWRE1\"}]},{\"@type\":\"WebSite\",\"@id\":\"https:\/\/tupique.com\/#website\",\"url\":\"https:\/\/tupique.com\/\",\"name\":\"Tupique\",\"description\":\"Marketplace\",\"publisher\":{\"@id\":\"https:\/\/tupique.com\/#organization\"},\"potentialAction\":[{\"@type\":\"SearchAction\",\"target\":{\"@type\":\"EntryPoint\",\"urlTemplate\":\"https:\/\/tupique.com\/?s={search_term_string}\"},\"query-input\":{\"@type\":\"PropertyValueSpecification\",\"valueRequired\":true,\"valueName\":\"search_term_string\"}}],\"inLanguage\":\"en-GB\"},{\"@type\":\"Organization\",\"@id\":\"https:\/\/tupique.com\/#organization\",\"name\":\"Tupique\",\"url\":\"https:\/\/tupique.com\/\",\"logo\":{\"@type\":\"ImageObject\",\"inLanguage\":\"en-GB\",\"@id\":\"https:\/\/tupique.com\/#\/schema\/logo\/image\/\",\"url\":\"https:\/\/tupique.com\/wp-content\/uploads\/2024\/09\/logo.png\",\"contentUrl\":\"https:\/\/tupique.com\/wp-content\/uploads\/2024\/09\/logo.png\",\"width\":1118,\"height\":310,\"caption\":\"Tupique\"},\"image\":{\"@id\":\"https:\/\/tupique.com\/#\/schema\/logo\/image\/\"}}]}<\/script>\n<!-- \/ Yoast SEO plugin. -->","yoast_head_json":{"title":"Imprimante laser Brother HLL5210DWRE1 - Tupique","description":"Vous cherchez Imprimante laser Brother HLL5210DWRE1 ? Achetez des produits chez Tupique. Profitez de la livraison gratuite pour obtenir Imprimante laser Brother HLL5210DWRE1 d\u00e8s maintenant.","robots":{"index":"index","follow":"follow","max-snippet":"max-snippet:-1","max-image-preview":"max-image-preview:large","max-video-preview":"max-video-preview:-1"},"canonical":"https:\/\/tupique.com\/en\/product\/imprimante-laser-brother-hll5210dwre1\/","og_locale":"en_GB","og_type":"article","og_title":"Imprimante laser Brother HLL5210DWRE1 - Tupique","og_description":"Vous cherchez Imprimante laser Brother HLL5210DWRE1 ? Achetez des produits chez Tupique. Profitez de la livraison gratuite pour obtenir Imprimante laser Brother HLL5210DWRE1 d\u00e8s maintenant.","og_url":"https:\/\/tupique.com\/en\/product\/imprimante-laser-brother-hll5210dwre1\/","og_site_name":"Tupique","twitter_card":"summary_large_image","twitter_misc":{"Estimated reading time":"2 minutes"},"schema":{"@context":"https:\/\/schema.org","@graph":[{"@type":"WebPage","@id":"https:\/\/tupique.com\/produit\/imprimante-laser-brother-hll5210dwre1\/","url":"https:\/\/tupique.com\/produit\/imprimante-laser-brother-hll5210dwre1\/","name":"Imprimante laser Brother HLL5210DWRE1 - Tupique","isPartOf":{"@id":"https:\/\/tupique.com\/#website"},"primaryImageOfPage":{"@id":"https:\/\/tupique.com\/produit\/imprimante-laser-brother-hll5210dwre1\/#primaryimage"},"image":{"@id":"https:\/\/tupique.com\/produit\/imprimante-laser-brother-hll5210dwre1\/#primaryimage"},"thumbnailUrl":"https:\/\/tupique.com\/wp-content\/uploads\/2026\/03\/809794400.jpg","datePublished":"2026-03-30T18:56:36+00:00","description":"Vous cherchez Imprimante laser Brother HLL5210DWRE1 ? Achetez des produits chez Tupique. Profitez de la livraison gratuite pour obtenir Imprimante laser Brother HLL5210DWRE1 d\u00e8s maintenant.","breadcrumb":{"@id":"https:\/\/tupique.com\/produit\/imprimante-laser-brother-hll5210dwre1\/#breadcrumb"},"inLanguage":"en-GB","potentialAction":[{"@type":"ReadAction","target":["https:\/\/tupique.com\/produit\/imprimante-laser-brother-hll5210dwre1\/"]}]},{"@type":"ImageObject","inLanguage":"en-GB","@id":"https:\/\/tupique.com\/produit\/imprimante-laser-brother-hll5210dwre1\/#primaryimage","url":"https:\/\/tupique.com\/wp-content\/uploads\/2026\/03\/809794400.jpg","contentUrl":"https:\/\/tupique.com\/wp-content\/uploads\/2026\/03\/809794400.jpg","width":1200,"height":1200,"caption":"S55252818_0"},{"@type":"BreadcrumbList","@id":"https:\/\/tupique.com\/produit\/imprimante-laser-brother-hll5210dwre1\/#breadcrumb","itemListElement":[{"@type":"ListItem","position":1,"name":"In\u00edcio","item":"https:\/\/tupique.com\/"},{"@type":"ListItem","position":2,"name":"Boutique","item":"https:\/\/tupique.com\/en\/boutique\/"},{"@type":"ListItem","position":3,"name":"Imprimante laser Brother HLL5210DWRE1"}]},{"@type":"WebSite","@id":"https:\/\/tupique.com\/#website","url":"https:\/\/tupique.com\/","name":"Tupique","description":"Marketplace","publisher":{"@id":"https:\/\/tupique.com\/#organization"},"potentialAction":[{"@type":"SearchAction","target":{"@type":"EntryPoint","urlTemplate":"https:\/\/tupique.com\/?s={search_term_string}"},"query-input":{"@type":"PropertyValueSpecification","valueRequired":true,"valueName":"search_term_string"}}],"inLanguage":"en-GB"},{"@type":"Organization","@id":"https:\/\/tupique.com\/#organization","name":"Tupique","url":"https:\/\/tupique.com\/","logo":{"@type":"ImageObject","inLanguage":"en-GB","@id":"https:\/\/tupique.com\/#\/schema\/logo\/image\/","url":"https:\/\/tupique.com\/wp-content\/uploads\/2024\/09\/logo.png","contentUrl":"https:\/\/tupique.com\/wp-content\/uploads\/2024\/09\/logo.png","width":1118,"height":310,"caption":"Tupique"},"image":{"@id":"https:\/\/tupique.com\/#\/schema\/logo\/image\/"}}]}},"jetpack_sharing_enabled":true,"_links":{"self":[{"href":"https:\/\/tupique.com\/en\/wp-json\/wp\/v2\/product\/4374110","targetHints":{"allow":["GET"]}}],"collection":[{"href":"https:\/\/tupique.com\/en\/wp-json\/wp\/v2\/product"}],"about":[{"href":"https:\/\/tupique.com\/en\/wp-json\/wp\/v2\/types\/product"}],"replies":[{"embeddable":true,"href":"https:\/\/tupique.com\/en\/wp-json\/wp\/v2\/comments?post=4374110"}],"wp:featuredmedia":[{"embeddable":true,"href":"https:\/\/tupique.com\/en\/wp-json\/wp\/v2\/media\/4374109"}],"wp:attachment":[{"href":"https:\/\/tupique.com\/en\/wp-json\/wp\/v2\/media?parent=4374110"}],"wp:term":[{"taxonomy":"product_brand","embeddable":true,"href":"https:\/\/tupique.com\/en\/wp-json\/wp\/v2\/product_brand?post=4374110"},{"taxonomy":"product_cat","embeddable":true,"href":"https:\/\/tupique.com\/en\/wp-json\/wp\/v2\/product_cat?post=4374110"},{"taxonomy":"product_tag","embeddable":true,"href":"https:\/\/tupique.com\/en\/wp-json\/wp\/v2\/product_tag?post=4374110"}],"curies":[{"name":"wp","href":"https:\/\/api.w.org\/{rel}","templated":true}]}}