{"id":4374335,"date":"2026-03-31T01:56:45","date_gmt":"2026-03-31T00:56:45","guid":{"rendered":"https:\/\/tupique.com\/produit\/switch-zyxel-xgs1935-52-eu0101f\/"},"modified":"2026-03-31T01:56:45","modified_gmt":"2026-03-31T00:56:45","slug":"switch-zyxel-xgs1935-52-eu0101f","status":"publish","type":"product","link":"https:\/\/tupique.com\/en\/product\/switch-zyxel-xgs1935-52-eu0101f\/","title":{"rendered":"Switch ZyXEL XGS1935-52-EU0101F"},"content":{"rendered":"<p>If you are passionate about\u2019<b>computer science and electronics<\/b>, If you're at the cutting edge of technology and don't want to miss a thing, buy <b>Switch ZyXEL XGS1935-52-EU0101F<\/b> at the best price.<\/p>\n<p>Le <b>switch manageable Zyxel XGS1935-52-EU0101F<\/b> est un \u00e9quipement r\u00e9seau con\u00e7u pour les environnements professionnels n\u00e9cessitant une grande capacit\u00e9 de commutation et une gestion avanc\u00e9e. Il dispose de <b>48 ports Ethernet LAN RJ45 Gigabit<\/b> (10\/100\/1000 Mbps), permettant de connecter plusieurs appareils avec rapidit\u00e9 et stabilit\u00e9. Ce switch fonctionne en <b>couche L2+\/L3<\/b>, offrant des fonctions de couche 2 (commutation basique et avanc\u00e9e) et de couche 3 (routage simple), facilitant la segmentation et la gestion efficace du trafic dans les r\u00e9seaux d\u2019entreprise. Il poss\u00e8de une <b>table d\u2019adresses MAC pouvant contenir 16 000 entr\u00e9es<\/b>, assurant une gestion pr\u00e9cise des connexions dans des environnements \u00e0 forte densit\u00e9 d\u2019appareils. Sa capacit\u00e9 de commutation atteint <b>176 Gbit\/s<\/b>, garantissant un flux de donn\u00e9es rapide sans goulots d\u2019\u00e9tranglement. Concernant les normes, il supporte plusieurs protocoles essentiels tels que IEEE 802.1D, 802.1p, 802.1s, 802.1w, 802.1x et 802.3ab, assurant interop\u00e9rabilit\u00e9, qualit\u00e9 de service, s\u00e9curit\u00e9 et redondance r\u00e9seau. Fabriqu\u00e9 en <b>plastique<\/b> et disponible en versions <b>blanche et noire<\/b>, ce mod\u00e8le est con\u00e7u pour montage en rack, s\u2019int\u00e9grant facilement aux infrastructures IT existantes. Il int\u00e8gre une m\u00e9moire de <b>512 Mo<\/b> et un stockage de <b>32 Go<\/b>, permettant de g\u00e9rer des configurations complexes et de maintenir les mises \u00e0 jour syst\u00e8me optimis\u00e9es. En r\u00e9sum\u00e9, le Zyxel XGS1935-52 est un switch robuste et polyvalent combinant haute performance et fonctions avanc\u00e9es de gestion, adapt\u00e9 aux r\u00e9seaux professionnels exigeant fiabilit\u00e9 et \u00e9volutivit\u00e9.<\/p>\n<ul>\n<li>Plug-in product: Yes<\/li>\n<li>Socket type: EU socket<\/li>\n<li>Type: Switch<\/li>\n<li>Bloc d\u2019Alimentation:\n<ul>\n<li>r\u00e9seau \u00e9lectrique<\/li>\n<li>Cordon d&#8217;alimentation CA<\/li>\n<li>Incluses<\/li>\n<\/ul>\n<\/li>\n<li>Connections:\n<ul>\n<li>RJ45 x 48<\/li>\n<li>Ethernet LAN<\/li>\n<\/ul>\n<\/li>\n<li>Voltage:\n<ul>\n<li>100-240 V<\/li>\n<li>100 - 240 V<\/li>\n<\/ul>\n<\/li>\n<li>Frequency: 50-60 Hz<\/li>\n<li>Colour:\n<ul>\n<li>White<\/li>\n<li>Black<\/li>\n<\/ul>\n<\/li>\n<li>Material: Plastic<\/li>\n<li>M\u00e9moire interne: 32 GB<\/li>\n<li>Support: Multisupport<\/li>\n<li>N\u00b0 de rainures: 4<\/li>\n<li>Ports: 48<\/li>\n<li>AC input frequency: 50-60 Hz<\/li>\n<li>Width: 44 cm<\/li>\n<li>Working humidity range: 10 % - 90 %<\/li>\n<li>Approximate temperature: -40\u00ba \/ 70\u00ba C<\/li>\n<li>S\u00e9curit\u00e9: IGMP<\/li>\n<\/ul>","protected":false},"excerpt":{"rendered":"<p>Si vous \u00eates passionn\u00e9 d&#8217;informatique et d&#8217;\u00e9lectronique, si vous \u00eates \u00e0 la pointe de la technologie et qu&#8217;aucun d\u00e9tail ne<\/p>","protected":false},"featured_media":4374331,"comment_status":"open","ping_status":"closed","template":"","meta":{"_joinchat":[]},"product_brand":[],"product_cat":[157516,157520,157585],"product_tag":[157515],"class_list":{"0":"post-4374335","1":"product","2":"type-product","3":"status-publish","4":"has-post-thumbnail","6":"product_cat-informatique-electronique","7":"product_cat-informatique-reseaux-et-composants","8":"product_cat-switch","9":"product_tag-tag_1295","11":"first","12":"instock","13":"taxable","14":"shipping-taxable","15":"purchasable","16":"product-type-simple"},"yoast_head":"<!-- This site is optimized with the Yoast SEO plugin v27.2 - https:\/\/yoast.com\/product\/yoast-seo-wordpress\/ -->\n<title>Switch ZyXEL XGS1935-52-EU0101F - Tupique<\/title>\n<meta name=\"description\" content=\"Vous cherchez Switch ZyXEL XGS1935-52-EU0101F ? Achetez des produits chez Tupique. Profitez de la livraison gratuite pour obtenir Switch ZyXEL XGS1935-52-EU0101F d\u00e8s maintenant.\" \/>\n<meta name=\"robots\" content=\"index, follow, max-snippet:-1, max-image-preview:large, max-video-preview:-1\" \/>\n<link rel=\"canonical\" href=\"https:\/\/tupique.com\/en\/product\/switch-zyxel-xgs1935-52-eu0101f\/\" \/>\n<meta property=\"og:locale\" content=\"en_GB\" \/>\n<meta property=\"og:type\" content=\"article\" \/>\n<meta property=\"og:title\" content=\"Switch ZyXEL XGS1935-52-EU0101F - Tupique\" \/>\n<meta property=\"og:description\" content=\"Vous cherchez Switch ZyXEL XGS1935-52-EU0101F ? Achetez des produits chez Tupique. Profitez de la livraison gratuite pour obtenir Switch ZyXEL XGS1935-52-EU0101F d\u00e8s maintenant.\" \/>\n<meta property=\"og:url\" content=\"https:\/\/tupique.com\/en\/product\/switch-zyxel-xgs1935-52-eu0101f\/\" \/>\n<meta property=\"og:site_name\" content=\"Tupique\" \/>\n<meta name=\"twitter:card\" content=\"summary_large_image\" \/>\n<meta name=\"twitter:label1\" content=\"Estimated reading time\" \/>\n\t<meta name=\"twitter:data1\" content=\"2 minutes\" \/>\n<script type=\"application\/ld+json\" class=\"yoast-schema-graph\">{\"@context\":\"https:\/\/schema.org\",\"@graph\":[{\"@type\":\"WebPage\",\"@id\":\"https:\/\/tupique.com\/produit\/switch-zyxel-xgs1935-52-eu0101f\/\",\"url\":\"https:\/\/tupique.com\/produit\/switch-zyxel-xgs1935-52-eu0101f\/\",\"name\":\"Switch ZyXEL XGS1935-52-EU0101F - Tupique\",\"isPartOf\":{\"@id\":\"https:\/\/tupique.com\/#website\"},\"primaryImageOfPage\":{\"@id\":\"https:\/\/tupique.com\/produit\/switch-zyxel-xgs1935-52-eu0101f\/#primaryimage\"},\"image\":{\"@id\":\"https:\/\/tupique.com\/produit\/switch-zyxel-xgs1935-52-eu0101f\/#primaryimage\"},\"thumbnailUrl\":\"https:\/\/tupique.com\/wp-content\/uploads\/2026\/03\/984766720.jpg\",\"datePublished\":\"2026-03-31T00:56:45+00:00\",\"description\":\"Vous cherchez Switch ZyXEL XGS1935-52-EU0101F ? Achetez des produits chez Tupique. Profitez de la livraison gratuite pour obtenir Switch ZyXEL XGS1935-52-EU0101F d\u00e8s maintenant.\",\"breadcrumb\":{\"@id\":\"https:\/\/tupique.com\/produit\/switch-zyxel-xgs1935-52-eu0101f\/#breadcrumb\"},\"inLanguage\":\"en-GB\",\"potentialAction\":[{\"@type\":\"ReadAction\",\"target\":[\"https:\/\/tupique.com\/produit\/switch-zyxel-xgs1935-52-eu0101f\/\"]}]},{\"@type\":\"ImageObject\",\"inLanguage\":\"en-GB\",\"@id\":\"https:\/\/tupique.com\/produit\/switch-zyxel-xgs1935-52-eu0101f\/#primaryimage\",\"url\":\"https:\/\/tupique.com\/wp-content\/uploads\/2026\/03\/984766720.jpg\",\"contentUrl\":\"https:\/\/tupique.com\/wp-content\/uploads\/2026\/03\/984766720.jpg\",\"width\":1200,\"height\":1200,\"caption\":\"S55286836_0\"},{\"@type\":\"BreadcrumbList\",\"@id\":\"https:\/\/tupique.com\/produit\/switch-zyxel-xgs1935-52-eu0101f\/#breadcrumb\",\"itemListElement\":[{\"@type\":\"ListItem\",\"position\":1,\"name\":\"In\u00edcio\",\"item\":\"https:\/\/tupique.com\/\"},{\"@type\":\"ListItem\",\"position\":2,\"name\":\"Boutique\",\"item\":\"https:\/\/tupique.com\/en\/boutique\/\"},{\"@type\":\"ListItem\",\"position\":3,\"name\":\"Switch ZyXEL XGS1935-52-EU0101F\"}]},{\"@type\":\"WebSite\",\"@id\":\"https:\/\/tupique.com\/#website\",\"url\":\"https:\/\/tupique.com\/\",\"name\":\"Tupique\",\"description\":\"Marketplace\",\"publisher\":{\"@id\":\"https:\/\/tupique.com\/#organization\"},\"potentialAction\":[{\"@type\":\"SearchAction\",\"target\":{\"@type\":\"EntryPoint\",\"urlTemplate\":\"https:\/\/tupique.com\/?s={search_term_string}\"},\"query-input\":{\"@type\":\"PropertyValueSpecification\",\"valueRequired\":true,\"valueName\":\"search_term_string\"}}],\"inLanguage\":\"en-GB\"},{\"@type\":\"Organization\",\"@id\":\"https:\/\/tupique.com\/#organization\",\"name\":\"Tupique\",\"url\":\"https:\/\/tupique.com\/\",\"logo\":{\"@type\":\"ImageObject\",\"inLanguage\":\"en-GB\",\"@id\":\"https:\/\/tupique.com\/#\/schema\/logo\/image\/\",\"url\":\"https:\/\/tupique.com\/wp-content\/uploads\/2024\/09\/logo.png\",\"contentUrl\":\"https:\/\/tupique.com\/wp-content\/uploads\/2024\/09\/logo.png\",\"width\":1118,\"height\":310,\"caption\":\"Tupique\"},\"image\":{\"@id\":\"https:\/\/tupique.com\/#\/schema\/logo\/image\/\"}}]}<\/script>\n<!-- \/ Yoast SEO plugin. -->","yoast_head_json":{"title":"Switch ZyXEL XGS1935-52-EU0101F - Tupique","description":"Vous cherchez Switch ZyXEL XGS1935-52-EU0101F ? Achetez des produits chez Tupique. Profitez de la livraison gratuite pour obtenir Switch ZyXEL XGS1935-52-EU0101F d\u00e8s maintenant.","robots":{"index":"index","follow":"follow","max-snippet":"max-snippet:-1","max-image-preview":"max-image-preview:large","max-video-preview":"max-video-preview:-1"},"canonical":"https:\/\/tupique.com\/en\/product\/switch-zyxel-xgs1935-52-eu0101f\/","og_locale":"en_GB","og_type":"article","og_title":"Switch ZyXEL XGS1935-52-EU0101F - Tupique","og_description":"Vous cherchez Switch ZyXEL XGS1935-52-EU0101F ? Achetez des produits chez Tupique. Profitez de la livraison gratuite pour obtenir Switch ZyXEL XGS1935-52-EU0101F d\u00e8s maintenant.","og_url":"https:\/\/tupique.com\/en\/product\/switch-zyxel-xgs1935-52-eu0101f\/","og_site_name":"Tupique","twitter_card":"summary_large_image","twitter_misc":{"Estimated reading time":"2 minutes"},"schema":{"@context":"https:\/\/schema.org","@graph":[{"@type":"WebPage","@id":"https:\/\/tupique.com\/produit\/switch-zyxel-xgs1935-52-eu0101f\/","url":"https:\/\/tupique.com\/produit\/switch-zyxel-xgs1935-52-eu0101f\/","name":"Switch ZyXEL XGS1935-52-EU0101F - Tupique","isPartOf":{"@id":"https:\/\/tupique.com\/#website"},"primaryImageOfPage":{"@id":"https:\/\/tupique.com\/produit\/switch-zyxel-xgs1935-52-eu0101f\/#primaryimage"},"image":{"@id":"https:\/\/tupique.com\/produit\/switch-zyxel-xgs1935-52-eu0101f\/#primaryimage"},"thumbnailUrl":"https:\/\/tupique.com\/wp-content\/uploads\/2026\/03\/984766720.jpg","datePublished":"2026-03-31T00:56:45+00:00","description":"Vous cherchez Switch ZyXEL XGS1935-52-EU0101F ? Achetez des produits chez Tupique. Profitez de la livraison gratuite pour obtenir Switch ZyXEL XGS1935-52-EU0101F d\u00e8s maintenant.","breadcrumb":{"@id":"https:\/\/tupique.com\/produit\/switch-zyxel-xgs1935-52-eu0101f\/#breadcrumb"},"inLanguage":"en-GB","potentialAction":[{"@type":"ReadAction","target":["https:\/\/tupique.com\/produit\/switch-zyxel-xgs1935-52-eu0101f\/"]}]},{"@type":"ImageObject","inLanguage":"en-GB","@id":"https:\/\/tupique.com\/produit\/switch-zyxel-xgs1935-52-eu0101f\/#primaryimage","url":"https:\/\/tupique.com\/wp-content\/uploads\/2026\/03\/984766720.jpg","contentUrl":"https:\/\/tupique.com\/wp-content\/uploads\/2026\/03\/984766720.jpg","width":1200,"height":1200,"caption":"S55286836_0"},{"@type":"BreadcrumbList","@id":"https:\/\/tupique.com\/produit\/switch-zyxel-xgs1935-52-eu0101f\/#breadcrumb","itemListElement":[{"@type":"ListItem","position":1,"name":"In\u00edcio","item":"https:\/\/tupique.com\/"},{"@type":"ListItem","position":2,"name":"Boutique","item":"https:\/\/tupique.com\/en\/boutique\/"},{"@type":"ListItem","position":3,"name":"Switch ZyXEL XGS1935-52-EU0101F"}]},{"@type":"WebSite","@id":"https:\/\/tupique.com\/#website","url":"https:\/\/tupique.com\/","name":"Tupique","description":"Marketplace","publisher":{"@id":"https:\/\/tupique.com\/#organization"},"potentialAction":[{"@type":"SearchAction","target":{"@type":"EntryPoint","urlTemplate":"https:\/\/tupique.com\/?s={search_term_string}"},"query-input":{"@type":"PropertyValueSpecification","valueRequired":true,"valueName":"search_term_string"}}],"inLanguage":"en-GB"},{"@type":"Organization","@id":"https:\/\/tupique.com\/#organization","name":"Tupique","url":"https:\/\/tupique.com\/","logo":{"@type":"ImageObject","inLanguage":"en-GB","@id":"https:\/\/tupique.com\/#\/schema\/logo\/image\/","url":"https:\/\/tupique.com\/wp-content\/uploads\/2024\/09\/logo.png","contentUrl":"https:\/\/tupique.com\/wp-content\/uploads\/2024\/09\/logo.png","width":1118,"height":310,"caption":"Tupique"},"image":{"@id":"https:\/\/tupique.com\/#\/schema\/logo\/image\/"}}]}},"jetpack_sharing_enabled":true,"_links":{"self":[{"href":"https:\/\/tupique.com\/en\/wp-json\/wp\/v2\/product\/4374335","targetHints":{"allow":["GET"]}}],"collection":[{"href":"https:\/\/tupique.com\/en\/wp-json\/wp\/v2\/product"}],"about":[{"href":"https:\/\/tupique.com\/en\/wp-json\/wp\/v2\/types\/product"}],"replies":[{"embeddable":true,"href":"https:\/\/tupique.com\/en\/wp-json\/wp\/v2\/comments?post=4374335"}],"wp:featuredmedia":[{"embeddable":true,"href":"https:\/\/tupique.com\/en\/wp-json\/wp\/v2\/media\/4374331"}],"wp:attachment":[{"href":"https:\/\/tupique.com\/en\/wp-json\/wp\/v2\/media?parent=4374335"}],"wp:term":[{"taxonomy":"product_brand","embeddable":true,"href":"https:\/\/tupique.com\/en\/wp-json\/wp\/v2\/product_brand?post=4374335"},{"taxonomy":"product_cat","embeddable":true,"href":"https:\/\/tupique.com\/en\/wp-json\/wp\/v2\/product_cat?post=4374335"},{"taxonomy":"product_tag","embeddable":true,"href":"https:\/\/tupique.com\/en\/wp-json\/wp\/v2\/product_tag?post=4374335"}],"curies":[{"name":"wp","href":"https:\/\/api.w.org\/{rel}","templated":true}]}}