{"id":4374614,"date":"2026-03-31T11:56:29","date_gmt":"2026-03-31T10:56:29","guid":{"rendered":"https:\/\/tupique.com\/produit\/camescope-de-surveillance-abus\/"},"modified":"2026-03-31T15:56:35","modified_gmt":"2026-03-31T14:56:35","slug":"camescope-de-surveillance-abus","status":"publish","type":"product","link":"https:\/\/tupique.com\/en\/product\/camescope-de-surveillance-abus\/","title":{"rendered":"ABUS surveillance camcorder"},"content":{"rendered":"<p>If you like to take care of every detail in your home and keep up with the latest trends in products that will make your life easier, buy <b>ABUS surveillance camcorder<\/b> at the best price.<\/p>\n<ul>\n<li>Caract\u00e9ristiques: Sans fil<\/li>\n<li>Type: Cam\u00e9scope<\/li>\n<li>Colour: White<\/li>\n<li>Material: Plastic<\/li>\n<li>Connectivity:\n<ul>\n<li>Wi-Fi<\/li>\n<li>Wireless<\/li>\n<\/ul>\n<\/li>\n<\/ul>","protected":false},"excerpt":{"rendered":"<p>Si vous aimez prendre soin de chaque d\u00e9tail de votre maison et d&#8217;\u00eatre \u00e0 la derni\u00e8re mode en mati\u00e8re de<\/p>","protected":false},"featured_media":4374602,"comment_status":"open","ping_status":"closed","template":"","meta":{"_joinchat":[]},"product_brand":[],"product_cat":[157582,157535,157581],"product_tag":[157580,157546,157531],"class_list":{"0":"post-4374614","1":"product","2":"type-product","3":"status-publish","4":"has-post-thumbnail","6":"product_cat-cameras-de-surveillance-video","7":"product_cat-maison-jardin","8":"product_cat-securite-a-la-maison","9":"product_tag-tag_556","10":"product_tag-tag_1304","11":"product_tag-tag_25","13":"first","14":"instock","15":"taxable","16":"shipping-taxable","17":"purchasable","18":"product-type-simple"},"yoast_head":"<!-- This site is optimized with the Yoast SEO plugin v27.2 - https:\/\/yoast.com\/product\/yoast-seo-wordpress\/ -->\n<title>Camescope de surveillance ABUS - Tupique<\/title>\n<meta name=\"description\" content=\"Vous cherchez Camescope de surveillance ABUS ? Achetez des produits chez Tupique. Profitez de la livraison gratuite pour obtenir Camescope de surveillance ABUS d\u00e8s maintenant.\" \/>\n<meta name=\"robots\" content=\"index, follow, max-snippet:-1, max-image-preview:large, max-video-preview:-1\" \/>\n<link rel=\"canonical\" href=\"https:\/\/tupique.com\/en\/product\/camescope-de-surveillance-abus\/\" \/>\n<meta property=\"og:locale\" content=\"en_GB\" \/>\n<meta property=\"og:type\" content=\"article\" \/>\n<meta property=\"og:title\" content=\"Camescope de surveillance ABUS - Tupique\" \/>\n<meta property=\"og:description\" content=\"Vous cherchez Camescope de surveillance ABUS ? Achetez des produits chez Tupique. Profitez de la livraison gratuite pour obtenir Camescope de surveillance ABUS d\u00e8s maintenant.\" \/>\n<meta property=\"og:url\" content=\"https:\/\/tupique.com\/en\/product\/camescope-de-surveillance-abus\/\" \/>\n<meta property=\"og:site_name\" content=\"Tupique\" \/>\n<meta property=\"article:modified_time\" content=\"2026-03-31T14:56:35+00:00\" \/>\n<meta property=\"og:image\" content=\"https:\/\/tupique.com\/wp-content\/uploads\/2026\/03\/4003318798238_S71020953_P00.jpg\" \/>\n\t<meta property=\"og:image:width\" content=\"1200\" \/>\n\t<meta property=\"og:image:height\" content=\"1200\" \/>\n\t<meta property=\"og:image:type\" content=\"image\/jpeg\" \/>\n<meta name=\"twitter:card\" content=\"summary_large_image\" \/>\n<script type=\"application\/ld+json\" class=\"yoast-schema-graph\">{\"@context\":\"https:\/\/schema.org\",\"@graph\":[{\"@type\":\"WebPage\",\"@id\":\"https:\/\/tupique.com\/produit\/camescope-de-surveillance-abus\/\",\"url\":\"https:\/\/tupique.com\/produit\/camescope-de-surveillance-abus\/\",\"name\":\"Camescope de surveillance ABUS - Tupique\",\"isPartOf\":{\"@id\":\"https:\/\/tupique.com\/#website\"},\"primaryImageOfPage\":{\"@id\":\"https:\/\/tupique.com\/produit\/camescope-de-surveillance-abus\/#primaryimage\"},\"image\":{\"@id\":\"https:\/\/tupique.com\/produit\/camescope-de-surveillance-abus\/#primaryimage\"},\"thumbnailUrl\":\"https:\/\/tupique.com\/wp-content\/uploads\/2026\/03\/4003318798238_S71020953_P00.jpg\",\"datePublished\":\"2026-03-31T10:56:29+00:00\",\"dateModified\":\"2026-03-31T14:56:35+00:00\",\"description\":\"Vous cherchez Camescope de surveillance ABUS ? Achetez des produits chez Tupique. Profitez de la livraison gratuite pour obtenir Camescope de surveillance ABUS d\u00e8s maintenant.\",\"breadcrumb\":{\"@id\":\"https:\/\/tupique.com\/produit\/camescope-de-surveillance-abus\/#breadcrumb\"},\"inLanguage\":\"en-GB\",\"potentialAction\":[{\"@type\":\"ReadAction\",\"target\":[\"https:\/\/tupique.com\/produit\/camescope-de-surveillance-abus\/\"]}]},{\"@type\":\"ImageObject\",\"inLanguage\":\"en-GB\",\"@id\":\"https:\/\/tupique.com\/produit\/camescope-de-surveillance-abus\/#primaryimage\",\"url\":\"https:\/\/tupique.com\/wp-content\/uploads\/2026\/03\/4003318798238_S71020953_P00.jpg\",\"contentUrl\":\"https:\/\/tupique.com\/wp-content\/uploads\/2026\/03\/4003318798238_S71020953_P00.jpg\",\"width\":1200,\"height\":1200,\"caption\":\"S71020953_0\"},{\"@type\":\"BreadcrumbList\",\"@id\":\"https:\/\/tupique.com\/produit\/camescope-de-surveillance-abus\/#breadcrumb\",\"itemListElement\":[{\"@type\":\"ListItem\",\"position\":1,\"name\":\"In\u00edcio\",\"item\":\"https:\/\/tupique.com\/\"},{\"@type\":\"ListItem\",\"position\":2,\"name\":\"Boutique\",\"item\":\"https:\/\/tupique.com\/en\/boutique\/\"},{\"@type\":\"ListItem\",\"position\":3,\"name\":\"Camescope de surveillance ABUS\"}]},{\"@type\":\"WebSite\",\"@id\":\"https:\/\/tupique.com\/#website\",\"url\":\"https:\/\/tupique.com\/\",\"name\":\"Tupique\",\"description\":\"Marketplace\",\"publisher\":{\"@id\":\"https:\/\/tupique.com\/#organization\"},\"potentialAction\":[{\"@type\":\"SearchAction\",\"target\":{\"@type\":\"EntryPoint\",\"urlTemplate\":\"https:\/\/tupique.com\/?s={search_term_string}\"},\"query-input\":{\"@type\":\"PropertyValueSpecification\",\"valueRequired\":true,\"valueName\":\"search_term_string\"}}],\"inLanguage\":\"en-GB\"},{\"@type\":\"Organization\",\"@id\":\"https:\/\/tupique.com\/#organization\",\"name\":\"Tupique\",\"url\":\"https:\/\/tupique.com\/\",\"logo\":{\"@type\":\"ImageObject\",\"inLanguage\":\"en-GB\",\"@id\":\"https:\/\/tupique.com\/#\/schema\/logo\/image\/\",\"url\":\"https:\/\/tupique.com\/wp-content\/uploads\/2024\/09\/logo.png\",\"contentUrl\":\"https:\/\/tupique.com\/wp-content\/uploads\/2024\/09\/logo.png\",\"width\":1118,\"height\":310,\"caption\":\"Tupique\"},\"image\":{\"@id\":\"https:\/\/tupique.com\/#\/schema\/logo\/image\/\"}}]}<\/script>\n<!-- \/ Yoast SEO plugin. -->","yoast_head_json":{"title":"Camescope de surveillance ABUS - Tupique","description":"Vous cherchez Camescope de surveillance ABUS ? Achetez des produits chez Tupique. Profitez de la livraison gratuite pour obtenir Camescope de surveillance ABUS d\u00e8s maintenant.","robots":{"index":"index","follow":"follow","max-snippet":"max-snippet:-1","max-image-preview":"max-image-preview:large","max-video-preview":"max-video-preview:-1"},"canonical":"https:\/\/tupique.com\/en\/product\/camescope-de-surveillance-abus\/","og_locale":"en_GB","og_type":"article","og_title":"Camescope de surveillance ABUS - Tupique","og_description":"Vous cherchez Camescope de surveillance ABUS ? Achetez des produits chez Tupique. Profitez de la livraison gratuite pour obtenir Camescope de surveillance ABUS d\u00e8s maintenant.","og_url":"https:\/\/tupique.com\/en\/product\/camescope-de-surveillance-abus\/","og_site_name":"Tupique","article_modified_time":"2026-03-31T14:56:35+00:00","og_image":[{"width":1200,"height":1200,"url":"https:\/\/tupique.com\/wp-content\/uploads\/2026\/03\/4003318798238_S71020953_P00.jpg","type":"image\/jpeg"}],"twitter_card":"summary_large_image","schema":{"@context":"https:\/\/schema.org","@graph":[{"@type":"WebPage","@id":"https:\/\/tupique.com\/produit\/camescope-de-surveillance-abus\/","url":"https:\/\/tupique.com\/produit\/camescope-de-surveillance-abus\/","name":"Camescope de surveillance ABUS - Tupique","isPartOf":{"@id":"https:\/\/tupique.com\/#website"},"primaryImageOfPage":{"@id":"https:\/\/tupique.com\/produit\/camescope-de-surveillance-abus\/#primaryimage"},"image":{"@id":"https:\/\/tupique.com\/produit\/camescope-de-surveillance-abus\/#primaryimage"},"thumbnailUrl":"https:\/\/tupique.com\/wp-content\/uploads\/2026\/03\/4003318798238_S71020953_P00.jpg","datePublished":"2026-03-31T10:56:29+00:00","dateModified":"2026-03-31T14:56:35+00:00","description":"Vous cherchez Camescope de surveillance ABUS ? Achetez des produits chez Tupique. Profitez de la livraison gratuite pour obtenir Camescope de surveillance ABUS d\u00e8s maintenant.","breadcrumb":{"@id":"https:\/\/tupique.com\/produit\/camescope-de-surveillance-abus\/#breadcrumb"},"inLanguage":"en-GB","potentialAction":[{"@type":"ReadAction","target":["https:\/\/tupique.com\/produit\/camescope-de-surveillance-abus\/"]}]},{"@type":"ImageObject","inLanguage":"en-GB","@id":"https:\/\/tupique.com\/produit\/camescope-de-surveillance-abus\/#primaryimage","url":"https:\/\/tupique.com\/wp-content\/uploads\/2026\/03\/4003318798238_S71020953_P00.jpg","contentUrl":"https:\/\/tupique.com\/wp-content\/uploads\/2026\/03\/4003318798238_S71020953_P00.jpg","width":1200,"height":1200,"caption":"S71020953_0"},{"@type":"BreadcrumbList","@id":"https:\/\/tupique.com\/produit\/camescope-de-surveillance-abus\/#breadcrumb","itemListElement":[{"@type":"ListItem","position":1,"name":"In\u00edcio","item":"https:\/\/tupique.com\/"},{"@type":"ListItem","position":2,"name":"Boutique","item":"https:\/\/tupique.com\/en\/boutique\/"},{"@type":"ListItem","position":3,"name":"Camescope de surveillance ABUS"}]},{"@type":"WebSite","@id":"https:\/\/tupique.com\/#website","url":"https:\/\/tupique.com\/","name":"Tupique","description":"Marketplace","publisher":{"@id":"https:\/\/tupique.com\/#organization"},"potentialAction":[{"@type":"SearchAction","target":{"@type":"EntryPoint","urlTemplate":"https:\/\/tupique.com\/?s={search_term_string}"},"query-input":{"@type":"PropertyValueSpecification","valueRequired":true,"valueName":"search_term_string"}}],"inLanguage":"en-GB"},{"@type":"Organization","@id":"https:\/\/tupique.com\/#organization","name":"Tupique","url":"https:\/\/tupique.com\/","logo":{"@type":"ImageObject","inLanguage":"en-GB","@id":"https:\/\/tupique.com\/#\/schema\/logo\/image\/","url":"https:\/\/tupique.com\/wp-content\/uploads\/2024\/09\/logo.png","contentUrl":"https:\/\/tupique.com\/wp-content\/uploads\/2024\/09\/logo.png","width":1118,"height":310,"caption":"Tupique"},"image":{"@id":"https:\/\/tupique.com\/#\/schema\/logo\/image\/"}}]}},"jetpack_sharing_enabled":true,"_links":{"self":[{"href":"https:\/\/tupique.com\/en\/wp-json\/wp\/v2\/product\/4374614","targetHints":{"allow":["GET"]}}],"collection":[{"href":"https:\/\/tupique.com\/en\/wp-json\/wp\/v2\/product"}],"about":[{"href":"https:\/\/tupique.com\/en\/wp-json\/wp\/v2\/types\/product"}],"replies":[{"embeddable":true,"href":"https:\/\/tupique.com\/en\/wp-json\/wp\/v2\/comments?post=4374614"}],"wp:featuredmedia":[{"embeddable":true,"href":"https:\/\/tupique.com\/en\/wp-json\/wp\/v2\/media\/4374602"}],"wp:attachment":[{"href":"https:\/\/tupique.com\/en\/wp-json\/wp\/v2\/media?parent=4374614"}],"wp:term":[{"taxonomy":"product_brand","embeddable":true,"href":"https:\/\/tupique.com\/en\/wp-json\/wp\/v2\/product_brand?post=4374614"},{"taxonomy":"product_cat","embeddable":true,"href":"https:\/\/tupique.com\/en\/wp-json\/wp\/v2\/product_cat?post=4374614"},{"taxonomy":"product_tag","embeddable":true,"href":"https:\/\/tupique.com\/en\/wp-json\/wp\/v2\/product_tag?post=4374614"}],"curies":[{"name":"wp","href":"https:\/\/api.w.org\/{rel}","templated":true}]}}