{"id":4375195,"date":"2026-04-03T06:01:05","date_gmt":"2026-04-03T05:01:05","guid":{"rendered":"https:\/\/tupique.com\/produit\/memoire-ram-kingston-kf560c36bbek2-16-ddr5\/"},"modified":"2026-04-03T06:01:05","modified_gmt":"2026-04-03T05:01:05","slug":"memoire-ram-kingston-kf560c36bbek2-16-ddr5","status":"publish","type":"product","link":"https:\/\/tupique.com\/en\/product\/memoire-ram-kingston-kf560c36bbek2-16-ddr5\/","title":{"rendered":"M\u00e9moire RAM Kingston KF560C36BBEK2-16 DDR5"},"content":{"rendered":"<p>If you are passionate about\u2019<b>computer science and electronics<\/b>, If you're at the cutting edge of technology and don't want to miss a thing, buy <b>M\u00e9moire RAM Kingston KF560C36BBEK2-16 DDR5<\/b> at the best price.<\/p>\n<ul>\n<li>Type:\n<ul>\n<li>M\u00e9moire (RAM)<\/li>\n<li>DDR5<\/li>\n<\/ul>\n<\/li>\n<li>Format: 2 x 8 GB<\/li>\n<li>Capacit\u00e9: 16 GB<\/li>\n<li>vitesse: 6000 MHz<\/li>\n<li>Colour: Black<\/li>\n<li>Type de m\u00e9moire:\n<ul>\n<li>DDR5 SDRAM<\/li>\n<li>DDR5<\/li>\n<\/ul>\n<\/li>\n<li>RAM memory: 8 GB RAM<\/li>\n<li>R\u00e9tro-\u00e9clair\u00e9: Non<\/li>\n<li>Tension: 1,35 V<\/li>\n<li>Facteur de forme: 288-pin DIMM<\/li>\n<li>Compatible:\n<ul>\n<li>Ordinateurs<\/li>\n<li>PC\/Server<\/li>\n<\/ul>\n<\/li>\n<li>Connexions: DIMM<\/li>\n<\/ul>","protected":false},"excerpt":{"rendered":"<p>Si vous \u00eates passionn\u00e9 d&#8217;informatique et d&#8217;\u00e9lectronique, si vous \u00eates \u00e0 la pointe de la technologie et qu&#8217;aucun d\u00e9tail ne<\/p>","protected":false},"featured_media":4375192,"comment_status":"open","ping_status":"closed","template":"","meta":{"_joinchat":[]},"product_brand":[157935],"product_cat":[157516,157520,157537],"product_tag":[157515],"class_list":{"0":"post-4375195","1":"product","2":"type-product","3":"status-publish","4":"has-post-thumbnail","6":"product_brand-brandp_557","7":"product_cat-informatique-electronique","8":"product_cat-informatique-reseaux-et-composants","9":"product_cat-memoires-ram","10":"product_tag-tag_1295","12":"first","13":"instock","14":"taxable","15":"shipping-taxable","16":"purchasable","17":"product-type-simple"},"yoast_head":"<!-- This site is optimized with the Yoast SEO plugin v27.2 - https:\/\/yoast.com\/product\/yoast-seo-wordpress\/ -->\n<title>M\u00e9moire RAM Kingston KF560C36BBEK2-16 DDR5 - Tupique<\/title>\n<meta name=\"description\" content=\"Vous cherchez M\u00e9moire RAM Kingston KF560C36BBEK2-16 DDR5 ? Achetez des produits chez Tupique. Profitez de la livraison gratuite pour obtenir M\u00e9moire RAM Kingston KF560C36BBEK2-16 DDR5 d\u00e8s maintenant.\" \/>\n<meta name=\"robots\" content=\"index, follow, max-snippet:-1, max-image-preview:large, max-video-preview:-1\" \/>\n<link rel=\"canonical\" href=\"https:\/\/tupique.com\/en\/product\/memoire-ram-kingston-kf560c36bbek2-16-ddr5\/\" \/>\n<meta property=\"og:locale\" content=\"en_GB\" \/>\n<meta property=\"og:type\" content=\"article\" \/>\n<meta property=\"og:title\" content=\"M\u00e9moire RAM Kingston KF560C36BBEK2-16 DDR5 - Tupique\" \/>\n<meta property=\"og:description\" content=\"Vous cherchez M\u00e9moire RAM Kingston KF560C36BBEK2-16 DDR5 ? Achetez des produits chez Tupique. Profitez de la livraison gratuite pour obtenir M\u00e9moire RAM Kingston KF560C36BBEK2-16 DDR5 d\u00e8s maintenant.\" \/>\n<meta property=\"og:url\" content=\"https:\/\/tupique.com\/en\/product\/memoire-ram-kingston-kf560c36bbek2-16-ddr5\/\" \/>\n<meta property=\"og:site_name\" content=\"Tupique\" \/>\n<meta name=\"twitter:card\" content=\"summary_large_image\" \/>\n<script type=\"application\/ld+json\" class=\"yoast-schema-graph\">{\"@context\":\"https:\/\/schema.org\",\"@graph\":[{\"@type\":\"WebPage\",\"@id\":\"https:\/\/tupique.com\/produit\/memoire-ram-kingston-kf560c36bbek2-16-ddr5\/\",\"url\":\"https:\/\/tupique.com\/produit\/memoire-ram-kingston-kf560c36bbek2-16-ddr5\/\",\"name\":\"M\u00e9moire RAM Kingston KF560C36BBEK2-16 DDR5 - Tupique\",\"isPartOf\":{\"@id\":\"https:\/\/tupique.com\/#website\"},\"primaryImageOfPage\":{\"@id\":\"https:\/\/tupique.com\/produit\/memoire-ram-kingston-kf560c36bbek2-16-ddr5\/#primaryimage\"},\"image\":{\"@id\":\"https:\/\/tupique.com\/produit\/memoire-ram-kingston-kf560c36bbek2-16-ddr5\/#primaryimage\"},\"thumbnailUrl\":\"https:\/\/tupique.com\/wp-content\/uploads\/2026\/04\/0740617331721_R01.jpg\",\"datePublished\":\"2026-04-03T05:01:05+00:00\",\"description\":\"Vous cherchez M\u00e9moire RAM Kingston KF560C36BBEK2-16 DDR5 ? Achetez des produits chez Tupique. Profitez de la livraison gratuite pour obtenir M\u00e9moire RAM Kingston KF560C36BBEK2-16 DDR5 d\u00e8s maintenant.\",\"breadcrumb\":{\"@id\":\"https:\/\/tupique.com\/produit\/memoire-ram-kingston-kf560c36bbek2-16-ddr5\/#breadcrumb\"},\"inLanguage\":\"en-GB\",\"potentialAction\":[{\"@type\":\"ReadAction\",\"target\":[\"https:\/\/tupique.com\/produit\/memoire-ram-kingston-kf560c36bbek2-16-ddr5\/\"]}]},{\"@type\":\"ImageObject\",\"inLanguage\":\"en-GB\",\"@id\":\"https:\/\/tupique.com\/produit\/memoire-ram-kingston-kf560c36bbek2-16-ddr5\/#primaryimage\",\"url\":\"https:\/\/tupique.com\/wp-content\/uploads\/2026\/04\/0740617331721_R01.jpg\",\"contentUrl\":\"https:\/\/tupique.com\/wp-content\/uploads\/2026\/04\/0740617331721_R01.jpg\",\"width\":1200,\"height\":1200,\"caption\":\"S55173515_0\"},{\"@type\":\"BreadcrumbList\",\"@id\":\"https:\/\/tupique.com\/produit\/memoire-ram-kingston-kf560c36bbek2-16-ddr5\/#breadcrumb\",\"itemListElement\":[{\"@type\":\"ListItem\",\"position\":1,\"name\":\"In\u00edcio\",\"item\":\"https:\/\/tupique.com\/\"},{\"@type\":\"ListItem\",\"position\":2,\"name\":\"Boutique\",\"item\":\"https:\/\/tupique.com\/en\/boutique\/\"},{\"@type\":\"ListItem\",\"position\":3,\"name\":\"M\u00e9moire RAM Kingston KF560C36BBEK2-16 DDR5\"}]},{\"@type\":\"WebSite\",\"@id\":\"https:\/\/tupique.com\/#website\",\"url\":\"https:\/\/tupique.com\/\",\"name\":\"Tupique\",\"description\":\"Marketplace\",\"publisher\":{\"@id\":\"https:\/\/tupique.com\/#organization\"},\"potentialAction\":[{\"@type\":\"SearchAction\",\"target\":{\"@type\":\"EntryPoint\",\"urlTemplate\":\"https:\/\/tupique.com\/?s={search_term_string}\"},\"query-input\":{\"@type\":\"PropertyValueSpecification\",\"valueRequired\":true,\"valueName\":\"search_term_string\"}}],\"inLanguage\":\"en-GB\"},{\"@type\":\"Organization\",\"@id\":\"https:\/\/tupique.com\/#organization\",\"name\":\"Tupique\",\"url\":\"https:\/\/tupique.com\/\",\"logo\":{\"@type\":\"ImageObject\",\"inLanguage\":\"en-GB\",\"@id\":\"https:\/\/tupique.com\/#\/schema\/logo\/image\/\",\"url\":\"https:\/\/tupique.com\/wp-content\/uploads\/2024\/09\/logo.png\",\"contentUrl\":\"https:\/\/tupique.com\/wp-content\/uploads\/2024\/09\/logo.png\",\"width\":1118,\"height\":310,\"caption\":\"Tupique\"},\"image\":{\"@id\":\"https:\/\/tupique.com\/#\/schema\/logo\/image\/\"}}]}<\/script>\n<!-- \/ Yoast SEO plugin. -->","yoast_head_json":{"title":"M\u00e9moire RAM Kingston KF560C36BBEK2-16 DDR5 - Tupique","description":"Vous cherchez M\u00e9moire RAM Kingston KF560C36BBEK2-16 DDR5 ? Achetez des produits chez Tupique. Profitez de la livraison gratuite pour obtenir M\u00e9moire RAM Kingston KF560C36BBEK2-16 DDR5 d\u00e8s maintenant.","robots":{"index":"index","follow":"follow","max-snippet":"max-snippet:-1","max-image-preview":"max-image-preview:large","max-video-preview":"max-video-preview:-1"},"canonical":"https:\/\/tupique.com\/en\/product\/memoire-ram-kingston-kf560c36bbek2-16-ddr5\/","og_locale":"en_GB","og_type":"article","og_title":"M\u00e9moire RAM Kingston KF560C36BBEK2-16 DDR5 - Tupique","og_description":"Vous cherchez M\u00e9moire RAM Kingston KF560C36BBEK2-16 DDR5 ? Achetez des produits chez Tupique. Profitez de la livraison gratuite pour obtenir M\u00e9moire RAM Kingston KF560C36BBEK2-16 DDR5 d\u00e8s maintenant.","og_url":"https:\/\/tupique.com\/en\/product\/memoire-ram-kingston-kf560c36bbek2-16-ddr5\/","og_site_name":"Tupique","twitter_card":"summary_large_image","schema":{"@context":"https:\/\/schema.org","@graph":[{"@type":"WebPage","@id":"https:\/\/tupique.com\/produit\/memoire-ram-kingston-kf560c36bbek2-16-ddr5\/","url":"https:\/\/tupique.com\/produit\/memoire-ram-kingston-kf560c36bbek2-16-ddr5\/","name":"M\u00e9moire RAM Kingston KF560C36BBEK2-16 DDR5 - Tupique","isPartOf":{"@id":"https:\/\/tupique.com\/#website"},"primaryImageOfPage":{"@id":"https:\/\/tupique.com\/produit\/memoire-ram-kingston-kf560c36bbek2-16-ddr5\/#primaryimage"},"image":{"@id":"https:\/\/tupique.com\/produit\/memoire-ram-kingston-kf560c36bbek2-16-ddr5\/#primaryimage"},"thumbnailUrl":"https:\/\/tupique.com\/wp-content\/uploads\/2026\/04\/0740617331721_R01.jpg","datePublished":"2026-04-03T05:01:05+00:00","description":"Vous cherchez M\u00e9moire RAM Kingston KF560C36BBEK2-16 DDR5 ? Achetez des produits chez Tupique. Profitez de la livraison gratuite pour obtenir M\u00e9moire RAM Kingston KF560C36BBEK2-16 DDR5 d\u00e8s maintenant.","breadcrumb":{"@id":"https:\/\/tupique.com\/produit\/memoire-ram-kingston-kf560c36bbek2-16-ddr5\/#breadcrumb"},"inLanguage":"en-GB","potentialAction":[{"@type":"ReadAction","target":["https:\/\/tupique.com\/produit\/memoire-ram-kingston-kf560c36bbek2-16-ddr5\/"]}]},{"@type":"ImageObject","inLanguage":"en-GB","@id":"https:\/\/tupique.com\/produit\/memoire-ram-kingston-kf560c36bbek2-16-ddr5\/#primaryimage","url":"https:\/\/tupique.com\/wp-content\/uploads\/2026\/04\/0740617331721_R01.jpg","contentUrl":"https:\/\/tupique.com\/wp-content\/uploads\/2026\/04\/0740617331721_R01.jpg","width":1200,"height":1200,"caption":"S55173515_0"},{"@type":"BreadcrumbList","@id":"https:\/\/tupique.com\/produit\/memoire-ram-kingston-kf560c36bbek2-16-ddr5\/#breadcrumb","itemListElement":[{"@type":"ListItem","position":1,"name":"In\u00edcio","item":"https:\/\/tupique.com\/"},{"@type":"ListItem","position":2,"name":"Boutique","item":"https:\/\/tupique.com\/en\/boutique\/"},{"@type":"ListItem","position":3,"name":"M\u00e9moire RAM Kingston KF560C36BBEK2-16 DDR5"}]},{"@type":"WebSite","@id":"https:\/\/tupique.com\/#website","url":"https:\/\/tupique.com\/","name":"Tupique","description":"Marketplace","publisher":{"@id":"https:\/\/tupique.com\/#organization"},"potentialAction":[{"@type":"SearchAction","target":{"@type":"EntryPoint","urlTemplate":"https:\/\/tupique.com\/?s={search_term_string}"},"query-input":{"@type":"PropertyValueSpecification","valueRequired":true,"valueName":"search_term_string"}}],"inLanguage":"en-GB"},{"@type":"Organization","@id":"https:\/\/tupique.com\/#organization","name":"Tupique","url":"https:\/\/tupique.com\/","logo":{"@type":"ImageObject","inLanguage":"en-GB","@id":"https:\/\/tupique.com\/#\/schema\/logo\/image\/","url":"https:\/\/tupique.com\/wp-content\/uploads\/2024\/09\/logo.png","contentUrl":"https:\/\/tupique.com\/wp-content\/uploads\/2024\/09\/logo.png","width":1118,"height":310,"caption":"Tupique"},"image":{"@id":"https:\/\/tupique.com\/#\/schema\/logo\/image\/"}}]}},"jetpack_sharing_enabled":true,"_links":{"self":[{"href":"https:\/\/tupique.com\/en\/wp-json\/wp\/v2\/product\/4375195","targetHints":{"allow":["GET"]}}],"collection":[{"href":"https:\/\/tupique.com\/en\/wp-json\/wp\/v2\/product"}],"about":[{"href":"https:\/\/tupique.com\/en\/wp-json\/wp\/v2\/types\/product"}],"replies":[{"embeddable":true,"href":"https:\/\/tupique.com\/en\/wp-json\/wp\/v2\/comments?post=4375195"}],"wp:featuredmedia":[{"embeddable":true,"href":"https:\/\/tupique.com\/en\/wp-json\/wp\/v2\/media\/4375192"}],"wp:attachment":[{"href":"https:\/\/tupique.com\/en\/wp-json\/wp\/v2\/media?parent=4375195"}],"wp:term":[{"taxonomy":"product_brand","embeddable":true,"href":"https:\/\/tupique.com\/en\/wp-json\/wp\/v2\/product_brand?post=4375195"},{"taxonomy":"product_cat","embeddable":true,"href":"https:\/\/tupique.com\/en\/wp-json\/wp\/v2\/product_cat?post=4375195"},{"taxonomy":"product_tag","embeddable":true,"href":"https:\/\/tupique.com\/en\/wp-json\/wp\/v2\/product_tag?post=4375195"}],"curies":[{"name":"wp","href":"https:\/\/api.w.org\/{rel}","templated":true}]}}