{"id":4375317,"date":"2026-04-03T06:56:57","date_gmt":"2026-04-03T05:56:57","guid":{"rendered":"https:\/\/tupique.com\/produit\/canape-home-esprit-marron-208-x-86-x-88-cm\/"},"modified":"2026-04-05T04:01:08","modified_gmt":"2026-04-05T03:01:08","slug":"canape-home-esprit-marron-208-x-86-x-88-cm","status":"publish","type":"product","link":"https:\/\/tupique.com\/en\/product\/canape-home-esprit-marron-208-x-86-x-88-cm\/","title":{"rendered":"Canap\u00e9 Home ESPRIT Marron 208 x 86 x 88 cm"},"content":{"rendered":"<p>If you're looking for the latest trends on the market, we've got you covered. <b>Canap\u00e9 Home ESPRIT Marron 208 x 86 x 88 cm<\/b> !<\/p>\n<ul>\n<li>Type: Canap\u00e9<\/li>\n<li>Couleur: Marron<\/li>\n<li>Mati\u00e8re: Rotin<\/li>\n<li>\u00c9lev\u00e9: 88 cm<\/li>\n<li>Composition: Polyester<\/li>\n<li>Dimensions approx.: 208 x 86 x 88 cm<\/li>\n<\/ul>","protected":false},"excerpt":{"rendered":"<p>Si vous \u00eates \u00e0 la recherche de nouvelles tendances sur le march\u00e9, nous vous pr\u00e9sentons Canap\u00e9 Home ESPRIT Marron 208<\/p>","protected":false},"featured_media":4375309,"comment_status":"open","ping_status":"closed","template":"","meta":{"_joinchat":[]},"product_brand":[157948],"product_cat":[157917,157535,157577],"product_tag":[157576],"class_list":{"0":"post-4375317","1":"product","2":"type-product","3":"status-publish","4":"has-post-thumbnail","6":"product_brand-brandp_8520","7":"product_cat-canapes-et-canapes-lits","8":"product_cat-maison-jardin","9":"product_cat-mobilier","10":"product_tag-tag_1279","12":"first","13":"instock","14":"taxable","15":"shipping-taxable","16":"purchasable","17":"product-type-simple"},"yoast_head":"<!-- This site is optimized with the Yoast SEO plugin v27.2 - https:\/\/yoast.com\/product\/yoast-seo-wordpress\/ -->\n<title>Canap\u00e9 Home ESPRIT Marron 208 x 86 x 88 cm - Tupique<\/title>\n<meta name=\"description\" content=\"Vous cherchez Canap\u00e9 Home ESPRIT Marron 208 x 86 x 88 cm ? Achetez des produits chez Tupique. Profitez de la livraison gratuite pour obtenir Canap\u00e9 Home ESPRIT Marron 208 x 86 x 88 cm d\u00e8s maintenant.\" \/>\n<meta name=\"robots\" content=\"index, follow, max-snippet:-1, max-image-preview:large, max-video-preview:-1\" \/>\n<link rel=\"canonical\" href=\"https:\/\/tupique.com\/en\/product\/canape-home-esprit-marron-208-x-86-x-88-cm\/\" \/>\n<meta property=\"og:locale\" content=\"en_GB\" \/>\n<meta property=\"og:type\" content=\"article\" \/>\n<meta property=\"og:title\" content=\"Canap\u00e9 Home ESPRIT Marron 208 x 86 x 88 cm - Tupique\" \/>\n<meta property=\"og:description\" content=\"Vous cherchez Canap\u00e9 Home ESPRIT Marron 208 x 86 x 88 cm ? Achetez des produits chez Tupique. Profitez de la livraison gratuite pour obtenir Canap\u00e9 Home ESPRIT Marron 208 x 86 x 88 cm d\u00e8s maintenant.\" \/>\n<meta property=\"og:url\" content=\"https:\/\/tupique.com\/en\/product\/canape-home-esprit-marron-208-x-86-x-88-cm\/\" \/>\n<meta property=\"og:site_name\" content=\"Tupique\" \/>\n<meta property=\"article:modified_time\" content=\"2026-04-05T03:01:08+00:00\" \/>\n<meta name=\"twitter:card\" content=\"summary_large_image\" \/>\n<script type=\"application\/ld+json\" class=\"yoast-schema-graph\">{\"@context\":\"https:\/\/schema.org\",\"@graph\":[{\"@type\":\"WebPage\",\"@id\":\"https:\/\/tupique.com\/produit\/canape-home-esprit-marron-208-x-86-x-88-cm\/\",\"url\":\"https:\/\/tupique.com\/produit\/canape-home-esprit-marron-208-x-86-x-88-cm\/\",\"name\":\"Canap\u00e9 Home ESPRIT Marron 208 x 86 x 88 cm - Tupique\",\"isPartOf\":{\"@id\":\"https:\/\/tupique.com\/#website\"},\"primaryImageOfPage\":{\"@id\":\"https:\/\/tupique.com\/produit\/canape-home-esprit-marron-208-x-86-x-88-cm\/#primaryimage\"},\"image\":{\"@id\":\"https:\/\/tupique.com\/produit\/canape-home-esprit-marron-208-x-86-x-88-cm\/#primaryimage\"},\"thumbnailUrl\":\"https:\/\/tupique.com\/wp-content\/uploads\/2026\/04\/8424002117191_S3059786_P10.jpg\",\"datePublished\":\"2026-04-03T05:56:57+00:00\",\"dateModified\":\"2026-04-05T03:01:08+00:00\",\"description\":\"Vous cherchez Canap\u00e9 Home ESPRIT Marron 208 x 86 x 88 cm ? Achetez des produits chez Tupique. Profitez de la livraison gratuite pour obtenir Canap\u00e9 Home ESPRIT Marron 208 x 86 x 88 cm d\u00e8s maintenant.\",\"breadcrumb\":{\"@id\":\"https:\/\/tupique.com\/produit\/canape-home-esprit-marron-208-x-86-x-88-cm\/#breadcrumb\"},\"inLanguage\":\"en-GB\",\"potentialAction\":[{\"@type\":\"ReadAction\",\"target\":[\"https:\/\/tupique.com\/produit\/canape-home-esprit-marron-208-x-86-x-88-cm\/\"]}]},{\"@type\":\"ImageObject\",\"inLanguage\":\"en-GB\",\"@id\":\"https:\/\/tupique.com\/produit\/canape-home-esprit-marron-208-x-86-x-88-cm\/#primaryimage\",\"url\":\"https:\/\/tupique.com\/wp-content\/uploads\/2026\/04\/8424002117191_S3059786_P10.jpg\",\"contentUrl\":\"https:\/\/tupique.com\/wp-content\/uploads\/2026\/04\/8424002117191_S3059786_P10.jpg\",\"width\":1200,\"height\":1200,\"caption\":\"S3059786_0\"},{\"@type\":\"BreadcrumbList\",\"@id\":\"https:\/\/tupique.com\/produit\/canape-home-esprit-marron-208-x-86-x-88-cm\/#breadcrumb\",\"itemListElement\":[{\"@type\":\"ListItem\",\"position\":1,\"name\":\"In\u00edcio\",\"item\":\"https:\/\/tupique.com\/\"},{\"@type\":\"ListItem\",\"position\":2,\"name\":\"Boutique\",\"item\":\"https:\/\/tupique.com\/en\/boutique\/\"},{\"@type\":\"ListItem\",\"position\":3,\"name\":\"Canap\u00e9 Home ESPRIT Marron 208 x 86 x 88 cm\"}]},{\"@type\":\"WebSite\",\"@id\":\"https:\/\/tupique.com\/#website\",\"url\":\"https:\/\/tupique.com\/\",\"name\":\"Tupique\",\"description\":\"Marketplace\",\"publisher\":{\"@id\":\"https:\/\/tupique.com\/#organization\"},\"potentialAction\":[{\"@type\":\"SearchAction\",\"target\":{\"@type\":\"EntryPoint\",\"urlTemplate\":\"https:\/\/tupique.com\/?s={search_term_string}\"},\"query-input\":{\"@type\":\"PropertyValueSpecification\",\"valueRequired\":true,\"valueName\":\"search_term_string\"}}],\"inLanguage\":\"en-GB\"},{\"@type\":\"Organization\",\"@id\":\"https:\/\/tupique.com\/#organization\",\"name\":\"Tupique\",\"url\":\"https:\/\/tupique.com\/\",\"logo\":{\"@type\":\"ImageObject\",\"inLanguage\":\"en-GB\",\"@id\":\"https:\/\/tupique.com\/#\/schema\/logo\/image\/\",\"url\":\"https:\/\/tupique.com\/wp-content\/uploads\/2024\/09\/logo.png\",\"contentUrl\":\"https:\/\/tupique.com\/wp-content\/uploads\/2024\/09\/logo.png\",\"width\":1118,\"height\":310,\"caption\":\"Tupique\"},\"image\":{\"@id\":\"https:\/\/tupique.com\/#\/schema\/logo\/image\/\"}}]}<\/script>\n<!-- \/ Yoast SEO plugin. -->","yoast_head_json":{"title":"Canap\u00e9 Home ESPRIT Marron 208 x 86 x 88 cm - Tupique","description":"Vous cherchez Canap\u00e9 Home ESPRIT Marron 208 x 86 x 88 cm ? Achetez des produits chez Tupique. Profitez de la livraison gratuite pour obtenir Canap\u00e9 Home ESPRIT Marron 208 x 86 x 88 cm d\u00e8s maintenant.","robots":{"index":"index","follow":"follow","max-snippet":"max-snippet:-1","max-image-preview":"max-image-preview:large","max-video-preview":"max-video-preview:-1"},"canonical":"https:\/\/tupique.com\/en\/product\/canape-home-esprit-marron-208-x-86-x-88-cm\/","og_locale":"en_GB","og_type":"article","og_title":"Canap\u00e9 Home ESPRIT Marron 208 x 86 x 88 cm - Tupique","og_description":"Vous cherchez Canap\u00e9 Home ESPRIT Marron 208 x 86 x 88 cm ? Achetez des produits chez Tupique. Profitez de la livraison gratuite pour obtenir Canap\u00e9 Home ESPRIT Marron 208 x 86 x 88 cm d\u00e8s maintenant.","og_url":"https:\/\/tupique.com\/en\/product\/canape-home-esprit-marron-208-x-86-x-88-cm\/","og_site_name":"Tupique","article_modified_time":"2026-04-05T03:01:08+00:00","twitter_card":"summary_large_image","schema":{"@context":"https:\/\/schema.org","@graph":[{"@type":"WebPage","@id":"https:\/\/tupique.com\/produit\/canape-home-esprit-marron-208-x-86-x-88-cm\/","url":"https:\/\/tupique.com\/produit\/canape-home-esprit-marron-208-x-86-x-88-cm\/","name":"Canap\u00e9 Home ESPRIT Marron 208 x 86 x 88 cm - Tupique","isPartOf":{"@id":"https:\/\/tupique.com\/#website"},"primaryImageOfPage":{"@id":"https:\/\/tupique.com\/produit\/canape-home-esprit-marron-208-x-86-x-88-cm\/#primaryimage"},"image":{"@id":"https:\/\/tupique.com\/produit\/canape-home-esprit-marron-208-x-86-x-88-cm\/#primaryimage"},"thumbnailUrl":"https:\/\/tupique.com\/wp-content\/uploads\/2026\/04\/8424002117191_S3059786_P10.jpg","datePublished":"2026-04-03T05:56:57+00:00","dateModified":"2026-04-05T03:01:08+00:00","description":"Vous cherchez Canap\u00e9 Home ESPRIT Marron 208 x 86 x 88 cm ? Achetez des produits chez Tupique. Profitez de la livraison gratuite pour obtenir Canap\u00e9 Home ESPRIT Marron 208 x 86 x 88 cm d\u00e8s maintenant.","breadcrumb":{"@id":"https:\/\/tupique.com\/produit\/canape-home-esprit-marron-208-x-86-x-88-cm\/#breadcrumb"},"inLanguage":"en-GB","potentialAction":[{"@type":"ReadAction","target":["https:\/\/tupique.com\/produit\/canape-home-esprit-marron-208-x-86-x-88-cm\/"]}]},{"@type":"ImageObject","inLanguage":"en-GB","@id":"https:\/\/tupique.com\/produit\/canape-home-esprit-marron-208-x-86-x-88-cm\/#primaryimage","url":"https:\/\/tupique.com\/wp-content\/uploads\/2026\/04\/8424002117191_S3059786_P10.jpg","contentUrl":"https:\/\/tupique.com\/wp-content\/uploads\/2026\/04\/8424002117191_S3059786_P10.jpg","width":1200,"height":1200,"caption":"S3059786_0"},{"@type":"BreadcrumbList","@id":"https:\/\/tupique.com\/produit\/canape-home-esprit-marron-208-x-86-x-88-cm\/#breadcrumb","itemListElement":[{"@type":"ListItem","position":1,"name":"In\u00edcio","item":"https:\/\/tupique.com\/"},{"@type":"ListItem","position":2,"name":"Boutique","item":"https:\/\/tupique.com\/en\/boutique\/"},{"@type":"ListItem","position":3,"name":"Canap\u00e9 Home ESPRIT Marron 208 x 86 x 88 cm"}]},{"@type":"WebSite","@id":"https:\/\/tupique.com\/#website","url":"https:\/\/tupique.com\/","name":"Tupique","description":"Marketplace","publisher":{"@id":"https:\/\/tupique.com\/#organization"},"potentialAction":[{"@type":"SearchAction","target":{"@type":"EntryPoint","urlTemplate":"https:\/\/tupique.com\/?s={search_term_string}"},"query-input":{"@type":"PropertyValueSpecification","valueRequired":true,"valueName":"search_term_string"}}],"inLanguage":"en-GB"},{"@type":"Organization","@id":"https:\/\/tupique.com\/#organization","name":"Tupique","url":"https:\/\/tupique.com\/","logo":{"@type":"ImageObject","inLanguage":"en-GB","@id":"https:\/\/tupique.com\/#\/schema\/logo\/image\/","url":"https:\/\/tupique.com\/wp-content\/uploads\/2024\/09\/logo.png","contentUrl":"https:\/\/tupique.com\/wp-content\/uploads\/2024\/09\/logo.png","width":1118,"height":310,"caption":"Tupique"},"image":{"@id":"https:\/\/tupique.com\/#\/schema\/logo\/image\/"}}]}},"jetpack_sharing_enabled":true,"_links":{"self":[{"href":"https:\/\/tupique.com\/en\/wp-json\/wp\/v2\/product\/4375317","targetHints":{"allow":["GET"]}}],"collection":[{"href":"https:\/\/tupique.com\/en\/wp-json\/wp\/v2\/product"}],"about":[{"href":"https:\/\/tupique.com\/en\/wp-json\/wp\/v2\/types\/product"}],"replies":[{"embeddable":true,"href":"https:\/\/tupique.com\/en\/wp-json\/wp\/v2\/comments?post=4375317"}],"wp:featuredmedia":[{"embeddable":true,"href":"https:\/\/tupique.com\/en\/wp-json\/wp\/v2\/media\/4375309"}],"wp:attachment":[{"href":"https:\/\/tupique.com\/en\/wp-json\/wp\/v2\/media?parent=4375317"}],"wp:term":[{"taxonomy":"product_brand","embeddable":true,"href":"https:\/\/tupique.com\/en\/wp-json\/wp\/v2\/product_brand?post=4375317"},{"taxonomy":"product_cat","embeddable":true,"href":"https:\/\/tupique.com\/en\/wp-json\/wp\/v2\/product_cat?post=4375317"},{"taxonomy":"product_tag","embeddable":true,"href":"https:\/\/tupique.com\/en\/wp-json\/wp\/v2\/product_tag?post=4375317"}],"curies":[{"name":"wp","href":"https:\/\/api.w.org\/{rel}","templated":true}]}}