{"id":4375887,"date":"2026-04-03T14:55:43","date_gmt":"2026-04-03T13:55:43","guid":{"rendered":"https:\/\/tupique.com\/produit\/imprimante-a-billets-epson-c31cf70301\/"},"modified":"2026-04-05T01:57:43","modified_gmt":"2026-04-05T00:57:43","slug":"imprimante-a-billets-epson-c31cf70301","status":"publish","type":"product","link":"https:\/\/tupique.com\/en\/product\/imprimante-a-billets-epson-c31cf70301\/","title":{"rendered":"Imprimante \u00e0 Billets Epson C31CF70301"},"content":{"rendered":"<p>If you are passionate about\u2019<b>computer science and electronics<\/b>, If you're at the cutting edge of technology and don't want to miss a thing, buy <b>Imprimante \u00e0 Billets Epson C31CF70301<\/b> at the best price.<\/p>\n<ul>\n<li>Type:\n<ul>\n<li>With wire<\/li>\n<li>Imprimante \u00e0 Billets<\/li>\n<li>Prise Femelle\/Prise Femelle<\/li>\n<li>TPV<\/li>\n<\/ul>\n<\/li>\n<li>Plug-in product: Yes<\/li>\n<li>Connections:\n<ul>\n<li>Ethernet LAN<\/li>\n<li>USB B<\/li>\n<li>USB<\/li>\n<li>USB 2.0<\/li>\n<li>RJ45<\/li>\n<li>USB B x 1<\/li>\n<\/ul>\n<\/li>\n<li>Socket type: EU socket<\/li>\n<li>Bloc d\u2019Alimentation:\n<ul>\n<li>r\u00e9seau \u00e9lectrique<\/li>\n<li>C\u00e2ble<\/li>\n<li>Cordon d&#8217;alimentation CA<\/li>\n<li>With wire<\/li>\n<\/ul>\n<\/li>\n<li>Colour: Black<\/li>\n<li>speed:\n<ul>\n<li>10 Gbit\/s<\/li>\n<li>10\/100 Mbps<\/li>\n<\/ul>\n<\/li>\n<li>Technology:\n<ul>\n<li>Injection d&#8217;encre<\/li>\n<li>Imprimante Thermique<\/li>\n<\/ul>\n<\/li>\n<li>Ann\u00e9e: 2017<\/li>\n<li>Shape: Round<\/li>\n<li>Tension: 24 V<\/li>\n<li>Colour printing: No<\/li>\n<li>Connectivit\u00e9: Ethernet LAN<\/li>\n<li>Niveau sonore: 55 dB<\/li>\n<li>Non Inclus: Wi-Fi<\/li>\n<li>Accuracy (relative humidity): 20 % - 80 %<\/li>\n<li>Temp\u00e9rature approximative: -20\u00ba \/ 40\u00ba<\/li>\n<\/ul>","protected":false},"excerpt":{"rendered":"<p>Si vous \u00eates passionn\u00e9 d&#8217;informatique et d&#8217;\u00e9lectronique, si vous \u00eates \u00e0 la pointe de la technologie et qu&#8217;aucun d\u00e9tail ne<\/p>","protected":false},"featured_media":4375886,"comment_status":"open","ping_status":"closed","template":"","meta":{"_joinchat":[]},"product_brand":[157910],"product_cat":[157812,157516,157517],"product_tag":[157531],"class_list":{"0":"post-4375887","1":"product","2":"type-product","3":"status-publish","4":"has-post-thumbnail","6":"product_brand-brandp_547","7":"product_cat-imprimantes","8":"product_cat-informatique-electronique","9":"product_cat-informatique-peripheriques-et-consommables","10":"product_tag-tag_25","12":"first","13":"instock","14":"taxable","15":"shipping-taxable","16":"purchasable","17":"product-type-simple"},"yoast_head":"<!-- This site is optimized with the Yoast SEO plugin v27.2 - https:\/\/yoast.com\/product\/yoast-seo-wordpress\/ -->\n<title>Imprimante \u00e0 Billets Epson C31CF70301 - Tupique<\/title>\n<meta name=\"description\" content=\"Vous cherchez Imprimante \u00e0 Billets Epson C31CF70301 ? Achetez des produits chez Tupique. Profitez de la livraison gratuite pour obtenir Imprimante \u00e0 Billets Epson C31CF70301 d\u00e8s maintenant.\" \/>\n<meta name=\"robots\" content=\"index, follow, max-snippet:-1, max-image-preview:large, max-video-preview:-1\" \/>\n<link rel=\"canonical\" href=\"https:\/\/tupique.com\/en\/product\/imprimante-a-billets-epson-c31cf70301\/\" \/>\n<meta property=\"og:locale\" content=\"en_GB\" \/>\n<meta property=\"og:type\" content=\"article\" \/>\n<meta property=\"og:title\" content=\"Imprimante \u00e0 Billets Epson C31CF70301 - Tupique\" \/>\n<meta property=\"og:description\" content=\"Vous cherchez Imprimante \u00e0 Billets Epson C31CF70301 ? Achetez des produits chez Tupique. Profitez de la livraison gratuite pour obtenir Imprimante \u00e0 Billets Epson C31CF70301 d\u00e8s maintenant.\" \/>\n<meta property=\"og:url\" content=\"https:\/\/tupique.com\/en\/product\/imprimante-a-billets-epson-c31cf70301\/\" \/>\n<meta property=\"og:site_name\" content=\"Tupique\" \/>\n<meta property=\"article:modified_time\" content=\"2026-04-05T00:57:43+00:00\" \/>\n<meta property=\"og:image\" content=\"https:\/\/tupique.com\/wp-content\/uploads\/2026\/04\/370094371.jpg\" \/>\n\t<meta property=\"og:image:width\" content=\"1200\" \/>\n\t<meta property=\"og:image:height\" content=\"1200\" \/>\n\t<meta property=\"og:image:type\" content=\"image\/jpeg\" \/>\n<meta name=\"twitter:card\" content=\"summary_large_image\" \/>\n<script type=\"application\/ld+json\" class=\"yoast-schema-graph\">{\"@context\":\"https:\/\/schema.org\",\"@graph\":[{\"@type\":\"WebPage\",\"@id\":\"https:\/\/tupique.com\/produit\/imprimante-a-billets-epson-c31cf70301\/\",\"url\":\"https:\/\/tupique.com\/produit\/imprimante-a-billets-epson-c31cf70301\/\",\"name\":\"Imprimante \u00e0 Billets Epson C31CF70301 - Tupique\",\"isPartOf\":{\"@id\":\"https:\/\/tupique.com\/#website\"},\"primaryImageOfPage\":{\"@id\":\"https:\/\/tupique.com\/produit\/imprimante-a-billets-epson-c31cf70301\/#primaryimage\"},\"image\":{\"@id\":\"https:\/\/tupique.com\/produit\/imprimante-a-billets-epson-c31cf70301\/#primaryimage\"},\"thumbnailUrl\":\"https:\/\/tupique.com\/wp-content\/uploads\/2026\/04\/370094371.jpg\",\"datePublished\":\"2026-04-03T13:55:43+00:00\",\"dateModified\":\"2026-04-05T00:57:43+00:00\",\"description\":\"Vous cherchez Imprimante \u00e0 Billets Epson C31CF70301 ? Achetez des produits chez Tupique. Profitez de la livraison gratuite pour obtenir Imprimante \u00e0 Billets Epson C31CF70301 d\u00e8s maintenant.\",\"breadcrumb\":{\"@id\":\"https:\/\/tupique.com\/produit\/imprimante-a-billets-epson-c31cf70301\/#breadcrumb\"},\"inLanguage\":\"en-GB\",\"potentialAction\":[{\"@type\":\"ReadAction\",\"target\":[\"https:\/\/tupique.com\/produit\/imprimante-a-billets-epson-c31cf70301\/\"]}]},{\"@type\":\"ImageObject\",\"inLanguage\":\"en-GB\",\"@id\":\"https:\/\/tupique.com\/produit\/imprimante-a-billets-epson-c31cf70301\/#primaryimage\",\"url\":\"https:\/\/tupique.com\/wp-content\/uploads\/2026\/04\/370094371.jpg\",\"contentUrl\":\"https:\/\/tupique.com\/wp-content\/uploads\/2026\/04\/370094371.jpg\",\"width\":1200,\"height\":1200,\"caption\":\"S55081527_0\"},{\"@type\":\"BreadcrumbList\",\"@id\":\"https:\/\/tupique.com\/produit\/imprimante-a-billets-epson-c31cf70301\/#breadcrumb\",\"itemListElement\":[{\"@type\":\"ListItem\",\"position\":1,\"name\":\"In\u00edcio\",\"item\":\"https:\/\/tupique.com\/\"},{\"@type\":\"ListItem\",\"position\":2,\"name\":\"Boutique\",\"item\":\"https:\/\/tupique.com\/en\/boutique\/\"},{\"@type\":\"ListItem\",\"position\":3,\"name\":\"Imprimante \u00e0 Billets Epson C31CF70301\"}]},{\"@type\":\"WebSite\",\"@id\":\"https:\/\/tupique.com\/#website\",\"url\":\"https:\/\/tupique.com\/\",\"name\":\"Tupique\",\"description\":\"Marketplace\",\"publisher\":{\"@id\":\"https:\/\/tupique.com\/#organization\"},\"potentialAction\":[{\"@type\":\"SearchAction\",\"target\":{\"@type\":\"EntryPoint\",\"urlTemplate\":\"https:\/\/tupique.com\/?s={search_term_string}\"},\"query-input\":{\"@type\":\"PropertyValueSpecification\",\"valueRequired\":true,\"valueName\":\"search_term_string\"}}],\"inLanguage\":\"en-GB\"},{\"@type\":\"Organization\",\"@id\":\"https:\/\/tupique.com\/#organization\",\"name\":\"Tupique\",\"url\":\"https:\/\/tupique.com\/\",\"logo\":{\"@type\":\"ImageObject\",\"inLanguage\":\"en-GB\",\"@id\":\"https:\/\/tupique.com\/#\/schema\/logo\/image\/\",\"url\":\"https:\/\/tupique.com\/wp-content\/uploads\/2024\/09\/logo.png\",\"contentUrl\":\"https:\/\/tupique.com\/wp-content\/uploads\/2024\/09\/logo.png\",\"width\":1118,\"height\":310,\"caption\":\"Tupique\"},\"image\":{\"@id\":\"https:\/\/tupique.com\/#\/schema\/logo\/image\/\"}}]}<\/script>\n<!-- \/ Yoast SEO plugin. -->","yoast_head_json":{"title":"Imprimante \u00e0 Billets Epson C31CF70301 - Tupique","description":"Vous cherchez Imprimante \u00e0 Billets Epson C31CF70301 ? Achetez des produits chez Tupique. Profitez de la livraison gratuite pour obtenir Imprimante \u00e0 Billets Epson C31CF70301 d\u00e8s maintenant.","robots":{"index":"index","follow":"follow","max-snippet":"max-snippet:-1","max-image-preview":"max-image-preview:large","max-video-preview":"max-video-preview:-1"},"canonical":"https:\/\/tupique.com\/en\/product\/imprimante-a-billets-epson-c31cf70301\/","og_locale":"en_GB","og_type":"article","og_title":"Imprimante \u00e0 Billets Epson C31CF70301 - Tupique","og_description":"Vous cherchez Imprimante \u00e0 Billets Epson C31CF70301 ? Achetez des produits chez Tupique. Profitez de la livraison gratuite pour obtenir Imprimante \u00e0 Billets Epson C31CF70301 d\u00e8s maintenant.","og_url":"https:\/\/tupique.com\/en\/product\/imprimante-a-billets-epson-c31cf70301\/","og_site_name":"Tupique","article_modified_time":"2026-04-05T00:57:43+00:00","og_image":[{"width":1200,"height":1200,"url":"https:\/\/tupique.com\/wp-content\/uploads\/2026\/04\/370094371.jpg","type":"image\/jpeg"}],"twitter_card":"summary_large_image","schema":{"@context":"https:\/\/schema.org","@graph":[{"@type":"WebPage","@id":"https:\/\/tupique.com\/produit\/imprimante-a-billets-epson-c31cf70301\/","url":"https:\/\/tupique.com\/produit\/imprimante-a-billets-epson-c31cf70301\/","name":"Imprimante \u00e0 Billets Epson C31CF70301 - Tupique","isPartOf":{"@id":"https:\/\/tupique.com\/#website"},"primaryImageOfPage":{"@id":"https:\/\/tupique.com\/produit\/imprimante-a-billets-epson-c31cf70301\/#primaryimage"},"image":{"@id":"https:\/\/tupique.com\/produit\/imprimante-a-billets-epson-c31cf70301\/#primaryimage"},"thumbnailUrl":"https:\/\/tupique.com\/wp-content\/uploads\/2026\/04\/370094371.jpg","datePublished":"2026-04-03T13:55:43+00:00","dateModified":"2026-04-05T00:57:43+00:00","description":"Vous cherchez Imprimante \u00e0 Billets Epson C31CF70301 ? Achetez des produits chez Tupique. Profitez de la livraison gratuite pour obtenir Imprimante \u00e0 Billets Epson C31CF70301 d\u00e8s maintenant.","breadcrumb":{"@id":"https:\/\/tupique.com\/produit\/imprimante-a-billets-epson-c31cf70301\/#breadcrumb"},"inLanguage":"en-GB","potentialAction":[{"@type":"ReadAction","target":["https:\/\/tupique.com\/produit\/imprimante-a-billets-epson-c31cf70301\/"]}]},{"@type":"ImageObject","inLanguage":"en-GB","@id":"https:\/\/tupique.com\/produit\/imprimante-a-billets-epson-c31cf70301\/#primaryimage","url":"https:\/\/tupique.com\/wp-content\/uploads\/2026\/04\/370094371.jpg","contentUrl":"https:\/\/tupique.com\/wp-content\/uploads\/2026\/04\/370094371.jpg","width":1200,"height":1200,"caption":"S55081527_0"},{"@type":"BreadcrumbList","@id":"https:\/\/tupique.com\/produit\/imprimante-a-billets-epson-c31cf70301\/#breadcrumb","itemListElement":[{"@type":"ListItem","position":1,"name":"In\u00edcio","item":"https:\/\/tupique.com\/"},{"@type":"ListItem","position":2,"name":"Boutique","item":"https:\/\/tupique.com\/en\/boutique\/"},{"@type":"ListItem","position":3,"name":"Imprimante \u00e0 Billets Epson C31CF70301"}]},{"@type":"WebSite","@id":"https:\/\/tupique.com\/#website","url":"https:\/\/tupique.com\/","name":"Tupique","description":"Marketplace","publisher":{"@id":"https:\/\/tupique.com\/#organization"},"potentialAction":[{"@type":"SearchAction","target":{"@type":"EntryPoint","urlTemplate":"https:\/\/tupique.com\/?s={search_term_string}"},"query-input":{"@type":"PropertyValueSpecification","valueRequired":true,"valueName":"search_term_string"}}],"inLanguage":"en-GB"},{"@type":"Organization","@id":"https:\/\/tupique.com\/#organization","name":"Tupique","url":"https:\/\/tupique.com\/","logo":{"@type":"ImageObject","inLanguage":"en-GB","@id":"https:\/\/tupique.com\/#\/schema\/logo\/image\/","url":"https:\/\/tupique.com\/wp-content\/uploads\/2024\/09\/logo.png","contentUrl":"https:\/\/tupique.com\/wp-content\/uploads\/2024\/09\/logo.png","width":1118,"height":310,"caption":"Tupique"},"image":{"@id":"https:\/\/tupique.com\/#\/schema\/logo\/image\/"}}]}},"jetpack_sharing_enabled":true,"_links":{"self":[{"href":"https:\/\/tupique.com\/en\/wp-json\/wp\/v2\/product\/4375887","targetHints":{"allow":["GET"]}}],"collection":[{"href":"https:\/\/tupique.com\/en\/wp-json\/wp\/v2\/product"}],"about":[{"href":"https:\/\/tupique.com\/en\/wp-json\/wp\/v2\/types\/product"}],"replies":[{"embeddable":true,"href":"https:\/\/tupique.com\/en\/wp-json\/wp\/v2\/comments?post=4375887"}],"wp:featuredmedia":[{"embeddable":true,"href":"https:\/\/tupique.com\/en\/wp-json\/wp\/v2\/media\/4375886"}],"wp:attachment":[{"href":"https:\/\/tupique.com\/en\/wp-json\/wp\/v2\/media?parent=4375887"}],"wp:term":[{"taxonomy":"product_brand","embeddable":true,"href":"https:\/\/tupique.com\/en\/wp-json\/wp\/v2\/product_brand?post=4375887"},{"taxonomy":"product_cat","embeddable":true,"href":"https:\/\/tupique.com\/en\/wp-json\/wp\/v2\/product_cat?post=4375887"},{"taxonomy":"product_tag","embeddable":true,"href":"https:\/\/tupique.com\/en\/wp-json\/wp\/v2\/product_tag?post=4375887"}],"curies":[{"name":"wp","href":"https:\/\/api.w.org\/{rel}","templated":true}]}}