{"id":4376060,"date":"2026-04-03T22:57:43","date_gmt":"2026-04-03T21:57:43","guid":{"rendered":"https:\/\/tupique.com\/produit\/nintendo-switch-nintendo-switch-oled\/"},"modified":"2026-04-06T13:56:58","modified_gmt":"2026-04-06T12:56:58","slug":"nintendo-switch-nintendo-switch-oled","status":"publish","type":"product","link":"https:\/\/tupique.com\/en\/product\/nintendo-switch-nintendo-switch-oled\/","title":{"rendered":"Nintendo Switch Nintendo Switch OLED"},"content":{"rendered":"<p>If you are passionate about\u2019<b>computer science and electronics<\/b>, If you're at the cutting edge of technology and don't want to miss a thing, buy <b>Nintendo Switch Nintendo Switch OLED<\/b> at the best price.<\/p>\n<ul>\n<li>R\u00e9solution (px): 1280 x 720 px<\/li>\n<li>Fonctions: Acc\u00e9l\u00e9rom\u00e8tre<\/li>\n<li>Colour: Black<\/li>\n<li>Pays \/ r\u00e9gion de fabrication: Espagne<\/li>\n<li>Features:\n<ul>\n<li>Touch screen<\/li>\n<li>Lecteur de Cartes<\/li>\n<\/ul>\n<\/li>\n<li>Connections:\n<ul>\n<li>HDMI<\/li>\n<li>USB<\/li>\n<li>USB-C<\/li>\n<li>3.5 mm jack<\/li>\n<li>C\u00e2ble jack 3,3 mm<\/li>\n<\/ul>\n<\/li>\n<li>Connectivity:\n<ul>\n<li>Bluetooth<\/li>\n<li>Wi-Fi<\/li>\n<li>Bluetooth 4.1<\/li>\n<\/ul>\n<\/li>\n<li>Disque dur: 64 GB<\/li>\n<li>Ecran: 7&#8243;<\/li>\n<li>Temps de charge approx.: 3 heures<\/li>\n<li>Control: Buttons<\/li>\n<li>Taille maximale de la carte m\u00e9moire: 2 TB<\/li>\n<li>Technology:\n<ul>\n<li>OLED<\/li>\n<li>Capacitive<\/li>\n<\/ul>\n<\/li>\n<li>Includes:\n<ul>\n<li>Battery charger<\/li>\n<li>User manual<\/li>\n<\/ul>\n<\/li>\n<li>Fonctionne \u00e0 piles: 1 Litio Ion, incluidas<\/li>\n<li>Accuracy (relative humidity): 20 % - 80 %<\/li>\n<li>Battery type: Litio Ion<\/li>\n<li>Cartes M\u00e9moire Compatibles: MicroSD (TransFlash),MicroSDHC,MicroSDXC<\/li>\n<\/ul>","protected":false},"excerpt":{"rendered":"<p>Si vous \u00eates passionn\u00e9 d&#8217;informatique et d&#8217;\u00e9lectronique, si vous \u00eates \u00e0 la pointe de la technologie et qu&#8217;aucun d\u00e9tail ne<\/p>","protected":false},"featured_media":4381183,"comment_status":"open","ping_status":"closed","template":"","meta":{"_joinchat":[]},"product_brand":[157992],"product_cat":[157991,157611,157516],"product_tag":[157546,157835],"class_list":{"0":"post-4376060","1":"product","2":"type-product","3":"status-publish","4":"has-post-thumbnail","6":"product_brand-brandp_1156","7":"product_cat-consoles","8":"product_cat-electronique-jouets-electroniques","9":"product_cat-informatique-electronique","10":"product_tag-tag_1304","11":"product_tag-tag_29","13":"first","14":"outofstock","15":"taxable","16":"shipping-taxable","17":"purchasable","18":"product-type-simple"},"yoast_head":"<!-- This site is optimized with the Yoast SEO plugin v27.2 - https:\/\/yoast.com\/product\/yoast-seo-wordpress\/ -->\n<title>Nintendo Switch Nintendo Switch OLED - Tupique<\/title>\n<meta name=\"description\" content=\"Vous cherchez Nintendo Switch Nintendo Switch OLED ? Achetez des produits chez Tupique. Profitez de la livraison gratuite pour obtenir Nintendo Switch Nintendo Switch OLED d\u00e8s maintenant.\" \/>\n<meta name=\"robots\" content=\"index, follow, max-snippet:-1, max-image-preview:large, max-video-preview:-1\" \/>\n<link rel=\"canonical\" href=\"https:\/\/tupique.com\/en\/product\/nintendo-switch-nintendo-switch-oled\/\" \/>\n<meta property=\"og:locale\" content=\"en_GB\" \/>\n<meta property=\"og:type\" content=\"article\" \/>\n<meta property=\"og:title\" content=\"Nintendo Switch Nintendo Switch OLED - Tupique\" \/>\n<meta property=\"og:description\" content=\"Vous cherchez Nintendo Switch Nintendo Switch OLED ? Achetez des produits chez Tupique. Profitez de la livraison gratuite pour obtenir Nintendo Switch Nintendo Switch OLED d\u00e8s maintenant.\" \/>\n<meta property=\"og:url\" content=\"https:\/\/tupique.com\/en\/product\/nintendo-switch-nintendo-switch-oled\/\" \/>\n<meta property=\"og:site_name\" content=\"Tupique\" \/>\n<meta property=\"article:modified_time\" content=\"2026-04-06T12:56:58+00:00\" \/>\n<meta name=\"twitter:card\" content=\"summary_large_image\" \/>\n<meta name=\"twitter:label1\" content=\"Estimated reading time\" \/>\n\t<meta name=\"twitter:data1\" content=\"1 minute\" \/>\n<script type=\"application\/ld+json\" class=\"yoast-schema-graph\">{\"@context\":\"https:\/\/schema.org\",\"@graph\":[{\"@type\":\"WebPage\",\"@id\":\"https:\/\/tupique.com\/produit\/nintendo-switch-nintendo-switch-oled\/\",\"url\":\"https:\/\/tupique.com\/produit\/nintendo-switch-nintendo-switch-oled\/\",\"name\":\"Nintendo Switch Nintendo Switch OLED - Tupique\",\"isPartOf\":{\"@id\":\"https:\/\/tupique.com\/#website\"},\"primaryImageOfPage\":{\"@id\":\"https:\/\/tupique.com\/produit\/nintendo-switch-nintendo-switch-oled\/#primaryimage\"},\"image\":{\"@id\":\"https:\/\/tupique.com\/produit\/nintendo-switch-nintendo-switch-oled\/#primaryimage\"},\"thumbnailUrl\":\"https:\/\/tupique.com\/wp-content\/uploads\/2026\/04\/0045496453442_S7171511_P01.jpg\",\"datePublished\":\"2026-04-03T21:57:43+00:00\",\"dateModified\":\"2026-04-06T12:56:58+00:00\",\"description\":\"Vous cherchez Nintendo Switch Nintendo Switch OLED ? Achetez des produits chez Tupique. Profitez de la livraison gratuite pour obtenir Nintendo Switch Nintendo Switch OLED d\u00e8s maintenant.\",\"breadcrumb\":{\"@id\":\"https:\/\/tupique.com\/produit\/nintendo-switch-nintendo-switch-oled\/#breadcrumb\"},\"inLanguage\":\"en-GB\",\"potentialAction\":[{\"@type\":\"ReadAction\",\"target\":[\"https:\/\/tupique.com\/produit\/nintendo-switch-nintendo-switch-oled\/\"]}]},{\"@type\":\"ImageObject\",\"inLanguage\":\"en-GB\",\"@id\":\"https:\/\/tupique.com\/produit\/nintendo-switch-nintendo-switch-oled\/#primaryimage\",\"url\":\"https:\/\/tupique.com\/wp-content\/uploads\/2026\/04\/0045496453442_S7171511_P01.jpg\",\"contentUrl\":\"https:\/\/tupique.com\/wp-content\/uploads\/2026\/04\/0045496453442_S7171511_P01.jpg\",\"width\":1200,\"height\":1200,\"caption\":\"S7171511_0\"},{\"@type\":\"BreadcrumbList\",\"@id\":\"https:\/\/tupique.com\/produit\/nintendo-switch-nintendo-switch-oled\/#breadcrumb\",\"itemListElement\":[{\"@type\":\"ListItem\",\"position\":1,\"name\":\"In\u00edcio\",\"item\":\"https:\/\/tupique.com\/\"},{\"@type\":\"ListItem\",\"position\":2,\"name\":\"Boutique\",\"item\":\"https:\/\/tupique.com\/en\/boutique\/\"},{\"@type\":\"ListItem\",\"position\":3,\"name\":\"Nintendo Switch Nintendo Switch OLED\"}]},{\"@type\":\"WebSite\",\"@id\":\"https:\/\/tupique.com\/#website\",\"url\":\"https:\/\/tupique.com\/\",\"name\":\"Tupique\",\"description\":\"Marketplace\",\"publisher\":{\"@id\":\"https:\/\/tupique.com\/#organization\"},\"potentialAction\":[{\"@type\":\"SearchAction\",\"target\":{\"@type\":\"EntryPoint\",\"urlTemplate\":\"https:\/\/tupique.com\/?s={search_term_string}\"},\"query-input\":{\"@type\":\"PropertyValueSpecification\",\"valueRequired\":true,\"valueName\":\"search_term_string\"}}],\"inLanguage\":\"en-GB\"},{\"@type\":\"Organization\",\"@id\":\"https:\/\/tupique.com\/#organization\",\"name\":\"Tupique\",\"url\":\"https:\/\/tupique.com\/\",\"logo\":{\"@type\":\"ImageObject\",\"inLanguage\":\"en-GB\",\"@id\":\"https:\/\/tupique.com\/#\/schema\/logo\/image\/\",\"url\":\"https:\/\/tupique.com\/wp-content\/uploads\/2024\/09\/logo.png\",\"contentUrl\":\"https:\/\/tupique.com\/wp-content\/uploads\/2024\/09\/logo.png\",\"width\":1118,\"height\":310,\"caption\":\"Tupique\"},\"image\":{\"@id\":\"https:\/\/tupique.com\/#\/schema\/logo\/image\/\"}}]}<\/script>\n<!-- \/ Yoast SEO plugin. -->","yoast_head_json":{"title":"Nintendo Switch Nintendo Switch OLED - Tupique","description":"Vous cherchez Nintendo Switch Nintendo Switch OLED ? Achetez des produits chez Tupique. Profitez de la livraison gratuite pour obtenir Nintendo Switch Nintendo Switch OLED d\u00e8s maintenant.","robots":{"index":"index","follow":"follow","max-snippet":"max-snippet:-1","max-image-preview":"max-image-preview:large","max-video-preview":"max-video-preview:-1"},"canonical":"https:\/\/tupique.com\/en\/product\/nintendo-switch-nintendo-switch-oled\/","og_locale":"en_GB","og_type":"article","og_title":"Nintendo Switch Nintendo Switch OLED - Tupique","og_description":"Vous cherchez Nintendo Switch Nintendo Switch OLED ? Achetez des produits chez Tupique. Profitez de la livraison gratuite pour obtenir Nintendo Switch Nintendo Switch OLED d\u00e8s maintenant.","og_url":"https:\/\/tupique.com\/en\/product\/nintendo-switch-nintendo-switch-oled\/","og_site_name":"Tupique","article_modified_time":"2026-04-06T12:56:58+00:00","twitter_card":"summary_large_image","twitter_misc":{"Estimated reading time":"1 minute"},"schema":{"@context":"https:\/\/schema.org","@graph":[{"@type":"WebPage","@id":"https:\/\/tupique.com\/produit\/nintendo-switch-nintendo-switch-oled\/","url":"https:\/\/tupique.com\/produit\/nintendo-switch-nintendo-switch-oled\/","name":"Nintendo Switch Nintendo Switch OLED - Tupique","isPartOf":{"@id":"https:\/\/tupique.com\/#website"},"primaryImageOfPage":{"@id":"https:\/\/tupique.com\/produit\/nintendo-switch-nintendo-switch-oled\/#primaryimage"},"image":{"@id":"https:\/\/tupique.com\/produit\/nintendo-switch-nintendo-switch-oled\/#primaryimage"},"thumbnailUrl":"https:\/\/tupique.com\/wp-content\/uploads\/2026\/04\/0045496453442_S7171511_P01.jpg","datePublished":"2026-04-03T21:57:43+00:00","dateModified":"2026-04-06T12:56:58+00:00","description":"Vous cherchez Nintendo Switch Nintendo Switch OLED ? Achetez des produits chez Tupique. Profitez de la livraison gratuite pour obtenir Nintendo Switch Nintendo Switch OLED d\u00e8s maintenant.","breadcrumb":{"@id":"https:\/\/tupique.com\/produit\/nintendo-switch-nintendo-switch-oled\/#breadcrumb"},"inLanguage":"en-GB","potentialAction":[{"@type":"ReadAction","target":["https:\/\/tupique.com\/produit\/nintendo-switch-nintendo-switch-oled\/"]}]},{"@type":"ImageObject","inLanguage":"en-GB","@id":"https:\/\/tupique.com\/produit\/nintendo-switch-nintendo-switch-oled\/#primaryimage","url":"https:\/\/tupique.com\/wp-content\/uploads\/2026\/04\/0045496453442_S7171511_P01.jpg","contentUrl":"https:\/\/tupique.com\/wp-content\/uploads\/2026\/04\/0045496453442_S7171511_P01.jpg","width":1200,"height":1200,"caption":"S7171511_0"},{"@type":"BreadcrumbList","@id":"https:\/\/tupique.com\/produit\/nintendo-switch-nintendo-switch-oled\/#breadcrumb","itemListElement":[{"@type":"ListItem","position":1,"name":"In\u00edcio","item":"https:\/\/tupique.com\/"},{"@type":"ListItem","position":2,"name":"Boutique","item":"https:\/\/tupique.com\/en\/boutique\/"},{"@type":"ListItem","position":3,"name":"Nintendo Switch Nintendo Switch OLED"}]},{"@type":"WebSite","@id":"https:\/\/tupique.com\/#website","url":"https:\/\/tupique.com\/","name":"Tupique","description":"Marketplace","publisher":{"@id":"https:\/\/tupique.com\/#organization"},"potentialAction":[{"@type":"SearchAction","target":{"@type":"EntryPoint","urlTemplate":"https:\/\/tupique.com\/?s={search_term_string}"},"query-input":{"@type":"PropertyValueSpecification","valueRequired":true,"valueName":"search_term_string"}}],"inLanguage":"en-GB"},{"@type":"Organization","@id":"https:\/\/tupique.com\/#organization","name":"Tupique","url":"https:\/\/tupique.com\/","logo":{"@type":"ImageObject","inLanguage":"en-GB","@id":"https:\/\/tupique.com\/#\/schema\/logo\/image\/","url":"https:\/\/tupique.com\/wp-content\/uploads\/2024\/09\/logo.png","contentUrl":"https:\/\/tupique.com\/wp-content\/uploads\/2024\/09\/logo.png","width":1118,"height":310,"caption":"Tupique"},"image":{"@id":"https:\/\/tupique.com\/#\/schema\/logo\/image\/"}}]}},"jetpack_sharing_enabled":true,"_links":{"self":[{"href":"https:\/\/tupique.com\/en\/wp-json\/wp\/v2\/product\/4376060","targetHints":{"allow":["GET"]}}],"collection":[{"href":"https:\/\/tupique.com\/en\/wp-json\/wp\/v2\/product"}],"about":[{"href":"https:\/\/tupique.com\/en\/wp-json\/wp\/v2\/types\/product"}],"replies":[{"embeddable":true,"href":"https:\/\/tupique.com\/en\/wp-json\/wp\/v2\/comments?post=4376060"}],"wp:featuredmedia":[{"embeddable":true,"href":"https:\/\/tupique.com\/en\/wp-json\/wp\/v2\/media\/4381183"}],"wp:attachment":[{"href":"https:\/\/tupique.com\/en\/wp-json\/wp\/v2\/media?parent=4376060"}],"wp:term":[{"taxonomy":"product_brand","embeddable":true,"href":"https:\/\/tupique.com\/en\/wp-json\/wp\/v2\/product_brand?post=4376060"},{"taxonomy":"product_cat","embeddable":true,"href":"https:\/\/tupique.com\/en\/wp-json\/wp\/v2\/product_cat?post=4376060"},{"taxonomy":"product_tag","embeddable":true,"href":"https:\/\/tupique.com\/en\/wp-json\/wp\/v2\/product_tag?post=4376060"}],"curies":[{"name":"wp","href":"https:\/\/api.w.org\/{rel}","templated":true}]}}