{"id":4376101,"date":"2026-04-03T22:58:45","date_gmt":"2026-04-03T21:58:45","guid":{"rendered":"https:\/\/tupique.com\/produit\/montre-intelligente-garmin-forerunner-165-music-noir-12-43-mm\/"},"modified":"2026-04-05T10:57:54","modified_gmt":"2026-04-05T09:57:54","slug":"montre-intelligente-garmin-forerunner-165-music-noir-12-43-mm","status":"publish","type":"product","link":"https:\/\/tupique.com\/en\/product\/montre-intelligente-garmin-forerunner-165-music-noir-12-43-mm\/","title":{"rendered":"Montre intelligente GARMIN Forerunner 165 Music Noir 1,2&#8243; 43 mm"},"content":{"rendered":"<p>If you are passionate about\u2019<b>computer science and electronics<\/b>, If you're at the cutting edge of technology and don't want to miss a thing, buy <b>Montre intelligente GARMIN Forerunner 165 Music Noir 1,2&#8243; 43 mm<\/b> at the best price.<\/p>\n<ul>\n<li>Bloc d\u2019Alimentation: r\u00e9seau \u00e9lectrique<\/li>\n<li>Watch type: Smart watch<\/li>\n<li>Plug-in product: Yes<\/li>\n<li>Socket type: EU socket<\/li>\n<li>Features:\n<ul>\n<li>Heart rate monitor<\/li>\n<li>Water-resistant<\/li>\n<li>Accelerometer<\/li>\n<li>Barometer<\/li>\n<li>Touch screen<\/li>\n<li>Ambient light sensor<\/li>\n<li>Altim\u00e8tre<\/li>\n<li>Alarm<\/li>\n<li>Thermom\u00e8tre<\/li>\n<li>Distance parcourue<\/li>\n<li>Stopwatch<\/li>\n<li>Sleep Monitor<\/li>\n<li>5 atm<\/li>\n<li>Call and message notifications<\/li>\n<li>Mobile network connection<\/li>\n<li>Integrated battery<\/li>\n<li>Blood oxygen level sensor<\/li>\n<\/ul>\n<\/li>\n<li>Functions:\n<ul>\n<li>Accelerometer<\/li>\n<li>Alarm<\/li>\n<li>Barometer<\/li>\n<li>Stopwatch<\/li>\n<li>Altim\u00e8tre<\/li>\n<li>Colour screen<\/li>\n<li>Calorie consumption<\/li>\n<li>Search for a device<\/li>\n<li>Heart rate monitor<\/li>\n<\/ul>\n<\/li>\n<li>Utilisation recommand\u00e9e:\n<ul>\n<li>Courir<\/li>\n<li>Cycling<\/li>\n<li>Swimming<\/li>\n<\/ul>\n<\/li>\n<li>Thermom\u00e8tre: Oui<\/li>\n<li>Ecran tactile: Oui<\/li>\n<li>Type: Num\u00e9rique<\/li>\n<li>Waterproofing: 5 atm<\/li>\n<li>Genre:\n<ul>\n<li>cualquier g\u00e9nero<\/li>\n<li>Unisex<\/li>\n<\/ul>\n<\/li>\n<li>Colour:\n<ul>\n<li>Grey<\/li>\n<li>Black<\/li>\n<li>Silver<\/li>\n<\/ul>\n<\/li>\n<li>Caisse: 43 mm<\/li>\n<li>Largeur: 4,3 cm<\/li>\n<li>Poids approx.: 39 g<\/li>\n<li>Batterie rechargeable: Oui<\/li>\n<li>Connections:\n<ul>\n<li>USB<\/li>\n<li>USB-C<\/li>\n<\/ul>\n<\/li>\n<li>Connectivity:\n<ul>\n<li>Wi-Fi<\/li>\n<li>Bluetooth<\/li>\n<li>GPS<\/li>\n<li>Glonass<\/li>\n<li>ANT+<\/li>\n<li>Galileo<\/li>\n<\/ul>\n<\/li>\n<li>M\u00e9moire interne: 4 GB<\/li>\n<li>Screen: 1.2\u2033<\/li>\n<li>Technology: AMOLED<\/li>\n<li>Material:\n<ul>\n<li>glass<\/li>\n<li>Silicone<\/li>\n<li>Polymer<\/li>\n<\/ul>\n<\/li>\n<li>Battery type:\n<ul>\n<li>Integrated<\/li>\n<li>Rechargeable battery<\/li>\n<li>Litio Ion<\/li>\n<\/ul>\n<\/li>\n<li>Operating system: Android<\/li>\n<li>Shape:\n<ul>\n<li>Round<\/li>\n<li>Ronde<\/li>\n<\/ul>\n<\/li>\n<li>Fastener type: Buckle<\/li>\n<li>Compatible: iOS, Android<\/li>\n<li>Resolution: 390 x 390 px<\/li>\n<li>Non Inclus: Wi-Fi<\/li>\n<li>Diam\u00e8tre du bo\u00eetier: 43 mm<\/li>\n<li>Includes:\n<ul>\n<li>Timer<\/li>\n<li>Chargeur<\/li>\n<li>User manual<\/li>\n<\/ul>\n<\/li>\n<li>Fonctionne \u00e0 piles: 1 Litio Ion, incluidas<\/li>\n<li>M\u00e9moire Flash: 4 MB<\/li>\n<li>Capacit\u00e9: 4 GB<\/li>\n<\/ul>","protected":false},"excerpt":{"rendered":"<p>Si vous \u00eates passionn\u00e9 d&#8217;informatique et d&#8217;\u00e9lectronique, si vous \u00eates \u00e0 la pointe de la technologie et qu&#8217;aucun d\u00e9tail ne<\/p>","protected":false},"featured_media":4376096,"comment_status":"open","ping_status":"closed","template":"","meta":{"_joinchat":[]},"product_brand":[157995],"product_cat":[157523,157516,157601],"product_tag":[157530,157522,157515],"class_list":{"0":"post-4376101","1":"product","2":"type-product","3":"status-publish","4":"has-post-thumbnail","6":"product_brand-brandp_649","7":"product_cat-electronique-telephonie-et-tablettes","8":"product_cat-informatique-electronique","9":"product_cat-smartwatches","10":"product_tag-tag_1261","11":"product_tag-tag_547","12":"product_tag-tag_1295","14":"first","15":"instock","16":"taxable","17":"shipping-taxable","18":"purchasable","19":"product-type-simple"},"yoast_head":"<!-- This site is optimized with the Yoast SEO plugin v27.2 - https:\/\/yoast.com\/product\/yoast-seo-wordpress\/ -->\n<title>Montre intelligente GARMIN Forerunner 165 Music Noir 1,2&quot; 43 mm - Tupique<\/title>\n<meta name=\"description\" content=\"Vous cherchez Montre intelligente GARMIN Forerunner 165 Music Noir 1,2&quot; 43 mm ? Achetez des produits chez Tupique. Profitez de la livraison gratuite pour obtenir Montre intelligente GARMIN Forerunner 165 Music Noir 1,2&quot; 43 mm d\u00e8s maintenant.\" \/>\n<meta name=\"robots\" content=\"index, follow, max-snippet:-1, max-image-preview:large, max-video-preview:-1\" \/>\n<link rel=\"canonical\" href=\"https:\/\/tupique.com\/en\/product\/montre-intelligente-garmin-forerunner-165-music-noir-12-43-mm\/\" \/>\n<meta property=\"og:locale\" content=\"en_GB\" \/>\n<meta property=\"og:type\" content=\"article\" \/>\n<meta property=\"og:title\" content=\"Montre intelligente GARMIN Forerunner 165 Music Noir 1,2&quot; 43 mm - Tupique\" \/>\n<meta property=\"og:description\" content=\"Vous cherchez Montre intelligente GARMIN Forerunner 165 Music Noir 1,2&quot; 43 mm ? Achetez des produits chez Tupique. Profitez de la livraison gratuite pour obtenir Montre intelligente GARMIN Forerunner 165 Music Noir 1,2&quot; 43 mm d\u00e8s maintenant.\" \/>\n<meta property=\"og:url\" content=\"https:\/\/tupique.com\/en\/product\/montre-intelligente-garmin-forerunner-165-music-noir-12-43-mm\/\" \/>\n<meta property=\"og:site_name\" content=\"Tupique\" \/>\n<meta property=\"article:modified_time\" content=\"2026-04-05T09:57:54+00:00\" \/>\n<meta property=\"og:image\" content=\"https:\/\/tupique.com\/wp-content\/uploads\/2026\/04\/0753759326616_M0807422_P00.jpg\" \/>\n\t<meta property=\"og:image:width\" content=\"1200\" \/>\n\t<meta property=\"og:image:height\" content=\"1200\" \/>\n\t<meta property=\"og:image:type\" content=\"image\/jpeg\" \/>\n<meta name=\"twitter:card\" content=\"summary_large_image\" \/>\n<meta name=\"twitter:label1\" content=\"Estimated reading time\" \/>\n\t<meta name=\"twitter:data1\" content=\"1 minute\" \/>\n<script type=\"application\/ld+json\" class=\"yoast-schema-graph\">{\"@context\":\"https:\/\/schema.org\",\"@graph\":[{\"@type\":\"WebPage\",\"@id\":\"https:\/\/tupique.com\/produit\/montre-intelligente-garmin-forerunner-165-music-noir-12-43-mm\/\",\"url\":\"https:\/\/tupique.com\/produit\/montre-intelligente-garmin-forerunner-165-music-noir-12-43-mm\/\",\"name\":\"Montre intelligente GARMIN Forerunner 165 Music Noir 1,2\\\" 43 mm - Tupique\",\"isPartOf\":{\"@id\":\"https:\/\/tupique.com\/#website\"},\"primaryImageOfPage\":{\"@id\":\"https:\/\/tupique.com\/produit\/montre-intelligente-garmin-forerunner-165-music-noir-12-43-mm\/#primaryimage\"},\"image\":{\"@id\":\"https:\/\/tupique.com\/produit\/montre-intelligente-garmin-forerunner-165-music-noir-12-43-mm\/#primaryimage\"},\"thumbnailUrl\":\"https:\/\/tupique.com\/wp-content\/uploads\/2026\/04\/0753759326616_M0807422_P00.jpg\",\"datePublished\":\"2026-04-03T21:58:45+00:00\",\"dateModified\":\"2026-04-05T09:57:54+00:00\",\"description\":\"Vous cherchez Montre intelligente GARMIN Forerunner 165 Music Noir 1,2\\\" 43 mm ? Achetez des produits chez Tupique. Profitez de la livraison gratuite pour obtenir Montre intelligente GARMIN Forerunner 165 Music Noir 1,2\\\" 43 mm d\u00e8s maintenant.\",\"breadcrumb\":{\"@id\":\"https:\/\/tupique.com\/produit\/montre-intelligente-garmin-forerunner-165-music-noir-12-43-mm\/#breadcrumb\"},\"inLanguage\":\"en-GB\",\"potentialAction\":[{\"@type\":\"ReadAction\",\"target\":[\"https:\/\/tupique.com\/produit\/montre-intelligente-garmin-forerunner-165-music-noir-12-43-mm\/\"]}]},{\"@type\":\"ImageObject\",\"inLanguage\":\"en-GB\",\"@id\":\"https:\/\/tupique.com\/produit\/montre-intelligente-garmin-forerunner-165-music-noir-12-43-mm\/#primaryimage\",\"url\":\"https:\/\/tupique.com\/wp-content\/uploads\/2026\/04\/0753759326616_M0807422_P00.jpg\",\"contentUrl\":\"https:\/\/tupique.com\/wp-content\/uploads\/2026\/04\/0753759326616_M0807422_P00.jpg\",\"width\":1200,\"height\":1200,\"caption\":\"M0807422_0\"},{\"@type\":\"BreadcrumbList\",\"@id\":\"https:\/\/tupique.com\/produit\/montre-intelligente-garmin-forerunner-165-music-noir-12-43-mm\/#breadcrumb\",\"itemListElement\":[{\"@type\":\"ListItem\",\"position\":1,\"name\":\"In\u00edcio\",\"item\":\"https:\/\/tupique.com\/\"},{\"@type\":\"ListItem\",\"position\":2,\"name\":\"Boutique\",\"item\":\"https:\/\/tupique.com\/en\/boutique\/\"},{\"@type\":\"ListItem\",\"position\":3,\"name\":\"Montre intelligente GARMIN Forerunner 165 Music Noir 1,2&#8243; 43 mm\"}]},{\"@type\":\"WebSite\",\"@id\":\"https:\/\/tupique.com\/#website\",\"url\":\"https:\/\/tupique.com\/\",\"name\":\"Tupique\",\"description\":\"Marketplace\",\"publisher\":{\"@id\":\"https:\/\/tupique.com\/#organization\"},\"potentialAction\":[{\"@type\":\"SearchAction\",\"target\":{\"@type\":\"EntryPoint\",\"urlTemplate\":\"https:\/\/tupique.com\/?s={search_term_string}\"},\"query-input\":{\"@type\":\"PropertyValueSpecification\",\"valueRequired\":true,\"valueName\":\"search_term_string\"}}],\"inLanguage\":\"en-GB\"},{\"@type\":\"Organization\",\"@id\":\"https:\/\/tupique.com\/#organization\",\"name\":\"Tupique\",\"url\":\"https:\/\/tupique.com\/\",\"logo\":{\"@type\":\"ImageObject\",\"inLanguage\":\"en-GB\",\"@id\":\"https:\/\/tupique.com\/#\/schema\/logo\/image\/\",\"url\":\"https:\/\/tupique.com\/wp-content\/uploads\/2024\/09\/logo.png\",\"contentUrl\":\"https:\/\/tupique.com\/wp-content\/uploads\/2024\/09\/logo.png\",\"width\":1118,\"height\":310,\"caption\":\"Tupique\"},\"image\":{\"@id\":\"https:\/\/tupique.com\/#\/schema\/logo\/image\/\"}}]}<\/script>\n<!-- \/ Yoast SEO plugin. -->","yoast_head_json":{"title":"Montre intelligente GARMIN Forerunner 165 Music Noir 1,2\" 43 mm - Tupique","description":"Vous cherchez Montre intelligente GARMIN Forerunner 165 Music Noir 1,2\" 43 mm ? Achetez des produits chez Tupique. Profitez de la livraison gratuite pour obtenir Montre intelligente GARMIN Forerunner 165 Music Noir 1,2\" 43 mm d\u00e8s maintenant.","robots":{"index":"index","follow":"follow","max-snippet":"max-snippet:-1","max-image-preview":"max-image-preview:large","max-video-preview":"max-video-preview:-1"},"canonical":"https:\/\/tupique.com\/en\/product\/montre-intelligente-garmin-forerunner-165-music-noir-12-43-mm\/","og_locale":"en_GB","og_type":"article","og_title":"Montre intelligente GARMIN Forerunner 165 Music Noir 1,2\" 43 mm - Tupique","og_description":"Vous cherchez Montre intelligente GARMIN Forerunner 165 Music Noir 1,2\" 43 mm ? Achetez des produits chez Tupique. Profitez de la livraison gratuite pour obtenir Montre intelligente GARMIN Forerunner 165 Music Noir 1,2\" 43 mm d\u00e8s maintenant.","og_url":"https:\/\/tupique.com\/en\/product\/montre-intelligente-garmin-forerunner-165-music-noir-12-43-mm\/","og_site_name":"Tupique","article_modified_time":"2026-04-05T09:57:54+00:00","og_image":[{"width":1200,"height":1200,"url":"https:\/\/tupique.com\/wp-content\/uploads\/2026\/04\/0753759326616_M0807422_P00.jpg","type":"image\/jpeg"}],"twitter_card":"summary_large_image","twitter_misc":{"Estimated reading time":"1 minute"},"schema":{"@context":"https:\/\/schema.org","@graph":[{"@type":"WebPage","@id":"https:\/\/tupique.com\/produit\/montre-intelligente-garmin-forerunner-165-music-noir-12-43-mm\/","url":"https:\/\/tupique.com\/produit\/montre-intelligente-garmin-forerunner-165-music-noir-12-43-mm\/","name":"Montre intelligente GARMIN Forerunner 165 Music Noir 1,2\" 43 mm - Tupique","isPartOf":{"@id":"https:\/\/tupique.com\/#website"},"primaryImageOfPage":{"@id":"https:\/\/tupique.com\/produit\/montre-intelligente-garmin-forerunner-165-music-noir-12-43-mm\/#primaryimage"},"image":{"@id":"https:\/\/tupique.com\/produit\/montre-intelligente-garmin-forerunner-165-music-noir-12-43-mm\/#primaryimage"},"thumbnailUrl":"https:\/\/tupique.com\/wp-content\/uploads\/2026\/04\/0753759326616_M0807422_P00.jpg","datePublished":"2026-04-03T21:58:45+00:00","dateModified":"2026-04-05T09:57:54+00:00","description":"Vous cherchez Montre intelligente GARMIN Forerunner 165 Music Noir 1,2\" 43 mm ? Achetez des produits chez Tupique. Profitez de la livraison gratuite pour obtenir Montre intelligente GARMIN Forerunner 165 Music Noir 1,2\" 43 mm d\u00e8s maintenant.","breadcrumb":{"@id":"https:\/\/tupique.com\/produit\/montre-intelligente-garmin-forerunner-165-music-noir-12-43-mm\/#breadcrumb"},"inLanguage":"en-GB","potentialAction":[{"@type":"ReadAction","target":["https:\/\/tupique.com\/produit\/montre-intelligente-garmin-forerunner-165-music-noir-12-43-mm\/"]}]},{"@type":"ImageObject","inLanguage":"en-GB","@id":"https:\/\/tupique.com\/produit\/montre-intelligente-garmin-forerunner-165-music-noir-12-43-mm\/#primaryimage","url":"https:\/\/tupique.com\/wp-content\/uploads\/2026\/04\/0753759326616_M0807422_P00.jpg","contentUrl":"https:\/\/tupique.com\/wp-content\/uploads\/2026\/04\/0753759326616_M0807422_P00.jpg","width":1200,"height":1200,"caption":"M0807422_0"},{"@type":"BreadcrumbList","@id":"https:\/\/tupique.com\/produit\/montre-intelligente-garmin-forerunner-165-music-noir-12-43-mm\/#breadcrumb","itemListElement":[{"@type":"ListItem","position":1,"name":"In\u00edcio","item":"https:\/\/tupique.com\/"},{"@type":"ListItem","position":2,"name":"Boutique","item":"https:\/\/tupique.com\/en\/boutique\/"},{"@type":"ListItem","position":3,"name":"Montre intelligente GARMIN Forerunner 165 Music Noir 1,2&#8243; 43 mm"}]},{"@type":"WebSite","@id":"https:\/\/tupique.com\/#website","url":"https:\/\/tupique.com\/","name":"Tupique","description":"Marketplace","publisher":{"@id":"https:\/\/tupique.com\/#organization"},"potentialAction":[{"@type":"SearchAction","target":{"@type":"EntryPoint","urlTemplate":"https:\/\/tupique.com\/?s={search_term_string}"},"query-input":{"@type":"PropertyValueSpecification","valueRequired":true,"valueName":"search_term_string"}}],"inLanguage":"en-GB"},{"@type":"Organization","@id":"https:\/\/tupique.com\/#organization","name":"Tupique","url":"https:\/\/tupique.com\/","logo":{"@type":"ImageObject","inLanguage":"en-GB","@id":"https:\/\/tupique.com\/#\/schema\/logo\/image\/","url":"https:\/\/tupique.com\/wp-content\/uploads\/2024\/09\/logo.png","contentUrl":"https:\/\/tupique.com\/wp-content\/uploads\/2024\/09\/logo.png","width":1118,"height":310,"caption":"Tupique"},"image":{"@id":"https:\/\/tupique.com\/#\/schema\/logo\/image\/"}}]}},"jetpack_sharing_enabled":true,"_links":{"self":[{"href":"https:\/\/tupique.com\/en\/wp-json\/wp\/v2\/product\/4376101","targetHints":{"allow":["GET"]}}],"collection":[{"href":"https:\/\/tupique.com\/en\/wp-json\/wp\/v2\/product"}],"about":[{"href":"https:\/\/tupique.com\/en\/wp-json\/wp\/v2\/types\/product"}],"replies":[{"embeddable":true,"href":"https:\/\/tupique.com\/en\/wp-json\/wp\/v2\/comments?post=4376101"}],"wp:featuredmedia":[{"embeddable":true,"href":"https:\/\/tupique.com\/en\/wp-json\/wp\/v2\/media\/4376096"}],"wp:attachment":[{"href":"https:\/\/tupique.com\/en\/wp-json\/wp\/v2\/media?parent=4376101"}],"wp:term":[{"taxonomy":"product_brand","embeddable":true,"href":"https:\/\/tupique.com\/en\/wp-json\/wp\/v2\/product_brand?post=4376101"},{"taxonomy":"product_cat","embeddable":true,"href":"https:\/\/tupique.com\/en\/wp-json\/wp\/v2\/product_cat?post=4376101"},{"taxonomy":"product_tag","embeddable":true,"href":"https:\/\/tupique.com\/en\/wp-json\/wp\/v2\/product_tag?post=4376101"}],"curies":[{"name":"wp","href":"https:\/\/api.w.org\/{rel}","templated":true}]}}