{"id":4376159,"date":"2026-04-03T22:59:57","date_gmt":"2026-04-03T21:59:57","guid":{"rendered":"https:\/\/tupique.com\/produit\/playstation-5-pro-sony-9595472-16-gb\/"},"modified":"2026-04-03T22:59:57","modified_gmt":"2026-04-03T21:59:57","slug":"playstation-5-pro-sony-9595472-16-gb","status":"publish","type":"product","link":"https:\/\/tupique.com\/en\/product\/playstation-5-pro-sony-9595472-16-gb\/","title":{"rendered":"PlayStation 5 Pro Sony 9595472 16 GB"},"content":{"rendered":"<p>If you are passionate about\u2019<b>computer science and electronics<\/b>, If you're at the cutting edge of technology and don't want to miss a thing, buy <b>PlayStation 5 Pro Sony 9595472 16 GB<\/b> at the best price.<\/p>\n<p>L&#8217;<b>ordinateur portable<\/b> Sony mod\u00e8le <b>9595472<\/b> se pr\u00e9sente comme une solution polyvalente et moderne, con\u00e7ue aussi bien pour ceux qui recherchent des performances pour la productivit\u00e9 quotidienne que pour ceux qui ont besoin d&#8217;un appareil fiable pour le divertissement et une connectivit\u00e9 avanc\u00e9e. Disponible en <b>blanc et noir<\/b>, cet ordinateur allie un design \u00e9l\u00e9gant \u00e0 une fonctionnalit\u00e9 pratique, incluant un <b>support int\u00e9gr\u00e9<\/b> qui am\u00e9liore l\u2019ergonomie et facilite son utilisation dans diff\u00e9rents environnements. Il est \u00e9quip\u00e9 d\u2019options de <b>connectivit\u00e9 HDMI<\/b> permettant la connexion directe \u00e0 des moniteurs externes ou projecteurs, ainsi que de <b>ports USB 2.0<\/b> pour un transfert simple de donn\u00e9es et l\u2019int\u00e9gration de p\u00e9riph\u00e9riques. La pr\u00e9sence du <b>Bluetooth<\/b> \u00e9tend la polyvalence de l\u2019appareil, facilitant la connexion sans fil avec des dispositifs tels que casques, souris ou haut-parleurs. Il int\u00e8gre un <b>stockage SSD<\/b>, reconnu pour offrir des temps d\u2019acc\u00e8s et de d\u00e9marrage bien plus rapides que les disques durs traditionnels, am\u00e9liorant ainsi l\u2019efficacit\u00e9 g\u00e9n\u00e9rale du syst\u00e8me. De plus, il dispose d\u2019une <b>m\u00e9moire GDDR6<\/b>, particuli\u00e8rement appr\u00e9ci\u00e9e des utilisateurs n\u00e9cessitant des capacit\u00e9s graphiques importantes pour les logiciels cr\u00e9atifs, le montage ou les t\u00e2ches multit\u00e2ches avanc\u00e9es. Caract\u00e9ris\u00e9 par ses <b>performances \u00e9lev\u00e9es<\/b>, cet ordinateur portable Sony r\u00e9pond efficacement \u00e0 diverses exigences, tant dans le domaine professionnel que personnel. Le syst\u00e8me d\u2019exploitation est en <b>langue fran\u00e7aise<\/b>, ce qui peut \u00eatre particuli\u00e8rement pertinent pour les utilisateurs en environnement francophone. En r\u00e9sum\u00e9, il s\u2019agit d\u2019un ordinateur portable \u00e9quilibr\u00e9 et comp\u00e9titif qui se distingue par sa combinaison de <b>design moderne, rapidit\u00e9 et connectivit\u00e9 multifonction<\/b>, destin\u00e9 \u00e0 ceux qui recherchent fiabilit\u00e9 et efficacit\u00e9 dans un seul appareil.<\/p>\n<ul>\n<li>Colour: White<\/li>\n<li>Processeur: Octa Core<\/li>\n<li>M\u00e9moire RAM: 16 GB<\/li>\n<li>Caract\u00e9ristiques: Avec stand<\/li>\n<li>Connections:\n<ul>\n<li>HDMI<\/li>\n<li>USB 2.0<\/li>\n<li>Ethernet LAN<\/li>\n<li>USB-C 3.2 Gen 2 (3.1 Gen 2)<\/li>\n<\/ul>\n<\/li>\n<li>Connectivity:\n<ul>\n<li>Bluetooth<\/li>\n<li>Wi-Fi<\/li>\n<li>Bluetooth 5.1<\/li>\n<\/ul>\n<\/li>\n<li>vitesse: 10\/100\/1000 Mbps<\/li>\n<li>Power supply: Alternating current<\/li>\n<li>Includes: User manual<\/li>\n<li>Type de stockage: SSD<\/li>\n<li>M\u00e9moire interne: 2 TB<\/li>\n<li>Largeur: 8,9 cm<\/li>\n<\/ul>\n<p><\/p>\n<p>Avec la console PlayStation\u00ae5 Pro, les plus grands cr\u00e9ateurs de jeu au monde peuvent am\u00e9liorer leurs jeux gr\u00e2ce \u00e0 des fonctionnalit\u00e9s incroyables, telles que le ray tracing avanc\u00e9, une image ultra-nette sur t\u00e9l\u00e9viseur 4K et un taux de rafra\u00eechissement \u00e9lev\u00e9*. Avec les jeux PS5\u00ae, vous b\u00e9n\u00e9ficierez des graphismes les plus impressionnants jamais vus sur une console PlayStation\u00ae.<\/p>\n<p>La PS5\u00ae Pro est une console exclusivement num\u00e9rique qui ne dispose d&#8217;aucun lecteur de disques. Connectez-vous \u00e0 votre compte pour le PlayStation\u2122Network, puis visitez le PlayStation\u2122Store pour acheter et t\u00e9l\u00e9charger des jeux. Vous pouvez \u00e9galement ajouter un lecteur de disques \u00e0 votre console PS5\u00ae Pro si vous souhaitez jouer \u00e0 des jeux PS5 ou PS4 sur disque Blu-ray\u2122, ou si vous souhaitez voir un film ou une s\u00e9rie sur disque Blu-ray\u2122 4K Ultra HD, sur disque Blu-ray\u2122 ou sur DVD.<\/p>\n<p><\/p>\n<ul>\n<li>Plateforme: PlayStation 5 Pro<\/li>\n<li>Couleur du produit: Noir, Blanc<\/li>\n<li>Acc\u00e9l\u00e9ration du lancer de rayon: Oui<\/li>\n<li>Contr\u00f4le parental: Oui<\/li>\n<li>Taux de d&#8217;actualisation maximal: 120 Hz<\/li>\n<li>Supports de stockage: SSD<\/li>\n<li>Capacit\u00e9 de stockage interne: 2 To<\/li>\n<li>Lecteur optique int\u00e9gr\u00e9: Non<\/li>\n<li>Ethernet\/LAN: Oui<\/li>\n<li>Wifi: Oui<\/li>\n<li>Bluetooth: Oui<\/li>\n<li>LAN Ethernet : taux de transfert des donn\u00e9es: 10,100,1000 Mbit\/s<\/li>\n<li>Type d&#8217;interface Ethernet: Fast Ethernet, Gigabit Ethernet<\/li>\n<li>Standards r\u00e9seau: IEEE 802.11be<\/li>\n<li>Quantit\u00e9 de ports HDMI: 1<\/li>\n<li>Secteur d&#8217;entr\u00e9e d&#8217;alimentation: Oui<\/li>\n<li>Type HD: 8K Ultra HD<\/li>\n<li>Prise en charge HDR: Oui<\/li>\n<li>r\u00e9alit\u00e9 virtuelle pr\u00eate: Oui<\/li>\n<li>Source d&#8217;alimentation: Secteur<\/li>\n<li>Largeur du colis: 178 mm<\/li>\n<li>Profondeur du colis: 467 mm<\/li>\n<li>Hauteur du colis: 355,5 mm<\/li>\n<li>Poids du paquet: 4,95 kg<\/li>\n<li>Largeur: 89 mm<\/li>\n<li>Profondeur: 388 mm<\/li>\n<li>Hauteur: 216 mm<\/li>\n<li>Poids: 3,1 kg<\/li>\n<li>Nombre de manettes incluses: 1<\/li>\n<li>Jeux vid\u00e9os inclus: Oui<\/li>\n<li>Jeux inclus: ASTRO\u2019s PLAYROOM<\/li>\n<li>Guide d&#8217;utilisation: Oui<\/li>\n<li>C\u00e2bles inclus: Secteur, HDMI, USB<\/li>\n<li>Contr\u00f4leur de jeu inclus: Manette de jeu<\/li>\n<li>Support inclus: Oui<\/li>\n<\/ul>","protected":false},"excerpt":{"rendered":"<p>Si vous \u00eates passionn\u00e9 d&#8217;informatique et d&#8217;\u00e9lectronique, si vous \u00eates \u00e0 la pointe de la technologie et qu&#8217;aucun d\u00e9tail ne<\/p>","protected":false},"featured_media":4376126,"comment_status":"open","ping_status":"closed","template":"","meta":{"_joinchat":[]},"product_brand":[157997],"product_cat":[157991,157611,157516],"product_tag":[157835],"class_list":{"0":"post-4376159","1":"product","2":"type-product","3":"status-publish","4":"has-post-thumbnail","6":"product_brand-brandp_235","7":"product_cat-consoles","8":"product_cat-electronique-jouets-electroniques","9":"product_cat-informatique-electronique","10":"product_tag-tag_29","12":"first","13":"instock","14":"taxable","15":"shipping-taxable","16":"purchasable","17":"product-type-simple"},"yoast_head":"<!-- This site is optimized with the Yoast SEO plugin v27.2 - https:\/\/yoast.com\/product\/yoast-seo-wordpress\/ -->\n<title>PlayStation 5 Pro Sony 9595472 16 GB - Tupique<\/title>\n<meta name=\"description\" content=\"Vous cherchez PlayStation 5 Pro Sony 9595472 16 GB ? Achetez des produits chez Tupique. Profitez de la livraison gratuite pour obtenir PlayStation 5 Pro Sony 9595472 16 GB d\u00e8s maintenant.\" \/>\n<meta name=\"robots\" content=\"index, follow, max-snippet:-1, max-image-preview:large, max-video-preview:-1\" \/>\n<link rel=\"canonical\" href=\"https:\/\/tupique.com\/en\/product\/playstation-5-pro-sony-9595472-16-gb\/\" \/>\n<meta property=\"og:locale\" content=\"en_GB\" \/>\n<meta property=\"og:type\" content=\"article\" \/>\n<meta property=\"og:title\" content=\"PlayStation 5 Pro Sony 9595472 16 GB - Tupique\" \/>\n<meta property=\"og:description\" content=\"Vous cherchez PlayStation 5 Pro Sony 9595472 16 GB ? Achetez des produits chez Tupique. Profitez de la livraison gratuite pour obtenir PlayStation 5 Pro Sony 9595472 16 GB d\u00e8s maintenant.\" \/>\n<meta property=\"og:url\" content=\"https:\/\/tupique.com\/en\/product\/playstation-5-pro-sony-9595472-16-gb\/\" \/>\n<meta property=\"og:site_name\" content=\"Tupique\" \/>\n<meta name=\"twitter:card\" content=\"summary_large_image\" \/>\n<meta name=\"twitter:label1\" content=\"Estimated reading time\" \/>\n\t<meta name=\"twitter:data1\" content=\"3 minutes\" \/>\n<script type=\"application\/ld+json\" class=\"yoast-schema-graph\">{\"@context\":\"https:\/\/schema.org\",\"@graph\":[{\"@type\":\"WebPage\",\"@id\":\"https:\/\/tupique.com\/produit\/playstation-5-pro-sony-9595472-16-gb\/\",\"url\":\"https:\/\/tupique.com\/produit\/playstation-5-pro-sony-9595472-16-gb\/\",\"name\":\"PlayStation 5 Pro Sony 9595472 16 GB - Tupique\",\"isPartOf\":{\"@id\":\"https:\/\/tupique.com\/#website\"},\"primaryImageOfPage\":{\"@id\":\"https:\/\/tupique.com\/produit\/playstation-5-pro-sony-9595472-16-gb\/#primaryimage\"},\"image\":{\"@id\":\"https:\/\/tupique.com\/produit\/playstation-5-pro-sony-9595472-16-gb\/#primaryimage\"},\"thumbnailUrl\":\"https:\/\/tupique.com\/wp-content\/uploads\/2026\/04\/0711719595472_S71011068_P00.jpg\",\"datePublished\":\"2026-04-03T21:59:57+00:00\",\"description\":\"Vous cherchez PlayStation 5 Pro Sony 9595472 16 GB ? Achetez des produits chez Tupique. Profitez de la livraison gratuite pour obtenir PlayStation 5 Pro Sony 9595472 16 GB d\u00e8s maintenant.\",\"breadcrumb\":{\"@id\":\"https:\/\/tupique.com\/produit\/playstation-5-pro-sony-9595472-16-gb\/#breadcrumb\"},\"inLanguage\":\"en-GB\",\"potentialAction\":[{\"@type\":\"ReadAction\",\"target\":[\"https:\/\/tupique.com\/produit\/playstation-5-pro-sony-9595472-16-gb\/\"]}]},{\"@type\":\"ImageObject\",\"inLanguage\":\"en-GB\",\"@id\":\"https:\/\/tupique.com\/produit\/playstation-5-pro-sony-9595472-16-gb\/#primaryimage\",\"url\":\"https:\/\/tupique.com\/wp-content\/uploads\/2026\/04\/0711719595472_S71011068_P00.jpg\",\"contentUrl\":\"https:\/\/tupique.com\/wp-content\/uploads\/2026\/04\/0711719595472_S71011068_P00.jpg\",\"width\":1200,\"height\":1200,\"caption\":\"M0807001_0\"},{\"@type\":\"BreadcrumbList\",\"@id\":\"https:\/\/tupique.com\/produit\/playstation-5-pro-sony-9595472-16-gb\/#breadcrumb\",\"itemListElement\":[{\"@type\":\"ListItem\",\"position\":1,\"name\":\"In\u00edcio\",\"item\":\"https:\/\/tupique.com\/\"},{\"@type\":\"ListItem\",\"position\":2,\"name\":\"Boutique\",\"item\":\"https:\/\/tupique.com\/en\/boutique\/\"},{\"@type\":\"ListItem\",\"position\":3,\"name\":\"PlayStation 5 Pro Sony 9595472 16 GB\"}]},{\"@type\":\"WebSite\",\"@id\":\"https:\/\/tupique.com\/#website\",\"url\":\"https:\/\/tupique.com\/\",\"name\":\"Tupique\",\"description\":\"Marketplace\",\"publisher\":{\"@id\":\"https:\/\/tupique.com\/#organization\"},\"potentialAction\":[{\"@type\":\"SearchAction\",\"target\":{\"@type\":\"EntryPoint\",\"urlTemplate\":\"https:\/\/tupique.com\/?s={search_term_string}\"},\"query-input\":{\"@type\":\"PropertyValueSpecification\",\"valueRequired\":true,\"valueName\":\"search_term_string\"}}],\"inLanguage\":\"en-GB\"},{\"@type\":\"Organization\",\"@id\":\"https:\/\/tupique.com\/#organization\",\"name\":\"Tupique\",\"url\":\"https:\/\/tupique.com\/\",\"logo\":{\"@type\":\"ImageObject\",\"inLanguage\":\"en-GB\",\"@id\":\"https:\/\/tupique.com\/#\/schema\/logo\/image\/\",\"url\":\"https:\/\/tupique.com\/wp-content\/uploads\/2024\/09\/logo.png\",\"contentUrl\":\"https:\/\/tupique.com\/wp-content\/uploads\/2024\/09\/logo.png\",\"width\":1118,\"height\":310,\"caption\":\"Tupique\"},\"image\":{\"@id\":\"https:\/\/tupique.com\/#\/schema\/logo\/image\/\"}}]}<\/script>\n<!-- \/ Yoast SEO plugin. -->","yoast_head_json":{"title":"PlayStation 5 Pro Sony 9595472 16 GB - Tupique","description":"Vous cherchez PlayStation 5 Pro Sony 9595472 16 GB ? Achetez des produits chez Tupique. Profitez de la livraison gratuite pour obtenir PlayStation 5 Pro Sony 9595472 16 GB d\u00e8s maintenant.","robots":{"index":"index","follow":"follow","max-snippet":"max-snippet:-1","max-image-preview":"max-image-preview:large","max-video-preview":"max-video-preview:-1"},"canonical":"https:\/\/tupique.com\/en\/product\/playstation-5-pro-sony-9595472-16-gb\/","og_locale":"en_GB","og_type":"article","og_title":"PlayStation 5 Pro Sony 9595472 16 GB - Tupique","og_description":"Vous cherchez PlayStation 5 Pro Sony 9595472 16 GB ? Achetez des produits chez Tupique. Profitez de la livraison gratuite pour obtenir PlayStation 5 Pro Sony 9595472 16 GB d\u00e8s maintenant.","og_url":"https:\/\/tupique.com\/en\/product\/playstation-5-pro-sony-9595472-16-gb\/","og_site_name":"Tupique","twitter_card":"summary_large_image","twitter_misc":{"Estimated reading time":"3 minutes"},"schema":{"@context":"https:\/\/schema.org","@graph":[{"@type":"WebPage","@id":"https:\/\/tupique.com\/produit\/playstation-5-pro-sony-9595472-16-gb\/","url":"https:\/\/tupique.com\/produit\/playstation-5-pro-sony-9595472-16-gb\/","name":"PlayStation 5 Pro Sony 9595472 16 GB - Tupique","isPartOf":{"@id":"https:\/\/tupique.com\/#website"},"primaryImageOfPage":{"@id":"https:\/\/tupique.com\/produit\/playstation-5-pro-sony-9595472-16-gb\/#primaryimage"},"image":{"@id":"https:\/\/tupique.com\/produit\/playstation-5-pro-sony-9595472-16-gb\/#primaryimage"},"thumbnailUrl":"https:\/\/tupique.com\/wp-content\/uploads\/2026\/04\/0711719595472_S71011068_P00.jpg","datePublished":"2026-04-03T21:59:57+00:00","description":"Vous cherchez PlayStation 5 Pro Sony 9595472 16 GB ? Achetez des produits chez Tupique. Profitez de la livraison gratuite pour obtenir PlayStation 5 Pro Sony 9595472 16 GB d\u00e8s maintenant.","breadcrumb":{"@id":"https:\/\/tupique.com\/produit\/playstation-5-pro-sony-9595472-16-gb\/#breadcrumb"},"inLanguage":"en-GB","potentialAction":[{"@type":"ReadAction","target":["https:\/\/tupique.com\/produit\/playstation-5-pro-sony-9595472-16-gb\/"]}]},{"@type":"ImageObject","inLanguage":"en-GB","@id":"https:\/\/tupique.com\/produit\/playstation-5-pro-sony-9595472-16-gb\/#primaryimage","url":"https:\/\/tupique.com\/wp-content\/uploads\/2026\/04\/0711719595472_S71011068_P00.jpg","contentUrl":"https:\/\/tupique.com\/wp-content\/uploads\/2026\/04\/0711719595472_S71011068_P00.jpg","width":1200,"height":1200,"caption":"M0807001_0"},{"@type":"BreadcrumbList","@id":"https:\/\/tupique.com\/produit\/playstation-5-pro-sony-9595472-16-gb\/#breadcrumb","itemListElement":[{"@type":"ListItem","position":1,"name":"In\u00edcio","item":"https:\/\/tupique.com\/"},{"@type":"ListItem","position":2,"name":"Boutique","item":"https:\/\/tupique.com\/en\/boutique\/"},{"@type":"ListItem","position":3,"name":"PlayStation 5 Pro Sony 9595472 16 GB"}]},{"@type":"WebSite","@id":"https:\/\/tupique.com\/#website","url":"https:\/\/tupique.com\/","name":"Tupique","description":"Marketplace","publisher":{"@id":"https:\/\/tupique.com\/#organization"},"potentialAction":[{"@type":"SearchAction","target":{"@type":"EntryPoint","urlTemplate":"https:\/\/tupique.com\/?s={search_term_string}"},"query-input":{"@type":"PropertyValueSpecification","valueRequired":true,"valueName":"search_term_string"}}],"inLanguage":"en-GB"},{"@type":"Organization","@id":"https:\/\/tupique.com\/#organization","name":"Tupique","url":"https:\/\/tupique.com\/","logo":{"@type":"ImageObject","inLanguage":"en-GB","@id":"https:\/\/tupique.com\/#\/schema\/logo\/image\/","url":"https:\/\/tupique.com\/wp-content\/uploads\/2024\/09\/logo.png","contentUrl":"https:\/\/tupique.com\/wp-content\/uploads\/2024\/09\/logo.png","width":1118,"height":310,"caption":"Tupique"},"image":{"@id":"https:\/\/tupique.com\/#\/schema\/logo\/image\/"}}]}},"jetpack_sharing_enabled":true,"_links":{"self":[{"href":"https:\/\/tupique.com\/en\/wp-json\/wp\/v2\/product\/4376159","targetHints":{"allow":["GET"]}}],"collection":[{"href":"https:\/\/tupique.com\/en\/wp-json\/wp\/v2\/product"}],"about":[{"href":"https:\/\/tupique.com\/en\/wp-json\/wp\/v2\/types\/product"}],"replies":[{"embeddable":true,"href":"https:\/\/tupique.com\/en\/wp-json\/wp\/v2\/comments?post=4376159"}],"wp:featuredmedia":[{"embeddable":true,"href":"https:\/\/tupique.com\/en\/wp-json\/wp\/v2\/media\/4376126"}],"wp:attachment":[{"href":"https:\/\/tupique.com\/en\/wp-json\/wp\/v2\/media?parent=4376159"}],"wp:term":[{"taxonomy":"product_brand","embeddable":true,"href":"https:\/\/tupique.com\/en\/wp-json\/wp\/v2\/product_brand?post=4376159"},{"taxonomy":"product_cat","embeddable":true,"href":"https:\/\/tupique.com\/en\/wp-json\/wp\/v2\/product_cat?post=4376159"},{"taxonomy":"product_tag","embeddable":true,"href":"https:\/\/tupique.com\/en\/wp-json\/wp\/v2\/product_tag?post=4376159"}],"curies":[{"name":"wp","href":"https:\/\/api.w.org\/{rel}","templated":true}]}}