{"id":4376983,"date":"2026-04-04T06:59:44","date_gmt":"2026-04-04T05:59:44","guid":{"rendered":"https:\/\/tupique.com\/produit\/smartphone-samsung-sm-s908b-68-12-gb-ram-256-gb-vert\/"},"modified":"2026-04-05T10:59:37","modified_gmt":"2026-04-05T09:59:37","slug":"smartphone-samsung-sm-s908b-68-12-gb-ram-256-gb-vert","status":"publish","type":"product","link":"https:\/\/tupique.com\/en\/product\/smartphone-samsung-sm-s908b-68-12-gb-ram-256-gb-vert\/","title":{"rendered":"Smartphone Samsung SM-S908B 6,8&#8243; 12 GB RAM 256 GB Vert"},"content":{"rendered":"<p>If you are passionate about\u2019<b>computer science and electronics<\/b>, If you're at the cutting edge of technology and don't want to miss a thing, buy <b>Smartphone Samsung SM-S908B 6,8&#8243; 12 GB RAM 256 GB Vert<\/b> at the best price.<\/p>\n<ul>\n<li>Resolution (px):\n<ul>\n<li>4320 X 7680 PX<\/li>\n<li>3088 X 1440 PX<\/li>\n<li>9000 X 12000 PX<\/li>\n<\/ul>\n<\/li>\n<li>Connections:\n<ul>\n<li>nano SIM<\/li>\n<li>USB-C<\/li>\n<li>USB 3.2<\/li>\n<li>Dual SIM<\/li>\n<\/ul>\n<\/li>\n<li>Features:\n<ul>\n<li>Fingerprint reader<\/li>\n<li>Electronic compass<\/li>\n<li>St\u00e9r\u00e9o<\/li>\n<li>Vibration<\/li>\n<li>R\u00e9sistant \u00e0 la poussi\u00e8re<\/li>\n<li>Touch screen<\/li>\n<li>Water-resistant<\/li>\n<li>Wireless<\/li>\n<\/ul>\n<\/li>\n<li>Capacit\u00e9 de la batterie: 5000 mAh<\/li>\n<li>Fr\u00e9quence: 120 Hz<\/li>\n<li>Connectivity:\n<ul>\n<li>Bluetooth 5.2<\/li>\n<li>6 GHz Wi-Fi<\/li>\n<li>Wi-Fi 5 GHz<\/li>\n<li>5G<\/li>\n<li>Galileo<\/li>\n<li>4G<\/li>\n<li>Wi-Fi<\/li>\n<li>Bluetooth<\/li>\n<li>GPS<\/li>\n<li>NFC<\/li>\n<li>BeiDou<\/li>\n<\/ul>\n<\/li>\n<li>Not included: AC adapter<\/li>\n<li>Type de flash: LED<\/li>\n<li>Acc\u00e9l\u00e9rom\u00e8tre: Oui<\/li>\n<li>Glonass: Oui<\/li>\n<li>Haut-parleur: Oui<\/li>\n<li>Chargeur sans fil: Oui<\/li>\n<li>Gyroscope: Oui<\/li>\n<li>Ecran tactile: Oui<\/li>\n<li>vitesse: 2,8 GHz<\/li>\n<li>R\u00e9solution: 500 PPP<\/li>\n<li>Compatible: Samsung Bixby<\/li>\n<li>Brille: 1750 CD \/ M\u00b2<\/li>\n<li>Poids approx.: 228 G<\/li>\n<li>Cores:\n<ul>\n<li>8 Cores<\/li>\n<li>8<\/li>\n<\/ul>\n<\/li>\n<li>Processeur: Exynos 2200<\/li>\n<li>Internal memory: 256 GB<\/li>\n<li>Technologie: 52.1 Dynamic AMOLED 2X<\/li>\n<li>Operating system:\n<ul>\n<li>Android 12<\/li>\n<li>Android<\/li>\n<\/ul>\n<\/li>\n<li>Zoom Optique: 10x<\/li>\n<li>Zoom Num\u00e9rique: 100x<\/li>\n<li>Functions:\n<ul>\n<li>Barometer<\/li>\n<li>Vibration<\/li>\n<\/ul>\n<\/li>\n<li>Couleur: Vert<\/li>\n<li>Type:\n<ul>\n<li>USB-C<\/li>\n<li>Smartphone<\/li>\n<\/ul>\n<\/li>\n<li>GPS: Oui<\/li>\n<li>Inclut: C\u00e2ble USB-C<\/li>\n<li>Classification IP: IP68<\/li>\n<li>Capteurs: Magn\u00e9tom\u00e8tre<\/li>\n<li>Facteur de forme: Bar<\/li>\n<li>Ecran: 6,8&#8243;<\/li>\n<li>Plug-in product: Yes<\/li>\n<li>Socket type: EU socket<\/li>\n<li>M\u00e9moire RAM: 12 GB RAM<\/li>\n<li>Diagonale de l&#8217;\u00e9cran (cm): 17,3 cm<\/li>\n<\/ul>","protected":false},"excerpt":{"rendered":"<p>Si vous \u00eates passionn\u00e9 d&#8217;informatique et d&#8217;\u00e9lectronique, si vous \u00eates \u00e0 la pointe de la technologie et qu&#8217;aucun d\u00e9tail ne<\/p>","protected":false},"featured_media":4376980,"comment_status":"open","ping_status":"closed","template":"","meta":{"_joinchat":[]},"product_brand":[157883],"product_cat":[157523,157516,157524],"product_tag":[157514,157522,157515],"class_list":{"0":"post-4376983","1":"product","2":"type-product","3":"status-publish","4":"has-post-thumbnail","6":"product_brand-brandp_576","7":"product_cat-electronique-telephonie-et-tablettes","8":"product_cat-informatique-electronique","9":"product_cat-telephones-portables","10":"product_tag-tag_933","11":"product_tag-tag_547","12":"product_tag-tag_1295","14":"first","15":"outofstock","16":"taxable","17":"shipping-taxable","18":"purchasable","19":"product-type-simple"},"yoast_head":"<!-- This site is optimized with the Yoast SEO plugin v27.2 - https:\/\/yoast.com\/product\/yoast-seo-wordpress\/ -->\n<title>Smartphone Samsung SM-S908B 6,8&quot; 12 GB RAM 256 GB Vert - Tupique<\/title>\n<meta name=\"description\" content=\"Vous cherchez Smartphone Samsung SM-S908B 6,8&quot; 12 GB RAM 256 GB Vert ? Achetez des produits chez Tupique. Profitez de la livraison gratuite pour obtenir Smartphone Samsung SM-S908B 6,8&quot; 12 GB RAM 256 GB Vert d\u00e8s maintenant.\" \/>\n<meta name=\"robots\" content=\"index, follow, max-snippet:-1, max-image-preview:large, max-video-preview:-1\" \/>\n<link rel=\"canonical\" href=\"https:\/\/tupique.com\/en\/product\/smartphone-samsung-sm-s908b-68-12-gb-ram-256-gb-vert\/\" \/>\n<meta property=\"og:locale\" content=\"en_GB\" \/>\n<meta property=\"og:type\" content=\"article\" \/>\n<meta property=\"og:title\" content=\"Smartphone Samsung SM-S908B 6,8&quot; 12 GB RAM 256 GB Vert - Tupique\" \/>\n<meta property=\"og:description\" content=\"Vous cherchez Smartphone Samsung SM-S908B 6,8&quot; 12 GB RAM 256 GB Vert ? Achetez des produits chez Tupique. Profitez de la livraison gratuite pour obtenir Smartphone Samsung SM-S908B 6,8&quot; 12 GB RAM 256 GB Vert d\u00e8s maintenant.\" \/>\n<meta property=\"og:url\" content=\"https:\/\/tupique.com\/en\/product\/smartphone-samsung-sm-s908b-68-12-gb-ram-256-gb-vert\/\" \/>\n<meta property=\"og:site_name\" content=\"Tupique\" \/>\n<meta property=\"article:modified_time\" content=\"2026-04-05T09:59:37+00:00\" \/>\n<meta property=\"og:image\" content=\"https:\/\/tupique.com\/wp-content\/uploads\/2026\/04\/8806094053364_M0803279_P00.jpg\" \/>\n\t<meta property=\"og:image:width\" content=\"1200\" \/>\n\t<meta property=\"og:image:height\" content=\"1200\" \/>\n\t<meta property=\"og:image:type\" content=\"image\/jpeg\" \/>\n<meta name=\"twitter:card\" content=\"summary_large_image\" \/>\n<meta name=\"twitter:label1\" content=\"Estimated reading time\" \/>\n\t<meta name=\"twitter:data1\" content=\"1 minute\" \/>\n<script type=\"application\/ld+json\" class=\"yoast-schema-graph\">{\"@context\":\"https:\/\/schema.org\",\"@graph\":[{\"@type\":\"WebPage\",\"@id\":\"https:\/\/tupique.com\/produit\/smartphone-samsung-sm-s908b-68-12-gb-ram-256-gb-vert\/\",\"url\":\"https:\/\/tupique.com\/produit\/smartphone-samsung-sm-s908b-68-12-gb-ram-256-gb-vert\/\",\"name\":\"Smartphone Samsung SM-S908B 6,8\\\" 12 GB RAM 256 GB Vert - Tupique\",\"isPartOf\":{\"@id\":\"https:\/\/tupique.com\/#website\"},\"primaryImageOfPage\":{\"@id\":\"https:\/\/tupique.com\/produit\/smartphone-samsung-sm-s908b-68-12-gb-ram-256-gb-vert\/#primaryimage\"},\"image\":{\"@id\":\"https:\/\/tupique.com\/produit\/smartphone-samsung-sm-s908b-68-12-gb-ram-256-gb-vert\/#primaryimage\"},\"thumbnailUrl\":\"https:\/\/tupique.com\/wp-content\/uploads\/2026\/04\/8806094053364_M0803279_P00.jpg\",\"datePublished\":\"2026-04-04T05:59:44+00:00\",\"dateModified\":\"2026-04-05T09:59:37+00:00\",\"description\":\"Vous cherchez Smartphone Samsung SM-S908B 6,8\\\" 12 GB RAM 256 GB Vert ? Achetez des produits chez Tupique. Profitez de la livraison gratuite pour obtenir Smartphone Samsung SM-S908B 6,8\\\" 12 GB RAM 256 GB Vert d\u00e8s maintenant.\",\"breadcrumb\":{\"@id\":\"https:\/\/tupique.com\/produit\/smartphone-samsung-sm-s908b-68-12-gb-ram-256-gb-vert\/#breadcrumb\"},\"inLanguage\":\"en-GB\",\"potentialAction\":[{\"@type\":\"ReadAction\",\"target\":[\"https:\/\/tupique.com\/produit\/smartphone-samsung-sm-s908b-68-12-gb-ram-256-gb-vert\/\"]}]},{\"@type\":\"ImageObject\",\"inLanguage\":\"en-GB\",\"@id\":\"https:\/\/tupique.com\/produit\/smartphone-samsung-sm-s908b-68-12-gb-ram-256-gb-vert\/#primaryimage\",\"url\":\"https:\/\/tupique.com\/wp-content\/uploads\/2026\/04\/8806094053364_M0803279_P00.jpg\",\"contentUrl\":\"https:\/\/tupique.com\/wp-content\/uploads\/2026\/04\/8806094053364_M0803279_P00.jpg\",\"width\":1200,\"height\":1200,\"caption\":\"M0803279_0\"},{\"@type\":\"BreadcrumbList\",\"@id\":\"https:\/\/tupique.com\/produit\/smartphone-samsung-sm-s908b-68-12-gb-ram-256-gb-vert\/#breadcrumb\",\"itemListElement\":[{\"@type\":\"ListItem\",\"position\":1,\"name\":\"In\u00edcio\",\"item\":\"https:\/\/tupique.com\/\"},{\"@type\":\"ListItem\",\"position\":2,\"name\":\"Boutique\",\"item\":\"https:\/\/tupique.com\/en\/boutique\/\"},{\"@type\":\"ListItem\",\"position\":3,\"name\":\"Smartphone Samsung SM-S908B 6,8&#8243; 12 GB RAM 256 GB Vert\"}]},{\"@type\":\"WebSite\",\"@id\":\"https:\/\/tupique.com\/#website\",\"url\":\"https:\/\/tupique.com\/\",\"name\":\"Tupique\",\"description\":\"Marketplace\",\"publisher\":{\"@id\":\"https:\/\/tupique.com\/#organization\"},\"potentialAction\":[{\"@type\":\"SearchAction\",\"target\":{\"@type\":\"EntryPoint\",\"urlTemplate\":\"https:\/\/tupique.com\/?s={search_term_string}\"},\"query-input\":{\"@type\":\"PropertyValueSpecification\",\"valueRequired\":true,\"valueName\":\"search_term_string\"}}],\"inLanguage\":\"en-GB\"},{\"@type\":\"Organization\",\"@id\":\"https:\/\/tupique.com\/#organization\",\"name\":\"Tupique\",\"url\":\"https:\/\/tupique.com\/\",\"logo\":{\"@type\":\"ImageObject\",\"inLanguage\":\"en-GB\",\"@id\":\"https:\/\/tupique.com\/#\/schema\/logo\/image\/\",\"url\":\"https:\/\/tupique.com\/wp-content\/uploads\/2024\/09\/logo.png\",\"contentUrl\":\"https:\/\/tupique.com\/wp-content\/uploads\/2024\/09\/logo.png\",\"width\":1118,\"height\":310,\"caption\":\"Tupique\"},\"image\":{\"@id\":\"https:\/\/tupique.com\/#\/schema\/logo\/image\/\"}}]}<\/script>\n<!-- \/ Yoast SEO plugin. -->","yoast_head_json":{"title":"Smartphone Samsung SM-S908B 6,8\" 12 GB RAM 256 GB Vert - Tupique","description":"Vous cherchez Smartphone Samsung SM-S908B 6,8\" 12 GB RAM 256 GB Vert ? Achetez des produits chez Tupique. Profitez de la livraison gratuite pour obtenir Smartphone Samsung SM-S908B 6,8\" 12 GB RAM 256 GB Vert d\u00e8s maintenant.","robots":{"index":"index","follow":"follow","max-snippet":"max-snippet:-1","max-image-preview":"max-image-preview:large","max-video-preview":"max-video-preview:-1"},"canonical":"https:\/\/tupique.com\/en\/product\/smartphone-samsung-sm-s908b-68-12-gb-ram-256-gb-vert\/","og_locale":"en_GB","og_type":"article","og_title":"Smartphone Samsung SM-S908B 6,8\" 12 GB RAM 256 GB Vert - Tupique","og_description":"Vous cherchez Smartphone Samsung SM-S908B 6,8\" 12 GB RAM 256 GB Vert ? Achetez des produits chez Tupique. Profitez de la livraison gratuite pour obtenir Smartphone Samsung SM-S908B 6,8\" 12 GB RAM 256 GB Vert d\u00e8s maintenant.","og_url":"https:\/\/tupique.com\/en\/product\/smartphone-samsung-sm-s908b-68-12-gb-ram-256-gb-vert\/","og_site_name":"Tupique","article_modified_time":"2026-04-05T09:59:37+00:00","og_image":[{"width":1200,"height":1200,"url":"https:\/\/tupique.com\/wp-content\/uploads\/2026\/04\/8806094053364_M0803279_P00.jpg","type":"image\/jpeg"}],"twitter_card":"summary_large_image","twitter_misc":{"Estimated reading time":"1 minute"},"schema":{"@context":"https:\/\/schema.org","@graph":[{"@type":"WebPage","@id":"https:\/\/tupique.com\/produit\/smartphone-samsung-sm-s908b-68-12-gb-ram-256-gb-vert\/","url":"https:\/\/tupique.com\/produit\/smartphone-samsung-sm-s908b-68-12-gb-ram-256-gb-vert\/","name":"Smartphone Samsung SM-S908B 6,8\" 12 GB RAM 256 GB Vert - Tupique","isPartOf":{"@id":"https:\/\/tupique.com\/#website"},"primaryImageOfPage":{"@id":"https:\/\/tupique.com\/produit\/smartphone-samsung-sm-s908b-68-12-gb-ram-256-gb-vert\/#primaryimage"},"image":{"@id":"https:\/\/tupique.com\/produit\/smartphone-samsung-sm-s908b-68-12-gb-ram-256-gb-vert\/#primaryimage"},"thumbnailUrl":"https:\/\/tupique.com\/wp-content\/uploads\/2026\/04\/8806094053364_M0803279_P00.jpg","datePublished":"2026-04-04T05:59:44+00:00","dateModified":"2026-04-05T09:59:37+00:00","description":"Vous cherchez Smartphone Samsung SM-S908B 6,8\" 12 GB RAM 256 GB Vert ? Achetez des produits chez Tupique. Profitez de la livraison gratuite pour obtenir Smartphone Samsung SM-S908B 6,8\" 12 GB RAM 256 GB Vert d\u00e8s maintenant.","breadcrumb":{"@id":"https:\/\/tupique.com\/produit\/smartphone-samsung-sm-s908b-68-12-gb-ram-256-gb-vert\/#breadcrumb"},"inLanguage":"en-GB","potentialAction":[{"@type":"ReadAction","target":["https:\/\/tupique.com\/produit\/smartphone-samsung-sm-s908b-68-12-gb-ram-256-gb-vert\/"]}]},{"@type":"ImageObject","inLanguage":"en-GB","@id":"https:\/\/tupique.com\/produit\/smartphone-samsung-sm-s908b-68-12-gb-ram-256-gb-vert\/#primaryimage","url":"https:\/\/tupique.com\/wp-content\/uploads\/2026\/04\/8806094053364_M0803279_P00.jpg","contentUrl":"https:\/\/tupique.com\/wp-content\/uploads\/2026\/04\/8806094053364_M0803279_P00.jpg","width":1200,"height":1200,"caption":"M0803279_0"},{"@type":"BreadcrumbList","@id":"https:\/\/tupique.com\/produit\/smartphone-samsung-sm-s908b-68-12-gb-ram-256-gb-vert\/#breadcrumb","itemListElement":[{"@type":"ListItem","position":1,"name":"In\u00edcio","item":"https:\/\/tupique.com\/"},{"@type":"ListItem","position":2,"name":"Boutique","item":"https:\/\/tupique.com\/en\/boutique\/"},{"@type":"ListItem","position":3,"name":"Smartphone Samsung SM-S908B 6,8&#8243; 12 GB RAM 256 GB Vert"}]},{"@type":"WebSite","@id":"https:\/\/tupique.com\/#website","url":"https:\/\/tupique.com\/","name":"Tupique","description":"Marketplace","publisher":{"@id":"https:\/\/tupique.com\/#organization"},"potentialAction":[{"@type":"SearchAction","target":{"@type":"EntryPoint","urlTemplate":"https:\/\/tupique.com\/?s={search_term_string}"},"query-input":{"@type":"PropertyValueSpecification","valueRequired":true,"valueName":"search_term_string"}}],"inLanguage":"en-GB"},{"@type":"Organization","@id":"https:\/\/tupique.com\/#organization","name":"Tupique","url":"https:\/\/tupique.com\/","logo":{"@type":"ImageObject","inLanguage":"en-GB","@id":"https:\/\/tupique.com\/#\/schema\/logo\/image\/","url":"https:\/\/tupique.com\/wp-content\/uploads\/2024\/09\/logo.png","contentUrl":"https:\/\/tupique.com\/wp-content\/uploads\/2024\/09\/logo.png","width":1118,"height":310,"caption":"Tupique"},"image":{"@id":"https:\/\/tupique.com\/#\/schema\/logo\/image\/"}}]}},"jetpack_sharing_enabled":true,"_links":{"self":[{"href":"https:\/\/tupique.com\/en\/wp-json\/wp\/v2\/product\/4376983","targetHints":{"allow":["GET"]}}],"collection":[{"href":"https:\/\/tupique.com\/en\/wp-json\/wp\/v2\/product"}],"about":[{"href":"https:\/\/tupique.com\/en\/wp-json\/wp\/v2\/types\/product"}],"replies":[{"embeddable":true,"href":"https:\/\/tupique.com\/en\/wp-json\/wp\/v2\/comments?post=4376983"}],"wp:featuredmedia":[{"embeddable":true,"href":"https:\/\/tupique.com\/en\/wp-json\/wp\/v2\/media\/4376980"}],"wp:attachment":[{"href":"https:\/\/tupique.com\/en\/wp-json\/wp\/v2\/media?parent=4376983"}],"wp:term":[{"taxonomy":"product_brand","embeddable":true,"href":"https:\/\/tupique.com\/en\/wp-json\/wp\/v2\/product_brand?post=4376983"},{"taxonomy":"product_cat","embeddable":true,"href":"https:\/\/tupique.com\/en\/wp-json\/wp\/v2\/product_cat?post=4376983"},{"taxonomy":"product_tag","embeddable":true,"href":"https:\/\/tupique.com\/en\/wp-json\/wp\/v2\/product_tag?post=4376983"}],"curies":[{"name":"wp","href":"https:\/\/api.w.org\/{rel}","templated":true}]}}