{"id":4376996,"date":"2026-04-04T06:59:56","date_gmt":"2026-04-04T05:59:56","guid":{"rendered":"https:\/\/tupique.com\/produit\/moniteur-videowall-lg-65tr3bq-b-aueq-4k-ultra-hd-65\/"},"modified":"2026-04-05T11:00:00","modified_gmt":"2026-04-05T10:00:00","slug":"moniteur-videowall-lg-65tr3bq-b-aueq-4k-ultra-hd-65","status":"publish","type":"product","link":"https:\/\/tupique.com\/en\/product\/moniteur-videowall-lg-65tr3bq-b-aueq-4k-ultra-hd-65\/","title":{"rendered":"Moniteur Videowall LG 65TR3BQ-B.AUEQ 4K Ultra HD 65&#8243;"},"content":{"rendered":"<p>If you're looking for the latest trends on the market, we've got you covered. <b>Moniteur Videowall LG 65TR3BQ-B.AUEQ 4K Ultra HD 65&#8243;<\/b> !<\/p>\n<ul>\n<li>Type: Moniteur Videowall<\/li>\n<li>Colour: Black<\/li>\n<li>Features:\n<ul>\n<li>Integrated speakers<\/li>\n<li>Touch screen<\/li>\n<li>2 loudspeakers<\/li>\n<\/ul>\n<\/li>\n<li>Connections:\n<ul>\n<li>HDMI<\/li>\n<li>USB-C<\/li>\n<li>USB 2.0<\/li>\n<li>RJ45<\/li>\n<li>S\/PDIF x 1<\/li>\n<li>HDMI 1.4<\/li>\n<\/ul>\n<\/li>\n<li>Aspect ratio: 16:9<\/li>\n<li>Format: 16:9<\/li>\n<li>Classification \u00e9nerg\u00e9tique: G<\/li>\n<li>Technology:\n<ul>\n<li>LED<\/li>\n<li>D-LED<\/li>\n<li>VA<\/li>\n<\/ul>\n<\/li>\n<li>Rapport de contraste: 5000:1<\/li>\n<li>Ecran: 65&#8243;<\/li>\n<li>Compatible:\n<ul>\n<li>Windows<\/li>\n<li>Linux<\/li>\n<li>Mac OS<\/li>\n<\/ul>\n<\/li>\n<li>Frequency: 50 - 60 Hz<\/li>\n<li>Connectivit\u00e9: Ethernet LAN<\/li>\n<li>VESA: 60 x 40 cm<\/li>\n<li>consommation d&#8217;\u00e9nergie: 400 W<\/li>\n<li>Resolution: 4K Ultra HD<\/li>\n<li>Tension: 100 &#8211; 240 V<\/li>\n<li>Connecteurs: RGB x 1<\/li>\n<li>Socket type: EU socket<\/li>\n<li>Flux lumineux: 350 lm<\/li>\n<li>Angle: 178\u00ba<\/li>\n<li>Working humidity range: 10 % - 90 %<\/li>\n<li>Montage: VESA<\/li>\n<li>Includes: User manual<\/li>\n<li>Utilisation recommand\u00e9e: Bureau\/Centre d&#8217;appels<\/li>\n<li>Resolution (px): 3840 x 2160 px<\/li>\n<li>Diagonale de l&#8217;\u00e9cran (cm): 165,1 cm<\/li>\n<li>Temps de r\u00e9ponse: 8 ms<\/li>\n<\/ul>","protected":false},"excerpt":{"rendered":"<p>Si vous \u00eates \u00e0 la recherche de nouvelles tendances sur le march\u00e9, nous vous pr\u00e9sentons Moniteur Videowall LG 65TR3BQ-B.AUEQ 4K<\/p>","protected":false},"featured_media":4376991,"comment_status":"open","ping_status":"closed","template":"","meta":{"_joinchat":[]},"product_brand":[157916],"product_cat":[157516,157517,157816],"product_tag":[157514,157515],"class_list":{"0":"post-4376996","1":"product","2":"type-product","3":"status-publish","4":"has-post-thumbnail","6":"product_brand-brandp_559","7":"product_cat-informatique-electronique","8":"product_cat-informatique-peripheriques-et-consommables","9":"product_cat-moniteurs","10":"product_tag-tag_933","11":"product_tag-tag_1295","13":"first","14":"instock","15":"taxable","16":"shipping-taxable","17":"purchasable","18":"product-type-simple"},"yoast_head":"<!-- This site is optimized with the Yoast SEO plugin v27.2 - https:\/\/yoast.com\/product\/yoast-seo-wordpress\/ -->\n<title>Moniteur Videowall LG 65TR3BQ-B.AUEQ 4K Ultra HD 65&quot; - Tupique<\/title>\n<meta name=\"description\" content=\"Vous cherchez Moniteur Videowall LG 65TR3BQ-B.AUEQ 4K Ultra HD 65&quot; ? Achetez des produits chez Tupique. Profitez de la livraison gratuite pour obtenir Moniteur Videowall LG 65TR3BQ-B.AUEQ 4K Ultra HD 65&quot; d\u00e8s maintenant.\" \/>\n<meta name=\"robots\" content=\"index, follow, max-snippet:-1, max-image-preview:large, max-video-preview:-1\" \/>\n<link rel=\"canonical\" href=\"https:\/\/tupique.com\/en\/product\/moniteur-videowall-lg-65tr3bq-b-aueq-4k-ultra-hd-65\/\" \/>\n<meta property=\"og:locale\" content=\"en_GB\" \/>\n<meta property=\"og:type\" content=\"article\" \/>\n<meta property=\"og:title\" content=\"Moniteur Videowall LG 65TR3BQ-B.AUEQ 4K Ultra HD 65&quot; - Tupique\" \/>\n<meta property=\"og:description\" content=\"Vous cherchez Moniteur Videowall LG 65TR3BQ-B.AUEQ 4K Ultra HD 65&quot; ? Achetez des produits chez Tupique. Profitez de la livraison gratuite pour obtenir Moniteur Videowall LG 65TR3BQ-B.AUEQ 4K Ultra HD 65&quot; d\u00e8s maintenant.\" \/>\n<meta property=\"og:url\" content=\"https:\/\/tupique.com\/en\/product\/moniteur-videowall-lg-65tr3bq-b-aueq-4k-ultra-hd-65\/\" \/>\n<meta property=\"og:site_name\" content=\"Tupique\" \/>\n<meta property=\"article:modified_time\" content=\"2026-04-05T10:00:00+00:00\" \/>\n<meta property=\"og:image\" content=\"https:\/\/tupique.com\/wp-content\/uploads\/2026\/04\/8806096536643_I00.jpg\" \/>\n\t<meta property=\"og:image:width\" content=\"1200\" \/>\n\t<meta property=\"og:image:height\" content=\"1200\" \/>\n\t<meta property=\"og:image:type\" content=\"image\/jpeg\" \/>\n<meta name=\"twitter:card\" content=\"summary_large_image\" \/>\n<meta name=\"twitter:label1\" content=\"Estimated reading time\" \/>\n\t<meta name=\"twitter:data1\" content=\"1 minute\" \/>\n<script type=\"application\/ld+json\" class=\"yoast-schema-graph\">{\"@context\":\"https:\/\/schema.org\",\"@graph\":[{\"@type\":\"WebPage\",\"@id\":\"https:\/\/tupique.com\/produit\/moniteur-videowall-lg-65tr3bq-b-aueq-4k-ultra-hd-65\/\",\"url\":\"https:\/\/tupique.com\/produit\/moniteur-videowall-lg-65tr3bq-b-aueq-4k-ultra-hd-65\/\",\"name\":\"Moniteur Videowall LG 65TR3BQ-B.AUEQ 4K Ultra HD 65\\\" - Tupique\",\"isPartOf\":{\"@id\":\"https:\/\/tupique.com\/#website\"},\"primaryImageOfPage\":{\"@id\":\"https:\/\/tupique.com\/produit\/moniteur-videowall-lg-65tr3bq-b-aueq-4k-ultra-hd-65\/#primaryimage\"},\"image\":{\"@id\":\"https:\/\/tupique.com\/produit\/moniteur-videowall-lg-65tr3bq-b-aueq-4k-ultra-hd-65\/#primaryimage\"},\"thumbnailUrl\":\"https:\/\/tupique.com\/wp-content\/uploads\/2026\/04\/8806096536643_I00.jpg\",\"datePublished\":\"2026-04-04T05:59:56+00:00\",\"dateModified\":\"2026-04-05T10:00:00+00:00\",\"description\":\"Vous cherchez Moniteur Videowall LG 65TR3BQ-B.AUEQ 4K Ultra HD 65\\\" ? Achetez des produits chez Tupique. Profitez de la livraison gratuite pour obtenir Moniteur Videowall LG 65TR3BQ-B.AUEQ 4K Ultra HD 65\\\" d\u00e8s maintenant.\",\"breadcrumb\":{\"@id\":\"https:\/\/tupique.com\/produit\/moniteur-videowall-lg-65tr3bq-b-aueq-4k-ultra-hd-65\/#breadcrumb\"},\"inLanguage\":\"en-GB\",\"potentialAction\":[{\"@type\":\"ReadAction\",\"target\":[\"https:\/\/tupique.com\/produit\/moniteur-videowall-lg-65tr3bq-b-aueq-4k-ultra-hd-65\/\"]}]},{\"@type\":\"ImageObject\",\"inLanguage\":\"en-GB\",\"@id\":\"https:\/\/tupique.com\/produit\/moniteur-videowall-lg-65tr3bq-b-aueq-4k-ultra-hd-65\/#primaryimage\",\"url\":\"https:\/\/tupique.com\/wp-content\/uploads\/2026\/04\/8806096536643_I00.jpg\",\"contentUrl\":\"https:\/\/tupique.com\/wp-content\/uploads\/2026\/04\/8806096536643_I00.jpg\",\"width\":1200,\"height\":1200,\"caption\":\"S55314116_0\"},{\"@type\":\"BreadcrumbList\",\"@id\":\"https:\/\/tupique.com\/produit\/moniteur-videowall-lg-65tr3bq-b-aueq-4k-ultra-hd-65\/#breadcrumb\",\"itemListElement\":[{\"@type\":\"ListItem\",\"position\":1,\"name\":\"In\u00edcio\",\"item\":\"https:\/\/tupique.com\/\"},{\"@type\":\"ListItem\",\"position\":2,\"name\":\"Boutique\",\"item\":\"https:\/\/tupique.com\/en\/boutique\/\"},{\"@type\":\"ListItem\",\"position\":3,\"name\":\"Moniteur Videowall LG 65TR3BQ-B.AUEQ 4K Ultra HD 65&#8243;\"}]},{\"@type\":\"WebSite\",\"@id\":\"https:\/\/tupique.com\/#website\",\"url\":\"https:\/\/tupique.com\/\",\"name\":\"Tupique\",\"description\":\"Marketplace\",\"publisher\":{\"@id\":\"https:\/\/tupique.com\/#organization\"},\"potentialAction\":[{\"@type\":\"SearchAction\",\"target\":{\"@type\":\"EntryPoint\",\"urlTemplate\":\"https:\/\/tupique.com\/?s={search_term_string}\"},\"query-input\":{\"@type\":\"PropertyValueSpecification\",\"valueRequired\":true,\"valueName\":\"search_term_string\"}}],\"inLanguage\":\"en-GB\"},{\"@type\":\"Organization\",\"@id\":\"https:\/\/tupique.com\/#organization\",\"name\":\"Tupique\",\"url\":\"https:\/\/tupique.com\/\",\"logo\":{\"@type\":\"ImageObject\",\"inLanguage\":\"en-GB\",\"@id\":\"https:\/\/tupique.com\/#\/schema\/logo\/image\/\",\"url\":\"https:\/\/tupique.com\/wp-content\/uploads\/2024\/09\/logo.png\",\"contentUrl\":\"https:\/\/tupique.com\/wp-content\/uploads\/2024\/09\/logo.png\",\"width\":1118,\"height\":310,\"caption\":\"Tupique\"},\"image\":{\"@id\":\"https:\/\/tupique.com\/#\/schema\/logo\/image\/\"}}]}<\/script>\n<!-- \/ Yoast SEO plugin. -->","yoast_head_json":{"title":"Moniteur Videowall LG 65TR3BQ-B.AUEQ 4K Ultra HD 65\" - Tupique","description":"Vous cherchez Moniteur Videowall LG 65TR3BQ-B.AUEQ 4K Ultra HD 65\" ? Achetez des produits chez Tupique. Profitez de la livraison gratuite pour obtenir Moniteur Videowall LG 65TR3BQ-B.AUEQ 4K Ultra HD 65\" d\u00e8s maintenant.","robots":{"index":"index","follow":"follow","max-snippet":"max-snippet:-1","max-image-preview":"max-image-preview:large","max-video-preview":"max-video-preview:-1"},"canonical":"https:\/\/tupique.com\/en\/product\/moniteur-videowall-lg-65tr3bq-b-aueq-4k-ultra-hd-65\/","og_locale":"en_GB","og_type":"article","og_title":"Moniteur Videowall LG 65TR3BQ-B.AUEQ 4K Ultra HD 65\" - Tupique","og_description":"Vous cherchez Moniteur Videowall LG 65TR3BQ-B.AUEQ 4K Ultra HD 65\" ? Achetez des produits chez Tupique. Profitez de la livraison gratuite pour obtenir Moniteur Videowall LG 65TR3BQ-B.AUEQ 4K Ultra HD 65\" d\u00e8s maintenant.","og_url":"https:\/\/tupique.com\/en\/product\/moniteur-videowall-lg-65tr3bq-b-aueq-4k-ultra-hd-65\/","og_site_name":"Tupique","article_modified_time":"2026-04-05T10:00:00+00:00","og_image":[{"width":1200,"height":1200,"url":"https:\/\/tupique.com\/wp-content\/uploads\/2026\/04\/8806096536643_I00.jpg","type":"image\/jpeg"}],"twitter_card":"summary_large_image","twitter_misc":{"Estimated reading time":"1 minute"},"schema":{"@context":"https:\/\/schema.org","@graph":[{"@type":"WebPage","@id":"https:\/\/tupique.com\/produit\/moniteur-videowall-lg-65tr3bq-b-aueq-4k-ultra-hd-65\/","url":"https:\/\/tupique.com\/produit\/moniteur-videowall-lg-65tr3bq-b-aueq-4k-ultra-hd-65\/","name":"Moniteur Videowall LG 65TR3BQ-B.AUEQ 4K Ultra HD 65\" - Tupique","isPartOf":{"@id":"https:\/\/tupique.com\/#website"},"primaryImageOfPage":{"@id":"https:\/\/tupique.com\/produit\/moniteur-videowall-lg-65tr3bq-b-aueq-4k-ultra-hd-65\/#primaryimage"},"image":{"@id":"https:\/\/tupique.com\/produit\/moniteur-videowall-lg-65tr3bq-b-aueq-4k-ultra-hd-65\/#primaryimage"},"thumbnailUrl":"https:\/\/tupique.com\/wp-content\/uploads\/2026\/04\/8806096536643_I00.jpg","datePublished":"2026-04-04T05:59:56+00:00","dateModified":"2026-04-05T10:00:00+00:00","description":"Vous cherchez Moniteur Videowall LG 65TR3BQ-B.AUEQ 4K Ultra HD 65\" ? Achetez des produits chez Tupique. Profitez de la livraison gratuite pour obtenir Moniteur Videowall LG 65TR3BQ-B.AUEQ 4K Ultra HD 65\" d\u00e8s maintenant.","breadcrumb":{"@id":"https:\/\/tupique.com\/produit\/moniteur-videowall-lg-65tr3bq-b-aueq-4k-ultra-hd-65\/#breadcrumb"},"inLanguage":"en-GB","potentialAction":[{"@type":"ReadAction","target":["https:\/\/tupique.com\/produit\/moniteur-videowall-lg-65tr3bq-b-aueq-4k-ultra-hd-65\/"]}]},{"@type":"ImageObject","inLanguage":"en-GB","@id":"https:\/\/tupique.com\/produit\/moniteur-videowall-lg-65tr3bq-b-aueq-4k-ultra-hd-65\/#primaryimage","url":"https:\/\/tupique.com\/wp-content\/uploads\/2026\/04\/8806096536643_I00.jpg","contentUrl":"https:\/\/tupique.com\/wp-content\/uploads\/2026\/04\/8806096536643_I00.jpg","width":1200,"height":1200,"caption":"S55314116_0"},{"@type":"BreadcrumbList","@id":"https:\/\/tupique.com\/produit\/moniteur-videowall-lg-65tr3bq-b-aueq-4k-ultra-hd-65\/#breadcrumb","itemListElement":[{"@type":"ListItem","position":1,"name":"In\u00edcio","item":"https:\/\/tupique.com\/"},{"@type":"ListItem","position":2,"name":"Boutique","item":"https:\/\/tupique.com\/en\/boutique\/"},{"@type":"ListItem","position":3,"name":"Moniteur Videowall LG 65TR3BQ-B.AUEQ 4K Ultra HD 65&#8243;"}]},{"@type":"WebSite","@id":"https:\/\/tupique.com\/#website","url":"https:\/\/tupique.com\/","name":"Tupique","description":"Marketplace","publisher":{"@id":"https:\/\/tupique.com\/#organization"},"potentialAction":[{"@type":"SearchAction","target":{"@type":"EntryPoint","urlTemplate":"https:\/\/tupique.com\/?s={search_term_string}"},"query-input":{"@type":"PropertyValueSpecification","valueRequired":true,"valueName":"search_term_string"}}],"inLanguage":"en-GB"},{"@type":"Organization","@id":"https:\/\/tupique.com\/#organization","name":"Tupique","url":"https:\/\/tupique.com\/","logo":{"@type":"ImageObject","inLanguage":"en-GB","@id":"https:\/\/tupique.com\/#\/schema\/logo\/image\/","url":"https:\/\/tupique.com\/wp-content\/uploads\/2024\/09\/logo.png","contentUrl":"https:\/\/tupique.com\/wp-content\/uploads\/2024\/09\/logo.png","width":1118,"height":310,"caption":"Tupique"},"image":{"@id":"https:\/\/tupique.com\/#\/schema\/logo\/image\/"}}]}},"jetpack_sharing_enabled":true,"_links":{"self":[{"href":"https:\/\/tupique.com\/en\/wp-json\/wp\/v2\/product\/4376996","targetHints":{"allow":["GET"]}}],"collection":[{"href":"https:\/\/tupique.com\/en\/wp-json\/wp\/v2\/product"}],"about":[{"href":"https:\/\/tupique.com\/en\/wp-json\/wp\/v2\/types\/product"}],"replies":[{"embeddable":true,"href":"https:\/\/tupique.com\/en\/wp-json\/wp\/v2\/comments?post=4376996"}],"wp:featuredmedia":[{"embeddable":true,"href":"https:\/\/tupique.com\/en\/wp-json\/wp\/v2\/media\/4376991"}],"wp:attachment":[{"href":"https:\/\/tupique.com\/en\/wp-json\/wp\/v2\/media?parent=4376996"}],"wp:term":[{"taxonomy":"product_brand","embeddable":true,"href":"https:\/\/tupique.com\/en\/wp-json\/wp\/v2\/product_brand?post=4376996"},{"taxonomy":"product_cat","embeddable":true,"href":"https:\/\/tupique.com\/en\/wp-json\/wp\/v2\/product_cat?post=4376996"},{"taxonomy":"product_tag","embeddable":true,"href":"https:\/\/tupique.com\/en\/wp-json\/wp\/v2\/product_tag?post=4376996"}],"curies":[{"name":"wp","href":"https:\/\/api.w.org\/{rel}","templated":true}]}}