{"id":4377009,"date":"2026-04-04T07:00:18","date_gmt":"2026-04-04T06:00:18","guid":{"rendered":"https:\/\/tupique.com\/produit\/webcam-jabra-8700-231-4k-ultra-hd\/"},"modified":"2026-04-04T07:00:18","modified_gmt":"2026-04-04T06:00:18","slug":"webcam-jabra-8700-231-4k-ultra-hd","status":"publish","type":"product","link":"https:\/\/tupique.com\/en\/product\/webcam-jabra-8700-231-4k-ultra-hd\/","title":{"rendered":"Webcam Jabra 8700-231 4K Ultra HD"},"content":{"rendered":"<p>If you're looking for the latest trends on the market, we've got you covered. <b>Webcam Jabra 8700-231 4K Ultra HD<\/b> !<\/p>\n<ul>\n<li>Type: Webcam<\/li>\n<li>Features:\n<ul>\n<li>Wireless<\/li>\n<li>Integrated speakers<\/li>\n<li>Built-in microphone<\/li>\n<li>Organisateur de C\u00e2bles<\/li>\n<\/ul>\n<\/li>\n<li>Colour: Black<\/li>\n<li>Connections:\n<ul>\n<li>HDMI<\/li>\n<li>USB<\/li>\n<li>USB-C<\/li>\n<li>RJ45<\/li>\n<li>USB 3.2<\/li>\n<li>USB-C 3.2 Gen 1 (3.1 Gen 1)<\/li>\n<\/ul>\n<\/li>\n<li>Connectivity:\n<ul>\n<li>Bluetooth<\/li>\n<li>Wi-Fi<\/li>\n<\/ul>\n<\/li>\n<li>Microphone int\u00e9gr\u00e9: Oui<\/li>\n<li>Material:\n<ul>\n<li>Aluminium<\/li>\n<li>Plastic<\/li>\n<\/ul>\n<\/li>\n<li>Largeur: 53 cm<\/li>\n<li>Pile incluse: Non<\/li>\n<li>Microphone: Incorpor\u00e9<\/li>\n<li>Technologie: Sans fil<\/li>\n<li>Resolution: 4K Ultra HD<\/li>\n<li>Tension: 100 &#8211; 240 V<\/li>\n<li>R\u00e9solution d&#8217;enregistrement de vid\u00e9o: 3840 x 2160 px<\/li>\n<li>Compatible: Windows, Mac, Linux, Chrome OS<\/li>\n<li>vitesse: 10\/100\/1000 Mbps<\/li>\n<li>Connecteurs: Kensington<\/li>\n<li>R\u00e9solution (px): 1080 px<\/li>\n<\/ul>","protected":false},"excerpt":{"rendered":"<p>Si vous \u00eates \u00e0 la recherche de nouvelles tendances sur le march\u00e9, nous vous pr\u00e9sentons Webcam Jabra 8700-231 4K Ultra<\/p>","protected":false},"featured_media":4376997,"comment_status":"open","ping_status":"closed","template":"","meta":{"_joinchat":[]},"product_brand":[158042],"product_cat":[157516,157517,157815],"product_tag":[157514,157515],"class_list":{"0":"post-4377009","1":"product","2":"type-product","3":"status-publish","4":"has-post-thumbnail","6":"product_brand-brandp_3341","7":"product_cat-informatique-electronique","8":"product_cat-informatique-peripheriques-et-consommables","9":"product_cat-webcam","10":"product_tag-tag_933","11":"product_tag-tag_1295","13":"first","14":"instock","15":"taxable","16":"shipping-taxable","17":"purchasable","18":"product-type-simple"},"yoast_head":"<!-- This site is optimized with the Yoast SEO plugin v27.2 - https:\/\/yoast.com\/product\/yoast-seo-wordpress\/ -->\n<title>Webcam Jabra 8700-231 4K Ultra HD - Tupique<\/title>\n<meta name=\"description\" content=\"Vous cherchez Webcam Jabra 8700-231 4K Ultra HD ? Achetez des produits chez Tupique. Profitez de la livraison gratuite pour obtenir Webcam Jabra 8700-231 4K Ultra HD d\u00e8s maintenant.\" \/>\n<meta name=\"robots\" content=\"index, follow, max-snippet:-1, max-image-preview:large, max-video-preview:-1\" \/>\n<link rel=\"canonical\" href=\"https:\/\/tupique.com\/en\/product\/webcam-jabra-8700-231-4k-ultra-hd\/\" \/>\n<meta property=\"og:locale\" content=\"en_GB\" \/>\n<meta property=\"og:type\" content=\"article\" \/>\n<meta property=\"og:title\" content=\"Webcam Jabra 8700-231 4K Ultra HD - Tupique\" \/>\n<meta property=\"og:description\" content=\"Vous cherchez Webcam Jabra 8700-231 4K Ultra HD ? Achetez des produits chez Tupique. Profitez de la livraison gratuite pour obtenir Webcam Jabra 8700-231 4K Ultra HD d\u00e8s maintenant.\" \/>\n<meta property=\"og:url\" content=\"https:\/\/tupique.com\/en\/product\/webcam-jabra-8700-231-4k-ultra-hd\/\" \/>\n<meta property=\"og:site_name\" content=\"Tupique\" \/>\n<meta name=\"twitter:card\" content=\"summary_large_image\" \/>\n<script type=\"application\/ld+json\" class=\"yoast-schema-graph\">{\"@context\":\"https:\/\/schema.org\",\"@graph\":[{\"@type\":\"WebPage\",\"@id\":\"https:\/\/tupique.com\/produit\/webcam-jabra-8700-231-4k-ultra-hd\/\",\"url\":\"https:\/\/tupique.com\/produit\/webcam-jabra-8700-231-4k-ultra-hd\/\",\"name\":\"Webcam Jabra 8700-231 4K Ultra HD - Tupique\",\"isPartOf\":{\"@id\":\"https:\/\/tupique.com\/#website\"},\"primaryImageOfPage\":{\"@id\":\"https:\/\/tupique.com\/produit\/webcam-jabra-8700-231-4k-ultra-hd\/#primaryimage\"},\"image\":{\"@id\":\"https:\/\/tupique.com\/produit\/webcam-jabra-8700-231-4k-ultra-hd\/#primaryimage\"},\"thumbnailUrl\":\"https:\/\/tupique.com\/wp-content\/uploads\/2026\/04\/5706991033861_S55306608_P00.jpg\",\"datePublished\":\"2026-04-04T06:00:18+00:00\",\"description\":\"Vous cherchez Webcam Jabra 8700-231 4K Ultra HD ? Achetez des produits chez Tupique. Profitez de la livraison gratuite pour obtenir Webcam Jabra 8700-231 4K Ultra HD d\u00e8s maintenant.\",\"breadcrumb\":{\"@id\":\"https:\/\/tupique.com\/produit\/webcam-jabra-8700-231-4k-ultra-hd\/#breadcrumb\"},\"inLanguage\":\"en-GB\",\"potentialAction\":[{\"@type\":\"ReadAction\",\"target\":[\"https:\/\/tupique.com\/produit\/webcam-jabra-8700-231-4k-ultra-hd\/\"]}]},{\"@type\":\"ImageObject\",\"inLanguage\":\"en-GB\",\"@id\":\"https:\/\/tupique.com\/produit\/webcam-jabra-8700-231-4k-ultra-hd\/#primaryimage\",\"url\":\"https:\/\/tupique.com\/wp-content\/uploads\/2026\/04\/5706991033861_S55306608_P00.jpg\",\"contentUrl\":\"https:\/\/tupique.com\/wp-content\/uploads\/2026\/04\/5706991033861_S55306608_P00.jpg\",\"width\":1200,\"height\":1200,\"caption\":\"S55306608_0\"},{\"@type\":\"BreadcrumbList\",\"@id\":\"https:\/\/tupique.com\/produit\/webcam-jabra-8700-231-4k-ultra-hd\/#breadcrumb\",\"itemListElement\":[{\"@type\":\"ListItem\",\"position\":1,\"name\":\"In\u00edcio\",\"item\":\"https:\/\/tupique.com\/\"},{\"@type\":\"ListItem\",\"position\":2,\"name\":\"Boutique\",\"item\":\"https:\/\/tupique.com\/en\/boutique\/\"},{\"@type\":\"ListItem\",\"position\":3,\"name\":\"Webcam Jabra 8700-231 4K Ultra HD\"}]},{\"@type\":\"WebSite\",\"@id\":\"https:\/\/tupique.com\/#website\",\"url\":\"https:\/\/tupique.com\/\",\"name\":\"Tupique\",\"description\":\"Marketplace\",\"publisher\":{\"@id\":\"https:\/\/tupique.com\/#organization\"},\"potentialAction\":[{\"@type\":\"SearchAction\",\"target\":{\"@type\":\"EntryPoint\",\"urlTemplate\":\"https:\/\/tupique.com\/?s={search_term_string}\"},\"query-input\":{\"@type\":\"PropertyValueSpecification\",\"valueRequired\":true,\"valueName\":\"search_term_string\"}}],\"inLanguage\":\"en-GB\"},{\"@type\":\"Organization\",\"@id\":\"https:\/\/tupique.com\/#organization\",\"name\":\"Tupique\",\"url\":\"https:\/\/tupique.com\/\",\"logo\":{\"@type\":\"ImageObject\",\"inLanguage\":\"en-GB\",\"@id\":\"https:\/\/tupique.com\/#\/schema\/logo\/image\/\",\"url\":\"https:\/\/tupique.com\/wp-content\/uploads\/2024\/09\/logo.png\",\"contentUrl\":\"https:\/\/tupique.com\/wp-content\/uploads\/2024\/09\/logo.png\",\"width\":1118,\"height\":310,\"caption\":\"Tupique\"},\"image\":{\"@id\":\"https:\/\/tupique.com\/#\/schema\/logo\/image\/\"}}]}<\/script>\n<!-- \/ Yoast SEO plugin. -->","yoast_head_json":{"title":"Webcam Jabra 8700-231 4K Ultra HD - Tupique","description":"Vous cherchez Webcam Jabra 8700-231 4K Ultra HD ? Achetez des produits chez Tupique. Profitez de la livraison gratuite pour obtenir Webcam Jabra 8700-231 4K Ultra HD d\u00e8s maintenant.","robots":{"index":"index","follow":"follow","max-snippet":"max-snippet:-1","max-image-preview":"max-image-preview:large","max-video-preview":"max-video-preview:-1"},"canonical":"https:\/\/tupique.com\/en\/product\/webcam-jabra-8700-231-4k-ultra-hd\/","og_locale":"en_GB","og_type":"article","og_title":"Webcam Jabra 8700-231 4K Ultra HD - Tupique","og_description":"Vous cherchez Webcam Jabra 8700-231 4K Ultra HD ? Achetez des produits chez Tupique. Profitez de la livraison gratuite pour obtenir Webcam Jabra 8700-231 4K Ultra HD d\u00e8s maintenant.","og_url":"https:\/\/tupique.com\/en\/product\/webcam-jabra-8700-231-4k-ultra-hd\/","og_site_name":"Tupique","twitter_card":"summary_large_image","schema":{"@context":"https:\/\/schema.org","@graph":[{"@type":"WebPage","@id":"https:\/\/tupique.com\/produit\/webcam-jabra-8700-231-4k-ultra-hd\/","url":"https:\/\/tupique.com\/produit\/webcam-jabra-8700-231-4k-ultra-hd\/","name":"Webcam Jabra 8700-231 4K Ultra HD - Tupique","isPartOf":{"@id":"https:\/\/tupique.com\/#website"},"primaryImageOfPage":{"@id":"https:\/\/tupique.com\/produit\/webcam-jabra-8700-231-4k-ultra-hd\/#primaryimage"},"image":{"@id":"https:\/\/tupique.com\/produit\/webcam-jabra-8700-231-4k-ultra-hd\/#primaryimage"},"thumbnailUrl":"https:\/\/tupique.com\/wp-content\/uploads\/2026\/04\/5706991033861_S55306608_P00.jpg","datePublished":"2026-04-04T06:00:18+00:00","description":"Vous cherchez Webcam Jabra 8700-231 4K Ultra HD ? Achetez des produits chez Tupique. Profitez de la livraison gratuite pour obtenir Webcam Jabra 8700-231 4K Ultra HD d\u00e8s maintenant.","breadcrumb":{"@id":"https:\/\/tupique.com\/produit\/webcam-jabra-8700-231-4k-ultra-hd\/#breadcrumb"},"inLanguage":"en-GB","potentialAction":[{"@type":"ReadAction","target":["https:\/\/tupique.com\/produit\/webcam-jabra-8700-231-4k-ultra-hd\/"]}]},{"@type":"ImageObject","inLanguage":"en-GB","@id":"https:\/\/tupique.com\/produit\/webcam-jabra-8700-231-4k-ultra-hd\/#primaryimage","url":"https:\/\/tupique.com\/wp-content\/uploads\/2026\/04\/5706991033861_S55306608_P00.jpg","contentUrl":"https:\/\/tupique.com\/wp-content\/uploads\/2026\/04\/5706991033861_S55306608_P00.jpg","width":1200,"height":1200,"caption":"S55306608_0"},{"@type":"BreadcrumbList","@id":"https:\/\/tupique.com\/produit\/webcam-jabra-8700-231-4k-ultra-hd\/#breadcrumb","itemListElement":[{"@type":"ListItem","position":1,"name":"In\u00edcio","item":"https:\/\/tupique.com\/"},{"@type":"ListItem","position":2,"name":"Boutique","item":"https:\/\/tupique.com\/en\/boutique\/"},{"@type":"ListItem","position":3,"name":"Webcam Jabra 8700-231 4K Ultra HD"}]},{"@type":"WebSite","@id":"https:\/\/tupique.com\/#website","url":"https:\/\/tupique.com\/","name":"Tupique","description":"Marketplace","publisher":{"@id":"https:\/\/tupique.com\/#organization"},"potentialAction":[{"@type":"SearchAction","target":{"@type":"EntryPoint","urlTemplate":"https:\/\/tupique.com\/?s={search_term_string}"},"query-input":{"@type":"PropertyValueSpecification","valueRequired":true,"valueName":"search_term_string"}}],"inLanguage":"en-GB"},{"@type":"Organization","@id":"https:\/\/tupique.com\/#organization","name":"Tupique","url":"https:\/\/tupique.com\/","logo":{"@type":"ImageObject","inLanguage":"en-GB","@id":"https:\/\/tupique.com\/#\/schema\/logo\/image\/","url":"https:\/\/tupique.com\/wp-content\/uploads\/2024\/09\/logo.png","contentUrl":"https:\/\/tupique.com\/wp-content\/uploads\/2024\/09\/logo.png","width":1118,"height":310,"caption":"Tupique"},"image":{"@id":"https:\/\/tupique.com\/#\/schema\/logo\/image\/"}}]}},"jetpack_sharing_enabled":true,"_links":{"self":[{"href":"https:\/\/tupique.com\/en\/wp-json\/wp\/v2\/product\/4377009","targetHints":{"allow":["GET"]}}],"collection":[{"href":"https:\/\/tupique.com\/en\/wp-json\/wp\/v2\/product"}],"about":[{"href":"https:\/\/tupique.com\/en\/wp-json\/wp\/v2\/types\/product"}],"replies":[{"embeddable":true,"href":"https:\/\/tupique.com\/en\/wp-json\/wp\/v2\/comments?post=4377009"}],"wp:featuredmedia":[{"embeddable":true,"href":"https:\/\/tupique.com\/en\/wp-json\/wp\/v2\/media\/4376997"}],"wp:attachment":[{"href":"https:\/\/tupique.com\/en\/wp-json\/wp\/v2\/media?parent=4377009"}],"wp:term":[{"taxonomy":"product_brand","embeddable":true,"href":"https:\/\/tupique.com\/en\/wp-json\/wp\/v2\/product_brand?post=4377009"},{"taxonomy":"product_cat","embeddable":true,"href":"https:\/\/tupique.com\/en\/wp-json\/wp\/v2\/product_cat?post=4377009"},{"taxonomy":"product_tag","embeddable":true,"href":"https:\/\/tupique.com\/en\/wp-json\/wp\/v2\/product_tag?post=4377009"}],"curies":[{"name":"wp","href":"https:\/\/api.w.org\/{rel}","templated":true}]}}