{"id":4377776,"date":"2026-04-04T23:58:51","date_gmt":"2026-04-04T22:58:51","guid":{"rendered":"https:\/\/tupique.com\/produit\/switch-netgear-gsm4212p-100eus-rj-45\/"},"modified":"2026-04-04T23:58:51","modified_gmt":"2026-04-04T22:58:51","slug":"switch-netgear-gsm4212p-100eus-rj-45","status":"publish","type":"product","link":"https:\/\/tupique.com\/en\/product\/switch-netgear-gsm4212p-100eus-rj-45\/","title":{"rendered":"Switch Netgear GSM4212P-100EUS RJ-45"},"content":{"rendered":"<p>If you are passionate about\u2019<b>computer science and electronics<\/b>, If you're at the cutting edge of technology and don't want to miss a thing, buy <b>Switch Netgear GSM4212P-100EUS RJ-45<\/b> at the best price.<\/p>\n<p>Le <b>Netgear GSM4212P-100EUS<\/b> est un <b>switch manageable<\/b> avanc\u00e9 offrant une solution robuste et flexible pour les r\u00e9seaux d\u2019entreprise n\u00e9cessitant performance et polyvalence. Cet appareil fonctionne en <b>couche 2 et couche 3<\/b>, fournissant des capacit\u00e9s de commutation et de routage qui optimisent les performances r\u00e9seau et facilitent la gestion du trafic. Il est \u00e9quip\u00e9 de <b>12 ports RJ45 Gigabit Ethernet (10\/100\/1000 Mbps)<\/b>, dont au moins <b>8 supportent l\u2019alimentation par Ethernet (PoE) jusqu\u2019\u00e0 30 W<\/b>, id\u00e9al pour alimenter des dispositifs tels que cam\u00e9ras IP, t\u00e9l\u00e9phones VoIP ou points d\u2019acc\u00e8s sans fil sans c\u00e2bles suppl\u00e9mentaires. Sa capacit\u00e9 de commutation atteint <b>24 Gbit\/s<\/b>, garantissant un transfert efficace m\u00eame dans des environnements \u00e0 fort volume de donn\u00e9es, tandis que la table d\u2019adresses MAC supporte jusqu\u2019\u00e0 <b>16 000 entr\u00e9es<\/b>, facilitant un contr\u00f4le pr\u00e9cis du trafic et une gestion efficace du r\u00e9seau. Il int\u00e8gre \u00e9galement la prise en charge de plusieurs standards r\u00e9seau essentiels, comme <b>IEEE 802.1D (Spanning Tree), 802.1Q (VLAN), 802.1s, 802.1w (RSTP), 802.1X (authentification port) et 802.3ad (agr\u00e9gation de liens)<\/b>, assurant une large compatibilit\u00e9 et s\u00e9curit\u00e9. Ce mod\u00e8le pr\u00e9sente un design compact avec un facteur de forme <b>1U pour montage en rack<\/b>, facilitant son int\u00e9gration dans les infrastructures existantes. Sa finition en <b>black<\/b> et sa m\u00e9moire interne de <b>2 Go<\/b> contribuent \u00e0 une gestion fluide et stable de l\u2019appareil. Le GSM4212P-100EUS est une option adapt\u00e9e aux r\u00e9seaux d\u2019entreprise recherchant une solution professionnelle avec des fonctions avanc\u00e9es de gestion, d\u2019alimentation PoE et une haute capacit\u00e9 de commutation pour supporter des applications critiques.<\/p>\n<ul>\n<li>Width: 44 cm<\/li>\n<li>Connections:\n<ul>\n<li>RJ45<\/li>\n<li>8<\/li>\n<li>PoE<\/li>\n<li>Ethernet LAN<\/li>\n<\/ul>\n<\/li>\n<li>Plug-in product: Yes<\/li>\n<li>Socket type: EU socket<\/li>\n<li>puissance:\n<ul>\n<li>150 W<\/li>\n<li>30 W<\/li>\n<\/ul>\n<\/li>\n<li>Type: Switch<\/li>\n<li>Bloc d\u2019Alimentation: r\u00e9seau \u00e9lectrique<\/li>\n<li>Colour: Black<\/li>\n<li>Support: Multisupport<\/li>\n<li>N\u00b0 de rainures: 2<\/li>\n<li>Ports: 12<\/li>\n<li>Processeur: ARM Cortex A9<\/li>\n<li>Form factor: 1U<\/li>\n<li>Pr\u00e9cision (humidit\u00e9 relative): 0 % &#8211; 90 %<\/li>\n<li>Approximate temperature: - 20\u00baC \/ 70\u00b0C<\/li>\n<li>S\u00e9curit\u00e9: IGMP<\/li>\n<li>Profondeur: 20 cm<\/li>\n<li>M\u00e9moire RAM: 2 GB<\/li>\n<\/ul>","protected":false},"excerpt":{"rendered":"<p>Si vous \u00eates passionn\u00e9 d&#8217;informatique et d&#8217;\u00e9lectronique, si vous \u00eates \u00e0 la pointe de la technologie et qu&#8217;aucun d\u00e9tail ne<\/p>","protected":false},"featured_media":4377773,"comment_status":"open","ping_status":"closed","template":"","meta":{"_joinchat":[]},"product_brand":[158073],"product_cat":[157516,157520,157585],"product_tag":[157515],"class_list":{"0":"post-4377776","1":"product","2":"type-product","3":"status-publish","4":"has-post-thumbnail","6":"product_brand-brandp_567","7":"product_cat-informatique-electronique","8":"product_cat-informatique-reseaux-et-composants","9":"product_cat-switch","10":"product_tag-tag_1295","12":"first","13":"instock","14":"taxable","15":"shipping-taxable","16":"purchasable","17":"product-type-simple"},"yoast_head":"<!-- This site is optimized with the Yoast SEO plugin v27.2 - https:\/\/yoast.com\/product\/yoast-seo-wordpress\/ -->\n<title>Switch Netgear GSM4212P-100EUS RJ-45 - Tupique<\/title>\n<meta name=\"description\" content=\"Vous cherchez Switch Netgear GSM4212P-100EUS RJ-45 ? Achetez des produits chez Tupique. Profitez de la livraison gratuite pour obtenir Switch Netgear GSM4212P-100EUS RJ-45 d\u00e8s maintenant.\" \/>\n<meta name=\"robots\" content=\"index, follow, max-snippet:-1, max-image-preview:large, max-video-preview:-1\" \/>\n<link rel=\"canonical\" href=\"https:\/\/tupique.com\/en\/product\/switch-netgear-gsm4212p-100eus-rj-45\/\" \/>\n<meta property=\"og:locale\" content=\"en_GB\" \/>\n<meta property=\"og:type\" content=\"article\" \/>\n<meta property=\"og:title\" content=\"Switch Netgear GSM4212P-100EUS RJ-45 - Tupique\" \/>\n<meta property=\"og:description\" content=\"Vous cherchez Switch Netgear GSM4212P-100EUS RJ-45 ? Achetez des produits chez Tupique. Profitez de la livraison gratuite pour obtenir Switch Netgear GSM4212P-100EUS RJ-45 d\u00e8s maintenant.\" \/>\n<meta property=\"og:url\" content=\"https:\/\/tupique.com\/en\/product\/switch-netgear-gsm4212p-100eus-rj-45\/\" \/>\n<meta property=\"og:site_name\" content=\"Tupique\" \/>\n<meta name=\"twitter:card\" content=\"summary_large_image\" \/>\n<meta name=\"twitter:label1\" content=\"Estimated reading time\" \/>\n\t<meta name=\"twitter:data1\" content=\"2 minutes\" \/>\n<script type=\"application\/ld+json\" class=\"yoast-schema-graph\">{\"@context\":\"https:\/\/schema.org\",\"@graph\":[{\"@type\":\"WebPage\",\"@id\":\"https:\/\/tupique.com\/produit\/switch-netgear-gsm4212p-100eus-rj-45\/\",\"url\":\"https:\/\/tupique.com\/produit\/switch-netgear-gsm4212p-100eus-rj-45\/\",\"name\":\"Switch Netgear GSM4212P-100EUS RJ-45 - Tupique\",\"isPartOf\":{\"@id\":\"https:\/\/tupique.com\/#website\"},\"primaryImageOfPage\":{\"@id\":\"https:\/\/tupique.com\/produit\/switch-netgear-gsm4212p-100eus-rj-45\/#primaryimage\"},\"image\":{\"@id\":\"https:\/\/tupique.com\/produit\/switch-netgear-gsm4212p-100eus-rj-45\/#primaryimage\"},\"thumbnailUrl\":\"https:\/\/tupique.com\/wp-content\/uploads\/2026\/04\/469191462.jpg\",\"datePublished\":\"2026-04-04T22:58:51+00:00\",\"description\":\"Vous cherchez Switch Netgear GSM4212P-100EUS RJ-45 ? Achetez des produits chez Tupique. Profitez de la livraison gratuite pour obtenir Switch Netgear GSM4212P-100EUS RJ-45 d\u00e8s maintenant.\",\"breadcrumb\":{\"@id\":\"https:\/\/tupique.com\/produit\/switch-netgear-gsm4212p-100eus-rj-45\/#breadcrumb\"},\"inLanguage\":\"en-GB\",\"potentialAction\":[{\"@type\":\"ReadAction\",\"target\":[\"https:\/\/tupique.com\/produit\/switch-netgear-gsm4212p-100eus-rj-45\/\"]}]},{\"@type\":\"ImageObject\",\"inLanguage\":\"en-GB\",\"@id\":\"https:\/\/tupique.com\/produit\/switch-netgear-gsm4212p-100eus-rj-45\/#primaryimage\",\"url\":\"https:\/\/tupique.com\/wp-content\/uploads\/2026\/04\/469191462.jpg\",\"contentUrl\":\"https:\/\/tupique.com\/wp-content\/uploads\/2026\/04\/469191462.jpg\",\"width\":1200,\"height\":1200,\"caption\":\"S55068957_0\"},{\"@type\":\"BreadcrumbList\",\"@id\":\"https:\/\/tupique.com\/produit\/switch-netgear-gsm4212p-100eus-rj-45\/#breadcrumb\",\"itemListElement\":[{\"@type\":\"ListItem\",\"position\":1,\"name\":\"In\u00edcio\",\"item\":\"https:\/\/tupique.com\/\"},{\"@type\":\"ListItem\",\"position\":2,\"name\":\"Boutique\",\"item\":\"https:\/\/tupique.com\/en\/boutique\/\"},{\"@type\":\"ListItem\",\"position\":3,\"name\":\"Switch Netgear GSM4212P-100EUS RJ-45\"}]},{\"@type\":\"WebSite\",\"@id\":\"https:\/\/tupique.com\/#website\",\"url\":\"https:\/\/tupique.com\/\",\"name\":\"Tupique\",\"description\":\"Marketplace\",\"publisher\":{\"@id\":\"https:\/\/tupique.com\/#organization\"},\"potentialAction\":[{\"@type\":\"SearchAction\",\"target\":{\"@type\":\"EntryPoint\",\"urlTemplate\":\"https:\/\/tupique.com\/?s={search_term_string}\"},\"query-input\":{\"@type\":\"PropertyValueSpecification\",\"valueRequired\":true,\"valueName\":\"search_term_string\"}}],\"inLanguage\":\"en-GB\"},{\"@type\":\"Organization\",\"@id\":\"https:\/\/tupique.com\/#organization\",\"name\":\"Tupique\",\"url\":\"https:\/\/tupique.com\/\",\"logo\":{\"@type\":\"ImageObject\",\"inLanguage\":\"en-GB\",\"@id\":\"https:\/\/tupique.com\/#\/schema\/logo\/image\/\",\"url\":\"https:\/\/tupique.com\/wp-content\/uploads\/2024\/09\/logo.png\",\"contentUrl\":\"https:\/\/tupique.com\/wp-content\/uploads\/2024\/09\/logo.png\",\"width\":1118,\"height\":310,\"caption\":\"Tupique\"},\"image\":{\"@id\":\"https:\/\/tupique.com\/#\/schema\/logo\/image\/\"}}]}<\/script>\n<!-- \/ Yoast SEO plugin. -->","yoast_head_json":{"title":"Switch Netgear GSM4212P-100EUS RJ-45 - Tupique","description":"Vous cherchez Switch Netgear GSM4212P-100EUS RJ-45 ? Achetez des produits chez Tupique. Profitez de la livraison gratuite pour obtenir Switch Netgear GSM4212P-100EUS RJ-45 d\u00e8s maintenant.","robots":{"index":"index","follow":"follow","max-snippet":"max-snippet:-1","max-image-preview":"max-image-preview:large","max-video-preview":"max-video-preview:-1"},"canonical":"https:\/\/tupique.com\/en\/product\/switch-netgear-gsm4212p-100eus-rj-45\/","og_locale":"en_GB","og_type":"article","og_title":"Switch Netgear GSM4212P-100EUS RJ-45 - Tupique","og_description":"Vous cherchez Switch Netgear GSM4212P-100EUS RJ-45 ? Achetez des produits chez Tupique. Profitez de la livraison gratuite pour obtenir Switch Netgear GSM4212P-100EUS RJ-45 d\u00e8s maintenant.","og_url":"https:\/\/tupique.com\/en\/product\/switch-netgear-gsm4212p-100eus-rj-45\/","og_site_name":"Tupique","twitter_card":"summary_large_image","twitter_misc":{"Estimated reading time":"2 minutes"},"schema":{"@context":"https:\/\/schema.org","@graph":[{"@type":"WebPage","@id":"https:\/\/tupique.com\/produit\/switch-netgear-gsm4212p-100eus-rj-45\/","url":"https:\/\/tupique.com\/produit\/switch-netgear-gsm4212p-100eus-rj-45\/","name":"Switch Netgear GSM4212P-100EUS RJ-45 - Tupique","isPartOf":{"@id":"https:\/\/tupique.com\/#website"},"primaryImageOfPage":{"@id":"https:\/\/tupique.com\/produit\/switch-netgear-gsm4212p-100eus-rj-45\/#primaryimage"},"image":{"@id":"https:\/\/tupique.com\/produit\/switch-netgear-gsm4212p-100eus-rj-45\/#primaryimage"},"thumbnailUrl":"https:\/\/tupique.com\/wp-content\/uploads\/2026\/04\/469191462.jpg","datePublished":"2026-04-04T22:58:51+00:00","description":"Vous cherchez Switch Netgear GSM4212P-100EUS RJ-45 ? Achetez des produits chez Tupique. Profitez de la livraison gratuite pour obtenir Switch Netgear GSM4212P-100EUS RJ-45 d\u00e8s maintenant.","breadcrumb":{"@id":"https:\/\/tupique.com\/produit\/switch-netgear-gsm4212p-100eus-rj-45\/#breadcrumb"},"inLanguage":"en-GB","potentialAction":[{"@type":"ReadAction","target":["https:\/\/tupique.com\/produit\/switch-netgear-gsm4212p-100eus-rj-45\/"]}]},{"@type":"ImageObject","inLanguage":"en-GB","@id":"https:\/\/tupique.com\/produit\/switch-netgear-gsm4212p-100eus-rj-45\/#primaryimage","url":"https:\/\/tupique.com\/wp-content\/uploads\/2026\/04\/469191462.jpg","contentUrl":"https:\/\/tupique.com\/wp-content\/uploads\/2026\/04\/469191462.jpg","width":1200,"height":1200,"caption":"S55068957_0"},{"@type":"BreadcrumbList","@id":"https:\/\/tupique.com\/produit\/switch-netgear-gsm4212p-100eus-rj-45\/#breadcrumb","itemListElement":[{"@type":"ListItem","position":1,"name":"In\u00edcio","item":"https:\/\/tupique.com\/"},{"@type":"ListItem","position":2,"name":"Boutique","item":"https:\/\/tupique.com\/en\/boutique\/"},{"@type":"ListItem","position":3,"name":"Switch Netgear GSM4212P-100EUS RJ-45"}]},{"@type":"WebSite","@id":"https:\/\/tupique.com\/#website","url":"https:\/\/tupique.com\/","name":"Tupique","description":"Marketplace","publisher":{"@id":"https:\/\/tupique.com\/#organization"},"potentialAction":[{"@type":"SearchAction","target":{"@type":"EntryPoint","urlTemplate":"https:\/\/tupique.com\/?s={search_term_string}"},"query-input":{"@type":"PropertyValueSpecification","valueRequired":true,"valueName":"search_term_string"}}],"inLanguage":"en-GB"},{"@type":"Organization","@id":"https:\/\/tupique.com\/#organization","name":"Tupique","url":"https:\/\/tupique.com\/","logo":{"@type":"ImageObject","inLanguage":"en-GB","@id":"https:\/\/tupique.com\/#\/schema\/logo\/image\/","url":"https:\/\/tupique.com\/wp-content\/uploads\/2024\/09\/logo.png","contentUrl":"https:\/\/tupique.com\/wp-content\/uploads\/2024\/09\/logo.png","width":1118,"height":310,"caption":"Tupique"},"image":{"@id":"https:\/\/tupique.com\/#\/schema\/logo\/image\/"}}]}},"jetpack_sharing_enabled":true,"_links":{"self":[{"href":"https:\/\/tupique.com\/en\/wp-json\/wp\/v2\/product\/4377776","targetHints":{"allow":["GET"]}}],"collection":[{"href":"https:\/\/tupique.com\/en\/wp-json\/wp\/v2\/product"}],"about":[{"href":"https:\/\/tupique.com\/en\/wp-json\/wp\/v2\/types\/product"}],"replies":[{"embeddable":true,"href":"https:\/\/tupique.com\/en\/wp-json\/wp\/v2\/comments?post=4377776"}],"wp:featuredmedia":[{"embeddable":true,"href":"https:\/\/tupique.com\/en\/wp-json\/wp\/v2\/media\/4377773"}],"wp:attachment":[{"href":"https:\/\/tupique.com\/en\/wp-json\/wp\/v2\/media?parent=4377776"}],"wp:term":[{"taxonomy":"product_brand","embeddable":true,"href":"https:\/\/tupique.com\/en\/wp-json\/wp\/v2\/product_brand?post=4377776"},{"taxonomy":"product_cat","embeddable":true,"href":"https:\/\/tupique.com\/en\/wp-json\/wp\/v2\/product_cat?post=4377776"},{"taxonomy":"product_tag","embeddable":true,"href":"https:\/\/tupique.com\/en\/wp-json\/wp\/v2\/product_tag?post=4377776"}],"curies":[{"name":"wp","href":"https:\/\/api.w.org\/{rel}","templated":true}]}}