{"id":4377792,"date":"2026-04-04T23:59:12","date_gmt":"2026-04-04T22:59:12","guid":{"rendered":"https:\/\/tupique.com\/produit\/scanner-epson-b11b261401\/"},"modified":"2026-04-04T23:59:12","modified_gmt":"2026-04-04T22:59:12","slug":"scanner-epson-b11b261401","status":"publish","type":"product","link":"https:\/\/tupique.com\/en\/product\/scanner-epson-b11b261401\/","title":{"rendered":"Scanner Epson B11B261401"},"content":{"rendered":"<p>If you are passionate about\u2019<b>computer science and electronics<\/b>, If you're at the cutting edge of technology and don't want to miss a thing, buy <b>Scanner Epson B11B261401          <\/b> at the best price.<\/p>\n<p>Le <b>scanner Epson B11B261401<\/b> est un appareil professionnel con\u00e7u pour offrir des performances avanc\u00e9es dans le traitement de documents en environnements exigeants. Ce <b>scanner \u00e0 alimentation feuille<\/b> se distingue par sa capacit\u00e9 \u00e0 g\u00e9rer une large vari\u00e9t\u00e9 de supports gr\u00e2ce \u00e0 une <b>r\u00e9solution optique de 600 x 600 dpi<\/b> garantissant des images nettes et de haute qualit\u00e9. Il int\u00e8gre un syst\u00e8me actif de rouleaux de s\u00e9paration qui \u00e9vite les doubles alimentations, am\u00e9liorant l\u2019efficacit\u00e9 et r\u00e9duisant les erreurs de num\u00e9risation, avec d\u00e9tection automatique de ces incidents (DFDS), permettant de num\u00e9riser sans probl\u00e8me des documents d\u00e9licats comme des enveloppes ou des papiers avec notes adh\u00e9sives. Sa capacit\u00e9 de num\u00e9risation recto verso en un seul passage acc\u00e9l\u00e8re le flux de travail, tandis que la polyvalence est renforc\u00e9e par un kit optionnel de conversion en scanner \u00e0 plat, facilitant la num\u00e9risation de timbres, passeports ou livres. Il accepte des documents de 27 \u00e0 413 gsm, couvrant de nombreux besoins. La feuille guide A3 facilite la num\u00e9risation de documents plus grands que le format A4 en les assemblant num\u00e9riquement. C\u00f4t\u00e9 connectivit\u00e9, ce mod\u00e8le offre une flexibilit\u00e9 via USB 3.0 haute vitesse et Bluetooth, assurant la compatibilit\u00e9 avec plusieurs syst\u00e8mes d\u2019exploitation, dont Linux, et optimisant l\u2019int\u00e9gration en environnements vari\u00e9s. Le scanner inclut des pilotes TWAIN et ISIS pour une meilleure compatibilit\u00e9 avec les syst\u00e8mes professionnels de gestion documentaire et poss\u00e8de une profondeur de couleur de 30 bits am\u00e9liorant la fid\u00e9lit\u00e9 des couleurs captur\u00e9es. Son capteur CIS utilise une technologie d\u2019\u00e9clairage LED RGB, r\u00e9duisant la consommation d\u2019\u00e9nergie tout en am\u00e9liorant la qualit\u00e9 d\u2019image. Le chargeur automatique peut contenir jusqu\u2019\u00e0 50 feuilles et supporte un cycle quotidien maximal de 4000 pages, adapt\u00e9 \u00e0 un usage professionnel intensif. Son design pr\u00e9sente des finitions en blanc et noir, s\u2019int\u00e9grant \u00e0 tout espace de travail. Le logiciel Epson Scan 2.0 facilite la correction automatique des d\u00e9viations et rotations, tandis que Document Capture Pro int\u00e8gre les fonctions de gestion et stockage des documents \u00e9lectroniques d\u2019un simple clic. En r\u00e9sum\u00e9, l\u2019Epson B11B261401 est un <b>scanner polyvalent, efficace et avanc\u00e9<\/b>, id\u00e9al pour les professionnels exigeant pr\u00e9cision, rapidit\u00e9 et large compatibilit\u00e9 technique.<\/p>\n<ul>\n<li>Type: Scanner<\/li>\n<li>Plug-in product: Yes<\/li>\n<li>Socket type: EU socket<\/li>\n<li>Bloc d\u2019Alimentation:\n<ul>\n<li>r\u00e9seau \u00e9lectrique<\/li>\n<li>Cordon d&#8217;alimentation CA<\/li>\n<li>CA<\/li>\n<\/ul>\n<\/li>\n<li>Colour:\n<ul>\n<li>White<\/li>\n<li>Black<\/li>\n<\/ul>\n<\/li>\n<li>Connections:\n<ul>\n<li>USB 3.2<\/li>\n<li>USB<\/li>\n<\/ul>\n<\/li>\n<li>R\u00e9solution d&#8217;image maximale: 600 x 600 dpi<\/li>\n<li>Capteur: CIS<\/li>\n<li>Tension d&#8217;entr\u00e9e AC: 24 V<\/li>\n<li>Built-in screen: No<\/li>\n<li>Features:\n<ul>\n<li>Guarantee<\/li>\n<li>Double-sided scanner<\/li>\n<\/ul>\n<\/li>\n<li>Connectivit\u00e9: Bluetooth<\/li>\n<li>Tension: 24 V<\/li>\n<li>Scanner: 600 x 600 dpi<\/li>\n<li>Compatible:\n<ul>\n<li>Linux<\/li>\n<li>PC<\/li>\n<\/ul>\n<\/li>\n<li>Papier: A4<\/li>\n<li>speed:\n<ul>\n<li>35-70 ppm<\/li>\n<li>35 ppm<\/li>\n<\/ul>\n<\/li>\n<li>Contr\u00f4le: App<\/li>\n<li>consommation d&#8217;\u00e9nergie: 11 kWh<\/li>\n<\/ul>","protected":false},"excerpt":{"rendered":"<p>Si vous \u00eates passionn\u00e9 d&#8217;informatique et d&#8217;\u00e9lectronique, si vous \u00eates \u00e0 la pointe de la technologie et qu&#8217;aucun d\u00e9tail ne<\/p>","protected":false},"featured_media":4377791,"comment_status":"open","ping_status":"closed","template":"","meta":{"_joinchat":[]},"product_brand":[157910],"product_cat":[157516,157517,158047],"product_tag":[157514,157515],"class_list":{"0":"post-4377792","1":"product","2":"type-product","3":"status-publish","4":"has-post-thumbnail","6":"product_brand-brandp_547","7":"product_cat-informatique-electronique","8":"product_cat-informatique-peripheriques-et-consommables","9":"product_cat-scanners","10":"product_tag-tag_933","11":"product_tag-tag_1295","13":"first","14":"instock","15":"taxable","16":"shipping-taxable","17":"purchasable","18":"product-type-simple"},"yoast_head":"<!-- This site is optimized with the Yoast SEO plugin v27.2 - https:\/\/yoast.com\/product\/yoast-seo-wordpress\/ -->\n<title>Scanner Epson B11B261401 - Tupique<\/title>\n<meta name=\"description\" content=\"Vous cherchez Scanner Epson B11B261401 ? Achetez des produits chez Tupique. Profitez de la livraison gratuite pour obtenir Scanner Epson B11B261401 d\u00e8s maintenant.\" \/>\n<meta name=\"robots\" content=\"index, follow, max-snippet:-1, max-image-preview:large, max-video-preview:-1\" \/>\n<link rel=\"canonical\" href=\"https:\/\/tupique.com\/en\/product\/scanner-epson-b11b261401\/\" \/>\n<meta property=\"og:locale\" content=\"en_GB\" \/>\n<meta property=\"og:type\" content=\"article\" \/>\n<meta property=\"og:title\" content=\"Scanner Epson B11B261401 - Tupique\" \/>\n<meta property=\"og:description\" content=\"Vous cherchez Scanner Epson B11B261401 ? Achetez des produits chez Tupique. Profitez de la livraison gratuite pour obtenir Scanner Epson B11B261401 d\u00e8s maintenant.\" \/>\n<meta property=\"og:url\" content=\"https:\/\/tupique.com\/en\/product\/scanner-epson-b11b261401\/\" \/>\n<meta property=\"og:site_name\" content=\"Tupique\" \/>\n<meta name=\"twitter:card\" content=\"summary_large_image\" \/>\n<meta name=\"twitter:label1\" content=\"Estimated reading time\" \/>\n\t<meta name=\"twitter:data1\" content=\"2 minutes\" \/>\n<script type=\"application\/ld+json\" class=\"yoast-schema-graph\">{\"@context\":\"https:\/\/schema.org\",\"@graph\":[{\"@type\":\"WebPage\",\"@id\":\"https:\/\/tupique.com\/produit\/scanner-epson-b11b261401\/\",\"url\":\"https:\/\/tupique.com\/produit\/scanner-epson-b11b261401\/\",\"name\":\"Scanner Epson B11B261401 - Tupique\",\"isPartOf\":{\"@id\":\"https:\/\/tupique.com\/#website\"},\"primaryImageOfPage\":{\"@id\":\"https:\/\/tupique.com\/produit\/scanner-epson-b11b261401\/#primaryimage\"},\"image\":{\"@id\":\"https:\/\/tupique.com\/produit\/scanner-epson-b11b261401\/#primaryimage\"},\"thumbnailUrl\":\"https:\/\/tupique.com\/wp-content\/uploads\/2026\/04\/520951293.jpg\",\"datePublished\":\"2026-04-04T22:59:12+00:00\",\"description\":\"Vous cherchez Scanner Epson B11B261401 ? Achetez des produits chez Tupique. Profitez de la livraison gratuite pour obtenir Scanner Epson B11B261401 d\u00e8s maintenant.\",\"breadcrumb\":{\"@id\":\"https:\/\/tupique.com\/produit\/scanner-epson-b11b261401\/#breadcrumb\"},\"inLanguage\":\"en-GB\",\"potentialAction\":[{\"@type\":\"ReadAction\",\"target\":[\"https:\/\/tupique.com\/produit\/scanner-epson-b11b261401\/\"]}]},{\"@type\":\"ImageObject\",\"inLanguage\":\"en-GB\",\"@id\":\"https:\/\/tupique.com\/produit\/scanner-epson-b11b261401\/#primaryimage\",\"url\":\"https:\/\/tupique.com\/wp-content\/uploads\/2026\/04\/520951293.jpg\",\"contentUrl\":\"https:\/\/tupique.com\/wp-content\/uploads\/2026\/04\/520951293.jpg\",\"width\":1200,\"height\":1200,\"caption\":\"S55010175_0\"},{\"@type\":\"BreadcrumbList\",\"@id\":\"https:\/\/tupique.com\/produit\/scanner-epson-b11b261401\/#breadcrumb\",\"itemListElement\":[{\"@type\":\"ListItem\",\"position\":1,\"name\":\"In\u00edcio\",\"item\":\"https:\/\/tupique.com\/\"},{\"@type\":\"ListItem\",\"position\":2,\"name\":\"Boutique\",\"item\":\"https:\/\/tupique.com\/en\/boutique\/\"},{\"@type\":\"ListItem\",\"position\":3,\"name\":\"Scanner Epson B11B261401\"}]},{\"@type\":\"WebSite\",\"@id\":\"https:\/\/tupique.com\/#website\",\"url\":\"https:\/\/tupique.com\/\",\"name\":\"Tupique\",\"description\":\"Marketplace\",\"publisher\":{\"@id\":\"https:\/\/tupique.com\/#organization\"},\"potentialAction\":[{\"@type\":\"SearchAction\",\"target\":{\"@type\":\"EntryPoint\",\"urlTemplate\":\"https:\/\/tupique.com\/?s={search_term_string}\"},\"query-input\":{\"@type\":\"PropertyValueSpecification\",\"valueRequired\":true,\"valueName\":\"search_term_string\"}}],\"inLanguage\":\"en-GB\"},{\"@type\":\"Organization\",\"@id\":\"https:\/\/tupique.com\/#organization\",\"name\":\"Tupique\",\"url\":\"https:\/\/tupique.com\/\",\"logo\":{\"@type\":\"ImageObject\",\"inLanguage\":\"en-GB\",\"@id\":\"https:\/\/tupique.com\/#\/schema\/logo\/image\/\",\"url\":\"https:\/\/tupique.com\/wp-content\/uploads\/2024\/09\/logo.png\",\"contentUrl\":\"https:\/\/tupique.com\/wp-content\/uploads\/2024\/09\/logo.png\",\"width\":1118,\"height\":310,\"caption\":\"Tupique\"},\"image\":{\"@id\":\"https:\/\/tupique.com\/#\/schema\/logo\/image\/\"}}]}<\/script>\n<!-- \/ Yoast SEO plugin. -->","yoast_head_json":{"title":"Scanner Epson B11B261401 - Tupique","description":"Vous cherchez Scanner Epson B11B261401 ? Achetez des produits chez Tupique. Profitez de la livraison gratuite pour obtenir Scanner Epson B11B261401 d\u00e8s maintenant.","robots":{"index":"index","follow":"follow","max-snippet":"max-snippet:-1","max-image-preview":"max-image-preview:large","max-video-preview":"max-video-preview:-1"},"canonical":"https:\/\/tupique.com\/en\/product\/scanner-epson-b11b261401\/","og_locale":"en_GB","og_type":"article","og_title":"Scanner Epson B11B261401 - Tupique","og_description":"Vous cherchez Scanner Epson B11B261401 ? Achetez des produits chez Tupique. Profitez de la livraison gratuite pour obtenir Scanner Epson B11B261401 d\u00e8s maintenant.","og_url":"https:\/\/tupique.com\/en\/product\/scanner-epson-b11b261401\/","og_site_name":"Tupique","twitter_card":"summary_large_image","twitter_misc":{"Estimated reading time":"2 minutes"},"schema":{"@context":"https:\/\/schema.org","@graph":[{"@type":"WebPage","@id":"https:\/\/tupique.com\/produit\/scanner-epson-b11b261401\/","url":"https:\/\/tupique.com\/produit\/scanner-epson-b11b261401\/","name":"Scanner Epson B11B261401 - Tupique","isPartOf":{"@id":"https:\/\/tupique.com\/#website"},"primaryImageOfPage":{"@id":"https:\/\/tupique.com\/produit\/scanner-epson-b11b261401\/#primaryimage"},"image":{"@id":"https:\/\/tupique.com\/produit\/scanner-epson-b11b261401\/#primaryimage"},"thumbnailUrl":"https:\/\/tupique.com\/wp-content\/uploads\/2026\/04\/520951293.jpg","datePublished":"2026-04-04T22:59:12+00:00","description":"Vous cherchez Scanner Epson B11B261401 ? Achetez des produits chez Tupique. Profitez de la livraison gratuite pour obtenir Scanner Epson B11B261401 d\u00e8s maintenant.","breadcrumb":{"@id":"https:\/\/tupique.com\/produit\/scanner-epson-b11b261401\/#breadcrumb"},"inLanguage":"en-GB","potentialAction":[{"@type":"ReadAction","target":["https:\/\/tupique.com\/produit\/scanner-epson-b11b261401\/"]}]},{"@type":"ImageObject","inLanguage":"en-GB","@id":"https:\/\/tupique.com\/produit\/scanner-epson-b11b261401\/#primaryimage","url":"https:\/\/tupique.com\/wp-content\/uploads\/2026\/04\/520951293.jpg","contentUrl":"https:\/\/tupique.com\/wp-content\/uploads\/2026\/04\/520951293.jpg","width":1200,"height":1200,"caption":"S55010175_0"},{"@type":"BreadcrumbList","@id":"https:\/\/tupique.com\/produit\/scanner-epson-b11b261401\/#breadcrumb","itemListElement":[{"@type":"ListItem","position":1,"name":"In\u00edcio","item":"https:\/\/tupique.com\/"},{"@type":"ListItem","position":2,"name":"Boutique","item":"https:\/\/tupique.com\/en\/boutique\/"},{"@type":"ListItem","position":3,"name":"Scanner Epson B11B261401"}]},{"@type":"WebSite","@id":"https:\/\/tupique.com\/#website","url":"https:\/\/tupique.com\/","name":"Tupique","description":"Marketplace","publisher":{"@id":"https:\/\/tupique.com\/#organization"},"potentialAction":[{"@type":"SearchAction","target":{"@type":"EntryPoint","urlTemplate":"https:\/\/tupique.com\/?s={search_term_string}"},"query-input":{"@type":"PropertyValueSpecification","valueRequired":true,"valueName":"search_term_string"}}],"inLanguage":"en-GB"},{"@type":"Organization","@id":"https:\/\/tupique.com\/#organization","name":"Tupique","url":"https:\/\/tupique.com\/","logo":{"@type":"ImageObject","inLanguage":"en-GB","@id":"https:\/\/tupique.com\/#\/schema\/logo\/image\/","url":"https:\/\/tupique.com\/wp-content\/uploads\/2024\/09\/logo.png","contentUrl":"https:\/\/tupique.com\/wp-content\/uploads\/2024\/09\/logo.png","width":1118,"height":310,"caption":"Tupique"},"image":{"@id":"https:\/\/tupique.com\/#\/schema\/logo\/image\/"}}]}},"jetpack_sharing_enabled":true,"_links":{"self":[{"href":"https:\/\/tupique.com\/en\/wp-json\/wp\/v2\/product\/4377792","targetHints":{"allow":["GET"]}}],"collection":[{"href":"https:\/\/tupique.com\/en\/wp-json\/wp\/v2\/product"}],"about":[{"href":"https:\/\/tupique.com\/en\/wp-json\/wp\/v2\/types\/product"}],"replies":[{"embeddable":true,"href":"https:\/\/tupique.com\/en\/wp-json\/wp\/v2\/comments?post=4377792"}],"wp:featuredmedia":[{"embeddable":true,"href":"https:\/\/tupique.com\/en\/wp-json\/wp\/v2\/media\/4377791"}],"wp:attachment":[{"href":"https:\/\/tupique.com\/en\/wp-json\/wp\/v2\/media?parent=4377792"}],"wp:term":[{"taxonomy":"product_brand","embeddable":true,"href":"https:\/\/tupique.com\/en\/wp-json\/wp\/v2\/product_brand?post=4377792"},{"taxonomy":"product_cat","embeddable":true,"href":"https:\/\/tupique.com\/en\/wp-json\/wp\/v2\/product_cat?post=4377792"},{"taxonomy":"product_tag","embeddable":true,"href":"https:\/\/tupique.com\/en\/wp-json\/wp\/v2\/product_tag?post=4377792"}],"curies":[{"name":"wp","href":"https:\/\/api.w.org\/{rel}","templated":true}]}}