{"id":4377822,"date":"2026-04-04T23:59:47","date_gmt":"2026-04-04T22:59:47","guid":{"rendered":"https:\/\/tupique.com\/produit\/siege-racing-momo-daytona-l-noir\/"},"modified":"2026-04-04T23:59:47","modified_gmt":"2026-04-04T22:59:47","slug":"siege-racing-momo-daytona-l-noir","status":"publish","type":"product","link":"https:\/\/tupique.com\/en\/product\/siege-racing-momo-daytona-l-noir\/","title":{"rendered":"Si\u00e8ge Racing Momo DAYTONA L Noir"},"content":{"rendered":"<p>\u00c9quipez votre v\u00e9hicule avec les derni\u00e8res nouveaut\u00e9s du secteur! Achetez <b>Si\u00e8ge Racing Momo DAYTONA L Noir<\/b> and no detail will escape you!<\/p>\n<ul>\n<li>Colour: Black<\/li>\n<li>Caract\u00e9ristiques: Approuv\u00e9 par la FIA<\/li>\n<li>Dimensions approx.: 150 x 120 x 100 cm<\/li>\n<li>Taille: L<\/li>\n<\/ul>","protected":false},"excerpt":{"rendered":"<p>\u00c9quipez votre v\u00e9hicule avec les derni\u00e8res nouveaut\u00e9s du secteur! Achetez Si\u00e8ge Racing Momo DAYTONA L Noir et aucun d\u00e9tail ne<\/p>","protected":false},"featured_media":4377815,"comment_status":"open","ping_status":"closed","template":"","meta":{"_joinchat":[]},"product_brand":[158076],"product_cat":[157856,158068,157554],"product_tag":[],"class_list":{"0":"post-4377822","1":"product","2":"type-product","3":"status-publish","4":"has-post-thumbnail","6":"product_brand-brandp_854","7":"product_cat-accessoires-pour-voitures","8":"product_cat-sieges-et-accessoires-pour-vehicules","9":"product_cat-sports-loisirs","11":"first","12":"outofstock","13":"taxable","14":"shipping-taxable","15":"purchasable","16":"product-type-simple"},"yoast_head":"<!-- This site is optimized with the Yoast SEO plugin v27.2 - https:\/\/yoast.com\/product\/yoast-seo-wordpress\/ -->\n<title>Si\u00e8ge Racing Momo DAYTONA L Noir - Tupique<\/title>\n<meta name=\"description\" content=\"Vous cherchez Si\u00e8ge Racing Momo DAYTONA L Noir ? Achetez des produits chez Tupique. Profitez de la livraison gratuite pour obtenir Si\u00e8ge Racing Momo DAYTONA L Noir d\u00e8s maintenant.\" \/>\n<meta name=\"robots\" content=\"index, follow, max-snippet:-1, max-image-preview:large, max-video-preview:-1\" \/>\n<link rel=\"canonical\" href=\"https:\/\/tupique.com\/en\/product\/siege-racing-momo-daytona-l-noir\/\" \/>\n<meta property=\"og:locale\" content=\"en_GB\" \/>\n<meta property=\"og:type\" content=\"article\" \/>\n<meta property=\"og:title\" content=\"Si\u00e8ge Racing Momo DAYTONA L Noir - Tupique\" \/>\n<meta property=\"og:description\" content=\"Vous cherchez Si\u00e8ge Racing Momo DAYTONA L Noir ? Achetez des produits chez Tupique. Profitez de la livraison gratuite pour obtenir Si\u00e8ge Racing Momo DAYTONA L Noir d\u00e8s maintenant.\" \/>\n<meta property=\"og:url\" content=\"https:\/\/tupique.com\/en\/product\/siege-racing-momo-daytona-l-noir\/\" \/>\n<meta property=\"og:site_name\" content=\"Tupique\" \/>\n<meta name=\"twitter:card\" content=\"summary_large_image\" \/>\n<script type=\"application\/ld+json\" class=\"yoast-schema-graph\">{\"@context\":\"https:\/\/schema.org\",\"@graph\":[{\"@type\":\"WebPage\",\"@id\":\"https:\/\/tupique.com\/produit\/siege-racing-momo-daytona-l-noir\/\",\"url\":\"https:\/\/tupique.com\/produit\/siege-racing-momo-daytona-l-noir\/\",\"name\":\"Si\u00e8ge Racing Momo DAYTONA L Noir - Tupique\",\"isPartOf\":{\"@id\":\"https:\/\/tupique.com\/#website\"},\"primaryImageOfPage\":{\"@id\":\"https:\/\/tupique.com\/produit\/siege-racing-momo-daytona-l-noir\/#primaryimage\"},\"image\":{\"@id\":\"https:\/\/tupique.com\/produit\/siege-racing-momo-daytona-l-noir\/#primaryimage\"},\"thumbnailUrl\":\"https:\/\/tupique.com\/wp-content\/uploads\/2026\/04\/8024055185392_S3726785_P04.jpg\",\"datePublished\":\"2026-04-04T22:59:47+00:00\",\"description\":\"Vous cherchez Si\u00e8ge Racing Momo DAYTONA L Noir ? Achetez des produits chez Tupique. Profitez de la livraison gratuite pour obtenir Si\u00e8ge Racing Momo DAYTONA L Noir d\u00e8s maintenant.\",\"breadcrumb\":{\"@id\":\"https:\/\/tupique.com\/produit\/siege-racing-momo-daytona-l-noir\/#breadcrumb\"},\"inLanguage\":\"en-GB\",\"potentialAction\":[{\"@type\":\"ReadAction\",\"target\":[\"https:\/\/tupique.com\/produit\/siege-racing-momo-daytona-l-noir\/\"]}]},{\"@type\":\"ImageObject\",\"inLanguage\":\"en-GB\",\"@id\":\"https:\/\/tupique.com\/produit\/siege-racing-momo-daytona-l-noir\/#primaryimage\",\"url\":\"https:\/\/tupique.com\/wp-content\/uploads\/2026\/04\/8024055185392_S3726785_P04.jpg\",\"contentUrl\":\"https:\/\/tupique.com\/wp-content\/uploads\/2026\/04\/8024055185392_S3726785_P04.jpg\",\"width\":1200,\"height\":1200,\"caption\":\"S3726785_0\"},{\"@type\":\"BreadcrumbList\",\"@id\":\"https:\/\/tupique.com\/produit\/siege-racing-momo-daytona-l-noir\/#breadcrumb\",\"itemListElement\":[{\"@type\":\"ListItem\",\"position\":1,\"name\":\"In\u00edcio\",\"item\":\"https:\/\/tupique.com\/\"},{\"@type\":\"ListItem\",\"position\":2,\"name\":\"Boutique\",\"item\":\"https:\/\/tupique.com\/en\/boutique\/\"},{\"@type\":\"ListItem\",\"position\":3,\"name\":\"Si\u00e8ge Racing Momo DAYTONA L Noir\"}]},{\"@type\":\"WebSite\",\"@id\":\"https:\/\/tupique.com\/#website\",\"url\":\"https:\/\/tupique.com\/\",\"name\":\"Tupique\",\"description\":\"Marketplace\",\"publisher\":{\"@id\":\"https:\/\/tupique.com\/#organization\"},\"potentialAction\":[{\"@type\":\"SearchAction\",\"target\":{\"@type\":\"EntryPoint\",\"urlTemplate\":\"https:\/\/tupique.com\/?s={search_term_string}\"},\"query-input\":{\"@type\":\"PropertyValueSpecification\",\"valueRequired\":true,\"valueName\":\"search_term_string\"}}],\"inLanguage\":\"en-GB\"},{\"@type\":\"Organization\",\"@id\":\"https:\/\/tupique.com\/#organization\",\"name\":\"Tupique\",\"url\":\"https:\/\/tupique.com\/\",\"logo\":{\"@type\":\"ImageObject\",\"inLanguage\":\"en-GB\",\"@id\":\"https:\/\/tupique.com\/#\/schema\/logo\/image\/\",\"url\":\"https:\/\/tupique.com\/wp-content\/uploads\/2024\/09\/logo.png\",\"contentUrl\":\"https:\/\/tupique.com\/wp-content\/uploads\/2024\/09\/logo.png\",\"width\":1118,\"height\":310,\"caption\":\"Tupique\"},\"image\":{\"@id\":\"https:\/\/tupique.com\/#\/schema\/logo\/image\/\"}}]}<\/script>\n<!-- \/ Yoast SEO plugin. -->","yoast_head_json":{"title":"Si\u00e8ge Racing Momo DAYTONA L Noir - Tupique","description":"Vous cherchez Si\u00e8ge Racing Momo DAYTONA L Noir ? Achetez des produits chez Tupique. Profitez de la livraison gratuite pour obtenir Si\u00e8ge Racing Momo DAYTONA L Noir d\u00e8s maintenant.","robots":{"index":"index","follow":"follow","max-snippet":"max-snippet:-1","max-image-preview":"max-image-preview:large","max-video-preview":"max-video-preview:-1"},"canonical":"https:\/\/tupique.com\/en\/product\/siege-racing-momo-daytona-l-noir\/","og_locale":"en_GB","og_type":"article","og_title":"Si\u00e8ge Racing Momo DAYTONA L Noir - Tupique","og_description":"Vous cherchez Si\u00e8ge Racing Momo DAYTONA L Noir ? Achetez des produits chez Tupique. Profitez de la livraison gratuite pour obtenir Si\u00e8ge Racing Momo DAYTONA L Noir d\u00e8s maintenant.","og_url":"https:\/\/tupique.com\/en\/product\/siege-racing-momo-daytona-l-noir\/","og_site_name":"Tupique","twitter_card":"summary_large_image","schema":{"@context":"https:\/\/schema.org","@graph":[{"@type":"WebPage","@id":"https:\/\/tupique.com\/produit\/siege-racing-momo-daytona-l-noir\/","url":"https:\/\/tupique.com\/produit\/siege-racing-momo-daytona-l-noir\/","name":"Si\u00e8ge Racing Momo DAYTONA L Noir - Tupique","isPartOf":{"@id":"https:\/\/tupique.com\/#website"},"primaryImageOfPage":{"@id":"https:\/\/tupique.com\/produit\/siege-racing-momo-daytona-l-noir\/#primaryimage"},"image":{"@id":"https:\/\/tupique.com\/produit\/siege-racing-momo-daytona-l-noir\/#primaryimage"},"thumbnailUrl":"https:\/\/tupique.com\/wp-content\/uploads\/2026\/04\/8024055185392_S3726785_P04.jpg","datePublished":"2026-04-04T22:59:47+00:00","description":"Vous cherchez Si\u00e8ge Racing Momo DAYTONA L Noir ? Achetez des produits chez Tupique. Profitez de la livraison gratuite pour obtenir Si\u00e8ge Racing Momo DAYTONA L Noir d\u00e8s maintenant.","breadcrumb":{"@id":"https:\/\/tupique.com\/produit\/siege-racing-momo-daytona-l-noir\/#breadcrumb"},"inLanguage":"en-GB","potentialAction":[{"@type":"ReadAction","target":["https:\/\/tupique.com\/produit\/siege-racing-momo-daytona-l-noir\/"]}]},{"@type":"ImageObject","inLanguage":"en-GB","@id":"https:\/\/tupique.com\/produit\/siege-racing-momo-daytona-l-noir\/#primaryimage","url":"https:\/\/tupique.com\/wp-content\/uploads\/2026\/04\/8024055185392_S3726785_P04.jpg","contentUrl":"https:\/\/tupique.com\/wp-content\/uploads\/2026\/04\/8024055185392_S3726785_P04.jpg","width":1200,"height":1200,"caption":"S3726785_0"},{"@type":"BreadcrumbList","@id":"https:\/\/tupique.com\/produit\/siege-racing-momo-daytona-l-noir\/#breadcrumb","itemListElement":[{"@type":"ListItem","position":1,"name":"In\u00edcio","item":"https:\/\/tupique.com\/"},{"@type":"ListItem","position":2,"name":"Boutique","item":"https:\/\/tupique.com\/en\/boutique\/"},{"@type":"ListItem","position":3,"name":"Si\u00e8ge Racing Momo DAYTONA L Noir"}]},{"@type":"WebSite","@id":"https:\/\/tupique.com\/#website","url":"https:\/\/tupique.com\/","name":"Tupique","description":"Marketplace","publisher":{"@id":"https:\/\/tupique.com\/#organization"},"potentialAction":[{"@type":"SearchAction","target":{"@type":"EntryPoint","urlTemplate":"https:\/\/tupique.com\/?s={search_term_string}"},"query-input":{"@type":"PropertyValueSpecification","valueRequired":true,"valueName":"search_term_string"}}],"inLanguage":"en-GB"},{"@type":"Organization","@id":"https:\/\/tupique.com\/#organization","name":"Tupique","url":"https:\/\/tupique.com\/","logo":{"@type":"ImageObject","inLanguage":"en-GB","@id":"https:\/\/tupique.com\/#\/schema\/logo\/image\/","url":"https:\/\/tupique.com\/wp-content\/uploads\/2024\/09\/logo.png","contentUrl":"https:\/\/tupique.com\/wp-content\/uploads\/2024\/09\/logo.png","width":1118,"height":310,"caption":"Tupique"},"image":{"@id":"https:\/\/tupique.com\/#\/schema\/logo\/image\/"}}]}},"jetpack_sharing_enabled":true,"_links":{"self":[{"href":"https:\/\/tupique.com\/en\/wp-json\/wp\/v2\/product\/4377822","targetHints":{"allow":["GET"]}}],"collection":[{"href":"https:\/\/tupique.com\/en\/wp-json\/wp\/v2\/product"}],"about":[{"href":"https:\/\/tupique.com\/en\/wp-json\/wp\/v2\/types\/product"}],"replies":[{"embeddable":true,"href":"https:\/\/tupique.com\/en\/wp-json\/wp\/v2\/comments?post=4377822"}],"wp:featuredmedia":[{"embeddable":true,"href":"https:\/\/tupique.com\/en\/wp-json\/wp\/v2\/media\/4377815"}],"wp:attachment":[{"href":"https:\/\/tupique.com\/en\/wp-json\/wp\/v2\/media?parent=4377822"}],"wp:term":[{"taxonomy":"product_brand","embeddable":true,"href":"https:\/\/tupique.com\/en\/wp-json\/wp\/v2\/product_brand?post=4377822"},{"taxonomy":"product_cat","embeddable":true,"href":"https:\/\/tupique.com\/en\/wp-json\/wp\/v2\/product_cat?post=4377822"},{"taxonomy":"product_tag","embeddable":true,"href":"https:\/\/tupique.com\/en\/wp-json\/wp\/v2\/product_tag?post=4377822"}],"curies":[{"name":"wp","href":"https:\/\/api.w.org\/{rel}","templated":true}]}}