{"id":4377933,"date":"2026-04-05T00:55:25","date_gmt":"2026-04-04T23:55:25","guid":{"rendered":"https:\/\/tupique.com\/produit\/scie-bosch-gop-12v-28\/"},"modified":"2026-04-07T01:56:23","modified_gmt":"2026-04-07T00:56:23","slug":"scie-bosch-gop-12v-28","status":"publish","type":"product","link":"https:\/\/tupique.com\/en\/product\/scie-bosch-gop-12v-28\/","title":{"rendered":"Scie BOSCH GOP 12V-28"},"content":{"rendered":"<p>If you like to take care of every detail in your home and keep up with the latest trends in products that will make your life easier, buy <b>Scie BOSCH GOP 12V-28<\/b> at the best price.<\/p>\n<p>Le <b>Bosch GOP 12V-28<\/b> est un outil multifonction professionnel con\u00e7u pour offrir polyvalence et performance dans les travaux de coupe et de per\u00e7age, ce qui en fait une option puissante dans la cat\u00e9gorie des <b>scies \u00e9lectriques compactes sans fil<\/b>. Ce mod\u00e8le se distingue par son alimentation par <b>batterie 12 V<\/b>, offrant une autonomie suffisante pour des t\u00e2ches prolong\u00e9es sans d\u00e9pendre d\u2019un c\u00e2ble, facilitant ainsi la mobilit\u00e9 et l\u2019acc\u00e8s aux espaces restreints ou difficiles. \u00c9quip\u00e9 d\u2019un moteur efficace et d\u2019une construction robuste, le Bosch GOP 12V-28 combine les fonctions de <b>scie<\/b> et de <b>perceuse<\/b>, \u00e9largissant son usage aux applications de ma\u00e7onnerie, menuiserie et bricolage sp\u00e9cialis\u00e9. Son design compact et ergonomique assure une prise en main confortable et pr\u00e9cise, r\u00e9duisant la fatigue lors d\u2019utilisations prolong\u00e9es. De plus, l\u2019inclusion de deux batteries 3,0 Ah dans le kit et la mallette de transport L-Boxx permettent \u00e0 l\u2019utilisateur de disposer d\u2019une charge de secours et d\u2019un rangement s\u00fbr et organis\u00e9. La compatibilit\u00e9 avec une large gamme d\u2019accessoires Bosch renforce son adaptabilit\u00e9 pour les coupes sur diff\u00e9rents mat\u00e9riaux et les per\u00e7ages sp\u00e9cifiques, faisant de cette scie multifonction un outil indispensable pour les professionnels et amateurs recherchant qualit\u00e9, fiabilit\u00e9 et flexibilit\u00e9 dans un format l\u00e9ger et portable. En r\u00e9sum\u00e9, le Bosch GOP 12V-28 repr\u00e9sente un \u00e9quilibre entre puissance, autonomie et polyvalence pour les utilisateurs n\u00e9cessitant un outil durable et polyvalent dans leur atelier ou sur chantier.<\/p>\n<ul>\n<li>Type:\n<ul>\n<li>Scie<\/li>\n<li>Perforeuse<\/li>\n<\/ul>\n<\/li>\n<li>Tension: 12 V<\/li>\n<li>Bloc d\u2019Alimentation: Batterie<\/li>\n<li>Battery operated: Yes<\/li>\n<li>Piles incluses: Oui<\/li>\n<li>Poids approx.: 600 g<\/li>\n<li>Battery type: Litio Ion<\/li>\n<li>Inclut: Batterie au lithium rechargeable x 2<\/li>\n<\/ul>","protected":false},"excerpt":{"rendered":"<p>Si vous aimez prendre soin de chaque d\u00e9tail de votre maison et d&#8217;\u00eatre \u00e0 la derni\u00e8re mode en mati\u00e8re de<\/p>","protected":false},"featured_media":4377928,"comment_status":"open","ping_status":"closed","template":"","meta":{"_joinchat":[]},"product_brand":[157932],"product_cat":[157536,157535],"product_tag":[157546,157531],"class_list":{"0":"post-4377933","1":"product","2":"type-product","3":"status-publish","4":"has-post-thumbnail","6":"product_brand-brandp_959","7":"product_cat-bricolage-et-materiel","8":"product_cat-maison-jardin","9":"product_tag-tag_1304","10":"product_tag-tag_25","12":"first","13":"instock","14":"taxable","15":"shipping-taxable","16":"purchasable","17":"product-type-simple"},"yoast_head":"<!-- This site is optimized with the Yoast SEO plugin v27.2 - https:\/\/yoast.com\/product\/yoast-seo-wordpress\/ -->\n<title>Scie BOSCH GOP 12V-28 - Tupique<\/title>\n<meta name=\"description\" content=\"Vous cherchez Scie BOSCH GOP 12V-28 ? Achetez des produits chez Tupique. Profitez de la livraison gratuite pour obtenir Scie BOSCH GOP 12V-28 d\u00e8s maintenant.\" \/>\n<meta name=\"robots\" content=\"index, follow, max-snippet:-1, max-image-preview:large, max-video-preview:-1\" \/>\n<link rel=\"canonical\" href=\"https:\/\/tupique.com\/en\/product\/scie-bosch-gop-12v-28\/\" \/>\n<meta property=\"og:locale\" content=\"en_GB\" \/>\n<meta property=\"og:type\" content=\"article\" \/>\n<meta property=\"og:title\" content=\"Scie BOSCH GOP 12V-28 - Tupique\" \/>\n<meta property=\"og:description\" content=\"Vous cherchez Scie BOSCH GOP 12V-28 ? Achetez des produits chez Tupique. Profitez de la livraison gratuite pour obtenir Scie BOSCH GOP 12V-28 d\u00e8s maintenant.\" \/>\n<meta property=\"og:url\" content=\"https:\/\/tupique.com\/en\/product\/scie-bosch-gop-12v-28\/\" \/>\n<meta property=\"og:site_name\" content=\"Tupique\" \/>\n<meta property=\"article:modified_time\" content=\"2026-04-07T00:56:23+00:00\" \/>\n<meta property=\"og:image\" content=\"https:\/\/tupique.com\/wp-content\/uploads\/2026\/04\/3165140943819_R01.jpg\" \/>\n\t<meta property=\"og:image:width\" content=\"1200\" \/>\n\t<meta property=\"og:image:height\" content=\"1200\" \/>\n\t<meta property=\"og:image:type\" content=\"image\/jpeg\" \/>\n<meta name=\"twitter:card\" content=\"summary_large_image\" \/>\n<meta name=\"twitter:label1\" content=\"Estimated reading time\" \/>\n\t<meta name=\"twitter:data1\" content=\"2 minutes\" \/>\n<script type=\"application\/ld+json\" class=\"yoast-schema-graph\">{\"@context\":\"https:\/\/schema.org\",\"@graph\":[{\"@type\":\"WebPage\",\"@id\":\"https:\/\/tupique.com\/produit\/scie-bosch-gop-12v-28\/\",\"url\":\"https:\/\/tupique.com\/produit\/scie-bosch-gop-12v-28\/\",\"name\":\"Scie BOSCH GOP 12V-28 - Tupique\",\"isPartOf\":{\"@id\":\"https:\/\/tupique.com\/#website\"},\"primaryImageOfPage\":{\"@id\":\"https:\/\/tupique.com\/produit\/scie-bosch-gop-12v-28\/#primaryimage\"},\"image\":{\"@id\":\"https:\/\/tupique.com\/produit\/scie-bosch-gop-12v-28\/#primaryimage\"},\"thumbnailUrl\":\"https:\/\/tupique.com\/wp-content\/uploads\/2026\/04\/3165140943819_R01.jpg\",\"datePublished\":\"2026-04-04T23:55:25+00:00\",\"dateModified\":\"2026-04-07T00:56:23+00:00\",\"description\":\"Vous cherchez Scie BOSCH GOP 12V-28 ? Achetez des produits chez Tupique. Profitez de la livraison gratuite pour obtenir Scie BOSCH GOP 12V-28 d\u00e8s maintenant.\",\"breadcrumb\":{\"@id\":\"https:\/\/tupique.com\/produit\/scie-bosch-gop-12v-28\/#breadcrumb\"},\"inLanguage\":\"en-GB\",\"potentialAction\":[{\"@type\":\"ReadAction\",\"target\":[\"https:\/\/tupique.com\/produit\/scie-bosch-gop-12v-28\/\"]}]},{\"@type\":\"ImageObject\",\"inLanguage\":\"en-GB\",\"@id\":\"https:\/\/tupique.com\/produit\/scie-bosch-gop-12v-28\/#primaryimage\",\"url\":\"https:\/\/tupique.com\/wp-content\/uploads\/2026\/04\/3165140943819_R01.jpg\",\"contentUrl\":\"https:\/\/tupique.com\/wp-content\/uploads\/2026\/04\/3165140943819_R01.jpg\",\"width\":1200,\"height\":1200,\"caption\":\"S7189363_0\"},{\"@type\":\"BreadcrumbList\",\"@id\":\"https:\/\/tupique.com\/produit\/scie-bosch-gop-12v-28\/#breadcrumb\",\"itemListElement\":[{\"@type\":\"ListItem\",\"position\":1,\"name\":\"In\u00edcio\",\"item\":\"https:\/\/tupique.com\/\"},{\"@type\":\"ListItem\",\"position\":2,\"name\":\"Boutique\",\"item\":\"https:\/\/tupique.com\/en\/boutique\/\"},{\"@type\":\"ListItem\",\"position\":3,\"name\":\"Scie BOSCH GOP 12V-28\"}]},{\"@type\":\"WebSite\",\"@id\":\"https:\/\/tupique.com\/#website\",\"url\":\"https:\/\/tupique.com\/\",\"name\":\"Tupique\",\"description\":\"Marketplace\",\"publisher\":{\"@id\":\"https:\/\/tupique.com\/#organization\"},\"potentialAction\":[{\"@type\":\"SearchAction\",\"target\":{\"@type\":\"EntryPoint\",\"urlTemplate\":\"https:\/\/tupique.com\/?s={search_term_string}\"},\"query-input\":{\"@type\":\"PropertyValueSpecification\",\"valueRequired\":true,\"valueName\":\"search_term_string\"}}],\"inLanguage\":\"en-GB\"},{\"@type\":\"Organization\",\"@id\":\"https:\/\/tupique.com\/#organization\",\"name\":\"Tupique\",\"url\":\"https:\/\/tupique.com\/\",\"logo\":{\"@type\":\"ImageObject\",\"inLanguage\":\"en-GB\",\"@id\":\"https:\/\/tupique.com\/#\/schema\/logo\/image\/\",\"url\":\"https:\/\/tupique.com\/wp-content\/uploads\/2024\/09\/logo.png\",\"contentUrl\":\"https:\/\/tupique.com\/wp-content\/uploads\/2024\/09\/logo.png\",\"width\":1118,\"height\":310,\"caption\":\"Tupique\"},\"image\":{\"@id\":\"https:\/\/tupique.com\/#\/schema\/logo\/image\/\"}}]}<\/script>\n<!-- \/ Yoast SEO plugin. -->","yoast_head_json":{"title":"Scie BOSCH GOP 12V-28 - Tupique","description":"Vous cherchez Scie BOSCH GOP 12V-28 ? Achetez des produits chez Tupique. Profitez de la livraison gratuite pour obtenir Scie BOSCH GOP 12V-28 d\u00e8s maintenant.","robots":{"index":"index","follow":"follow","max-snippet":"max-snippet:-1","max-image-preview":"max-image-preview:large","max-video-preview":"max-video-preview:-1"},"canonical":"https:\/\/tupique.com\/en\/product\/scie-bosch-gop-12v-28\/","og_locale":"en_GB","og_type":"article","og_title":"Scie BOSCH GOP 12V-28 - Tupique","og_description":"Vous cherchez Scie BOSCH GOP 12V-28 ? Achetez des produits chez Tupique. Profitez de la livraison gratuite pour obtenir Scie BOSCH GOP 12V-28 d\u00e8s maintenant.","og_url":"https:\/\/tupique.com\/en\/product\/scie-bosch-gop-12v-28\/","og_site_name":"Tupique","article_modified_time":"2026-04-07T00:56:23+00:00","og_image":[{"width":1200,"height":1200,"url":"https:\/\/tupique.com\/wp-content\/uploads\/2026\/04\/3165140943819_R01.jpg","type":"image\/jpeg"}],"twitter_card":"summary_large_image","twitter_misc":{"Estimated reading time":"2 minutes"},"schema":{"@context":"https:\/\/schema.org","@graph":[{"@type":"WebPage","@id":"https:\/\/tupique.com\/produit\/scie-bosch-gop-12v-28\/","url":"https:\/\/tupique.com\/produit\/scie-bosch-gop-12v-28\/","name":"Scie BOSCH GOP 12V-28 - Tupique","isPartOf":{"@id":"https:\/\/tupique.com\/#website"},"primaryImageOfPage":{"@id":"https:\/\/tupique.com\/produit\/scie-bosch-gop-12v-28\/#primaryimage"},"image":{"@id":"https:\/\/tupique.com\/produit\/scie-bosch-gop-12v-28\/#primaryimage"},"thumbnailUrl":"https:\/\/tupique.com\/wp-content\/uploads\/2026\/04\/3165140943819_R01.jpg","datePublished":"2026-04-04T23:55:25+00:00","dateModified":"2026-04-07T00:56:23+00:00","description":"Vous cherchez Scie BOSCH GOP 12V-28 ? Achetez des produits chez Tupique. Profitez de la livraison gratuite pour obtenir Scie BOSCH GOP 12V-28 d\u00e8s maintenant.","breadcrumb":{"@id":"https:\/\/tupique.com\/produit\/scie-bosch-gop-12v-28\/#breadcrumb"},"inLanguage":"en-GB","potentialAction":[{"@type":"ReadAction","target":["https:\/\/tupique.com\/produit\/scie-bosch-gop-12v-28\/"]}]},{"@type":"ImageObject","inLanguage":"en-GB","@id":"https:\/\/tupique.com\/produit\/scie-bosch-gop-12v-28\/#primaryimage","url":"https:\/\/tupique.com\/wp-content\/uploads\/2026\/04\/3165140943819_R01.jpg","contentUrl":"https:\/\/tupique.com\/wp-content\/uploads\/2026\/04\/3165140943819_R01.jpg","width":1200,"height":1200,"caption":"S7189363_0"},{"@type":"BreadcrumbList","@id":"https:\/\/tupique.com\/produit\/scie-bosch-gop-12v-28\/#breadcrumb","itemListElement":[{"@type":"ListItem","position":1,"name":"In\u00edcio","item":"https:\/\/tupique.com\/"},{"@type":"ListItem","position":2,"name":"Boutique","item":"https:\/\/tupique.com\/en\/boutique\/"},{"@type":"ListItem","position":3,"name":"Scie BOSCH GOP 12V-28"}]},{"@type":"WebSite","@id":"https:\/\/tupique.com\/#website","url":"https:\/\/tupique.com\/","name":"Tupique","description":"Marketplace","publisher":{"@id":"https:\/\/tupique.com\/#organization"},"potentialAction":[{"@type":"SearchAction","target":{"@type":"EntryPoint","urlTemplate":"https:\/\/tupique.com\/?s={search_term_string}"},"query-input":{"@type":"PropertyValueSpecification","valueRequired":true,"valueName":"search_term_string"}}],"inLanguage":"en-GB"},{"@type":"Organization","@id":"https:\/\/tupique.com\/#organization","name":"Tupique","url":"https:\/\/tupique.com\/","logo":{"@type":"ImageObject","inLanguage":"en-GB","@id":"https:\/\/tupique.com\/#\/schema\/logo\/image\/","url":"https:\/\/tupique.com\/wp-content\/uploads\/2024\/09\/logo.png","contentUrl":"https:\/\/tupique.com\/wp-content\/uploads\/2024\/09\/logo.png","width":1118,"height":310,"caption":"Tupique"},"image":{"@id":"https:\/\/tupique.com\/#\/schema\/logo\/image\/"}}]}},"jetpack_sharing_enabled":true,"_links":{"self":[{"href":"https:\/\/tupique.com\/en\/wp-json\/wp\/v2\/product\/4377933","targetHints":{"allow":["GET"]}}],"collection":[{"href":"https:\/\/tupique.com\/en\/wp-json\/wp\/v2\/product"}],"about":[{"href":"https:\/\/tupique.com\/en\/wp-json\/wp\/v2\/types\/product"}],"replies":[{"embeddable":true,"href":"https:\/\/tupique.com\/en\/wp-json\/wp\/v2\/comments?post=4377933"}],"wp:featuredmedia":[{"embeddable":true,"href":"https:\/\/tupique.com\/en\/wp-json\/wp\/v2\/media\/4377928"}],"wp:attachment":[{"href":"https:\/\/tupique.com\/en\/wp-json\/wp\/v2\/media?parent=4377933"}],"wp:term":[{"taxonomy":"product_brand","embeddable":true,"href":"https:\/\/tupique.com\/en\/wp-json\/wp\/v2\/product_brand?post=4377933"},{"taxonomy":"product_cat","embeddable":true,"href":"https:\/\/tupique.com\/en\/wp-json\/wp\/v2\/product_cat?post=4377933"},{"taxonomy":"product_tag","embeddable":true,"href":"https:\/\/tupique.com\/en\/wp-json\/wp\/v2\/product_tag?post=4377933"}],"curies":[{"name":"wp","href":"https:\/\/api.w.org\/{rel}","templated":true}]}}