{"id":4378200,"date":"2026-04-05T01:59:40","date_gmt":"2026-04-05T00:59:40","guid":{"rendered":"https:\/\/tupique.com\/produit\/plaque-a-induction-balay-3eb997lh\/"},"modified":"2026-04-05T01:59:40","modified_gmt":"2026-04-05T00:59:40","slug":"plaque-a-induction-balay-3eb997lh","status":"publish","type":"product","link":"https:\/\/tupique.com\/en\/product\/plaque-a-induction-balay-3eb997lh\/","title":{"rendered":"Plaque \u00e0 Induction Balay 3EB997LH"},"content":{"rendered":"<p>If you're thinking of renovating your kitchen, buy <b>Plaque \u00e0 Induction Balay 3EB997LH<\/b> and other <b>produits Balay<\/b> !<\/p>\n<ul>\n<li>Type: Plaque \u00e0 Induction<\/li>\n<li>Plug-in product: Yes<\/li>\n<li>Socket type: EU socket<\/li>\n<li>Bloc d\u2019Alimentation: r\u00e9seau \u00e9lectrique<\/li>\n<li>Colour: Black<\/li>\n<li>Features:\n<ul>\n<li>Child lock<\/li>\n<li>Integrated screen<\/li>\n<\/ul>\n<\/li>\n<li>Type of installation: Built-in<\/li>\n<li>puissance: 1100 W<\/li>\n<li>Zones de cuisson: 5<\/li>\n<li>Arr\u00eat Automatique: Oui<\/li>\n<\/ul>","protected":false},"excerpt":{"rendered":"<p>Si vous pensez r\u00e9nover votre cuisine, achetez Plaque \u00e0 Induction Balay 3EB997LH et d\u00b4autres produits Balay ! Type: Plaque \u00e0<\/p>","protected":false},"featured_media":4378199,"comment_status":"open","ping_status":"closed","template":"","meta":{"_joinchat":[]},"product_brand":[158061],"product_cat":[157538,157539,157549],"product_tag":[157544,157545],"class_list":{"0":"post-4378200","1":"product","2":"type-product","3":"status-publish","4":"has-post-thumbnail","6":"product_brand-brandp_1251","7":"product_cat-cuisine-gourmet","8":"product_cat-petit-electromenager","9":"product_cat-plaques-de-cuisson","10":"product_tag-tag_926","11":"product_tag-tag_930","13":"first","14":"instock","15":"taxable","16":"shipping-taxable","17":"purchasable","18":"product-type-simple"},"yoast_head":"<!-- This site is optimized with the Yoast SEO plugin v27.2 - https:\/\/yoast.com\/product\/yoast-seo-wordpress\/ -->\n<title>Plaque \u00e0 Induction Balay 3EB997LH - Tupique<\/title>\n<meta name=\"description\" content=\"Vous cherchez Plaque \u00e0 Induction Balay 3EB997LH ? Achetez des produits chez Tupique. Profitez de la livraison gratuite pour obtenir Plaque \u00e0 Induction Balay 3EB997LH d\u00e8s maintenant.\" \/>\n<meta name=\"robots\" content=\"index, follow, max-snippet:-1, max-image-preview:large, max-video-preview:-1\" \/>\n<link rel=\"canonical\" href=\"https:\/\/tupique.com\/en\/product\/plaque-a-induction-balay-3eb997lh\/\" \/>\n<meta property=\"og:locale\" content=\"en_GB\" \/>\n<meta property=\"og:type\" content=\"article\" \/>\n<meta property=\"og:title\" content=\"Plaque \u00e0 Induction Balay 3EB997LH - Tupique\" \/>\n<meta property=\"og:description\" content=\"Vous cherchez Plaque \u00e0 Induction Balay 3EB997LH ? Achetez des produits chez Tupique. Profitez de la livraison gratuite pour obtenir Plaque \u00e0 Induction Balay 3EB997LH d\u00e8s maintenant.\" \/>\n<meta property=\"og:url\" content=\"https:\/\/tupique.com\/en\/product\/plaque-a-induction-balay-3eb997lh\/\" \/>\n<meta property=\"og:site_name\" content=\"Tupique\" \/>\n<meta name=\"twitter:card\" content=\"summary_large_image\" \/>\n<script type=\"application\/ld+json\" class=\"yoast-schema-graph\">{\"@context\":\"https:\/\/schema.org\",\"@graph\":[{\"@type\":\"WebPage\",\"@id\":\"https:\/\/tupique.com\/produit\/plaque-a-induction-balay-3eb997lh\/\",\"url\":\"https:\/\/tupique.com\/produit\/plaque-a-induction-balay-3eb997lh\/\",\"name\":\"Plaque \u00e0 Induction Balay 3EB997LH - Tupique\",\"isPartOf\":{\"@id\":\"https:\/\/tupique.com\/#website\"},\"primaryImageOfPage\":{\"@id\":\"https:\/\/tupique.com\/produit\/plaque-a-induction-balay-3eb997lh\/#primaryimage\"},\"image\":{\"@id\":\"https:\/\/tupique.com\/produit\/plaque-a-induction-balay-3eb997lh\/#primaryimage\"},\"thumbnailUrl\":\"https:\/\/tupique.com\/wp-content\/uploads\/2026\/04\/4242006295325_S0459940_P00.jpg\",\"datePublished\":\"2026-04-05T00:59:40+00:00\",\"description\":\"Vous cherchez Plaque \u00e0 Induction Balay 3EB997LH ? Achetez des produits chez Tupique. Profitez de la livraison gratuite pour obtenir Plaque \u00e0 Induction Balay 3EB997LH d\u00e8s maintenant.\",\"breadcrumb\":{\"@id\":\"https:\/\/tupique.com\/produit\/plaque-a-induction-balay-3eb997lh\/#breadcrumb\"},\"inLanguage\":\"en-GB\",\"potentialAction\":[{\"@type\":\"ReadAction\",\"target\":[\"https:\/\/tupique.com\/produit\/plaque-a-induction-balay-3eb997lh\/\"]}]},{\"@type\":\"ImageObject\",\"inLanguage\":\"en-GB\",\"@id\":\"https:\/\/tupique.com\/produit\/plaque-a-induction-balay-3eb997lh\/#primaryimage\",\"url\":\"https:\/\/tupique.com\/wp-content\/uploads\/2026\/04\/4242006295325_S0459940_P00.jpg\",\"contentUrl\":\"https:\/\/tupique.com\/wp-content\/uploads\/2026\/04\/4242006295325_S0459940_P00.jpg\",\"width\":1200,\"height\":1200,\"caption\":\"S0459940_0\"},{\"@type\":\"BreadcrumbList\",\"@id\":\"https:\/\/tupique.com\/produit\/plaque-a-induction-balay-3eb997lh\/#breadcrumb\",\"itemListElement\":[{\"@type\":\"ListItem\",\"position\":1,\"name\":\"In\u00edcio\",\"item\":\"https:\/\/tupique.com\/\"},{\"@type\":\"ListItem\",\"position\":2,\"name\":\"Boutique\",\"item\":\"https:\/\/tupique.com\/en\/boutique\/\"},{\"@type\":\"ListItem\",\"position\":3,\"name\":\"Plaque \u00e0 Induction Balay 3EB997LH\"}]},{\"@type\":\"WebSite\",\"@id\":\"https:\/\/tupique.com\/#website\",\"url\":\"https:\/\/tupique.com\/\",\"name\":\"Tupique\",\"description\":\"Marketplace\",\"publisher\":{\"@id\":\"https:\/\/tupique.com\/#organization\"},\"potentialAction\":[{\"@type\":\"SearchAction\",\"target\":{\"@type\":\"EntryPoint\",\"urlTemplate\":\"https:\/\/tupique.com\/?s={search_term_string}\"},\"query-input\":{\"@type\":\"PropertyValueSpecification\",\"valueRequired\":true,\"valueName\":\"search_term_string\"}}],\"inLanguage\":\"en-GB\"},{\"@type\":\"Organization\",\"@id\":\"https:\/\/tupique.com\/#organization\",\"name\":\"Tupique\",\"url\":\"https:\/\/tupique.com\/\",\"logo\":{\"@type\":\"ImageObject\",\"inLanguage\":\"en-GB\",\"@id\":\"https:\/\/tupique.com\/#\/schema\/logo\/image\/\",\"url\":\"https:\/\/tupique.com\/wp-content\/uploads\/2024\/09\/logo.png\",\"contentUrl\":\"https:\/\/tupique.com\/wp-content\/uploads\/2024\/09\/logo.png\",\"width\":1118,\"height\":310,\"caption\":\"Tupique\"},\"image\":{\"@id\":\"https:\/\/tupique.com\/#\/schema\/logo\/image\/\"}}]}<\/script>\n<!-- \/ Yoast SEO plugin. -->","yoast_head_json":{"title":"Plaque \u00e0 Induction Balay 3EB997LH - Tupique","description":"Vous cherchez Plaque \u00e0 Induction Balay 3EB997LH ? Achetez des produits chez Tupique. Profitez de la livraison gratuite pour obtenir Plaque \u00e0 Induction Balay 3EB997LH d\u00e8s maintenant.","robots":{"index":"index","follow":"follow","max-snippet":"max-snippet:-1","max-image-preview":"max-image-preview:large","max-video-preview":"max-video-preview:-1"},"canonical":"https:\/\/tupique.com\/en\/product\/plaque-a-induction-balay-3eb997lh\/","og_locale":"en_GB","og_type":"article","og_title":"Plaque \u00e0 Induction Balay 3EB997LH - Tupique","og_description":"Vous cherchez Plaque \u00e0 Induction Balay 3EB997LH ? Achetez des produits chez Tupique. Profitez de la livraison gratuite pour obtenir Plaque \u00e0 Induction Balay 3EB997LH d\u00e8s maintenant.","og_url":"https:\/\/tupique.com\/en\/product\/plaque-a-induction-balay-3eb997lh\/","og_site_name":"Tupique","twitter_card":"summary_large_image","schema":{"@context":"https:\/\/schema.org","@graph":[{"@type":"WebPage","@id":"https:\/\/tupique.com\/produit\/plaque-a-induction-balay-3eb997lh\/","url":"https:\/\/tupique.com\/produit\/plaque-a-induction-balay-3eb997lh\/","name":"Plaque \u00e0 Induction Balay 3EB997LH - Tupique","isPartOf":{"@id":"https:\/\/tupique.com\/#website"},"primaryImageOfPage":{"@id":"https:\/\/tupique.com\/produit\/plaque-a-induction-balay-3eb997lh\/#primaryimage"},"image":{"@id":"https:\/\/tupique.com\/produit\/plaque-a-induction-balay-3eb997lh\/#primaryimage"},"thumbnailUrl":"https:\/\/tupique.com\/wp-content\/uploads\/2026\/04\/4242006295325_S0459940_P00.jpg","datePublished":"2026-04-05T00:59:40+00:00","description":"Vous cherchez Plaque \u00e0 Induction Balay 3EB997LH ? Achetez des produits chez Tupique. Profitez de la livraison gratuite pour obtenir Plaque \u00e0 Induction Balay 3EB997LH d\u00e8s maintenant.","breadcrumb":{"@id":"https:\/\/tupique.com\/produit\/plaque-a-induction-balay-3eb997lh\/#breadcrumb"},"inLanguage":"en-GB","potentialAction":[{"@type":"ReadAction","target":["https:\/\/tupique.com\/produit\/plaque-a-induction-balay-3eb997lh\/"]}]},{"@type":"ImageObject","inLanguage":"en-GB","@id":"https:\/\/tupique.com\/produit\/plaque-a-induction-balay-3eb997lh\/#primaryimage","url":"https:\/\/tupique.com\/wp-content\/uploads\/2026\/04\/4242006295325_S0459940_P00.jpg","contentUrl":"https:\/\/tupique.com\/wp-content\/uploads\/2026\/04\/4242006295325_S0459940_P00.jpg","width":1200,"height":1200,"caption":"S0459940_0"},{"@type":"BreadcrumbList","@id":"https:\/\/tupique.com\/produit\/plaque-a-induction-balay-3eb997lh\/#breadcrumb","itemListElement":[{"@type":"ListItem","position":1,"name":"In\u00edcio","item":"https:\/\/tupique.com\/"},{"@type":"ListItem","position":2,"name":"Boutique","item":"https:\/\/tupique.com\/en\/boutique\/"},{"@type":"ListItem","position":3,"name":"Plaque \u00e0 Induction Balay 3EB997LH"}]},{"@type":"WebSite","@id":"https:\/\/tupique.com\/#website","url":"https:\/\/tupique.com\/","name":"Tupique","description":"Marketplace","publisher":{"@id":"https:\/\/tupique.com\/#organization"},"potentialAction":[{"@type":"SearchAction","target":{"@type":"EntryPoint","urlTemplate":"https:\/\/tupique.com\/?s={search_term_string}"},"query-input":{"@type":"PropertyValueSpecification","valueRequired":true,"valueName":"search_term_string"}}],"inLanguage":"en-GB"},{"@type":"Organization","@id":"https:\/\/tupique.com\/#organization","name":"Tupique","url":"https:\/\/tupique.com\/","logo":{"@type":"ImageObject","inLanguage":"en-GB","@id":"https:\/\/tupique.com\/#\/schema\/logo\/image\/","url":"https:\/\/tupique.com\/wp-content\/uploads\/2024\/09\/logo.png","contentUrl":"https:\/\/tupique.com\/wp-content\/uploads\/2024\/09\/logo.png","width":1118,"height":310,"caption":"Tupique"},"image":{"@id":"https:\/\/tupique.com\/#\/schema\/logo\/image\/"}}]}},"jetpack_sharing_enabled":true,"_links":{"self":[{"href":"https:\/\/tupique.com\/en\/wp-json\/wp\/v2\/product\/4378200","targetHints":{"allow":["GET"]}}],"collection":[{"href":"https:\/\/tupique.com\/en\/wp-json\/wp\/v2\/product"}],"about":[{"href":"https:\/\/tupique.com\/en\/wp-json\/wp\/v2\/types\/product"}],"replies":[{"embeddable":true,"href":"https:\/\/tupique.com\/en\/wp-json\/wp\/v2\/comments?post=4378200"}],"wp:featuredmedia":[{"embeddable":true,"href":"https:\/\/tupique.com\/en\/wp-json\/wp\/v2\/media\/4378199"}],"wp:attachment":[{"href":"https:\/\/tupique.com\/en\/wp-json\/wp\/v2\/media?parent=4378200"}],"wp:term":[{"taxonomy":"product_brand","embeddable":true,"href":"https:\/\/tupique.com\/en\/wp-json\/wp\/v2\/product_brand?post=4378200"},{"taxonomy":"product_cat","embeddable":true,"href":"https:\/\/tupique.com\/en\/wp-json\/wp\/v2\/product_cat?post=4378200"},{"taxonomy":"product_tag","embeddable":true,"href":"https:\/\/tupique.com\/en\/wp-json\/wp\/v2\/product_tag?post=4378200"}],"curies":[{"name":"wp","href":"https:\/\/api.w.org\/{rel}","templated":true}]}}