{"id":4378290,"date":"2026-04-05T02:55:43","date_gmt":"2026-04-05T01:55:43","guid":{"rendered":"https:\/\/tupique.com\/produit\/casque-avec-microphone-gaming-orosound-evo-c-bt-noir\/"},"modified":"2026-04-05T02:55:43","modified_gmt":"2026-04-05T01:55:43","slug":"casque-avec-microphone-gaming-orosound-evo-c-bt-noir","status":"publish","type":"product","link":"https:\/\/tupique.com\/en\/product\/casque-avec-microphone-gaming-orosound-evo-c-bt-noir\/","title":{"rendered":"Casque avec Microphone Gaming Orosound EVO-C BT Noir"},"content":{"rendered":"<p>If you are passionate about\u2019<b>computer science and electronics<\/b>, If you're at the cutting edge of technology and don't want to miss a thing, buy <b>Casque avec Microphone Gaming Orosound EVO-C BT Noir<\/b> at the best price.<\/p>\n<ul>\n<li>Type:\n<ul>\n<li>Helmet<\/li>\n<li>Headset with Gaming Microphone<\/li>\n<li>Headset<\/li>\n<li>Wireless<\/li>\n<li>Headsets with Microphone<\/li>\n<\/ul>\n<\/li>\n<li>Features:\n<ul>\n<li>Annulation du bruit<\/li>\n<li>Plug and play<\/li>\n<li>Integrated battery<\/li>\n<li>R\u00e9duction du bruit<\/li>\n<li>On\/off switch<\/li>\n<li>Microphone omnidirectionnel<\/li>\n<li>C\u00e2ble amovible<\/li>\n<li>Installation guide included<\/li>\n<li>LED indicateur de chargement<\/li>\n<\/ul>\n<\/li>\n<li>Connections:\n<ul>\n<li>USB<\/li>\n<li>USB-C<\/li>\n<li>3.5 mm jack<\/li>\n<\/ul>\n<\/li>\n<li>Battery type: Litio Ion<\/li>\n<li>Connectivit\u00e9: Bluetooth<\/li>\n<li>Capacit\u00e9 de la batterie: 1000 mAh<\/li>\n<li>Fr\u00e9quence: 20 &#8211; 20000 Hz<\/li>\n<li>Port\u00e9e: 30 m<\/li>\n<li>Recommended use: Oficina\/Centro de llamadas<\/li>\n<li>Pays \/ r\u00e9gion de fabrication: France<\/li>\n<li>Type de casque: Circonf\u00e9rence externe<\/li>\n<li>Approx. charging time: 1.5 hours<\/li>\n<li>Fonctions: Acc\u00e9l\u00e9rom\u00e8tre<\/li>\n<li>Control: Buttons<\/li>\n<li>Driver: 40 mm<\/li>\n<li>Battery: Yes<\/li>\n<li>Includes:\n<ul>\n<li>\u00c9tui<\/li>\n<li>Housse de transport<\/li>\n<li>USB Type-C &#8211; USB Type-C<\/li>\n<\/ul>\n<\/li>\n<li>Headphones: Binaural<\/li>\n<\/ul>","protected":false},"excerpt":{"rendered":"<p>Si vous \u00eates passionn\u00e9 d&#8217;informatique et d&#8217;\u00e9lectronique, si vous \u00eates \u00e0 la pointe de la technologie et qu&#8217;aucun d\u00e9tail ne<\/p>","protected":false},"featured_media":4378288,"comment_status":"open","ping_status":"closed","template":"","meta":{"_joinchat":[]},"product_brand":[158102],"product_cat":[157920,157523,157516],"product_tag":[157835,157522,157515],"class_list":{"0":"post-4378290","1":"product","2":"type-product","3":"status-publish","4":"has-post-thumbnail","6":"product_brand-brandp_9101","7":"product_cat-casque-avec-microphone","8":"product_cat-electronique-telephonie-et-tablettes","9":"product_cat-informatique-electronique","10":"product_tag-tag_29","11":"product_tag-tag_547","12":"product_tag-tag_1295","14":"first","15":"instock","16":"taxable","17":"shipping-taxable","18":"purchasable","19":"product-type-simple"},"yoast_head":"<!-- This site is optimized with the Yoast SEO plugin v27.2 - https:\/\/yoast.com\/product\/yoast-seo-wordpress\/ -->\n<title>Casque avec Microphone Gaming Orosound EVO-C BT Noir - Tupique<\/title>\n<meta name=\"description\" content=\"Vous cherchez Casque avec Microphone Gaming Orosound EVO-C BT Noir ? Achetez des produits chez Tupique. Profitez de la livraison gratuite pour obtenir Casque avec Microphone Gaming Orosound EVO-C BT Noir d\u00e8s maintenant.\" \/>\n<meta name=\"robots\" content=\"index, follow, max-snippet:-1, max-image-preview:large, max-video-preview:-1\" \/>\n<link rel=\"canonical\" href=\"https:\/\/tupique.com\/en\/product\/casque-avec-microphone-gaming-orosound-evo-c-bt-noir\/\" \/>\n<meta property=\"og:locale\" content=\"en_GB\" \/>\n<meta property=\"og:type\" content=\"article\" \/>\n<meta property=\"og:title\" content=\"Casque avec Microphone Gaming Orosound EVO-C BT Noir - Tupique\" \/>\n<meta property=\"og:description\" content=\"Vous cherchez Casque avec Microphone Gaming Orosound EVO-C BT Noir ? Achetez des produits chez Tupique. Profitez de la livraison gratuite pour obtenir Casque avec Microphone Gaming Orosound EVO-C BT Noir d\u00e8s maintenant.\" \/>\n<meta property=\"og:url\" content=\"https:\/\/tupique.com\/en\/product\/casque-avec-microphone-gaming-orosound-evo-c-bt-noir\/\" \/>\n<meta property=\"og:site_name\" content=\"Tupique\" \/>\n<meta name=\"twitter:card\" content=\"summary_large_image\" \/>\n<meta name=\"twitter:label1\" content=\"Estimated reading time\" \/>\n\t<meta name=\"twitter:data1\" content=\"1 minute\" \/>\n<script type=\"application\/ld+json\" class=\"yoast-schema-graph\">{\"@context\":\"https:\/\/schema.org\",\"@graph\":[{\"@type\":\"WebPage\",\"@id\":\"https:\/\/tupique.com\/produit\/casque-avec-microphone-gaming-orosound-evo-c-bt-noir\/\",\"url\":\"https:\/\/tupique.com\/produit\/casque-avec-microphone-gaming-orosound-evo-c-bt-noir\/\",\"name\":\"Casque avec Microphone Gaming Orosound EVO-C BT Noir - Tupique\",\"isPartOf\":{\"@id\":\"https:\/\/tupique.com\/#website\"},\"primaryImageOfPage\":{\"@id\":\"https:\/\/tupique.com\/produit\/casque-avec-microphone-gaming-orosound-evo-c-bt-noir\/#primaryimage\"},\"image\":{\"@id\":\"https:\/\/tupique.com\/produit\/casque-avec-microphone-gaming-orosound-evo-c-bt-noir\/#primaryimage\"},\"thumbnailUrl\":\"https:\/\/tupique.com\/wp-content\/uploads\/2026\/04\/3770012094171_I00.jpg\",\"datePublished\":\"2026-04-05T01:55:43+00:00\",\"description\":\"Vous cherchez Casque avec Microphone Gaming Orosound EVO-C BT Noir ? Achetez des produits chez Tupique. Profitez de la livraison gratuite pour obtenir Casque avec Microphone Gaming Orosound EVO-C BT Noir d\u00e8s maintenant.\",\"breadcrumb\":{\"@id\":\"https:\/\/tupique.com\/produit\/casque-avec-microphone-gaming-orosound-evo-c-bt-noir\/#breadcrumb\"},\"inLanguage\":\"en-GB\",\"potentialAction\":[{\"@type\":\"ReadAction\",\"target\":[\"https:\/\/tupique.com\/produit\/casque-avec-microphone-gaming-orosound-evo-c-bt-noir\/\"]}]},{\"@type\":\"ImageObject\",\"inLanguage\":\"en-GB\",\"@id\":\"https:\/\/tupique.com\/produit\/casque-avec-microphone-gaming-orosound-evo-c-bt-noir\/#primaryimage\",\"url\":\"https:\/\/tupique.com\/wp-content\/uploads\/2026\/04\/3770012094171_I00.jpg\",\"contentUrl\":\"https:\/\/tupique.com\/wp-content\/uploads\/2026\/04\/3770012094171_I00.jpg\",\"width\":1200,\"height\":1200,\"caption\":\"S55273846_0\"},{\"@type\":\"BreadcrumbList\",\"@id\":\"https:\/\/tupique.com\/produit\/casque-avec-microphone-gaming-orosound-evo-c-bt-noir\/#breadcrumb\",\"itemListElement\":[{\"@type\":\"ListItem\",\"position\":1,\"name\":\"In\u00edcio\",\"item\":\"https:\/\/tupique.com\/\"},{\"@type\":\"ListItem\",\"position\":2,\"name\":\"Boutique\",\"item\":\"https:\/\/tupique.com\/en\/boutique\/\"},{\"@type\":\"ListItem\",\"position\":3,\"name\":\"Casque avec Microphone Gaming Orosound EVO-C BT Noir\"}]},{\"@type\":\"WebSite\",\"@id\":\"https:\/\/tupique.com\/#website\",\"url\":\"https:\/\/tupique.com\/\",\"name\":\"Tupique\",\"description\":\"Marketplace\",\"publisher\":{\"@id\":\"https:\/\/tupique.com\/#organization\"},\"potentialAction\":[{\"@type\":\"SearchAction\",\"target\":{\"@type\":\"EntryPoint\",\"urlTemplate\":\"https:\/\/tupique.com\/?s={search_term_string}\"},\"query-input\":{\"@type\":\"PropertyValueSpecification\",\"valueRequired\":true,\"valueName\":\"search_term_string\"}}],\"inLanguage\":\"en-GB\"},{\"@type\":\"Organization\",\"@id\":\"https:\/\/tupique.com\/#organization\",\"name\":\"Tupique\",\"url\":\"https:\/\/tupique.com\/\",\"logo\":{\"@type\":\"ImageObject\",\"inLanguage\":\"en-GB\",\"@id\":\"https:\/\/tupique.com\/#\/schema\/logo\/image\/\",\"url\":\"https:\/\/tupique.com\/wp-content\/uploads\/2024\/09\/logo.png\",\"contentUrl\":\"https:\/\/tupique.com\/wp-content\/uploads\/2024\/09\/logo.png\",\"width\":1118,\"height\":310,\"caption\":\"Tupique\"},\"image\":{\"@id\":\"https:\/\/tupique.com\/#\/schema\/logo\/image\/\"}}]}<\/script>\n<!-- \/ Yoast SEO plugin. -->","yoast_head_json":{"title":"Casque avec Microphone Gaming Orosound EVO-C BT Noir - Tupique","description":"Vous cherchez Casque avec Microphone Gaming Orosound EVO-C BT Noir ? Achetez des produits chez Tupique. Profitez de la livraison gratuite pour obtenir Casque avec Microphone Gaming Orosound EVO-C BT Noir d\u00e8s maintenant.","robots":{"index":"index","follow":"follow","max-snippet":"max-snippet:-1","max-image-preview":"max-image-preview:large","max-video-preview":"max-video-preview:-1"},"canonical":"https:\/\/tupique.com\/en\/product\/casque-avec-microphone-gaming-orosound-evo-c-bt-noir\/","og_locale":"en_GB","og_type":"article","og_title":"Casque avec Microphone Gaming Orosound EVO-C BT Noir - Tupique","og_description":"Vous cherchez Casque avec Microphone Gaming Orosound EVO-C BT Noir ? Achetez des produits chez Tupique. Profitez de la livraison gratuite pour obtenir Casque avec Microphone Gaming Orosound EVO-C BT Noir d\u00e8s maintenant.","og_url":"https:\/\/tupique.com\/en\/product\/casque-avec-microphone-gaming-orosound-evo-c-bt-noir\/","og_site_name":"Tupique","twitter_card":"summary_large_image","twitter_misc":{"Estimated reading time":"1 minute"},"schema":{"@context":"https:\/\/schema.org","@graph":[{"@type":"WebPage","@id":"https:\/\/tupique.com\/produit\/casque-avec-microphone-gaming-orosound-evo-c-bt-noir\/","url":"https:\/\/tupique.com\/produit\/casque-avec-microphone-gaming-orosound-evo-c-bt-noir\/","name":"Casque avec Microphone Gaming Orosound EVO-C BT Noir - Tupique","isPartOf":{"@id":"https:\/\/tupique.com\/#website"},"primaryImageOfPage":{"@id":"https:\/\/tupique.com\/produit\/casque-avec-microphone-gaming-orosound-evo-c-bt-noir\/#primaryimage"},"image":{"@id":"https:\/\/tupique.com\/produit\/casque-avec-microphone-gaming-orosound-evo-c-bt-noir\/#primaryimage"},"thumbnailUrl":"https:\/\/tupique.com\/wp-content\/uploads\/2026\/04\/3770012094171_I00.jpg","datePublished":"2026-04-05T01:55:43+00:00","description":"Vous cherchez Casque avec Microphone Gaming Orosound EVO-C BT Noir ? Achetez des produits chez Tupique. Profitez de la livraison gratuite pour obtenir Casque avec Microphone Gaming Orosound EVO-C BT Noir d\u00e8s maintenant.","breadcrumb":{"@id":"https:\/\/tupique.com\/produit\/casque-avec-microphone-gaming-orosound-evo-c-bt-noir\/#breadcrumb"},"inLanguage":"en-GB","potentialAction":[{"@type":"ReadAction","target":["https:\/\/tupique.com\/produit\/casque-avec-microphone-gaming-orosound-evo-c-bt-noir\/"]}]},{"@type":"ImageObject","inLanguage":"en-GB","@id":"https:\/\/tupique.com\/produit\/casque-avec-microphone-gaming-orosound-evo-c-bt-noir\/#primaryimage","url":"https:\/\/tupique.com\/wp-content\/uploads\/2026\/04\/3770012094171_I00.jpg","contentUrl":"https:\/\/tupique.com\/wp-content\/uploads\/2026\/04\/3770012094171_I00.jpg","width":1200,"height":1200,"caption":"S55273846_0"},{"@type":"BreadcrumbList","@id":"https:\/\/tupique.com\/produit\/casque-avec-microphone-gaming-orosound-evo-c-bt-noir\/#breadcrumb","itemListElement":[{"@type":"ListItem","position":1,"name":"In\u00edcio","item":"https:\/\/tupique.com\/"},{"@type":"ListItem","position":2,"name":"Boutique","item":"https:\/\/tupique.com\/en\/boutique\/"},{"@type":"ListItem","position":3,"name":"Casque avec Microphone Gaming Orosound EVO-C BT Noir"}]},{"@type":"WebSite","@id":"https:\/\/tupique.com\/#website","url":"https:\/\/tupique.com\/","name":"Tupique","description":"Marketplace","publisher":{"@id":"https:\/\/tupique.com\/#organization"},"potentialAction":[{"@type":"SearchAction","target":{"@type":"EntryPoint","urlTemplate":"https:\/\/tupique.com\/?s={search_term_string}"},"query-input":{"@type":"PropertyValueSpecification","valueRequired":true,"valueName":"search_term_string"}}],"inLanguage":"en-GB"},{"@type":"Organization","@id":"https:\/\/tupique.com\/#organization","name":"Tupique","url":"https:\/\/tupique.com\/","logo":{"@type":"ImageObject","inLanguage":"en-GB","@id":"https:\/\/tupique.com\/#\/schema\/logo\/image\/","url":"https:\/\/tupique.com\/wp-content\/uploads\/2024\/09\/logo.png","contentUrl":"https:\/\/tupique.com\/wp-content\/uploads\/2024\/09\/logo.png","width":1118,"height":310,"caption":"Tupique"},"image":{"@id":"https:\/\/tupique.com\/#\/schema\/logo\/image\/"}}]}},"jetpack_sharing_enabled":true,"_links":{"self":[{"href":"https:\/\/tupique.com\/en\/wp-json\/wp\/v2\/product\/4378290","targetHints":{"allow":["GET"]}}],"collection":[{"href":"https:\/\/tupique.com\/en\/wp-json\/wp\/v2\/product"}],"about":[{"href":"https:\/\/tupique.com\/en\/wp-json\/wp\/v2\/types\/product"}],"replies":[{"embeddable":true,"href":"https:\/\/tupique.com\/en\/wp-json\/wp\/v2\/comments?post=4378290"}],"wp:featuredmedia":[{"embeddable":true,"href":"https:\/\/tupique.com\/en\/wp-json\/wp\/v2\/media\/4378288"}],"wp:attachment":[{"href":"https:\/\/tupique.com\/en\/wp-json\/wp\/v2\/media?parent=4378290"}],"wp:term":[{"taxonomy":"product_brand","embeddable":true,"href":"https:\/\/tupique.com\/en\/wp-json\/wp\/v2\/product_brand?post=4378290"},{"taxonomy":"product_cat","embeddable":true,"href":"https:\/\/tupique.com\/en\/wp-json\/wp\/v2\/product_cat?post=4378290"},{"taxonomy":"product_tag","embeddable":true,"href":"https:\/\/tupique.com\/en\/wp-json\/wp\/v2\/product_tag?post=4378290"}],"curies":[{"name":"wp","href":"https:\/\/api.w.org\/{rel}","templated":true}]}}