{"id":4378324,"date":"2026-04-05T02:56:23","date_gmt":"2026-04-05T01:56:23","guid":{"rendered":"https:\/\/tupique.com\/produit\/montre-intelligente-samsung-sm-l305-noir-13-40-mm\/"},"modified":"2026-04-05T02:56:23","modified_gmt":"2026-04-05T01:56:23","slug":"montre-intelligente-samsung-sm-l305-noir-13-40-mm","status":"publish","type":"product","link":"https:\/\/tupique.com\/en\/product\/montre-intelligente-samsung-sm-l305-noir-13-40-mm\/","title":{"rendered":"Montre intelligente Samsung SM-L305 Noir 1,3&#8243; 40 mm"},"content":{"rendered":"<p>If you are passionate about\u2019<b>computer science and electronics<\/b>, If you're at the cutting edge of technology and don't want to miss a thing, buy <b>Montre intelligente Samsung SM-L305 Noir 1,3&#8243; 40 mm<\/b> at the best price.<\/p>\n<ul>\n<li>Material: Aluminium<\/li>\n<li>Microphone int\u00e9gr\u00e9: Oui<\/li>\n<li>Chargeur sans fil: Oui<\/li>\n<li>Chronom\u00e8tre: Oui<\/li>\n<li>Imperm\u00e9able: 5 atm<\/li>\n<li>Largeur: 4 cm<\/li>\n<li>Features:\n<ul>\n<li>Integrated speakers<\/li>\n<li>Accelerometer<\/li>\n<li>Barometer<\/li>\n<li>Touch screen<\/li>\n<li>Gyroscope<\/li>\n<li>Built-in microphone<\/li>\n<li>Capteur optique<\/li>\n<li>Stopwatch<\/li>\n<li>Sleep Monitor<\/li>\n<li>5 atm<\/li>\n<li>Mobile network connection<\/li>\n<li>Capteur g\u00e9omagn\u00e9tique<\/li>\n<li>Blood oxygen level sensor<\/li>\n<\/ul>\n<\/li>\n<li>Long: 4 cm<\/li>\n<li>Capacit\u00e9 de la batterie: 300 mAh<\/li>\n<li>Connectivity:\n<ul>\n<li>Bluetooth 5.3<\/li>\n<li>Bluetooth<\/li>\n<li>Wi-Fi<\/li>\n<li>Glonass<\/li>\n<li>GPS<\/li>\n<li>NFC<\/li>\n<li>BeiDou<\/li>\n<li>Galileo<\/li>\n<li>LTE<\/li>\n<\/ul>\n<\/li>\n<li>Podom\u00e8tre: Oui<\/li>\n<li>Ecran tactile: Oui<\/li>\n<li>Caisse: 40 mm<\/li>\n<li>Ecran: 1,3&#8243;<\/li>\n<li>Functions:\n<ul>\n<li>Accelerometer<\/li>\n<li>Gyroscope<\/li>\n<li>Pedometer<\/li>\n<li>Sleep Monitor<\/li>\n<li>Heart rate monitor<\/li>\n<\/ul>\n<\/li>\n<li>Technology: AMOLED<\/li>\n<li>Plug-in product: Yes<\/li>\n<li>Socket type: EU socket<\/li>\n<li>Watch type: Smart watch<\/li>\n<li>Bloc d\u2019Alimentation: r\u00e9seau \u00e9lectrique<\/li>\n<li>Colour:\n<ul>\n<li>Beige<\/li>\n<li>Black<\/li>\n<\/ul>\n<\/li>\n<li>M\u00e9moire interne: 32 GB<\/li>\n<li>Processeur: Dual Core<\/li>\n<li>M\u00e9moire RAM:\n<ul>\n<li>2 GB RAM<\/li>\n<li>2 GB<\/li>\n<\/ul>\n<\/li>\n<li>Dimensions approx.: 4 x 4 x 1 cm<\/li>\n<li>Connexions: 4G<\/li>\n<li>Type de batterie: Int\u00e9gr\u00e9e<\/li>\n<li>Shape: Round<\/li>\n<li>Classification IP: IP68<\/li>\n<li>Capacit\u00e9: 300 mAh<\/li>\n<\/ul>","protected":false},"excerpt":{"rendered":"<p>Si vous \u00eates passionn\u00e9 d&#8217;informatique et d&#8217;\u00e9lectronique, si vous \u00eates \u00e0 la pointe de la technologie et qu&#8217;aucun d\u00e9tail ne<\/p>","protected":false},"featured_media":4378318,"comment_status":"open","ping_status":"closed","template":"","meta":{"_joinchat":[]},"product_brand":[157883],"product_cat":[157523,157516,157601],"product_tag":[157530,157522,157515],"class_list":{"0":"post-4378324","1":"product","2":"type-product","3":"status-publish","4":"has-post-thumbnail","6":"product_brand-brandp_576","7":"product_cat-electronique-telephonie-et-tablettes","8":"product_cat-informatique-electronique","9":"product_cat-smartwatches","10":"product_tag-tag_1261","11":"product_tag-tag_547","12":"product_tag-tag_1295","14":"first","15":"instock","16":"taxable","17":"shipping-taxable","18":"purchasable","19":"product-type-simple"},"yoast_head":"<!-- This site is optimized with the Yoast SEO plugin v27.2 - https:\/\/yoast.com\/product\/yoast-seo-wordpress\/ -->\n<title>Montre intelligente Samsung SM-L305 Noir 1,3&quot; 40 mm - Tupique<\/title>\n<meta name=\"description\" content=\"Vous cherchez Montre intelligente Samsung SM-L305 Noir 1,3&quot; 40 mm ? Achetez des produits chez Tupique. Profitez de la livraison gratuite pour obtenir Montre intelligente Samsung SM-L305 Noir 1,3&quot; 40 mm d\u00e8s maintenant.\" \/>\n<meta name=\"robots\" content=\"index, follow, max-snippet:-1, max-image-preview:large, max-video-preview:-1\" \/>\n<link rel=\"canonical\" href=\"https:\/\/tupique.com\/en\/product\/montre-intelligente-samsung-sm-l305-noir-13-40-mm\/\" \/>\n<meta property=\"og:locale\" content=\"en_GB\" \/>\n<meta property=\"og:type\" content=\"article\" \/>\n<meta property=\"og:title\" content=\"Montre intelligente Samsung SM-L305 Noir 1,3&quot; 40 mm - Tupique\" \/>\n<meta property=\"og:description\" content=\"Vous cherchez Montre intelligente Samsung SM-L305 Noir 1,3&quot; 40 mm ? Achetez des produits chez Tupique. Profitez de la livraison gratuite pour obtenir Montre intelligente Samsung SM-L305 Noir 1,3&quot; 40 mm d\u00e8s maintenant.\" \/>\n<meta property=\"og:url\" content=\"https:\/\/tupique.com\/en\/product\/montre-intelligente-samsung-sm-l305-noir-13-40-mm\/\" \/>\n<meta property=\"og:site_name\" content=\"Tupique\" \/>\n<meta name=\"twitter:card\" content=\"summary_large_image\" \/>\n<meta name=\"twitter:label1\" content=\"Estimated reading time\" \/>\n\t<meta name=\"twitter:data1\" content=\"1 minute\" \/>\n<script type=\"application\/ld+json\" class=\"yoast-schema-graph\">{\"@context\":\"https:\/\/schema.org\",\"@graph\":[{\"@type\":\"WebPage\",\"@id\":\"https:\/\/tupique.com\/produit\/montre-intelligente-samsung-sm-l305-noir-13-40-mm\/\",\"url\":\"https:\/\/tupique.com\/produit\/montre-intelligente-samsung-sm-l305-noir-13-40-mm\/\",\"name\":\"Montre intelligente Samsung SM-L305 Noir 1,3\\\" 40 mm - Tupique\",\"isPartOf\":{\"@id\":\"https:\/\/tupique.com\/#website\"},\"primaryImageOfPage\":{\"@id\":\"https:\/\/tupique.com\/produit\/montre-intelligente-samsung-sm-l305-noir-13-40-mm\/#primaryimage\"},\"image\":{\"@id\":\"https:\/\/tupique.com\/produit\/montre-intelligente-samsung-sm-l305-noir-13-40-mm\/#primaryimage\"},\"thumbnailUrl\":\"https:\/\/tupique.com\/wp-content\/uploads\/2026\/04\/8806095684543_M0803576_P00.jpg\",\"datePublished\":\"2026-04-05T01:56:23+00:00\",\"description\":\"Vous cherchez Montre intelligente Samsung SM-L305 Noir 1,3\\\" 40 mm ? Achetez des produits chez Tupique. Profitez de la livraison gratuite pour obtenir Montre intelligente Samsung SM-L305 Noir 1,3\\\" 40 mm d\u00e8s maintenant.\",\"breadcrumb\":{\"@id\":\"https:\/\/tupique.com\/produit\/montre-intelligente-samsung-sm-l305-noir-13-40-mm\/#breadcrumb\"},\"inLanguage\":\"en-GB\",\"potentialAction\":[{\"@type\":\"ReadAction\",\"target\":[\"https:\/\/tupique.com\/produit\/montre-intelligente-samsung-sm-l305-noir-13-40-mm\/\"]}]},{\"@type\":\"ImageObject\",\"inLanguage\":\"en-GB\",\"@id\":\"https:\/\/tupique.com\/produit\/montre-intelligente-samsung-sm-l305-noir-13-40-mm\/#primaryimage\",\"url\":\"https:\/\/tupique.com\/wp-content\/uploads\/2026\/04\/8806095684543_M0803576_P00.jpg\",\"contentUrl\":\"https:\/\/tupique.com\/wp-content\/uploads\/2026\/04\/8806095684543_M0803576_P00.jpg\",\"width\":1200,\"height\":1200,\"caption\":\"M0803576_0\"},{\"@type\":\"BreadcrumbList\",\"@id\":\"https:\/\/tupique.com\/produit\/montre-intelligente-samsung-sm-l305-noir-13-40-mm\/#breadcrumb\",\"itemListElement\":[{\"@type\":\"ListItem\",\"position\":1,\"name\":\"In\u00edcio\",\"item\":\"https:\/\/tupique.com\/\"},{\"@type\":\"ListItem\",\"position\":2,\"name\":\"Boutique\",\"item\":\"https:\/\/tupique.com\/en\/boutique\/\"},{\"@type\":\"ListItem\",\"position\":3,\"name\":\"Montre intelligente Samsung SM-L305 Noir 1,3&#8243; 40 mm\"}]},{\"@type\":\"WebSite\",\"@id\":\"https:\/\/tupique.com\/#website\",\"url\":\"https:\/\/tupique.com\/\",\"name\":\"Tupique\",\"description\":\"Marketplace\",\"publisher\":{\"@id\":\"https:\/\/tupique.com\/#organization\"},\"potentialAction\":[{\"@type\":\"SearchAction\",\"target\":{\"@type\":\"EntryPoint\",\"urlTemplate\":\"https:\/\/tupique.com\/?s={search_term_string}\"},\"query-input\":{\"@type\":\"PropertyValueSpecification\",\"valueRequired\":true,\"valueName\":\"search_term_string\"}}],\"inLanguage\":\"en-GB\"},{\"@type\":\"Organization\",\"@id\":\"https:\/\/tupique.com\/#organization\",\"name\":\"Tupique\",\"url\":\"https:\/\/tupique.com\/\",\"logo\":{\"@type\":\"ImageObject\",\"inLanguage\":\"en-GB\",\"@id\":\"https:\/\/tupique.com\/#\/schema\/logo\/image\/\",\"url\":\"https:\/\/tupique.com\/wp-content\/uploads\/2024\/09\/logo.png\",\"contentUrl\":\"https:\/\/tupique.com\/wp-content\/uploads\/2024\/09\/logo.png\",\"width\":1118,\"height\":310,\"caption\":\"Tupique\"},\"image\":{\"@id\":\"https:\/\/tupique.com\/#\/schema\/logo\/image\/\"}}]}<\/script>\n<!-- \/ Yoast SEO plugin. -->","yoast_head_json":{"title":"Montre intelligente Samsung SM-L305 Noir 1,3\" 40 mm - Tupique","description":"Vous cherchez Montre intelligente Samsung SM-L305 Noir 1,3\" 40 mm ? Achetez des produits chez Tupique. Profitez de la livraison gratuite pour obtenir Montre intelligente Samsung SM-L305 Noir 1,3\" 40 mm d\u00e8s maintenant.","robots":{"index":"index","follow":"follow","max-snippet":"max-snippet:-1","max-image-preview":"max-image-preview:large","max-video-preview":"max-video-preview:-1"},"canonical":"https:\/\/tupique.com\/en\/product\/montre-intelligente-samsung-sm-l305-noir-13-40-mm\/","og_locale":"en_GB","og_type":"article","og_title":"Montre intelligente Samsung SM-L305 Noir 1,3\" 40 mm - Tupique","og_description":"Vous cherchez Montre intelligente Samsung SM-L305 Noir 1,3\" 40 mm ? Achetez des produits chez Tupique. Profitez de la livraison gratuite pour obtenir Montre intelligente Samsung SM-L305 Noir 1,3\" 40 mm d\u00e8s maintenant.","og_url":"https:\/\/tupique.com\/en\/product\/montre-intelligente-samsung-sm-l305-noir-13-40-mm\/","og_site_name":"Tupique","twitter_card":"summary_large_image","twitter_misc":{"Estimated reading time":"1 minute"},"schema":{"@context":"https:\/\/schema.org","@graph":[{"@type":"WebPage","@id":"https:\/\/tupique.com\/produit\/montre-intelligente-samsung-sm-l305-noir-13-40-mm\/","url":"https:\/\/tupique.com\/produit\/montre-intelligente-samsung-sm-l305-noir-13-40-mm\/","name":"Montre intelligente Samsung SM-L305 Noir 1,3\" 40 mm - Tupique","isPartOf":{"@id":"https:\/\/tupique.com\/#website"},"primaryImageOfPage":{"@id":"https:\/\/tupique.com\/produit\/montre-intelligente-samsung-sm-l305-noir-13-40-mm\/#primaryimage"},"image":{"@id":"https:\/\/tupique.com\/produit\/montre-intelligente-samsung-sm-l305-noir-13-40-mm\/#primaryimage"},"thumbnailUrl":"https:\/\/tupique.com\/wp-content\/uploads\/2026\/04\/8806095684543_M0803576_P00.jpg","datePublished":"2026-04-05T01:56:23+00:00","description":"Vous cherchez Montre intelligente Samsung SM-L305 Noir 1,3\" 40 mm ? Achetez des produits chez Tupique. Profitez de la livraison gratuite pour obtenir Montre intelligente Samsung SM-L305 Noir 1,3\" 40 mm d\u00e8s maintenant.","breadcrumb":{"@id":"https:\/\/tupique.com\/produit\/montre-intelligente-samsung-sm-l305-noir-13-40-mm\/#breadcrumb"},"inLanguage":"en-GB","potentialAction":[{"@type":"ReadAction","target":["https:\/\/tupique.com\/produit\/montre-intelligente-samsung-sm-l305-noir-13-40-mm\/"]}]},{"@type":"ImageObject","inLanguage":"en-GB","@id":"https:\/\/tupique.com\/produit\/montre-intelligente-samsung-sm-l305-noir-13-40-mm\/#primaryimage","url":"https:\/\/tupique.com\/wp-content\/uploads\/2026\/04\/8806095684543_M0803576_P00.jpg","contentUrl":"https:\/\/tupique.com\/wp-content\/uploads\/2026\/04\/8806095684543_M0803576_P00.jpg","width":1200,"height":1200,"caption":"M0803576_0"},{"@type":"BreadcrumbList","@id":"https:\/\/tupique.com\/produit\/montre-intelligente-samsung-sm-l305-noir-13-40-mm\/#breadcrumb","itemListElement":[{"@type":"ListItem","position":1,"name":"In\u00edcio","item":"https:\/\/tupique.com\/"},{"@type":"ListItem","position":2,"name":"Boutique","item":"https:\/\/tupique.com\/en\/boutique\/"},{"@type":"ListItem","position":3,"name":"Montre intelligente Samsung SM-L305 Noir 1,3&#8243; 40 mm"}]},{"@type":"WebSite","@id":"https:\/\/tupique.com\/#website","url":"https:\/\/tupique.com\/","name":"Tupique","description":"Marketplace","publisher":{"@id":"https:\/\/tupique.com\/#organization"},"potentialAction":[{"@type":"SearchAction","target":{"@type":"EntryPoint","urlTemplate":"https:\/\/tupique.com\/?s={search_term_string}"},"query-input":{"@type":"PropertyValueSpecification","valueRequired":true,"valueName":"search_term_string"}}],"inLanguage":"en-GB"},{"@type":"Organization","@id":"https:\/\/tupique.com\/#organization","name":"Tupique","url":"https:\/\/tupique.com\/","logo":{"@type":"ImageObject","inLanguage":"en-GB","@id":"https:\/\/tupique.com\/#\/schema\/logo\/image\/","url":"https:\/\/tupique.com\/wp-content\/uploads\/2024\/09\/logo.png","contentUrl":"https:\/\/tupique.com\/wp-content\/uploads\/2024\/09\/logo.png","width":1118,"height":310,"caption":"Tupique"},"image":{"@id":"https:\/\/tupique.com\/#\/schema\/logo\/image\/"}}]}},"jetpack_sharing_enabled":true,"_links":{"self":[{"href":"https:\/\/tupique.com\/en\/wp-json\/wp\/v2\/product\/4378324","targetHints":{"allow":["GET"]}}],"collection":[{"href":"https:\/\/tupique.com\/en\/wp-json\/wp\/v2\/product"}],"about":[{"href":"https:\/\/tupique.com\/en\/wp-json\/wp\/v2\/types\/product"}],"replies":[{"embeddable":true,"href":"https:\/\/tupique.com\/en\/wp-json\/wp\/v2\/comments?post=4378324"}],"wp:featuredmedia":[{"embeddable":true,"href":"https:\/\/tupique.com\/en\/wp-json\/wp\/v2\/media\/4378318"}],"wp:attachment":[{"href":"https:\/\/tupique.com\/en\/wp-json\/wp\/v2\/media?parent=4378324"}],"wp:term":[{"taxonomy":"product_brand","embeddable":true,"href":"https:\/\/tupique.com\/en\/wp-json\/wp\/v2\/product_brand?post=4378324"},{"taxonomy":"product_cat","embeddable":true,"href":"https:\/\/tupique.com\/en\/wp-json\/wp\/v2\/product_cat?post=4378324"},{"taxonomy":"product_tag","embeddable":true,"href":"https:\/\/tupique.com\/en\/wp-json\/wp\/v2\/product_tag?post=4378324"}],"curies":[{"name":"wp","href":"https:\/\/api.w.org\/{rel}","templated":true}]}}