{"id":4378393,"date":"2026-04-05T02:57:45","date_gmt":"2026-04-05T01:57:45","guid":{"rendered":"https:\/\/tupique.com\/produit\/smartphone-apple-iphone-14-61-hexa-core-512-gb-blanc\/"},"modified":"2026-04-06T16:55:29","modified_gmt":"2026-04-06T15:55:29","slug":"smartphone-apple-iphone-14-61-hexa-core-512-gb-blanc","status":"publish","type":"product","link":"https:\/\/tupique.com\/en\/product\/smartphone-apple-iphone-14-61-hexa-core-512-gb-blanc\/","title":{"rendered":"Smartphone Apple iPhone 14 6,1&#8243; Hexa Core 512 GB Blanc"},"content":{"rendered":"<p>If you are passionate about\u2019<b>computer science and electronics<\/b>, If you're at the cutting edge of technology and don't want to miss a thing, buy <b>Smartphone Apple iPhone 14 6,1&#8243; Hexa Core 512 GB Blanc<\/b> at the best price.<\/p>\n<ul>\n<li>Socket type: EU socket<\/li>\n<li>M\u00e9moire RAM: 6 GB RAM<\/li>\n<li>Plug-in product: Yes<\/li>\n<li>Type:\n<ul>\n<li>Smartphone<\/li>\n<li>D\u00e9clenchement de l&#8217;appareil photo<\/li>\n<\/ul>\n<\/li>\n<li>Bloc d\u2019Alimentation: r\u00e9seau \u00e9lectrique<\/li>\n<li>Indice de r\u00e9parabilit\u00e9:\n<ul>\n<li>6.9<\/li>\n<li>7.2<\/li>\n<\/ul>\n<\/li>\n<li>Capacit\u00e9 de la batterie: 3279 mAh<\/li>\n<li>Ecran: 6,1&#8243;<\/li>\n<li>Operating system:\n<ul>\n<li>iOS<\/li>\n<li>iOS 16<\/li>\n<\/ul>\n<\/li>\n<li>puissance: 15 W<\/li>\n<li>Connectivity:\n<ul>\n<li>NFC<\/li>\n<li>Bluetooth<\/li>\n<li>Wi-Fi<\/li>\n<li>BeiDou<\/li>\n<li>5G<\/li>\n<li>Positionnement de Wi-Fi<\/li>\n<li>LTE<\/li>\n<li>6 GHz Wi-Fi<\/li>\n<li>Bluetooth 5.3<\/li>\n<\/ul>\n<\/li>\n<li>Camera:\n<ul>\n<li>12 mpx<\/li>\n<li>Dual<\/li>\n<li>12 MP<\/li>\n<li>Frontal<\/li>\n<\/ul>\n<\/li>\n<li>Processor:\n<ul>\n<li>Hexa Core<\/li>\n<li>A15<\/li>\n<\/ul>\n<\/li>\n<li>Internal memory: 512 GB<\/li>\n<li>Colour:\n<ul>\n<li>White<\/li>\n<li>starlight<\/li>\n<\/ul>\n<\/li>\n<li>Features:\n<ul>\n<li>GPS<\/li>\n<li>Barometer<\/li>\n<li>Ambient light sensor<\/li>\n<li>MMS<\/li>\n<li>Appel vid\u00e9o<\/li>\n<li>HDR<\/li>\n<li>Autofocus<\/li>\n<li>Activation vocale<\/li>\n<li>Chargement rapide et fiable<\/li>\n<li>SMS<\/li>\n<li>Chargeur sans fil<\/li>\n<li>Syst\u00e8me de reconnaissance faciale<\/li>\n<li>Image stabiliser<\/li>\n<li>Capteur de proximit\u00e9<\/li>\n<li>Ceramic Shield<\/li>\n<li>Screen with rounded corners<\/li>\n<li>\u00c9cran plat<\/li>\n<\/ul>\n<\/li>\n<li>Connections:\n<ul>\n<li>USB-C<\/li>\n<li>Lightning<\/li>\n<li>Dual SIM<\/li>\n<\/ul>\n<\/li>\n<li>Functions:\n<ul>\n<li>D\u00e9clencheur<\/li>\n<li>ECO<\/li>\n<li>Geolocation<\/li>\n<li>Vibration<\/li>\n<\/ul>\n<\/li>\n<li>Facteur de forme: Bar<\/li>\n<li>Capteurs:\n<ul>\n<li>Accelerometer<\/li>\n<li>Gyroscope<\/li>\n<\/ul>\n<\/li>\n<li>Classification IP: IP68<\/li>\n<li>Compatible: Windows<\/li>\n<li>Includes:\n<ul>\n<li>Loudspeaker<\/li>\n<li>USB Type-C &#8211; Lightning<\/li>\n<\/ul>\n<\/li>\n<li>Technology:\n<ul>\n<li>Mime<\/li>\n<li>Glonass<\/li>\n<li>OLED<\/li>\n<li>Capacitive<\/li>\n<\/ul>\n<\/li>\n<li>Ouverture: f\/2.4<\/li>\n<li>Not included: AC adapter<\/li>\n<li>Flux lumineux: 800 lm<\/li>\n<li>USB connection: No<\/li>\n<li>Battery type: Litio Ion<\/li>\n<li>Autonomie approx.: 20 heures<\/li>\n<li>R\u00e9solution: 2532 x 1170 px<\/li>\n<li>Cores:\n<ul>\n<li>6 Noyaux<\/li>\n<li>16 Cores<\/li>\n<\/ul>\n<\/li>\n<li>Resolution (px):\n<ul>\n<li>3840 x 2160 px<\/li>\n<li>2160 px<\/li>\n<\/ul>\n<\/li>\n<li>Diagonale de l&#8217;\u00e9cran (cm): 15,5 cm<\/li>\n<\/ul>","protected":false},"excerpt":{"rendered":"<p>Si vous \u00eates passionn\u00e9 d&#8217;informatique et d&#8217;\u00e9lectronique, si vous \u00eates \u00e0 la pointe de la technologie et qu&#8217;aucun d\u00e9tail ne<\/p>","protected":false},"featured_media":4378390,"comment_status":"open","ping_status":"closed","template":"","meta":{"_joinchat":[]},"product_brand":[157892],"product_cat":[157523,157516,157524],"product_tag":[157514,157522,157515],"class_list":{"0":"post-4378393","1":"product","2":"type-product","3":"status-publish","4":"has-post-thumbnail","6":"product_brand-brandp_533","7":"product_cat-electronique-telephonie-et-tablettes","8":"product_cat-informatique-electronique","9":"product_cat-telephones-portables","10":"product_tag-tag_933","11":"product_tag-tag_547","12":"product_tag-tag_1295","14":"first","15":"outofstock","16":"taxable","17":"shipping-taxable","18":"purchasable","19":"product-type-simple"},"yoast_head":"<!-- This site is optimized with the Yoast SEO plugin v27.2 - https:\/\/yoast.com\/product\/yoast-seo-wordpress\/ -->\n<title>Smartphone Apple iPhone 14 6,1&quot; Hexa Core 512 GB Blanc - Tupique<\/title>\n<meta name=\"description\" content=\"Vous cherchez Smartphone Apple iPhone 14 6,1&quot; Hexa Core 512 GB Blanc ? Achetez des produits chez Tupique. Profitez de la livraison gratuite pour obtenir Smartphone Apple iPhone 14 6,1&quot; Hexa Core 512 GB Blanc d\u00e8s maintenant.\" \/>\n<meta name=\"robots\" content=\"index, follow, max-snippet:-1, max-image-preview:large, max-video-preview:-1\" \/>\n<link rel=\"canonical\" href=\"https:\/\/tupique.com\/en\/product\/smartphone-apple-iphone-14-61-hexa-core-512-gb-blanc\/\" \/>\n<meta property=\"og:locale\" content=\"en_GB\" \/>\n<meta property=\"og:type\" content=\"article\" \/>\n<meta property=\"og:title\" content=\"Smartphone Apple iPhone 14 6,1&quot; Hexa Core 512 GB Blanc - Tupique\" \/>\n<meta property=\"og:description\" content=\"Vous cherchez Smartphone Apple iPhone 14 6,1&quot; Hexa Core 512 GB Blanc ? Achetez des produits chez Tupique. Profitez de la livraison gratuite pour obtenir Smartphone Apple iPhone 14 6,1&quot; Hexa Core 512 GB Blanc d\u00e8s maintenant.\" \/>\n<meta property=\"og:url\" content=\"https:\/\/tupique.com\/en\/product\/smartphone-apple-iphone-14-61-hexa-core-512-gb-blanc\/\" \/>\n<meta property=\"og:site_name\" content=\"Tupique\" \/>\n<meta property=\"article:modified_time\" content=\"2026-04-06T15:55:29+00:00\" \/>\n<meta property=\"og:image\" content=\"https:\/\/tupique.com\/wp-content\/uploads\/2026\/04\/0194253411789_M0805394_P00.jpg\" \/>\n\t<meta property=\"og:image:width\" content=\"1200\" \/>\n\t<meta property=\"og:image:height\" content=\"1200\" \/>\n\t<meta property=\"og:image:type\" content=\"image\/jpeg\" \/>\n<meta name=\"twitter:card\" content=\"summary_large_image\" \/>\n<meta name=\"twitter:label1\" content=\"Estimated reading time\" \/>\n\t<meta name=\"twitter:data1\" content=\"1 minute\" \/>\n<script type=\"application\/ld+json\" class=\"yoast-schema-graph\">{\"@context\":\"https:\/\/schema.org\",\"@graph\":[{\"@type\":\"WebPage\",\"@id\":\"https:\/\/tupique.com\/produit\/smartphone-apple-iphone-14-61-hexa-core-512-gb-blanc\/\",\"url\":\"https:\/\/tupique.com\/produit\/smartphone-apple-iphone-14-61-hexa-core-512-gb-blanc\/\",\"name\":\"Smartphone Apple iPhone 14 6,1\\\" Hexa Core 512 GB Blanc - Tupique\",\"isPartOf\":{\"@id\":\"https:\/\/tupique.com\/#website\"},\"primaryImageOfPage\":{\"@id\":\"https:\/\/tupique.com\/produit\/smartphone-apple-iphone-14-61-hexa-core-512-gb-blanc\/#primaryimage\"},\"image\":{\"@id\":\"https:\/\/tupique.com\/produit\/smartphone-apple-iphone-14-61-hexa-core-512-gb-blanc\/#primaryimage\"},\"thumbnailUrl\":\"https:\/\/tupique.com\/wp-content\/uploads\/2026\/04\/0194253411789_M0805394_P00.jpg\",\"datePublished\":\"2026-04-05T01:57:45+00:00\",\"dateModified\":\"2026-04-06T15:55:29+00:00\",\"description\":\"Vous cherchez Smartphone Apple iPhone 14 6,1\\\" Hexa Core 512 GB Blanc ? Achetez des produits chez Tupique. Profitez de la livraison gratuite pour obtenir Smartphone Apple iPhone 14 6,1\\\" Hexa Core 512 GB Blanc d\u00e8s maintenant.\",\"breadcrumb\":{\"@id\":\"https:\/\/tupique.com\/produit\/smartphone-apple-iphone-14-61-hexa-core-512-gb-blanc\/#breadcrumb\"},\"inLanguage\":\"en-GB\",\"potentialAction\":[{\"@type\":\"ReadAction\",\"target\":[\"https:\/\/tupique.com\/produit\/smartphone-apple-iphone-14-61-hexa-core-512-gb-blanc\/\"]}]},{\"@type\":\"ImageObject\",\"inLanguage\":\"en-GB\",\"@id\":\"https:\/\/tupique.com\/produit\/smartphone-apple-iphone-14-61-hexa-core-512-gb-blanc\/#primaryimage\",\"url\":\"https:\/\/tupique.com\/wp-content\/uploads\/2026\/04\/0194253411789_M0805394_P00.jpg\",\"contentUrl\":\"https:\/\/tupique.com\/wp-content\/uploads\/2026\/04\/0194253411789_M0805394_P00.jpg\",\"width\":1200,\"height\":1200,\"caption\":\"M0805394_0\"},{\"@type\":\"BreadcrumbList\",\"@id\":\"https:\/\/tupique.com\/produit\/smartphone-apple-iphone-14-61-hexa-core-512-gb-blanc\/#breadcrumb\",\"itemListElement\":[{\"@type\":\"ListItem\",\"position\":1,\"name\":\"In\u00edcio\",\"item\":\"https:\/\/tupique.com\/\"},{\"@type\":\"ListItem\",\"position\":2,\"name\":\"Boutique\",\"item\":\"https:\/\/tupique.com\/en\/boutique\/\"},{\"@type\":\"ListItem\",\"position\":3,\"name\":\"Smartphone Apple iPhone 14 6,1&#8243; Hexa Core 512 GB Blanc\"}]},{\"@type\":\"WebSite\",\"@id\":\"https:\/\/tupique.com\/#website\",\"url\":\"https:\/\/tupique.com\/\",\"name\":\"Tupique\",\"description\":\"Marketplace\",\"publisher\":{\"@id\":\"https:\/\/tupique.com\/#organization\"},\"potentialAction\":[{\"@type\":\"SearchAction\",\"target\":{\"@type\":\"EntryPoint\",\"urlTemplate\":\"https:\/\/tupique.com\/?s={search_term_string}\"},\"query-input\":{\"@type\":\"PropertyValueSpecification\",\"valueRequired\":true,\"valueName\":\"search_term_string\"}}],\"inLanguage\":\"en-GB\"},{\"@type\":\"Organization\",\"@id\":\"https:\/\/tupique.com\/#organization\",\"name\":\"Tupique\",\"url\":\"https:\/\/tupique.com\/\",\"logo\":{\"@type\":\"ImageObject\",\"inLanguage\":\"en-GB\",\"@id\":\"https:\/\/tupique.com\/#\/schema\/logo\/image\/\",\"url\":\"https:\/\/tupique.com\/wp-content\/uploads\/2024\/09\/logo.png\",\"contentUrl\":\"https:\/\/tupique.com\/wp-content\/uploads\/2024\/09\/logo.png\",\"width\":1118,\"height\":310,\"caption\":\"Tupique\"},\"image\":{\"@id\":\"https:\/\/tupique.com\/#\/schema\/logo\/image\/\"}}]}<\/script>\n<!-- \/ Yoast SEO plugin. -->","yoast_head_json":{"title":"Smartphone Apple iPhone 14 6,1\" Hexa Core 512 GB Blanc - Tupique","description":"Vous cherchez Smartphone Apple iPhone 14 6,1\" Hexa Core 512 GB Blanc ? Achetez des produits chez Tupique. Profitez de la livraison gratuite pour obtenir Smartphone Apple iPhone 14 6,1\" Hexa Core 512 GB Blanc d\u00e8s maintenant.","robots":{"index":"index","follow":"follow","max-snippet":"max-snippet:-1","max-image-preview":"max-image-preview:large","max-video-preview":"max-video-preview:-1"},"canonical":"https:\/\/tupique.com\/en\/product\/smartphone-apple-iphone-14-61-hexa-core-512-gb-blanc\/","og_locale":"en_GB","og_type":"article","og_title":"Smartphone Apple iPhone 14 6,1\" Hexa Core 512 GB Blanc - Tupique","og_description":"Vous cherchez Smartphone Apple iPhone 14 6,1\" Hexa Core 512 GB Blanc ? Achetez des produits chez Tupique. Profitez de la livraison gratuite pour obtenir Smartphone Apple iPhone 14 6,1\" Hexa Core 512 GB Blanc d\u00e8s maintenant.","og_url":"https:\/\/tupique.com\/en\/product\/smartphone-apple-iphone-14-61-hexa-core-512-gb-blanc\/","og_site_name":"Tupique","article_modified_time":"2026-04-06T15:55:29+00:00","og_image":[{"width":1200,"height":1200,"url":"https:\/\/tupique.com\/wp-content\/uploads\/2026\/04\/0194253411789_M0805394_P00.jpg","type":"image\/jpeg"}],"twitter_card":"summary_large_image","twitter_misc":{"Estimated reading time":"1 minute"},"schema":{"@context":"https:\/\/schema.org","@graph":[{"@type":"WebPage","@id":"https:\/\/tupique.com\/produit\/smartphone-apple-iphone-14-61-hexa-core-512-gb-blanc\/","url":"https:\/\/tupique.com\/produit\/smartphone-apple-iphone-14-61-hexa-core-512-gb-blanc\/","name":"Smartphone Apple iPhone 14 6,1\" Hexa Core 512 GB Blanc - Tupique","isPartOf":{"@id":"https:\/\/tupique.com\/#website"},"primaryImageOfPage":{"@id":"https:\/\/tupique.com\/produit\/smartphone-apple-iphone-14-61-hexa-core-512-gb-blanc\/#primaryimage"},"image":{"@id":"https:\/\/tupique.com\/produit\/smartphone-apple-iphone-14-61-hexa-core-512-gb-blanc\/#primaryimage"},"thumbnailUrl":"https:\/\/tupique.com\/wp-content\/uploads\/2026\/04\/0194253411789_M0805394_P00.jpg","datePublished":"2026-04-05T01:57:45+00:00","dateModified":"2026-04-06T15:55:29+00:00","description":"Vous cherchez Smartphone Apple iPhone 14 6,1\" Hexa Core 512 GB Blanc ? Achetez des produits chez Tupique. Profitez de la livraison gratuite pour obtenir Smartphone Apple iPhone 14 6,1\" Hexa Core 512 GB Blanc d\u00e8s maintenant.","breadcrumb":{"@id":"https:\/\/tupique.com\/produit\/smartphone-apple-iphone-14-61-hexa-core-512-gb-blanc\/#breadcrumb"},"inLanguage":"en-GB","potentialAction":[{"@type":"ReadAction","target":["https:\/\/tupique.com\/produit\/smartphone-apple-iphone-14-61-hexa-core-512-gb-blanc\/"]}]},{"@type":"ImageObject","inLanguage":"en-GB","@id":"https:\/\/tupique.com\/produit\/smartphone-apple-iphone-14-61-hexa-core-512-gb-blanc\/#primaryimage","url":"https:\/\/tupique.com\/wp-content\/uploads\/2026\/04\/0194253411789_M0805394_P00.jpg","contentUrl":"https:\/\/tupique.com\/wp-content\/uploads\/2026\/04\/0194253411789_M0805394_P00.jpg","width":1200,"height":1200,"caption":"M0805394_0"},{"@type":"BreadcrumbList","@id":"https:\/\/tupique.com\/produit\/smartphone-apple-iphone-14-61-hexa-core-512-gb-blanc\/#breadcrumb","itemListElement":[{"@type":"ListItem","position":1,"name":"In\u00edcio","item":"https:\/\/tupique.com\/"},{"@type":"ListItem","position":2,"name":"Boutique","item":"https:\/\/tupique.com\/en\/boutique\/"},{"@type":"ListItem","position":3,"name":"Smartphone Apple iPhone 14 6,1&#8243; Hexa Core 512 GB Blanc"}]},{"@type":"WebSite","@id":"https:\/\/tupique.com\/#website","url":"https:\/\/tupique.com\/","name":"Tupique","description":"Marketplace","publisher":{"@id":"https:\/\/tupique.com\/#organization"},"potentialAction":[{"@type":"SearchAction","target":{"@type":"EntryPoint","urlTemplate":"https:\/\/tupique.com\/?s={search_term_string}"},"query-input":{"@type":"PropertyValueSpecification","valueRequired":true,"valueName":"search_term_string"}}],"inLanguage":"en-GB"},{"@type":"Organization","@id":"https:\/\/tupique.com\/#organization","name":"Tupique","url":"https:\/\/tupique.com\/","logo":{"@type":"ImageObject","inLanguage":"en-GB","@id":"https:\/\/tupique.com\/#\/schema\/logo\/image\/","url":"https:\/\/tupique.com\/wp-content\/uploads\/2024\/09\/logo.png","contentUrl":"https:\/\/tupique.com\/wp-content\/uploads\/2024\/09\/logo.png","width":1118,"height":310,"caption":"Tupique"},"image":{"@id":"https:\/\/tupique.com\/#\/schema\/logo\/image\/"}}]}},"jetpack_sharing_enabled":true,"_links":{"self":[{"href":"https:\/\/tupique.com\/en\/wp-json\/wp\/v2\/product\/4378393","targetHints":{"allow":["GET"]}}],"collection":[{"href":"https:\/\/tupique.com\/en\/wp-json\/wp\/v2\/product"}],"about":[{"href":"https:\/\/tupique.com\/en\/wp-json\/wp\/v2\/types\/product"}],"replies":[{"embeddable":true,"href":"https:\/\/tupique.com\/en\/wp-json\/wp\/v2\/comments?post=4378393"}],"wp:featuredmedia":[{"embeddable":true,"href":"https:\/\/tupique.com\/en\/wp-json\/wp\/v2\/media\/4378390"}],"wp:attachment":[{"href":"https:\/\/tupique.com\/en\/wp-json\/wp\/v2\/media?parent=4378393"}],"wp:term":[{"taxonomy":"product_brand","embeddable":true,"href":"https:\/\/tupique.com\/en\/wp-json\/wp\/v2\/product_brand?post=4378393"},{"taxonomy":"product_cat","embeddable":true,"href":"https:\/\/tupique.com\/en\/wp-json\/wp\/v2\/product_cat?post=4378393"},{"taxonomy":"product_tag","embeddable":true,"href":"https:\/\/tupique.com\/en\/wp-json\/wp\/v2\/product_tag?post=4378393"}],"curies":[{"name":"wp","href":"https:\/\/api.w.org\/{rel}","templated":true}]}}