{"id":4378549,"date":"2026-04-05T03:56:24","date_gmt":"2026-04-05T02:56:24","guid":{"rendered":"https:\/\/tupique.com\/produit\/tablette-microsoft-ep2-20050-13-32-gb-ram-512-gb-platine\/"},"modified":"2026-04-05T03:57:46","modified_gmt":"2026-04-05T02:57:46","slug":"tablette-microsoft-ep2-20050-13-32-gb-ram-512-gb-platine","status":"publish","type":"product","link":"https:\/\/tupique.com\/en\/product\/tablette-microsoft-ep2-20050-13-32-gb-ram-512-gb-platine\/","title":{"rendered":"Tablette Microsoft EP2-20050 13&#8243; 32 GB RAM 512 GB Platine"},"content":{"rendered":"<p>If you are passionate about\u2019<b>computer science and electronics<\/b>, If you're at the cutting edge of technology and don't want to miss a thing, buy <b>Tablette Microsoft EP2-20050 13&#8243; 32 GB RAM 512 GB Platine<\/b> at the best price.<\/p>\n<ul>\n<li>Diagonale de l&#8217;\u00e9cran (cm): 33 cm<\/li>\n<li>Type:\n<ul>\n<li>Tablet<\/li>\n<li>SSD<\/li>\n<\/ul>\n<\/li>\n<li>Plug-in product: Yes<\/li>\n<li>Socket type: EU socket<\/li>\n<li>Bloc d\u2019Alimentation: r\u00e9seau \u00e9lectrique<\/li>\n<li>Gyroscope: Oui<\/li>\n<li>Material: Aluminium<\/li>\n<li>Pile incluse: Oui<\/li>\n<li>Syst\u00e8me d&#8217;exploitation: Windows 11 Pro<\/li>\n<li>Plate-forme: Windows<\/li>\n<li>Connectivity:\n<ul>\n<li>Bluetooth<\/li>\n<li>Wi-Fi<\/li>\n<\/ul>\n<\/li>\n<li>Connections: USB<\/li>\n<li>Acc\u00e9l\u00e9rom\u00e8tre: Oui<\/li>\n<li>Ecran: 13&#8243;<\/li>\n<li>M\u00e9moire RAM: 32 GB RAM<\/li>\n<li>Internal memory: 512 GB<\/li>\n<li>Couleur: Platine<\/li>\n<\/ul>","protected":false},"excerpt":{"rendered":"<p>Si vous \u00eates passionn\u00e9 d&#8217;informatique et d&#8217;\u00e9lectronique, si vous \u00eates \u00e0 la pointe de la technologie et qu&#8217;aucun d\u00e9tail ne<\/p>","protected":false},"featured_media":4378544,"comment_status":"open","ping_status":"closed","template":"","meta":{"_joinchat":[]},"product_brand":[158112],"product_cat":[157523,157516,157560],"product_tag":[157522,157515],"class_list":{"0":"post-4378549","1":"product","2":"type-product","3":"status-publish","4":"has-post-thumbnail","6":"product_brand-brandp_564","7":"product_cat-electronique-telephonie-et-tablettes","8":"product_cat-informatique-electronique","9":"product_cat-tablettes","10":"product_tag-tag_547","11":"product_tag-tag_1295","13":"first","14":"outofstock","15":"taxable","16":"shipping-taxable","17":"purchasable","18":"product-type-simple"},"yoast_head":"<!-- This site is optimized with the Yoast SEO plugin v27.2 - https:\/\/yoast.com\/product\/yoast-seo-wordpress\/ -->\n<title>Tablette Microsoft EP2-20050 13&quot; 32 GB RAM 512 GB Platine - Tupique<\/title>\n<meta name=\"description\" content=\"Vous cherchez Tablette Microsoft EP2-20050 13&quot; 32 GB RAM 512 GB Platine ? Achetez des produits chez Tupique. Profitez de la livraison gratuite pour obtenir Tablette Microsoft EP2-20050 13&quot; 32 GB RAM 512 GB Platine d\u00e8s maintenant.\" \/>\n<meta name=\"robots\" content=\"index, follow, max-snippet:-1, max-image-preview:large, max-video-preview:-1\" \/>\n<link rel=\"canonical\" href=\"https:\/\/tupique.com\/en\/product\/tablette-microsoft-ep2-20050-13-32-gb-ram-512-gb-platine\/\" \/>\n<meta property=\"og:locale\" content=\"en_GB\" \/>\n<meta property=\"og:type\" content=\"article\" \/>\n<meta property=\"og:title\" content=\"Tablette Microsoft EP2-20050 13&quot; 32 GB RAM 512 GB Platine - Tupique\" \/>\n<meta property=\"og:description\" content=\"Vous cherchez Tablette Microsoft EP2-20050 13&quot; 32 GB RAM 512 GB Platine ? Achetez des produits chez Tupique. Profitez de la livraison gratuite pour obtenir Tablette Microsoft EP2-20050 13&quot; 32 GB RAM 512 GB Platine d\u00e8s maintenant.\" \/>\n<meta property=\"og:url\" content=\"https:\/\/tupique.com\/en\/product\/tablette-microsoft-ep2-20050-13-32-gb-ram-512-gb-platine\/\" \/>\n<meta property=\"og:site_name\" content=\"Tupique\" \/>\n<meta property=\"article:modified_time\" content=\"2026-04-05T02:57:46+00:00\" \/>\n<meta property=\"og:image\" content=\"https:\/\/tupique.com\/wp-content\/uploads\/2026\/04\/1012843100.jpg\" \/>\n\t<meta property=\"og:image:width\" content=\"1200\" \/>\n\t<meta property=\"og:image:height\" content=\"1200\" \/>\n\t<meta property=\"og:image:type\" content=\"image\/jpeg\" \/>\n<meta name=\"twitter:card\" content=\"summary_large_image\" \/>\n<script type=\"application\/ld+json\" class=\"yoast-schema-graph\">{\"@context\":\"https:\/\/schema.org\",\"@graph\":[{\"@type\":\"WebPage\",\"@id\":\"https:\/\/tupique.com\/produit\/tablette-microsoft-ep2-20050-13-32-gb-ram-512-gb-platine\/\",\"url\":\"https:\/\/tupique.com\/produit\/tablette-microsoft-ep2-20050-13-32-gb-ram-512-gb-platine\/\",\"name\":\"Tablette Microsoft EP2-20050 13\\\" 32 GB RAM 512 GB Platine - Tupique\",\"isPartOf\":{\"@id\":\"https:\/\/tupique.com\/#website\"},\"primaryImageOfPage\":{\"@id\":\"https:\/\/tupique.com\/produit\/tablette-microsoft-ep2-20050-13-32-gb-ram-512-gb-platine\/#primaryimage\"},\"image\":{\"@id\":\"https:\/\/tupique.com\/produit\/tablette-microsoft-ep2-20050-13-32-gb-ram-512-gb-platine\/#primaryimage\"},\"thumbnailUrl\":\"https:\/\/tupique.com\/wp-content\/uploads\/2026\/04\/1012843100.jpg\",\"datePublished\":\"2026-04-05T02:56:24+00:00\",\"dateModified\":\"2026-04-05T02:57:46+00:00\",\"description\":\"Vous cherchez Tablette Microsoft EP2-20050 13\\\" 32 GB RAM 512 GB Platine ? Achetez des produits chez Tupique. Profitez de la livraison gratuite pour obtenir Tablette Microsoft EP2-20050 13\\\" 32 GB RAM 512 GB Platine d\u00e8s maintenant.\",\"breadcrumb\":{\"@id\":\"https:\/\/tupique.com\/produit\/tablette-microsoft-ep2-20050-13-32-gb-ram-512-gb-platine\/#breadcrumb\"},\"inLanguage\":\"en-GB\",\"potentialAction\":[{\"@type\":\"ReadAction\",\"target\":[\"https:\/\/tupique.com\/produit\/tablette-microsoft-ep2-20050-13-32-gb-ram-512-gb-platine\/\"]}]},{\"@type\":\"ImageObject\",\"inLanguage\":\"en-GB\",\"@id\":\"https:\/\/tupique.com\/produit\/tablette-microsoft-ep2-20050-13-32-gb-ram-512-gb-platine\/#primaryimage\",\"url\":\"https:\/\/tupique.com\/wp-content\/uploads\/2026\/04\/1012843100.jpg\",\"contentUrl\":\"https:\/\/tupique.com\/wp-content\/uploads\/2026\/04\/1012843100.jpg\",\"width\":1200,\"height\":1200,\"caption\":\"S55298573_0\"},{\"@type\":\"BreadcrumbList\",\"@id\":\"https:\/\/tupique.com\/produit\/tablette-microsoft-ep2-20050-13-32-gb-ram-512-gb-platine\/#breadcrumb\",\"itemListElement\":[{\"@type\":\"ListItem\",\"position\":1,\"name\":\"In\u00edcio\",\"item\":\"https:\/\/tupique.com\/\"},{\"@type\":\"ListItem\",\"position\":2,\"name\":\"Boutique\",\"item\":\"https:\/\/tupique.com\/en\/boutique\/\"},{\"@type\":\"ListItem\",\"position\":3,\"name\":\"Tablette Microsoft EP2-20050 13&#8243; 32 GB RAM 512 GB Platine\"}]},{\"@type\":\"WebSite\",\"@id\":\"https:\/\/tupique.com\/#website\",\"url\":\"https:\/\/tupique.com\/\",\"name\":\"Tupique\",\"description\":\"Marketplace\",\"publisher\":{\"@id\":\"https:\/\/tupique.com\/#organization\"},\"potentialAction\":[{\"@type\":\"SearchAction\",\"target\":{\"@type\":\"EntryPoint\",\"urlTemplate\":\"https:\/\/tupique.com\/?s={search_term_string}\"},\"query-input\":{\"@type\":\"PropertyValueSpecification\",\"valueRequired\":true,\"valueName\":\"search_term_string\"}}],\"inLanguage\":\"en-GB\"},{\"@type\":\"Organization\",\"@id\":\"https:\/\/tupique.com\/#organization\",\"name\":\"Tupique\",\"url\":\"https:\/\/tupique.com\/\",\"logo\":{\"@type\":\"ImageObject\",\"inLanguage\":\"en-GB\",\"@id\":\"https:\/\/tupique.com\/#\/schema\/logo\/image\/\",\"url\":\"https:\/\/tupique.com\/wp-content\/uploads\/2024\/09\/logo.png\",\"contentUrl\":\"https:\/\/tupique.com\/wp-content\/uploads\/2024\/09\/logo.png\",\"width\":1118,\"height\":310,\"caption\":\"Tupique\"},\"image\":{\"@id\":\"https:\/\/tupique.com\/#\/schema\/logo\/image\/\"}}]}<\/script>\n<!-- \/ Yoast SEO plugin. -->","yoast_head_json":{"title":"Tablette Microsoft EP2-20050 13\" 32 GB RAM 512 GB Platine - Tupique","description":"Vous cherchez Tablette Microsoft EP2-20050 13\" 32 GB RAM 512 GB Platine ? Achetez des produits chez Tupique. Profitez de la livraison gratuite pour obtenir Tablette Microsoft EP2-20050 13\" 32 GB RAM 512 GB Platine d\u00e8s maintenant.","robots":{"index":"index","follow":"follow","max-snippet":"max-snippet:-1","max-image-preview":"max-image-preview:large","max-video-preview":"max-video-preview:-1"},"canonical":"https:\/\/tupique.com\/en\/product\/tablette-microsoft-ep2-20050-13-32-gb-ram-512-gb-platine\/","og_locale":"en_GB","og_type":"article","og_title":"Tablette Microsoft EP2-20050 13\" 32 GB RAM 512 GB Platine - Tupique","og_description":"Vous cherchez Tablette Microsoft EP2-20050 13\" 32 GB RAM 512 GB Platine ? Achetez des produits chez Tupique. Profitez de la livraison gratuite pour obtenir Tablette Microsoft EP2-20050 13\" 32 GB RAM 512 GB Platine d\u00e8s maintenant.","og_url":"https:\/\/tupique.com\/en\/product\/tablette-microsoft-ep2-20050-13-32-gb-ram-512-gb-platine\/","og_site_name":"Tupique","article_modified_time":"2026-04-05T02:57:46+00:00","og_image":[{"width":1200,"height":1200,"url":"https:\/\/tupique.com\/wp-content\/uploads\/2026\/04\/1012843100.jpg","type":"image\/jpeg"}],"twitter_card":"summary_large_image","schema":{"@context":"https:\/\/schema.org","@graph":[{"@type":"WebPage","@id":"https:\/\/tupique.com\/produit\/tablette-microsoft-ep2-20050-13-32-gb-ram-512-gb-platine\/","url":"https:\/\/tupique.com\/produit\/tablette-microsoft-ep2-20050-13-32-gb-ram-512-gb-platine\/","name":"Tablette Microsoft EP2-20050 13\" 32 GB RAM 512 GB Platine - Tupique","isPartOf":{"@id":"https:\/\/tupique.com\/#website"},"primaryImageOfPage":{"@id":"https:\/\/tupique.com\/produit\/tablette-microsoft-ep2-20050-13-32-gb-ram-512-gb-platine\/#primaryimage"},"image":{"@id":"https:\/\/tupique.com\/produit\/tablette-microsoft-ep2-20050-13-32-gb-ram-512-gb-platine\/#primaryimage"},"thumbnailUrl":"https:\/\/tupique.com\/wp-content\/uploads\/2026\/04\/1012843100.jpg","datePublished":"2026-04-05T02:56:24+00:00","dateModified":"2026-04-05T02:57:46+00:00","description":"Vous cherchez Tablette Microsoft EP2-20050 13\" 32 GB RAM 512 GB Platine ? Achetez des produits chez Tupique. Profitez de la livraison gratuite pour obtenir Tablette Microsoft EP2-20050 13\" 32 GB RAM 512 GB Platine d\u00e8s maintenant.","breadcrumb":{"@id":"https:\/\/tupique.com\/produit\/tablette-microsoft-ep2-20050-13-32-gb-ram-512-gb-platine\/#breadcrumb"},"inLanguage":"en-GB","potentialAction":[{"@type":"ReadAction","target":["https:\/\/tupique.com\/produit\/tablette-microsoft-ep2-20050-13-32-gb-ram-512-gb-platine\/"]}]},{"@type":"ImageObject","inLanguage":"en-GB","@id":"https:\/\/tupique.com\/produit\/tablette-microsoft-ep2-20050-13-32-gb-ram-512-gb-platine\/#primaryimage","url":"https:\/\/tupique.com\/wp-content\/uploads\/2026\/04\/1012843100.jpg","contentUrl":"https:\/\/tupique.com\/wp-content\/uploads\/2026\/04\/1012843100.jpg","width":1200,"height":1200,"caption":"S55298573_0"},{"@type":"BreadcrumbList","@id":"https:\/\/tupique.com\/produit\/tablette-microsoft-ep2-20050-13-32-gb-ram-512-gb-platine\/#breadcrumb","itemListElement":[{"@type":"ListItem","position":1,"name":"In\u00edcio","item":"https:\/\/tupique.com\/"},{"@type":"ListItem","position":2,"name":"Boutique","item":"https:\/\/tupique.com\/en\/boutique\/"},{"@type":"ListItem","position":3,"name":"Tablette Microsoft EP2-20050 13&#8243; 32 GB RAM 512 GB Platine"}]},{"@type":"WebSite","@id":"https:\/\/tupique.com\/#website","url":"https:\/\/tupique.com\/","name":"Tupique","description":"Marketplace","publisher":{"@id":"https:\/\/tupique.com\/#organization"},"potentialAction":[{"@type":"SearchAction","target":{"@type":"EntryPoint","urlTemplate":"https:\/\/tupique.com\/?s={search_term_string}"},"query-input":{"@type":"PropertyValueSpecification","valueRequired":true,"valueName":"search_term_string"}}],"inLanguage":"en-GB"},{"@type":"Organization","@id":"https:\/\/tupique.com\/#organization","name":"Tupique","url":"https:\/\/tupique.com\/","logo":{"@type":"ImageObject","inLanguage":"en-GB","@id":"https:\/\/tupique.com\/#\/schema\/logo\/image\/","url":"https:\/\/tupique.com\/wp-content\/uploads\/2024\/09\/logo.png","contentUrl":"https:\/\/tupique.com\/wp-content\/uploads\/2024\/09\/logo.png","width":1118,"height":310,"caption":"Tupique"},"image":{"@id":"https:\/\/tupique.com\/#\/schema\/logo\/image\/"}}]}},"jetpack_sharing_enabled":true,"_links":{"self":[{"href":"https:\/\/tupique.com\/en\/wp-json\/wp\/v2\/product\/4378549","targetHints":{"allow":["GET"]}}],"collection":[{"href":"https:\/\/tupique.com\/en\/wp-json\/wp\/v2\/product"}],"about":[{"href":"https:\/\/tupique.com\/en\/wp-json\/wp\/v2\/types\/product"}],"replies":[{"embeddable":true,"href":"https:\/\/tupique.com\/en\/wp-json\/wp\/v2\/comments?post=4378549"}],"wp:featuredmedia":[{"embeddable":true,"href":"https:\/\/tupique.com\/en\/wp-json\/wp\/v2\/media\/4378544"}],"wp:attachment":[{"href":"https:\/\/tupique.com\/en\/wp-json\/wp\/v2\/media?parent=4378549"}],"wp:term":[{"taxonomy":"product_brand","embeddable":true,"href":"https:\/\/tupique.com\/en\/wp-json\/wp\/v2\/product_brand?post=4378549"},{"taxonomy":"product_cat","embeddable":true,"href":"https:\/\/tupique.com\/en\/wp-json\/wp\/v2\/product_cat?post=4378549"},{"taxonomy":"product_tag","embeddable":true,"href":"https:\/\/tupique.com\/en\/wp-json\/wp\/v2\/product_tag?post=4378549"}],"curies":[{"name":"wp","href":"https:\/\/api.w.org\/{rel}","templated":true}]}}