{"id":4378725,"date":"2026-04-05T04:03:21","date_gmt":"2026-04-05T03:03:21","guid":{"rendered":"https:\/\/tupique.com\/produit\/ecran-benq-sw242q-full-hd-wqxga-241\/"},"modified":"2026-04-05T04:55:44","modified_gmt":"2026-04-05T03:55:44","slug":"ecran-benq-sw242q-full-hd-wqxga-241","status":"publish","type":"product","link":"https:\/\/tupique.com\/en\/product\/ecran-benq-sw242q-full-hd-wqxga-241\/","title":{"rendered":"\u00c9cran BenQ SW242Q Full HD WQXGA 24,1&#8243;"},"content":{"rendered":"<p>If you are passionate about\u2019<b>computer science and electronics<\/b>, If you're at the cutting edge of technology and don't want to miss a thing, buy <b>\u00c9cran BenQ SW242Q Full HD WQXGA 24,1&#8243;<\/b> at the best price.<\/p>\n<p>Le <b>BenQ SW242Q<\/b> est un <b>moniteur<\/b> professionnel de 24,1 pouces con\u00e7u pour offrir une exp\u00e9rience visuelle avanc\u00e9e et une grande pr\u00e9cision des couleurs, id\u00e9al pour les photographes, designers et cr\u00e9ateurs de contenu n\u00e9cessitant un contr\u00f4le rigoureux de leur flux de travail visuel. Ce mod\u00e8le int\u00e8gre une dalle <b>IPS avec technologie LED<\/b> garantissant une reproduction fid\u00e8le et constante des couleurs sous de larges angles, gr\u00e2ce \u00e0 son <b>angle de vision de 178\u00b0 horizontal et vertical<\/b>. Sa r\u00e9solution native de <b>2560 x 1600 pixels<\/b> (WQXGA) avec un format <b>16:10<\/b> offre une surface d\u2019affichage plus verticale que le standard 16:9, facilitant les t\u00e2ches demandant plus d\u2019espace en hauteur, comme la retouche photo et le design graphique. Il prend \u00e9galement en charge le <b>HDR10<\/b>, permettant une meilleure repr\u00e9sentation de la plage dynamique pour des images avec des contrastes profonds et des couleurs plus vives. Le traitement de l\u2019\u00e9cran <b>mat<\/b> optimise la visibilit\u00e9 en conditions lumineuses vari\u00e9es, r\u00e9duisant les reflets et la fatigue visuelle. Le temps de r\u00e9ponse de <b>5 ms<\/b> convient aux environnements cr\u00e9atifs et offre une certaine polyvalence multim\u00e9dia sans compromettre la qualit\u00e9 d\u2019image. C\u00f4t\u00e9 ergonomie, le SW242Q dispose d\u2019un support <b>r\u00e9glable en hauteur et d\u2019une base pivotante<\/b>, permettant d\u2019adapter le moniteur selon les besoins de l\u2019utilisateur ou l\u2019espace de travail, et il est compatible avec le montage <b>VESA<\/b>. Il offre une connectivit\u00e9 avanc\u00e9e avec un port <b>USB 3.2 Gen 1<\/b> pour des transferts rapides et la connexion de p\u00e9riph\u00e9riques, maximisant confort et efficacit\u00e9 au poste de travail. Son design en <b>noir mat<\/b> avec une finition sobre et professionnelle s\u2019int\u00e8gre dans tout environnement de bureau ou studio. En r\u00e9sum\u00e9, le <b>BenQ SW242Q<\/b> est une option solide pour les professionnels recherchant un moniteur pr\u00e9cis et techniquement polyvalent, alliant performances visuelles et ergonomie adapt\u00e9es aux travaux cr\u00e9atifs exigeants.<\/p>\n<ul>\n<li>Plug-in product: Yes<\/li>\n<li>Socket type: EU socket<\/li>\n<li>Type:\n<ul>\n<li>\u00c9cran<\/li>\n<li>Axe<\/li>\n<\/ul>\n<\/li>\n<li>Diagonale de l&#8217;\u00e9cran (cm):\n<ul>\n<li>61,2 cm<\/li>\n<li>61 cm<\/li>\n<\/ul>\n<\/li>\n<li>Bloc d\u2019Alimentation: r\u00e9seau \u00e9lectrique<\/li>\n<li>Colour: Black<\/li>\n<li>Temps de r\u00e9ponse: 5 ms<\/li>\n<li>consommation d&#8217;\u00e9nergie: 27 W<\/li>\n<li>VESA: 10 x 10 cm<\/li>\n<li>Brille:\n<ul>\n<li>250 cd\/m2<\/li>\n<li>400 cd\/m\u00b2<\/li>\n<\/ul>\n<\/li>\n<li>Resolution (px):\n<ul>\n<li>1920 x 1080 px<\/li>\n<li>2560 x 1600 px<\/li>\n<\/ul>\n<\/li>\n<li>Voltage:\n<ul>\n<li>100-240 V<\/li>\n<li>240 V<\/li>\n<li>100 - 240 V<\/li>\n<\/ul>\n<\/li>\n<li>Ecran: 24,1&#8243;<\/li>\n<li>Classification \u00e9nerg\u00e9tique: G<\/li>\n<li>R\u00e9solution:\n<ul>\n<li>Full HD<\/li>\n<li>WQXGA<\/li>\n<li>LCD<\/li>\n<\/ul>\n<\/li>\n<li>Connections:\n<ul>\n<li>HDMI<\/li>\n<li>USB<\/li>\n<li>DisplayPort<\/li>\n<li>HDMI 2.0<\/li>\n<li>2<\/li>\n<li>USB-C<\/li>\n<li>3.5 mm jack<\/li>\n<li>USB-C x 2<\/li>\n<li>HDCP<\/li>\n<li>DisplayPort 1.4<\/li>\n<li>DisplayPort x 1<\/li>\n<\/ul>\n<\/li>\n<li>Features:\n<ul>\n<li>Plaque Tournante<\/li>\n<li>Mat<\/li>\n<li>R\u00e9glable<\/li>\n<li>HDR<\/li>\n<li>Inclinaison r\u00e9glable<\/li>\n<li>\u00c9cran plat<\/li>\n<\/ul>\n<\/li>\n<li>Technology:\n<ul>\n<li>LED<\/li>\n<li>IPS<\/li>\n<li>HDR10<\/li>\n<\/ul>\n<\/li>\n<li>Fr\u00e9quence: 60 Hz<\/li>\n<li>Rapport d&#8217;aspect: 16:10<\/li>\n<li>Rapport de contraste: 1000:1<\/li>\n<li>Finition: Mat<\/li>\n<li>Ports: 1<\/li>\n<li>Touch screen: No<\/li>\n<li>Inclut: Sortie d&#8217;\u00e9couteurs<\/li>\n<li>Angle: 178\u00ba<\/li>\n<li>Inclinaison: -5\u00ba \/ 20\u00ba<\/li>\n<li>Non Inclus: AMD FreeSync<\/li>\n<li>Montage: VESA<\/li>\n<li>Couverture: 100% sRGB<\/li>\n<li>Rotation: -30\u00ba \/ 30\u00b0<\/li>\n<\/ul>","protected":false},"excerpt":{"rendered":"<p>Si vous \u00eates passionn\u00e9 d&#8217;informatique et d&#8217;\u00e9lectronique, si vous \u00eates \u00e0 la pointe de la technologie et qu&#8217;aucun d\u00e9tail ne<\/p>","protected":false},"featured_media":4378716,"comment_status":"open","ping_status":"closed","template":"","meta":{"_joinchat":[]},"product_brand":[158075],"product_cat":[157516,157517,157816],"product_tag":[157514,157515],"class_list":{"0":"post-4378725","1":"product","2":"type-product","3":"status-publish","4":"has-post-thumbnail","6":"product_brand-brandp_537","7":"product_cat-informatique-electronique","8":"product_cat-informatique-peripheriques-et-consommables","9":"product_cat-moniteurs","10":"product_tag-tag_933","11":"product_tag-tag_1295","13":"first","14":"outofstock","15":"taxable","16":"shipping-taxable","17":"purchasable","18":"product-type-simple"},"yoast_head":"<!-- This site is optimized with the Yoast SEO plugin v27.2 - https:\/\/yoast.com\/product\/yoast-seo-wordpress\/ -->\n<title>\u00c9cran BenQ SW242Q Full HD WQXGA 24,1&quot; - Tupique<\/title>\n<meta name=\"description\" content=\"Vous cherchez \u00c9cran BenQ SW242Q Full HD WQXGA 24,1&quot; ? Achetez des produits chez Tupique. Profitez de la livraison gratuite pour obtenir \u00c9cran BenQ SW242Q Full HD WQXGA 24,1&quot; d\u00e8s maintenant.\" \/>\n<meta name=\"robots\" content=\"index, follow, max-snippet:-1, max-image-preview:large, max-video-preview:-1\" \/>\n<link rel=\"canonical\" href=\"https:\/\/tupique.com\/en\/product\/ecran-benq-sw242q-full-hd-wqxga-241\/\" \/>\n<meta property=\"og:locale\" content=\"en_GB\" \/>\n<meta property=\"og:type\" content=\"article\" \/>\n<meta property=\"og:title\" content=\"\u00c9cran BenQ SW242Q Full HD WQXGA 24,1&quot; - Tupique\" \/>\n<meta property=\"og:description\" content=\"Vous cherchez \u00c9cran BenQ SW242Q Full HD WQXGA 24,1&quot; ? Achetez des produits chez Tupique. Profitez de la livraison gratuite pour obtenir \u00c9cran BenQ SW242Q Full HD WQXGA 24,1&quot; d\u00e8s maintenant.\" \/>\n<meta property=\"og:url\" content=\"https:\/\/tupique.com\/en\/product\/ecran-benq-sw242q-full-hd-wqxga-241\/\" \/>\n<meta property=\"og:site_name\" content=\"Tupique\" \/>\n<meta property=\"article:modified_time\" content=\"2026-04-05T03:55:44+00:00\" \/>\n<meta property=\"og:image\" content=\"https:\/\/tupique.com\/wp-content\/uploads\/2026\/04\/4718755093159_R00.jpg\" \/>\n\t<meta property=\"og:image:width\" content=\"1200\" \/>\n\t<meta property=\"og:image:height\" content=\"1200\" \/>\n\t<meta property=\"og:image:type\" content=\"image\/jpeg\" \/>\n<meta name=\"twitter:card\" content=\"summary_large_image\" \/>\n<meta name=\"twitter:label1\" content=\"Estimated reading time\" \/>\n\t<meta name=\"twitter:data1\" content=\"2 minutes\" \/>\n<script type=\"application\/ld+json\" class=\"yoast-schema-graph\">{\"@context\":\"https:\/\/schema.org\",\"@graph\":[{\"@type\":\"WebPage\",\"@id\":\"https:\/\/tupique.com\/produit\/ecran-benq-sw242q-full-hd-wqxga-241\/\",\"url\":\"https:\/\/tupique.com\/produit\/ecran-benq-sw242q-full-hd-wqxga-241\/\",\"name\":\"\u00c9cran BenQ SW242Q Full HD WQXGA 24,1\\\" - Tupique\",\"isPartOf\":{\"@id\":\"https:\/\/tupique.com\/#website\"},\"primaryImageOfPage\":{\"@id\":\"https:\/\/tupique.com\/produit\/ecran-benq-sw242q-full-hd-wqxga-241\/#primaryimage\"},\"image\":{\"@id\":\"https:\/\/tupique.com\/produit\/ecran-benq-sw242q-full-hd-wqxga-241\/#primaryimage\"},\"thumbnailUrl\":\"https:\/\/tupique.com\/wp-content\/uploads\/2026\/04\/4718755093159_R00.jpg\",\"datePublished\":\"2026-04-05T03:03:21+00:00\",\"dateModified\":\"2026-04-05T03:55:44+00:00\",\"description\":\"Vous cherchez \u00c9cran BenQ SW242Q Full HD WQXGA 24,1\\\" ? Achetez des produits chez Tupique. Profitez de la livraison gratuite pour obtenir \u00c9cran BenQ SW242Q Full HD WQXGA 24,1\\\" d\u00e8s maintenant.\",\"breadcrumb\":{\"@id\":\"https:\/\/tupique.com\/produit\/ecran-benq-sw242q-full-hd-wqxga-241\/#breadcrumb\"},\"inLanguage\":\"en-GB\",\"potentialAction\":[{\"@type\":\"ReadAction\",\"target\":[\"https:\/\/tupique.com\/produit\/ecran-benq-sw242q-full-hd-wqxga-241\/\"]}]},{\"@type\":\"ImageObject\",\"inLanguage\":\"en-GB\",\"@id\":\"https:\/\/tupique.com\/produit\/ecran-benq-sw242q-full-hd-wqxga-241\/#primaryimage\",\"url\":\"https:\/\/tupique.com\/wp-content\/uploads\/2026\/04\/4718755093159_R00.jpg\",\"contentUrl\":\"https:\/\/tupique.com\/wp-content\/uploads\/2026\/04\/4718755093159_R00.jpg\",\"width\":1200,\"height\":1200,\"caption\":\"S55273174_0\"},{\"@type\":\"BreadcrumbList\",\"@id\":\"https:\/\/tupique.com\/produit\/ecran-benq-sw242q-full-hd-wqxga-241\/#breadcrumb\",\"itemListElement\":[{\"@type\":\"ListItem\",\"position\":1,\"name\":\"In\u00edcio\",\"item\":\"https:\/\/tupique.com\/\"},{\"@type\":\"ListItem\",\"position\":2,\"name\":\"Boutique\",\"item\":\"https:\/\/tupique.com\/en\/boutique\/\"},{\"@type\":\"ListItem\",\"position\":3,\"name\":\"\u00c9cran BenQ SW242Q Full HD WQXGA 24,1&#8243;\"}]},{\"@type\":\"WebSite\",\"@id\":\"https:\/\/tupique.com\/#website\",\"url\":\"https:\/\/tupique.com\/\",\"name\":\"Tupique\",\"description\":\"Marketplace\",\"publisher\":{\"@id\":\"https:\/\/tupique.com\/#organization\"},\"potentialAction\":[{\"@type\":\"SearchAction\",\"target\":{\"@type\":\"EntryPoint\",\"urlTemplate\":\"https:\/\/tupique.com\/?s={search_term_string}\"},\"query-input\":{\"@type\":\"PropertyValueSpecification\",\"valueRequired\":true,\"valueName\":\"search_term_string\"}}],\"inLanguage\":\"en-GB\"},{\"@type\":\"Organization\",\"@id\":\"https:\/\/tupique.com\/#organization\",\"name\":\"Tupique\",\"url\":\"https:\/\/tupique.com\/\",\"logo\":{\"@type\":\"ImageObject\",\"inLanguage\":\"en-GB\",\"@id\":\"https:\/\/tupique.com\/#\/schema\/logo\/image\/\",\"url\":\"https:\/\/tupique.com\/wp-content\/uploads\/2024\/09\/logo.png\",\"contentUrl\":\"https:\/\/tupique.com\/wp-content\/uploads\/2024\/09\/logo.png\",\"width\":1118,\"height\":310,\"caption\":\"Tupique\"},\"image\":{\"@id\":\"https:\/\/tupique.com\/#\/schema\/logo\/image\/\"}}]}<\/script>\n<!-- \/ Yoast SEO plugin. -->","yoast_head_json":{"title":"\u00c9cran BenQ SW242Q Full HD WQXGA 24,1\" - Tupique","description":"Vous cherchez \u00c9cran BenQ SW242Q Full HD WQXGA 24,1\" ? Achetez des produits chez Tupique. Profitez de la livraison gratuite pour obtenir \u00c9cran BenQ SW242Q Full HD WQXGA 24,1\" d\u00e8s maintenant.","robots":{"index":"index","follow":"follow","max-snippet":"max-snippet:-1","max-image-preview":"max-image-preview:large","max-video-preview":"max-video-preview:-1"},"canonical":"https:\/\/tupique.com\/en\/product\/ecran-benq-sw242q-full-hd-wqxga-241\/","og_locale":"en_GB","og_type":"article","og_title":"\u00c9cran BenQ SW242Q Full HD WQXGA 24,1\" - Tupique","og_description":"Vous cherchez \u00c9cran BenQ SW242Q Full HD WQXGA 24,1\" ? Achetez des produits chez Tupique. Profitez de la livraison gratuite pour obtenir \u00c9cran BenQ SW242Q Full HD WQXGA 24,1\" d\u00e8s maintenant.","og_url":"https:\/\/tupique.com\/en\/product\/ecran-benq-sw242q-full-hd-wqxga-241\/","og_site_name":"Tupique","article_modified_time":"2026-04-05T03:55:44+00:00","og_image":[{"width":1200,"height":1200,"url":"https:\/\/tupique.com\/wp-content\/uploads\/2026\/04\/4718755093159_R00.jpg","type":"image\/jpeg"}],"twitter_card":"summary_large_image","twitter_misc":{"Estimated reading time":"2 minutes"},"schema":{"@context":"https:\/\/schema.org","@graph":[{"@type":"WebPage","@id":"https:\/\/tupique.com\/produit\/ecran-benq-sw242q-full-hd-wqxga-241\/","url":"https:\/\/tupique.com\/produit\/ecran-benq-sw242q-full-hd-wqxga-241\/","name":"\u00c9cran BenQ SW242Q Full HD WQXGA 24,1\" - Tupique","isPartOf":{"@id":"https:\/\/tupique.com\/#website"},"primaryImageOfPage":{"@id":"https:\/\/tupique.com\/produit\/ecran-benq-sw242q-full-hd-wqxga-241\/#primaryimage"},"image":{"@id":"https:\/\/tupique.com\/produit\/ecran-benq-sw242q-full-hd-wqxga-241\/#primaryimage"},"thumbnailUrl":"https:\/\/tupique.com\/wp-content\/uploads\/2026\/04\/4718755093159_R00.jpg","datePublished":"2026-04-05T03:03:21+00:00","dateModified":"2026-04-05T03:55:44+00:00","description":"Vous cherchez \u00c9cran BenQ SW242Q Full HD WQXGA 24,1\" ? Achetez des produits chez Tupique. Profitez de la livraison gratuite pour obtenir \u00c9cran BenQ SW242Q Full HD WQXGA 24,1\" d\u00e8s maintenant.","breadcrumb":{"@id":"https:\/\/tupique.com\/produit\/ecran-benq-sw242q-full-hd-wqxga-241\/#breadcrumb"},"inLanguage":"en-GB","potentialAction":[{"@type":"ReadAction","target":["https:\/\/tupique.com\/produit\/ecran-benq-sw242q-full-hd-wqxga-241\/"]}]},{"@type":"ImageObject","inLanguage":"en-GB","@id":"https:\/\/tupique.com\/produit\/ecran-benq-sw242q-full-hd-wqxga-241\/#primaryimage","url":"https:\/\/tupique.com\/wp-content\/uploads\/2026\/04\/4718755093159_R00.jpg","contentUrl":"https:\/\/tupique.com\/wp-content\/uploads\/2026\/04\/4718755093159_R00.jpg","width":1200,"height":1200,"caption":"S55273174_0"},{"@type":"BreadcrumbList","@id":"https:\/\/tupique.com\/produit\/ecran-benq-sw242q-full-hd-wqxga-241\/#breadcrumb","itemListElement":[{"@type":"ListItem","position":1,"name":"In\u00edcio","item":"https:\/\/tupique.com\/"},{"@type":"ListItem","position":2,"name":"Boutique","item":"https:\/\/tupique.com\/en\/boutique\/"},{"@type":"ListItem","position":3,"name":"\u00c9cran BenQ SW242Q Full HD WQXGA 24,1&#8243;"}]},{"@type":"WebSite","@id":"https:\/\/tupique.com\/#website","url":"https:\/\/tupique.com\/","name":"Tupique","description":"Marketplace","publisher":{"@id":"https:\/\/tupique.com\/#organization"},"potentialAction":[{"@type":"SearchAction","target":{"@type":"EntryPoint","urlTemplate":"https:\/\/tupique.com\/?s={search_term_string}"},"query-input":{"@type":"PropertyValueSpecification","valueRequired":true,"valueName":"search_term_string"}}],"inLanguage":"en-GB"},{"@type":"Organization","@id":"https:\/\/tupique.com\/#organization","name":"Tupique","url":"https:\/\/tupique.com\/","logo":{"@type":"ImageObject","inLanguage":"en-GB","@id":"https:\/\/tupique.com\/#\/schema\/logo\/image\/","url":"https:\/\/tupique.com\/wp-content\/uploads\/2024\/09\/logo.png","contentUrl":"https:\/\/tupique.com\/wp-content\/uploads\/2024\/09\/logo.png","width":1118,"height":310,"caption":"Tupique"},"image":{"@id":"https:\/\/tupique.com\/#\/schema\/logo\/image\/"}}]}},"jetpack_sharing_enabled":true,"_links":{"self":[{"href":"https:\/\/tupique.com\/en\/wp-json\/wp\/v2\/product\/4378725","targetHints":{"allow":["GET"]}}],"collection":[{"href":"https:\/\/tupique.com\/en\/wp-json\/wp\/v2\/product"}],"about":[{"href":"https:\/\/tupique.com\/en\/wp-json\/wp\/v2\/types\/product"}],"replies":[{"embeddable":true,"href":"https:\/\/tupique.com\/en\/wp-json\/wp\/v2\/comments?post=4378725"}],"wp:featuredmedia":[{"embeddable":true,"href":"https:\/\/tupique.com\/en\/wp-json\/wp\/v2\/media\/4378716"}],"wp:attachment":[{"href":"https:\/\/tupique.com\/en\/wp-json\/wp\/v2\/media?parent=4378725"}],"wp:term":[{"taxonomy":"product_brand","embeddable":true,"href":"https:\/\/tupique.com\/en\/wp-json\/wp\/v2\/product_brand?post=4378725"},{"taxonomy":"product_cat","embeddable":true,"href":"https:\/\/tupique.com\/en\/wp-json\/wp\/v2\/product_cat?post=4378725"},{"taxonomy":"product_tag","embeddable":true,"href":"https:\/\/tupique.com\/en\/wp-json\/wp\/v2\/product_tag?post=4378725"}],"curies":[{"name":"wp","href":"https:\/\/api.w.org\/{rel}","templated":true}]}}