{"id":4378775,"date":"2026-04-05T04:56:44","date_gmt":"2026-04-05T03:56:44","guid":{"rendered":"https:\/\/tupique.com\/produit\/tv-intelligente-lg-77g54lw-4k-ultra-hd-77-hdr-oled\/"},"modified":"2026-04-05T04:56:44","modified_gmt":"2026-04-05T03:56:44","slug":"tv-intelligente-lg-77g54lw-4k-ultra-hd-77-hdr-oled","status":"publish","type":"product","link":"https:\/\/tupique.com\/en\/product\/tv-intelligente-lg-77g54lw-4k-ultra-hd-77-hdr-oled\/","title":{"rendered":"TV intelligente LG 77G54LW 4K Ultra HD 77&#8243; HDR OLED"},"content":{"rendered":"<p>If you are passionate about\u2019<b>computer science and electronics<\/b>, If you're at the cutting edge of technology and don't want to miss a thing, buy <b>TV intelligente LG 77G54LW 4K Ultra HD 77&#8243; HDR OLED<\/b> at the best price.<\/p>\n<ul>\n<li>Diagonale de l&#8217;\u00e9cran (cm):\n<ul>\n<li>195,6 cm<\/li>\n<li>193 cm<\/li>\n<\/ul>\n<\/li>\n<li>Resolution (px): 3840 x 2160 px<\/li>\n<li>Colour: Black<\/li>\n<li>Features:\n<ul>\n<li>Navigation web<\/li>\n<li>TV intelligente<\/li>\n<li>Apple AirPlay 2<\/li>\n<li>\u00c9cran plat<\/li>\n<\/ul>\n<\/li>\n<li>Aspect ratio: 16:9<\/li>\n<li>Connectivity:\n<ul>\n<li>Bluetooth<\/li>\n<li>Wi-Fi<\/li>\n<li>Interface commune<\/li>\n<li>Bluetooth 5.3<\/li>\n<li>eARC<\/li>\n<\/ul>\n<\/li>\n<li>Classification \u00e9nerg\u00e9tique: E<\/li>\n<li>Syst\u00e8me d&#8217;exploitation: webOS<\/li>\n<li>Bloc d\u2019Alimentation: Cordon d&#8217;alimentation CA<\/li>\n<li>Includes:\n<ul>\n<li>Kit de Montage<\/li>\n<li>T\u00e9l\u00e9commande<\/li>\n<li>Subwoofer<\/li>\n<\/ul>\n<\/li>\n<li>TV intelligente: Oui<\/li>\n<li>Connections:\n<ul>\n<li>RJ45<\/li>\n<li>Ethernet LAN<\/li>\n<li>RF x 2<\/li>\n<li>USB-A 3.2<\/li>\n<li>HDMI x 4<\/li>\n<\/ul>\n<\/li>\n<li>Frequency:\n<ul>\n<li>165 Hz<\/li>\n<li>120 Hz<\/li>\n<\/ul>\n<\/li>\n<li>VESA: 30 x 30 cm<\/li>\n<li>Technology:\n<ul>\n<li>HDR<\/li>\n<li>OLED<\/li>\n<\/ul>\n<\/li>\n<li>Resolution: 4K Ultra HD<\/li>\n<li>Tension: 100 &#8211; 240 V<\/li>\n<li>AC input frequency: 50-60 Hz<\/li>\n<li>Ecran: 77&#8243;<\/li>\n<li>puissance: 60 W<\/li>\n<li>R\u00e9cepteur: Analogique et num\u00e9rique<\/li>\n<li>Montage: VESA<\/li>\n<\/ul>","protected":false},"excerpt":{"rendered":"<p>Si vous \u00eates passionn\u00e9 d&#8217;informatique et d&#8217;\u00e9lectronique, si vous \u00eates \u00e0 la pointe de la technologie et qu&#8217;aucun d\u00e9tail ne<\/p>","protected":false},"featured_media":4378773,"comment_status":"open","ping_status":"closed","template":"","meta":{"_joinchat":[]},"product_brand":[157916],"product_cat":[157626,157516,157803],"product_tag":[],"class_list":{"0":"post-4378775","1":"product","2":"type-product","3":"status-publish","4":"has-post-thumbnail","6":"product_brand-brandp_559","7":"product_cat-electronique-television","8":"product_cat-informatique-electronique","9":"product_cat-televisions-et-smart-tv","11":"first","12":"instock","13":"taxable","14":"shipping-taxable","15":"purchasable","16":"product-type-simple"},"yoast_head":"<!-- This site is optimized with the Yoast SEO plugin v27.2 - https:\/\/yoast.com\/product\/yoast-seo-wordpress\/ -->\n<title>TV intelligente LG 77G54LW 4K Ultra HD 77&quot; HDR OLED - Tupique<\/title>\n<meta name=\"description\" content=\"Vous cherchez TV intelligente LG 77G54LW 4K Ultra HD 77&quot; HDR OLED ? Achetez des produits chez Tupique. Profitez de la livraison gratuite pour obtenir TV intelligente LG 77G54LW 4K Ultra HD 77&quot; HDR OLED d\u00e8s maintenant.\" \/>\n<meta name=\"robots\" content=\"index, follow, max-snippet:-1, max-image-preview:large, max-video-preview:-1\" \/>\n<link rel=\"canonical\" href=\"https:\/\/tupique.com\/en\/product\/tv-intelligente-lg-77g54lw-4k-ultra-hd-77-hdr-oled\/\" \/>\n<meta property=\"og:locale\" content=\"en_GB\" \/>\n<meta property=\"og:type\" content=\"article\" \/>\n<meta property=\"og:title\" content=\"TV intelligente LG 77G54LW 4K Ultra HD 77&quot; HDR OLED - Tupique\" \/>\n<meta property=\"og:description\" content=\"Vous cherchez TV intelligente LG 77G54LW 4K Ultra HD 77&quot; HDR OLED ? Achetez des produits chez Tupique. Profitez de la livraison gratuite pour obtenir TV intelligente LG 77G54LW 4K Ultra HD 77&quot; HDR OLED d\u00e8s maintenant.\" \/>\n<meta property=\"og:url\" content=\"https:\/\/tupique.com\/en\/product\/tv-intelligente-lg-77g54lw-4k-ultra-hd-77-hdr-oled\/\" \/>\n<meta property=\"og:site_name\" content=\"Tupique\" \/>\n<meta name=\"twitter:card\" content=\"summary_large_image\" \/>\n<meta name=\"twitter:label1\" content=\"Estimated reading time\" \/>\n\t<meta name=\"twitter:data1\" content=\"1 minute\" \/>\n<script type=\"application\/ld+json\" class=\"yoast-schema-graph\">{\"@context\":\"https:\/\/schema.org\",\"@graph\":[{\"@type\":\"WebPage\",\"@id\":\"https:\/\/tupique.com\/produit\/tv-intelligente-lg-77g54lw-4k-ultra-hd-77-hdr-oled\/\",\"url\":\"https:\/\/tupique.com\/produit\/tv-intelligente-lg-77g54lw-4k-ultra-hd-77-hdr-oled\/\",\"name\":\"TV intelligente LG 77G54LW 4K Ultra HD 77\\\" HDR OLED - Tupique\",\"isPartOf\":{\"@id\":\"https:\/\/tupique.com\/#website\"},\"primaryImageOfPage\":{\"@id\":\"https:\/\/tupique.com\/produit\/tv-intelligente-lg-77g54lw-4k-ultra-hd-77-hdr-oled\/#primaryimage\"},\"image\":{\"@id\":\"https:\/\/tupique.com\/produit\/tv-intelligente-lg-77g54lw-4k-ultra-hd-77-hdr-oled\/#primaryimage\"},\"thumbnailUrl\":\"https:\/\/tupique.com\/wp-content\/uploads\/2026\/04\/8806096398425_I00.jpg\",\"datePublished\":\"2026-04-05T03:56:44+00:00\",\"description\":\"Vous cherchez TV intelligente LG 77G54LW 4K Ultra HD 77\\\" HDR OLED ? Achetez des produits chez Tupique. Profitez de la livraison gratuite pour obtenir TV intelligente LG 77G54LW 4K Ultra HD 77\\\" HDR OLED d\u00e8s maintenant.\",\"breadcrumb\":{\"@id\":\"https:\/\/tupique.com\/produit\/tv-intelligente-lg-77g54lw-4k-ultra-hd-77-hdr-oled\/#breadcrumb\"},\"inLanguage\":\"en-GB\",\"potentialAction\":[{\"@type\":\"ReadAction\",\"target\":[\"https:\/\/tupique.com\/produit\/tv-intelligente-lg-77g54lw-4k-ultra-hd-77-hdr-oled\/\"]}]},{\"@type\":\"ImageObject\",\"inLanguage\":\"en-GB\",\"@id\":\"https:\/\/tupique.com\/produit\/tv-intelligente-lg-77g54lw-4k-ultra-hd-77-hdr-oled\/#primaryimage\",\"url\":\"https:\/\/tupique.com\/wp-content\/uploads\/2026\/04\/8806096398425_I00.jpg\",\"contentUrl\":\"https:\/\/tupique.com\/wp-content\/uploads\/2026\/04\/8806096398425_I00.jpg\",\"width\":1200,\"height\":1200,\"caption\":\"S0464753_0\"},{\"@type\":\"BreadcrumbList\",\"@id\":\"https:\/\/tupique.com\/produit\/tv-intelligente-lg-77g54lw-4k-ultra-hd-77-hdr-oled\/#breadcrumb\",\"itemListElement\":[{\"@type\":\"ListItem\",\"position\":1,\"name\":\"In\u00edcio\",\"item\":\"https:\/\/tupique.com\/\"},{\"@type\":\"ListItem\",\"position\":2,\"name\":\"Boutique\",\"item\":\"https:\/\/tupique.com\/en\/boutique\/\"},{\"@type\":\"ListItem\",\"position\":3,\"name\":\"TV intelligente LG 77G54LW 4K Ultra HD 77&#8243; HDR OLED\"}]},{\"@type\":\"WebSite\",\"@id\":\"https:\/\/tupique.com\/#website\",\"url\":\"https:\/\/tupique.com\/\",\"name\":\"Tupique\",\"description\":\"Marketplace\",\"publisher\":{\"@id\":\"https:\/\/tupique.com\/#organization\"},\"potentialAction\":[{\"@type\":\"SearchAction\",\"target\":{\"@type\":\"EntryPoint\",\"urlTemplate\":\"https:\/\/tupique.com\/?s={search_term_string}\"},\"query-input\":{\"@type\":\"PropertyValueSpecification\",\"valueRequired\":true,\"valueName\":\"search_term_string\"}}],\"inLanguage\":\"en-GB\"},{\"@type\":\"Organization\",\"@id\":\"https:\/\/tupique.com\/#organization\",\"name\":\"Tupique\",\"url\":\"https:\/\/tupique.com\/\",\"logo\":{\"@type\":\"ImageObject\",\"inLanguage\":\"en-GB\",\"@id\":\"https:\/\/tupique.com\/#\/schema\/logo\/image\/\",\"url\":\"https:\/\/tupique.com\/wp-content\/uploads\/2024\/09\/logo.png\",\"contentUrl\":\"https:\/\/tupique.com\/wp-content\/uploads\/2024\/09\/logo.png\",\"width\":1118,\"height\":310,\"caption\":\"Tupique\"},\"image\":{\"@id\":\"https:\/\/tupique.com\/#\/schema\/logo\/image\/\"}}]}<\/script>\n<!-- \/ Yoast SEO plugin. -->","yoast_head_json":{"title":"TV intelligente LG 77G54LW 4K Ultra HD 77\" HDR OLED - Tupique","description":"Vous cherchez TV intelligente LG 77G54LW 4K Ultra HD 77\" HDR OLED ? Achetez des produits chez Tupique. Profitez de la livraison gratuite pour obtenir TV intelligente LG 77G54LW 4K Ultra HD 77\" HDR OLED d\u00e8s maintenant.","robots":{"index":"index","follow":"follow","max-snippet":"max-snippet:-1","max-image-preview":"max-image-preview:large","max-video-preview":"max-video-preview:-1"},"canonical":"https:\/\/tupique.com\/en\/product\/tv-intelligente-lg-77g54lw-4k-ultra-hd-77-hdr-oled\/","og_locale":"en_GB","og_type":"article","og_title":"TV intelligente LG 77G54LW 4K Ultra HD 77\" HDR OLED - Tupique","og_description":"Vous cherchez TV intelligente LG 77G54LW 4K Ultra HD 77\" HDR OLED ? Achetez des produits chez Tupique. Profitez de la livraison gratuite pour obtenir TV intelligente LG 77G54LW 4K Ultra HD 77\" HDR OLED d\u00e8s maintenant.","og_url":"https:\/\/tupique.com\/en\/product\/tv-intelligente-lg-77g54lw-4k-ultra-hd-77-hdr-oled\/","og_site_name":"Tupique","twitter_card":"summary_large_image","twitter_misc":{"Estimated reading time":"1 minute"},"schema":{"@context":"https:\/\/schema.org","@graph":[{"@type":"WebPage","@id":"https:\/\/tupique.com\/produit\/tv-intelligente-lg-77g54lw-4k-ultra-hd-77-hdr-oled\/","url":"https:\/\/tupique.com\/produit\/tv-intelligente-lg-77g54lw-4k-ultra-hd-77-hdr-oled\/","name":"TV intelligente LG 77G54LW 4K Ultra HD 77\" HDR OLED - Tupique","isPartOf":{"@id":"https:\/\/tupique.com\/#website"},"primaryImageOfPage":{"@id":"https:\/\/tupique.com\/produit\/tv-intelligente-lg-77g54lw-4k-ultra-hd-77-hdr-oled\/#primaryimage"},"image":{"@id":"https:\/\/tupique.com\/produit\/tv-intelligente-lg-77g54lw-4k-ultra-hd-77-hdr-oled\/#primaryimage"},"thumbnailUrl":"https:\/\/tupique.com\/wp-content\/uploads\/2026\/04\/8806096398425_I00.jpg","datePublished":"2026-04-05T03:56:44+00:00","description":"Vous cherchez TV intelligente LG 77G54LW 4K Ultra HD 77\" HDR OLED ? Achetez des produits chez Tupique. Profitez de la livraison gratuite pour obtenir TV intelligente LG 77G54LW 4K Ultra HD 77\" HDR OLED d\u00e8s maintenant.","breadcrumb":{"@id":"https:\/\/tupique.com\/produit\/tv-intelligente-lg-77g54lw-4k-ultra-hd-77-hdr-oled\/#breadcrumb"},"inLanguage":"en-GB","potentialAction":[{"@type":"ReadAction","target":["https:\/\/tupique.com\/produit\/tv-intelligente-lg-77g54lw-4k-ultra-hd-77-hdr-oled\/"]}]},{"@type":"ImageObject","inLanguage":"en-GB","@id":"https:\/\/tupique.com\/produit\/tv-intelligente-lg-77g54lw-4k-ultra-hd-77-hdr-oled\/#primaryimage","url":"https:\/\/tupique.com\/wp-content\/uploads\/2026\/04\/8806096398425_I00.jpg","contentUrl":"https:\/\/tupique.com\/wp-content\/uploads\/2026\/04\/8806096398425_I00.jpg","width":1200,"height":1200,"caption":"S0464753_0"},{"@type":"BreadcrumbList","@id":"https:\/\/tupique.com\/produit\/tv-intelligente-lg-77g54lw-4k-ultra-hd-77-hdr-oled\/#breadcrumb","itemListElement":[{"@type":"ListItem","position":1,"name":"In\u00edcio","item":"https:\/\/tupique.com\/"},{"@type":"ListItem","position":2,"name":"Boutique","item":"https:\/\/tupique.com\/en\/boutique\/"},{"@type":"ListItem","position":3,"name":"TV intelligente LG 77G54LW 4K Ultra HD 77&#8243; HDR OLED"}]},{"@type":"WebSite","@id":"https:\/\/tupique.com\/#website","url":"https:\/\/tupique.com\/","name":"Tupique","description":"Marketplace","publisher":{"@id":"https:\/\/tupique.com\/#organization"},"potentialAction":[{"@type":"SearchAction","target":{"@type":"EntryPoint","urlTemplate":"https:\/\/tupique.com\/?s={search_term_string}"},"query-input":{"@type":"PropertyValueSpecification","valueRequired":true,"valueName":"search_term_string"}}],"inLanguage":"en-GB"},{"@type":"Organization","@id":"https:\/\/tupique.com\/#organization","name":"Tupique","url":"https:\/\/tupique.com\/","logo":{"@type":"ImageObject","inLanguage":"en-GB","@id":"https:\/\/tupique.com\/#\/schema\/logo\/image\/","url":"https:\/\/tupique.com\/wp-content\/uploads\/2024\/09\/logo.png","contentUrl":"https:\/\/tupique.com\/wp-content\/uploads\/2024\/09\/logo.png","width":1118,"height":310,"caption":"Tupique"},"image":{"@id":"https:\/\/tupique.com\/#\/schema\/logo\/image\/"}}]}},"jetpack_sharing_enabled":true,"_links":{"self":[{"href":"https:\/\/tupique.com\/en\/wp-json\/wp\/v2\/product\/4378775","targetHints":{"allow":["GET"]}}],"collection":[{"href":"https:\/\/tupique.com\/en\/wp-json\/wp\/v2\/product"}],"about":[{"href":"https:\/\/tupique.com\/en\/wp-json\/wp\/v2\/types\/product"}],"replies":[{"embeddable":true,"href":"https:\/\/tupique.com\/en\/wp-json\/wp\/v2\/comments?post=4378775"}],"wp:featuredmedia":[{"embeddable":true,"href":"https:\/\/tupique.com\/en\/wp-json\/wp\/v2\/media\/4378773"}],"wp:attachment":[{"href":"https:\/\/tupique.com\/en\/wp-json\/wp\/v2\/media?parent=4378775"}],"wp:term":[{"taxonomy":"product_brand","embeddable":true,"href":"https:\/\/tupique.com\/en\/wp-json\/wp\/v2\/product_brand?post=4378775"},{"taxonomy":"product_cat","embeddable":true,"href":"https:\/\/tupique.com\/en\/wp-json\/wp\/v2\/product_cat?post=4378775"},{"taxonomy":"product_tag","embeddable":true,"href":"https:\/\/tupique.com\/en\/wp-json\/wp\/v2\/product_tag?post=4378775"}],"curies":[{"name":"wp","href":"https:\/\/api.w.org\/{rel}","templated":true}]}}