{"id":4378826,"date":"2026-04-05T04:58:59","date_gmt":"2026-04-05T03:58:59","guid":{"rendered":"https:\/\/tupique.com\/produit\/sai-interactif-apc-smv1000cai\/"},"modified":"2026-04-05T04:58:59","modified_gmt":"2026-04-05T03:58:59","slug":"sai-interactif-apc-smv1000cai","status":"publish","type":"product","link":"https:\/\/tupique.com\/en\/product\/sai-interactif-apc-smv1000cai\/","title":{"rendered":"Sai Interactif APC SMV1000CAI"},"content":{"rendered":"<p>If you are passionate about\u2019<b>computer science and electronics<\/b>, If you're at the cutting edge of technology and don't want to miss a thing, buy <b>Sai Interactif APC SMV1000CAI          <\/b> at the best price.<\/p>\n<ul>\n<li>Technology:\n<ul>\n<li>LCD<\/li>\n<li>VRLA<\/li>\n<\/ul>\n<\/li>\n<li>Plug-in product: Yes<\/li>\n<li>Socket type: EU socket<\/li>\n<li>Type:\n<ul>\n<li>Tour<\/li>\n<li>Syst\u00e8me d&#8217;Alimentation Sans Interruption Interactif<\/li>\n<li>C13<\/li>\n<\/ul>\n<\/li>\n<li>Temps de charge approx.: 4 heures<\/li>\n<li>Bloc d\u2019Alimentation: r\u00e9seau \u00e9lectrique<\/li>\n<li>Colour:\n<ul>\n<li>Black<\/li>\n<li>Grey<\/li>\n<\/ul>\n<\/li>\n<li>Largeur: 160 mm<\/li>\n<li>Connections:\n<ul>\n<li>USB 2.0<\/li>\n<li>C14 x 1<\/li>\n<li>AC x 6<\/li>\n<li>USB<\/li>\n<li>C14<\/li>\n<\/ul>\n<\/li>\n<li>puissance:\n<ul>\n<li>700 W<\/li>\n<li>1000 VA<\/li>\n<\/ul>\n<\/li>\n<li>Tension: 230 V<\/li>\n<li>Features:\n<ul>\n<li>LCD screen<\/li>\n<li>Alarm<\/li>\n<li>Interactif<\/li>\n<li>D\u00e9marrage \u00e0 froid<\/li>\n<li>T\u00e9moin de fonctionnement LED<\/li>\n<\/ul>\n<\/li>\n<li>Poids: 2,5 kg<\/li>\n<li>Certificat:\n<ul>\n<li>RoHS<\/li>\n<li>CE<\/li>\n<\/ul>\n<\/li>\n<li>Facteur de forme: Tower<\/li>\n<li>Fr\u00e9quence: 50\/60 Hz<\/li>\n<li>Battery type: Litio Ion<\/li>\n<\/ul>","protected":false},"excerpt":{"rendered":"<p>Si vous \u00eates passionn\u00e9 d&#8217;informatique et d&#8217;\u00e9lectronique, si vous \u00eates \u00e0 la pointe de la technologie et qu&#8217;aucun d\u00e9tail ne<\/p>","protected":false},"featured_media":4378825,"comment_status":"open","ping_status":"closed","template":"","meta":{"_joinchat":[]},"product_brand":[158079],"product_cat":[157516,157517,157526],"product_tag":[157515],"class_list":{"0":"post-4378826","1":"product","2":"type-product","3":"status-publish","4":"has-post-thumbnail","6":"product_brand-brandp_532","7":"product_cat-informatique-electronique","8":"product_cat-informatique-peripheriques-et-consommables","9":"product_cat-ups","10":"product_tag-tag_1295","12":"first","13":"outofstock","14":"taxable","15":"shipping-taxable","16":"purchasable","17":"product-type-simple"},"yoast_head":"<!-- This site is optimized with the Yoast SEO plugin v27.2 - https:\/\/yoast.com\/product\/yoast-seo-wordpress\/ -->\n<title>Sai Interactif APC SMV1000CAI - Tupique<\/title>\n<meta name=\"description\" content=\"Vous cherchez Sai Interactif APC SMV1000CAI ? Achetez des produits chez Tupique. Profitez de la livraison gratuite pour obtenir Sai Interactif APC SMV1000CAI d\u00e8s maintenant.\" \/>\n<meta name=\"robots\" content=\"index, follow, max-snippet:-1, max-image-preview:large, max-video-preview:-1\" \/>\n<link rel=\"canonical\" href=\"https:\/\/tupique.com\/en\/product\/sai-interactif-apc-smv1000cai\/\" \/>\n<meta property=\"og:locale\" content=\"en_GB\" \/>\n<meta property=\"og:type\" content=\"article\" \/>\n<meta property=\"og:title\" content=\"Sai Interactif APC SMV1000CAI - Tupique\" \/>\n<meta property=\"og:description\" content=\"Vous cherchez Sai Interactif APC SMV1000CAI ? Achetez des produits chez Tupique. Profitez de la livraison gratuite pour obtenir Sai Interactif APC SMV1000CAI d\u00e8s maintenant.\" \/>\n<meta property=\"og:url\" content=\"https:\/\/tupique.com\/en\/product\/sai-interactif-apc-smv1000cai\/\" \/>\n<meta property=\"og:site_name\" content=\"Tupique\" \/>\n<meta name=\"twitter:card\" content=\"summary_large_image\" \/>\n<script type=\"application\/ld+json\" class=\"yoast-schema-graph\">{\"@context\":\"https:\/\/schema.org\",\"@graph\":[{\"@type\":\"WebPage\",\"@id\":\"https:\/\/tupique.com\/produit\/sai-interactif-apc-smv1000cai\/\",\"url\":\"https:\/\/tupique.com\/produit\/sai-interactif-apc-smv1000cai\/\",\"name\":\"Sai Interactif APC SMV1000CAI - Tupique\",\"isPartOf\":{\"@id\":\"https:\/\/tupique.com\/#website\"},\"primaryImageOfPage\":{\"@id\":\"https:\/\/tupique.com\/produit\/sai-interactif-apc-smv1000cai\/#primaryimage\"},\"image\":{\"@id\":\"https:\/\/tupique.com\/produit\/sai-interactif-apc-smv1000cai\/#primaryimage\"},\"thumbnailUrl\":\"https:\/\/tupique.com\/wp-content\/uploads\/2026\/04\/0731304346524_R31.jpg\",\"datePublished\":\"2026-04-05T03:58:59+00:00\",\"description\":\"Vous cherchez Sai Interactif APC SMV1000CAI ? Achetez des produits chez Tupique. Profitez de la livraison gratuite pour obtenir Sai Interactif APC SMV1000CAI d\u00e8s maintenant.\",\"breadcrumb\":{\"@id\":\"https:\/\/tupique.com\/produit\/sai-interactif-apc-smv1000cai\/#breadcrumb\"},\"inLanguage\":\"en-GB\",\"potentialAction\":[{\"@type\":\"ReadAction\",\"target\":[\"https:\/\/tupique.com\/produit\/sai-interactif-apc-smv1000cai\/\"]}]},{\"@type\":\"ImageObject\",\"inLanguage\":\"en-GB\",\"@id\":\"https:\/\/tupique.com\/produit\/sai-interactif-apc-smv1000cai\/#primaryimage\",\"url\":\"https:\/\/tupique.com\/wp-content\/uploads\/2026\/04\/0731304346524_R31.jpg\",\"contentUrl\":\"https:\/\/tupique.com\/wp-content\/uploads\/2026\/04\/0731304346524_R31.jpg\",\"width\":1200,\"height\":1200,\"caption\":\"S55002724_0\"},{\"@type\":\"BreadcrumbList\",\"@id\":\"https:\/\/tupique.com\/produit\/sai-interactif-apc-smv1000cai\/#breadcrumb\",\"itemListElement\":[{\"@type\":\"ListItem\",\"position\":1,\"name\":\"In\u00edcio\",\"item\":\"https:\/\/tupique.com\/\"},{\"@type\":\"ListItem\",\"position\":2,\"name\":\"Boutique\",\"item\":\"https:\/\/tupique.com\/en\/boutique\/\"},{\"@type\":\"ListItem\",\"position\":3,\"name\":\"Sai Interactif APC SMV1000CAI\"}]},{\"@type\":\"WebSite\",\"@id\":\"https:\/\/tupique.com\/#website\",\"url\":\"https:\/\/tupique.com\/\",\"name\":\"Tupique\",\"description\":\"Marketplace\",\"publisher\":{\"@id\":\"https:\/\/tupique.com\/#organization\"},\"potentialAction\":[{\"@type\":\"SearchAction\",\"target\":{\"@type\":\"EntryPoint\",\"urlTemplate\":\"https:\/\/tupique.com\/?s={search_term_string}\"},\"query-input\":{\"@type\":\"PropertyValueSpecification\",\"valueRequired\":true,\"valueName\":\"search_term_string\"}}],\"inLanguage\":\"en-GB\"},{\"@type\":\"Organization\",\"@id\":\"https:\/\/tupique.com\/#organization\",\"name\":\"Tupique\",\"url\":\"https:\/\/tupique.com\/\",\"logo\":{\"@type\":\"ImageObject\",\"inLanguage\":\"en-GB\",\"@id\":\"https:\/\/tupique.com\/#\/schema\/logo\/image\/\",\"url\":\"https:\/\/tupique.com\/wp-content\/uploads\/2024\/09\/logo.png\",\"contentUrl\":\"https:\/\/tupique.com\/wp-content\/uploads\/2024\/09\/logo.png\",\"width\":1118,\"height\":310,\"caption\":\"Tupique\"},\"image\":{\"@id\":\"https:\/\/tupique.com\/#\/schema\/logo\/image\/\"}}]}<\/script>\n<!-- \/ Yoast SEO plugin. -->","yoast_head_json":{"title":"Sai Interactif APC SMV1000CAI - Tupique","description":"Vous cherchez Sai Interactif APC SMV1000CAI ? Achetez des produits chez Tupique. Profitez de la livraison gratuite pour obtenir Sai Interactif APC SMV1000CAI d\u00e8s maintenant.","robots":{"index":"index","follow":"follow","max-snippet":"max-snippet:-1","max-image-preview":"max-image-preview:large","max-video-preview":"max-video-preview:-1"},"canonical":"https:\/\/tupique.com\/en\/product\/sai-interactif-apc-smv1000cai\/","og_locale":"en_GB","og_type":"article","og_title":"Sai Interactif APC SMV1000CAI - Tupique","og_description":"Vous cherchez Sai Interactif APC SMV1000CAI ? Achetez des produits chez Tupique. Profitez de la livraison gratuite pour obtenir Sai Interactif APC SMV1000CAI d\u00e8s maintenant.","og_url":"https:\/\/tupique.com\/en\/product\/sai-interactif-apc-smv1000cai\/","og_site_name":"Tupique","twitter_card":"summary_large_image","schema":{"@context":"https:\/\/schema.org","@graph":[{"@type":"WebPage","@id":"https:\/\/tupique.com\/produit\/sai-interactif-apc-smv1000cai\/","url":"https:\/\/tupique.com\/produit\/sai-interactif-apc-smv1000cai\/","name":"Sai Interactif APC SMV1000CAI - Tupique","isPartOf":{"@id":"https:\/\/tupique.com\/#website"},"primaryImageOfPage":{"@id":"https:\/\/tupique.com\/produit\/sai-interactif-apc-smv1000cai\/#primaryimage"},"image":{"@id":"https:\/\/tupique.com\/produit\/sai-interactif-apc-smv1000cai\/#primaryimage"},"thumbnailUrl":"https:\/\/tupique.com\/wp-content\/uploads\/2026\/04\/0731304346524_R31.jpg","datePublished":"2026-04-05T03:58:59+00:00","description":"Vous cherchez Sai Interactif APC SMV1000CAI ? Achetez des produits chez Tupique. Profitez de la livraison gratuite pour obtenir Sai Interactif APC SMV1000CAI d\u00e8s maintenant.","breadcrumb":{"@id":"https:\/\/tupique.com\/produit\/sai-interactif-apc-smv1000cai\/#breadcrumb"},"inLanguage":"en-GB","potentialAction":[{"@type":"ReadAction","target":["https:\/\/tupique.com\/produit\/sai-interactif-apc-smv1000cai\/"]}]},{"@type":"ImageObject","inLanguage":"en-GB","@id":"https:\/\/tupique.com\/produit\/sai-interactif-apc-smv1000cai\/#primaryimage","url":"https:\/\/tupique.com\/wp-content\/uploads\/2026\/04\/0731304346524_R31.jpg","contentUrl":"https:\/\/tupique.com\/wp-content\/uploads\/2026\/04\/0731304346524_R31.jpg","width":1200,"height":1200,"caption":"S55002724_0"},{"@type":"BreadcrumbList","@id":"https:\/\/tupique.com\/produit\/sai-interactif-apc-smv1000cai\/#breadcrumb","itemListElement":[{"@type":"ListItem","position":1,"name":"In\u00edcio","item":"https:\/\/tupique.com\/"},{"@type":"ListItem","position":2,"name":"Boutique","item":"https:\/\/tupique.com\/en\/boutique\/"},{"@type":"ListItem","position":3,"name":"Sai Interactif APC SMV1000CAI"}]},{"@type":"WebSite","@id":"https:\/\/tupique.com\/#website","url":"https:\/\/tupique.com\/","name":"Tupique","description":"Marketplace","publisher":{"@id":"https:\/\/tupique.com\/#organization"},"potentialAction":[{"@type":"SearchAction","target":{"@type":"EntryPoint","urlTemplate":"https:\/\/tupique.com\/?s={search_term_string}"},"query-input":{"@type":"PropertyValueSpecification","valueRequired":true,"valueName":"search_term_string"}}],"inLanguage":"en-GB"},{"@type":"Organization","@id":"https:\/\/tupique.com\/#organization","name":"Tupique","url":"https:\/\/tupique.com\/","logo":{"@type":"ImageObject","inLanguage":"en-GB","@id":"https:\/\/tupique.com\/#\/schema\/logo\/image\/","url":"https:\/\/tupique.com\/wp-content\/uploads\/2024\/09\/logo.png","contentUrl":"https:\/\/tupique.com\/wp-content\/uploads\/2024\/09\/logo.png","width":1118,"height":310,"caption":"Tupique"},"image":{"@id":"https:\/\/tupique.com\/#\/schema\/logo\/image\/"}}]}},"jetpack_sharing_enabled":true,"_links":{"self":[{"href":"https:\/\/tupique.com\/en\/wp-json\/wp\/v2\/product\/4378826","targetHints":{"allow":["GET"]}}],"collection":[{"href":"https:\/\/tupique.com\/en\/wp-json\/wp\/v2\/product"}],"about":[{"href":"https:\/\/tupique.com\/en\/wp-json\/wp\/v2\/types\/product"}],"replies":[{"embeddable":true,"href":"https:\/\/tupique.com\/en\/wp-json\/wp\/v2\/comments?post=4378826"}],"wp:featuredmedia":[{"embeddable":true,"href":"https:\/\/tupique.com\/en\/wp-json\/wp\/v2\/media\/4378825"}],"wp:attachment":[{"href":"https:\/\/tupique.com\/en\/wp-json\/wp\/v2\/media?parent=4378826"}],"wp:term":[{"taxonomy":"product_brand","embeddable":true,"href":"https:\/\/tupique.com\/en\/wp-json\/wp\/v2\/product_brand?post=4378826"},{"taxonomy":"product_cat","embeddable":true,"href":"https:\/\/tupique.com\/en\/wp-json\/wp\/v2\/product_cat?post=4378826"},{"taxonomy":"product_tag","embeddable":true,"href":"https:\/\/tupique.com\/en\/wp-json\/wp\/v2\/product_tag?post=4378826"}],"curies":[{"name":"wp","href":"https:\/\/api.w.org\/{rel}","templated":true}]}}