{"id":4378998,"date":"2026-04-05T05:58:25","date_gmt":"2026-04-05T04:58:25","guid":{"rendered":"https:\/\/tupique.com\/produit\/ecran-lg-49xe4f-m-aeu-full-hd-49\/"},"modified":"2026-04-05T05:58:25","modified_gmt":"2026-04-05T04:58:25","slug":"ecran-lg-49xe4f-m-aeu-full-hd-49","status":"publish","type":"product","link":"https:\/\/tupique.com\/en\/product\/ecran-lg-49xe4f-m-aeu-full-hd-49\/","title":{"rendered":"\u00c9cran LG 49XE4F-M.AEU Full HD 49&#8243;"},"content":{"rendered":"<p>If you are passionate about\u2019<b>computer science and electronics<\/b>, If you're at the cutting edge of technology and don't want to miss a thing, buy <b>\u00c9cran LG 49XE4F-M.AEU Full HD 49&#8243;<\/b> at the best price.<\/p>\n<p>Le <b>LG 49XE4F-M.AEU<\/b> est un <b>moniteur videowall<\/b> professionnel con\u00e7u pour des applications de signalisation num\u00e9rique n\u00e9cessitant grande fiabilit\u00e9 et qualit\u00e9 visuelle. Il dispose d\u2019un \u00e9cran plat de <b>49 pouces (124,5 cm)<\/b> avec technologie d\u2019affichage <b>LED<\/b> et dalle <b>IPS<\/b>, garantissant une reproduction pr\u00e9cise et uniforme des couleurs sous de larges angles, id\u00e9al pour les installations collectives et environnements o\u00f9 la constance de l\u2019image est essentielle. Sa r\u00e9solution <b>Full HD de 1920 x 1080 pixels<\/b> offre une nettet\u00e9 suffisante pour pr\u00e9sentations, vid\u00e9os et informations statiques ou dynamiques, tandis que le syst\u00e8me de r\u00e9tro\u00e9clairage <b>D-LED<\/b> assure une luminosit\u00e9 \u00e9lev\u00e9e jusqu\u2019\u00e0 <b>4000 cd\/m\u00b2<\/b>, garantissant une excellente visibilit\u00e9 m\u00eame en environnements tr\u00e8s \u00e9clair\u00e9s ou grands espaces publics. Ce moniteur est con\u00e7u pour un fonctionnement continu, supportant une utilisation 24\/7, ce qui en fait une solution robuste et durable pour les environnements commerciaux, retail, contr\u00f4le du trafic ou espaces professionnels. De plus, sa finition en <b>black<\/b> et son design sobre facilitent son int\u00e9gration esth\u00e9tique dans tout type d\u2019environnement. Il int\u00e8gre une connectivit\u00e9 polyvalente avec entr\u00e9es HDMI et USB, s\u2019adaptant \u00e0 diverses sources et appareils avec un format d\u2019image standard <b>16:9<\/b>. En r\u00e9sum\u00e9, le LG 49XE4F-M est une option fiable et efficace pour les syst\u00e8mes professionnels de signalisation num\u00e9rique exigeant haute qualit\u00e9 d\u2019image et fonctionnement ininterrompu.<\/p>\n<ul>\n<li>Connections:\n<ul>\n<li>Ethernet LAN<\/li>\n<li>USB x 2<\/li>\n<li>USB<\/li>\n<li>2<\/li>\n<li>RS-232C x 1<\/li>\n<li>HDMI<\/li>\n<li>DisplayPort x 1<\/li>\n<li>HDMI x 2<\/li>\n<\/ul>\n<\/li>\n<li>R\u00e9solution: Full HD<\/li>\n<li>Diagonale de l&#8217;\u00e9cran (cm): 124,5 cm<\/li>\n<li>Technology:\n<ul>\n<li>LED<\/li>\n<li>IPS<\/li>\n<li>D-LED<\/li>\n<\/ul>\n<\/li>\n<li>Type: \u00c9cran<\/li>\n<li>Plug-in product: Yes<\/li>\n<li>Socket type: EU socket<\/li>\n<li>Bloc d\u2019Alimentation: r\u00e9seau \u00e9lectrique<\/li>\n<li>Colour: Black<\/li>\n<li>Temps de r\u00e9ponse: 8 ms<\/li>\n<li>Brille: 4000 cd\/m\u00b2<\/li>\n<li>Voltage:\n<ul>\n<li>100-240 V<\/li>\n<li>100 - 240 V<\/li>\n<\/ul>\n<\/li>\n<li>Ecran: 49&#8243;<\/li>\n<li>Aspect ratio: 16:9<\/li>\n<li>Resolution (px):\n<ul>\n<li>1920 x 1080 px<\/li>\n<li>1080 px<\/li>\n<\/ul>\n<\/li>\n<li>Caract\u00e9ristiques: Universel<\/li>\n<li>Interface: Ethernet<\/li>\n<li>Frequency: 50 - 60 Hz<\/li>\n<li>Includes:\n<ul>\n<li>T\u00e9l\u00e9commande<\/li>\n<li>Manuel d\u2019utilisation<\/li>\n<\/ul>\n<\/li>\n<li>consommation d&#8217;\u00e9nergie: 290 W<\/li>\n<li>AC input frequency: 50-60 Hz<\/li>\n<li>Touch screen: No<\/li>\n<li>Non Inclus: Wi-Fi<\/li>\n<li>Angle: 178\u00ba<\/li>\n<\/ul>","protected":false},"excerpt":{"rendered":"<p>Si vous \u00eates passionn\u00e9 d&#8217;informatique et d&#8217;\u00e9lectronique, si vous \u00eates \u00e0 la pointe de la technologie et qu&#8217;aucun d\u00e9tail ne<\/p>","protected":false},"featured_media":4378992,"comment_status":"open","ping_status":"closed","template":"","meta":{"_joinchat":[]},"product_brand":[157916],"product_cat":[157516,157517,157816],"product_tag":[157514,157515],"class_list":{"0":"post-4378998","1":"product","2":"type-product","3":"status-publish","4":"has-post-thumbnail","6":"product_brand-brandp_559","7":"product_cat-informatique-electronique","8":"product_cat-informatique-peripheriques-et-consommables","9":"product_cat-moniteurs","10":"product_tag-tag_933","11":"product_tag-tag_1295","13":"first","14":"outofstock","15":"taxable","16":"shipping-taxable","17":"purchasable","18":"product-type-simple"},"yoast_head":"<!-- This site is optimized with the Yoast SEO plugin v27.2 - https:\/\/yoast.com\/product\/yoast-seo-wordpress\/ -->\n<title>\u00c9cran LG 49XE4F-M.AEU Full HD 49&quot; - Tupique<\/title>\n<meta name=\"description\" content=\"Vous cherchez \u00c9cran LG 49XE4F-M.AEU Full HD 49&quot; ? Achetez des produits chez Tupique. Profitez de la livraison gratuite pour obtenir \u00c9cran LG 49XE4F-M.AEU Full HD 49&quot; d\u00e8s maintenant.\" \/>\n<meta name=\"robots\" content=\"index, follow, max-snippet:-1, max-image-preview:large, max-video-preview:-1\" \/>\n<link rel=\"canonical\" href=\"https:\/\/tupique.com\/en\/product\/ecran-lg-49xe4f-m-aeu-full-hd-49\/\" \/>\n<meta property=\"og:locale\" content=\"en_GB\" \/>\n<meta property=\"og:type\" content=\"article\" \/>\n<meta property=\"og:title\" content=\"\u00c9cran LG 49XE4F-M.AEU Full HD 49&quot; - Tupique\" \/>\n<meta property=\"og:description\" content=\"Vous cherchez \u00c9cran LG 49XE4F-M.AEU Full HD 49&quot; ? Achetez des produits chez Tupique. Profitez de la livraison gratuite pour obtenir \u00c9cran LG 49XE4F-M.AEU Full HD 49&quot; d\u00e8s maintenant.\" \/>\n<meta property=\"og:url\" content=\"https:\/\/tupique.com\/en\/product\/ecran-lg-49xe4f-m-aeu-full-hd-49\/\" \/>\n<meta property=\"og:site_name\" content=\"Tupique\" \/>\n<meta name=\"twitter:card\" content=\"summary_large_image\" \/>\n<meta name=\"twitter:label1\" content=\"Estimated reading time\" \/>\n\t<meta name=\"twitter:data1\" content=\"2 minutes\" \/>\n<script type=\"application\/ld+json\" class=\"yoast-schema-graph\">{\"@context\":\"https:\/\/schema.org\",\"@graph\":[{\"@type\":\"WebPage\",\"@id\":\"https:\/\/tupique.com\/produit\/ecran-lg-49xe4f-m-aeu-full-hd-49\/\",\"url\":\"https:\/\/tupique.com\/produit\/ecran-lg-49xe4f-m-aeu-full-hd-49\/\",\"name\":\"\u00c9cran LG 49XE4F-M.AEU Full HD 49\\\" - Tupique\",\"isPartOf\":{\"@id\":\"https:\/\/tupique.com\/#website\"},\"primaryImageOfPage\":{\"@id\":\"https:\/\/tupique.com\/produit\/ecran-lg-49xe4f-m-aeu-full-hd-49\/#primaryimage\"},\"image\":{\"@id\":\"https:\/\/tupique.com\/produit\/ecran-lg-49xe4f-m-aeu-full-hd-49\/#primaryimage\"},\"thumbnailUrl\":\"https:\/\/tupique.com\/wp-content\/uploads\/2026\/04\/358088581.jpg\",\"datePublished\":\"2026-04-05T04:58:25+00:00\",\"description\":\"Vous cherchez \u00c9cran LG 49XE4F-M.AEU Full HD 49\\\" ? Achetez des produits chez Tupique. Profitez de la livraison gratuite pour obtenir \u00c9cran LG 49XE4F-M.AEU Full HD 49\\\" d\u00e8s maintenant.\",\"breadcrumb\":{\"@id\":\"https:\/\/tupique.com\/produit\/ecran-lg-49xe4f-m-aeu-full-hd-49\/#breadcrumb\"},\"inLanguage\":\"en-GB\",\"potentialAction\":[{\"@type\":\"ReadAction\",\"target\":[\"https:\/\/tupique.com\/produit\/ecran-lg-49xe4f-m-aeu-full-hd-49\/\"]}]},{\"@type\":\"ImageObject\",\"inLanguage\":\"en-GB\",\"@id\":\"https:\/\/tupique.com\/produit\/ecran-lg-49xe4f-m-aeu-full-hd-49\/#primaryimage\",\"url\":\"https:\/\/tupique.com\/wp-content\/uploads\/2026\/04\/358088581.jpg\",\"contentUrl\":\"https:\/\/tupique.com\/wp-content\/uploads\/2026\/04\/358088581.jpg\",\"width\":1200,\"height\":1200,\"caption\":\"S55096955_0\"},{\"@type\":\"BreadcrumbList\",\"@id\":\"https:\/\/tupique.com\/produit\/ecran-lg-49xe4f-m-aeu-full-hd-49\/#breadcrumb\",\"itemListElement\":[{\"@type\":\"ListItem\",\"position\":1,\"name\":\"In\u00edcio\",\"item\":\"https:\/\/tupique.com\/\"},{\"@type\":\"ListItem\",\"position\":2,\"name\":\"Boutique\",\"item\":\"https:\/\/tupique.com\/en\/boutique\/\"},{\"@type\":\"ListItem\",\"position\":3,\"name\":\"\u00c9cran LG 49XE4F-M.AEU Full HD 49&#8243;\"}]},{\"@type\":\"WebSite\",\"@id\":\"https:\/\/tupique.com\/#website\",\"url\":\"https:\/\/tupique.com\/\",\"name\":\"Tupique\",\"description\":\"Marketplace\",\"publisher\":{\"@id\":\"https:\/\/tupique.com\/#organization\"},\"potentialAction\":[{\"@type\":\"SearchAction\",\"target\":{\"@type\":\"EntryPoint\",\"urlTemplate\":\"https:\/\/tupique.com\/?s={search_term_string}\"},\"query-input\":{\"@type\":\"PropertyValueSpecification\",\"valueRequired\":true,\"valueName\":\"search_term_string\"}}],\"inLanguage\":\"en-GB\"},{\"@type\":\"Organization\",\"@id\":\"https:\/\/tupique.com\/#organization\",\"name\":\"Tupique\",\"url\":\"https:\/\/tupique.com\/\",\"logo\":{\"@type\":\"ImageObject\",\"inLanguage\":\"en-GB\",\"@id\":\"https:\/\/tupique.com\/#\/schema\/logo\/image\/\",\"url\":\"https:\/\/tupique.com\/wp-content\/uploads\/2024\/09\/logo.png\",\"contentUrl\":\"https:\/\/tupique.com\/wp-content\/uploads\/2024\/09\/logo.png\",\"width\":1118,\"height\":310,\"caption\":\"Tupique\"},\"image\":{\"@id\":\"https:\/\/tupique.com\/#\/schema\/logo\/image\/\"}}]}<\/script>\n<!-- \/ Yoast SEO plugin. -->","yoast_head_json":{"title":"\u00c9cran LG 49XE4F-M.AEU Full HD 49\" - Tupique","description":"Vous cherchez \u00c9cran LG 49XE4F-M.AEU Full HD 49\" ? Achetez des produits chez Tupique. Profitez de la livraison gratuite pour obtenir \u00c9cran LG 49XE4F-M.AEU Full HD 49\" d\u00e8s maintenant.","robots":{"index":"index","follow":"follow","max-snippet":"max-snippet:-1","max-image-preview":"max-image-preview:large","max-video-preview":"max-video-preview:-1"},"canonical":"https:\/\/tupique.com\/en\/product\/ecran-lg-49xe4f-m-aeu-full-hd-49\/","og_locale":"en_GB","og_type":"article","og_title":"\u00c9cran LG 49XE4F-M.AEU Full HD 49\" - Tupique","og_description":"Vous cherchez \u00c9cran LG 49XE4F-M.AEU Full HD 49\" ? Achetez des produits chez Tupique. Profitez de la livraison gratuite pour obtenir \u00c9cran LG 49XE4F-M.AEU Full HD 49\" d\u00e8s maintenant.","og_url":"https:\/\/tupique.com\/en\/product\/ecran-lg-49xe4f-m-aeu-full-hd-49\/","og_site_name":"Tupique","twitter_card":"summary_large_image","twitter_misc":{"Estimated reading time":"2 minutes"},"schema":{"@context":"https:\/\/schema.org","@graph":[{"@type":"WebPage","@id":"https:\/\/tupique.com\/produit\/ecran-lg-49xe4f-m-aeu-full-hd-49\/","url":"https:\/\/tupique.com\/produit\/ecran-lg-49xe4f-m-aeu-full-hd-49\/","name":"\u00c9cran LG 49XE4F-M.AEU Full HD 49\" - Tupique","isPartOf":{"@id":"https:\/\/tupique.com\/#website"},"primaryImageOfPage":{"@id":"https:\/\/tupique.com\/produit\/ecran-lg-49xe4f-m-aeu-full-hd-49\/#primaryimage"},"image":{"@id":"https:\/\/tupique.com\/produit\/ecran-lg-49xe4f-m-aeu-full-hd-49\/#primaryimage"},"thumbnailUrl":"https:\/\/tupique.com\/wp-content\/uploads\/2026\/04\/358088581.jpg","datePublished":"2026-04-05T04:58:25+00:00","description":"Vous cherchez \u00c9cran LG 49XE4F-M.AEU Full HD 49\" ? Achetez des produits chez Tupique. Profitez de la livraison gratuite pour obtenir \u00c9cran LG 49XE4F-M.AEU Full HD 49\" d\u00e8s maintenant.","breadcrumb":{"@id":"https:\/\/tupique.com\/produit\/ecran-lg-49xe4f-m-aeu-full-hd-49\/#breadcrumb"},"inLanguage":"en-GB","potentialAction":[{"@type":"ReadAction","target":["https:\/\/tupique.com\/produit\/ecran-lg-49xe4f-m-aeu-full-hd-49\/"]}]},{"@type":"ImageObject","inLanguage":"en-GB","@id":"https:\/\/tupique.com\/produit\/ecran-lg-49xe4f-m-aeu-full-hd-49\/#primaryimage","url":"https:\/\/tupique.com\/wp-content\/uploads\/2026\/04\/358088581.jpg","contentUrl":"https:\/\/tupique.com\/wp-content\/uploads\/2026\/04\/358088581.jpg","width":1200,"height":1200,"caption":"S55096955_0"},{"@type":"BreadcrumbList","@id":"https:\/\/tupique.com\/produit\/ecran-lg-49xe4f-m-aeu-full-hd-49\/#breadcrumb","itemListElement":[{"@type":"ListItem","position":1,"name":"In\u00edcio","item":"https:\/\/tupique.com\/"},{"@type":"ListItem","position":2,"name":"Boutique","item":"https:\/\/tupique.com\/en\/boutique\/"},{"@type":"ListItem","position":3,"name":"\u00c9cran LG 49XE4F-M.AEU Full HD 49&#8243;"}]},{"@type":"WebSite","@id":"https:\/\/tupique.com\/#website","url":"https:\/\/tupique.com\/","name":"Tupique","description":"Marketplace","publisher":{"@id":"https:\/\/tupique.com\/#organization"},"potentialAction":[{"@type":"SearchAction","target":{"@type":"EntryPoint","urlTemplate":"https:\/\/tupique.com\/?s={search_term_string}"},"query-input":{"@type":"PropertyValueSpecification","valueRequired":true,"valueName":"search_term_string"}}],"inLanguage":"en-GB"},{"@type":"Organization","@id":"https:\/\/tupique.com\/#organization","name":"Tupique","url":"https:\/\/tupique.com\/","logo":{"@type":"ImageObject","inLanguage":"en-GB","@id":"https:\/\/tupique.com\/#\/schema\/logo\/image\/","url":"https:\/\/tupique.com\/wp-content\/uploads\/2024\/09\/logo.png","contentUrl":"https:\/\/tupique.com\/wp-content\/uploads\/2024\/09\/logo.png","width":1118,"height":310,"caption":"Tupique"},"image":{"@id":"https:\/\/tupique.com\/#\/schema\/logo\/image\/"}}]}},"jetpack_sharing_enabled":true,"_links":{"self":[{"href":"https:\/\/tupique.com\/en\/wp-json\/wp\/v2\/product\/4378998","targetHints":{"allow":["GET"]}}],"collection":[{"href":"https:\/\/tupique.com\/en\/wp-json\/wp\/v2\/product"}],"about":[{"href":"https:\/\/tupique.com\/en\/wp-json\/wp\/v2\/types\/product"}],"replies":[{"embeddable":true,"href":"https:\/\/tupique.com\/en\/wp-json\/wp\/v2\/comments?post=4378998"}],"wp:featuredmedia":[{"embeddable":true,"href":"https:\/\/tupique.com\/en\/wp-json\/wp\/v2\/media\/4378992"}],"wp:attachment":[{"href":"https:\/\/tupique.com\/en\/wp-json\/wp\/v2\/media?parent=4378998"}],"wp:term":[{"taxonomy":"product_brand","embeddable":true,"href":"https:\/\/tupique.com\/en\/wp-json\/wp\/v2\/product_brand?post=4378998"},{"taxonomy":"product_cat","embeddable":true,"href":"https:\/\/tupique.com\/en\/wp-json\/wp\/v2\/product_cat?post=4378998"},{"taxonomy":"product_tag","embeddable":true,"href":"https:\/\/tupique.com\/en\/wp-json\/wp\/v2\/product_tag?post=4378998"}],"curies":[{"name":"wp","href":"https:\/\/api.w.org\/{rel}","templated":true}]}}