{"id":4379527,"date":"2026-04-05T07:59:45","date_gmt":"2026-04-05T06:59:45","guid":{"rendered":"https:\/\/tupique.com\/produit\/micro-ondes-avec-gril-teka-neoms6220bisrss-acier\/"},"modified":"2026-04-05T08:55:25","modified_gmt":"2026-04-05T07:55:25","slug":"micro-ondes-avec-gril-teka-neoms6220bisrss-acier","status":"publish","type":"product","link":"https:\/\/tupique.com\/en\/product\/micro-ondes-avec-gril-teka-neoms6220bisrss-acier\/","title":{"rendered":"Micro-ondes avec Gril Teka NEOMS6220BISRSS Acier"},"content":{"rendered":"<p>If you're looking for the latest trends on the market, we've got you covered. <b>Micro-ondes avec Gril Teka NEOMS6220BISRSS Acier<\/b> !<\/p>\n<p>Le <b>micro-ondes avec grill<\/b> de la marque <b>Teka<\/b> pr\u00e9sente un design sobre et robuste en <b>acier inoxydable<\/b>, id\u00e9al pour apporter durabilit\u00e9 et une finition moderne \u00e0 toute cuisine. Sa <b>capacit\u00e9 int\u00e9rieure de 22 litres<\/b> permet de pr\u00e9parer ou r\u00e9chauffer des aliments de taille moyenne, adapt\u00e9 \u00e0 un usage domestique courant. Il se distingue par sa double fonctionnalit\u00e9, int\u00e9grant un puissant <b>micro-ondes de 850 W<\/b> garantissant un chauffage rapide et homog\u00e8ne, ainsi qu\u2019un <b>grill de 1200 W<\/b> facilitant le dor\u00e9 ou gratin\u00e9 des aliments, offrant ainsi de la polyvalence dans la pr\u00e9paration des recettes. Il propose <b>cinq niveaux de puissance<\/b>, offrant la flexibilit\u00e9 d\u2019adapter le type de cuisson aux diff\u00e9rents aliments et besoins sp\u00e9cifiques. Son panneau de commande tactile et l\u2019int\u00e9gration d\u2019un <b>\u00e9cran digital<\/b> facilitent une programmation intuitive et pr\u00e9cise, simplifiant l\u2019exp\u00e9rience utilisateur. De plus, il est con\u00e7u pour une prise europ\u00e9enne (EU), assurant la compatibilit\u00e9 dans la plupart des foyers du continent. Ce micro-ondes se distingue par sa combinaison efficace de la cuisson rapide et de la fonction grill dans un appareil compact, fonctionnel, avec une finition en <b>couleur argent\u00e9e et acier<\/b>. C\u2019est une solution pratique et moderne pens\u00e9e pour les utilisateurs recherchant un \u00e9quipement fiable et polyvalent qui optimise l\u2019espace et les performances en cuisine au quotidien.<\/p>\n<ul>\n<li>Plug-in product: Yes<\/li>\n<li>Type: Micro-ondes avec Gril<\/li>\n<li>Socket type: EU socket<\/li>\n<li>Bloc d\u2019Alimentation: r\u00e9seau \u00e9lectrique<\/li>\n<li>Colour:\n<ul>\n<li>Acier<\/li>\n<li>Silver<\/li>\n<\/ul>\n<\/li>\n<li>Capacit\u00e9: 22 L<\/li>\n<li>puissance: 850 W<\/li>\n<\/ul>","protected":false},"excerpt":{"rendered":"<p><span class=\"unit-info\">20.4086 &euro; \/ 1 l<\/span><\/p>","protected":false},"featured_media":4379521,"comment_status":"open","ping_status":"closed","template":"","meta":{"_joinchat":[]},"product_brand":[158071],"product_cat":[157538,158124,157539],"product_tag":[157544,157545],"class_list":{"0":"post-4379527","1":"product","2":"type-product","3":"status-publish","4":"has-post-thumbnail","6":"product_brand-brandp_1172","7":"product_cat-cuisine-gourmet","8":"product_cat-micro-ondes","9":"product_cat-petit-electromenager","10":"product_tag-tag_926","11":"product_tag-tag_930","13":"first","14":"instock","15":"taxable","16":"shipping-taxable","17":"purchasable","18":"product-type-simple"},"yoast_head":"<!-- This site is optimized with the Yoast SEO plugin v27.2 - https:\/\/yoast.com\/product\/yoast-seo-wordpress\/ -->\n<title>Micro-ondes avec Gril Teka NEOMS6220BISRSS Acier - Tupique<\/title>\n<meta name=\"description\" content=\"Vous cherchez Micro-ondes avec Gril Teka NEOMS6220BISRSS Acier ? Achetez des produits chez Tupique. Profitez de la livraison gratuite pour obtenir Micro-ondes avec Gril Teka NEOMS6220BISRSS Acier d\u00e8s maintenant.\" \/>\n<meta name=\"robots\" content=\"index, follow, max-snippet:-1, max-image-preview:large, max-video-preview:-1\" \/>\n<link rel=\"canonical\" href=\"https:\/\/tupique.com\/en\/product\/micro-ondes-avec-gril-teka-neoms6220bisrss-acier\/\" \/>\n<meta property=\"og:locale\" content=\"en_GB\" \/>\n<meta property=\"og:type\" content=\"article\" \/>\n<meta property=\"og:title\" content=\"Micro-ondes avec Gril Teka NEOMS6220BISRSS Acier - Tupique\" \/>\n<meta property=\"og:description\" content=\"Vous cherchez Micro-ondes avec Gril Teka NEOMS6220BISRSS Acier ? Achetez des produits chez Tupique. Profitez de la livraison gratuite pour obtenir Micro-ondes avec Gril Teka NEOMS6220BISRSS Acier d\u00e8s maintenant.\" \/>\n<meta property=\"og:url\" content=\"https:\/\/tupique.com\/en\/product\/micro-ondes-avec-gril-teka-neoms6220bisrss-acier\/\" \/>\n<meta property=\"og:site_name\" content=\"Tupique\" \/>\n<meta property=\"article:modified_time\" content=\"2026-04-05T07:55:25+00:00\" \/>\n<meta property=\"og:image\" content=\"https:\/\/tupique.com\/wp-content\/uploads\/2026\/04\/8434778034448_S0465208_P00.jpg\" \/>\n\t<meta property=\"og:image:width\" content=\"1200\" \/>\n\t<meta property=\"og:image:height\" content=\"1200\" \/>\n\t<meta property=\"og:image:type\" content=\"image\/jpeg\" \/>\n<meta name=\"twitter:card\" content=\"summary_large_image\" \/>\n<meta name=\"twitter:label1\" content=\"Estimated reading time\" \/>\n\t<meta name=\"twitter:data1\" content=\"1 minute\" \/>\n<script type=\"application\/ld+json\" class=\"yoast-schema-graph\">{\"@context\":\"https:\/\/schema.org\",\"@graph\":[{\"@type\":\"WebPage\",\"@id\":\"https:\/\/tupique.com\/produit\/micro-ondes-avec-gril-teka-neoms6220bisrss-acier\/\",\"url\":\"https:\/\/tupique.com\/produit\/micro-ondes-avec-gril-teka-neoms6220bisrss-acier\/\",\"name\":\"Micro-ondes avec Gril Teka NEOMS6220BISRSS Acier - Tupique\",\"isPartOf\":{\"@id\":\"https:\/\/tupique.com\/#website\"},\"primaryImageOfPage\":{\"@id\":\"https:\/\/tupique.com\/produit\/micro-ondes-avec-gril-teka-neoms6220bisrss-acier\/#primaryimage\"},\"image\":{\"@id\":\"https:\/\/tupique.com\/produit\/micro-ondes-avec-gril-teka-neoms6220bisrss-acier\/#primaryimage\"},\"thumbnailUrl\":\"https:\/\/tupique.com\/wp-content\/uploads\/2026\/04\/8434778034448_S0465208_P00.jpg\",\"datePublished\":\"2026-04-05T06:59:45+00:00\",\"dateModified\":\"2026-04-05T07:55:25+00:00\",\"description\":\"Vous cherchez Micro-ondes avec Gril Teka NEOMS6220BISRSS Acier ? Achetez des produits chez Tupique. Profitez de la livraison gratuite pour obtenir Micro-ondes avec Gril Teka NEOMS6220BISRSS Acier d\u00e8s maintenant.\",\"breadcrumb\":{\"@id\":\"https:\/\/tupique.com\/produit\/micro-ondes-avec-gril-teka-neoms6220bisrss-acier\/#breadcrumb\"},\"inLanguage\":\"en-GB\",\"potentialAction\":[{\"@type\":\"ReadAction\",\"target\":[\"https:\/\/tupique.com\/produit\/micro-ondes-avec-gril-teka-neoms6220bisrss-acier\/\"]}]},{\"@type\":\"ImageObject\",\"inLanguage\":\"en-GB\",\"@id\":\"https:\/\/tupique.com\/produit\/micro-ondes-avec-gril-teka-neoms6220bisrss-acier\/#primaryimage\",\"url\":\"https:\/\/tupique.com\/wp-content\/uploads\/2026\/04\/8434778034448_S0465208_P00.jpg\",\"contentUrl\":\"https:\/\/tupique.com\/wp-content\/uploads\/2026\/04\/8434778034448_S0465208_P00.jpg\",\"width\":1200,\"height\":1200,\"caption\":\"S0465208_0\"},{\"@type\":\"BreadcrumbList\",\"@id\":\"https:\/\/tupique.com\/produit\/micro-ondes-avec-gril-teka-neoms6220bisrss-acier\/#breadcrumb\",\"itemListElement\":[{\"@type\":\"ListItem\",\"position\":1,\"name\":\"In\u00edcio\",\"item\":\"https:\/\/tupique.com\/\"},{\"@type\":\"ListItem\",\"position\":2,\"name\":\"Boutique\",\"item\":\"https:\/\/tupique.com\/en\/boutique\/\"},{\"@type\":\"ListItem\",\"position\":3,\"name\":\"Micro-ondes avec Gril Teka NEOMS6220BISRSS Acier\"}]},{\"@type\":\"WebSite\",\"@id\":\"https:\/\/tupique.com\/#website\",\"url\":\"https:\/\/tupique.com\/\",\"name\":\"Tupique\",\"description\":\"Marketplace\",\"publisher\":{\"@id\":\"https:\/\/tupique.com\/#organization\"},\"potentialAction\":[{\"@type\":\"SearchAction\",\"target\":{\"@type\":\"EntryPoint\",\"urlTemplate\":\"https:\/\/tupique.com\/?s={search_term_string}\"},\"query-input\":{\"@type\":\"PropertyValueSpecification\",\"valueRequired\":true,\"valueName\":\"search_term_string\"}}],\"inLanguage\":\"en-GB\"},{\"@type\":\"Organization\",\"@id\":\"https:\/\/tupique.com\/#organization\",\"name\":\"Tupique\",\"url\":\"https:\/\/tupique.com\/\",\"logo\":{\"@type\":\"ImageObject\",\"inLanguage\":\"en-GB\",\"@id\":\"https:\/\/tupique.com\/#\/schema\/logo\/image\/\",\"url\":\"https:\/\/tupique.com\/wp-content\/uploads\/2024\/09\/logo.png\",\"contentUrl\":\"https:\/\/tupique.com\/wp-content\/uploads\/2024\/09\/logo.png\",\"width\":1118,\"height\":310,\"caption\":\"Tupique\"},\"image\":{\"@id\":\"https:\/\/tupique.com\/#\/schema\/logo\/image\/\"}}]}<\/script>\n<!-- \/ Yoast SEO plugin. -->","yoast_head_json":{"title":"Micro-ondes avec Gril Teka NEOMS6220BISRSS Acier - Tupique","description":"Vous cherchez Micro-ondes avec Gril Teka NEOMS6220BISRSS Acier ? Achetez des produits chez Tupique. Profitez de la livraison gratuite pour obtenir Micro-ondes avec Gril Teka NEOMS6220BISRSS Acier d\u00e8s maintenant.","robots":{"index":"index","follow":"follow","max-snippet":"max-snippet:-1","max-image-preview":"max-image-preview:large","max-video-preview":"max-video-preview:-1"},"canonical":"https:\/\/tupique.com\/en\/product\/micro-ondes-avec-gril-teka-neoms6220bisrss-acier\/","og_locale":"en_GB","og_type":"article","og_title":"Micro-ondes avec Gril Teka NEOMS6220BISRSS Acier - Tupique","og_description":"Vous cherchez Micro-ondes avec Gril Teka NEOMS6220BISRSS Acier ? Achetez des produits chez Tupique. Profitez de la livraison gratuite pour obtenir Micro-ondes avec Gril Teka NEOMS6220BISRSS Acier d\u00e8s maintenant.","og_url":"https:\/\/tupique.com\/en\/product\/micro-ondes-avec-gril-teka-neoms6220bisrss-acier\/","og_site_name":"Tupique","article_modified_time":"2026-04-05T07:55:25+00:00","og_image":[{"width":1200,"height":1200,"url":"https:\/\/tupique.com\/wp-content\/uploads\/2026\/04\/8434778034448_S0465208_P00.jpg","type":"image\/jpeg"}],"twitter_card":"summary_large_image","twitter_misc":{"Estimated reading time":"1 minute"},"schema":{"@context":"https:\/\/schema.org","@graph":[{"@type":"WebPage","@id":"https:\/\/tupique.com\/produit\/micro-ondes-avec-gril-teka-neoms6220bisrss-acier\/","url":"https:\/\/tupique.com\/produit\/micro-ondes-avec-gril-teka-neoms6220bisrss-acier\/","name":"Micro-ondes avec Gril Teka NEOMS6220BISRSS Acier - Tupique","isPartOf":{"@id":"https:\/\/tupique.com\/#website"},"primaryImageOfPage":{"@id":"https:\/\/tupique.com\/produit\/micro-ondes-avec-gril-teka-neoms6220bisrss-acier\/#primaryimage"},"image":{"@id":"https:\/\/tupique.com\/produit\/micro-ondes-avec-gril-teka-neoms6220bisrss-acier\/#primaryimage"},"thumbnailUrl":"https:\/\/tupique.com\/wp-content\/uploads\/2026\/04\/8434778034448_S0465208_P00.jpg","datePublished":"2026-04-05T06:59:45+00:00","dateModified":"2026-04-05T07:55:25+00:00","description":"Vous cherchez Micro-ondes avec Gril Teka NEOMS6220BISRSS Acier ? Achetez des produits chez Tupique. Profitez de la livraison gratuite pour obtenir Micro-ondes avec Gril Teka NEOMS6220BISRSS Acier d\u00e8s maintenant.","breadcrumb":{"@id":"https:\/\/tupique.com\/produit\/micro-ondes-avec-gril-teka-neoms6220bisrss-acier\/#breadcrumb"},"inLanguage":"en-GB","potentialAction":[{"@type":"ReadAction","target":["https:\/\/tupique.com\/produit\/micro-ondes-avec-gril-teka-neoms6220bisrss-acier\/"]}]},{"@type":"ImageObject","inLanguage":"en-GB","@id":"https:\/\/tupique.com\/produit\/micro-ondes-avec-gril-teka-neoms6220bisrss-acier\/#primaryimage","url":"https:\/\/tupique.com\/wp-content\/uploads\/2026\/04\/8434778034448_S0465208_P00.jpg","contentUrl":"https:\/\/tupique.com\/wp-content\/uploads\/2026\/04\/8434778034448_S0465208_P00.jpg","width":1200,"height":1200,"caption":"S0465208_0"},{"@type":"BreadcrumbList","@id":"https:\/\/tupique.com\/produit\/micro-ondes-avec-gril-teka-neoms6220bisrss-acier\/#breadcrumb","itemListElement":[{"@type":"ListItem","position":1,"name":"In\u00edcio","item":"https:\/\/tupique.com\/"},{"@type":"ListItem","position":2,"name":"Boutique","item":"https:\/\/tupique.com\/en\/boutique\/"},{"@type":"ListItem","position":3,"name":"Micro-ondes avec Gril Teka NEOMS6220BISRSS Acier"}]},{"@type":"WebSite","@id":"https:\/\/tupique.com\/#website","url":"https:\/\/tupique.com\/","name":"Tupique","description":"Marketplace","publisher":{"@id":"https:\/\/tupique.com\/#organization"},"potentialAction":[{"@type":"SearchAction","target":{"@type":"EntryPoint","urlTemplate":"https:\/\/tupique.com\/?s={search_term_string}"},"query-input":{"@type":"PropertyValueSpecification","valueRequired":true,"valueName":"search_term_string"}}],"inLanguage":"en-GB"},{"@type":"Organization","@id":"https:\/\/tupique.com\/#organization","name":"Tupique","url":"https:\/\/tupique.com\/","logo":{"@type":"ImageObject","inLanguage":"en-GB","@id":"https:\/\/tupique.com\/#\/schema\/logo\/image\/","url":"https:\/\/tupique.com\/wp-content\/uploads\/2024\/09\/logo.png","contentUrl":"https:\/\/tupique.com\/wp-content\/uploads\/2024\/09\/logo.png","width":1118,"height":310,"caption":"Tupique"},"image":{"@id":"https:\/\/tupique.com\/#\/schema\/logo\/image\/"}}]}},"jetpack_sharing_enabled":true,"_links":{"self":[{"href":"https:\/\/tupique.com\/en\/wp-json\/wp\/v2\/product\/4379527","targetHints":{"allow":["GET"]}}],"collection":[{"href":"https:\/\/tupique.com\/en\/wp-json\/wp\/v2\/product"}],"about":[{"href":"https:\/\/tupique.com\/en\/wp-json\/wp\/v2\/types\/product"}],"replies":[{"embeddable":true,"href":"https:\/\/tupique.com\/en\/wp-json\/wp\/v2\/comments?post=4379527"}],"wp:featuredmedia":[{"embeddable":true,"href":"https:\/\/tupique.com\/en\/wp-json\/wp\/v2\/media\/4379521"}],"wp:attachment":[{"href":"https:\/\/tupique.com\/en\/wp-json\/wp\/v2\/media?parent=4379527"}],"wp:term":[{"taxonomy":"product_brand","embeddable":true,"href":"https:\/\/tupique.com\/en\/wp-json\/wp\/v2\/product_brand?post=4379527"},{"taxonomy":"product_cat","embeddable":true,"href":"https:\/\/tupique.com\/en\/wp-json\/wp\/v2\/product_cat?post=4379527"},{"taxonomy":"product_tag","embeddable":true,"href":"https:\/\/tupique.com\/en\/wp-json\/wp\/v2\/product_tag?post=4379527"}],"curies":[{"name":"wp","href":"https:\/\/api.w.org\/{rel}","templated":true}]}}