{"id":4379777,"date":"2026-04-05T08:57:51","date_gmt":"2026-04-05T07:57:51","guid":{"rendered":"https:\/\/tupique.com\/produit\/pc-de-bureau-hp-b70yjatabe-16-gb-ram-512-gb-ssd-intel-core-i5-14500t\/"},"modified":"2026-04-06T15:56:06","modified_gmt":"2026-04-06T14:56:06","slug":"pc-de-bureau-hp-b70yjatabe-16-gb-ram-512-gb-ssd-intel-core-i5-14500t","status":"publish","type":"product","link":"https:\/\/tupique.com\/en\/product\/pc-de-bureau-hp-b70yjatabe-16-gb-ram-512-gb-ssd-intel-core-i5-14500t\/","title":{"rendered":"PC de bureau HP B70YJAT#ABE 16 GB RAM 512 GB SSD Intel Core i5-14500T"},"content":{"rendered":"<p>If you are passionate about\u2019<b>computer science and electronics<\/b>, If you're at the cutting edge of technology and don't want to miss a thing, buy <b>PC de bureau HP B70YJAT#ABE 16 GB RAM 512 GB SSD Intel Core i5-14500T<\/b> at the best price.<\/p>\n<p>Le <b>HP B70YJAT#ABE<\/b> est un <b>PC de bureau<\/b> con\u00e7u pour offrir des performances \u00e9lev\u00e9es dans des environnements professionnels et domestiques exigeants, combinant une architecture avanc\u00e9e et des composants de derni\u00e8re g\u00e9n\u00e9ration dans un format compact et \u00e9l\u00e9gant de couleur <b>noire<\/b>. Cet appareil int\u00e8gre un <b>SSD de 512 Go<\/b> permettant des temps de d\u00e9marrage et de chargement tr\u00e8s rapides, ainsi qu\u2019une gestion fluide des fichiers et des applications lourdes. Sa <b>m\u00e9moire RAM de 16 Go DDR5<\/b> favorise le multit\u00e2che efficace et la manipulation fluide d\u2019outils de productivit\u00e9, de conception ou de navigation intensive, assurant une exp\u00e9rience r\u00e9active tant pour les t\u00e2ches quotidiennes que pour les processus plus complexes. La connectivit\u00e9 est l\u2019un des atouts majeurs de ce mod\u00e8le, puisqu\u2019il int\u00e8gre <b>Bluetooth<\/b> and <b>Wi-Fi<\/b>, avec prise en charge du <b>6 GHz Wi-Fi<\/b>, permettant des connexions sans fil stables, rapides et adapt\u00e9es aux exigences des r\u00e9seaux actuels. Des ports comme <b>HDMI<\/b> garantissent la compatibilit\u00e9 avec une large gamme de moniteurs et de p\u00e9riph\u00e9riques, \u00e9largissant les possibilit\u00e9s d\u2019utilisation en configuration de bureau ou de studio. Le design compact et minimaliste facilite son int\u00e9gration sur tout bureau, sans compromettre la capacit\u00e9 d\u2019extension et de connectivit\u00e9 propre aux appareils HP ax\u00e9s sur la performance professionnelle. Dans l\u2019ensemble, ce mod\u00e8le repr\u00e9sente une solution robuste, fiable et moderne pour ceux qui recherchent un <b>PC de bureau<\/b> polyvalent et pr\u00eat \u00e0 r\u00e9pondre aux besoins informatiques vari\u00e9s \u00e0 la maison comme au travail.<\/p>\n<ul>\n<li>Type:\n<ul>\n<li>PC de bureau<\/li>\n<li>SSD<\/li>\n<li>Mini PC<\/li>\n<\/ul>\n<\/li>\n<li>Plug-in product: Yes<\/li>\n<li>Socket type: EU socket<\/li>\n<li>Bloc d\u2019Alimentation:\n<ul>\n<li>r\u00e9seau \u00e9lectrique<\/li>\n<li>90 W<\/li>\n<li>90 V<\/li>\n<\/ul>\n<\/li>\n<li>Processor family:\n<ul>\n<li>Intel Core i5<\/li>\n<li>Intel<\/li>\n<\/ul>\n<\/li>\n<li>Chipset: INTEL Q670<\/li>\n<li>Type d&#8217;unit\u00e9 optique: Non<\/li>\n<li>Contr\u00f4leur graphique:\n<ul>\n<li>Intel UHD Graphics<\/li>\n<li>INTEL UHD GRAPHICS 770<\/li>\n<\/ul>\n<\/li>\n<li>Includes:\n<ul>\n<li>Souris<\/li>\n<li>Clavier<\/li>\n<li>SSD x 1<\/li>\n<\/ul>\n<\/li>\n<li>Cores:\n<ul>\n<li>14<\/li>\n<li>14 Noyaux<\/li>\n<\/ul>\n<\/li>\n<li>speed:\n<ul>\n<li>4800 MHz<\/li>\n<li>10\/100\/1000 Mbps<\/li>\n<\/ul>\n<\/li>\n<li>Syst\u00e8me d&#8217;exploitation: Windows 11 Pro<\/li>\n<li>Connectivity:\n<ul>\n<li>Bluetooth<\/li>\n<li>6 GHz Wi-Fi<\/li>\n<li>Wi-Fi<\/li>\n<li>Ethernet LAN<\/li>\n<li>Bluetooth 5.3<\/li>\n<\/ul>\n<\/li>\n<li>Type de m\u00e9moire:\n<ul>\n<li>DDR5-SDRAM<\/li>\n<li>DDR5 SDRAM<\/li>\n<\/ul>\n<\/li>\n<li>Connections:\n<ul>\n<li>HDMI<\/li>\n<li>DisplayPort<\/li>\n<li>Ethernet LAN<\/li>\n<li>USB 3.2<\/li>\n<li>M.2<\/li>\n<li>RJ45<\/li>\n<li>DisplayPort x 2<\/li>\n<li>HDMI 2.1 x 1<\/li>\n<li>USB-C 3.2 x 1<\/li>\n<li>DisplayPort 1.4<\/li>\n<li>USB-A 3.2<\/li>\n<li>USB 3.2 x 3<\/li>\n<li>C\u00e2ble jack 3,3 mm<\/li>\n<\/ul>\n<\/li>\n<li>Colour: Black<\/li>\n<li>Nombre de fils: 20<\/li>\n<li>M\u00e9moire RAM: 16 GB RAM<\/li>\n<li>Disque dur: 512 GB SSD<\/li>\n<li>Compatible: PCI Express<\/li>\n<li>Frequency:\n<ul>\n<li>50 &#8211; 60 Hz<\/li>\n<li>4,8 GHz<\/li>\n<\/ul>\n<\/li>\n<li>Tension: 100 &#8211; 240 V<\/li>\n<li>Non Inclus:\n<ul>\n<li>Type d&#8217;unit\u00e9 optique<\/li>\n<li>Adaptateur graphique discret<\/li>\n<\/ul>\n<\/li>\n<li>Format:\n<ul>\n<li>M.2<\/li>\n<li>1 x 16 GB<\/li>\n<\/ul>\n<\/li>\n<li>Working humidity range: 10 % - 90 %<\/li>\n<li>Caract\u00e9ristiques: Adaptateur graphique int\u00e9gr\u00e9<\/li>\n<li>Certificate: ENERGY STAR<\/li>\n<li>Type de stockage: SSD<\/li>\n<li>M\u00e9moire RAM maximale: 64 GB<\/li>\n<li>Processeur: Intel Core i5-14500T<\/li>\n<\/ul>","protected":false},"excerpt":{"rendered":"<p>Si vous \u00eates passionn\u00e9 d&#8217;informatique et d&#8217;\u00e9lectronique, si vous \u00eates \u00e0 la pointe de la technologie et qu&#8217;aucun d\u00e9tail ne<\/p>","protected":false},"featured_media":4379773,"comment_status":"open","ping_status":"closed","template":"","meta":{"_joinchat":[]},"product_brand":[158040],"product_cat":[157516,157583,157584],"product_tag":[157514,157515],"class_list":{"0":"post-4379777","1":"product","2":"type-product","3":"status-publish","4":"has-post-thumbnail","6":"product_brand-brandp_909","7":"product_cat-informatique-electronique","8":"product_cat-informatique-ordinateurs","9":"product_cat-ordinateur-de-bureau","10":"product_tag-tag_933","11":"product_tag-tag_1295","13":"first","14":"instock","15":"taxable","16":"shipping-taxable","17":"purchasable","18":"product-type-simple"},"yoast_head":"<!-- This site is optimized with the Yoast SEO plugin v27.2 - https:\/\/yoast.com\/product\/yoast-seo-wordpress\/ -->\n<title>PC de bureau HP B70YJAT#ABE 16 GB RAM 512 GB SSD Intel Core i5-14500T - Tupique<\/title>\n<meta name=\"description\" content=\"Vous cherchez PC de bureau HP B70YJAT#ABE 16 GB RAM 512 GB SSD Intel Core i5-14500T ? Achetez des produits chez Tupique. Profitez de la livraison gratuite pour obtenir PC de bureau HP B70YJAT#ABE 16 GB RAM 512 GB SSD Intel Core i5-14500T d\u00e8s maintenant.\" \/>\n<meta name=\"robots\" content=\"index, follow, max-snippet:-1, max-image-preview:large, max-video-preview:-1\" \/>\n<link rel=\"canonical\" href=\"https:\/\/tupique.com\/en\/product\/pc-de-bureau-hp-b70yjatabe-16-gb-ram-512-gb-ssd-intel-core-i5-14500t\/\" \/>\n<meta property=\"og:locale\" content=\"en_GB\" \/>\n<meta property=\"og:type\" content=\"article\" \/>\n<meta property=\"og:title\" content=\"PC de bureau HP B70YJAT#ABE 16 GB RAM 512 GB SSD Intel Core i5-14500T - Tupique\" \/>\n<meta property=\"og:description\" content=\"Vous cherchez PC de bureau HP B70YJAT#ABE 16 GB RAM 512 GB SSD Intel Core i5-14500T ? Achetez des produits chez Tupique. Profitez de la livraison gratuite pour obtenir PC de bureau HP B70YJAT#ABE 16 GB RAM 512 GB SSD Intel Core i5-14500T d\u00e8s maintenant.\" \/>\n<meta property=\"og:url\" content=\"https:\/\/tupique.com\/en\/product\/pc-de-bureau-hp-b70yjatabe-16-gb-ram-512-gb-ssd-intel-core-i5-14500t\/\" \/>\n<meta property=\"og:site_name\" content=\"Tupique\" \/>\n<meta property=\"article:modified_time\" content=\"2026-04-06T14:56:06+00:00\" \/>\n<meta property=\"og:image\" content=\"https:\/\/tupique.com\/wp-content\/uploads\/2026\/04\/0199485673424_S55307520_P00.jpg\" \/>\n\t<meta property=\"og:image:width\" content=\"1200\" \/>\n\t<meta property=\"og:image:height\" content=\"1200\" \/>\n\t<meta property=\"og:image:type\" content=\"image\/jpeg\" \/>\n<meta name=\"twitter:card\" content=\"summary_large_image\" \/>\n<meta name=\"twitter:label1\" content=\"Estimated reading time\" \/>\n\t<meta name=\"twitter:data1\" content=\"2 minutes\" \/>\n<script type=\"application\/ld+json\" class=\"yoast-schema-graph\">{\"@context\":\"https:\/\/schema.org\",\"@graph\":[{\"@type\":\"WebPage\",\"@id\":\"https:\/\/tupique.com\/produit\/pc-de-bureau-hp-b70yjatabe-16-gb-ram-512-gb-ssd-intel-core-i5-14500t\/\",\"url\":\"https:\/\/tupique.com\/produit\/pc-de-bureau-hp-b70yjatabe-16-gb-ram-512-gb-ssd-intel-core-i5-14500t\/\",\"name\":\"PC de bureau HP B70YJAT#ABE 16 GB RAM 512 GB SSD Intel Core i5-14500T - Tupique\",\"isPartOf\":{\"@id\":\"https:\/\/tupique.com\/#website\"},\"primaryImageOfPage\":{\"@id\":\"https:\/\/tupique.com\/produit\/pc-de-bureau-hp-b70yjatabe-16-gb-ram-512-gb-ssd-intel-core-i5-14500t\/#primaryimage\"},\"image\":{\"@id\":\"https:\/\/tupique.com\/produit\/pc-de-bureau-hp-b70yjatabe-16-gb-ram-512-gb-ssd-intel-core-i5-14500t\/#primaryimage\"},\"thumbnailUrl\":\"https:\/\/tupique.com\/wp-content\/uploads\/2026\/04\/0199485673424_S55307520_P00.jpg\",\"datePublished\":\"2026-04-05T07:57:51+00:00\",\"dateModified\":\"2026-04-06T14:56:06+00:00\",\"description\":\"Vous cherchez PC de bureau HP B70YJAT#ABE 16 GB RAM 512 GB SSD Intel Core i5-14500T ? Achetez des produits chez Tupique. Profitez de la livraison gratuite pour obtenir PC de bureau HP B70YJAT#ABE 16 GB RAM 512 GB SSD Intel Core i5-14500T d\u00e8s maintenant.\",\"breadcrumb\":{\"@id\":\"https:\/\/tupique.com\/produit\/pc-de-bureau-hp-b70yjatabe-16-gb-ram-512-gb-ssd-intel-core-i5-14500t\/#breadcrumb\"},\"inLanguage\":\"en-GB\",\"potentialAction\":[{\"@type\":\"ReadAction\",\"target\":[\"https:\/\/tupique.com\/produit\/pc-de-bureau-hp-b70yjatabe-16-gb-ram-512-gb-ssd-intel-core-i5-14500t\/\"]}]},{\"@type\":\"ImageObject\",\"inLanguage\":\"en-GB\",\"@id\":\"https:\/\/tupique.com\/produit\/pc-de-bureau-hp-b70yjatabe-16-gb-ram-512-gb-ssd-intel-core-i5-14500t\/#primaryimage\",\"url\":\"https:\/\/tupique.com\/wp-content\/uploads\/2026\/04\/0199485673424_S55307520_P00.jpg\",\"contentUrl\":\"https:\/\/tupique.com\/wp-content\/uploads\/2026\/04\/0199485673424_S55307520_P00.jpg\",\"width\":1200,\"height\":1200,\"caption\":\"S55307520_0\"},{\"@type\":\"BreadcrumbList\",\"@id\":\"https:\/\/tupique.com\/produit\/pc-de-bureau-hp-b70yjatabe-16-gb-ram-512-gb-ssd-intel-core-i5-14500t\/#breadcrumb\",\"itemListElement\":[{\"@type\":\"ListItem\",\"position\":1,\"name\":\"In\u00edcio\",\"item\":\"https:\/\/tupique.com\/\"},{\"@type\":\"ListItem\",\"position\":2,\"name\":\"Boutique\",\"item\":\"https:\/\/tupique.com\/en\/boutique\/\"},{\"@type\":\"ListItem\",\"position\":3,\"name\":\"PC de bureau HP B70YJAT#ABE 16 GB RAM 512 GB SSD Intel Core i5-14500T\"}]},{\"@type\":\"WebSite\",\"@id\":\"https:\/\/tupique.com\/#website\",\"url\":\"https:\/\/tupique.com\/\",\"name\":\"Tupique\",\"description\":\"Marketplace\",\"publisher\":{\"@id\":\"https:\/\/tupique.com\/#organization\"},\"potentialAction\":[{\"@type\":\"SearchAction\",\"target\":{\"@type\":\"EntryPoint\",\"urlTemplate\":\"https:\/\/tupique.com\/?s={search_term_string}\"},\"query-input\":{\"@type\":\"PropertyValueSpecification\",\"valueRequired\":true,\"valueName\":\"search_term_string\"}}],\"inLanguage\":\"en-GB\"},{\"@type\":\"Organization\",\"@id\":\"https:\/\/tupique.com\/#organization\",\"name\":\"Tupique\",\"url\":\"https:\/\/tupique.com\/\",\"logo\":{\"@type\":\"ImageObject\",\"inLanguage\":\"en-GB\",\"@id\":\"https:\/\/tupique.com\/#\/schema\/logo\/image\/\",\"url\":\"https:\/\/tupique.com\/wp-content\/uploads\/2024\/09\/logo.png\",\"contentUrl\":\"https:\/\/tupique.com\/wp-content\/uploads\/2024\/09\/logo.png\",\"width\":1118,\"height\":310,\"caption\":\"Tupique\"},\"image\":{\"@id\":\"https:\/\/tupique.com\/#\/schema\/logo\/image\/\"}}]}<\/script>\n<!-- \/ Yoast SEO plugin. -->","yoast_head_json":{"title":"PC de bureau HP B70YJAT#ABE 16 GB RAM 512 GB SSD Intel Core i5-14500T - Tupique","description":"Vous cherchez PC de bureau HP B70YJAT#ABE 16 GB RAM 512 GB SSD Intel Core i5-14500T ? Achetez des produits chez Tupique. Profitez de la livraison gratuite pour obtenir PC de bureau HP B70YJAT#ABE 16 GB RAM 512 GB SSD Intel Core i5-14500T d\u00e8s maintenant.","robots":{"index":"index","follow":"follow","max-snippet":"max-snippet:-1","max-image-preview":"max-image-preview:large","max-video-preview":"max-video-preview:-1"},"canonical":"https:\/\/tupique.com\/en\/product\/pc-de-bureau-hp-b70yjatabe-16-gb-ram-512-gb-ssd-intel-core-i5-14500t\/","og_locale":"en_GB","og_type":"article","og_title":"PC de bureau HP B70YJAT#ABE 16 GB RAM 512 GB SSD Intel Core i5-14500T - Tupique","og_description":"Vous cherchez PC de bureau HP B70YJAT#ABE 16 GB RAM 512 GB SSD Intel Core i5-14500T ? Achetez des produits chez Tupique. Profitez de la livraison gratuite pour obtenir PC de bureau HP B70YJAT#ABE 16 GB RAM 512 GB SSD Intel Core i5-14500T d\u00e8s maintenant.","og_url":"https:\/\/tupique.com\/en\/product\/pc-de-bureau-hp-b70yjatabe-16-gb-ram-512-gb-ssd-intel-core-i5-14500t\/","og_site_name":"Tupique","article_modified_time":"2026-04-06T14:56:06+00:00","og_image":[{"width":1200,"height":1200,"url":"https:\/\/tupique.com\/wp-content\/uploads\/2026\/04\/0199485673424_S55307520_P00.jpg","type":"image\/jpeg"}],"twitter_card":"summary_large_image","twitter_misc":{"Estimated reading time":"2 minutes"},"schema":{"@context":"https:\/\/schema.org","@graph":[{"@type":"WebPage","@id":"https:\/\/tupique.com\/produit\/pc-de-bureau-hp-b70yjatabe-16-gb-ram-512-gb-ssd-intel-core-i5-14500t\/","url":"https:\/\/tupique.com\/produit\/pc-de-bureau-hp-b70yjatabe-16-gb-ram-512-gb-ssd-intel-core-i5-14500t\/","name":"PC de bureau HP B70YJAT#ABE 16 GB RAM 512 GB SSD Intel Core i5-14500T - Tupique","isPartOf":{"@id":"https:\/\/tupique.com\/#website"},"primaryImageOfPage":{"@id":"https:\/\/tupique.com\/produit\/pc-de-bureau-hp-b70yjatabe-16-gb-ram-512-gb-ssd-intel-core-i5-14500t\/#primaryimage"},"image":{"@id":"https:\/\/tupique.com\/produit\/pc-de-bureau-hp-b70yjatabe-16-gb-ram-512-gb-ssd-intel-core-i5-14500t\/#primaryimage"},"thumbnailUrl":"https:\/\/tupique.com\/wp-content\/uploads\/2026\/04\/0199485673424_S55307520_P00.jpg","datePublished":"2026-04-05T07:57:51+00:00","dateModified":"2026-04-06T14:56:06+00:00","description":"Vous cherchez PC de bureau HP B70YJAT#ABE 16 GB RAM 512 GB SSD Intel Core i5-14500T ? Achetez des produits chez Tupique. Profitez de la livraison gratuite pour obtenir PC de bureau HP B70YJAT#ABE 16 GB RAM 512 GB SSD Intel Core i5-14500T d\u00e8s maintenant.","breadcrumb":{"@id":"https:\/\/tupique.com\/produit\/pc-de-bureau-hp-b70yjatabe-16-gb-ram-512-gb-ssd-intel-core-i5-14500t\/#breadcrumb"},"inLanguage":"en-GB","potentialAction":[{"@type":"ReadAction","target":["https:\/\/tupique.com\/produit\/pc-de-bureau-hp-b70yjatabe-16-gb-ram-512-gb-ssd-intel-core-i5-14500t\/"]}]},{"@type":"ImageObject","inLanguage":"en-GB","@id":"https:\/\/tupique.com\/produit\/pc-de-bureau-hp-b70yjatabe-16-gb-ram-512-gb-ssd-intel-core-i5-14500t\/#primaryimage","url":"https:\/\/tupique.com\/wp-content\/uploads\/2026\/04\/0199485673424_S55307520_P00.jpg","contentUrl":"https:\/\/tupique.com\/wp-content\/uploads\/2026\/04\/0199485673424_S55307520_P00.jpg","width":1200,"height":1200,"caption":"S55307520_0"},{"@type":"BreadcrumbList","@id":"https:\/\/tupique.com\/produit\/pc-de-bureau-hp-b70yjatabe-16-gb-ram-512-gb-ssd-intel-core-i5-14500t\/#breadcrumb","itemListElement":[{"@type":"ListItem","position":1,"name":"In\u00edcio","item":"https:\/\/tupique.com\/"},{"@type":"ListItem","position":2,"name":"Boutique","item":"https:\/\/tupique.com\/en\/boutique\/"},{"@type":"ListItem","position":3,"name":"PC de bureau HP B70YJAT#ABE 16 GB RAM 512 GB SSD Intel Core i5-14500T"}]},{"@type":"WebSite","@id":"https:\/\/tupique.com\/#website","url":"https:\/\/tupique.com\/","name":"Tupique","description":"Marketplace","publisher":{"@id":"https:\/\/tupique.com\/#organization"},"potentialAction":[{"@type":"SearchAction","target":{"@type":"EntryPoint","urlTemplate":"https:\/\/tupique.com\/?s={search_term_string}"},"query-input":{"@type":"PropertyValueSpecification","valueRequired":true,"valueName":"search_term_string"}}],"inLanguage":"en-GB"},{"@type":"Organization","@id":"https:\/\/tupique.com\/#organization","name":"Tupique","url":"https:\/\/tupique.com\/","logo":{"@type":"ImageObject","inLanguage":"en-GB","@id":"https:\/\/tupique.com\/#\/schema\/logo\/image\/","url":"https:\/\/tupique.com\/wp-content\/uploads\/2024\/09\/logo.png","contentUrl":"https:\/\/tupique.com\/wp-content\/uploads\/2024\/09\/logo.png","width":1118,"height":310,"caption":"Tupique"},"image":{"@id":"https:\/\/tupique.com\/#\/schema\/logo\/image\/"}}]}},"jetpack_sharing_enabled":true,"_links":{"self":[{"href":"https:\/\/tupique.com\/en\/wp-json\/wp\/v2\/product\/4379777","targetHints":{"allow":["GET"]}}],"collection":[{"href":"https:\/\/tupique.com\/en\/wp-json\/wp\/v2\/product"}],"about":[{"href":"https:\/\/tupique.com\/en\/wp-json\/wp\/v2\/types\/product"}],"replies":[{"embeddable":true,"href":"https:\/\/tupique.com\/en\/wp-json\/wp\/v2\/comments?post=4379777"}],"wp:featuredmedia":[{"embeddable":true,"href":"https:\/\/tupique.com\/en\/wp-json\/wp\/v2\/media\/4379773"}],"wp:attachment":[{"href":"https:\/\/tupique.com\/en\/wp-json\/wp\/v2\/media?parent=4379777"}],"wp:term":[{"taxonomy":"product_brand","embeddable":true,"href":"https:\/\/tupique.com\/en\/wp-json\/wp\/v2\/product_brand?post=4379777"},{"taxonomy":"product_cat","embeddable":true,"href":"https:\/\/tupique.com\/en\/wp-json\/wp\/v2\/product_cat?post=4379777"},{"taxonomy":"product_tag","embeddable":true,"href":"https:\/\/tupique.com\/en\/wp-json\/wp\/v2\/product_tag?post=4379777"}],"curies":[{"name":"wp","href":"https:\/\/api.w.org\/{rel}","templated":true}]}}