{"id":4379874,"date":"2026-04-05T09:01:49","date_gmt":"2026-04-05T08:01:49","guid":{"rendered":"https:\/\/tupique.com\/produit\/secheuse-candy-gd9n2bs-9-kg\/"},"modified":"2026-04-05T09:01:49","modified_gmt":"2026-04-05T08:01:49","slug":"secheuse-candy-gd9n2bs-9-kg","status":"publish","type":"product","link":"https:\/\/tupique.com\/en\/product\/secheuse-candy-gd9n2bs-9-kg\/","title":{"rendered":"S\u00e9cheuse Candy GD9N2BS 9 kg"},"content":{"rendered":"<p>If you're looking for appliances for your home at the best prices, don't miss out on <b>S\u00e9cheuse Candy GD9N2BS 9 kg<\/b> and a wide selection of quality small electrical appliances!<\/p>\n<ul>\n<li>Plug-in product: Yes<\/li>\n<li>Socket type: EU socket<\/li>\n<li>Type: S\u00e9cheuse<\/li>\n<li>Bloc d\u2019Alimentation: r\u00e9seau \u00e9lectrique<\/li>\n<li>Colour: White<\/li>\n<li>Classification \u00e9nerg\u00e9tique: D<\/li>\n<li>Capacit\u00e9: 9 kg<\/li>\n<li>Width:\n<ul>\n<li>65 cm<\/li>\n<li>59.5 cm<\/li>\n<\/ul>\n<\/li>\n<li>Features:\n<ul>\n<li>Integrated screen<\/li>\n<li>Voyant lumineux<\/li>\n<\/ul>\n<\/li>\n<li>Direction d&#8217;ouverture: Droite<\/li>\n<li>Type de charge: Frontal<\/li>\n<li>Type de commande: Plaque Tournante<\/li>\n<li>Niveau sonore: 65 dB<\/li>\n<li>Voltage: 220-240 V<\/li>\n<\/ul>","protected":false},"excerpt":{"rendered":"<p><span class=\"unit-info\">67.3322 &euro; \/ 1 kg<\/span><\/p>","protected":false},"featured_media":4379869,"comment_status":"open","ping_status":"closed","template":"","meta":{"_joinchat":[]},"product_brand":[158087],"product_cat":[157535,157624,157802],"product_tag":[],"class_list":{"0":"post-4379874","1":"product","2":"type-product","3":"status-publish","4":"has-post-thumbnail","6":"product_brand-brandp_1688","7":"product_cat-maison-jardin","8":"product_cat-nettoyage-aspirateur-et-repassage","9":"product_cat-seche-linge-fers-a-repasser-sechoirs","11":"first","12":"instock","13":"taxable","14":"shipping-taxable","15":"purchasable","16":"product-type-simple"},"yoast_head":"<!-- This site is optimized with the Yoast SEO plugin v27.2 - https:\/\/yoast.com\/product\/yoast-seo-wordpress\/ -->\n<title>S\u00e9cheuse Candy GD9N2BS 9 kg - Tupique<\/title>\n<meta name=\"description\" content=\"Vous cherchez S\u00e9cheuse Candy GD9N2BS 9 kg ? Achetez des produits chez Tupique. Profitez de la livraison gratuite pour obtenir S\u00e9cheuse Candy GD9N2BS 9 kg d\u00e8s maintenant.\" \/>\n<meta name=\"robots\" content=\"index, follow, max-snippet:-1, max-image-preview:large, max-video-preview:-1\" \/>\n<link rel=\"canonical\" href=\"https:\/\/tupique.com\/en\/product\/secheuse-candy-gd9n2bs-9-kg\/\" \/>\n<meta property=\"og:locale\" content=\"en_GB\" \/>\n<meta property=\"og:type\" content=\"article\" \/>\n<meta property=\"og:title\" content=\"S\u00e9cheuse Candy GD9N2BS 9 kg - Tupique\" \/>\n<meta property=\"og:description\" content=\"Vous cherchez S\u00e9cheuse Candy GD9N2BS 9 kg ? Achetez des produits chez Tupique. Profitez de la livraison gratuite pour obtenir S\u00e9cheuse Candy GD9N2BS 9 kg d\u00e8s maintenant.\" \/>\n<meta property=\"og:url\" content=\"https:\/\/tupique.com\/en\/product\/secheuse-candy-gd9n2bs-9-kg\/\" \/>\n<meta property=\"og:site_name\" content=\"Tupique\" \/>\n<meta name=\"twitter:card\" content=\"summary_large_image\" \/>\n<script type=\"application\/ld+json\" class=\"yoast-schema-graph\">{\"@context\":\"https:\/\/schema.org\",\"@graph\":[{\"@type\":\"WebPage\",\"@id\":\"https:\/\/tupique.com\/produit\/secheuse-candy-gd9n2bs-9-kg\/\",\"url\":\"https:\/\/tupique.com\/produit\/secheuse-candy-gd9n2bs-9-kg\/\",\"name\":\"S\u00e9cheuse Candy GD9N2BS 9 kg - Tupique\",\"isPartOf\":{\"@id\":\"https:\/\/tupique.com\/#website\"},\"primaryImageOfPage\":{\"@id\":\"https:\/\/tupique.com\/produit\/secheuse-candy-gd9n2bs-9-kg\/#primaryimage\"},\"image\":{\"@id\":\"https:\/\/tupique.com\/produit\/secheuse-candy-gd9n2bs-9-kg\/#primaryimage\"},\"thumbnailUrl\":\"https:\/\/tupique.com\/wp-content\/uploads\/2026\/04\/8059019115122_I00.jpg\",\"datePublished\":\"2026-04-05T08:01:49+00:00\",\"description\":\"Vous cherchez S\u00e9cheuse Candy GD9N2BS 9 kg ? Achetez des produits chez Tupique. Profitez de la livraison gratuite pour obtenir S\u00e9cheuse Candy GD9N2BS 9 kg d\u00e8s maintenant.\",\"breadcrumb\":{\"@id\":\"https:\/\/tupique.com\/produit\/secheuse-candy-gd9n2bs-9-kg\/#breadcrumb\"},\"inLanguage\":\"en-GB\",\"potentialAction\":[{\"@type\":\"ReadAction\",\"target\":[\"https:\/\/tupique.com\/produit\/secheuse-candy-gd9n2bs-9-kg\/\"]}]},{\"@type\":\"ImageObject\",\"inLanguage\":\"en-GB\",\"@id\":\"https:\/\/tupique.com\/produit\/secheuse-candy-gd9n2bs-9-kg\/#primaryimage\",\"url\":\"https:\/\/tupique.com\/wp-content\/uploads\/2026\/04\/8059019115122_I00.jpg\",\"contentUrl\":\"https:\/\/tupique.com\/wp-content\/uploads\/2026\/04\/8059019115122_I00.jpg\",\"width\":1200,\"height\":1200,\"caption\":\"S0466407_0\"},{\"@type\":\"BreadcrumbList\",\"@id\":\"https:\/\/tupique.com\/produit\/secheuse-candy-gd9n2bs-9-kg\/#breadcrumb\",\"itemListElement\":[{\"@type\":\"ListItem\",\"position\":1,\"name\":\"In\u00edcio\",\"item\":\"https:\/\/tupique.com\/\"},{\"@type\":\"ListItem\",\"position\":2,\"name\":\"Boutique\",\"item\":\"https:\/\/tupique.com\/en\/boutique\/\"},{\"@type\":\"ListItem\",\"position\":3,\"name\":\"S\u00e9cheuse Candy GD9N2BS 9 kg\"}]},{\"@type\":\"WebSite\",\"@id\":\"https:\/\/tupique.com\/#website\",\"url\":\"https:\/\/tupique.com\/\",\"name\":\"Tupique\",\"description\":\"Marketplace\",\"publisher\":{\"@id\":\"https:\/\/tupique.com\/#organization\"},\"potentialAction\":[{\"@type\":\"SearchAction\",\"target\":{\"@type\":\"EntryPoint\",\"urlTemplate\":\"https:\/\/tupique.com\/?s={search_term_string}\"},\"query-input\":{\"@type\":\"PropertyValueSpecification\",\"valueRequired\":true,\"valueName\":\"search_term_string\"}}],\"inLanguage\":\"en-GB\"},{\"@type\":\"Organization\",\"@id\":\"https:\/\/tupique.com\/#organization\",\"name\":\"Tupique\",\"url\":\"https:\/\/tupique.com\/\",\"logo\":{\"@type\":\"ImageObject\",\"inLanguage\":\"en-GB\",\"@id\":\"https:\/\/tupique.com\/#\/schema\/logo\/image\/\",\"url\":\"https:\/\/tupique.com\/wp-content\/uploads\/2024\/09\/logo.png\",\"contentUrl\":\"https:\/\/tupique.com\/wp-content\/uploads\/2024\/09\/logo.png\",\"width\":1118,\"height\":310,\"caption\":\"Tupique\"},\"image\":{\"@id\":\"https:\/\/tupique.com\/#\/schema\/logo\/image\/\"}}]}<\/script>\n<!-- \/ Yoast SEO plugin. -->","yoast_head_json":{"title":"S\u00e9cheuse Candy GD9N2BS 9 kg - Tupique","description":"Vous cherchez S\u00e9cheuse Candy GD9N2BS 9 kg ? Achetez des produits chez Tupique. Profitez de la livraison gratuite pour obtenir S\u00e9cheuse Candy GD9N2BS 9 kg d\u00e8s maintenant.","robots":{"index":"index","follow":"follow","max-snippet":"max-snippet:-1","max-image-preview":"max-image-preview:large","max-video-preview":"max-video-preview:-1"},"canonical":"https:\/\/tupique.com\/en\/product\/secheuse-candy-gd9n2bs-9-kg\/","og_locale":"en_GB","og_type":"article","og_title":"S\u00e9cheuse Candy GD9N2BS 9 kg - Tupique","og_description":"Vous cherchez S\u00e9cheuse Candy GD9N2BS 9 kg ? Achetez des produits chez Tupique. Profitez de la livraison gratuite pour obtenir S\u00e9cheuse Candy GD9N2BS 9 kg d\u00e8s maintenant.","og_url":"https:\/\/tupique.com\/en\/product\/secheuse-candy-gd9n2bs-9-kg\/","og_site_name":"Tupique","twitter_card":"summary_large_image","schema":{"@context":"https:\/\/schema.org","@graph":[{"@type":"WebPage","@id":"https:\/\/tupique.com\/produit\/secheuse-candy-gd9n2bs-9-kg\/","url":"https:\/\/tupique.com\/produit\/secheuse-candy-gd9n2bs-9-kg\/","name":"S\u00e9cheuse Candy GD9N2BS 9 kg - Tupique","isPartOf":{"@id":"https:\/\/tupique.com\/#website"},"primaryImageOfPage":{"@id":"https:\/\/tupique.com\/produit\/secheuse-candy-gd9n2bs-9-kg\/#primaryimage"},"image":{"@id":"https:\/\/tupique.com\/produit\/secheuse-candy-gd9n2bs-9-kg\/#primaryimage"},"thumbnailUrl":"https:\/\/tupique.com\/wp-content\/uploads\/2026\/04\/8059019115122_I00.jpg","datePublished":"2026-04-05T08:01:49+00:00","description":"Vous cherchez S\u00e9cheuse Candy GD9N2BS 9 kg ? Achetez des produits chez Tupique. Profitez de la livraison gratuite pour obtenir S\u00e9cheuse Candy GD9N2BS 9 kg d\u00e8s maintenant.","breadcrumb":{"@id":"https:\/\/tupique.com\/produit\/secheuse-candy-gd9n2bs-9-kg\/#breadcrumb"},"inLanguage":"en-GB","potentialAction":[{"@type":"ReadAction","target":["https:\/\/tupique.com\/produit\/secheuse-candy-gd9n2bs-9-kg\/"]}]},{"@type":"ImageObject","inLanguage":"en-GB","@id":"https:\/\/tupique.com\/produit\/secheuse-candy-gd9n2bs-9-kg\/#primaryimage","url":"https:\/\/tupique.com\/wp-content\/uploads\/2026\/04\/8059019115122_I00.jpg","contentUrl":"https:\/\/tupique.com\/wp-content\/uploads\/2026\/04\/8059019115122_I00.jpg","width":1200,"height":1200,"caption":"S0466407_0"},{"@type":"BreadcrumbList","@id":"https:\/\/tupique.com\/produit\/secheuse-candy-gd9n2bs-9-kg\/#breadcrumb","itemListElement":[{"@type":"ListItem","position":1,"name":"In\u00edcio","item":"https:\/\/tupique.com\/"},{"@type":"ListItem","position":2,"name":"Boutique","item":"https:\/\/tupique.com\/en\/boutique\/"},{"@type":"ListItem","position":3,"name":"S\u00e9cheuse Candy GD9N2BS 9 kg"}]},{"@type":"WebSite","@id":"https:\/\/tupique.com\/#website","url":"https:\/\/tupique.com\/","name":"Tupique","description":"Marketplace","publisher":{"@id":"https:\/\/tupique.com\/#organization"},"potentialAction":[{"@type":"SearchAction","target":{"@type":"EntryPoint","urlTemplate":"https:\/\/tupique.com\/?s={search_term_string}"},"query-input":{"@type":"PropertyValueSpecification","valueRequired":true,"valueName":"search_term_string"}}],"inLanguage":"en-GB"},{"@type":"Organization","@id":"https:\/\/tupique.com\/#organization","name":"Tupique","url":"https:\/\/tupique.com\/","logo":{"@type":"ImageObject","inLanguage":"en-GB","@id":"https:\/\/tupique.com\/#\/schema\/logo\/image\/","url":"https:\/\/tupique.com\/wp-content\/uploads\/2024\/09\/logo.png","contentUrl":"https:\/\/tupique.com\/wp-content\/uploads\/2024\/09\/logo.png","width":1118,"height":310,"caption":"Tupique"},"image":{"@id":"https:\/\/tupique.com\/#\/schema\/logo\/image\/"}}]}},"jetpack_sharing_enabled":true,"_links":{"self":[{"href":"https:\/\/tupique.com\/en\/wp-json\/wp\/v2\/product\/4379874","targetHints":{"allow":["GET"]}}],"collection":[{"href":"https:\/\/tupique.com\/en\/wp-json\/wp\/v2\/product"}],"about":[{"href":"https:\/\/tupique.com\/en\/wp-json\/wp\/v2\/types\/product"}],"replies":[{"embeddable":true,"href":"https:\/\/tupique.com\/en\/wp-json\/wp\/v2\/comments?post=4379874"}],"wp:featuredmedia":[{"embeddable":true,"href":"https:\/\/tupique.com\/en\/wp-json\/wp\/v2\/media\/4379869"}],"wp:attachment":[{"href":"https:\/\/tupique.com\/en\/wp-json\/wp\/v2\/media?parent=4379874"}],"wp:term":[{"taxonomy":"product_brand","embeddable":true,"href":"https:\/\/tupique.com\/en\/wp-json\/wp\/v2\/product_brand?post=4379874"},{"taxonomy":"product_cat","embeddable":true,"href":"https:\/\/tupique.com\/en\/wp-json\/wp\/v2\/product_cat?post=4379874"},{"taxonomy":"product_tag","embeddable":true,"href":"https:\/\/tupique.com\/en\/wp-json\/wp\/v2\/product_tag?post=4379874"}],"curies":[{"name":"wp","href":"https:\/\/api.w.org\/{rel}","templated":true}]}}