{"id":4379892,"date":"2026-04-05T09:02:14","date_gmt":"2026-04-05T08:02:14","guid":{"rendered":"https:\/\/tupique.com\/produit\/serveur-hpe-p87464-425-32-gb-ram-480-gb-ssd\/"},"modified":"2026-04-05T09:02:14","modified_gmt":"2026-04-05T08:02:14","slug":"serveur-hpe-p87464-425-32-gb-ram-480-gb-ssd","status":"publish","type":"product","link":"https:\/\/tupique.com\/en\/product\/serveur-hpe-p87464-425-32-gb-ram-480-gb-ssd\/","title":{"rendered":"Serveur HPE P87464-425 32 GB RAM 480 GB SSD"},"content":{"rendered":"<p>If you're looking for the latest trends on the market, we've got you covered. <b>Serveur HPE P87464-425 32 GB RAM 480 GB SSD<\/b> !<\/p>\n<ul>\n<li>Type: Serveur<\/li>\n<li>Plug-in product: Yes<\/li>\n<li>Bloc d\u2019Alimentation:\n<ul>\n<li>r\u00e9seau \u00e9lectrique<\/li>\n<li>1000 W<\/li>\n<li>1000 V<\/li>\n<\/ul>\n<\/li>\n<li>Connections:\n<ul>\n<li>Ethernet LAN<\/li>\n<li>RJ45<\/li>\n<\/ul>\n<\/li>\n<li>M\u00e9moire RAM: 32 GB RAM<\/li>\n<li>Type de m\u00e9moire: DDR5 SDRAM<\/li>\n<li>Interface: Gigabit Ethernet<\/li>\n<li>Cache: 12 MB<\/li>\n<li>Disque dur: 480 GB SSD<\/li>\n<li>Connectivit\u00e9: Ethernet LAN<\/li>\n<li>Fr\u00e9quence: 3,5 GHz<\/li>\n<li>Cores: 4 Cores<\/li>\n<li>Processor family:\n<ul>\n<li>Intel Xeon<\/li>\n<li>Intel<\/li>\n<\/ul>\n<\/li>\n<\/ul>","protected":false},"excerpt":{"rendered":"<p>Si vous \u00eates \u00e0 la recherche de nouvelles tendances sur le march\u00e9, nous vous pr\u00e9sentons Serveur HPE P87464-425 32 GB<\/p>","protected":false},"featured_media":4379886,"comment_status":"open","ping_status":"closed","template":"","meta":{"_joinchat":[]},"product_brand":[157889],"product_cat":[157516,157583,157888],"product_tag":[157515],"class_list":{"0":"post-4379892","1":"product","2":"type-product","3":"status-publish","4":"has-post-thumbnail","6":"product_brand-brandp_662","7":"product_cat-informatique-electronique","8":"product_cat-informatique-ordinateurs","9":"product_cat-serveurs","10":"product_tag-tag_1295","12":"first","13":"instock","14":"taxable","15":"shipping-taxable","16":"purchasable","17":"product-type-simple"},"yoast_head":"<!-- This site is optimized with the Yoast SEO plugin v27.2 - https:\/\/yoast.com\/product\/yoast-seo-wordpress\/ -->\n<title>Serveur HPE P87464-425 32 GB RAM 480 GB SSD - Tupique<\/title>\n<meta name=\"description\" content=\"Vous cherchez Serveur HPE P87464-425 32 GB RAM 480 GB SSD ? Achetez des produits chez Tupique. Profitez de la livraison gratuite pour obtenir Serveur HPE P87464-425 32 GB RAM 480 GB SSD d\u00e8s maintenant.\" \/>\n<meta name=\"robots\" content=\"index, follow, max-snippet:-1, max-image-preview:large, max-video-preview:-1\" \/>\n<link rel=\"canonical\" href=\"https:\/\/tupique.com\/en\/product\/serveur-hpe-p87464-425-32-gb-ram-480-gb-ssd\/\" \/>\n<meta property=\"og:locale\" content=\"en_GB\" \/>\n<meta property=\"og:type\" content=\"article\" \/>\n<meta property=\"og:title\" content=\"Serveur HPE P87464-425 32 GB RAM 480 GB SSD - Tupique\" \/>\n<meta property=\"og:description\" content=\"Vous cherchez Serveur HPE P87464-425 32 GB RAM 480 GB SSD ? Achetez des produits chez Tupique. Profitez de la livraison gratuite pour obtenir Serveur HPE P87464-425 32 GB RAM 480 GB SSD d\u00e8s maintenant.\" \/>\n<meta property=\"og:url\" content=\"https:\/\/tupique.com\/en\/product\/serveur-hpe-p87464-425-32-gb-ram-480-gb-ssd\/\" \/>\n<meta property=\"og:site_name\" content=\"Tupique\" \/>\n<meta name=\"twitter:card\" content=\"summary_large_image\" \/>\n<script type=\"application\/ld+json\" class=\"yoast-schema-graph\">{\"@context\":\"https:\/\/schema.org\",\"@graph\":[{\"@type\":\"WebPage\",\"@id\":\"https:\/\/tupique.com\/produit\/serveur-hpe-p87464-425-32-gb-ram-480-gb-ssd\/\",\"url\":\"https:\/\/tupique.com\/produit\/serveur-hpe-p87464-425-32-gb-ram-480-gb-ssd\/\",\"name\":\"Serveur HPE P87464-425 32 GB RAM 480 GB SSD - Tupique\",\"isPartOf\":{\"@id\":\"https:\/\/tupique.com\/#website\"},\"primaryImageOfPage\":{\"@id\":\"https:\/\/tupique.com\/produit\/serveur-hpe-p87464-425-32-gb-ram-480-gb-ssd\/#primaryimage\"},\"image\":{\"@id\":\"https:\/\/tupique.com\/produit\/serveur-hpe-p87464-425-32-gb-ram-480-gb-ssd\/#primaryimage\"},\"thumbnailUrl\":\"https:\/\/tupique.com\/wp-content\/uploads\/2026\/04\/0190017826370_S55313698_P00.jpg\",\"datePublished\":\"2026-04-05T08:02:14+00:00\",\"description\":\"Vous cherchez Serveur HPE P87464-425 32 GB RAM 480 GB SSD ? Achetez des produits chez Tupique. Profitez de la livraison gratuite pour obtenir Serveur HPE P87464-425 32 GB RAM 480 GB SSD d\u00e8s maintenant.\",\"breadcrumb\":{\"@id\":\"https:\/\/tupique.com\/produit\/serveur-hpe-p87464-425-32-gb-ram-480-gb-ssd\/#breadcrumb\"},\"inLanguage\":\"en-GB\",\"potentialAction\":[{\"@type\":\"ReadAction\",\"target\":[\"https:\/\/tupique.com\/produit\/serveur-hpe-p87464-425-32-gb-ram-480-gb-ssd\/\"]}]},{\"@type\":\"ImageObject\",\"inLanguage\":\"en-GB\",\"@id\":\"https:\/\/tupique.com\/produit\/serveur-hpe-p87464-425-32-gb-ram-480-gb-ssd\/#primaryimage\",\"url\":\"https:\/\/tupique.com\/wp-content\/uploads\/2026\/04\/0190017826370_S55313698_P00.jpg\",\"contentUrl\":\"https:\/\/tupique.com\/wp-content\/uploads\/2026\/04\/0190017826370_S55313698_P00.jpg\",\"width\":1200,\"height\":1200,\"caption\":\"S55313698_0\"},{\"@type\":\"BreadcrumbList\",\"@id\":\"https:\/\/tupique.com\/produit\/serveur-hpe-p87464-425-32-gb-ram-480-gb-ssd\/#breadcrumb\",\"itemListElement\":[{\"@type\":\"ListItem\",\"position\":1,\"name\":\"In\u00edcio\",\"item\":\"https:\/\/tupique.com\/\"},{\"@type\":\"ListItem\",\"position\":2,\"name\":\"Boutique\",\"item\":\"https:\/\/tupique.com\/en\/boutique\/\"},{\"@type\":\"ListItem\",\"position\":3,\"name\":\"Serveur HPE P87464-425 32 GB RAM 480 GB SSD\"}]},{\"@type\":\"WebSite\",\"@id\":\"https:\/\/tupique.com\/#website\",\"url\":\"https:\/\/tupique.com\/\",\"name\":\"Tupique\",\"description\":\"Marketplace\",\"publisher\":{\"@id\":\"https:\/\/tupique.com\/#organization\"},\"potentialAction\":[{\"@type\":\"SearchAction\",\"target\":{\"@type\":\"EntryPoint\",\"urlTemplate\":\"https:\/\/tupique.com\/?s={search_term_string}\"},\"query-input\":{\"@type\":\"PropertyValueSpecification\",\"valueRequired\":true,\"valueName\":\"search_term_string\"}}],\"inLanguage\":\"en-GB\"},{\"@type\":\"Organization\",\"@id\":\"https:\/\/tupique.com\/#organization\",\"name\":\"Tupique\",\"url\":\"https:\/\/tupique.com\/\",\"logo\":{\"@type\":\"ImageObject\",\"inLanguage\":\"en-GB\",\"@id\":\"https:\/\/tupique.com\/#\/schema\/logo\/image\/\",\"url\":\"https:\/\/tupique.com\/wp-content\/uploads\/2024\/09\/logo.png\",\"contentUrl\":\"https:\/\/tupique.com\/wp-content\/uploads\/2024\/09\/logo.png\",\"width\":1118,\"height\":310,\"caption\":\"Tupique\"},\"image\":{\"@id\":\"https:\/\/tupique.com\/#\/schema\/logo\/image\/\"}}]}<\/script>\n<!-- \/ Yoast SEO plugin. -->","yoast_head_json":{"title":"Serveur HPE P87464-425 32 GB RAM 480 GB SSD - Tupique","description":"Vous cherchez Serveur HPE P87464-425 32 GB RAM 480 GB SSD ? Achetez des produits chez Tupique. Profitez de la livraison gratuite pour obtenir Serveur HPE P87464-425 32 GB RAM 480 GB SSD d\u00e8s maintenant.","robots":{"index":"index","follow":"follow","max-snippet":"max-snippet:-1","max-image-preview":"max-image-preview:large","max-video-preview":"max-video-preview:-1"},"canonical":"https:\/\/tupique.com\/en\/product\/serveur-hpe-p87464-425-32-gb-ram-480-gb-ssd\/","og_locale":"en_GB","og_type":"article","og_title":"Serveur HPE P87464-425 32 GB RAM 480 GB SSD - Tupique","og_description":"Vous cherchez Serveur HPE P87464-425 32 GB RAM 480 GB SSD ? Achetez des produits chez Tupique. Profitez de la livraison gratuite pour obtenir Serveur HPE P87464-425 32 GB RAM 480 GB SSD d\u00e8s maintenant.","og_url":"https:\/\/tupique.com\/en\/product\/serveur-hpe-p87464-425-32-gb-ram-480-gb-ssd\/","og_site_name":"Tupique","twitter_card":"summary_large_image","schema":{"@context":"https:\/\/schema.org","@graph":[{"@type":"WebPage","@id":"https:\/\/tupique.com\/produit\/serveur-hpe-p87464-425-32-gb-ram-480-gb-ssd\/","url":"https:\/\/tupique.com\/produit\/serveur-hpe-p87464-425-32-gb-ram-480-gb-ssd\/","name":"Serveur HPE P87464-425 32 GB RAM 480 GB SSD - Tupique","isPartOf":{"@id":"https:\/\/tupique.com\/#website"},"primaryImageOfPage":{"@id":"https:\/\/tupique.com\/produit\/serveur-hpe-p87464-425-32-gb-ram-480-gb-ssd\/#primaryimage"},"image":{"@id":"https:\/\/tupique.com\/produit\/serveur-hpe-p87464-425-32-gb-ram-480-gb-ssd\/#primaryimage"},"thumbnailUrl":"https:\/\/tupique.com\/wp-content\/uploads\/2026\/04\/0190017826370_S55313698_P00.jpg","datePublished":"2026-04-05T08:02:14+00:00","description":"Vous cherchez Serveur HPE P87464-425 32 GB RAM 480 GB SSD ? Achetez des produits chez Tupique. Profitez de la livraison gratuite pour obtenir Serveur HPE P87464-425 32 GB RAM 480 GB SSD d\u00e8s maintenant.","breadcrumb":{"@id":"https:\/\/tupique.com\/produit\/serveur-hpe-p87464-425-32-gb-ram-480-gb-ssd\/#breadcrumb"},"inLanguage":"en-GB","potentialAction":[{"@type":"ReadAction","target":["https:\/\/tupique.com\/produit\/serveur-hpe-p87464-425-32-gb-ram-480-gb-ssd\/"]}]},{"@type":"ImageObject","inLanguage":"en-GB","@id":"https:\/\/tupique.com\/produit\/serveur-hpe-p87464-425-32-gb-ram-480-gb-ssd\/#primaryimage","url":"https:\/\/tupique.com\/wp-content\/uploads\/2026\/04\/0190017826370_S55313698_P00.jpg","contentUrl":"https:\/\/tupique.com\/wp-content\/uploads\/2026\/04\/0190017826370_S55313698_P00.jpg","width":1200,"height":1200,"caption":"S55313698_0"},{"@type":"BreadcrumbList","@id":"https:\/\/tupique.com\/produit\/serveur-hpe-p87464-425-32-gb-ram-480-gb-ssd\/#breadcrumb","itemListElement":[{"@type":"ListItem","position":1,"name":"In\u00edcio","item":"https:\/\/tupique.com\/"},{"@type":"ListItem","position":2,"name":"Boutique","item":"https:\/\/tupique.com\/en\/boutique\/"},{"@type":"ListItem","position":3,"name":"Serveur HPE P87464-425 32 GB RAM 480 GB SSD"}]},{"@type":"WebSite","@id":"https:\/\/tupique.com\/#website","url":"https:\/\/tupique.com\/","name":"Tupique","description":"Marketplace","publisher":{"@id":"https:\/\/tupique.com\/#organization"},"potentialAction":[{"@type":"SearchAction","target":{"@type":"EntryPoint","urlTemplate":"https:\/\/tupique.com\/?s={search_term_string}"},"query-input":{"@type":"PropertyValueSpecification","valueRequired":true,"valueName":"search_term_string"}}],"inLanguage":"en-GB"},{"@type":"Organization","@id":"https:\/\/tupique.com\/#organization","name":"Tupique","url":"https:\/\/tupique.com\/","logo":{"@type":"ImageObject","inLanguage":"en-GB","@id":"https:\/\/tupique.com\/#\/schema\/logo\/image\/","url":"https:\/\/tupique.com\/wp-content\/uploads\/2024\/09\/logo.png","contentUrl":"https:\/\/tupique.com\/wp-content\/uploads\/2024\/09\/logo.png","width":1118,"height":310,"caption":"Tupique"},"image":{"@id":"https:\/\/tupique.com\/#\/schema\/logo\/image\/"}}]}},"jetpack_sharing_enabled":true,"_links":{"self":[{"href":"https:\/\/tupique.com\/en\/wp-json\/wp\/v2\/product\/4379892","targetHints":{"allow":["GET"]}}],"collection":[{"href":"https:\/\/tupique.com\/en\/wp-json\/wp\/v2\/product"}],"about":[{"href":"https:\/\/tupique.com\/en\/wp-json\/wp\/v2\/types\/product"}],"replies":[{"embeddable":true,"href":"https:\/\/tupique.com\/en\/wp-json\/wp\/v2\/comments?post=4379892"}],"wp:featuredmedia":[{"embeddable":true,"href":"https:\/\/tupique.com\/en\/wp-json\/wp\/v2\/media\/4379886"}],"wp:attachment":[{"href":"https:\/\/tupique.com\/en\/wp-json\/wp\/v2\/media?parent=4379892"}],"wp:term":[{"taxonomy":"product_brand","embeddable":true,"href":"https:\/\/tupique.com\/en\/wp-json\/wp\/v2\/product_brand?post=4379892"},{"taxonomy":"product_cat","embeddable":true,"href":"https:\/\/tupique.com\/en\/wp-json\/wp\/v2\/product_cat?post=4379892"},{"taxonomy":"product_tag","embeddable":true,"href":"https:\/\/tupique.com\/en\/wp-json\/wp\/v2\/product_tag?post=4379892"}],"curies":[{"name":"wp","href":"https:\/\/api.w.org\/{rel}","templated":true}]}}