{"id":4379957,"date":"2026-04-05T09:03:37","date_gmt":"2026-04-05T08:03:37","guid":{"rendered":"https:\/\/tupique.com\/produit\/tablette-apple-mcnl4ty-a-13-octa-core-8-gb-ram-128-gb-pourpre\/"},"modified":"2026-04-05T09:03:37","modified_gmt":"2026-04-05T08:03:37","slug":"tablette-apple-mcnl4ty-a-13-octa-core-8-gb-ram-128-gb-pourpre","status":"publish","type":"product","link":"https:\/\/tupique.com\/en\/product\/tablette-apple-mcnl4ty-a-13-octa-core-8-gb-ram-128-gb-pourpre\/","title":{"rendered":"Tablette Apple MCNL4TY\/A 13&#8243; Octa Core 8 GB RAM 128 GB Pourpre"},"content":{"rendered":"<p>If you are passionate about\u2019<b>computer science and electronics<\/b>, If you're at the cutting edge of technology and don't want to miss a thing, buy <b>Tablette Apple MCNL4TY\/A 13&#8243; Octa Core 8 GB RAM 128 GB Pourpre<\/b> at the best price.<\/p>\n<p>L\u2019<b>iPad Air<\/b> from Apple is a <b>tablet<\/b> avanc\u00e9e qui se distingue par son \u00e9quilibre entre puissance, portabilit\u00e9 et polyvalence, id\u00e9ale aussi bien pour un usage personnel que professionnel. Son <b>\u00e9cran de 13 pouces<\/b> offre une exp\u00e9rience visuelle large et immersive, parfaite pour l\u2019\u00e9dition de documents, la consommation de contenus multim\u00e9dias et les t\u00e2ches cr\u00e9atives. Il est \u00e9quip\u00e9 de <b>8 GB RAM memory<\/b>, permettant de travailler avec des applications exigeantes et d\u2019assurer un multit\u00e2che fluide, ainsi que de <b>128 Go de stockage interne<\/b> pour conserver photos, vid\u00e9os et fichiers importants sans souci d\u2019espace. Disponible en \u00e9l\u00e9gant <b>grey<\/b> et dans une finition <b>violet<\/b> distinctive, chaque mod\u00e8le poss\u00e8de un ch\u00e2ssis robuste en <b>aluminium<\/b> qui garantit l\u00e9g\u00e8ret\u00e9 et durabilit\u00e9. Il int\u00e8gre un <b>appareil photo de 12 MP<\/b> pour capturer des images de haute qualit\u00e9 et r\u00e9aliser des appels vid\u00e9o nets, compl\u00e9t\u00e9 par une <b>front camera<\/b> optimis\u00e9e pour les r\u00e9unions en ligne et les selfies. Le <b>microphone int\u00e9gr\u00e9<\/b> am\u00e9liore la clart\u00e9 sonore lors des enregistrements et des conf\u00e9rences. Parmi ses fonctionnalit\u00e9s, on retrouve \u00e9galement la prise en charge du flash, facilitant la prise de photos en faible luminosit\u00e9. L\u2019iPad Air offre des performances fiables et une grande autonomie, se positionnant comme un outil polyvalent pour ceux qui appr\u00e9cient la qualit\u00e9, le design embl\u00e9matique d\u2019Apple et l\u2019efficacit\u00e9 en mobilit\u00e9.<\/p>\n<ul>\n<li>Type:\n<ul>\n<li>Tablet<\/li>\n<li>Flash<\/li>\n<\/ul>\n<\/li>\n<li>Socket type: EU socket<\/li>\n<li>Plug-in product: Yes<\/li>\n<li>Colour:\n<ul>\n<li>Grey<\/li>\n<li>Violet<\/li>\n<li>Mauve<\/li>\n<li>Pourpre<\/li>\n<\/ul>\n<\/li>\n<li>Formats: AAC<\/li>\n<li>Features:\n<ul>\n<li>Wi-Fi<\/li>\n<li>Ambient light sensor<\/li>\n<li>Front camera<\/li>\n<li>Built-in microphone<\/li>\n<li>Autofocus<\/li>\n<li>2 loudspeakers<\/li>\n<li>4 loudspeakers<\/li>\n<li>Fingerprint reader<\/li>\n<li>Electronic compass<\/li>\n<li>Screen with rounded corners<\/li>\n<\/ul>\n<\/li>\n<li>Interface: Wi-Fi<\/li>\n<li>Bloc d\u2019Alimentation:\n<ul>\n<li>r\u00e9seau \u00e9lectrique<\/li>\n<li>USB<\/li>\n<\/ul>\n<\/li>\n<li>Connections:\n<ul>\n<li>USB-C<\/li>\n<li>USB-C 3.2 Gen 2 (3.1 Gen 2)<\/li>\n<\/ul>\n<\/li>\n<li>Camera:\n<ul>\n<li>12 mpx<\/li>\n<li>12 MP<\/li>\n<li>Rear<\/li>\n<\/ul>\n<\/li>\n<li>Connectivity:\n<ul>\n<li>Wi-Fi<\/li>\n<li>Bluetooth<\/li>\n<li>GPS<\/li>\n<li>6 GHz Wi-Fi<\/li>\n<li>Bluetooth 5.3<\/li>\n<\/ul>\n<\/li>\n<li>Operating system:\n<ul>\n<li>iPadOS<\/li>\n<li>iOS<\/li>\n<\/ul>\n<\/li>\n<li>Ecran: 13&#8243;<\/li>\n<li>Processor:\n<ul>\n<li>Octa Core<\/li>\n<li>M3<\/li>\n<\/ul>\n<\/li>\n<li>RAM memory: 8 GB RAM<\/li>\n<li>M\u00e9moire interne: 128 GB<\/li>\n<li>Material: Aluminium<\/li>\n<li>Functions:\n<ul>\n<li>Barometer<\/li>\n<li>Accelerometer<\/li>\n<li>Geolocation<\/li>\n<\/ul>\n<\/li>\n<li>Classification \u00e9nerg\u00e9tique: G<\/li>\n<li>Aperture: F\/1.8<\/li>\n<li>Technology:\n<ul>\n<li>LED<\/li>\n<li>IPS<\/li>\n<li>Mime<\/li>\n<\/ul>\n<\/li>\n<li>Non Inclus:\n<ul>\n<li>Adaptateur AC<\/li>\n<li>Mobile network connection<\/li>\n<\/ul>\n<\/li>\n<li>R\u00e9solution: 2732 x 2048 px<\/li>\n<li>Certificate: ENERGY STAR<\/li>\n<li>Compatible: iPadOS<\/li>\n<li>Battery type: Litio Ion<\/li>\n<li>Cores:\n<ul>\n<li>8 Cores<\/li>\n<li>16 Cores<\/li>\n<\/ul>\n<\/li>\n<li>Resolution (px):\n<ul>\n<li>3840 x 2160 px<\/li>\n<li>2160 px<\/li>\n<\/ul>\n<\/li>\n<li>Diagonale de l&#8217;\u00e9cran (cm): 33 cm<\/li>\n<li>Approx. operating time: 10 hours<\/li>\n<li>Dispositif intelligent: Apple Intelligence<\/li>\n<\/ul>","protected":false},"excerpt":{"rendered":"<p>Si vous \u00eates passionn\u00e9 d&#8217;informatique et d&#8217;\u00e9lectronique, si vous \u00eates \u00e0 la pointe de la technologie et qu&#8217;aucun d\u00e9tail ne<\/p>","protected":false},"featured_media":4379935,"comment_status":"open","ping_status":"closed","template":"","meta":{"_joinchat":[]},"product_brand":[157892],"product_cat":[157523,157516,157560],"product_tag":[157522,157515],"class_list":{"0":"post-4379957","1":"product","2":"type-product","3":"status-publish","4":"has-post-thumbnail","6":"product_brand-brandp_533","7":"product_cat-electronique-telephonie-et-tablettes","8":"product_cat-informatique-electronique","9":"product_cat-tablettes","10":"product_tag-tag_547","11":"product_tag-tag_1295","13":"first","14":"instock","15":"taxable","16":"shipping-taxable","17":"purchasable","18":"product-type-simple"},"yoast_head":"<!-- This site is optimized with the Yoast SEO plugin v27.2 - https:\/\/yoast.com\/product\/yoast-seo-wordpress\/ -->\n<title>Tablette Apple MCNL4TY\/A 13&quot; Octa Core 8 GB RAM 128 GB Pourpre - Tupique<\/title>\n<meta name=\"description\" content=\"Vous cherchez Tablette Apple MCNL4TY\/A 13&quot; Octa Core 8 GB RAM 128 GB Pourpre ? Achetez des produits chez Tupique. Profitez de la livraison gratuite pour obtenir Tablette Apple MCNL4TY\/A 13&quot; Octa Core 8 GB RAM 128 GB Pourpre d\u00e8s maintenant.\" \/>\n<meta name=\"robots\" content=\"index, follow, max-snippet:-1, max-image-preview:large, max-video-preview:-1\" \/>\n<link rel=\"canonical\" href=\"https:\/\/tupique.com\/en\/product\/tablette-apple-mcnl4ty-a-13-octa-core-8-gb-ram-128-gb-pourpre\/\" \/>\n<meta property=\"og:locale\" content=\"en_GB\" \/>\n<meta property=\"og:type\" content=\"article\" \/>\n<meta property=\"og:title\" content=\"Tablette Apple MCNL4TY\/A 13&quot; Octa Core 8 GB RAM 128 GB Pourpre - Tupique\" \/>\n<meta property=\"og:description\" content=\"Vous cherchez Tablette Apple MCNL4TY\/A 13&quot; Octa Core 8 GB RAM 128 GB Pourpre ? Achetez des produits chez Tupique. Profitez de la livraison gratuite pour obtenir Tablette Apple MCNL4TY\/A 13&quot; Octa Core 8 GB RAM 128 GB Pourpre d\u00e8s maintenant.\" \/>\n<meta property=\"og:url\" content=\"https:\/\/tupique.com\/en\/product\/tablette-apple-mcnl4ty-a-13-octa-core-8-gb-ram-128-gb-pourpre\/\" \/>\n<meta property=\"og:site_name\" content=\"Tupique\" \/>\n<meta name=\"twitter:card\" content=\"summary_large_image\" \/>\n<meta name=\"twitter:label1\" content=\"Estimated reading time\" \/>\n\t<meta name=\"twitter:data1\" content=\"2 minutes\" \/>\n<script type=\"application\/ld+json\" class=\"yoast-schema-graph\">{\"@context\":\"https:\/\/schema.org\",\"@graph\":[{\"@type\":\"WebPage\",\"@id\":\"https:\/\/tupique.com\/produit\/tablette-apple-mcnl4ty-a-13-octa-core-8-gb-ram-128-gb-pourpre\/\",\"url\":\"https:\/\/tupique.com\/produit\/tablette-apple-mcnl4ty-a-13-octa-core-8-gb-ram-128-gb-pourpre\/\",\"name\":\"Tablette Apple MCNL4TY\/A 13\\\" Octa Core 8 GB RAM 128 GB Pourpre - Tupique\",\"isPartOf\":{\"@id\":\"https:\/\/tupique.com\/#website\"},\"primaryImageOfPage\":{\"@id\":\"https:\/\/tupique.com\/produit\/tablette-apple-mcnl4ty-a-13-octa-core-8-gb-ram-128-gb-pourpre\/#primaryimage\"},\"image\":{\"@id\":\"https:\/\/tupique.com\/produit\/tablette-apple-mcnl4ty-a-13-octa-core-8-gb-ram-128-gb-pourpre\/#primaryimage\"},\"thumbnailUrl\":\"https:\/\/tupique.com\/wp-content\/uploads\/2026\/04\/0195949976117_S71014813_P01.jpg\",\"datePublished\":\"2026-04-05T08:03:37+00:00\",\"description\":\"Vous cherchez Tablette Apple MCNL4TY\/A 13\\\" Octa Core 8 GB RAM 128 GB Pourpre ? Achetez des produits chez Tupique. Profitez de la livraison gratuite pour obtenir Tablette Apple MCNL4TY\/A 13\\\" Octa Core 8 GB RAM 128 GB Pourpre d\u00e8s maintenant.\",\"breadcrumb\":{\"@id\":\"https:\/\/tupique.com\/produit\/tablette-apple-mcnl4ty-a-13-octa-core-8-gb-ram-128-gb-pourpre\/#breadcrumb\"},\"inLanguage\":\"en-GB\",\"potentialAction\":[{\"@type\":\"ReadAction\",\"target\":[\"https:\/\/tupique.com\/produit\/tablette-apple-mcnl4ty-a-13-octa-core-8-gb-ram-128-gb-pourpre\/\"]}]},{\"@type\":\"ImageObject\",\"inLanguage\":\"en-GB\",\"@id\":\"https:\/\/tupique.com\/produit\/tablette-apple-mcnl4ty-a-13-octa-core-8-gb-ram-128-gb-pourpre\/#primaryimage\",\"url\":\"https:\/\/tupique.com\/wp-content\/uploads\/2026\/04\/0195949976117_S71014813_P01.jpg\",\"contentUrl\":\"https:\/\/tupique.com\/wp-content\/uploads\/2026\/04\/0195949976117_S71014813_P01.jpg\",\"width\":1200,\"height\":1200,\"caption\":\"M0806191_0\"},{\"@type\":\"BreadcrumbList\",\"@id\":\"https:\/\/tupique.com\/produit\/tablette-apple-mcnl4ty-a-13-octa-core-8-gb-ram-128-gb-pourpre\/#breadcrumb\",\"itemListElement\":[{\"@type\":\"ListItem\",\"position\":1,\"name\":\"In\u00edcio\",\"item\":\"https:\/\/tupique.com\/\"},{\"@type\":\"ListItem\",\"position\":2,\"name\":\"Boutique\",\"item\":\"https:\/\/tupique.com\/en\/boutique\/\"},{\"@type\":\"ListItem\",\"position\":3,\"name\":\"Tablette Apple MCNL4TY\/A 13&#8243; Octa Core 8 GB RAM 128 GB Pourpre\"}]},{\"@type\":\"WebSite\",\"@id\":\"https:\/\/tupique.com\/#website\",\"url\":\"https:\/\/tupique.com\/\",\"name\":\"Tupique\",\"description\":\"Marketplace\",\"publisher\":{\"@id\":\"https:\/\/tupique.com\/#organization\"},\"potentialAction\":[{\"@type\":\"SearchAction\",\"target\":{\"@type\":\"EntryPoint\",\"urlTemplate\":\"https:\/\/tupique.com\/?s={search_term_string}\"},\"query-input\":{\"@type\":\"PropertyValueSpecification\",\"valueRequired\":true,\"valueName\":\"search_term_string\"}}],\"inLanguage\":\"en-GB\"},{\"@type\":\"Organization\",\"@id\":\"https:\/\/tupique.com\/#organization\",\"name\":\"Tupique\",\"url\":\"https:\/\/tupique.com\/\",\"logo\":{\"@type\":\"ImageObject\",\"inLanguage\":\"en-GB\",\"@id\":\"https:\/\/tupique.com\/#\/schema\/logo\/image\/\",\"url\":\"https:\/\/tupique.com\/wp-content\/uploads\/2024\/09\/logo.png\",\"contentUrl\":\"https:\/\/tupique.com\/wp-content\/uploads\/2024\/09\/logo.png\",\"width\":1118,\"height\":310,\"caption\":\"Tupique\"},\"image\":{\"@id\":\"https:\/\/tupique.com\/#\/schema\/logo\/image\/\"}}]}<\/script>\n<!-- \/ Yoast SEO plugin. -->","yoast_head_json":{"title":"Tablette Apple MCNL4TY\/A 13\" Octa Core 8 GB RAM 128 GB Pourpre - Tupique","description":"Vous cherchez Tablette Apple MCNL4TY\/A 13\" Octa Core 8 GB RAM 128 GB Pourpre ? Achetez des produits chez Tupique. Profitez de la livraison gratuite pour obtenir Tablette Apple MCNL4TY\/A 13\" Octa Core 8 GB RAM 128 GB Pourpre d\u00e8s maintenant.","robots":{"index":"index","follow":"follow","max-snippet":"max-snippet:-1","max-image-preview":"max-image-preview:large","max-video-preview":"max-video-preview:-1"},"canonical":"https:\/\/tupique.com\/en\/product\/tablette-apple-mcnl4ty-a-13-octa-core-8-gb-ram-128-gb-pourpre\/","og_locale":"en_GB","og_type":"article","og_title":"Tablette Apple MCNL4TY\/A 13\" Octa Core 8 GB RAM 128 GB Pourpre - Tupique","og_description":"Vous cherchez Tablette Apple MCNL4TY\/A 13\" Octa Core 8 GB RAM 128 GB Pourpre ? Achetez des produits chez Tupique. Profitez de la livraison gratuite pour obtenir Tablette Apple MCNL4TY\/A 13\" Octa Core 8 GB RAM 128 GB Pourpre d\u00e8s maintenant.","og_url":"https:\/\/tupique.com\/en\/product\/tablette-apple-mcnl4ty-a-13-octa-core-8-gb-ram-128-gb-pourpre\/","og_site_name":"Tupique","twitter_card":"summary_large_image","twitter_misc":{"Estimated reading time":"2 minutes"},"schema":{"@context":"https:\/\/schema.org","@graph":[{"@type":"WebPage","@id":"https:\/\/tupique.com\/produit\/tablette-apple-mcnl4ty-a-13-octa-core-8-gb-ram-128-gb-pourpre\/","url":"https:\/\/tupique.com\/produit\/tablette-apple-mcnl4ty-a-13-octa-core-8-gb-ram-128-gb-pourpre\/","name":"Tablette Apple MCNL4TY\/A 13\" Octa Core 8 GB RAM 128 GB Pourpre - Tupique","isPartOf":{"@id":"https:\/\/tupique.com\/#website"},"primaryImageOfPage":{"@id":"https:\/\/tupique.com\/produit\/tablette-apple-mcnl4ty-a-13-octa-core-8-gb-ram-128-gb-pourpre\/#primaryimage"},"image":{"@id":"https:\/\/tupique.com\/produit\/tablette-apple-mcnl4ty-a-13-octa-core-8-gb-ram-128-gb-pourpre\/#primaryimage"},"thumbnailUrl":"https:\/\/tupique.com\/wp-content\/uploads\/2026\/04\/0195949976117_S71014813_P01.jpg","datePublished":"2026-04-05T08:03:37+00:00","description":"Vous cherchez Tablette Apple MCNL4TY\/A 13\" Octa Core 8 GB RAM 128 GB Pourpre ? Achetez des produits chez Tupique. Profitez de la livraison gratuite pour obtenir Tablette Apple MCNL4TY\/A 13\" Octa Core 8 GB RAM 128 GB Pourpre d\u00e8s maintenant.","breadcrumb":{"@id":"https:\/\/tupique.com\/produit\/tablette-apple-mcnl4ty-a-13-octa-core-8-gb-ram-128-gb-pourpre\/#breadcrumb"},"inLanguage":"en-GB","potentialAction":[{"@type":"ReadAction","target":["https:\/\/tupique.com\/produit\/tablette-apple-mcnl4ty-a-13-octa-core-8-gb-ram-128-gb-pourpre\/"]}]},{"@type":"ImageObject","inLanguage":"en-GB","@id":"https:\/\/tupique.com\/produit\/tablette-apple-mcnl4ty-a-13-octa-core-8-gb-ram-128-gb-pourpre\/#primaryimage","url":"https:\/\/tupique.com\/wp-content\/uploads\/2026\/04\/0195949976117_S71014813_P01.jpg","contentUrl":"https:\/\/tupique.com\/wp-content\/uploads\/2026\/04\/0195949976117_S71014813_P01.jpg","width":1200,"height":1200,"caption":"M0806191_0"},{"@type":"BreadcrumbList","@id":"https:\/\/tupique.com\/produit\/tablette-apple-mcnl4ty-a-13-octa-core-8-gb-ram-128-gb-pourpre\/#breadcrumb","itemListElement":[{"@type":"ListItem","position":1,"name":"In\u00edcio","item":"https:\/\/tupique.com\/"},{"@type":"ListItem","position":2,"name":"Boutique","item":"https:\/\/tupique.com\/en\/boutique\/"},{"@type":"ListItem","position":3,"name":"Tablette Apple MCNL4TY\/A 13&#8243; Octa Core 8 GB RAM 128 GB Pourpre"}]},{"@type":"WebSite","@id":"https:\/\/tupique.com\/#website","url":"https:\/\/tupique.com\/","name":"Tupique","description":"Marketplace","publisher":{"@id":"https:\/\/tupique.com\/#organization"},"potentialAction":[{"@type":"SearchAction","target":{"@type":"EntryPoint","urlTemplate":"https:\/\/tupique.com\/?s={search_term_string}"},"query-input":{"@type":"PropertyValueSpecification","valueRequired":true,"valueName":"search_term_string"}}],"inLanguage":"en-GB"},{"@type":"Organization","@id":"https:\/\/tupique.com\/#organization","name":"Tupique","url":"https:\/\/tupique.com\/","logo":{"@type":"ImageObject","inLanguage":"en-GB","@id":"https:\/\/tupique.com\/#\/schema\/logo\/image\/","url":"https:\/\/tupique.com\/wp-content\/uploads\/2024\/09\/logo.png","contentUrl":"https:\/\/tupique.com\/wp-content\/uploads\/2024\/09\/logo.png","width":1118,"height":310,"caption":"Tupique"},"image":{"@id":"https:\/\/tupique.com\/#\/schema\/logo\/image\/"}}]}},"jetpack_sharing_enabled":true,"_links":{"self":[{"href":"https:\/\/tupique.com\/en\/wp-json\/wp\/v2\/product\/4379957","targetHints":{"allow":["GET"]}}],"collection":[{"href":"https:\/\/tupique.com\/en\/wp-json\/wp\/v2\/product"}],"about":[{"href":"https:\/\/tupique.com\/en\/wp-json\/wp\/v2\/types\/product"}],"replies":[{"embeddable":true,"href":"https:\/\/tupique.com\/en\/wp-json\/wp\/v2\/comments?post=4379957"}],"wp:featuredmedia":[{"embeddable":true,"href":"https:\/\/tupique.com\/en\/wp-json\/wp\/v2\/media\/4379935"}],"wp:attachment":[{"href":"https:\/\/tupique.com\/en\/wp-json\/wp\/v2\/media?parent=4379957"}],"wp:term":[{"taxonomy":"product_brand","embeddable":true,"href":"https:\/\/tupique.com\/en\/wp-json\/wp\/v2\/product_brand?post=4379957"},{"taxonomy":"product_cat","embeddable":true,"href":"https:\/\/tupique.com\/en\/wp-json\/wp\/v2\/product_cat?post=4379957"},{"taxonomy":"product_tag","embeddable":true,"href":"https:\/\/tupique.com\/en\/wp-json\/wp\/v2\/product_tag?post=4379957"}],"curies":[{"name":"wp","href":"https:\/\/api.w.org\/{rel}","templated":true}]}}