{"id":4380383,"date":"2026-04-05T11:02:46","date_gmt":"2026-04-05T10:02:46","guid":{"rendered":"https:\/\/tupique.com\/produit\/smartphone-samsung-galaxy-z-flip3-5g-f711b-67-octa-core-8-gb-ram-128-gb-champagne\/"},"modified":"2026-04-05T12:55:24","modified_gmt":"2026-04-05T11:55:24","slug":"smartphone-samsung-galaxy-z-flip3-5g-f711b-67-octa-core-8-gb-ram-128-gb-champagne","status":"publish","type":"product","link":"https:\/\/tupique.com\/en\/product\/smartphone-samsung-galaxy-z-flip3-5g-f711b-67-octa-core-8-gb-ram-128-gb-champagne\/","title":{"rendered":"Smartphone Samsung Galaxy Z Flip3 5G F711B 6,7&#8243; Octa Core 8 GB RAM 128 GB Champagne"},"content":{"rendered":"<p>If you are passionate about\u2019<b>computer science and electronics<\/b>, If you're at the cutting edge of technology and don't want to miss a thing, buy <b>Smartphone Samsung Galaxy Z Flip3 5G F711B 6,7&#8243; Octa Core 8 GB RAM 128 GB Champagne<\/b> at the best price.<\/p>\n<ul>\n<li>Diagonale de l&#8217;\u00e9cran (cm): 17 cm<\/li>\n<li>Plug-in product: Yes<\/li>\n<li>Type:\n<ul>\n<li>Smartphone<\/li>\n<li>D\u00e9clenchement de l&#8217;appareil photo<\/li>\n<li>LPDDR5<\/li>\n<\/ul>\n<\/li>\n<li>Socket type: EU socket<\/li>\n<li>Bloc d\u2019Alimentation: r\u00e9seau \u00e9lectrique<\/li>\n<li>Indice de r\u00e9parabilit\u00e9: 7.6<\/li>\n<li>Capacit\u00e9 de la batterie: 3300 mAh<\/li>\n<li>Ecran: 6,7&#8243;<\/li>\n<li>Operating system:\n<ul>\n<li>Android<\/li>\n<li>Android 11<\/li>\n<\/ul>\n<\/li>\n<li>puissance: 15 W<\/li>\n<li>Connectivity:\n<ul>\n<li>NFC<\/li>\n<li>Bluetooth<\/li>\n<li>Wi-Fi<\/li>\n<li>BeiDou<\/li>\n<li>5G<\/li>\n<li>Bluetooth 5.1<\/li>\n<li>Bluetooth Low Energy<\/li>\n<li>LTE<\/li>\n<\/ul>\n<\/li>\n<li>Camera:\n<ul>\n<li>12 mpx<\/li>\n<li>Dual<\/li>\n<li>12 MP<\/li>\n<li>Frontal<\/li>\n<li>10 Mp<\/li>\n<\/ul>\n<\/li>\n<li>Connections:\n<ul>\n<li>USB-C<\/li>\n<li>USB<\/li>\n<li>USB OTG<\/li>\n<li>SIM<\/li>\n<\/ul>\n<\/li>\n<li>Processor:\n<ul>\n<li>Octa Core<\/li>\n<li>QUALCOMM SNAPDRAGON 888<\/li>\n<\/ul>\n<\/li>\n<li>RAM memory: 8 GB RAM<\/li>\n<li>M\u00e9moire interne: 128 GB<\/li>\n<li>Colour:\n<ul>\n<li>Champagne<\/li>\n<li>Cr\u00e8me<\/li>\n<\/ul>\n<\/li>\n<li>Material: Aluminium<\/li>\n<li>Features:\n<ul>\n<li>GPS<\/li>\n<li>Barometer<\/li>\n<li>Touch screen<\/li>\n<li>Ambient light sensor<\/li>\n<li>Chargement sans fil<\/li>\n<li>MMS<\/li>\n<li>HDR<\/li>\n<li>Activation vocale<\/li>\n<li>Installation guide included<\/li>\n<li>Google Play<\/li>\n<li>Chargement rapide et fiable<\/li>\n<li>SMS<\/li>\n<li>Chargeur sans fil<\/li>\n<li>Syst\u00e8me de reconnaissance faciale<\/li>\n<li>Image stabiliser<\/li>\n<li>Fingerprint reader<\/li>\n<li>Capteur g\u00e9omagn\u00e9tique<\/li>\n<li>Capteur de proximit\u00e9<\/li>\n<li>Gorilla Glass<\/li>\n<li>Screen with rounded corners<\/li>\n<li>\u00c9cran plat<\/li>\n<\/ul>\n<\/li>\n<li>Functions:\n<ul>\n<li>D\u00e9clencheur<\/li>\n<li>ECO<\/li>\n<li>Vibration<\/li>\n<\/ul>\n<\/li>\n<li>Zoom Num\u00e9rique: 10x<\/li>\n<li>Aperture: F\/1.8<\/li>\n<li>Technology:\n<ul>\n<li>LED<\/li>\n<li>Mime<\/li>\n<li>Glonass<\/li>\n<li>OLED<\/li>\n<li>Capacitive<\/li>\n<\/ul>\n<\/li>\n<li>Capteurs:\n<ul>\n<li>Accelerometer<\/li>\n<li>Gyroscope<\/li>\n<li>Magn\u00e9tom\u00e8tre<\/li>\n<\/ul>\n<\/li>\n<li>Inclut: Haut-parleur<\/li>\n<li>Not included: AC adapter<\/li>\n<li>Fr\u00e9quence: 120 Hz<\/li>\n<li>Noyaux: 8 Noyaux<\/li>\n<li>vitesse: 2.84 GHz<\/li>\n<li>Famille de processeurs: Qualcomm Snapdragon<\/li>\n<li>Classification IP: IPX8<\/li>\n<\/ul>","protected":false},"excerpt":{"rendered":"<p>Si vous \u00eates passionn\u00e9 d&#8217;informatique et d&#8217;\u00e9lectronique, si vous \u00eates \u00e0 la pointe de la technologie et qu&#8217;aucun d\u00e9tail ne<\/p>","protected":false},"featured_media":4380379,"comment_status":"open","ping_status":"closed","template":"","meta":{"_joinchat":[]},"product_brand":[157883],"product_cat":[157523,157516,157524],"product_tag":[157514,157522,157515],"class_list":{"0":"post-4380383","1":"product","2":"type-product","3":"status-publish","4":"has-post-thumbnail","6":"product_brand-brandp_576","7":"product_cat-electronique-telephonie-et-tablettes","8":"product_cat-informatique-electronique","9":"product_cat-telephones-portables","10":"product_tag-tag_933","11":"product_tag-tag_547","12":"product_tag-tag_1295","14":"first","15":"instock","16":"taxable","17":"shipping-taxable","18":"purchasable","19":"product-type-simple"},"yoast_head":"<!-- This site is optimized with the Yoast SEO plugin v27.2 - https:\/\/yoast.com\/product\/yoast-seo-wordpress\/ -->\n<title>Smartphone Samsung Galaxy Z Flip3 5G F711B 6,7&quot; Octa Core 8 GB RAM 128 GB Champagne - Tupique<\/title>\n<meta name=\"description\" content=\"Vous cherchez Smartphone Samsung Galaxy Z Flip3 5G F711B 6,7&quot; Octa Core 8 GB RAM 128 GB Champagne ? Achetez des produits chez Tupique. Profitez de la livraison gratuite pour obtenir Smartphone Samsung Galaxy Z Flip3 5G F711B 6,7&quot; Octa Core 8 GB RAM 128 GB Champagne d\u00e8s maintenant.\" \/>\n<meta name=\"robots\" content=\"index, follow, max-snippet:-1, max-image-preview:large, max-video-preview:-1\" \/>\n<link rel=\"canonical\" href=\"https:\/\/tupique.com\/en\/product\/smartphone-samsung-galaxy-z-flip3-5g-f711b-67-octa-core-8-gb-ram-128-gb-champagne\/\" \/>\n<meta property=\"og:locale\" content=\"en_GB\" \/>\n<meta property=\"og:type\" content=\"article\" \/>\n<meta property=\"og:title\" content=\"Smartphone Samsung Galaxy Z Flip3 5G F711B 6,7&quot; Octa Core 8 GB RAM 128 GB Champagne - Tupique\" \/>\n<meta property=\"og:description\" content=\"Vous cherchez Smartphone Samsung Galaxy Z Flip3 5G F711B 6,7&quot; Octa Core 8 GB RAM 128 GB Champagne ? Achetez des produits chez Tupique. Profitez de la livraison gratuite pour obtenir Smartphone Samsung Galaxy Z Flip3 5G F711B 6,7&quot; Octa Core 8 GB RAM 128 GB Champagne d\u00e8s maintenant.\" \/>\n<meta property=\"og:url\" content=\"https:\/\/tupique.com\/en\/product\/smartphone-samsung-galaxy-z-flip3-5g-f711b-67-octa-core-8-gb-ram-128-gb-champagne\/\" \/>\n<meta property=\"og:site_name\" content=\"Tupique\" \/>\n<meta property=\"article:modified_time\" content=\"2026-04-05T11:55:24+00:00\" \/>\n<meta property=\"og:image\" content=\"https:\/\/tupique.com\/wp-content\/uploads\/2026\/04\/8806092564534_M0803488_P00.jpg\" \/>\n\t<meta property=\"og:image:width\" content=\"1200\" \/>\n\t<meta property=\"og:image:height\" content=\"1200\" \/>\n\t<meta property=\"og:image:type\" content=\"image\/jpeg\" \/>\n<meta name=\"twitter:card\" content=\"summary_large_image\" \/>\n<meta name=\"twitter:label1\" content=\"Estimated reading time\" \/>\n\t<meta name=\"twitter:data1\" content=\"1 minute\" \/>\n<script type=\"application\/ld+json\" class=\"yoast-schema-graph\">{\"@context\":\"https:\/\/schema.org\",\"@graph\":[{\"@type\":\"WebPage\",\"@id\":\"https:\/\/tupique.com\/produit\/smartphone-samsung-galaxy-z-flip3-5g-f711b-67-octa-core-8-gb-ram-128-gb-champagne\/\",\"url\":\"https:\/\/tupique.com\/produit\/smartphone-samsung-galaxy-z-flip3-5g-f711b-67-octa-core-8-gb-ram-128-gb-champagne\/\",\"name\":\"Smartphone Samsung Galaxy Z Flip3 5G F711B 6,7\\\" Octa Core 8 GB RAM 128 GB Champagne - Tupique\",\"isPartOf\":{\"@id\":\"https:\/\/tupique.com\/#website\"},\"primaryImageOfPage\":{\"@id\":\"https:\/\/tupique.com\/produit\/smartphone-samsung-galaxy-z-flip3-5g-f711b-67-octa-core-8-gb-ram-128-gb-champagne\/#primaryimage\"},\"image\":{\"@id\":\"https:\/\/tupique.com\/produit\/smartphone-samsung-galaxy-z-flip3-5g-f711b-67-octa-core-8-gb-ram-128-gb-champagne\/#primaryimage\"},\"thumbnailUrl\":\"https:\/\/tupique.com\/wp-content\/uploads\/2026\/04\/8806092564534_M0803488_P00.jpg\",\"datePublished\":\"2026-04-05T10:02:46+00:00\",\"dateModified\":\"2026-04-05T11:55:24+00:00\",\"description\":\"Vous cherchez Smartphone Samsung Galaxy Z Flip3 5G F711B 6,7\\\" Octa Core 8 GB RAM 128 GB Champagne ? Achetez des produits chez Tupique. Profitez de la livraison gratuite pour obtenir Smartphone Samsung Galaxy Z Flip3 5G F711B 6,7\\\" Octa Core 8 GB RAM 128 GB Champagne d\u00e8s maintenant.\",\"breadcrumb\":{\"@id\":\"https:\/\/tupique.com\/produit\/smartphone-samsung-galaxy-z-flip3-5g-f711b-67-octa-core-8-gb-ram-128-gb-champagne\/#breadcrumb\"},\"inLanguage\":\"en-GB\",\"potentialAction\":[{\"@type\":\"ReadAction\",\"target\":[\"https:\/\/tupique.com\/produit\/smartphone-samsung-galaxy-z-flip3-5g-f711b-67-octa-core-8-gb-ram-128-gb-champagne\/\"]}]},{\"@type\":\"ImageObject\",\"inLanguage\":\"en-GB\",\"@id\":\"https:\/\/tupique.com\/produit\/smartphone-samsung-galaxy-z-flip3-5g-f711b-67-octa-core-8-gb-ram-128-gb-champagne\/#primaryimage\",\"url\":\"https:\/\/tupique.com\/wp-content\/uploads\/2026\/04\/8806092564534_M0803488_P00.jpg\",\"contentUrl\":\"https:\/\/tupique.com\/wp-content\/uploads\/2026\/04\/8806092564534_M0803488_P00.jpg\",\"width\":1200,\"height\":1200,\"caption\":\"M0803488_0\"},{\"@type\":\"BreadcrumbList\",\"@id\":\"https:\/\/tupique.com\/produit\/smartphone-samsung-galaxy-z-flip3-5g-f711b-67-octa-core-8-gb-ram-128-gb-champagne\/#breadcrumb\",\"itemListElement\":[{\"@type\":\"ListItem\",\"position\":1,\"name\":\"In\u00edcio\",\"item\":\"https:\/\/tupique.com\/\"},{\"@type\":\"ListItem\",\"position\":2,\"name\":\"Boutique\",\"item\":\"https:\/\/tupique.com\/en\/boutique\/\"},{\"@type\":\"ListItem\",\"position\":3,\"name\":\"Smartphone Samsung Galaxy Z Flip3 5G F711B 6,7&#8243; Octa Core 8 GB RAM 128 GB Champagne\"}]},{\"@type\":\"WebSite\",\"@id\":\"https:\/\/tupique.com\/#website\",\"url\":\"https:\/\/tupique.com\/\",\"name\":\"Tupique\",\"description\":\"Marketplace\",\"publisher\":{\"@id\":\"https:\/\/tupique.com\/#organization\"},\"potentialAction\":[{\"@type\":\"SearchAction\",\"target\":{\"@type\":\"EntryPoint\",\"urlTemplate\":\"https:\/\/tupique.com\/?s={search_term_string}\"},\"query-input\":{\"@type\":\"PropertyValueSpecification\",\"valueRequired\":true,\"valueName\":\"search_term_string\"}}],\"inLanguage\":\"en-GB\"},{\"@type\":\"Organization\",\"@id\":\"https:\/\/tupique.com\/#organization\",\"name\":\"Tupique\",\"url\":\"https:\/\/tupique.com\/\",\"logo\":{\"@type\":\"ImageObject\",\"inLanguage\":\"en-GB\",\"@id\":\"https:\/\/tupique.com\/#\/schema\/logo\/image\/\",\"url\":\"https:\/\/tupique.com\/wp-content\/uploads\/2024\/09\/logo.png\",\"contentUrl\":\"https:\/\/tupique.com\/wp-content\/uploads\/2024\/09\/logo.png\",\"width\":1118,\"height\":310,\"caption\":\"Tupique\"},\"image\":{\"@id\":\"https:\/\/tupique.com\/#\/schema\/logo\/image\/\"}}]}<\/script>\n<!-- \/ Yoast SEO plugin. -->","yoast_head_json":{"title":"Smartphone Samsung Galaxy Z Flip3 5G F711B 6,7\" Octa Core 8 GB RAM 128 GB Champagne - Tupique","description":"Vous cherchez Smartphone Samsung Galaxy Z Flip3 5G F711B 6,7\" Octa Core 8 GB RAM 128 GB Champagne ? Achetez des produits chez Tupique. Profitez de la livraison gratuite pour obtenir Smartphone Samsung Galaxy Z Flip3 5G F711B 6,7\" Octa Core 8 GB RAM 128 GB Champagne d\u00e8s maintenant.","robots":{"index":"index","follow":"follow","max-snippet":"max-snippet:-1","max-image-preview":"max-image-preview:large","max-video-preview":"max-video-preview:-1"},"canonical":"https:\/\/tupique.com\/en\/product\/smartphone-samsung-galaxy-z-flip3-5g-f711b-67-octa-core-8-gb-ram-128-gb-champagne\/","og_locale":"en_GB","og_type":"article","og_title":"Smartphone Samsung Galaxy Z Flip3 5G F711B 6,7\" Octa Core 8 GB RAM 128 GB Champagne - Tupique","og_description":"Vous cherchez Smartphone Samsung Galaxy Z Flip3 5G F711B 6,7\" Octa Core 8 GB RAM 128 GB Champagne ? Achetez des produits chez Tupique. Profitez de la livraison gratuite pour obtenir Smartphone Samsung Galaxy Z Flip3 5G F711B 6,7\" Octa Core 8 GB RAM 128 GB Champagne d\u00e8s maintenant.","og_url":"https:\/\/tupique.com\/en\/product\/smartphone-samsung-galaxy-z-flip3-5g-f711b-67-octa-core-8-gb-ram-128-gb-champagne\/","og_site_name":"Tupique","article_modified_time":"2026-04-05T11:55:24+00:00","og_image":[{"width":1200,"height":1200,"url":"https:\/\/tupique.com\/wp-content\/uploads\/2026\/04\/8806092564534_M0803488_P00.jpg","type":"image\/jpeg"}],"twitter_card":"summary_large_image","twitter_misc":{"Estimated reading time":"1 minute"},"schema":{"@context":"https:\/\/schema.org","@graph":[{"@type":"WebPage","@id":"https:\/\/tupique.com\/produit\/smartphone-samsung-galaxy-z-flip3-5g-f711b-67-octa-core-8-gb-ram-128-gb-champagne\/","url":"https:\/\/tupique.com\/produit\/smartphone-samsung-galaxy-z-flip3-5g-f711b-67-octa-core-8-gb-ram-128-gb-champagne\/","name":"Smartphone Samsung Galaxy Z Flip3 5G F711B 6,7\" Octa Core 8 GB RAM 128 GB Champagne - Tupique","isPartOf":{"@id":"https:\/\/tupique.com\/#website"},"primaryImageOfPage":{"@id":"https:\/\/tupique.com\/produit\/smartphone-samsung-galaxy-z-flip3-5g-f711b-67-octa-core-8-gb-ram-128-gb-champagne\/#primaryimage"},"image":{"@id":"https:\/\/tupique.com\/produit\/smartphone-samsung-galaxy-z-flip3-5g-f711b-67-octa-core-8-gb-ram-128-gb-champagne\/#primaryimage"},"thumbnailUrl":"https:\/\/tupique.com\/wp-content\/uploads\/2026\/04\/8806092564534_M0803488_P00.jpg","datePublished":"2026-04-05T10:02:46+00:00","dateModified":"2026-04-05T11:55:24+00:00","description":"Vous cherchez Smartphone Samsung Galaxy Z Flip3 5G F711B 6,7\" Octa Core 8 GB RAM 128 GB Champagne ? Achetez des produits chez Tupique. Profitez de la livraison gratuite pour obtenir Smartphone Samsung Galaxy Z Flip3 5G F711B 6,7\" Octa Core 8 GB RAM 128 GB Champagne d\u00e8s maintenant.","breadcrumb":{"@id":"https:\/\/tupique.com\/produit\/smartphone-samsung-galaxy-z-flip3-5g-f711b-67-octa-core-8-gb-ram-128-gb-champagne\/#breadcrumb"},"inLanguage":"en-GB","potentialAction":[{"@type":"ReadAction","target":["https:\/\/tupique.com\/produit\/smartphone-samsung-galaxy-z-flip3-5g-f711b-67-octa-core-8-gb-ram-128-gb-champagne\/"]}]},{"@type":"ImageObject","inLanguage":"en-GB","@id":"https:\/\/tupique.com\/produit\/smartphone-samsung-galaxy-z-flip3-5g-f711b-67-octa-core-8-gb-ram-128-gb-champagne\/#primaryimage","url":"https:\/\/tupique.com\/wp-content\/uploads\/2026\/04\/8806092564534_M0803488_P00.jpg","contentUrl":"https:\/\/tupique.com\/wp-content\/uploads\/2026\/04\/8806092564534_M0803488_P00.jpg","width":1200,"height":1200,"caption":"M0803488_0"},{"@type":"BreadcrumbList","@id":"https:\/\/tupique.com\/produit\/smartphone-samsung-galaxy-z-flip3-5g-f711b-67-octa-core-8-gb-ram-128-gb-champagne\/#breadcrumb","itemListElement":[{"@type":"ListItem","position":1,"name":"In\u00edcio","item":"https:\/\/tupique.com\/"},{"@type":"ListItem","position":2,"name":"Boutique","item":"https:\/\/tupique.com\/en\/boutique\/"},{"@type":"ListItem","position":3,"name":"Smartphone Samsung Galaxy Z Flip3 5G F711B 6,7&#8243; Octa Core 8 GB RAM 128 GB Champagne"}]},{"@type":"WebSite","@id":"https:\/\/tupique.com\/#website","url":"https:\/\/tupique.com\/","name":"Tupique","description":"Marketplace","publisher":{"@id":"https:\/\/tupique.com\/#organization"},"potentialAction":[{"@type":"SearchAction","target":{"@type":"EntryPoint","urlTemplate":"https:\/\/tupique.com\/?s={search_term_string}"},"query-input":{"@type":"PropertyValueSpecification","valueRequired":true,"valueName":"search_term_string"}}],"inLanguage":"en-GB"},{"@type":"Organization","@id":"https:\/\/tupique.com\/#organization","name":"Tupique","url":"https:\/\/tupique.com\/","logo":{"@type":"ImageObject","inLanguage":"en-GB","@id":"https:\/\/tupique.com\/#\/schema\/logo\/image\/","url":"https:\/\/tupique.com\/wp-content\/uploads\/2024\/09\/logo.png","contentUrl":"https:\/\/tupique.com\/wp-content\/uploads\/2024\/09\/logo.png","width":1118,"height":310,"caption":"Tupique"},"image":{"@id":"https:\/\/tupique.com\/#\/schema\/logo\/image\/"}}]}},"jetpack_sharing_enabled":true,"_links":{"self":[{"href":"https:\/\/tupique.com\/en\/wp-json\/wp\/v2\/product\/4380383","targetHints":{"allow":["GET"]}}],"collection":[{"href":"https:\/\/tupique.com\/en\/wp-json\/wp\/v2\/product"}],"about":[{"href":"https:\/\/tupique.com\/en\/wp-json\/wp\/v2\/types\/product"}],"replies":[{"embeddable":true,"href":"https:\/\/tupique.com\/en\/wp-json\/wp\/v2\/comments?post=4380383"}],"wp:featuredmedia":[{"embeddable":true,"href":"https:\/\/tupique.com\/en\/wp-json\/wp\/v2\/media\/4380379"}],"wp:attachment":[{"href":"https:\/\/tupique.com\/en\/wp-json\/wp\/v2\/media?parent=4380383"}],"wp:term":[{"taxonomy":"product_brand","embeddable":true,"href":"https:\/\/tupique.com\/en\/wp-json\/wp\/v2\/product_brand?post=4380383"},{"taxonomy":"product_cat","embeddable":true,"href":"https:\/\/tupique.com\/en\/wp-json\/wp\/v2\/product_cat?post=4380383"},{"taxonomy":"product_tag","embeddable":true,"href":"https:\/\/tupique.com\/en\/wp-json\/wp\/v2\/product_tag?post=4380383"}],"curies":[{"name":"wp","href":"https:\/\/api.w.org\/{rel}","templated":true}]}}